{"id":3689,"date":"2026-01-20T10:26:03","date_gmt":"2026-01-20T02:26:03","guid":{"rendered":"https:\/\/www.tairuiauto.com\/?post_type=product&#038;p=3689"},"modified":"2026-01-27T10:52:34","modified_gmt":"2026-01-27T02:52:34","slug":"passenger-electric-tricycle","status":"publish","type":"product","link":"https:\/\/www.tairuiauto.com\/pt\/product\/passenger-electric-tricycle\/","title":{"rendered":"Ve\u00edculo el\u00e9trico de minipassageiros para uso da cidade"},"content":{"rendered":"<h2 style=\"padding-left: 40px;\" data-start=\"420\" data-end=\"439\">Vista geral dos produtos<\/h2>\n<p style=\"padding-left: 40px;\" data-start=\"441\" data-end=\"732\">O <strong data-start=\"445\" data-end=\"493\">Ve\u00edculo el\u00e9trico de minipassageiros para uso da cidade<\/strong> apresenta uma pequena pegada e uma estrutura mec\u00e2nica simples, tornando-a ideal para estradas urbanas congestionadas, comunidades residenciais e viagens di\u00e1rias de curta dist\u00e2ncia. Seu design eficiente em energia assegura baixos custos de funcionamento e manuten\u00e7\u00e3o f\u00e1cil.<\/p>\n<table style=\"border-collapse: collapse; width: 60.1113%; margin-left: 40px;\" border=\"0\" width=\"720\" cellspacing=\"0\" cellpadding=\"0\">\n<tbody style=\"padding-left: 40px;\">\n<tr style=\"height: 20pt; padding-left: 40px;\">\n<td class=\"et5\" style=\"height: 20pt; width: 39.2734%; padding-left: 40px;\" width=\"265\" height=\"33\">Modelo<\/td>\n<td class=\"et6\" style=\"width: 78.1404%; padding-left: 40px;\" width=\"455\">Ve\u00edculo el\u00e9trico de minipassageiros para uso da cidade<\/td>\n<\/tr>\n<tr style=\"height: 20pt; padding-left: 40px;\">\n<td class=\"et7\" style=\"height: 20pt; width: 39.2734%; padding-left: 40px;\" width=\"265\" height=\"33\">Dim(mm) global<\/td>\n<td class=\"et7\" style=\"width: 78.1404%; padding-left: 40px;\" width=\"455\">1547*801*1077<\/td>\n<\/tr>\n<tr style=\"height: 20pt; padding-left: 40px;\">\n<td class=\"et7\" style=\"height: 20pt; width: 39.2734%; padding-left: 40px;\" width=\"265\" height=\"33\">Garfo frontal<\/td>\n<td class=\"et7\" style=\"width: 78.1404%; padding-left: 40px;\" width=\"455\">chocante hidr\u00e1ulico f27<\/td>\n<\/tr>\n<tr style=\"height: 20pt; padding-left: 40px;\">\n<td class=\"et7\" style=\"height: 20pt; width: 39.2734%; padding-left: 40px;\" width=\"265\" height=\"33\">Motor<\/td>\n<td class=\"et7\" style=\"width: 78.1404%; padding-left: 40px;\" width=\"455\">60V1000W<\/td>\n<\/tr>\n<tr style=\"height: 20pt; padding-left: 40px;\">\n<td class=\"et7\" style=\"height: 20pt; width: 39.2734%; padding-left: 40px;\" width=\"265\" height=\"33\">Controlador<\/td>\n<td class=\"et7\" style=\"width: 78.1404%; padding-left: 40px;\" width=\"455\">60V 18tubos<\/td>\n<\/tr>\n<tr style=\"height: 20pt; padding-left: 40px;\">\n<td class=\"et7\" style=\"height: 20pt; width: 39.2734%; padding-left: 40px;\" width=\"265\" height=\"33\">pneu anterior\/posterior<\/td>\n<td class=\"et7\" style=\"width: 78.1404%; padding-left: 40px;\" width=\"455\">3,0-10 pneus sem tubos<\/td>\n<\/tr>\n<tr style=\"height: 20pt; padding-left: 40px;\">\n<td class=\"et7\" style=\"height: 20pt; width: 39.2734%; padding-left: 40px;\" width=\"265\" height=\"33\">Rim<\/td>\n<td class=\"et7\" style=\"width: 78.1404%; padding-left: 40px;\" width=\"455\">Hub de liga de alum\u00ednio<\/td>\n<\/tr>\n<tr style=\"height: 20pt; padding-left: 40px;\">\n<td class=\"et7\" style=\"height: 20pt; width: 39.2734%; padding-left: 40px;\" width=\"265\" height=\"33\">Sistema de trav\u00e3o<\/td>\n<td class=\"et7\" style=\"width: 78.1404%; padding-left: 40px;\" width=\"455\">frente: disco \/ traseiro:tambor<\/td>\n<\/tr>\n<tr style=\"height: 20pt; padding-left: 40px;\">\n<td class=\"et7\" style=\"height: 20pt; width: 39.2734%; padding-left: 40px;\" width=\"265\" height=\"33\">Tempo de carga(H)<\/td>\n<td class=\"et7\" style=\"width: 78.1404%; padding-left: 40px;\" width=\"455\">6-8<\/td>\n<\/tr>\n<tr style=\"height: 20pt; padding-left: 40px;\">\n<td class=\"et7\" style=\"height: 20pt; width: 39.2734%; padding-left: 40px;\" width=\"265\" height=\"33\">Rango por carga\/km<\/td>\n<td class=\"et7\" style=\"width: 78.1404%; padding-left: 40px;\" width=\"455\">40-60<\/td>\n<\/tr>\n<tr style=\"height: 20pt; padding-left: 40px;\">\n<td class=\"et7\" style=\"height: 20pt; width: 39.2734%; padding-left: 40px;\" width=\"265\" height=\"33\">Grau de subida (%)<\/td>\n<td class=\"et7\" style=\"width: 78.1404%; padding-left: 40px;\" width=\"455\">\u226525<\/td>\n<\/tr>\n<tr style=\"height: 20pt; padding-left: 40px;\">\n<td class=\"et7\" style=\"height: 20pt; width: 39.2734%; padding-left: 40px;\" width=\"265\" height=\"33\">Bateria<\/td>\n<td class=\"et7\" style=\"width: 78.1404%; padding-left: 40px;\" width=\"455\">bateria de \u00e1cido de chumbo 60V20AH<\/td>\n<\/tr>\n<tr style=\"height: 20pt; padding-left: 40px;\">\n<td class=\"et7\" style=\"height: 20pt; width: 39.2734%; padding-left: 40px;\" width=\"265\" height=\"33\">Velocidade m\u00e1xima (km\/h)<\/td>\n<td class=\"et7\" style=\"width: 78.1404%; padding-left: 40px;\" width=\"455\">25 km\/h<\/td>\n<\/tr>\n<tr style=\"height: 20pt; padding-left: 40px;\">\n<td class=\"et7\" style=\"height: 20pt; width: 39.2734%; padding-left: 40px;\" width=\"265\" height=\"33\">Capacidade de contentor<\/td>\n<td class=\"et7\" style=\"width: 78.1404%; padding-left: 40px;\" width=\"455\">99 PCS SKD\/40&#8217; HQ<\/td>\n<\/tr>\n<tr style=\"height: 20pt; padding-left: 40px;\">\n<td class=\"et7\" style=\"height: 20pt; width: 39.2734%; padding-left: 40px;\" width=\"265\" height=\"33\">Certificado<\/td>\n<td class=\"et7\" style=\"width: 78.1404%; padding-left: 40px;\" width=\"455\">CEE \/ COC \/ L2e-P<\/td>\n<\/tr>\n<\/tbody>\n<\/table>\n<hr style=\"padding-left: 40px;\" data-start=\"734\" data-end=\"737\" \/>\n<h2 style=\"padding-left: 40px;\" data-start=\"739\" data-end=\"761\">Descri\u00e7\u00e3o do produto<\/h2>\n<h3 style=\"padding-left: 40px;\" data-start=\"763\" data-end=\"785\">Categoria de produtos<\/h3>\n<p style=\"padding-left: 40px;\" data-start=\"786\" data-end=\"869\">Ve\u00edculo el\u00e9trico de minipassageiros \/ Ve\u00edculo urbano de mobilidade el\u00e9trica \/ Compact City EV<\/p>\n<h3 style=\"padding-left: 40px;\" data-start=\"871\" data-end=\"896\">Descri\u00e7\u00e3o do produto<\/h3>\n<p style=\"padding-left: 40px;\" data-start=\"898\" data-end=\"1193\">O <strong data-start=\"902\" data-end=\"950\">Ve\u00edculo el\u00e9trico de minipassageiros para uso da cidade<\/strong> adota uma dimens\u00e3o global compact a de <strong data-start=\"989\" data-end=\"1013\">1547 \u00d7 801 \u00d7 1077 mm<\/strong>permitindo manevrabilidade f\u00e1cil em ruas estreitas e ambientes urbanos densos. Seu design corporal ligeiro melhora a estabilidade de condu\u00e7\u00e3o e a efici\u00eancia energ\u00e9tica durante viagens di\u00e1rias.<\/p>\n<p style=\"padding-left: 40px;\" data-start=\"1195\" data-end=\"1579\">O ve\u00edculo \u00e9 alimentado por um <strong data-start=\"1223\" data-end=\"1251\">Motor el\u00e9trico 60V 1000W<\/strong>, parejado com um <strong data-start=\"1267\" data-end=\"1293\">Controlador de 18 tubos 60V<\/strong>, assegurando sa\u00edda est\u00e1vel de energia e acelera\u00e7\u00e3o suave para condi\u00e7\u00f5es de viagem na cidade. A <strong data-start=\"1378\" data-end=\"1408\">bateria de \u00e1cido de chumbo 60V 20Ah<\/strong> fornece um <strong data-start=\"1420\" data-end=\"1460\">a dist\u00e2ncia de condu\u00e7\u00e3o de 40-60 km por carga<\/strong>dependendo das condi\u00e7\u00f5es rodovi\u00e1rias e da carga. O tempo de carga \u00e9 aproximadamente <strong data-start=\"1532\" data-end=\"1545\">6-8 horas<\/strong>, adequado para carregar durante a noite.<\/p>\n<p style=\"padding-left: 40px;\" data-start=\"1195\" data-end=\"1579\">\u00a0 \u00a0 \u00a0 \u00a0 \u00a0 \u00a0 \u00a0 \u00a0 \u00a0 \u00a0 \u00a0 \u00a0 \u00a0 \u00a0<img fetchpriority=\"high\" decoding=\"async\" class=\"size-medium wp-image-5349 alignnone\" src=\"https:\/\/www.tairuiauto.com\/wp-content\/uploads\/2026\/01\/3-300x300.webp\" alt=\"\" width=\"300\" height=\"300\" srcset=\"https:\/\/www.tairuiauto.com\/wp-content\/uploads\/2026\/01\/3-300x300.webp 300w, https:\/\/www.tairuiauto.com\/wp-content\/uploads\/2026\/01\/3-150x150.webp 150w, https:\/\/www.tairuiauto.com\/wp-content\/uploads\/2026\/01\/3-12x12.webp 12w, https:\/\/www.tairuiauto.com\/wp-content\/uploads\/2026\/01\/3-600x600.webp 600w, https:\/\/www.tairuiauto.com\/wp-content\/uploads\/2026\/01\/3-100x100.webp 100w, https:\/\/www.tairuiauto.com\/wp-content\/uploads\/2026\/01\/3.webp 750w\" sizes=\"(max-width: 300px) 100vw, 300px\" \/> <img decoding=\"async\" class=\"size-medium wp-image-5348 alignnone\" src=\"https:\/\/www.tairuiauto.com\/wp-content\/uploads\/2026\/01\/2-1-300x300.jpg\" alt=\"\" width=\"300\" height=\"300\" srcset=\"https:\/\/www.tairuiauto.com\/wp-content\/uploads\/2026\/01\/2-1-300x300.jpg 300w, https:\/\/www.tairuiauto.com\/wp-content\/uploads\/2026\/01\/2-1-1024x1024.jpg 1024w, https:\/\/www.tairuiauto.com\/wp-content\/uploads\/2026\/01\/2-1-150x150.jpg 150w, https:\/\/www.tairuiauto.com\/wp-content\/uploads\/2026\/01\/2-1-768x768.jpg 768w, https:\/\/www.tairuiauto.com\/wp-content\/uploads\/2026\/01\/2-1-1536x1536.jpg 1536w, https:\/\/www.tairuiauto.com\/wp-content\/uploads\/2026\/01\/2-1-2048x2048.jpg 2048w, https:\/\/www.tairuiauto.com\/wp-content\/uploads\/2026\/01\/2-1-12x12.jpg 12w, https:\/\/www.tairuiauto.com\/wp-content\/uploads\/2026\/01\/2-1-600x600.jpg 600w, https:\/\/www.tairuiauto.com\/wp-content\/uploads\/2026\/01\/2-1-100x100.jpg 100w\" sizes=\"(max-width: 300px) 100vw, 300px\" \/><\/p>\n<p style=\"padding-left: 40px;\" data-start=\"1581\" data-end=\"1886\">Para conduzir conforto e adaptabilidade rodovi\u00e1ria, a suspens\u00e3o frontal est\u00e1 equipada com um <strong data-start=\"1663\" data-end=\"1695\">\u03c627 absortor de choque hidr\u00e1ulico<\/strong>, reduzindo efetivamente a vibra\u00e7\u00e3o em estradas urbanas desiguais. O ve\u00edculo usa <strong data-start=\"1768\" data-end=\"1793\">3,0-10 pneus sem tubos<\/strong> combinados com <strong data-start=\"1808\" data-end=\"1831\">centros de liga de alum\u00ednio<\/strong>oferecendo boa durabilidade, seguran\u00e7a e estabilidade de cabe\u00e7a.<\/p>\n<p style=\"padding-left: 40px;\" data-start=\"1888\" data-end=\"2191\">O sistema de travagem consiste em um <strong data-start=\"1921\" data-end=\"1961\">freno de disco frente e freno de tambor traseiro<\/strong>fornecendo um desempenho de paragem confi\u00e1vel e melhoria da seguran\u00e7a. Com um <strong data-start=\"2031\" data-end=\"2059\">capacidade de subir \u2265 25%<\/strong> e um <strong data-start=\"2066\" data-end=\"2090\">velocidade m\u00e1xima de 25 km\/h<\/strong>o ve\u00edculo proporciona desempenho equilibrado para a mobilidade urbana enquanto cumpre as regras locais de velocidade.<\/p>\n<p style=\"padding-left: 40px;\" data-start=\"2193\" data-end=\"2436\">Dese\u00f1ado para mercados de exporta\u00e7\u00e3o, o ve\u00edculo apoia <strong data-start=\"2243\" data-end=\"2260\">embalagem SKD<\/strong>, com um <strong data-start=\"2269\" data-end=\"2312\">capacidade de recipientes de 99 unidades por 40HQ<\/strong>\u00c9 conforme com <strong data-start=\"2331\" data-end=\"2366\">Certifica\u00e7\u00e3o CEE \/ COC \/ L2e-P<\/strong>tornando-a adequada para uso legal de estradas em muitos mercados internacionais.<\/p>\n<hr style=\"padding-left: 40px;\" data-start=\"2438\" data-end=\"2441\" \/>\n<h2 style=\"padding-left: 40px;\" data-start=\"2443\" data-end=\"2471\">Caracter\u00edsticas-chave e - Avantagens<\/h2>\n<h3 style=\"padding-left: 40px;\" data-start=\"2473\" data-end=\"2487\">Caracter\u00edsticas<\/h3>\n<ul>\n<li style=\"list-style-type: none;\">\n<ul data-start=\"2488\" data-end=\"2716\">\n<li data-start=\"2488\" data-end=\"2537\">\n<p data-start=\"2490\" data-end=\"2537\">Design compacto e ligeiro de passageiros da cidade<\/p>\n<\/li>\n<li data-start=\"2538\" data-end=\"2589\">\n<p data-start=\"2540\" data-end=\"2589\">Motor el\u00e9trico 60V 1000W com controlador est\u00e1vel<\/p>\n<\/li>\n<li data-start=\"2590\" data-end=\"2633\">\n<p data-start=\"2592\" data-end=\"2633\">Disco anterior e sistema de travagem de tambor posterior<\/p>\n<\/li>\n<li data-start=\"2634\" data-end=\"2677\">\n<p data-start=\"2636\" data-end=\"2677\">pneus sem tubos com centros de liga de alum\u00ednio<\/p>\n<\/li>\n<li data-start=\"2678\" data-end=\"2716\">\n<p data-start=\"2680\" data-end=\"2716\">Sistema eficiente de bateria de \u00e1cido plomo<\/p>\n<\/li>\n<\/ul>\n<\/li>\n<\/ul>\n<h3 style=\"padding-left: 40px;\" data-start=\"2718\" data-end=\"2734\">Avantagens<\/h3>\n<ul>\n<li style=\"list-style-type: none;\">\n<ul data-start=\"2735\" data-end=\"2918\">\n<li data-start=\"2735\" data-end=\"2778\">\n<p data-start=\"2737\" data-end=\"2778\">Man\u00e9vros f\u00e1ceis em \u00e1reas urbanas cheias<\/p>\n<\/li>\n<li data-start=\"2779\" data-end=\"2824\">\n<p data-start=\"2781\" data-end=\"2824\">Baixo consumo de energia e custo operacional<\/p>\n<\/li>\n<li data-start=\"2825\" data-end=\"2866\">\n<p data-start=\"2827\" data-end=\"2866\">Estrutura simples para manuten\u00e7\u00e3o f\u00e1cil<\/p>\n<\/li>\n<li data-start=\"2867\" data-end=\"2918\">\n<p data-start=\"2869\" data-end=\"2918\">Perfeito est\u00e1vel para viajar de curta dist\u00e2ncia<\/p>\n<\/li>\n<\/ul>\n<\/li>\n<\/ul>\n<h3 style=\"padding-left: 40px;\" data-start=\"2920\" data-end=\"2940\">Benef\u00edcios do comprador<\/h3>\n<ul>\n<li style=\"list-style-type: none;\">\n<ul data-start=\"2941\" data-end=\"3124\">\n<li data-start=\"2941\" data-end=\"2991\">\n<p data-start=\"2943\" data-end=\"2991\">Ideal para viagens cotidianas e viagens curtas<\/p>\n<\/li>\n<li data-start=\"2992\" data-end=\"3033\">\n<p data-start=\"2994\" data-end=\"3033\">Redu\u00e7\u00e3o das despesas de combust\u00edvel e manuten\u00e7\u00e3o<\/p>\n<\/li>\n<li data-start=\"3034\" data-end=\"3075\">\n<p data-start=\"3036\" data-end=\"3075\">Adequado para exporta\u00e7\u00e3o e env\u00edo em massa<\/p>\n<\/li>\n<li data-start=\"3076\" data-end=\"3124\">\n<p data-start=\"3078\" data-end=\"3124\">Certificado para m\u00faltiplos mercados internacionais<\/p>\n<\/li>\n<\/ul>\n<\/li>\n<\/ul>\n<h3 style=\"padding-left: 40px;\" data-start=\"3126\" data-end=\"3140\">Provas<\/h3>\n<ul>\n<li style=\"list-style-type: none;\">\n<ul data-start=\"3141\" data-end=\"3281\">\n<li data-start=\"3141\" data-end=\"3185\">\n<p data-start=\"3143\" data-end=\"3185\">Configura\u00e7\u00e3o de comboio el\u00e9trico maturo<\/p>\n<\/li>\n<li data-start=\"3186\" data-end=\"3233\">\n<p data-start=\"3188\" data-end=\"3233\">Certificado nos padr\u00f5es CEE \/ COC \/ L2e-P<\/p>\n<\/li>\n<li data-start=\"3234\" data-end=\"3281\">\n<p data-start=\"3236\" data-end=\"3281\">Design provado de suspens\u00e3o e sistema de travagem<\/p>\n<\/li>\n<\/ul>\n<\/li>\n<\/ul>\n<hr style=\"padding-left: 40px;\" data-start=\"3283\" data-end=\"3286\" \/>\n<h2 style=\"padding-left: 40px;\" data-start=\"3288\" data-end=\"3312\">Escen\u00e1rios de aplica\u00e7\u00f5es<\/h2>\n<ul>\n<li style=\"list-style-type: none;\">\n<ul data-start=\"3314\" data-end=\"3478\">\n<li data-start=\"3314\" data-end=\"3348\">\n<p data-start=\"3316\" data-end=\"3348\">Viagens urbanas de curta dist\u00e2ncia<\/p>\n<\/li>\n<li data-start=\"3349\" data-end=\"3389\">\n<p data-start=\"3351\" data-end=\"3389\">Transporte comunit\u00e1rio residencial<\/p>\n<\/li>\n<li data-start=\"3390\" data-end=\"3418\">\n<p data-start=\"3392\" data-end=\"3418\">Mobilidade campus e parques<\/p>\n<\/li>\n<li data-start=\"3419\" data-end=\"3444\">\n<p data-start=\"3421\" data-end=\"3444\">Viagens pessoais diarias<\/p>\n<\/li>\n<li data-start=\"3445\" data-end=\"3478\">\n<p data-start=\"3447\" data-end=\"3478\">Projetos de mobilidade compartilhados na cidade<\/p>\n<\/li>\n<\/ul>\n<\/li>\n<\/ul>\n<hr style=\"padding-left: 40px;\" data-start=\"3480\" data-end=\"3483\" \/>\n<h2 style=\"padding-left: 40px;\" data-start=\"3485\" data-end=\"3535\">Por que escolher este ve\u00edculo el\u00e9trico de passageiros<\/h2>\n<p style=\"padding-left: 40px;\" data-start=\"3537\" data-end=\"3819\">O <strong data-start=\"3541\" data-end=\"3589\">Ve\u00edculo el\u00e9trico de minipassageiros para uso da cidade<\/strong> combina dimens\u00f5es compactas, desempenho el\u00e9trico confi\u00e1vel e certifica\u00e7\u00e3o internacional. \u00c9 uma escolha ideal para distribuidores e usu\u00e1rios finais buscando uma solu\u00e7\u00e3o ecol\u00f3gica e ecol\u00f3gica para o transporte urbano de passageiros.<\/p>\n<hr style=\"padding-left: 40px;\" data-start=\"3821\" data-end=\"3824\" \/>\n<h2 style=\"padding-left: 40px;\" data-start=\"3826\" data-end=\"3849\">embalagem e - Entrega<\/h2>\n<ul>\n<li style=\"list-style-type: none;\">\n<ul data-start=\"3851\" data-end=\"4029\">\n<li data-start=\"3851\" data-end=\"3891\">\n<p data-start=\"3853\" data-end=\"3891\"><strong data-start=\"3853\" data-end=\"3871\">Certifica\u00e7\u00e3o:<\/strong> CEE \/ COC \/ L2e-P<\/p>\n<\/li>\n<li data-start=\"3892\" data-end=\"3937\">\n<p data-start=\"3894\" data-end=\"3937\"><strong data-start=\"3894\" data-end=\"3917\">Capacidade de Contenedor:<\/strong> 99 PCS SKD \/ 40HQ<\/p>\n<\/li>\n<li data-start=\"3938\" data-end=\"3985\">\n<p data-start=\"3940\" data-end=\"3985\"><strong data-start=\"3940\" data-end=\"3959\">M\u00e9todo de embalagem:<\/strong> Embalagem de exporta\u00e7\u00e3o padr\u00e3o<\/p>\n<\/li>\n<li data-start=\"3986\" data-end=\"4029\">\n<p data-start=\"3988\" data-end=\"4029\"><strong data-start=\"3988\" data-end=\"4006\">Formula\u00e7\u00e3o de entrega:<\/strong> SKD \/ CKD (opcional)<\/p>\n<\/li>\n<\/ul>\n<\/li>\n<\/ul>\n<hr style=\"padding-left: 40px;\" data-start=\"4031\" data-end=\"4034\" \/>\n<h2 style=\"padding-left: 40px;\" data-start=\"4036\" data-end=\"4042\">FAQ<\/h2>\n<p style=\"padding-left: 40px;\" data-start=\"4044\" data-end=\"4202\"><strong data-start=\"4044\" data-end=\"4097\">Q1: Qual \u00e9 o intervalo m\u00e1ximo de condu\u00e7\u00e3o por carga?<\/strong><br data-start=\"4097\" data-end=\"4100\" \/>O ve\u00edculo oferece uma gama de <strong data-start=\"4130\" data-end=\"4142\">40-60 km<\/strong> por carga, dependendo das condi\u00e7\u00f5es rodovi\u00e1rias e dos h\u00e1bitos de viagem.<\/p>\n<p style=\"padding-left: 40px;\" data-start=\"4204\" data-end=\"4348\"><strong data-start=\"4204\" data-end=\"4255\">Q2: Que tipo de bateria este ve\u00edculo usa?<\/strong><br data-start=\"4255\" data-end=\"4258\" \/>Ela usa um <strong data-start=\"4268\" data-end=\"4298\">bateria de \u00e1cido de chumbo 60V 20Ah<\/strong>, fornecendo desempenho est\u00e1vel e rentavelmente eficaz.<\/p>\n<p style=\"padding-left: 40px;\" data-start=\"4350\" data-end=\"4482\"><strong data-start=\"4350\" data-end=\"4399\">Q3: Este ve\u00edculo \u00e9 adequado para estradas urbanas?<\/strong><br data-start=\"4399\" data-end=\"4402\" \/>Sim. Seu tamanho compacto e velocidade m\u00e1xima controlada tornam-no ideal para viajar na cidade.<\/p>\n<p style=\"padding-left: 40px;\" data-start=\"4484\" data-end=\"4624\"><strong data-start=\"4484\" data-end=\"4533\">Q4: Que certifica\u00e7\u00f5es tem esse modelo?<\/strong><br data-start=\"4533\" data-end=\"4536\" \/>O ve\u00edculo \u00e9 certificado com <strong data-start=\"4566\" data-end=\"4587\">CEE \/ COC \/ L2e-P<\/strong>permitindo uso legal em muitos mercados.<\/p>\n<p style=\"padding-left: 40px;\" data-start=\"4626\" data-end=\"4732\"><strong data-start=\"4626\" data-end=\"4661\">Q5: Como o ve\u00edculo \u00e9 enviado?<\/strong><br data-start=\"4661\" data-end=\"4664\" \/>\u00c9 enviado <strong data-start=\"4681\" data-end=\"4693\">Forma SKD<\/strong>, com <strong data-start=\"4700\" data-end=\"4731\">99 unidades por recipiente de 40HQ<\/strong>.<\/p>","protected":false},"excerpt":{"rendered":"<p>O <strong data-start=\"131\" data-end=\"179\">Ve\u00edculo el\u00e9trico de minipassageiros para uso da cidade<\/strong> \u00e9 uma solu\u00e7\u00e3o compact a de mobilidade el\u00e9trica projetada para viagens urbanas de curta dist\u00e2ncia. Com uma estrutura ligeira, um comboio el\u00e9trico eficiente e um sistema de travagem est\u00e1vel, ele oferece transporte seguro e econ\u00f4mico para os usu\u00e1rios da cidade.<\/p>","protected":false},"featured_media":5347,"comment_status":"open","ping_status":"closed","template":"","meta":[],"product_brand":[],"product_cat":[78],"product_tag":[],"class_list":{"0":"post-3689","1":"product","2":"type-product","3":"status-publish","4":"has-post-thumbnail","6":"product_cat-electric-tricycle","8":"first","9":"instock","10":"shipping-taxable","11":"product-type-simple"},"_links":{"self":[{"href":"https:\/\/www.tairuiauto.com\/pt\/wp-json\/wp\/v2\/product\/3689","targetHints":{"allow":["GET"]}}],"collection":[{"href":"https:\/\/www.tairuiauto.com\/pt\/wp-json\/wp\/v2\/product"}],"about":[{"href":"https:\/\/www.tairuiauto.com\/pt\/wp-json\/wp\/v2\/types\/product"}],"replies":[{"embeddable":true,"href":"https:\/\/www.tairuiauto.com\/pt\/wp-json\/wp\/v2\/comments?post=3689"}],"wp:featuredmedia":[{"embeddable":true,"href":"https:\/\/www.tairuiauto.com\/pt\/wp-json\/wp\/v2\/media\/5347"}],"wp:attachment":[{"href":"https:\/\/www.tairuiauto.com\/pt\/wp-json\/wp\/v2\/media?parent=3689"}],"wp:term":[{"taxonomy":"product_brand","embeddable":true,"href":"https:\/\/www.tairuiauto.com\/pt\/wp-json\/wp\/v2\/product_brand?post=3689"},{"taxonomy":"product_cat","embeddable":true,"href":"https:\/\/www.tairuiauto.com\/pt\/wp-json\/wp\/v2\/product_cat?post=3689"},{"taxonomy":"product_tag","embeddable":true,"href":"https:\/\/www.tairuiauto.com\/pt\/wp-json\/wp\/v2\/product_tag?post=3689"}],"curies":[{"name":"wp","href":"https:\/\/api.w.org\/{rel}","templated":true}]}}