{"id":3697,"date":"2025-09-15T10:06:38","date_gmt":"2025-09-15T02:06:38","guid":{"rendered":"https:\/\/www.tairuiauto.com\/?post_type=product&#038;p=3697"},"modified":"2025-09-15T10:06:38","modified_gmt":"2025-09-15T02:06:38","slug":"electric-tricycle-for-passengers","status":"publish","type":"product","link":"https:\/\/www.tairuiauto.com\/pt\/product\/electric-tricycle-for-passengers\/","title":{"rendered":"Triciclo el\u00e9trico para passageiros"},"content":{"rendered":"<h2 data-start=\"929\" data-end=\"974\">Estrutura forte e Dimens\u00f5es Compactas<\/h2>\n<p data-start=\"975\" data-end=\"1363\">Com um tamanho global de <strong data-start=\"999\" data-end=\"1019\">1547\u00d7801\u00d71077 mm<\/strong>o triciclo mant\u00e9m uma pegada compact a que torna f\u00e1cil manobrar atrav\u00e9s de ruas ocupadas da cidade, ao mesmo tempo que ainda proporciona lugares confort\u00e1veis para dois passageiros. Para grossistas, essa combina\u00e7\u00e3o de pequenas dimens\u00f5es e design funcional assegura um amplo apelo ao cliente, de usu\u00e1rios individuais da fam\u00edlia a operadores de servi\u00e7os de transporte em pequena escala.<\/p>\n<h2 data-start=\"975\" data-end=\"1363\">Par\u00e2metros<\/h2>\n<table style=\"border-collapse: collapse; width: 84.7101%; height: 440px;\" border=\"0\" width=\"720\" cellspacing=\"0\" cellpadding=\"0\">\n<tbody>\n<tr style=\"height: 20.00pt;\">\n<td class=\"et5\" style=\"height: 20.00pt; width: 432.45pt;\" colspan=\"2\" width=\"720\" height=\"33\">Configura\u00e7\u00e3o padr\u00e3o<\/td>\n<\/tr>\n<tr style=\"height: 20.00pt;\">\n<td class=\"et5\" style=\"height: 20.00pt;\" height=\"33\">Modelo<\/td>\n<td class=\"et7\"><a href=\"#\u76ee\u5f55!A1\">P102<\/a><\/td>\n<\/tr>\n<tr style=\"height: 20.00pt;\">\n<td class=\"et6\" style=\"height: 20.00pt; width: 159.05pt;\" width=\"265\" height=\"33\">Dim(mm) global<\/td>\n<td class=\"et6\" style=\"width: 273.40pt;\" width=\"455\">2285*975*1048<\/td>\n<\/tr>\n<tr style=\"height: 20.00pt;\">\n<td class=\"et6\" style=\"height: 20.00pt; width: 159.05pt;\" width=\"265\" height=\"33\">Garfo frontal<\/td>\n<td class=\"et6\" style=\"width: 273.40pt;\" width=\"455\">\u044431 chocante hidr\u00e1ulico<\/td>\n<\/tr>\n<tr style=\"height: 20.00pt;\">\n<td class=\"et6\" style=\"height: 20.00pt; width: 159.05pt;\" width=\"265\" height=\"33\">Motor<\/td>\n<td class=\"et6\" style=\"width: 273.40pt;\" width=\"455\">60V1000W<\/td>\n<\/tr>\n<tr style=\"height: 20.00pt;\">\n<td class=\"et6\" style=\"height: 20.00pt; width: 159.05pt;\" width=\"265\" height=\"33\">Controlador<\/td>\n<td class=\"et6\" style=\"width: 273.40pt;\" width=\"455\">60V 18tubos<\/td>\n<\/tr>\n<tr style=\"height: 20.00pt;\">\n<td class=\"et6\" style=\"height: 20.00pt; width: 159.05pt;\" width=\"265\" height=\"33\">pneu anterior\/posterior<\/td>\n<td class=\"et6\" style=\"width: 273.40pt;\" width=\"455\">3,0-10 pneus sem tubos<\/td>\n<\/tr>\n<tr style=\"height: 20.00pt;\">\n<td class=\"et6\" style=\"height: 20.00pt; width: 159.05pt;\" width=\"265\" height=\"33\">Rim<\/td>\n<td class=\"et6\" style=\"width: 273.40pt;\" width=\"455\">Hub de liga de alum\u00ednio<\/td>\n<\/tr>\n<tr style=\"height: 20.00pt;\">\n<td class=\"et6\" style=\"height: 20.00pt; width: 159.05pt;\" width=\"265\" height=\"33\">Sistema de trav\u00e3o<\/td>\n<td class=\"et6\" style=\"width: 273.40pt;\" width=\"455\">frente: disco \/ traseiro:tambor<\/td>\n<\/tr>\n<tr style=\"height: 20.00pt;\">\n<td class=\"et6\" style=\"height: 20.00pt; width: 159.05pt;\" width=\"265\" height=\"33\">Tempo de carga(H)<\/td>\n<td class=\"et6\" style=\"width: 273.40pt;\" width=\"455\">6-8<\/td>\n<\/tr>\n<tr style=\"height: 20.00pt;\">\n<td class=\"et6\" style=\"height: 20.00pt; width: 159.05pt;\" width=\"265\" height=\"33\">Rango por carga\/km<\/td>\n<td class=\"et6\" style=\"width: 273.40pt;\" width=\"455\">40-60<\/td>\n<\/tr>\n<tr style=\"height: 20.00pt;\">\n<td class=\"et6\" style=\"height: 20.00pt; width: 159.05pt;\" width=\"265\" height=\"33\">Grau de subida (%)<\/td>\n<td class=\"et6\" style=\"width: 273.40pt;\" width=\"455\">\u226525<\/td>\n<\/tr>\n<tr style=\"height: 20.00pt;\">\n<td class=\"et6\" style=\"height: 20.00pt; width: 159.05pt;\" width=\"265\" height=\"33\">Bateria<\/td>\n<td class=\"et6\" style=\"width: 273.40pt;\" width=\"455\">bateria de \u00e1cido de chumbo 60V20AH<\/td>\n<\/tr>\n<tr style=\"height: 20.00pt;\">\n<td class=\"et6\" style=\"height: 20.00pt; width: 159.05pt;\" width=\"265\" height=\"33\">Velocidade m\u00e1xima (km\/h)<\/td>\n<td class=\"et6\" style=\"width: 273.40pt;\" width=\"455\">25 km\/h<\/td>\n<\/tr>\n<tr style=\"height: 20.00pt;\">\n<td class=\"et6\" style=\"height: 20.00pt; width: 159.05pt;\" width=\"265\" height=\"33\">Capacidade de contentor<\/td>\n<td class=\"et6\" style=\"width: 273.40pt;\" width=\"455\">48 PCS SKD\/40&#8217; HQ<\/td>\n<\/tr>\n<tr style=\"height: 20.00pt;\">\n<td class=\"et6\" style=\"height: 20.00pt; width: 159.05pt;\" width=\"265\" height=\"33\">Certificado<\/td>\n<td class=\"et6\" style=\"width: 273.40pt;\" width=\"455\">CEE \/ COC \/ L2e-P<\/td>\n<\/tr>\n<\/tbody>\n<\/table>\n<h2 data-start=\"1365\" data-end=\"1402\">Efici\u00eancia motora e controlador<\/h2>\n<p data-start=\"1403\" data-end=\"1787\">Equipado com um <strong data-start=\"1419\" data-end=\"1437\">Motor 60V1000W<\/strong> e controlado por um <strong data-start=\"1458\" data-end=\"1484\">Controlador de 18 tubos 60V<\/strong>o ve\u00edculo fornece energia est\u00e1vel e funcionamento suave. Essa configura\u00e7\u00e3o assegura um desempenho consistente, seja usado para viagens curtas, miss\u00f5es di\u00e1rias ou servi\u00e7os de passageiros do bairro. Para compradores em massa, a estabilidade t\u00e9cnica reduz as quest\u00f5es de p\u00f3s-venda e garante a satisfa\u00e7\u00e3o do cliente.<\/p>\n<h2 data-start=\"1789\" data-end=\"1821\">Bateria e Range Fi\u00e1veis<\/h2>\n<p data-start=\"1822\" data-end=\"2225\">O <strong data-start=\"1826\" data-end=\"1855\">bateria de \u00e1cido de chumbo 60V20AH<\/strong> suporta uma dist\u00e2ncia de viagem de <strong data-start=\"1886\" data-end=\"1909\">40-60 km por carga<\/strong>com um tempo de carga de <strong data-start=\"1935\" data-end=\"1948\">6-8 horas<\/strong>Isso o torna adequado para uso di\u00e1rio de passageiros enquanto mant\u00e9m baixos custos operacionais. Os distribuidores por grosso podem promover confiadamente o triciclo como uma escolha econ\u00f4mica, pois o sistema de bateria \u00e9 provado lidar com ciclos freq\u00fcentes de carga sem perda significativa de desempenho.<\/p>\n<h2 data-start=\"2227\" data-end=\"2260\">Caracter\u00edsticas de seguran\u00e7a e conforto<\/h2>\n<p data-start=\"2261\" data-end=\"2743\">A seguran\u00e7a \u00e9 um dos pontos de venda mais fortes deste modelo. A frente <strong data-start=\"2332\" data-end=\"2364\">\u03c627 absortor de choque hidr\u00e1ulico<\/strong> proporciona manejo suave, enquanto <strong data-start=\"2401\" data-end=\"2426\">3,0-10 pneus sem tubos<\/strong> e <strong data-start=\"2431\" data-end=\"2454\">centros de liga de alum\u00ednio<\/strong> aumentar a durabilidade e a estabilidade rodovi\u00e1ria. O <strong data-start=\"2498\" data-end=\"2539\">disco frontal e sistema de trav\u00e3o de tambor traseiro<\/strong> assegura um freio eficaz em diferentes condi\u00e7\u00f5es de condu\u00e7\u00e3o, um fator essencial para a seguran\u00e7a dos passageiros. Esses detalhes de design fazem com que seja uma escolha confi\u00e1vel para estradas urbanas e caminhos rurais moderadamente desiguais.<\/p>\n<h2 data-start=\"2745\" data-end=\"2776\">Performance and Usability<\/h2>\n<p data-start=\"2777\" data-end=\"3141\">Com uma velocidade m\u00e1xima de <strong data-start=\"2801\" data-end=\"2812\">25 km\/h<\/strong>o tricicleta cumpre a maioria das regras de velocidade regionais para ve\u00edculos de passageiros. Sua capacidade de subir <strong data-start=\"2921\" data-end=\"2929\">\u226525%<\/strong> permite operar com confian\u00e7a em \u00e1reas com inclina\u00e7\u00f5es ou inclina\u00e7\u00f5es leves. Para os grossistas, isso significa que o produto \u00e9 adapt\u00e1vel em v\u00e1rias regi\u00f5es com terrenos diversos, expandindo ainda mais as oportunidades de mercado.<\/p>\n<h2 data-start=\"3143\" data-end=\"3182\">Avantagem grossista e log\u00edstica<\/h2>\n<p data-start=\"3183\" data-end=\"3518\">O ve\u00edculo tem uma capacidade de carga de recipientes de <strong data-start=\"3231\" data-end=\"3251\">99 PCS SKD\/40\u2019HQ<\/strong>oferecendo uma excelente efici\u00eancia de custo para encomendas em massa. Essa \u00e9 uma vantagem cr\u00edtica para os distribuidores que procuram otimizar a log\u00edstica e maximizar as margens de lucro. Ao proporcionar maior densidade unit \u00e1ria por env\u00edo, os compradores beneficiam de uma redu\u00e7\u00e3o das despesas de env\u00edo por tricicleta.<\/p>\n<h2 data-start=\"3520\" data-end=\"3561\">Certifica\u00e7\u00e3o e confian\u00e7a no mercado<\/h2>\n<p data-start=\"3562\" data-end=\"3884\">Certificado sob <strong data-start=\"3578\" data-end=\"3599\">CEE \/ COC \/ L2e-P<\/strong>o modelo cumpre os padr\u00f5es europeus e internacionais de qualidade e seguran\u00e7a. A certifica\u00e7\u00e3o \u00e9 um forte ponto de venda para os distribuidores, pois garante o cumprimento das regras globais e cria confian\u00e7a com os usu\u00e1rios finais. Isso reduz riscos legais ou operacionais potenciais nos mercados de exporta\u00e7\u00e3o.<\/p>\n<h2 data-start=\"3886\" data-end=\"3914\">Por que escolher este modelo?<\/h2>\n<ul data-start=\"3915\" data-end=\"4354\">\n<li data-start=\"3915\" data-end=\"3980\">\n<p data-start=\"3917\" data-end=\"3980\"><strong data-start=\"3917\" data-end=\"3941\">Constru\u00e7\u00e3o duradoura<\/strong> com um design de quadro compacto e forte<\/p>\n<\/li>\n<li data-start=\"3981\" data-end=\"4048\">\n<p data-start=\"3983\" data-end=\"4048\"><strong data-start=\"3983\" data-end=\"4017\">Motor e controlador eficientes<\/strong> para uma condu\u00e7\u00e3o suave e confi\u00e1vel<\/p>\n<\/li>\n<li data-start=\"4049\" data-end=\"4124\">\n<p data-start=\"4051\" data-end=\"4124\"><strong data-start=\"4051\" data-end=\"4076\">Sistema de bateria provado<\/strong> com intervalo pr\u00e1tico e ciclo r\u00e1pido de carga<\/p>\n<\/li>\n<li data-start=\"4125\" data-end=\"4212\">\n<p data-start=\"4127\" data-end=\"4212\"><strong data-start=\"4127\" data-end=\"4155\">Caracter\u00edsticas avan\u00e7adas de seguran\u00e7a<\/strong> incluindo suspens\u00e3o hidr\u00e1ulica e sistema de travagem duplo<\/p>\n<\/li>\n<li data-start=\"4213\" data-end=\"4282\">\n<p data-start=\"4215\" data-end=\"4282\"><strong data-start=\"4215\" data-end=\"4243\">Log\u00edstica econ\u00f4mica<\/strong> com alta capacidade de carga de recipientes<\/p>\n<\/li>\n<li data-start=\"4283\" data-end=\"4354\">\n<p data-start=\"4285\" data-end=\"4354\"><strong data-start=\"4285\" data-end=\"4322\">Certificado para vendas internacionais<\/strong>assegurando uma entrada suave no mercado<\/p>\n<\/li>\n<\/ul>\n<p data-start=\"4356\" data-end=\"4793\">O <strong data-start=\"4360\" data-end=\"4396\">tricicleta el\u00e9trica para passageiros<\/strong> destaca-se como uma escolha segura, eficiente e lucrativa para compradores em massa. Se promovido como <strong data-start=\"4491\" data-end=\"4540\">triciclo el\u00e9trico de alta qualidade para passageiros<\/strong>, oferecido por <strong data-start=\"4553\" data-end=\"4609\">tricicleta el\u00e9trica por grosso para fornecedores de passageiros<\/strong>ou comercializado como <strong data-start=\"4629\" data-end=\"4686\">tricicleta el\u00e9trica ecol\u00f3gica para ve\u00edculos de passageiros<\/strong>este modelo atende \u00e0s demandas modernas de transporte ao mesmo tempo que proporciona um forte valor empresarial aos distribuidores.<\/p>","protected":false},"excerpt":{"rendered":"<p>O <strong data-start=\"587\" data-end=\"623\">tricicleta el\u00e9trica para passageiros<\/strong> \u00e9 uma solu\u00e7\u00e3o vers\u00e1til, ecol\u00f3gica e pr\u00e1tica de mobilidade, ideal tanto para viagens urbanas como para transportes rurais. Designed with durability and efficiency in mind, this model is highly suitable for wholesale buyers who need reliable vehicles that combine performance, safety, and long-term value.<\/p>","protected":false},"featured_media":3699,"comment_status":"open","ping_status":"closed","template":"","meta":[],"product_brand":[],"product_cat":[78],"product_tag":[],"class_list":{"0":"post-3697","1":"product","2":"type-product","3":"status-publish","4":"has-post-thumbnail","6":"product_cat-electric-tricycle","8":"first","9":"instock","10":"shipping-taxable","11":"product-type-simple"},"_links":{"self":[{"href":"https:\/\/www.tairuiauto.com\/pt\/wp-json\/wp\/v2\/product\/3697","targetHints":{"allow":["GET"]}}],"collection":[{"href":"https:\/\/www.tairuiauto.com\/pt\/wp-json\/wp\/v2\/product"}],"about":[{"href":"https:\/\/www.tairuiauto.com\/pt\/wp-json\/wp\/v2\/types\/product"}],"replies":[{"embeddable":true,"href":"https:\/\/www.tairuiauto.com\/pt\/wp-json\/wp\/v2\/comments?post=3697"}],"wp:featuredmedia":[{"embeddable":true,"href":"https:\/\/www.tairuiauto.com\/pt\/wp-json\/wp\/v2\/media\/3699"}],"wp:attachment":[{"href":"https:\/\/www.tairuiauto.com\/pt\/wp-json\/wp\/v2\/media?parent=3697"}],"wp:term":[{"taxonomy":"product_brand","embeddable":true,"href":"https:\/\/www.tairuiauto.com\/pt\/wp-json\/wp\/v2\/product_brand?post=3697"},{"taxonomy":"product_cat","embeddable":true,"href":"https:\/\/www.tairuiauto.com\/pt\/wp-json\/wp\/v2\/product_cat?post=3697"},{"taxonomy":"product_tag","embeddable":true,"href":"https:\/\/www.tairuiauto.com\/pt\/wp-json\/wp\/v2\/product_tag?post=3697"}],"curies":[{"name":"wp","href":"https:\/\/api.w.org\/{rel}","templated":true}]}}