{"id":3708,"date":"2026-01-21T11:03:46","date_gmt":"2026-01-21T03:03:46","guid":{"rendered":"https:\/\/www.tairuiauto.com\/?post_type=product&#038;p=3708"},"modified":"2026-01-27T10:55:01","modified_gmt":"2026-01-27T02:55:01","slug":"eco-friendly-electric-tuk","status":"publish","type":"product","link":"https:\/\/www.tairuiauto.com\/pt\/product\/eco-friendly-electric-tuk\/","title":{"rendered":"Low Speed Electric City Tuk"},"content":{"rendered":"<h2 style=\"padding-left: 40px;\" data-start=\"430\" data-end=\"449\">Vista geral dos produtos<\/h2>\n<p style=\"padding-left: 40px;\" data-start=\"4030\" data-end=\"4444\">O <strong data-start=\"455\" data-end=\"486\">Low Speed Electric City Tuk<\/strong> apresenta um tamanho corporal compacto e uma estrutura mec\u00e2nica simples, tornando-o adequado para ruas estreitas, comunidades urbanas e ambientes de tr\u00e2nsito urbano de baixa velocidade. Seu sistema el\u00e9trico de condu\u00e7\u00e3o assegura funcionamento tranquilo, baixos custos de manuten\u00e7\u00e3o e desempenho ecol\u00f3gico.<\/p>\n<table style=\"border-collapse: collapse; width: 74.5521%; height: 482px; margin-left: 40px;\" border=\"0\" width=\"720\" cellspacing=\"0\" cellpadding=\"0\">\n<tbody style=\"padding-left: 40px;\">\n<tr style=\"height: 20pt; padding-left: 40px;\">\n<td class=\"et4\" style=\"height: 20pt; width: 159.05pt; padding-left: 40px;\" width=\"265\" height=\"33\">Modelo<\/td>\n<td class=\"et4\" style=\"width: 273.4pt; padding-left: 40px;\" width=\"455\">Low Speed Electric City Tuk<\/td>\n<\/tr>\n<tr style=\"height: 20pt; padding-left: 40px;\">\n<td class=\"et5\" style=\"height: 20pt; width: 159.05pt; padding-left: 40px;\" width=\"265\" height=\"33\">Dim(mm) global<\/td>\n<td class=\"et5\" style=\"width: 273.4pt; padding-left: 40px;\" width=\"455\">2200*1050*1700<\/td>\n<\/tr>\n<tr style=\"height: 20pt; padding-left: 40px;\">\n<td class=\"et5\" style=\"height: 20pt; width: 159.05pt; padding-left: 40px;\" width=\"265\" height=\"33\">Garfo frontal<\/td>\n<td class=\"et5\" style=\"width: 273.4pt; padding-left: 40px;\" width=\"455\">\u044431 chocante hidr\u00e1ulico<\/td>\n<\/tr>\n<tr style=\"height: 20pt; padding-left: 40px;\">\n<td class=\"et5\" style=\"height: 20pt; width: 159.05pt; padding-left: 40px;\" width=\"265\" height=\"33\">Motor<\/td>\n<td class=\"et5\" style=\"width: 273.4pt; padding-left: 40px;\" width=\"455\">60V1000W<\/td>\n<\/tr>\n<tr style=\"height: 20pt; padding-left: 40px;\">\n<td class=\"et5\" style=\"height: 20pt; width: 159.05pt; padding-left: 40px;\" width=\"265\" height=\"33\">Controlador<\/td>\n<td class=\"et5\" style=\"width: 273.4pt; padding-left: 40px;\" width=\"455\">60V 18tubos<\/td>\n<\/tr>\n<tr style=\"height: 20pt; padding-left: 40px;\">\n<td class=\"et5\" style=\"height: 20pt; width: 159.05pt; padding-left: 40px;\" width=\"265\" height=\"33\">pneu anterior\/posterior<\/td>\n<td class=\"et5\" style=\"width: 273.4pt; padding-left: 40px;\" width=\"455\">3,0-10 pneus sem tubos<\/td>\n<\/tr>\n<tr style=\"height: 20pt; padding-left: 40px;\">\n<td class=\"et5\" style=\"height: 20pt; width: 159.05pt; padding-left: 40px;\" width=\"265\" height=\"33\">Rim<\/td>\n<td class=\"et5\" style=\"width: 273.4pt; padding-left: 40px;\" width=\"455\">frente: centro de liga de alum\u00ednio<br \/>\ntraseiro: centro de ferro<\/td>\n<\/tr>\n<tr style=\"height: 20pt; padding-left: 40px;\">\n<td class=\"et5\" style=\"height: 20pt; width: 159.05pt; padding-left: 40px;\" width=\"265\" height=\"33\">Sistema de trav\u00e3o<\/td>\n<td class=\"et5\" style=\"width: 273.4pt; padding-left: 40px;\" width=\"455\">frente: disco \/ traseiro:tambor<\/td>\n<\/tr>\n<tr style=\"height: 20pt; padding-left: 40px;\">\n<td class=\"et5\" style=\"height: 20pt; width: 159.05pt; padding-left: 40px;\" width=\"265\" height=\"33\">Tempo de carga(H)<\/td>\n<td class=\"et5\" style=\"width: 273.4pt; padding-left: 40px;\" width=\"455\">6-8<\/td>\n<\/tr>\n<tr style=\"height: 20pt; padding-left: 40px;\">\n<td class=\"et5\" style=\"height: 20pt; width: 159.05pt; padding-left: 40px;\" width=\"265\" height=\"33\">Rango por carga\/km<\/td>\n<td class=\"et5\" style=\"width: 273.4pt; padding-left: 40px;\" width=\"455\">40-60<\/td>\n<\/tr>\n<tr style=\"height: 20pt; padding-left: 40px;\">\n<td class=\"et5\" style=\"height: 20pt; width: 159.05pt; padding-left: 40px;\" width=\"265\" height=\"33\">Grau de subida (%)<\/td>\n<td class=\"et5\" style=\"width: 273.4pt; padding-left: 40px;\" width=\"455\">\u226425<\/td>\n<\/tr>\n<tr style=\"height: 20pt; padding-left: 40px;\">\n<td class=\"et5\" style=\"height: 20pt; width: 159.05pt; padding-left: 40px;\" width=\"265\" height=\"33\">Bateria<\/td>\n<td class=\"et5\" style=\"width: 273.4pt; padding-left: 40px;\" width=\"455\">bateria de \u00e1cido de chumbo 60V32AH<\/td>\n<\/tr>\n<tr style=\"height: 20pt; padding-left: 40px;\">\n<td class=\"et5\" style=\"height: 20pt; width: 159.05pt; padding-left: 40px;\" width=\"265\" height=\"33\">Velocidade m\u00e1xima (km\/h)<\/td>\n<td class=\"et5\" style=\"width: 273.4pt; padding-left: 40px;\" width=\"455\">25 km\/h<\/td>\n<\/tr>\n<tr style=\"height: 20pt; padding-left: 40px;\">\n<td class=\"et5\" style=\"height: 20pt; width: 159.05pt; padding-left: 40px;\" width=\"265\" height=\"33\">Capacidade de contentor<\/td>\n<td class=\"et5\" style=\"width: 273.4pt; padding-left: 40px;\" width=\"455\">33 PCS SKD\/40&#8217; HQ<\/td>\n<\/tr>\n<tr style=\"height: 20pt; padding-left: 40px;\">\n<td class=\"et5\" style=\"height: 20pt; width: 159.05pt; padding-left: 40px;\" width=\"265\" height=\"33\">Certificado<\/td>\n<td class=\"et5\" style=\"width: 273.4pt; padding-left: 40px;\" width=\"455\">CCC<\/td>\n<\/tr>\n<\/tbody>\n<\/table>\n<h2 style=\"padding-left: 40px;\" data-start=\"430\" data-end=\"449\"><\/h2>\n<hr style=\"padding-left: 40px;\" data-start=\"753\" data-end=\"756\" \/>\n<h2 style=\"padding-left: 40px;\" data-start=\"758\" data-end=\"780\">Descri\u00e7\u00e3o do produto<\/h2>\n<h3 style=\"padding-left: 40px;\" data-start=\"782\" data-end=\"804\">Categoria de produtos<\/h3>\n<p style=\"padding-left: 40px;\" data-start=\"805\" data-end=\"877\">Tuk el\u00e9trico de baixa velocidade \/ Tri-Ruas el\u00e9tricas \/ Ve\u00edculo el\u00e9trico urbano<\/p>\n<h3 style=\"padding-left: 40px;\" data-start=\"879\" data-end=\"904\">Descri\u00e7\u00e3o do produto<\/h3>\n<p style=\"padding-left: 40px;\" data-start=\"906\" data-end=\"1122\">O <strong data-start=\"910\" data-end=\"941\">Low Speed Electric City Tuk<\/strong> adota uma dimens\u00e3o global de <strong data-start=\"973\" data-end=\"998\">2200 \u00d7 1050 \u00d7 1700 mm<\/strong>oferecendo uma excelente maneuverabilidade em ambientes urbanos cheios ao mesmo tempo que mant\u00e9m espa\u00e7o interior suficiente para uso di\u00e1rio.<\/p>\n<p style=\"padding-left: 40px;\" data-start=\"1124\" data-end=\"1515\">Est\u00e1 equipado com um <strong data-start=\"1146\" data-end=\"1174\">Motor el\u00e9trico 60V 1000W<\/strong> e um <strong data-start=\"1181\" data-end=\"1207\">Controlador de 18 tubos 60V<\/strong>, fornecendo energia est\u00e1vel para estradas urbanas. O ve\u00edculo usa um <strong data-start=\"1276\" data-end=\"1306\">bateria de \u00e1cido de chumbo 60V 32Ah<\/strong>, fornecendo uma gama de condu\u00e7\u00e3o de <strong data-start=\"1337\" data-end=\"1360\">40-60 km por carga<\/strong>, adequado para viagens a curta dist\u00e2ncia e transporte local. O tempo de carga \u00e9 aproximadamente <strong data-start=\"1461\" data-end=\"1474\">6-8 horas<\/strong>permitindo uma carga conveniente durante a noite.<\/p>\n<h3 style=\"padding-left: 40px;\" data-start=\"6401\" data-end=\"6410\"><img fetchpriority=\"high\" decoding=\"async\" class=\"size-medium wp-image-5359 alignnone\" src=\"https:\/\/www.tairuiauto.com\/wp-content\/uploads\/2026\/01\/5-1-300x300.jpg\" alt=\"Low Speed Electric City Tuk\" width=\"300\" height=\"300\" srcset=\"https:\/\/www.tairuiauto.com\/wp-content\/uploads\/2026\/01\/5-1-300x300.jpg 300w, https:\/\/www.tairuiauto.com\/wp-content\/uploads\/2026\/01\/5-1-1024x1024.jpg 1024w, https:\/\/www.tairuiauto.com\/wp-content\/uploads\/2026\/01\/5-1-150x150.jpg 150w, https:\/\/www.tairuiauto.com\/wp-content\/uploads\/2026\/01\/5-1-768x768.jpg 768w, https:\/\/www.tairuiauto.com\/wp-content\/uploads\/2026\/01\/5-1-1536x1536.jpg 1536w, https:\/\/www.tairuiauto.com\/wp-content\/uploads\/2026\/01\/5-1-2048x2048.jpg 2048w, https:\/\/www.tairuiauto.com\/wp-content\/uploads\/2026\/01\/5-1-12x12.jpg 12w, https:\/\/www.tairuiauto.com\/wp-content\/uploads\/2026\/01\/5-1-600x600.jpg 600w, https:\/\/www.tairuiauto.com\/wp-content\/uploads\/2026\/01\/5-1-100x100.jpg 100w\" sizes=\"(max-width: 300px) 100vw, 300px\" \/> <img decoding=\"async\" class=\"size-medium wp-image-5361 alignnone\" src=\"https:\/\/www.tairuiauto.com\/wp-content\/uploads\/2026\/01\/7-1-300x300.jpg\" alt=\"\" width=\"300\" height=\"300\" srcset=\"https:\/\/www.tairuiauto.com\/wp-content\/uploads\/2026\/01\/7-1-300x300.jpg 300w, https:\/\/www.tairuiauto.com\/wp-content\/uploads\/2026\/01\/7-1-1024x1024.jpg 1024w, https:\/\/www.tairuiauto.com\/wp-content\/uploads\/2026\/01\/7-1-150x150.jpg 150w, https:\/\/www.tairuiauto.com\/wp-content\/uploads\/2026\/01\/7-1-768x768.jpg 768w, https:\/\/www.tairuiauto.com\/wp-content\/uploads\/2026\/01\/7-1-1536x1536.jpg 1536w, https:\/\/www.tairuiauto.com\/wp-content\/uploads\/2026\/01\/7-1-2048x2048.jpg 2048w, https:\/\/www.tairuiauto.com\/wp-content\/uploads\/2026\/01\/7-1-12x12.jpg 12w, https:\/\/www.tairuiauto.com\/wp-content\/uploads\/2026\/01\/7-1-600x600.jpg 600w, https:\/\/www.tairuiauto.com\/wp-content\/uploads\/2026\/01\/7-1-100x100.jpg 100w\" sizes=\"(max-width: 300px) 100vw, 300px\" \/> <img decoding=\"async\" class=\"size-medium wp-image-5360 alignnone\" src=\"https:\/\/www.tairuiauto.com\/wp-content\/uploads\/2026\/01\/6-1-300x300.jpg\" alt=\"\" width=\"300\" height=\"300\" srcset=\"https:\/\/www.tairuiauto.com\/wp-content\/uploads\/2026\/01\/6-1-300x300.jpg 300w, https:\/\/www.tairuiauto.com\/wp-content\/uploads\/2026\/01\/6-1-1024x1024.jpg 1024w, https:\/\/www.tairuiauto.com\/wp-content\/uploads\/2026\/01\/6-1-150x150.jpg 150w, https:\/\/www.tairuiauto.com\/wp-content\/uploads\/2026\/01\/6-1-768x768.jpg 768w, https:\/\/www.tairuiauto.com\/wp-content\/uploads\/2026\/01\/6-1-1536x1536.jpg 1536w, https:\/\/www.tairuiauto.com\/wp-content\/uploads\/2026\/01\/6-1-2048x2048.jpg 2048w, https:\/\/www.tairuiauto.com\/wp-content\/uploads\/2026\/01\/6-1-12x12.jpg 12w, https:\/\/www.tairuiauto.com\/wp-content\/uploads\/2026\/01\/6-1-600x600.jpg 600w, https:\/\/www.tairuiauto.com\/wp-content\/uploads\/2026\/01\/6-1-100x100.jpg 100w\" sizes=\"(max-width: 300px) 100vw, 300px\" \/><\/h3>\n<p style=\"padding-left: 40px;\" data-start=\"1517\" data-end=\"1909\">Para melhorar o conforto e a durabilidade da viagem, a suspens\u00e3o frontal est\u00e1 equipada com um <strong data-start=\"1599\" data-end=\"1631\">\u03c631 absortor de choque hidr\u00e1ulico<\/strong>, efetivamente absorvendo vibra\u00e7\u00f5es rodovi\u00e1rias. O ve\u00edculo funciona <strong data-start=\"1692\" data-end=\"1717\">3,0-10 pneus sem tubos<\/strong>, aumentando a resist\u00eancia \u00e0 pres\u00e3o rodovi\u00e1ria e pontura. A configura\u00e7\u00e3o do bordo consiste em um <strong data-start=\"1801\" data-end=\"1836\">centro de liga de alum\u00ednio na frente<\/strong> e um <strong data-start=\"1844\" data-end=\"1868\">centro de ferro no fundo<\/strong>equilibrar for\u00e7a e efici\u00eancia de custos.<\/p>\n<p style=\"padding-left: 40px;\" data-start=\"1911\" data-end=\"2178\">O sistema de travagem tem uma <strong data-start=\"1941\" data-end=\"1981\">freno de disco frente e freno de tambor traseiro<\/strong>, assegurando um desempenho confi\u00e1vel de travagem e seguran\u00e7a de condu\u00e7\u00e3o. Com um <strong data-start=\"2048\" data-end=\"2076\">capacidade de subir de \u226425%<\/strong> e um <strong data-start=\"2083\" data-end=\"2111\">velocidade m\u00e1xima de 25 km\/h<\/strong>o ve\u00edculo \u00e9 bem adaptado para o tr\u00e1fego urbano de baixa velocidade.<\/p>\n<p style=\"padding-left: 40px;\" data-start=\"2180\" data-end=\"2393\">Para a log\u00edstica internacional, o ve\u00edculo apoia <strong data-start=\"2230\" data-end=\"2247\">embalagem SKD<\/strong>, com um <strong data-start=\"2256\" data-end=\"2309\">capacidade de recipiente de 33 unidades por recipiente de 40HQ<\/strong>\u00c9 certificado sob <strong data-start=\"2333\" data-end=\"2350\">Normas CCC<\/strong>, cumprindo os requisitos dom\u00e9sticos de conformidade.<\/p>\n<hr style=\"padding-left: 40px;\" data-start=\"2395\" data-end=\"2398\" \/>\n<h2 style=\"padding-left: 40px;\" data-start=\"2400\" data-end=\"2428\">Caracter\u00edsticas-chave e - Avantagens<\/h2>\n<h3 style=\"padding-left: 40px;\" data-start=\"2430\" data-end=\"2444\">Caracter\u00edsticas<\/h3>\n<ul>\n<li style=\"list-style-type: none;\">\n<ul data-start=\"2445\" data-end=\"2683\">\n<li data-start=\"2445\" data-end=\"2486\">\n<p data-start=\"2447\" data-end=\"2486\">Design compacto de tuk el\u00e9trico de baixa velocidade<\/p>\n<\/li>\n<li data-start=\"2487\" data-end=\"2538\">\n<p data-start=\"2489\" data-end=\"2538\">Motor el\u00e9trico 60V 1000W com controlador est\u00e1vel<\/p>\n<\/li>\n<li data-start=\"2539\" data-end=\"2582\">\n<p data-start=\"2541\" data-end=\"2582\">Disco anterior e sistema de travagem de tambor posterior<\/p>\n<\/li>\n<li data-start=\"2583\" data-end=\"2632\">\n<p data-start=\"2585\" data-end=\"2632\">pneus sem tubos com liga mistura e centros de ferro<\/p>\n<\/li>\n<li data-start=\"2633\" data-end=\"2683\">\n<p data-start=\"2635\" data-end=\"2683\">Bateria de \u00e1cido de chumbo para opera\u00e7\u00e3o custo-eficaz<\/p>\n<\/li>\n<\/ul>\n<\/li>\n<\/ul>\n<h3 style=\"padding-left: 40px;\" data-start=\"2685\" data-end=\"2701\">Avantagens<\/h3>\n<ul>\n<li style=\"list-style-type: none;\">\n<ul data-start=\"2702\" data-end=\"2880\">\n<li data-start=\"2702\" data-end=\"2744\">\n<p data-start=\"2704\" data-end=\"2744\">Opera\u00e7\u00e3o f\u00e1cil em ruas urbanas estreitas<\/p>\n<\/li>\n<li data-start=\"2745\" data-end=\"2792\">\n<p data-start=\"2747\" data-end=\"2792\">Baixo custo de consumo de energia e manuten\u00e7\u00e3o<\/p>\n<\/li>\n<li data-start=\"2793\" data-end=\"2833\">\n<p data-start=\"2795\" data-end=\"2833\">Sistema est\u00e1vel de travagem e suspens\u00e3o<\/p>\n<\/li>\n<li data-start=\"2834\" data-end=\"2880\">\n<p data-start=\"2836\" data-end=\"2880\">Adequado para o transporte urbano de curta dist\u00e2ncia<\/p>\n<\/li>\n<\/ul>\n<\/li>\n<\/ul>\n<h3 style=\"padding-left: 40px;\" data-start=\"2882\" data-end=\"2902\">Benef\u00edcios do comprador<\/h3>\n<ul>\n<li style=\"list-style-type: none;\">\n<ul data-start=\"2903\" data-end=\"3096\">\n<li data-start=\"2903\" data-end=\"2939\">\n<p data-start=\"2905\" data-end=\"2939\">Redu\u00e7\u00e3o dos custos de funcionamento e combust\u00edvel<\/p>\n<\/li>\n<li data-start=\"2940\" data-end=\"2989\">\n<p data-start=\"2942\" data-end=\"2989\">Mantenimento f\u00e1cil e disponibilidade de pe\u00e7as de reserva<\/p>\n<\/li>\n<li data-start=\"2990\" data-end=\"3037\">\n<p data-start=\"2992\" data-end=\"3037\">Carga eficiente de recipientes para ordens em massa<\/p>\n<\/li>\n<li data-start=\"3038\" data-end=\"3096\">\n<p data-start=\"3040\" data-end=\"3096\">Ideal para distribuidores que visam mercados de mobilidade urbana<\/p>\n<\/li>\n<\/ul>\n<\/li>\n<\/ul>\n<h3 style=\"padding-left: 40px;\" data-start=\"3098\" data-end=\"3112\">Provas<\/h3>\n<ul>\n<li style=\"list-style-type: none;\">\n<ul data-start=\"3113\" data-end=\"3237\">\n<li data-start=\"3113\" data-end=\"3157\">\n<p data-start=\"3115\" data-end=\"3157\">Configura\u00e7\u00e3o de comboio el\u00e9trico comprovada<\/p>\n<\/li>\n<li data-start=\"3158\" data-end=\"3200\">\n<p data-start=\"3160\" data-end=\"3200\">Suspens\u00e3o confi\u00e1vel e projeto de travagem<\/p>\n<\/li>\n<li data-start=\"3201\" data-end=\"3237\">\n<p data-start=\"3203\" data-end=\"3237\">Conformidade do produto certificado pela CCC<\/p>\n<\/li>\n<\/ul>\n<\/li>\n<\/ul>\n<hr style=\"padding-left: 40px;\" data-start=\"3239\" data-end=\"3242\" \/>\n<h2 style=\"padding-left: 40px;\" data-start=\"3244\" data-end=\"3268\">Escen\u00e1rios de aplica\u00e7\u00f5es<\/h2>\n<ul>\n<li style=\"list-style-type: none;\">\n<ul data-start=\"3270\" data-end=\"3463\">\n<li data-start=\"3270\" data-end=\"3304\">\n<p data-start=\"3272\" data-end=\"3304\">Viagens urbanas de curta dist\u00e2ncia<\/p>\n<\/li>\n<li data-start=\"3305\" data-end=\"3345\">\n<p data-start=\"3307\" data-end=\"3345\">Transporte comunit\u00e1rio residencial<\/p>\n<\/li>\n<li data-start=\"3346\" data-end=\"3390\">\n<p data-start=\"3348\" data-end=\"3390\">nave urbana e servi\u00e7os de mobilidade local<\/p>\n<\/li>\n<li data-start=\"3391\" data-end=\"3424\">\n<p data-start=\"3393\" data-end=\"3424\">Transporte pessoal di\u00e1rio<\/p>\n<\/li>\n<li data-start=\"3425\" data-end=\"3463\">\n<p data-start=\"3427\" data-end=\"3463\">Projetos de transporte urbano de baixa velocidade<\/p>\n<\/li>\n<\/ul>\n<\/li>\n<\/ul>\n<hr style=\"padding-left: 40px;\" data-start=\"3465\" data-end=\"3468\" \/>\n<h2 style=\"padding-left: 40px;\" data-start=\"3470\" data-end=\"3516\">Por que escolher este tubo el\u00e9trico de baixa velocidade<\/h2>\n<p style=\"padding-left: 40px;\" data-start=\"3518\" data-end=\"3795\">O <strong data-start=\"3522\" data-end=\"3553\">Low Speed Electric City Tuk<\/strong> oferece uma combina\u00e7\u00e3o equilibrada de tamanho compacto, desempenho el\u00e9trico est\u00e1vel e efici\u00eancia de custo. Sua estrutura simples, componentes confi\u00e1veis e certifica\u00e7\u00e3o de conformidade fazem com que seja uma escolha pr\u00e1tica para solu\u00e7\u00f5es urbanas de transporte de baixa velocidade.<\/p>\n<hr style=\"padding-left: 40px;\" data-start=\"3797\" data-end=\"3800\" \/>\n<h2 style=\"padding-left: 40px;\" data-start=\"3802\" data-end=\"3825\">embalagem e - Entrega<\/h2>\n<ul>\n<li style=\"list-style-type: none;\">\n<ul data-start=\"3827\" data-end=\"3974\">\n<li data-start=\"3827\" data-end=\"3853\">\n<p data-start=\"3829\" data-end=\"3853\"><strong data-start=\"3829\" data-end=\"3847\">Certifica\u00e7\u00e3o:<\/strong> CCC<\/p>\n<\/li>\n<li data-start=\"3854\" data-end=\"3899\">\n<p data-start=\"3856\" data-end=\"3899\"><strong data-start=\"3856\" data-end=\"3879\">Capacidade de Contenedor:<\/strong> 33 PCS SKD \/ 40HQ<\/p>\n<\/li>\n<li data-start=\"3900\" data-end=\"3947\">\n<p data-start=\"3902\" data-end=\"3947\"><strong data-start=\"3902\" data-end=\"3921\">M\u00e9todo de embalagem:<\/strong> Embalagem de exporta\u00e7\u00e3o padr\u00e3o<\/p>\n<\/li>\n<li data-start=\"3948\" data-end=\"3974\">\n<p data-start=\"3950\" data-end=\"3974\"><strong data-start=\"3950\" data-end=\"3968\">Formula\u00e7\u00e3o de entrega:<\/strong> SKD<\/p>\n<\/li>\n<\/ul>\n<\/li>\n<\/ul>\n<hr style=\"padding-left: 40px;\" data-start=\"3976\" data-end=\"3979\" \/>\n<h2 style=\"padding-left: 40px;\" data-start=\"3981\" data-end=\"3987\">FAQ<\/h2>\n<p style=\"padding-left: 40px;\" data-start=\"3989\" data-end=\"4140\"><strong data-start=\"3989\" data-end=\"4034\">Q1: Qual \u00e9 o intervalo de condu\u00e7\u00e3o por carga?<\/strong><br data-start=\"4034\" data-end=\"4037\" \/>O ve\u00edculo fornece uma gama de condu\u00e7\u00e3o de <strong data-start=\"4077\" data-end=\"4089\">40-60 km<\/strong> por carga, dependendo de carga e condi\u00e7\u00f5es rodovi\u00e1rias.<\/p>\n<p style=\"padding-left: 40px;\" data-start=\"4142\" data-end=\"4285\"><strong data-start=\"4142\" data-end=\"4191\">Q2: Que tipo de bateria este modelo usa?<\/strong><br data-start=\"4191\" data-end=\"4194\" \/>Ela usa um <strong data-start=\"4204\" data-end=\"4234\">bateria de \u00e1cido de chumbo 60V 32Ah<\/strong>oferecendo desempenho est\u00e1vel e manuten\u00e7\u00e3o f\u00e1cil.<\/p>\n<p style=\"padding-left: 40px;\" data-start=\"4287\" data-end=\"4446\"><strong data-start=\"4287\" data-end=\"4335\">Q3: Este ve\u00edculo \u00e9 adequado para estradas urbanas?<\/strong><br data-start=\"4335\" data-end=\"4338\" \/>Sim. Sua baixa velocidade, tamanho compacto e sistema de travagem est\u00e1vel o tornam adequado para ambientes de tr\u00e2nsito urbano.<\/p>\n<p style=\"padding-left: 40px;\" data-start=\"4448\" data-end=\"4548\"><strong data-start=\"4448\" data-end=\"4497\">Q4: Que certifica\u00e7\u00f5es tem esse modelo?<\/strong><br data-start=\"4497\" data-end=\"4500\" \/>Este modelo \u00e9 certificado sob <strong data-start=\"4530\" data-end=\"4547\">Normas CCC<\/strong>.<\/p>\n<p style=\"padding-left: 40px;\" data-start=\"4550\" data-end=\"4656\"><strong data-start=\"4550\" data-end=\"4585\">Q5: Como o ve\u00edculo \u00e9 enviado?<\/strong><br data-start=\"4585\" data-end=\"4588\" \/>\u00c9 enviado <strong data-start=\"4605\" data-end=\"4617\">Forma SKD<\/strong>, com <strong data-start=\"4624\" data-end=\"4655\">33 unidades por recipiente de 40HQ<\/strong>.<\/p>","protected":false},"excerpt":{"rendered":"<p>O <strong data-start=\"124\" data-end=\"155\">Low Speed Electric City Tuk<\/strong> \u00e9 um compacto el\u00e9trico de tr\u00eas rodas projetado para transporte urbano de curta dist\u00e2ncia. Com um sistema de energia el\u00e9trica est\u00e1vel, uma estrutura de chassis duradoura e um desempenho eficiente de travagem, ele fornece uma solu\u00e7\u00e3o custo-eficaz para viagem urbana e transporte ligeiro.<\/p>","protected":false},"featured_media":5359,"comment_status":"open","ping_status":"closed","template":"","meta":[],"product_brand":[],"product_cat":[78],"product_tag":[],"class_list":{"0":"post-3708","1":"product","2":"type-product","3":"status-publish","4":"has-post-thumbnail","6":"product_cat-electric-tricycle","8":"first","9":"instock","10":"shipping-taxable","11":"purchasable","12":"product-type-simple"},"_links":{"self":[{"href":"https:\/\/www.tairuiauto.com\/pt\/wp-json\/wp\/v2\/product\/3708","targetHints":{"allow":["GET"]}}],"collection":[{"href":"https:\/\/www.tairuiauto.com\/pt\/wp-json\/wp\/v2\/product"}],"about":[{"href":"https:\/\/www.tairuiauto.com\/pt\/wp-json\/wp\/v2\/types\/product"}],"replies":[{"embeddable":true,"href":"https:\/\/www.tairuiauto.com\/pt\/wp-json\/wp\/v2\/comments?post=3708"}],"wp:featuredmedia":[{"embeddable":true,"href":"https:\/\/www.tairuiauto.com\/pt\/wp-json\/wp\/v2\/media\/5359"}],"wp:attachment":[{"href":"https:\/\/www.tairuiauto.com\/pt\/wp-json\/wp\/v2\/media?parent=3708"}],"wp:term":[{"taxonomy":"product_brand","embeddable":true,"href":"https:\/\/www.tairuiauto.com\/pt\/wp-json\/wp\/v2\/product_brand?post=3708"},{"taxonomy":"product_cat","embeddable":true,"href":"https:\/\/www.tairuiauto.com\/pt\/wp-json\/wp\/v2\/product_cat?post=3708"},{"taxonomy":"product_tag","embeddable":true,"href":"https:\/\/www.tairuiauto.com\/pt\/wp-json\/wp\/v2\/product_tag?post=3708"}],"curies":[{"name":"wp","href":"https:\/\/api.w.org\/{rel}","templated":true}]}}