{"id":3739,"date":"2025-09-16T09:09:52","date_gmt":"2025-09-16T01:09:52","guid":{"rendered":"https:\/\/www.tairuiauto.com\/?post_type=product&#038;p=3739"},"modified":"2025-09-16T09:28:10","modified_gmt":"2025-09-16T01:28:10","slug":"1-1m-elderly-commuting-tricycle","status":"publish","type":"product","link":"https:\/\/www.tairuiauto.com\/pt\/product\/1-1m-elderly-commuting-tricycle\/","title":{"rendered":"1,1m Triciclo Elderly Commuting"},"content":{"rendered":"<h3 data-start=\"4441\" data-end=\"4466\">Descri\u00e7\u00e3o do produto<\/h3>\n<p data-start=\"4467\" data-end=\"4921\">\u00a0Equipado com um motor de 48V 500W, rodas de ferro duradouras e suspens\u00e3o hidr\u00e1ulica, isso <em data-start=\"4701\" data-end=\"4732\">tricicleta el\u00e9trica para idosos<\/em> equilibra a seguran\u00e7a com o desempenho pr\u00e1tico de viagem. \u00c9 uma confiabilidade <em data-start=\"4803\" data-end=\"4822\">tricicleta de mobilidade<\/em> com uma dist\u00e2ncia de condu\u00e7\u00e3o de 60 km por carga, permitindo aos idosos moverem-se livremente dentro de suas comunidades.<\/p>\n<table style=\"border-collapse: collapse; width: 76.8464%; height: 592px;\" border=\"0\" width=\"732\" cellspacing=\"0\" cellpadding=\"0\">\n<tbody>\n<tr style=\"height: 20.00pt;\">\n<td class=\"et3\" style=\"height: 20pt; width: 39.2652%;\" width=\"372\" height=\"33\">Modelo<\/td>\n<td class=\"et3\" style=\"width: 60.62%;\" width=\"360\">1,1m Triciclo Elderly Commuting<\/td>\n<\/tr>\n<tr style=\"height: 20.00pt;\">\n<td class=\"et4\" style=\"height: 20pt; width: 39.2652%;\" width=\"372\" height=\"33\">Tamanho global<\/td>\n<td class=\"et4\" style=\"width: 60.62%;\" width=\"360\">2520mm*940mm*1135mm<\/td>\n<\/tr>\n<tr style=\"height: 20.00pt;\">\n<td class=\"et4\" style=\"height: 20pt; width: 39.2652%;\" width=\"372\" height=\"33\">Instrumento<\/td>\n<td class=\"et4\" style=\"width: 60.62%;\" width=\"360\">Instrumento eletr\u00f4nico com painel<\/td>\n<\/tr>\n<tr style=\"height: 20.00pt;\">\n<td class=\"et4\" style=\"height: 20pt; width: 39.2652%;\" width=\"372\" height=\"33\">Controlador<\/td>\n<td class=\"et4\" style=\"width: 60.62%;\" width=\"360\">12 tubos<\/td>\n<\/tr>\n<tr style=\"height: 20.00pt;\">\n<td class=\"et4\" style=\"height: 20pt; width: 39.2652%;\" width=\"372\" height=\"33\">Atr\u00e1s do Eixo<\/td>\n<td class=\"et4\" style=\"width: 60.62%;\" width=\"360\">Dividir eixo traseiro<\/td>\n<\/tr>\n<tr style=\"height: 20.00pt;\">\n<td class=\"et4\" style=\"height: 20pt; width: 39.2652%;\" width=\"372\" height=\"33\">Frego frontal<\/td>\n<td class=\"et4\" style=\"width: 60.62%;\" width=\"360\">31 absor\u00e7\u00e3o de choque \/ freno frontal 110<\/td>\n<\/tr>\n<tr style=\"height: 20.00pt;\">\n<td class=\"et4\" style=\"height: 20pt; width: 39.2652%;\" width=\"372\" height=\"33\">Frego traseiro<\/td>\n<td class=\"et4\" style=\"width: 60.62%;\" width=\"360\">freno de 130 tambor<\/td>\n<\/tr>\n<tr style=\"height: 20.00pt;\">\n<td class=\"et4\" style=\"height: 20pt; width: 39.2652%;\" width=\"372\" height=\"33\">Gradeabilidade<\/td>\n<td class=\"et4\" style=\"width: 60.62%;\" width=\"360\">15\u00b0<\/td>\n<\/tr>\n<tr style=\"height: 20.00pt;\">\n<td class=\"et4\" style=\"height: 20pt; width: 39.2652%;\" width=\"372\" height=\"33\">Luz<\/td>\n<td class=\"et4\" style=\"width: 60.62%;\" width=\"360\">Bomba grande comum<\/td>\n<\/tr>\n<tr style=\"height: 20.00pt;\">\n<td class=\"et4\" style=\"height: 20pt; width: 39.2652%;\" width=\"372\" height=\"33\">Cargar<\/td>\n<td class=\"et4\" style=\"width: 60.62%;\" width=\"360\">160KG<\/td>\n<\/tr>\n<tr style=\"height: 20.00pt;\">\n<td class=\"et4\" style=\"height: 20pt; width: 39.2652%;\" width=\"372\" height=\"33\">Rim<\/td>\n<td class=\"et4\" style=\"width: 60.62%;\" width=\"360\">Roda de ferro<\/td>\n<\/tr>\n<tr style=\"height: 20.00pt;\">\n<td class=\"et4\" style=\"height: 20pt; width: 39.2652%;\" width=\"372\" height=\"33\">E-Motor<\/td>\n<td class=\"et4\" style=\"width: 60.62%;\" width=\"360\">48V 500W<\/td>\n<\/tr>\n<tr style=\"height: 20.00pt;\">\n<td class=\"et4\" style=\"height: 20pt; width: 39.2652%;\" width=\"372\" height=\"33\">Suspens\u00e3o Fronte<\/td>\n<td class=\"et4\" style=\"width: 60.62%;\" width=\"360\">Absorbidor de choque com hidr\u00e1ulico<\/td>\n<\/tr>\n<tr style=\"height: 20.00pt;\">\n<td class=\"et4\" style=\"height: 20pt; width: 39.2652%;\" width=\"372\" height=\"33\">Suspens\u00e3o posterior<\/td>\n<td class=\"et4\" style=\"width: 60.62%;\" width=\"360\">A absor\u00e7\u00e3o de choque atr\u00e1s da molha de placa de a\u00e7o refor\u00e7ada<\/td>\n<\/tr>\n<tr style=\"height: 20.00pt;\">\n<td class=\"et4\" style=\"height: 20pt; width: 39.2652%;\" width=\"372\" height=\"33\">Velocidade m\u00e1xima<\/td>\n<td class=\"et4\" style=\"width: 60.62%;\" width=\"360\">45 Km\/h<\/td>\n<\/tr>\n<tr style=\"height: 20.00pt;\">\n<td class=\"et4\" style=\"height: 20pt; width: 39.2652%;\" width=\"372\" height=\"33\">pneus (F\/R)<\/td>\n<td class=\"et4\" style=\"width: 60.62%;\" width=\"360\">300-12\/300-12<\/td>\n<\/tr>\n<tr style=\"height: 20.00pt;\">\n<td class=\"et4\" style=\"height: 20pt; width: 39.2652%;\" width=\"372\" height=\"33\">Mileio por Carga<\/td>\n<td class=\"et4\" style=\"width: 60.62%;\" width=\"360\">60<\/td>\n<\/tr>\n<tr style=\"height: 20.00pt;\">\n<td class=\"et4\" style=\"height: 20pt; width: 39.2652%;\" width=\"372\" height=\"33\">Bateria<\/td>\n<td class=\"et4\" style=\"width: 60.62%;\" width=\"360\">48V32A bateria livre de manuten\u00e7\u00e3o de \u00e1cido de chumbo<\/td>\n<\/tr>\n<tr style=\"height: 20.00pt;\">\n<td class=\"et4\" style=\"height: 20pt; width: 39.2652%;\" width=\"372\" height=\"33\">Tempo de carga<\/td>\n<td class=\"et4\" style=\"width: 60.62%;\" width=\"360\">8-10 horas<\/td>\n<\/tr>\n<\/tbody>\n<\/table>\n<h3 data-start=\"4923\" data-end=\"4947\"><\/h3>\n<hr \/>\n<h3 data-start=\"4923\" data-end=\"4947\"><\/h3>\n<h3 data-start=\"4923\" data-end=\"4947\">Key Selling Points<\/h3>\n<ol data-start=\"4948\" data-end=\"5580\">\n<li data-start=\"4948\" data-end=\"5108\">\n<p data-start=\"4951\" data-end=\"5108\"><strong data-start=\"4951\" data-end=\"4979\">Mobilidade orientada para a seguran\u00e7a<\/strong> \u2013 Constru\u00eddo com freios refor\u00e7ados, eixo dividido e manejo est\u00e1vel, o <em data-start=\"5049\" data-end=\"5076\">tricicleta el\u00e9trica idosa<\/em> prioriza a seguran\u00e7a acima de tudo.<\/p>\n<\/li>\n<li data-start=\"5109\" data-end=\"5283\">\n<p data-start=\"5112\" data-end=\"5283\"><strong data-start=\"5112\" data-end=\"5136\">Bateria de longa dura\u00e7\u00e3o<\/strong> \u2013 Com uma bateria de \u00e1cido de chumbo selada 48V32A, <em data-start=\"5189\" data-end=\"5225\">ve\u00edculo urbano de tr\u00eas rodas<\/em> corre 60 km por carga, suportando viagens di\u00e1rias m\u00faltiplas.<\/p>\n<\/li>\n<li data-start=\"5284\" data-end=\"5413\">\n<p data-start=\"5287\" data-end=\"5413\"><strong data-start=\"5287\" data-end=\"5313\">Controlas Amigos do Utilizador<\/strong> \u2013 Display de bordo f\u00e1cil e sistema de controle simples projetado para ajudar os idosos a viajar com confian\u00e7a.<\/p>\n<\/li>\n<li data-start=\"5414\" data-end=\"5580\">\n<p data-start=\"5417\" data-end=\"5580\"><strong data-start=\"5417\" data-end=\"5441\">Performa\u00e7\u00e3o Fi\u00e1vel<\/strong> \u2013 Seja para pedidos, compras ou viagens de lazer, o <em data-start=\"5497\" data-end=\"5525\">e-tricicleta de mobilidade superior<\/em> assegura um desempenho constante com manuten\u00e7\u00e3o m\u00ednima.<\/p>\n<\/li>\n<\/ol>\n<h3 data-start=\"5582\" data-end=\"5613\"><\/h3>\n<hr \/>\n<h3 data-start=\"5582\" data-end=\"5613\"><\/h3>\n<h3 data-start=\"5582\" data-end=\"5613\"><br data-cke-eol=\"1\" \/>Avan\u00e7os Diferenciados<\/h3>\n<ol data-start=\"5614\" data-end=\"6094\">\n<li data-start=\"5614\" data-end=\"5740\">\n<p data-start=\"5617\" data-end=\"5740\"><strong data-start=\"5617\" data-end=\"5647\">Designado para as necessidades dos idosos<\/strong> \u2013 Ao contr\u00e1rio dos triques electr\u00f3nicos gen\u00e9ricos, este modelo enfatiza conforto, estabilidade e velocidade controlada.<\/p>\n<\/li>\n<li data-start=\"5741\" data-end=\"5873\">\n<p data-start=\"5744\" data-end=\"5873\"><strong data-start=\"5744\" data-end=\"5770\">Mantenimento Acess\u00edvel<\/strong> \u2013 Bateria de \u00e1cido chumbo e design robusto tornam-a mais rentable do que alternativas alimentadas pelo l\u00edtio.<\/p>\n<\/li>\n<li data-start=\"5874\" data-end=\"5983\">\n<p data-start=\"5877\" data-end=\"5983\"><strong data-start=\"5877\" data-end=\"5897\">Comforte refor\u00e7ado<\/strong> \u2013 Os absortores de choque e os assentos ergon\u00f4micos proporcionam uma viagem suave, mesmo em estradas chocantes.<\/p>\n<\/li>\n<li data-start=\"5984\" data-end=\"6094\">\n<p data-start=\"5987\" data-end=\"6094\"><strong data-start=\"5987\" data-end=\"6012\">Compact Yet Practical<\/strong> \u2013 Com seu estreito quadro, ele pode estar estacionado em espa\u00e7os urbanos estreitos sem problemas.<\/p>\n<\/li>\n<\/ol>\n<h3 data-start=\"6096\" data-end=\"6124\"><\/h3>\n<hr \/>\n<h3 data-start=\"6096\" data-end=\"6124\"><\/h3>\n<h3 data-start=\"6096\" data-end=\"6124\">\u00a0 \u00a0 \u00a0 <img fetchpriority=\"high\" decoding=\"async\" class=\"alignnone size-medium wp-image-3741\" src=\"https:\/\/www.tairuiauto.com\/wp-content\/uploads\/2025\/09\/2-12-300x300.jpg\" alt=\"\" width=\"300\" height=\"300\" srcset=\"\" sizes=\"(max-width: 300px) 100vw, 300px\" data-srcset=\"\" \/>\u00a0 \u00a0 \u00a0 \u00a0 \u00a0 \u00a0 \u00a0 \u00a0 <img decoding=\"async\" class=\"alignnone size-medium wp-image-3743\" src=\"https:\/\/www.tairuiauto.com\/wp-content\/uploads\/2025\/09\/4-11-300x300.jpg\" alt=\"\" width=\"300\" height=\"300\" srcset=\"\" sizes=\"(max-width: 300px) 100vw, 300px\" data-srcset=\"\" \/>\u00a0 \u00a0 \u00a0 \u00a0 \u00a0 \u00a0 \u00a0 \u00a0 <img decoding=\"async\" class=\"alignnone size-medium wp-image-3742\" src=\"https:\/\/www.tairuiauto.com\/wp-content\/uploads\/2025\/09\/3-11-300x300.jpg\" alt=\"\" width=\"300\" height=\"300\" srcset=\"\" sizes=\"(max-width: 300px) 100vw, 300px\" data-srcset=\"\" \/><\/h3>\n<h3 data-start=\"6096\" data-end=\"6124\">Especifica\u00e7\u00f5es do produto<\/h3>\n<ul data-start=\"6125\" data-end=\"6297\">\n<li data-start=\"6125\" data-end=\"6151\">\n<p data-start=\"6127\" data-end=\"6151\">Tamanho: 2520<em data-start=\"6137\" data-end=\"6142\">940<\/em>1135 mm<\/p>\n<\/li>\n<li data-start=\"6152\" data-end=\"6177\">\n<p data-start=\"6154\" data-end=\"6177\">Capacidade de carga: 160 kg<\/p>\n<\/li>\n<li data-start=\"6178\" data-end=\"6197\">\n<p data-start=\"6180\" data-end=\"6197\">Motor: 48V 500W<\/p>\n<\/li>\n<li data-start=\"6198\" data-end=\"6244\">\n<p data-start=\"6200\" data-end=\"6244\">Bateria: 48V32A \u00e1cido de chumbo sem manuten\u00e7\u00e3o<\/p>\n<\/li>\n<li data-start=\"6245\" data-end=\"6274\">\n<p data-start=\"6247\" data-end=\"6274\">Mileage: 60 km por carga<\/p>\n<\/li>\n<li data-start=\"6275\" data-end=\"6297\">\n<p data-start=\"6277\" data-end=\"6297\">Velocidade m\u00e1xima: 45 km\/h<\/p>\n<\/li>\n<\/ul>\n<h3 data-start=\"6299\" data-end=\"6325\">Par\u00e2metros T\u00e9cnicos<\/h3>\n<ul data-start=\"6326\" data-end=\"6516\">\n<li data-start=\"6326\" data-end=\"6350\">\n<p data-start=\"6328\" data-end=\"6350\">Controlador: 12 tubos<\/p>\n<\/li>\n<li data-start=\"6351\" data-end=\"6376\">\n<p data-start=\"6353\" data-end=\"6376\">Eixo: A\u00e7o posterior dividido<\/p>\n<\/li>\n<li data-start=\"6377\" data-end=\"6434\">\n<p data-start=\"6379\" data-end=\"6434\">Suspens\u00e3o: molha hidr\u00e1ulica, prata de a\u00e7o refor\u00e7ada<\/p>\n<\/li>\n<li data-start=\"6435\" data-end=\"6485\">\n<p data-start=\"6437\" data-end=\"6485\">Frenos: absortor de choque frontal\/Freno de tambor traseiro<\/p>\n<\/li>\n<li data-start=\"6486\" data-end=\"6516\">\n<p data-start=\"6488\" data-end=\"6516\">pneus: 300-12 frentes e - atr\u00e1s<\/p>\n<\/li>\n<\/ul>\n<h3 data-start=\"6518\" data-end=\"6533\">Materiales<\/h3>\n<p data-start=\"6534\" data-end=\"6611\">Aceiro de alta for\u00e7a, rodas de ferro, componentes de suspens\u00e3o refor\u00e7ados duradouros.<\/p>\n<h3 data-start=\"6613\" data-end=\"6629\">Apar\u00eancia<\/h3>\n<p data-start=\"6630\" data-end=\"6706\">Design compacto e limpo com um estilo simples mas pr\u00e1tico para cavaleiros mais velhos.<\/p>\n<h3 data-start=\"6708\" data-end=\"6720\">Design<\/h3>\n<p data-start=\"6721\" data-end=\"6789\">Concentra-se na facilidade de uso, estabilidade e ergonomia amig\u00e1vel aos idosos.<\/p>\n<h3 data-start=\"6791\" data-end=\"6814\">Adapta\u00e7\u00e3o OEM<\/h3>\n<p data-start=\"6815\" data-end=\"6885\">Dispon\u00edvel para marca, personaliza\u00e7\u00e3o de pintura e ajuste de assentos.<\/p>\n<h3 data-start=\"6887\" data-end=\"6908\">Controlo da qualidade<\/h3>\n<p data-start=\"6909\" data-end=\"6986\">Cada unidade passa por testes de durabilidade, bateria e seguran\u00e7a antes da expedi\u00e7\u00e3o.<\/p>\n<h3 data-start=\"6988\" data-end=\"7013\">Servi\u00e7o de Depois de Venda<\/h3>\n<p data-start=\"7014\" data-end=\"7078\">Fornecimento internacional de pe\u00e7as de reserva e suporte ao servi\u00e7o de clientes.<\/p>\n<h3 data-start=\"7080\" data-end=\"7104\">Campos de Aplica\u00e7\u00e3o<\/h3>\n<ul data-start=\"7105\" data-end=\"7208\">\n<li data-start=\"7105\" data-end=\"7126\">\n<p data-start=\"7107\" data-end=\"7126\">Os idosos viajando<\/p>\n<\/li>\n<li data-start=\"7127\" data-end=\"7151\">\n<p data-start=\"7129\" data-end=\"7151\">Viagens de curta dist\u00e2ncia<\/p>\n<\/li>\n<li data-start=\"7152\" data-end=\"7177\">\n<p data-start=\"7154\" data-end=\"7177\">Compras de vizinhos<\/p>\n<\/li>\n<li data-start=\"7178\" data-end=\"7208\">\n<p data-start=\"7180\" data-end=\"7208\">Substitui\u00e7\u00e3o da mobilidade urbana<\/p>\n<\/li>\n<\/ul>\n<h3 data-start=\"7210\" data-end=\"7230\">M\u00e9todo de Pagamento<\/h3>\n<p data-start=\"7231\" data-end=\"7285\">Termos flex\u00edveis: T\/T, L\/C, ou termos comerciais negociados.<\/p>\n<h3 data-start=\"7287\" data-end=\"7296\"><\/h3>\n<hr \/>\n<h3 data-start=\"7287\" data-end=\"7296\"><\/h3>\n<h3 data-start=\"7287\" data-end=\"7296\"><br data-cke-eol=\"1\" \/>FAQ<\/h3>\n<p data-start=\"7297\" data-end=\"7374\"><strong data-start=\"7297\" data-end=\"7353\">Q1: Quantos quil\u00f4metros pode viajar com uma carga?<\/strong><br data-start=\"7353\" data-end=\"7356\" \/>A1: At\u00e9 60 km.<\/p>\n<p data-start=\"7376\" data-end=\"7477\"><strong data-start=\"7376\" data-end=\"7417\">Q2: Que tipo de bateria usa?<\/strong><br data-start=\"7417\" data-end=\"7420\" \/>A2: Uma bateria fechada sem manuten\u00e7\u00e3o de \u00e1cido de chumbo 48V32A.<\/p>\n<p data-start=\"7479\" data-end=\"7579\"><strong data-start=\"7479\" data-end=\"7515\">Q3: \u00c9 adequado para uso da cidade?<\/strong><br data-start=\"7515\" data-end=\"7518\" \/>A3: Sim, seu tamanho compacto o torna perfeito para estradas urbanas.<\/p>\n<p data-start=\"7581\" data-end=\"7715\"><strong data-start=\"7581\" data-end=\"7636\">Q4: O que o faz diferente de um triciclo normal?<\/strong><br data-start=\"7636\" data-end=\"7639\" \/>A4: \u00c9 motorizado, est\u00e1vel e projetado especificamente para motoristas idosos.<\/p>","protected":false},"excerpt":{"rendered":"<p>O <strong data-start=\"4471\" data-end=\"4506\">1,1m Triciclo Elderly Commuting<\/strong> \u00e9 uma solu\u00e7\u00e3o de mobilidade constru\u00edda com prop\u00f3sito para adultos idosos buscando independ\u00eancia, conforto e viagens ecol\u00f3gicas. Equipado com um motor de 48V 500W, rodas de ferro duradouras e suspens\u00e3o hidr\u00e1ulica, <em data-start=\"4701\" data-end=\"4732\">tricicleta el\u00e9trica para idosos<\/em> equilibra a seguran\u00e7a com o desempenho pr\u00e1tico de viagem. \u00c9 uma confiabilidade <em data-start=\"4803\" data-end=\"4822\">tricicleta de mobilidade<\/em> com uma dist\u00e2ncia de condu\u00e7\u00e3o de 60 km por carga, permitindo aos idosos moverem-se livremente dentro de suas comunidades.<\/p>","protected":false},"featured_media":3746,"comment_status":"open","ping_status":"closed","template":"","meta":[],"product_brand":[],"product_cat":[78],"product_tag":[],"class_list":{"0":"post-3739","1":"product","2":"type-product","3":"status-publish","4":"has-post-thumbnail","6":"product_cat-electric-tricycle","8":"first","9":"instock","10":"shipping-taxable","11":"purchasable","12":"product-type-simple"},"_links":{"self":[{"href":"https:\/\/www.tairuiauto.com\/pt\/wp-json\/wp\/v2\/product\/3739","targetHints":{"allow":["GET"]}}],"collection":[{"href":"https:\/\/www.tairuiauto.com\/pt\/wp-json\/wp\/v2\/product"}],"about":[{"href":"https:\/\/www.tairuiauto.com\/pt\/wp-json\/wp\/v2\/types\/product"}],"replies":[{"embeddable":true,"href":"https:\/\/www.tairuiauto.com\/pt\/wp-json\/wp\/v2\/comments?post=3739"}],"wp:featuredmedia":[{"embeddable":true,"href":"https:\/\/www.tairuiauto.com\/pt\/wp-json\/wp\/v2\/media\/3746"}],"wp:attachment":[{"href":"https:\/\/www.tairuiauto.com\/pt\/wp-json\/wp\/v2\/media?parent=3739"}],"wp:term":[{"taxonomy":"product_brand","embeddable":true,"href":"https:\/\/www.tairuiauto.com\/pt\/wp-json\/wp\/v2\/product_brand?post=3739"},{"taxonomy":"product_cat","embeddable":true,"href":"https:\/\/www.tairuiauto.com\/pt\/wp-json\/wp\/v2\/product_cat?post=3739"},{"taxonomy":"product_tag","embeddable":true,"href":"https:\/\/www.tairuiauto.com\/pt\/wp-json\/wp\/v2\/product_tag?post=3739"}],"curies":[{"name":"wp","href":"https:\/\/api.w.org\/{rel}","templated":true}]}}