{"id":3768,"date":"2025-09-17T08:33:33","date_gmt":"2025-09-17T00:33:33","guid":{"rendered":"https:\/\/www.tairuiauto.com\/?post_type=product&#038;p=3768"},"modified":"2025-09-17T10:57:49","modified_gmt":"2025-09-17T02:57:49","slug":"1-3m-eu-certified-freight-tricycle","status":"publish","type":"product","link":"https:\/\/www.tairuiauto.com\/pt\/product\/1-3m-eu-certified-freight-tricycle\/","title":{"rendered":"1,3 milh\u00f5es de tr\u00eas ciclos certificados da UE"},"content":{"rendered":"<h2 data-start=\"255\" data-end=\"280\">Descri\u00e7\u00e3o do produto<\/h2>\n<p data-start=\"281\" data-end=\"803\">\u00a0Constru\u00eddo com padr\u00f5es de certifica\u00e7\u00e3o da UE, isso <strong data-start=\"285\" data-end=\"323\">1,3 milh\u00f5es de tr\u00eas ciclos certificados da UE<\/strong> combina seguran\u00e7a, efici\u00eancia e eco-amizade.<\/p>\n<table style=\"border-collapse: collapse; width: 76.4835%; height: 588px;\" border=\"0\" width=\"682\" cellspacing=\"0\" cellpadding=\"0\">\n<tbody>\n<tr style=\"height: 20.00pt;\">\n<td class=\"et3\" style=\"height: 20pt; width: 40.2537%;\" width=\"350\" height=\"33\">Modelo<\/td>\n<td class=\"et3\" style=\"width: 59.7463%;\" width=\"332\">1,3 milh\u00f5es de tr\u00eas ciclos certificados da UE<\/td>\n<\/tr>\n<tr style=\"height: 20.00pt;\">\n<td class=\"et4\" style=\"height: 20pt; width: 40.2537%;\" width=\"350\" height=\"33\">Tamanho global<\/td>\n<td class=\"et4\" style=\"width: 59.7463%;\" width=\"332\">2520mm*940mm*1135mm<\/td>\n<\/tr>\n<tr style=\"height: 20.00pt;\">\n<td class=\"et4\" style=\"height: 20pt; width: 40.2537%;\" width=\"350\" height=\"33\">Instrumento<\/td>\n<td class=\"et4\" style=\"width: 59.7463%;\" width=\"332\">Instrumento eletr\u00f4nico com painel<\/td>\n<\/tr>\n<tr style=\"height: 20.00pt;\">\n<td class=\"et4\" style=\"height: 20pt; width: 40.2537%;\" width=\"350\" height=\"33\">Controlador<\/td>\n<td class=\"et4\" style=\"width: 59.7463%;\" width=\"332\">12 tubos<\/td>\n<\/tr>\n<tr style=\"height: 20.00pt;\">\n<td class=\"et4\" style=\"height: 20pt; width: 40.2537%;\" width=\"350\" height=\"33\">Atr\u00e1s do Eixo<\/td>\n<td class=\"et4\" style=\"width: 59.7463%;\" width=\"332\">Dividir eixo traseiro<\/td>\n<\/tr>\n<tr style=\"height: 20.00pt;\">\n<td class=\"et4\" style=\"height: 20pt; width: 40.2537%;\" width=\"350\" height=\"33\">Frego frontal<\/td>\n<td class=\"et4\" style=\"width: 59.7463%;\" width=\"332\">31 absor\u00e7\u00e3o de choque \/ freno frontal 110<\/td>\n<\/tr>\n<tr style=\"height: 20.00pt;\">\n<td class=\"et4\" style=\"height: 20pt; width: 40.2537%;\" width=\"350\" height=\"33\">Frego traseiro<\/td>\n<td class=\"et4\" style=\"width: 59.7463%;\" width=\"332\">freno de 130 tambor<\/td>\n<\/tr>\n<tr style=\"height: 20.00pt;\">\n<td class=\"et4\" style=\"height: 20pt; width: 40.2537%;\" width=\"350\" height=\"33\">Gradeabilidade<\/td>\n<td class=\"et4\" style=\"width: 59.7463%;\" width=\"332\">15\u00b0<\/td>\n<\/tr>\n<tr style=\"height: 20.00pt;\">\n<td class=\"et4\" style=\"height: 20pt; width: 40.2537%;\" width=\"350\" height=\"33\">Luz<\/td>\n<td class=\"et4\" style=\"width: 59.7463%;\" width=\"332\">Bomba grande comum<\/td>\n<\/tr>\n<tr style=\"height: 20.00pt;\">\n<td class=\"et4\" style=\"height: 20pt; width: 40.2537%;\" width=\"350\" height=\"33\">Cargar<\/td>\n<td class=\"et4\" style=\"width: 59.7463%;\" width=\"332\">160KG<\/td>\n<\/tr>\n<tr style=\"height: 20.00pt;\">\n<td class=\"et4\" style=\"height: 20pt; width: 40.2537%;\" width=\"350\" height=\"33\">Rim<\/td>\n<td class=\"et4\" style=\"width: 59.7463%;\" width=\"332\">Roda de ferro<\/td>\n<\/tr>\n<tr style=\"height: 20.00pt;\">\n<td class=\"et4\" style=\"height: 20pt; width: 40.2537%;\" width=\"350\" height=\"33\">E-Motor<\/td>\n<td class=\"et4\" style=\"width: 59.7463%;\" width=\"332\">48V 500W<\/td>\n<\/tr>\n<tr style=\"height: 20.00pt;\">\n<td class=\"et4\" style=\"height: 20pt; width: 40.2537%;\" width=\"350\" height=\"33\">Suspens\u00e3o Fronte<\/td>\n<td class=\"et4\" style=\"width: 59.7463%;\" width=\"332\">Absorbidor de choque com hidr\u00e1ulico<\/td>\n<\/tr>\n<tr style=\"height: 20.00pt;\">\n<td class=\"et4\" style=\"height: 20pt; width: 40.2537%;\" width=\"350\" height=\"33\">Suspens\u00e3o posterior<\/td>\n<td class=\"et4\" style=\"width: 59.7463%;\" width=\"332\">A absor\u00e7\u00e3o de choque atr\u00e1s da molha de placa de a\u00e7o refor\u00e7ada<\/td>\n<\/tr>\n<tr style=\"height: 20.00pt;\">\n<td class=\"et4\" style=\"height: 20pt; width: 40.2537%;\" width=\"350\" height=\"33\">Velocidade m\u00e1xima<\/td>\n<td class=\"et4\" style=\"width: 59.7463%;\" width=\"332\">45 Km\/h<\/td>\n<\/tr>\n<tr style=\"height: 20.00pt;\">\n<td class=\"et4\" style=\"height: 20pt; width: 40.2537%;\" width=\"350\" height=\"33\">pneus (F\/R)<\/td>\n<td class=\"et4\" style=\"width: 59.7463%;\" width=\"332\">300-12\/300-12<\/td>\n<\/tr>\n<tr style=\"height: 20.00pt;\">\n<td class=\"et4\" style=\"height: 20pt; width: 40.2537%;\" width=\"350\" height=\"33\">Mileio por Carga<\/td>\n<td class=\"et4\" style=\"width: 59.7463%;\" width=\"332\">60<\/td>\n<\/tr>\n<tr style=\"height: 20.00pt;\">\n<td class=\"et4\" style=\"height: 20pt; width: 40.2537%;\" width=\"350\" height=\"33\">Bateria<\/td>\n<td class=\"et4\" style=\"width: 59.7463%;\" width=\"332\">48V32A bateria livre de manuten\u00e7\u00e3o de \u00e1cido de chumbo<\/td>\n<\/tr>\n<tr style=\"height: 20.00pt;\">\n<td class=\"et4\" style=\"height: 20pt; width: 40.2537%;\" width=\"350\" height=\"33\">Tempo de carga<\/td>\n<td class=\"et4\" style=\"width: 59.7463%;\" width=\"332\">8-10 horas<\/td>\n<\/tr>\n<\/tbody>\n<\/table>\n<h3 data-start=\"4923\" data-end=\"4947\"><\/h3>\n<hr \/>\n<p>&nbsp;<\/p>\n<h2 data-start=\"805\" data-end=\"829\">Key Selling Points<\/h2>\n<ol data-start=\"830\" data-end=\"1486\">\n<li data-start=\"830\" data-end=\"1002\">\n<p data-start=\"833\" data-end=\"1002\"><strong data-start=\"833\" data-end=\"864\">Complian\u00e7a com a certifica\u00e7\u00e3o da UE<\/strong> \u2013 Isto <em data-start=\"872\" data-end=\"899\">tricicleta de transporte el\u00e9trico de mercadorias<\/em> \u00e9 certificado pela UE, assegurando qualidade, seguran\u00e7a e cumprimento dos requisitos log\u00edsticos internacionais.<\/p>\n<\/li>\n<li data-start=\"1003\" data-end=\"1156\">\n<p data-start=\"1006\" data-end=\"1156\"><strong data-start=\"1006\" data-end=\"1031\">Tratamento forte do cargo<\/strong> \u2013 Designado para carregar cargas at\u00e9 160 kg, isso <em data-start=\"1077\" data-end=\"1099\">trigo el\u00e9trico de carga<\/em> apoia pequenos neg\u00f3cios com energia de transporte confi\u00e1vel.<\/p>\n<\/li>\n<li data-start=\"1157\" data-end=\"1321\">\n<p data-start=\"1160\" data-end=\"1321\"><strong data-start=\"1160\" data-end=\"1186\">Transporte ecol\u00f3gico<\/strong> \u2013 Utilizada por um motor de 48V 500W e bateria de \u00e1cido chumbo sem manuten\u00e7\u00e3o, fornece uma alternativa limpa a motos de entrega alimentados com g\u00e1s.<\/p>\n<\/li>\n<li data-start=\"1322\" data-end=\"1486\">\n<p data-start=\"1325\" data-end=\"1486\"><strong data-start=\"1325\" data-end=\"1351\">Mobilidade urbana compacta<\/strong> \u2013 Com uma largura de apenas 940 mm, o <em data-start=\"1387\" data-end=\"1414\">ve\u00edculo de carga de tr\u00eas rodas<\/em> \u00e9 ideal para navegar ruas estreitas da cidade e zonas de entrega estreitas.<\/p>\n<\/li>\n<\/ol>\n<h3 data-start=\"4923\" data-end=\"4947\"><\/h3>\n<hr \/>\n<p>&nbsp;<\/p>\n<h2 data-start=\"1488\" data-end=\"1519\">Avan\u00e7os Diferenciados<\/h2>\n<ol data-start=\"1520\" data-end=\"2025\">\n<li data-start=\"1520\" data-end=\"1648\">\n<p data-start=\"1523\" data-end=\"1648\"><strong data-start=\"1523\" data-end=\"1550\">Certificado para o mercado da UE<\/strong> \u2013 Ao contr\u00e1rio dos tricicletas gen\u00e9ricos, este modelo tem certifica\u00e7\u00e3o da UE, tornando-o pronto para exporta\u00e7\u00e3o para a Europa.<\/p>\n<\/li>\n<li data-start=\"1649\" data-end=\"1784\">\n<p data-start=\"1652\" data-end=\"1784\"><strong data-start=\"1652\" data-end=\"1679\">Durabilidade no uso pesado<\/strong> \u2013 Suspens\u00e3o refor\u00e7ada e trav\u00f5es de tambor asseguram desempenho duradouro em opera\u00e7\u00f5es log\u00edsticas di\u00e1rias.<\/p>\n<\/li>\n<li data-start=\"1785\" data-end=\"1926\">\n<p data-start=\"1788\" data-end=\"1926\"><strong data-start=\"1788\" data-end=\"1818\">Alternativa Cost-Effetiva<\/strong> \u2013 menores custos de investimento e manuten\u00e7\u00e3o em compara\u00e7\u00e3o com furgonetas ou cami\u00f5es, mas ainda satisfazendo as exig\u00eancias log\u00edsticas.<\/p>\n<\/li>\n<li data-start=\"1927\" data-end=\"2025\">\n<p data-start=\"1930\" data-end=\"2025\"><strong data-start=\"1930\" data-end=\"1954\">Alta manuverabilidade<\/strong> \u2013 O tamanho corporal pequeno permite entregas mais r\u00e1pidas em \u00e1reas urbanas congestionadas.<\/p>\n<\/li>\n<\/ol>\n<h3 data-start=\"4923\" data-end=\"4947\">\u00a0 \u00a0 \u00a0 \u00a0 \u00a0 \u00a0 <img fetchpriority=\"high\" decoding=\"async\" class=\"alignnone size-medium wp-image-3771\" src=\"https:\/\/www.tairuiauto.com\/wp-content\/uploads\/2025\/09\/3-13-300x300.jpg\" alt=\"\" width=\"300\" height=\"300\" srcset=\"\" sizes=\"(max-width: 300px) 100vw, 300px\" data-srcset=\"\" \/>\u00a0 \u00a0 \u00a0 \u00a0 \u00a0 \u00a0<img decoding=\"async\" class=\"alignnone size-medium wp-image-3773\" src=\"https:\/\/www.tairuiauto.com\/wp-content\/uploads\/2025\/09\/6-8-300x300.jpg\" alt=\"\" width=\"300\" height=\"300\" srcset=\"\" sizes=\"(max-width: 300px) 100vw, 300px\" data-srcset=\"\" \/>\u00a0 \u00a0 \u00a0 \u00a0 \u00a0 \u00a0<img decoding=\"async\" class=\"alignnone size-medium wp-image-3770\" src=\"https:\/\/www.tairuiauto.com\/wp-content\/uploads\/2025\/09\/2-14-300x300.jpg\" alt=\"\" width=\"300\" height=\"300\" srcset=\"\" sizes=\"(max-width: 300px) 100vw, 300px\" data-srcset=\"\" \/><\/h3>\n<hr \/>\n<p>&nbsp;<\/p>\n<h3>Par\u00e2metros T\u00e9cnicos<\/h3>\n<ul data-start=\"2328\" data-end=\"2573\">\n<li data-start=\"2328\" data-end=\"2353\">\n<p data-start=\"2330\" data-end=\"2353\">Eixo: A\u00e7o posterior dividido<\/p>\n<\/li>\n<li data-start=\"2354\" data-end=\"2419\">\n<p data-start=\"2356\" data-end=\"2419\">Frenos: Freno de absor\u00e7\u00e3o de choque 31 frente \/ Freno de tambor 130 traseiro<\/p>\n<\/li>\n<li data-start=\"2420\" data-end=\"2488\">\n<p data-start=\"2422\" data-end=\"2488\">Suspens\u00e3o: suspens\u00e3o frontal hidr\u00e1ulica\/posterior da molha de placa de a\u00e7o<\/p>\n<\/li>\n<li data-start=\"2489\" data-end=\"2519\">\n<p data-start=\"2491\" data-end=\"2519\">pneus: 300-12 frentes e - atr\u00e1s<\/p>\n<\/li>\n<li data-start=\"2520\" data-end=\"2541\">\n<p data-start=\"2522\" data-end=\"2541\">Gradeabilidade: 15\u00b0<\/p>\n<\/li>\n<li data-start=\"2542\" data-end=\"2573\">\n<p data-start=\"2544\" data-end=\"2573\">Luzes: Grande l\u00e2mpada padr\u00e3o<\/p>\n<\/li>\n<\/ul>\n<h3 data-start=\"2575\" data-end=\"2590\">Materiales<\/h3>\n<p data-start=\"2591\" data-end=\"2695\">Frame de a\u00e7o de alta for \u00e7a, rodas de ferro e componentes de suspens\u00e3o refor\u00e7ados para uso de carga pesada.<\/p>\n<h3 data-start=\"2697\" data-end=\"2713\">Apar\u00eancia<\/h3>\n<p data-start=\"2714\" data-end=\"2784\">Design corporal compacto e orientado para carga com estabilidade e pr\u00e1tica.<\/p>\n<h3 data-start=\"2786\" data-end=\"2798\">Design<\/h3>\n<p data-start=\"2799\" data-end=\"2893\">Constru\u00eddo para efici\u00eancia log\u00edstica, equilibrar a capacidade de carga com estrutura compacta para uso da cidade.<\/p>\n<h3 data-start=\"2895\" data-end=\"2918\">Adapta\u00e7\u00e3o OEM<\/h3>\n<p data-start=\"2919\" data-end=\"2991\">Dispon\u00edvel em diferentes op\u00e7\u00f5es de caixa de carga, cores e decais de marca.<\/p>\n<h3 data-start=\"2993\" data-end=\"3014\">Controlo da qualidade<\/h3>\n<p data-start=\"3015\" data-end=\"3105\">Produ\u00e7\u00e3o certificada com controles de qualidade estritos, cumprimento da UE e testes de desempenho.<\/p>\n<h3 data-start=\"3107\" data-end=\"3132\">Servi\u00e7o de Depois de Venda<\/h3>\n<p data-start=\"3133\" data-end=\"3210\">Partes de repouso, assist\u00eancia t\u00e9cnica e apoio de garantia dispon\u00edveis globalmente.<\/p>\n<h3 data-start=\"3212\" data-end=\"3236\">Campos de Aplica\u00e7\u00e3o<\/h3>\n<ul data-start=\"3237\" data-end=\"3358\">\n<li data-start=\"3237\" data-end=\"3263\">\n<p data-start=\"3239\" data-end=\"3263\">Servi\u00e7o de entrega urbana<\/p>\n<\/li>\n<li data-start=\"3264\" data-end=\"3292\">\n<p data-start=\"3266\" data-end=\"3292\">Log\u00edstica de pequenos neg\u00f3cios<\/p>\n<\/li>\n<li data-start=\"3293\" data-end=\"3322\">\n<p data-start=\"3295\" data-end=\"3322\">Distribui\u00e7\u00e3o de bens de retalho<\/p>\n<\/li>\n<li data-start=\"3323\" data-end=\"3358\">\n<p data-start=\"3325\" data-end=\"3358\">Envio de corredor e com\u00e9rcio electr\u00f3nico<\/p>\n<\/li>\n<\/ul>\n<h3 data-start=\"3360\" data-end=\"3380\">M\u00e9todo de Pagamento<\/h3>\n<p data-start=\"3381\" data-end=\"3443\">Condi\u00e7\u00f5es flex\u00edveis de pagamento: T\/T, L\/C ou outros acordos comerciais.<\/p>\n<h3 data-start=\"4923\" data-end=\"4947\"><\/h3>\n<hr \/>\n<p>&nbsp;<\/p>\n<h2>FAQ<\/h2>\n<p data-start=\"3455\" data-end=\"3512\"><strong data-start=\"3455\" data-end=\"3490\">Q1: Qual \u00e9 a capacidade de carga?<\/strong><br data-start=\"3490\" data-end=\"3493\" \/>A1: At\u00e9 160 kg.<\/p>\n<p data-start=\"3514\" data-end=\"3616\"><strong data-start=\"3514\" data-end=\"3559\">Q2: Est\u00e1 certificado para mercados europeus?<\/strong><br data-start=\"3559\" data-end=\"3562\" \/>A2: Sim, carrega certifica\u00e7\u00e3o da UE para a conformidade.<\/p>\n<p data-start=\"3618\" data-end=\"3684\"><strong data-start=\"3618\" data-end=\"3662\">Q3: Quanto longe pode viajar com uma tarifa?<\/strong><br data-start=\"3662\" data-end=\"3665\" \/>A3: Cerca de 60 km.<\/p>\n<p data-start=\"3686\" data-end=\"3790\"><strong data-start=\"3686\" data-end=\"3727\">Q4: Que tipo de estradas pode lidar?<\/strong><br data-start=\"3727\" data-end=\"3730\" \/>A4: Designado para ruas urbanas, ligeiramente inclinadas at\u00e9 15\u00b0.<\/p>","protected":false},"excerpt":{"rendered":"<p>O <strong data-start=\"4471\" data-end=\"4506\">1,1m Triciclo Elderly Commuting<\/strong> \u00e9 uma solu\u00e7\u00e3o de mobilidade constru\u00edda com prop\u00f3sito para adultos idosos buscando independ\u00eancia, conforto e viagens ecol\u00f3gicas. Equipado com um motor de 48V 500W, rodas de ferro duradouras e suspens\u00e3o hidr\u00e1ulica, <em data-start=\"4701\" data-end=\"4732\">tricicleta el\u00e9trica para idosos<\/em> equilibra a seguran\u00e7a com o desempenho pr\u00e1tico de viagem. \u00c9 uma confiabilidade <em data-start=\"4803\" data-end=\"4822\">tricicleta de mobilidade<\/em> com uma dist\u00e2ncia de condu\u00e7\u00e3o de 60 km por carga, permitindo aos idosos moverem-se livremente dentro de suas comunidades.<\/p>","protected":false},"featured_media":3774,"comment_status":"open","ping_status":"closed","template":"","meta":[],"product_brand":[],"product_cat":[78],"product_tag":[],"class_list":{"0":"post-3768","1":"product","2":"type-product","3":"status-publish","4":"has-post-thumbnail","6":"product_cat-electric-tricycle","8":"first","9":"instock","10":"sale","11":"shipping-taxable","12":"purchasable","13":"product-type-simple"},"_links":{"self":[{"href":"https:\/\/www.tairuiauto.com\/pt\/wp-json\/wp\/v2\/product\/3768","targetHints":{"allow":["GET"]}}],"collection":[{"href":"https:\/\/www.tairuiauto.com\/pt\/wp-json\/wp\/v2\/product"}],"about":[{"href":"https:\/\/www.tairuiauto.com\/pt\/wp-json\/wp\/v2\/types\/product"}],"replies":[{"embeddable":true,"href":"https:\/\/www.tairuiauto.com\/pt\/wp-json\/wp\/v2\/comments?post=3768"}],"wp:featuredmedia":[{"embeddable":true,"href":"https:\/\/www.tairuiauto.com\/pt\/wp-json\/wp\/v2\/media\/3774"}],"wp:attachment":[{"href":"https:\/\/www.tairuiauto.com\/pt\/wp-json\/wp\/v2\/media?parent=3768"}],"wp:term":[{"taxonomy":"product_brand","embeddable":true,"href":"https:\/\/www.tairuiauto.com\/pt\/wp-json\/wp\/v2\/product_brand?post=3768"},{"taxonomy":"product_cat","embeddable":true,"href":"https:\/\/www.tairuiauto.com\/pt\/wp-json\/wp\/v2\/product_cat?post=3768"},{"taxonomy":"product_tag","embeddable":true,"href":"https:\/\/www.tairuiauto.com\/pt\/wp-json\/wp\/v2\/product_tag?post=3768"}],"curies":[{"name":"wp","href":"https:\/\/api.w.org\/{rel}","templated":true}]}}