{"id":3782,"date":"2025-09-18T09:28:51","date_gmt":"2025-09-18T01:28:51","guid":{"rendered":"https:\/\/www.tairuiauto.com\/?post_type=product&#038;p=3782"},"modified":"2025-09-18T10:43:19","modified_gmt":"2025-09-18T02:43:19","slug":"1-5m-freight-tricycle","status":"publish","type":"product","link":"https:\/\/www.tairuiauto.com\/pt\/product\/1-5m-freight-tricycle\/","title":{"rendered":"Triciclo de transporte de mercadorias de 1,5 m"},"content":{"rendered":"<h3 data-start=\"228\" data-end=\"253\">Descri\u00e7\u00e3o do produto<\/h3>\n<p data-start=\"254\" data-end=\"839\">Com um motor de 48V 800W, eixo traseiro integrado e suspens\u00e3o refor\u00e7ada, este ve\u00edculo el\u00e9trico de tr\u00eas rodas proporciona excelente capacidade e estabilidade de carga.<\/p>\n<table style=\"border-collapse: collapse; width: 72.6091%; height: 577px;\" border=\"0\" width=\"688\" cellspacing=\"0\" cellpadding=\"0\">\n<tbody>\n<tr style=\"height: 20.00pt;\">\n<td class=\"et3\" style=\"height: 20pt; width: 40.3402%;\" width=\"321\" height=\"33\">Modelo<\/td>\n<td class=\"et3\" style=\"width: 59.6598%;\" width=\"367\">Triciclo de transporte de mercadorias de 1,5 m<\/td>\n<\/tr>\n<tr style=\"height: 20.00pt;\">\n<td class=\"et4\" style=\"height: 20pt; width: 40.3402%;\" width=\"321\" height=\"33\">Tamanho global<\/td>\n<td class=\"et4\" style=\"width: 59.6598%;\" width=\"367\">2945mm*1050mm*1365mm<\/td>\n<\/tr>\n<tr style=\"height: 20.00pt;\">\n<td class=\"et4\" style=\"height: 20pt; width: 40.3402%;\" width=\"321\" height=\"33\">Instrumento<\/td>\n<td class=\"et4\" style=\"width: 59.6598%;\" width=\"367\">Instrumento eletr\u00f4nico com painel<\/td>\n<\/tr>\n<tr style=\"height: 20.00pt;\">\n<td class=\"et4\" style=\"height: 20pt; width: 40.3402%;\" width=\"321\" height=\"33\">Controlador<\/td>\n<td class=\"et4\" style=\"width: 59.6598%;\" width=\"367\">18 tubos<\/td>\n<\/tr>\n<tr style=\"height: 20.00pt;\">\n<td class=\"et4\" style=\"height: 20pt; width: 40.3402%;\" width=\"321\" height=\"33\">Atr\u00e1s do Eixo<\/td>\n<td class=\"et4\" style=\"width: 59.6598%;\" width=\"367\">Eixo traseiro integrado<\/td>\n<\/tr>\n<tr style=\"height: 20.00pt;\">\n<td class=\"et4\" style=\"height: 20pt; width: 40.3402%;\" width=\"321\" height=\"33\">Frego frontal<\/td>\n<td class=\"et4\" style=\"width: 59.6598%;\" width=\"367\">37 absor\u00e7\u00e3o de choque \/ freno frontal 110<\/td>\n<\/tr>\n<tr style=\"height: 20.00pt;\">\n<td class=\"et4\" style=\"height: 20pt; width: 40.3402%;\" width=\"321\" height=\"33\">Frego traseiro<\/td>\n<td class=\"et4\" style=\"width: 59.6598%;\" width=\"367\">160 trav\u00f5es de tambor<\/td>\n<\/tr>\n<tr style=\"height: 20.00pt;\">\n<td class=\"et4\" style=\"height: 20pt; width: 40.3402%;\" width=\"321\" height=\"33\">Gradeabilidade<\/td>\n<td class=\"et4\" style=\"width: 59.6598%;\" width=\"367\">15\u00b0<\/td>\n<\/tr>\n<tr style=\"height: 20.00pt;\">\n<td class=\"et4\" style=\"height: 20pt; width: 40.3402%;\" width=\"321\" height=\"33\">Luz<\/td>\n<td class=\"et4\" style=\"width: 59.6598%;\" width=\"367\">Bomba grande comum<\/td>\n<\/tr>\n<tr style=\"height: 20.00pt;\">\n<td class=\"et4\" style=\"height: 20pt; width: 40.3402%;\" width=\"321\" height=\"33\">Cargando Capacidade<\/td>\n<td class=\"et4\" style=\"width: 59.6598%;\" width=\"367\">175KG<\/td>\n<\/tr>\n<tr style=\"height: 20.00pt;\">\n<td class=\"et4\" style=\"height: 20pt; width: 40.3402%;\" width=\"321\" height=\"33\">Rim<\/td>\n<td class=\"et4\" style=\"width: 59.6598%;\" width=\"367\">Roda de ferro<\/td>\n<\/tr>\n<tr style=\"height: 20.00pt;\">\n<td class=\"et4\" style=\"height: 20pt; width: 40.3402%;\" width=\"321\" height=\"33\">E-Motor<\/td>\n<td class=\"et4\" style=\"width: 59.6598%;\" width=\"367\">48V800W Shift<\/td>\n<\/tr>\n<tr style=\"height: 20.00pt;\">\n<td class=\"et4\" style=\"height: 20pt; width: 40.3402%;\" width=\"321\" height=\"33\">Suspens\u00e3o Fronte<\/td>\n<td class=\"et4\" style=\"width: 59.6598%;\" width=\"367\">Absorbidor de choque com hidr\u00e1ulico<\/td>\n<\/tr>\n<tr style=\"height: 20.00pt;\">\n<td class=\"et4\" style=\"height: 20pt; width: 40.3402%;\" width=\"321\" height=\"33\">Suspens\u00e3o posterior<\/td>\n<td class=\"et4\" style=\"width: 59.6598%;\" width=\"367\">A absor\u00e7\u00e3o de choque atr\u00e1s da molha de placa de a\u00e7o refor\u00e7ada<\/td>\n<\/tr>\n<tr style=\"height: 20.00pt;\">\n<td class=\"et4\" style=\"height: 20pt; width: 40.3402%;\" width=\"321\" height=\"33\">Velocidade m\u00e1xima<\/td>\n<td class=\"et4\" style=\"width: 59.6598%;\" width=\"367\">45 Km\/h<\/td>\n<\/tr>\n<tr style=\"height: 20.00pt;\">\n<td class=\"et4\" style=\"height: 20pt; width: 40.3402%;\" width=\"321\" height=\"33\">pneus (F\/R)<\/td>\n<td class=\"et4\" style=\"width: 59.6598%;\" width=\"367\">3.75-12\/3.75-12<\/td>\n<\/tr>\n<tr style=\"height: 20.00pt;\">\n<td class=\"et4\" style=\"height: 20pt; width: 40.3402%;\" width=\"321\" height=\"33\">Mileio por Carga<\/td>\n<td class=\"et4\" style=\"width: 59.6598%;\" width=\"367\">65\/75<\/td>\n<\/tr>\n<tr style=\"height: 20.00pt;\">\n<td class=\"et4\" style=\"height: 20pt; width: 40.3402%;\" width=\"321\" height=\"33\">Bateria<\/td>\n<td class=\"et4\" style=\"width: 59.6598%;\" width=\"367\">60v52A bateria livre de manuten\u00e7\u00e3o de \u00e1cido de chumbo<\/td>\n<\/tr>\n<tr style=\"height: 20.00pt;\">\n<td class=\"et4\" style=\"height: 20pt; width: 40.3402%;\" width=\"321\" height=\"33\">Tempo de carga<\/td>\n<td class=\"et4\" style=\"width: 59.6598%;\" width=\"367\">8-10 horas<\/td>\n<\/tr>\n<\/tbody>\n<\/table>\n<h3 data-start=\"4923\" data-end=\"4947\"><\/h3>\n<hr \/>\n<p>&nbsp;<\/p>\n<h3 data-start=\"841\" data-end=\"865\">Key Selling Points<\/h3>\n<ol data-start=\"866\" data-end=\"1414\">\n<li data-start=\"866\" data-end=\"1020\">\n<p data-start=\"869\" data-end=\"1020\"><strong data-start=\"869\" data-end=\"891\">Alta capacidade de carga<\/strong> \u2013 Designado para carregar at\u00e9 175 kg, isso <em data-start=\"935\" data-end=\"960\">tricicleta de carga el\u00e9trica<\/em> \u00e9 perfeito para pequenas empresas e empresas log\u00edsticas.<\/p>\n<\/li>\n<li data-start=\"1021\" data-end=\"1167\">\n<p data-start=\"1024\" data-end=\"1167\"><strong data-start=\"1024\" data-end=\"1042\">Powerful Motor<\/strong> \u2013 Equipado com um motor 48V 800W, este <em data-start=\"1082\" data-end=\"1111\">ve\u00edculo de tr\u00eas rodas<\/em> assegura acelera\u00e7\u00e3o suave e pot\u00eancia de arrasto est\u00e1vel.<\/p>\n<\/li>\n<li data-start=\"1168\" data-end=\"1292\">\n<p data-start=\"1171\" data-end=\"1292\"><strong data-start=\"1171\" data-end=\"1189\">Rango alargado<\/strong> \u2013 Com at\u00e9 75 km por carga, o <em data-start=\"1225\" data-end=\"1249\">trigo el\u00e9trico de carga<\/em> fornece um servi\u00e7o mais longo entre encargos.<\/p>\n<\/li>\n<li data-start=\"1293\" data-end=\"1414\">\n<p data-start=\"1296\" data-end=\"1414\"><strong data-start=\"1296\" data-end=\"1322\">Opera\u00e7\u00e3o ecol\u00f3gica<\/strong> \u2013 Uma alternativa de emiss\u00e3o zero para bicicletas de carga baseadas em combust\u00edvel, ideal para log\u00edstica sustent\u00e1vel.<\/p>\n<\/li>\n<\/ol>\n<h3 data-start=\"4923\" data-end=\"4947\"><\/h3>\n<hr \/>\n<p>&nbsp;<\/p>\n<h3 data-start=\"1416\" data-end=\"1447\">Avan\u00e7os Diferenciados<\/h3>\n<ol data-start=\"1448\" data-end=\"1915\">\n<li data-start=\"1448\" data-end=\"1571\">\n<p data-start=\"1451\" data-end=\"1571\"><strong data-start=\"1451\" data-end=\"1474\">Mais e mais fortes<\/strong> \u2013 Comparado a pequenos triques de carga, o modelo de 1,5 m suporta cargas mais pesadas e viagens mais longas.<\/p>\n<\/li>\n<li data-start=\"1572\" data-end=\"1700\">\n<p data-start=\"1575\" data-end=\"1700\"><strong data-start=\"1575\" data-end=\"1599\">Constru\u00e7\u00e3o Dur\u00e1vel<\/strong> \u2013 Suspens\u00e3o hidr\u00e1ulica e suspens\u00e3o posterior refor\u00e7ada da placa de a\u00e7o asseguram confiabilidade duradoura.<\/p>\n<\/li>\n<li data-start=\"1701\" data-end=\"1787\">\n<p data-start=\"1704\" data-end=\"1787\"><strong data-start=\"1704\" data-end=\"1728\">Axo Inferior Integrado<\/strong> \u2013 Fornece melhor equil\u00edbrio e manejo mais suave da carga.<\/p>\n<\/li>\n<li data-start=\"1788\" data-end=\"1915\">\n<p data-start=\"1791\" data-end=\"1915\"><strong data-start=\"1791\" data-end=\"1819\">Transporte eficaz em custos<\/strong> \u2013 Reduz os custos operacionais em compara\u00e7\u00e3o com furgonetas ou cami\u00f5es, enquanto ainda cobre as demandas log\u00edsticas da cidade.<\/p>\n<\/li>\n<\/ol>\n<h3 data-start=\"4923\" data-end=\"4947\">\u00a0 \u00a0 \u00a0 \u00a0 \u00a0 \u00a0<img fetchpriority=\"high\" decoding=\"async\" class=\"alignnone size-medium wp-image-3792\" src=\"https:\/\/www.tairuiauto.com\/wp-content\/uploads\/2025\/09\/5-15-300x300.jpg\" alt=\"Triciclo de transporte de mercadorias de 1,5 m\" width=\"300\" height=\"300\" srcset=\"\" sizes=\"(max-width: 300px) 100vw, 300px\" data-srcset=\"\" \/>\u00a0 \u00a0 \u00a0 \u00a0 \u00a0 \u00a0<img decoding=\"async\" class=\"alignnone size-medium wp-image-3790\" src=\"https:\/\/www.tairuiauto.com\/wp-content\/uploads\/2025\/09\/3-15-300x300.jpg\" alt=\"\" width=\"300\" height=\"300\" srcset=\"\" sizes=\"(max-width: 300px) 100vw, 300px\" data-srcset=\"\" \/>\u00a0 \u00a0 \u00a0 \u00a0 \u00a0 \u00a0<img decoding=\"async\" class=\"alignnone size-medium wp-image-3791\" src=\"https:\/\/www.tairuiauto.com\/wp-content\/uploads\/2025\/09\/4-14-300x300.jpg\" alt=\"\" width=\"300\" height=\"300\" srcset=\"\" sizes=\"(max-width: 300px) 100vw, 300px\" data-srcset=\"\" \/><\/h3>\n<hr \/>\n<p>&nbsp;<\/p>\n<h3 data-start=\"2147\" data-end=\"2173\">Par\u00e2metros T\u00e9cnicos<\/h3>\n<ul data-start=\"2174\" data-end=\"2432\">\n<li data-start=\"2174\" data-end=\"2198\">\n<p data-start=\"2176\" data-end=\"2198\">Controlador: 18 tubos<\/p>\n<\/li>\n<li data-start=\"2199\" data-end=\"2264\">\n<p data-start=\"2201\" data-end=\"2264\">Frenos: Freno de absor\u00e7\u00e3o de choque frontal 37 \/ Freno de tambor atr\u00e1s 160<\/p>\n<\/li>\n<li data-start=\"2265\" data-end=\"2295\">\n<p data-start=\"2267\" data-end=\"2295\">Atr\u00e1s do Eixo: Tipo integrado<\/p>\n<\/li>\n<li data-start=\"2296\" data-end=\"2327\">\n<p data-start=\"2298\" data-end=\"2327\">pneus: 3,75-12 frente e - atr\u00e1s<\/p>\n<\/li>\n<li data-start=\"2328\" data-end=\"2385\">\n<p data-start=\"2330\" data-end=\"2385\">Suspens\u00e3o: molha hidr\u00e1ulica, prata de a\u00e7o refor\u00e7ada<\/p>\n<\/li>\n<li data-start=\"2386\" data-end=\"2400\">\n<p data-start=\"2388\" data-end=\"2400\">Subir: 15\u00b0<\/p>\n<\/li>\n<li data-start=\"2401\" data-end=\"2432\">\n<p data-start=\"2403\" data-end=\"2432\">Luzes: Grande l\u00e2mpada padr\u00e3o<\/p>\n<\/li>\n<\/ul>\n<p>&nbsp;<\/p>\n<h3 data-start=\"2434\" data-end=\"2449\">Materiales<\/h3>\n<p data-start=\"2450\" data-end=\"2504\">Frame de a\u00e7o, rodas de ferro e suspens\u00e3o pesada.<\/p>\n<p data-start=\"2450\" data-end=\"2504\">\n<h3 data-start=\"2506\" data-end=\"2522\">Apar\u00eancia<\/h3>\n<p data-start=\"2523\" data-end=\"2584\">Design compacto mas s\u00f3lido, otimizado para o transporte de mercadorias.<\/p>\n<p data-start=\"2523\" data-end=\"2584\">\n<h3 data-start=\"2586\" data-end=\"2598\">Design<\/h3>\n<p data-start=\"2599\" data-end=\"2665\">Utilidade focada com estabilidade e extens\u00e3o da gama para a log\u00edstica.<\/p>\n<p data-start=\"2599\" data-end=\"2665\">\n<h3 data-start=\"2667\" data-end=\"2690\">Adapta\u00e7\u00e3o OEM<\/h3>\n<p data-start=\"2691\" data-end=\"2748\">Caixa de carga personalizada, marca e cores dispon\u00edveis.<\/p>\n<p data-start=\"2691\" data-end=\"2748\">\n<h3 data-start=\"2750\" data-end=\"2771\">Controlo da qualidade<\/h3>\n<p data-start=\"2772\" data-end=\"2859\">Fabrica testada com inspec\u00e7\u00f5es estritas, controles de durabilidade e certifica\u00e7\u00f5es de seguran\u00e7a.<\/p>\n<p data-start=\"2772\" data-end=\"2859\">\n<h3 data-start=\"2861\" data-end=\"2886\">Servi\u00e7o de Depois de Venda<\/h3>\n<p data-start=\"2887\" data-end=\"2941\">Garantia, pe\u00e7as de repouso e apoio t\u00e9cnico global.<\/p>\n<p data-start=\"2887\" data-end=\"2941\">\n<h3 data-start=\"2943\" data-end=\"2967\">Campos de Aplica\u00e7\u00e3o<\/h3>\n<ul data-start=\"2968\" data-end=\"3068\">\n<li data-start=\"2968\" data-end=\"2996\">\n<p data-start=\"2970\" data-end=\"2996\">Log\u00edstica de pequenos neg\u00f3cios<\/p>\n<\/li>\n<li data-start=\"2997\" data-end=\"3019\">\n<p data-start=\"2999\" data-end=\"3019\">Entrega da \u00faltima milha<\/p>\n<\/li>\n<li data-start=\"3020\" data-end=\"3042\">\n<p data-start=\"3022\" data-end=\"3042\">Cadeia de abastecimento urbano<\/p>\n<\/li>\n<li data-start=\"3043\" data-end=\"3068\">\n<p data-start=\"3045\" data-end=\"3068\">Entregas de com\u00e9rcio electr\u00f3nico<\/p>\n<\/li>\n<\/ul>\n<p>&nbsp;<\/p>\n<h3 data-start=\"3070\" data-end=\"3090\">M\u00e9todo de Pagamento<\/h3>\n<p data-start=\"3091\" data-end=\"3157\">As op\u00e7\u00f5es incluem T\/T, L\/C e outros m\u00e9todos de com\u00e9rcio internacional.<\/p>\n<h3 data-start=\"4923\" data-end=\"4947\"><\/h3>\n<hr \/>\n<p>&nbsp;<\/p>\n<h3 data-start=\"3159\" data-end=\"3168\">FAQ<\/h3>\n<p data-start=\"3169\" data-end=\"3228\"><strong data-start=\"3169\" data-end=\"3206\">Q1: Quanto peso pode carregar?<\/strong><br data-start=\"3206\" data-end=\"3209\" \/>A1: At\u00e9 175 kg.<\/p>\n<p data-start=\"3230\" data-end=\"3292\"><strong data-start=\"3230\" data-end=\"3266\">Q2: Quanto tempo leva a carga?<\/strong><br data-start=\"3266\" data-end=\"3269\" \/>A2: Cerca de 8-10 horas.<\/p>\n<p data-start=\"3294\" data-end=\"3349\"><strong data-start=\"3294\" data-end=\"3331\">Q3: Qual \u00e9 o intervalo por carga?<\/strong><br data-start=\"3331\" data-end=\"3334\" \/>A3: 65-75 km.<\/p>\n<p data-start=\"3351\" data-end=\"3424\"><strong data-start=\"3351\" data-end=\"3390\">Q4: \u00c9 adequado para estradas agudas?<\/strong><br data-start=\"3390\" data-end=\"3393\" \/>A4: Sim, sube at\u00e9 15\u00b0.<\/p>","protected":false},"excerpt":{"rendered":"<p>O <strong data-start=\"258\" data-end=\"283\">Triciclo de transporte de mercadorias de 1,5 m<\/strong> \u00e9 uma poderosa solu\u00e7\u00e3o de carga el\u00e9trica constru\u00edda para a log\u00edstica urbana e rural. Com um motor de 48V 800W, eixo traseiro integrado e suspens\u00e3o refor\u00e7ada, este ve\u00edculo el\u00e9trico de tr\u00eas rodas proporciona excelente capacidade e estabilidade de carga. Seu tamanho corporal maior de 1,5 m permite maior capacidade de carregamento, tornando-o ideal <em data-start=\"598\" data-end=\"625\">tricicleta de transporte el\u00e9trico de mercadorias<\/em> para pequenos neg\u00f3cios, entrega de com\u00e9rcio electr\u00f3nico e cadeias urbanas de abastecimento. Com uma velocidade m\u00e1xima de 45 km\/h e uma dist\u00e2ncia de 65-75 km por carga, isso <em data-start=\"760\" data-end=\"782\">trigo el\u00e9trico de carga<\/em> equilibra efici\u00eancia, durabilidade e eco-amizade.<\/p>","protected":false},"featured_media":3793,"comment_status":"open","ping_status":"closed","template":"","meta":[],"product_brand":[],"product_cat":[78],"product_tag":[],"class_list":{"0":"post-3782","1":"product","2":"type-product","3":"status-publish","4":"has-post-thumbnail","6":"product_cat-electric-tricycle","8":"first","9":"instock","10":"sale","11":"shipping-taxable","12":"purchasable","13":"product-type-simple"},"_links":{"self":[{"href":"https:\/\/www.tairuiauto.com\/pt\/wp-json\/wp\/v2\/product\/3782","targetHints":{"allow":["GET"]}}],"collection":[{"href":"https:\/\/www.tairuiauto.com\/pt\/wp-json\/wp\/v2\/product"}],"about":[{"href":"https:\/\/www.tairuiauto.com\/pt\/wp-json\/wp\/v2\/types\/product"}],"replies":[{"embeddable":true,"href":"https:\/\/www.tairuiauto.com\/pt\/wp-json\/wp\/v2\/comments?post=3782"}],"wp:featuredmedia":[{"embeddable":true,"href":"https:\/\/www.tairuiauto.com\/pt\/wp-json\/wp\/v2\/media\/3793"}],"wp:attachment":[{"href":"https:\/\/www.tairuiauto.com\/pt\/wp-json\/wp\/v2\/media?parent=3782"}],"wp:term":[{"taxonomy":"product_brand","embeddable":true,"href":"https:\/\/www.tairuiauto.com\/pt\/wp-json\/wp\/v2\/product_brand?post=3782"},{"taxonomy":"product_cat","embeddable":true,"href":"https:\/\/www.tairuiauto.com\/pt\/wp-json\/wp\/v2\/product_cat?post=3782"},{"taxonomy":"product_tag","embeddable":true,"href":"https:\/\/www.tairuiauto.com\/pt\/wp-json\/wp\/v2\/product_tag?post=3782"}],"curies":[{"name":"wp","href":"https:\/\/api.w.org\/{rel}","templated":true}]}}