{"id":3796,"date":"2025-09-19T08:13:37","date_gmt":"2025-09-19T00:13:37","guid":{"rendered":"https:\/\/www.tairuiauto.com\/?post_type=product&#038;p=3796"},"modified":"2025-09-19T08:32:18","modified_gmt":"2025-09-19T00:32:18","slug":"1-6m-freight-tricycle","status":"publish","type":"product","link":"https:\/\/www.tairuiauto.com\/pt\/product\/1-6m-freight-tricycle\/","title":{"rendered":"1,6 m Triciclo de Freight"},"content":{"rendered":"<h3 data-start=\"226\" data-end=\"251\">Descri\u00e7\u00e3o do produto<\/h3>\n<p data-start=\"252\" data-end=\"747\">Com um motor forte de 60V 800W, absor\u00e7\u00e3o de choque hidr\u00e1ulico e suspens\u00e3o refor\u00e7ada de placas de a \u00e7o, isso <em data-start=\"509\" data-end=\"536\">tricicleta de transporte el\u00e9trico de mercadorias<\/em> \u00e9 constru\u00edda para a confiabilidade em opera\u00e7\u00f5es de entrega urbana e rural.<\/p>\n<table style=\"border-collapse: collapse; width: 76.4857%; height: 765px;\" border=\"0\" width=\"698\" cellspacing=\"0\" cellpadding=\"0\">\n<tbody>\n<tr style=\"height: 20.00pt;\">\n<td class=\"et3\" style=\"height: 20pt; width: 39.1003%;\" width=\"351\" height=\"33\">Modelo<\/td>\n<td class=\"et3\" style=\"width: 60.8997%;\" width=\"347\">1,6 m Triciclo de Freight<\/td>\n<\/tr>\n<tr style=\"height: 20.00pt;\">\n<td class=\"et4\" style=\"height: 20pt; width: 39.1003%;\" width=\"351\" height=\"33\">Dimens\u00f5es gerais do ve\u00edculo (mm)<\/td>\n<td class=\"et4\" style=\"width: 60.8997%;\" width=\"347\">3080*1148*1350<\/td>\n<\/tr>\n<tr style=\"height: 20.00pt;\">\n<td class=\"et4\" style=\"height: 20pt; width: 39.1003%;\" width=\"351\" height=\"33\">Dashboard<\/td>\n<td class=\"et4\" style=\"width: 60.8997%;\" width=\"347\">painel de instrumentos LCD<\/td>\n<\/tr>\n<tr style=\"height: 20.00pt;\">\n<td class=\"et4\" style=\"height: 20pt; width: 39.1003%;\" width=\"351\" height=\"33\">controlador motor<\/td>\n<td class=\"et4\" style=\"width: 60.8997%;\" width=\"347\">controlador de 18 tubos<\/td>\n<\/tr>\n<tr style=\"height: 20.00pt;\">\n<td class=\"et4\" style=\"height: 20pt; width: 39.1003%;\" width=\"351\" height=\"33\">eixo traseiro<\/td>\n<td class=\"et4\" style=\"width: 60.8997%;\" width=\"347\">Eixo traseiro integrado<\/td>\n<\/tr>\n<tr style=\"height: 20.00pt;\">\n<td class=\"et4\" style=\"height: 20pt; width: 39.1003%;\" width=\"351\" height=\"33\">Frego frontal<\/td>\n<td class=\"et4\" style=\"width: 60.8997%;\" width=\"347\">33 Absorp\u00e7\u00e3o de choque\/freno frontal 110<\/td>\n<\/tr>\n<tr style=\"height: 20.00pt;\">\n<td class=\"et4\" style=\"height: 20pt; width: 39.1003%;\" width=\"351\" height=\"33\">freno traseiro<\/td>\n<td class=\"et4\" style=\"width: 60.8997%;\" width=\"347\">160 tambor de freio<\/td>\n<\/tr>\n<tr style=\"height: 20.00pt;\">\n<td class=\"et4\" style=\"height: 20pt; width: 39.1003%;\" width=\"351\" height=\"33\">\u00e2ngulo de subida<\/td>\n<td class=\"et4\" style=\"width: 60.8997%;\" width=\"347\">15\u00b0<\/td>\n<\/tr>\n<tr style=\"height: 20.00pt;\">\n<td class=\"et4\" style=\"height: 20pt; width: 39.1003%;\" width=\"351\" height=\"33\">Luzes de frente<\/td>\n<td class=\"et4\" style=\"width: 60.8997%;\" width=\"347\">LED<\/td>\n<\/tr>\n<tr style=\"height: 20.00pt;\">\n<td class=\"et4\" style=\"height: 20pt; width: 39.1003%;\" width=\"351\" height=\"33\">Atra\u00e7\u00e3o do solo<\/td>\n<td class=\"et4\" style=\"width: 60.8997%;\" width=\"347\">140mm<\/td>\n<\/tr>\n<tr style=\"height: 20.00pt;\">\n<td class=\"et4\" style=\"height: 20pt; width: 39.1003%;\" width=\"351\" height=\"33\">peso<\/td>\n<td class=\"et4\" style=\"width: 60.8997%;\" width=\"347\">220kg<\/td>\n<\/tr>\n<tr style=\"height: 20.00pt;\">\n<td class=\"et4\" style=\"height: 20pt; width: 39.1003%;\" width=\"351\" height=\"33\">carga<\/td>\n<td class=\"et4\" style=\"width: 60.8997%;\" width=\"347\">500 kg<\/td>\n<\/tr>\n<tr style=\"height: 28.00pt;\">\n<td class=\"et4\" style=\"height: 28pt; width: 39.1003%;\" width=\"351\" height=\"46\">Opcional<\/td>\n<td class=\"et4\" style=\"width: 60.8997%;\" width=\"347\">Opcional: absortor de choque, motor, controlador, pneus, eixo traseiro<\/td>\n<\/tr>\n<tr style=\"height: 20.00pt;\">\n<td class=\"et4\" style=\"height: 20pt; width: 39.1003%;\" width=\"351\" height=\"33\">centro de rodas<\/td>\n<td class=\"et4\" style=\"width: 60.8997%;\" width=\"347\">centro de rodas<\/td>\n<\/tr>\n<tr style=\"height: 20.00pt;\">\n<td class=\"et4\" style=\"height: 20pt; width: 39.1003%;\" width=\"351\" height=\"33\">motor<\/td>\n<td class=\"et4\" style=\"width: 60.8997%;\" width=\"347\">Motor 60v800w<\/td>\n<\/tr>\n<tr style=\"height: 20.00pt;\">\n<td class=\"et4\" style=\"height: 20pt; width: 39.1003%;\" width=\"351\" height=\"33\">absortor de choque frontal<\/td>\n<td class=\"et4\" style=\"width: 60.8997%;\" width=\"347\">Absorbidor de choque hidr\u00e1ulico<\/td>\n<\/tr>\n<tr style=\"height: 20.00pt;\">\n<td class=\"et4\" style=\"height: 20pt; width: 39.1003%;\" width=\"351\" height=\"33\">Suspens\u00e3o posterior<\/td>\n<td class=\"et4\" style=\"width: 60.8997%;\" width=\"347\">Assorbi\u00e7\u00e3o de choque posterior da molha de prata de a\u00e7o refor\u00e7ada<\/td>\n<\/tr>\n<tr style=\"height: 20.00pt;\">\n<td class=\"et4\" style=\"height: 20pt; width: 39.1003%;\" width=\"351\" height=\"33\">velocidade m\u00e1xima<\/td>\n<td class=\"et4\" style=\"width: 60.8997%;\" width=\"347\">36km\/h<\/td>\n<\/tr>\n<tr style=\"height: 20.00pt;\">\n<td class=\"et4\" style=\"height: 20pt; width: 39.1003%;\" width=\"351\" height=\"33\">pneus de frente e de tr\u00e1s<\/td>\n<td class=\"et4\" style=\"width: 60.8997%;\" width=\"347\">F375-12\/R375-12<\/td>\n<\/tr>\n<tr style=\"height: 20.00pt;\">\n<td class=\"et4\" style=\"height: 20pt; width: 39.1003%;\" width=\"351\" height=\"33\">resist\u00eancia<\/td>\n<td class=\"et4\" style=\"width: 60.8997%;\" width=\"347\">45km<\/td>\n<\/tr>\n<tr style=\"height: 20.00pt;\">\n<td class=\"et4\" style=\"height: 20pt; width: 39.1003%;\" width=\"351\" height=\"33\">Bateria<\/td>\n<td class=\"et4\" style=\"width: 60.8997%;\" width=\"347\">60V52A<\/td>\n<\/tr>\n<tr style=\"height: 20.00pt;\">\n<td class=\"et4\" style=\"height: 20pt; width: 39.1003%;\" width=\"351\" height=\"33\">Cor<\/td>\n<td class=\"et4\" style=\"width: 60.8997%;\" width=\"347\">Azul, Verde, prata, Vermelho<\/td>\n<\/tr>\n<tr style=\"height: 28.00pt;\">\n<td class=\"et4\" style=\"height: 28pt; width: 39.1003%;\" width=\"351\" height=\"46\">certifica\u00e7\u00e3o<\/td>\n<td class=\"et5\" style=\"width: 60.8997%;\" width=\"347\"><span class=\"font3\">Qualifica\u00e7\u00e3o nacional de produ\u00e7\u00e3o de n\u00edvel 1<\/span><span class=\"font2\">, CCC<\/span><\/td>\n<\/tr>\n<tr style=\"height: 20.00pt;\">\n<td class=\"et4\" style=\"height: 20pt; width: 39.1003%;\" width=\"351\" height=\"33\">tempo de carga<\/td>\n<td class=\"et4\" style=\"width: 60.8997%;\" width=\"347\">6-8 horas<\/td>\n<\/tr>\n<tr style=\"height: 20.00pt;\">\n<td class=\"et4\" style=\"height: 20pt; width: 39.1003%;\" width=\"351\" height=\"33\">Cargando em 40HQ<\/td>\n<td class=\"et4\" style=\"width: 60.8997%;\" width=\"347\">SKD 32<\/td>\n<\/tr>\n<\/tbody>\n<\/table>\n<h3 data-start=\"4923\" data-end=\"4947\"><\/h3>\n<hr \/>\n<p>&nbsp;<\/p>\n<h3 data-start=\"749\" data-end=\"773\">Key Selling Points<\/h3>\n<ol data-start=\"774\" data-end=\"1329\">\n<li data-start=\"774\" data-end=\"914\">\n<p data-start=\"777\" data-end=\"914\"><strong data-start=\"777\" data-end=\"800\">Grande Capacidade de Carga<\/strong> \u2013 Com uma carga m\u00e1xima de 500 kg, isso <em data-start=\"839\" data-end=\"866\">tricicleta de transporte el\u00e9trico de mercadorias<\/em> apoia a log\u00edstica comercial e industrial.<\/p>\n<\/li>\n<li data-start=\"915\" data-end=\"1061\">\n<p data-start=\"918\" data-end=\"1061\"><strong data-start=\"918\" data-end=\"940\">Powertrain duradouro<\/strong> \u2013 O motor 60V 800W fornece um torque constante, fazendo isso <em data-start=\"998\" data-end=\"1025\">ve\u00edculo de carga de tr\u00eas rodas<\/em> adequados para estradas colinas ou ocupadas.<\/p>\n<\/li>\n<li data-start=\"1062\" data-end=\"1196\">\n<p data-start=\"1065\" data-end=\"1196\"><strong data-start=\"1065\" data-end=\"1086\">Suspens\u00e3o forte<\/strong> \u2013 absortores de choque frontal hidr\u00e1ulicos e suspens\u00e3o posterior de a\u00e7o refor\u00e7ada refor\u00e7am a estabilidade sob cargas pesadas.<\/p>\n<\/li>\n<li data-start=\"1197\" data-end=\"1329\">\n<p data-start=\"1200\" data-end=\"1329\"><strong data-start=\"1200\" data-end=\"1226\">Transporte ecol\u00f3gico<\/strong> \u2013 Uma alternativa de emiss\u00e3o zero aos cami\u00f5es, isto <em data-start=\"1273\" data-end=\"1295\">trigo el\u00e9trico de carga<\/em> promove log\u00edstica sustent\u00e1vel.<\/p>\n<\/li>\n<\/ol>\n<h3 data-start=\"4923\" data-end=\"4947\"><\/h3>\n<hr \/>\n<p>&nbsp;<\/p>\n<h3 data-start=\"1331\" data-end=\"1362\">Avan\u00e7os Diferenciados<\/h3>\n<ol data-start=\"1363\" data-end=\"1816\">\n<li data-start=\"1363\" data-end=\"1465\">\n<p data-start=\"1366\" data-end=\"1465\"><strong data-start=\"1366\" data-end=\"1400\">Estabilidade integrada do eixo traseiro<\/strong> \u2013 Garantiza equil\u00edbrio e condu\u00e7\u00e3o suave, mesmo sob carga m\u00e1xima.<\/p>\n<\/li>\n<li data-start=\"1466\" data-end=\"1559\">\n<p data-start=\"1469\" data-end=\"1559\"><strong data-start=\"1469\" data-end=\"1494\">Durabilidade de Trabalho Pessoal<\/strong> \u2013 220 kg de peso de quadro proporciona for\u00e7a contra desgaste e l\u00e1grima.<\/p>\n<\/li>\n<li data-start=\"1560\" data-end=\"1692\">\n<p data-start=\"1563\" data-end=\"1692\"><strong data-start=\"1563\" data-end=\"1592\">Caracter\u00edsticas de Seguran\u00e7a Optimizadas<\/strong> \u2013 luzes LED, dist\u00e2ncia de 140 mm, e freios de tambor confi\u00e1veis aumentam a confian\u00e7a dos operadores.<\/p>\n<\/li>\n<li data-start=\"1693\" data-end=\"1816\">\n<p data-start=\"1696\" data-end=\"1816\"><strong data-start=\"1696\" data-end=\"1716\">Op\u00e7\u00f5es flex\u00edveis<\/strong> \u2013 Dispon\u00edvel em m\u00faltiplas cores com melhorias opcionais para absortores de choque, controladores e eixos.<\/p>\n<\/li>\n<\/ol>\n<h3 data-start=\"4923\" data-end=\"4947\"><\/h3>\n<hr \/>\n<p>&nbsp;<\/p>\n<h3 data-start=\"2052\" data-end=\"2078\">Par\u00e2metros T\u00e9cnicos<\/h3>\n<ul data-start=\"2079\" data-end=\"2343\">\n<li data-start=\"2079\" data-end=\"2113\">\n<p data-start=\"2081\" data-end=\"2113\">Controlador: Controlador de 18 tubos<\/p>\n<\/li>\n<li data-start=\"2114\" data-end=\"2144\">\n<p data-start=\"2116\" data-end=\"2144\">Atr\u00e1s do Eixo: Tipo integrado<\/p>\n<\/li>\n<li data-start=\"2145\" data-end=\"2199\">\n<p data-start=\"2147\" data-end=\"2199\">Frente: absor\u00e7\u00e3o de 33 choques \/ 110 frenes frontais<\/p>\n<\/li>\n<li data-start=\"2200\" data-end=\"2230\">\n<p data-start=\"2202\" data-end=\"2230\">Freno traseiro: 160 freios de tambor<\/p>\n<\/li>\n<li data-start=\"2231\" data-end=\"2259\">\n<p data-start=\"2233\" data-end=\"2259\">pneus: F375-12 \/ R375-12<\/p>\n<\/li>\n<li data-start=\"2260\" data-end=\"2285\">\n<p data-start=\"2262\" data-end=\"2285\">Capacidade Climbing: 15\u00b0<\/p>\n<\/li>\n<li data-start=\"2286\" data-end=\"2314\">\n<p data-start=\"2288\" data-end=\"2314\">Luz: luzes LED<\/p>\n<\/li>\n<li data-start=\"2315\" data-end=\"2343\">\n<p data-start=\"2317\" data-end=\"2343\">Tempo de carga: 6-8 horas<\/p>\n<\/li>\n<\/ul>\n<h3 data-start=\"2345\" data-end=\"2360\">Materiales<\/h3>\n<p data-start=\"2361\" data-end=\"2450\">Frame de a\u00e7o de alta for\u00e7a, suspens\u00e3o posterior de a\u00e7o refor\u00e7ada, e centros de rodas pesadas.<\/p>\n<h3 data-start=\"2452\" data-end=\"2468\">Apar\u00eancia<\/h3>\n<p data-start=\"2469\" data-end=\"2570\">Um design forte e profissional otimizado para carga, dispon\u00edvel em azul, verde, prata e vermelho.<\/p>\n<h3 data-start=\"2572\" data-end=\"2584\">Design<\/h3>\n<p data-start=\"2585\" data-end=\"2690\">Design de corpo largo assegura estabilidade ao mesmo tempo que oferece grande capacidade de carga em mobilidade compacta de tr\u00eas rodas.<\/p>\n<h3 data-start=\"2692\" data-end=\"2715\">Adapta\u00e7\u00e3o OEM<\/h3>\n<p data-start=\"2716\" data-end=\"2800\">Personaliz\u00e1vel em tipo de caixa de carga, cores, decais e op\u00e7\u00f5es refor\u00e7adas adicionais.<\/p>\n<h3 data-start=\"2802\" data-end=\"2823\">Controlo da qualidade<\/h3>\n<p data-start=\"2824\" data-end=\"2895\">Certifica\u00e7\u00e3o nacional de produ\u00e7\u00e3o de n\u00edvel 1 com garantia de qualidade CCC.<\/p>\n<h3 data-start=\"2897\" data-end=\"2922\">Servi\u00e7o de Depois de Venda<\/h3>\n<p data-start=\"2923\" data-end=\"2999\">cobertura global de garantias, suporte t\u00e9cnico e disponibilidade de pe\u00e7as de reserva.<\/p>\n<h3 data-start=\"3001\" data-end=\"3025\">Campos de Aplica\u00e7\u00e3o<\/h3>\n<ul data-start=\"3026\" data-end=\"3178\">\n<li data-start=\"3026\" data-end=\"3066\">\n<p data-start=\"3028\" data-end=\"3066\">Transporte de mercadorias por grosso e de retalho<\/p>\n<\/li>\n<li data-start=\"3067\" data-end=\"3102\">\n<p data-start=\"3069\" data-end=\"3102\">Com\u00e9rcio electr\u00f3nico e servi\u00e7os de correio<\/p>\n<\/li>\n<li data-start=\"3103\" data-end=\"3140\">\n<p data-start=\"3105\" data-end=\"3140\">Distribui\u00e7\u00e3o de produtos agr\u00edcolas<\/p>\n<\/li>\n<li data-start=\"3141\" data-end=\"3178\">\n<p data-start=\"3143\" data-end=\"3178\">Fornecimento de material no local de constru\u00e7\u00e3o<\/p>\n<\/li>\n<\/ul>\n<h3 data-start=\"3180\" data-end=\"3200\">M\u00e9todo de Pagamento<\/h3>\n<p data-start=\"3201\" data-end=\"3267\">Pagamentos internacionais flex\u00edveis: T\/T, L\/C, ou negocia\u00e7\u00f5es comerciais.<\/p>\n<h3 data-start=\"4923\" data-end=\"4947\">\u00a0 \u00a0 \u00a0 <img fetchpriority=\"high\" decoding=\"async\" class=\"alignnone size-medium wp-image-3801\" src=\"https:\/\/www.tairuiauto.com\/wp-content\/uploads\/2025\/09\/5-16-300x300.jpg\" alt=\"\" width=\"300\" height=\"300\" srcset=\"\" sizes=\"(max-width: 300px) 100vw, 300px\" data-srcset=\"\" \/>\u00a0 \u00a0 \u00a0 \u00a0 \u00a0\u00a0 <img decoding=\"async\" class=\"alignnone size-medium wp-image-3799\" src=\"https:\/\/www.tairuiauto.com\/wp-content\/uploads\/2025\/09\/3-16-300x300.jpg\" alt=\"\" width=\"300\" height=\"300\" srcset=\"\" sizes=\"(max-width: 300px) 100vw, 300px\" data-srcset=\"\" \/>\u00a0 \u00a0 \u00a0 \u00a0 \u00a0 \u00a0<img decoding=\"async\" class=\"alignnone size-medium wp-image-3800\" src=\"https:\/\/www.tairuiauto.com\/wp-content\/uploads\/2025\/09\/4-15-300x300.jpg\" alt=\"\" width=\"300\" height=\"300\" srcset=\"\" sizes=\"(max-width: 300px) 100vw, 300px\" data-srcset=\"\" \/><\/h3>\n<hr \/>\n<p>&nbsp;<\/p>\n<h3 data-start=\"3269\" data-end=\"3278\">FAQ<\/h3>\n<p data-start=\"3279\" data-end=\"3346\"><strong data-start=\"3279\" data-end=\"3309\">Q1: Quanto pode carregar?<\/strong><br data-start=\"3309\" data-end=\"3312\" \/>A1: A carga \u00fatil \u00e9 at\u00e9 500 kg.<\/p>\n<p data-start=\"3348\" data-end=\"3410\"><strong data-start=\"3348\" data-end=\"3389\">Q2: Qual \u00e9 a resist\u00eancia por cargo?<\/strong><br data-start=\"3389\" data-end=\"3392\" \/>A2: Cerca de 45 km.<\/p>\n<p data-start=\"3412\" data-end=\"3471\"><strong data-start=\"3412\" data-end=\"3452\">Q3: Quanto tempo demora para encarregar?<\/strong><br data-start=\"3452\" data-end=\"3455\" \/>A3: 6-8 horas.<\/p>\n<p data-start=\"3473\" data-end=\"3579\"><strong data-start=\"3473\" data-end=\"3508\">Q4: Posso personalizar o design?<\/strong><br data-start=\"3508\" data-end=\"3511\" \/>A4: Sim, a personaliza\u00e7\u00e3o OEM est\u00e1 dispon\u00edvel para marcas e atualiza\u00e7\u00f5es.<\/p>","protected":false},"excerpt":{"rendered":"<p>O <strong data-start=\"256\" data-end=\"281\">1,6 m Triciclo de Freight<\/strong> \u00e9 uma solu\u00e7\u00e3o robust a de carga el\u00e9trica projetada para empresas que requerem um desempenho poderoso de transporte em um formato compacto. Com um motor forte de 60V 800W, absor\u00e7\u00e3o de choque hidr\u00e1ulico e suspens\u00e3o refor\u00e7ada de placas de a \u00e7o, isso <em data-start=\"509\" data-end=\"536\">tricicleta de transporte el\u00e9trico de mercadorias<\/em> \u00e9 constru\u00edda para a confiabilidade em opera\u00e7\u00f5es de entrega urbana e rural. Seu corpo amplo de 1,6 m permite uma capacidade impressionante de carga de 500 kg, enquanto sua resist\u00eancia de 45 km por carga assegura ciclos log\u00edsticos suaves.<\/p>","protected":false},"featured_media":3802,"comment_status":"open","ping_status":"closed","template":"","meta":[],"product_brand":[],"product_cat":[78],"product_tag":[],"class_list":{"0":"post-3796","1":"product","2":"type-product","3":"status-publish","4":"has-post-thumbnail","6":"product_cat-electric-tricycle","8":"first","9":"instock","10":"shipping-taxable","11":"product-type-simple"},"_links":{"self":[{"href":"https:\/\/www.tairuiauto.com\/pt\/wp-json\/wp\/v2\/product\/3796","targetHints":{"allow":["GET"]}}],"collection":[{"href":"https:\/\/www.tairuiauto.com\/pt\/wp-json\/wp\/v2\/product"}],"about":[{"href":"https:\/\/www.tairuiauto.com\/pt\/wp-json\/wp\/v2\/types\/product"}],"replies":[{"embeddable":true,"href":"https:\/\/www.tairuiauto.com\/pt\/wp-json\/wp\/v2\/comments?post=3796"}],"wp:featuredmedia":[{"embeddable":true,"href":"https:\/\/www.tairuiauto.com\/pt\/wp-json\/wp\/v2\/media\/3802"}],"wp:attachment":[{"href":"https:\/\/www.tairuiauto.com\/pt\/wp-json\/wp\/v2\/media?parent=3796"}],"wp:term":[{"taxonomy":"product_brand","embeddable":true,"href":"https:\/\/www.tairuiauto.com\/pt\/wp-json\/wp\/v2\/product_brand?post=3796"},{"taxonomy":"product_cat","embeddable":true,"href":"https:\/\/www.tairuiauto.com\/pt\/wp-json\/wp\/v2\/product_cat?post=3796"},{"taxonomy":"product_tag","embeddable":true,"href":"https:\/\/www.tairuiauto.com\/pt\/wp-json\/wp\/v2\/product_tag?post=3796"}],"curies":[{"name":"wp","href":"https:\/\/api.w.org\/{rel}","templated":true}]}}