{"id":3804,"date":"2025-09-20T08:17:13","date_gmt":"2025-09-20T00:17:13","guid":{"rendered":"https:\/\/www.tairuiauto.com\/?post_type=product&#038;p=3804"},"modified":"2025-09-20T08:16:22","modified_gmt":"2025-09-20T00:16:22","slug":"1-8m-automatic-unloading-tricycle","status":"publish","type":"product","link":"https:\/\/www.tairuiauto.com\/pt\/product\/1-8m-automatic-unloading-tricycle\/","title":{"rendered":"1,8 m Triciclo de Descarga Autom\u00e1tica"},"content":{"rendered":"<h3 data-start=\"238\" data-end=\"263\">Descri\u00e7\u00e3o do produto<\/h3>\n<p data-start=\"264\" data-end=\"753\">\u00a0Equipado com um motor de 60V 1200W e uma fun\u00e7\u00e3o de descarga autom\u00e1tica, isso <em data-start=\"495\" data-end=\"527\">tricicleta el\u00e9trica auto-dumping<\/em> \u00e9 ideal para locais de constru\u00e7\u00e3o, coleta de res\u00edduos, agricultura e log\u00edstica pesada.<\/p>\n<table style=\"border-collapse: collapse; width: 71.5191%; height: 653px;\" border=\"0\" width=\"686\" cellspacing=\"0\" cellpadding=\"0\">\n<tbody>\n<tr style=\"height: 20.00pt;\">\n<td class=\"et3\" style=\"height: 20pt; width: 39.3342%;\" width=\"334\" height=\"33\">Modelo<\/td>\n<td class=\"et3\" style=\"width: 60.5425%;\" width=\"352\">1,8m Descarga Autom\u00e1tica Tricyc<\/td>\n<\/tr>\n<tr style=\"height: 20.00pt;\">\n<td class=\"et4\" style=\"height: 20pt; width: 39.3342%;\" width=\"334\" height=\"33\">Tamanho global<\/td>\n<td class=\"et4\" style=\"width: 60.5425%;\" width=\"352\">3330mm*1298mm*1440mm<\/td>\n<\/tr>\n<tr style=\"height: 20.00pt;\">\n<td class=\"et4\" style=\"height: 20pt; width: 39.3342%;\" width=\"334\" height=\"33\">Instrumento<\/td>\n<td class=\"et4\" style=\"width: 60.5425%;\" width=\"352\">Instrumento eletr\u00f4nico com painel<\/td>\n<\/tr>\n<tr style=\"height: 20.00pt;\">\n<td class=\"et4\" style=\"height: 20pt; width: 39.3342%;\" width=\"334\" height=\"33\">Controlador<\/td>\n<td class=\"et4\" style=\"width: 60.5425%;\" width=\"352\">24 tubos<\/td>\n<\/tr>\n<tr style=\"height: 20.00pt;\">\n<td class=\"et4\" style=\"height: 20pt; width: 39.3342%;\" width=\"334\" height=\"33\">Atr\u00e1s do Eixo<\/td>\n<td class=\"et4\" style=\"width: 60.5425%;\" width=\"352\">Dividir eixo traseiro<\/td>\n<\/tr>\n<tr style=\"height: 20.00pt;\">\n<td class=\"et4\" style=\"height: 20pt; width: 39.3342%;\" width=\"334\" height=\"33\">Frego frontal<\/td>\n<td class=\"et4\" style=\"width: 60.5425%;\" width=\"352\">43 absor\u00e7\u00e3o de choque \/ freno frontal 110<\/td>\n<\/tr>\n<tr style=\"height: 20.00pt;\">\n<td class=\"et4\" style=\"height: 20pt; width: 39.3342%;\" width=\"334\" height=\"33\">Frego traseiro<\/td>\n<td class=\"et4\" style=\"width: 60.5425%;\" width=\"352\">180 trav\u00f5es de tambor<\/td>\n<\/tr>\n<tr style=\"height: 20.00pt;\">\n<td class=\"et4\" style=\"height: 20pt; width: 39.3342%;\" width=\"334\" height=\"33\">Gradeabilidade<\/td>\n<td class=\"et4\" style=\"width: 60.5425%;\" width=\"352\">15\u00b0<\/td>\n<\/tr>\n<tr style=\"height: 20.00pt;\">\n<td class=\"et4\" style=\"height: 20pt; width: 39.3342%;\" width=\"334\" height=\"33\">Luz<\/td>\n<td class=\"et4\" style=\"width: 60.5425%;\" width=\"352\">Bomba grande comum<\/td>\n<\/tr>\n<tr style=\"height: 20.00pt;\">\n<td class=\"et4\" style=\"height: 20pt; width: 39.3342%;\" width=\"334\" height=\"33\">Cargar<\/td>\n<td class=\"et4\" style=\"width: 60.5425%;\" width=\"352\">275KG<\/td>\n<\/tr>\n<tr style=\"height: 20.00pt;\">\n<td class=\"et4\" style=\"height: 20pt; width: 39.3342%;\" width=\"334\" height=\"33\">Rim<\/td>\n<td class=\"et4\" style=\"width: 60.5425%;\" width=\"352\">Roda de ferro<\/td>\n<\/tr>\n<tr style=\"height: 20.00pt;\">\n<td class=\"et4\" style=\"height: 20pt; width: 39.3342%;\" width=\"334\" height=\"33\">E-Motor<\/td>\n<td class=\"et4\" style=\"width: 60.5425%;\" width=\"352\">Velocidade vari\u00e1vel 60V 1200W<\/td>\n<\/tr>\n<tr style=\"height: 31.00pt;\">\n<td class=\"et4\" style=\"height: 31pt; width: 39.3342%;\" width=\"334\" height=\"51\">Suspens\u00e3o Fronte<\/td>\n<td class=\"et4\" style=\"width: 60.5425%;\" width=\"352\">Absorbidor de choque com hidr\u00e1ulico<\/td>\n<\/tr>\n<tr style=\"height: 20.00pt;\">\n<td class=\"et4\" style=\"height: 20pt; width: 39.3342%;\" width=\"334\" height=\"33\">Suspens\u00e3o posterior<\/td>\n<td class=\"et4\" style=\"width: 60.5425%;\" width=\"352\">A absor\u00e7\u00e3o de choque atr\u00e1s da molha de placa de a\u00e7o refor\u00e7ada<\/td>\n<\/tr>\n<tr style=\"height: 20.00pt;\">\n<td class=\"et4\" style=\"height: 20pt; width: 39.3342%;\" width=\"334\" height=\"33\">Velocidade m\u00e1xima<\/td>\n<td class=\"et4\" style=\"width: 60.5425%;\" width=\"352\">45 Km\/h<\/td>\n<\/tr>\n<tr style=\"height: 20.00pt;\">\n<td class=\"et4\" style=\"height: 20pt; width: 39.3342%;\" width=\"334\" height=\"33\">pneus (F\/R)<\/td>\n<td class=\"et4\" style=\"width: 60.5425%;\" width=\"352\">Roda anterior 4.00-12\/Roda posterior 4.50-12<\/td>\n<\/tr>\n<tr style=\"height: 34.00pt;\">\n<td class=\"et4\" style=\"height: 34pt; width: 39.3342%;\" width=\"334\" height=\"56\">Mileio por Carga<\/td>\n<td class=\"et4\" style=\"width: 60.5425%;\" width=\"352\">60<\/td>\n<\/tr>\n<tr style=\"height: 20.00pt;\">\n<td class=\"et4\" style=\"height: 20pt; width: 39.3342%;\" width=\"334\" height=\"33\">Bateria<\/td>\n<td class=\"et4\" style=\"width: 60.5425%;\" width=\"352\">60V120A Bateria de \u00e1gua<\/td>\n<\/tr>\n<tr style=\"height: 20.00pt;\">\n<td class=\"et4\" style=\"height: 20pt; width: 39.3342%;\" width=\"334\" height=\"33\">Tempo de carga<\/td>\n<td class=\"et4\" style=\"width: 60.5425%;\" width=\"352\">8-10 horas<\/td>\n<\/tr>\n<\/tbody>\n<\/table>\n<p>&nbsp;<\/p>\n<hr \/>\n<p>&nbsp;<\/p>\n<h3 data-start=\"755\" data-end=\"779\">Key Selling Points<\/h3>\n<ol data-start=\"780\" data-end=\"1238\">\n<li data-start=\"780\" data-end=\"895\">\n<p data-start=\"783\" data-end=\"895\"><strong data-start=\"783\" data-end=\"813\">Sistema de Descarga Autom\u00e1tica<\/strong> \u2013 A caracter\u00edstica \u00fanica de autodumping economiza tempo e trabalho nas opera\u00e7\u00f5es log\u00edsticas.<\/p>\n<\/li>\n<li data-start=\"896\" data-end=\"993\">\n<p data-start=\"899\" data-end=\"993\"><strong data-start=\"899\" data-end=\"927\">Powerful 60V 1200W Motor<\/strong> \u2013 assegura um desempenho confi\u00e1vel nas pendientes e rotas pesadas.<\/p>\n<\/li>\n<li data-start=\"994\" data-end=\"1113\">\n<p data-start=\"997\" data-end=\"1113\"><strong data-start=\"997\" data-end=\"1026\">Alta dura\u00e7\u00e3o de efici\u00eancia<\/strong> \u2013 Com uma dist\u00e2ncia de 60 km por carga, isso <em data-start=\"1063\" data-end=\"1081\">e-tricicleta de carga<\/em> apoia opera\u00e7\u00f5es de dia inteiro.<\/p>\n<\/li>\n<li data-start=\"1114\" data-end=\"1238\">\n<p data-start=\"1117\" data-end=\"1238\"><strong data-start=\"1117\" data-end=\"1145\">Alternativa ecol\u00f3gica<\/strong> \u2013 Emiss\u00e3o zero <em data-start=\"1162\" data-end=\"1186\">tr\u00eas rodas el\u00e9tricas<\/em> reduz os custos operacionais e o impacto ambiental.<\/p>\n<\/li>\n<\/ol>\n<h3 data-start=\"4923\" data-end=\"4947\"><\/h3>\n<hr \/>\n<p>&nbsp;<\/p>\n<h3 data-start=\"1240\" data-end=\"1271\">Avan\u00e7os Diferenciados<\/h3>\n<ol data-start=\"1272\" data-end=\"1745\">\n<li data-start=\"1272\" data-end=\"1394\">\n<p data-start=\"1275\" data-end=\"1394\"><strong data-start=\"1275\" data-end=\"1309\">Estabilidade da suspens\u00e3o hidr\u00e1ulica<\/strong> \u2013 Transporte suave e prote\u00e7\u00e3o da carga com absortores de molduras hidr\u00e1ulicos e de placas de a\u00e7o.<\/p>\n<\/li>\n<li data-start=\"1395\" data-end=\"1495\">\n<p data-start=\"1398\" data-end=\"1495\"><strong data-start=\"1398\" data-end=\"1423\">Design de carga de pagamento forte<\/strong> \u2013 Trata at\u00e9 275 kg com rodas de ferro refor\u00e7adas e quadro duradouro.<\/p>\n<\/li>\n<li data-start=\"1496\" data-end=\"1617\">\n<p data-start=\"1499\" data-end=\"1617\"><strong data-start=\"1499\" data-end=\"1527\">Caracter\u00edsticas de seguran\u00e7a confi\u00e1veis<\/strong> \u2013 Equipados com trav\u00f5es de absor\u00e7\u00e3o de choque frontal e trav\u00f5es de tambor traseiros para parar seguramente.<\/p>\n<\/li>\n<li data-start=\"1618\" data-end=\"1745\">\n<p data-start=\"1621\" data-end=\"1745\"><strong data-start=\"1621\" data-end=\"1650\">Qualidade padr\u00e3o da constru\u00e7\u00e3o da UE<\/strong> \u2013 Presta\u00e7\u00e3o certificada que assegura o cumprimento dos requisitos internacionais de ve\u00edculos de mercadoria.<\/p>\n<\/li>\n<\/ol>\n<h3 data-start=\"4923\" data-end=\"4947\"><\/h3>\n<hr \/>\n<p>&nbsp;<\/p>\n<h3 data-start=\"2003\" data-end=\"2029\">Par\u00e2metros T\u00e9cnicos<\/h3>\n<ul data-start=\"2030\" data-end=\"2294\">\n<li data-start=\"2030\" data-end=\"2054\">\n<p data-start=\"2032\" data-end=\"2054\">Controlador: 24 tubos<\/p>\n<\/li>\n<li data-start=\"2055\" data-end=\"2080\">\n<p data-start=\"2057\" data-end=\"2080\">Eixo traseiro: Eixo dividido<\/p>\n<\/li>\n<li data-start=\"2081\" data-end=\"2135\">\n<p data-start=\"2083\" data-end=\"2135\">Frente Brake: 43 absor\u00e7\u00e3o de choque \/ freno frontal 110<\/p>\n<\/li>\n<li data-start=\"2136\" data-end=\"2166\">\n<p data-start=\"2138\" data-end=\"2166\">Frente posterior: 180 freno de tambor<\/p>\n<\/li>\n<li data-start=\"2167\" data-end=\"2206\">\n<p data-start=\"2169\" data-end=\"2206\">pneus: Fronte 4.00-12 \/ Atr\u00e1s 4.50-12<\/p>\n<\/li>\n<li data-start=\"2207\" data-end=\"2232\">\n<p data-start=\"2209\" data-end=\"2232\">Capacidade Climbing: 15\u00b0<\/p>\n<\/li>\n<li data-start=\"2233\" data-end=\"2264\">\n<p data-start=\"2235\" data-end=\"2264\">Luzes: Grande l\u00e2mpada padr\u00e3o<\/p>\n<\/li>\n<li data-start=\"2265\" data-end=\"2294\">\n<p data-start=\"2267\" data-end=\"2294\">Tempo de carga: 8-10 horas<\/p>\n<\/li>\n<\/ul>\n<h3 data-start=\"2296\" data-end=\"2311\">Materiales<\/h3>\n<p data-start=\"2312\" data-end=\"2379\">Chassis de a\u00e7o refor\u00e7ado, rodas de ferro e suspens\u00e3o pesada.<\/p>\n<h3 data-start=\"2381\" data-end=\"2397\">Apar\u00eancia<\/h3>\n<p data-start=\"2398\" data-end=\"2492\">Designada com uma estrutura robust a, otimizada para carregar carga com capacidade de auto-dumping.<\/p>\n<h3 data-start=\"2494\" data-end=\"2506\">Design<\/h3>\n<p data-start=\"2507\" data-end=\"2584\">Um corpo de 1,8 m de largura e cama de carga com sistema de levantamento autom\u00e1tico.<\/p>\n<h3 data-start=\"2586\" data-end=\"2609\">Adapta\u00e7\u00e3o OEM<\/h3>\n<p data-start=\"2610\" data-end=\"2678\">Dispon\u00edvel com marca opcional, pintura e atualiza\u00e7\u00e3o do design corporal.<\/p>\n<h3 data-start=\"2680\" data-end=\"2701\">Controlo da qualidade<\/h3>\n<p data-start=\"2702\" data-end=\"2790\">Fabricado sob inspec\u00e7\u00e3o estrita, resist\u00eancia testada e internacionalmente certificada.<\/p>\n<h3 data-start=\"2792\" data-end=\"2817\">Servi\u00e7o de Depois de Venda<\/h3>\n<p data-start=\"2818\" data-end=\"2890\">Inclui suporte t\u00e9cnico, fornecimento de pe\u00e7as de reposi\u00e7\u00e3o e servi\u00e7os de garantia.<\/p>\n<h3 data-start=\"2892\" data-end=\"2916\">Campos de Aplica\u00e7\u00e3o<\/h3>\n<ul data-start=\"2917\" data-end=\"3044\">\n<li data-start=\"2917\" data-end=\"2948\">\n<p data-start=\"2919\" data-end=\"2948\">Log\u00edstica do local de constru\u00e7\u00e3o<\/p>\n<\/li>\n<li data-start=\"2949\" data-end=\"2991\">\n<p data-start=\"2951\" data-end=\"2991\">Fornecimento agr\u00edcola e tratamento de res\u00edduos<\/p>\n<\/li>\n<li data-start=\"2992\" data-end=\"3017\">\n<p data-start=\"2994\" data-end=\"3017\">Gest\u00e3o de res\u00edduos urbanos<\/p>\n<\/li>\n<li data-start=\"3018\" data-end=\"3044\">\n<p data-start=\"3020\" data-end=\"3044\">Distribui\u00e7\u00e3o por grosso<\/p>\n<\/li>\n<\/ul>\n<h3 data-start=\"3046\" data-end=\"3066\">M\u00e9todo de Pagamento<\/h3>\n<p data-start=\"3067\" data-end=\"3116\">T\/T, L\/C e acordo comercial global aceitados.<\/p>\n<h3 data-start=\"4923\" data-end=\"4947\">\u00a0 \u00a0 \u00a0 \u00a0 \u00a0 <img fetchpriority=\"high\" decoding=\"async\" class=\"alignnone size-medium wp-image-3808\" src=\"https:\/\/www.tairuiauto.com\/wp-content\/uploads\/2025\/09\/3-17-300x300.jpg\" alt=\"\" width=\"300\" height=\"300\" srcset=\"\" sizes=\"(max-width: 300px) 100vw, 300px\" data-srcset=\"\" \/>\u00a0 \u00a0 \u00a0 \u00a0 \u00a0\u00a0 <img decoding=\"async\" class=\"alignnone size-medium wp-image-3807\" src=\"https:\/\/www.tairuiauto.com\/wp-content\/uploads\/2025\/09\/2-18-300x300.jpg\" alt=\"\" width=\"300\" height=\"300\" srcset=\"\" sizes=\"(max-width: 300px) 100vw, 300px\" data-srcset=\"\" \/>\u00a0 \u00a0 \u00a0 \u00a0 \u00a0\u00a0 <img decoding=\"async\" class=\"alignnone size-medium wp-image-3809\" src=\"https:\/\/www.tairuiauto.com\/wp-content\/uploads\/2025\/09\/4-16-300x300.jpg\" alt=\"\" width=\"300\" height=\"300\" srcset=\"\" sizes=\"(max-width: 300px) 100vw, 300px\" data-srcset=\"\" \/><\/h3>\n<hr \/>\n<p>&nbsp;<\/p>\n<h3 data-start=\"3118\" data-end=\"3127\">FAQ<\/h3>\n<p data-start=\"3128\" data-end=\"3261\"><strong data-start=\"3128\" data-end=\"3191\">Q1: O que o faz diferente de tricicletas de mercadorias normais?<\/strong><br data-start=\"3191\" data-end=\"3194\" \/>A1: Tem uma fun\u00e7\u00e3o de descarga autom\u00e1tica para maior efici\u00eancia.<\/p>\n<p data-start=\"3263\" data-end=\"3341\"><strong data-start=\"3263\" data-end=\"3304\">Q2: Qual \u00e9 a resist\u00eancia por cargo?<\/strong><br data-start=\"3304\" data-end=\"3307\" \/>A2: Cerca de 60 km por carga completa.<\/p>\n<p data-start=\"3343\" data-end=\"3399\"><strong data-start=\"3343\" data-end=\"3379\">Q3: Quanto tempo leva a carga?<\/strong><br data-start=\"3379\" data-end=\"3382\" \/>A3: 8-10 horas.<\/p>\n<p data-start=\"3401\" data-end=\"3466\"><strong data-start=\"3401\" data-end=\"3429\">Q4: Pode subir inclina\u00e7\u00f5es?<\/strong><br data-start=\"3429\" data-end=\"3432\" \/>A4: Sim, pode subir at\u00e9 15\u00b0.<\/p>","protected":false},"excerpt":{"rendered":"<p>O <strong data-start=\"268\" data-end=\"305\">1,8 m Triciclo de Descarga Autom\u00e1tica<\/strong> \u00e9 uma solu\u00e7\u00e3o de carga el\u00e9trica poderosa e inovadora projetada para empresas que precisam de carga e descarga r\u00e1pidas. Equipado com um motor de 60V 1200W e uma fun\u00e7\u00e3o de descarga autom\u00e1tica, isso <em data-start=\"495\" data-end=\"527\">tricicleta el\u00e9trica auto-dumping<\/em> \u00e9 ideal para locais de constru\u00e7\u00e3o, coleta de res\u00edduos, agricultura e log\u00edstica pesada. Sua capacidade de carga \u00fatil de 275 kg e resist\u00eancia de 60 km fazem com que seja uma substitui\u00e7\u00e3o confi\u00e1vel para pequenos cami\u00f5es de combust\u00edvel na distribui\u00e7\u00e3o urban a e rural.<\/p>","protected":false},"featured_media":3806,"comment_status":"open","ping_status":"closed","template":"","meta":[],"product_brand":[],"product_cat":[78],"product_tag":[],"class_list":{"0":"post-3804","1":"product","2":"type-product","3":"status-publish","4":"has-post-thumbnail","6":"product_cat-electric-tricycle","8":"first","9":"instock","10":"shipping-taxable","11":"product-type-simple"},"_links":{"self":[{"href":"https:\/\/www.tairuiauto.com\/pt\/wp-json\/wp\/v2\/product\/3804","targetHints":{"allow":["GET"]}}],"collection":[{"href":"https:\/\/www.tairuiauto.com\/pt\/wp-json\/wp\/v2\/product"}],"about":[{"href":"https:\/\/www.tairuiauto.com\/pt\/wp-json\/wp\/v2\/types\/product"}],"replies":[{"embeddable":true,"href":"https:\/\/www.tairuiauto.com\/pt\/wp-json\/wp\/v2\/comments?post=3804"}],"wp:featuredmedia":[{"embeddable":true,"href":"https:\/\/www.tairuiauto.com\/pt\/wp-json\/wp\/v2\/media\/3806"}],"wp:attachment":[{"href":"https:\/\/www.tairuiauto.com\/pt\/wp-json\/wp\/v2\/media?parent=3804"}],"wp:term":[{"taxonomy":"product_brand","embeddable":true,"href":"https:\/\/www.tairuiauto.com\/pt\/wp-json\/wp\/v2\/product_brand?post=3804"},{"taxonomy":"product_cat","embeddable":true,"href":"https:\/\/www.tairuiauto.com\/pt\/wp-json\/wp\/v2\/product_cat?post=3804"},{"taxonomy":"product_tag","embeddable":true,"href":"https:\/\/www.tairuiauto.com\/pt\/wp-json\/wp\/v2\/product_tag?post=3804"}],"curies":[{"name":"wp","href":"https:\/\/api.w.org\/{rel}","templated":true}]}}