{"id":3849,"date":"2025-09-23T10:00:41","date_gmt":"2025-09-23T02:00:41","guid":{"rendered":"https:\/\/www.tairuiauto.com\/?post_type=product&#038;p=3849"},"modified":"2025-09-24T09:16:17","modified_gmt":"2025-09-24T01:16:17","slug":"1500w-motor-tuk-tuk","status":"publish","type":"product","link":"https:\/\/www.tairuiauto.com\/pt\/product\/1500w-motor-tuk-tuk\/","title":{"rendered":"Tuk de motor de 1500W"},"content":{"rendered":"<h3 data-start=\"419\" data-end=\"444\">Descri\u00e7\u00e3o do produto<\/h3>\n<p data-start=\"445\" data-end=\"1008\">\u00a0Constru\u00eddo com um motor AC 60V1500W poderoso e controlador adaptativo, este tuk el\u00e9trico fornece acelera\u00e7\u00e3o suave, excelente capacidade de subida e long a dist\u00e2ncia de condu\u00e7\u00e3o, tornando-o ideal para o transporte urbano e semiurbano de passageiros.<\/p>\n<table style=\"border-collapse: collapse; width: 75.1719%; height: 689px;\" border=\"0\" width=\"720\" cellspacing=\"0\" cellpadding=\"0\">\n<tbody>\n<tr style=\"height: 20.00pt;\">\n<td class=\"et4\" style=\"height: 20.00pt; width: 159.05pt;\" width=\"265\" height=\"33\">Modelo<\/td>\n<td class=\"et4\" style=\"width: 273.40pt;\" width=\"455\">1500W Motor Tuk Tuk<\/td>\n<\/tr>\n<tr style=\"height: 20.00pt;\">\n<td class=\"et5\" style=\"height: 20.00pt; width: 159.05pt;\" width=\"265\" height=\"33\">Tamanho global<\/td>\n<td class=\"et5\" style=\"width: 273.40pt;\" width=\"455\">2750*1300*2000 mm<\/td>\n<\/tr>\n<tr style=\"height: 20.00pt;\">\n<td class=\"et5\" style=\"height: 20.00pt; width: 159.05pt;\" width=\"265\" height=\"33\">Metros<\/td>\n<td class=\"et5\" style=\"width: 273.40pt;\" width=\"455\">Electrical com Dashboard<\/td>\n<\/tr>\n<tr style=\"height: 33.00pt;\">\n<td class=\"et5\" style=\"height: 33.00pt; width: 159.05pt;\" width=\"265\" height=\"55\">Controlador<\/td>\n<td class=\"et5\" style=\"width: 273.40pt;\" width=\"455\">60\/72V4000wAdaptivo, adequado para a tens\u00e3o de bateria de f\u00f3sforo de ferro de l\u00edtio limite superior 93v, limite inferior 63v<\/td>\n<\/tr>\n<tr style=\"height: 20.00pt;\">\n<td class=\"et5\" style=\"height: 20.00pt; width: 159.05pt;\" width=\"265\" height=\"33\">Atr\u00e1s do Eixo<\/td>\n<td class=\"et5\" style=\"width: 273.40pt;\" width=\"455\">Frego de foco de petr\u00f3leo, roda de conex\u00e3o de bola de autom\u00f3vel<\/td>\n<\/tr>\n<tr style=\"height: 20.00pt;\">\n<td class=\"et5\" style=\"height: 20.00pt; width: 159.05pt;\" width=\"265\" height=\"33\">Frego frontal<\/td>\n<td class=\"et5\" style=\"width: 273.40pt;\" width=\"455\">freno de disco de di\u00e2metro de 180 mm<\/td>\n<\/tr>\n<tr style=\"height: 20.00pt;\">\n<td class=\"et5\" style=\"height: 20.00pt; width: 159.05pt;\" width=\"265\" height=\"33\">Frego traseiro<\/td>\n<td class=\"et5\" style=\"width: 273.40pt;\" width=\"455\">freno hidr\u00e1ulico de tambor de 220mm de di\u00e2metro<\/td>\n<\/tr>\n<tr style=\"height: 20.00pt;\">\n<td class=\"et5\" style=\"height: 20.00pt; width: 159.05pt;\" width=\"265\" height=\"33\">Gradeabilidade<\/td>\n<td class=\"et5\" style=\"width: 273.40pt;\" width=\"455\">25\u00b0<\/td>\n<\/tr>\n<tr style=\"height: 20.00pt;\">\n<td class=\"et5\" style=\"height: 20.00pt; width: 159.05pt;\" width=\"265\" height=\"33\">Luz<\/td>\n<td class=\"et5\" style=\"width: 273.40pt;\" width=\"455\">Normal<\/td>\n<\/tr>\n<tr style=\"height: 20.00pt;\">\n<td class=\"et5\" style=\"height: 20.00pt; width: 159.05pt;\" width=\"265\" height=\"33\">Cargando Capacidade<\/td>\n<td class=\"et5\" style=\"width: 273.40pt;\" width=\"455\">D 3 pessoas<\/td>\n<\/tr>\n<tr style=\"height: 20.00pt;\">\n<td class=\"et5\" style=\"height: 20.00pt; width: 159.05pt;\" width=\"265\" height=\"33\">outra op\u00e7\u00e3o<\/td>\n<td class=\"et5\" style=\"width: 273.40pt;\" width=\"455\">Frego de m\u00e3o de freno de p\u00e9 em um<\/td>\n<\/tr>\n<tr style=\"height: 20.00pt;\">\n<td class=\"et5\" style=\"height: 20.00pt; width: 159.05pt;\" width=\"265\" height=\"33\">Rim<\/td>\n<td class=\"et5\" style=\"width: 273.40pt;\" width=\"455\">Rodas de ferro<\/td>\n<\/tr>\n<tr style=\"height: 20.00pt;\">\n<td class=\"et5\" style=\"height: 20.00pt; width: 159.05pt;\" width=\"265\" height=\"33\">E-Motor<\/td>\n<td class=\"et5\" style=\"width: 273.40pt;\" width=\"455\">AC-60V1500W<\/td>\n<\/tr>\n<tr style=\"height: 20.00pt;\">\n<td class=\"et5\" style=\"height: 20.00pt; width: 159.05pt;\" width=\"265\" height=\"33\">Suspens\u00e3o Fronte<\/td>\n<td class=\"et5\" style=\"width: 273.40pt;\" width=\"455\">Forque frontal absorvente choque do bra\u00e7o do ombro duplo<\/td>\n<\/tr>\n<tr style=\"height: 20.00pt;\">\n<td class=\"et5\" style=\"height: 20.00pt; width: 159.05pt;\" width=\"265\" height=\"33\">Suspens\u00e3o posterior<\/td>\n<td class=\"et5\" style=\"width: 273.40pt;\" width=\"455\">Independ\u00eancia pendurada<\/td>\n<\/tr>\n<tr style=\"height: 20.00pt;\">\n<td class=\"et5\" style=\"height: 20.00pt; width: 159.05pt;\" width=\"265\" height=\"33\">Velocidade m\u00e1xima<\/td>\n<td class=\"et5\" style=\"width: 273.40pt;\" width=\"455\">55 Km\/h<\/td>\n<\/tr>\n<tr style=\"height: 20.00pt;\">\n<td class=\"et5\" style=\"height: 20.00pt; width: 159.05pt;\" width=\"265\" height=\"33\">pneus (F\/R)<\/td>\n<td class=\"et5\" style=\"width: 273.40pt;\" width=\"455\">4.00-10<\/td>\n<\/tr>\n<tr style=\"height: 20.00pt;\">\n<td class=\"et5\" style=\"height: 20.00pt; width: 159.05pt;\" width=\"265\" height=\"33\">Mileio por Carga<\/td>\n<td class=\"et5\" style=\"width: 273.40pt;\" width=\"455\">140km<\/td>\n<\/tr>\n<tr style=\"height: 20.00pt;\">\n<td class=\"et5\" style=\"height: 20.00pt; width: 159.05pt;\" width=\"265\" height=\"33\">Bateria<\/td>\n<td class=\"et5\" style=\"width: 273.40pt;\" width=\"455\">60v\/72v150AH<\/td>\n<\/tr>\n<tr style=\"height: 20.00pt;\">\n<td class=\"et5\" style=\"height: 20.00pt; width: 159.05pt;\" width=\"265\" height=\"33\">Tempo de carga<\/td>\n<td class=\"et5\" style=\"width: 273.40pt;\" width=\"455\">8-10 h<\/td>\n<\/tr>\n<tr style=\"height: 20.00pt;\">\n<td class=\"et5\" style=\"height: 20.00pt; width: 159.05pt;\" width=\"265\" height=\"33\">Cargando em 40HQ<\/td>\n<td class=\"et5\" style=\"width: 273.40pt;\" width=\"455\">27sets\/40HQ CKD<\/td>\n<\/tr>\n<\/tbody>\n<\/table>\n<p>&nbsp;<\/p>\n<hr \/>\n<p>&nbsp;<\/p>\n<h3 data-start=\"1010\" data-end=\"1041\">Caracter\u00edsticas-chave e - Avantagens<\/h3>\n<ol data-start=\"1042\" data-end=\"1641\">\n<li data-start=\"1042\" data-end=\"1176\">\n<p data-start=\"1045\" data-end=\"1176\"><strong data-start=\"1045\" data-end=\"1069\">Powerful 1500W Motor<\/strong> \u2013 Produz desempenho confi\u00e1vel com forte capacidade de subida (at\u00e9 25\u00b0) e uma velocidade m\u00e1xima de 55 km\/h.<\/p>\n<\/li>\n<li data-start=\"1177\" data-end=\"1335\">\n<p data-start=\"1180\" data-end=\"1335\"><strong data-start=\"1180\" data-end=\"1198\">Rango alargado<\/strong> \u2013 Equipado com uma bateria de alta capacidade 60V72V150Ah, esta <strong data-start=\"1257\" data-end=\"1280\">Tuk de motor de 1500W<\/strong> atinge um intervalo de at\u00e9 140 km numa \u00fanica carga.<\/p>\n<\/li>\n<li data-start=\"1336\" data-end=\"1487\">\n<p data-start=\"1339\" data-end=\"1487\"><strong data-start=\"1339\" data-end=\"1360\">Comforte de passageiros<\/strong> \u2013 O design espacial de assentos acomoda o condutor mais tr\u00eas passageiros, assegurando conforto em viagens di\u00e1rias e viagens curtas.<\/p>\n<\/li>\n<li data-start=\"1488\" data-end=\"1641\">\n<p data-start=\"1491\" data-end=\"1641\"><strong data-start=\"1491\" data-end=\"1524\">Costo-Efeitivo &amp; ecol\u00f3gicamente<\/strong> \u2013 Oferece mais baixos custos de funcionamento do que os rickshaws autom\u00f3veis baseados em combust\u00edvel ao mesmo tempo contribuindo para reduzir a polui\u00e7\u00e3o ambiental.<\/p>\n<\/li>\n<\/ol>\n<p>&nbsp;<\/p>\n<hr \/>\n<p>&nbsp;<\/p>\n<h3 data-start=\"1643\" data-end=\"1674\">Avan\u00e7os Diferenciados<\/h3>\n<ol data-start=\"1675\" data-end=\"2239\">\n<li data-start=\"1675\" data-end=\"1828\">\n<p data-start=\"1678\" data-end=\"1828\"><strong data-start=\"1678\" data-end=\"1708\">Sistema de Controlador Avan\u00e7ado<\/strong> \u2013 Controlador adaptativo 60\/72V4000W compat\u00edvel com baterias de fosfato de ferro de l\u00edtio assegura uma gest\u00e3o flex\u00edvel da pot\u00eancia.<\/p>\n<\/li>\n<li data-start=\"1829\" data-end=\"1962\">\n<p data-start=\"1832\" data-end=\"1962\"><strong data-start=\"1832\" data-end=\"1859\">Seguran\u00e7a Superior de Braking<\/strong> \u2013 Caracter\u00edsticas de 180 mm freno de disco frontal e 220mm freno de tambor hidr\u00e1ulico de tr\u00e1s para poder de parada confi\u00e1vel.<\/p>\n<\/li>\n<li data-start=\"1963\" data-end=\"2092\">\n<p data-start=\"1966\" data-end=\"2092\"><strong data-start=\"1966\" data-end=\"1990\">Constru\u00e7\u00e3o Dur\u00e1vel<\/strong> \u2013 Constru\u00eddo com rodas de ferro, suspens\u00e3o refor\u00e7ada, e eixo traseiro do centro de petr\u00f3leo para dura\u00e7\u00e3o longa.<\/p>\n<\/li>\n<li data-start=\"2093\" data-end=\"2239\">\n<p data-start=\"2096\" data-end=\"2239\"><strong data-start=\"2096\" data-end=\"2121\">Aplica\u00e7\u00e3o Multi-Uso<\/strong> \u2013 A <strong data-start=\"2128\" data-end=\"2151\">Tuk de motor de 1500W<\/strong> \u00e9 adequada para servi\u00e7os de t\u00e1xi, transporte de passageiros de \u00faltima milha e opera\u00e7\u00f5es tur\u00edsticas.<\/p>\n<\/li>\n<\/ol>\n<p>&nbsp;<\/p>\n<hr \/>\n<p>&nbsp;<\/p>\n<h3 data-start=\"2241\" data-end=\"2269\">Especifica\u00e7\u00f5es do produto<\/h3>\n<ul data-start=\"2270\" data-end=\"2871\">\n<li data-start=\"2270\" data-end=\"2304\">\n<p data-start=\"2272\" data-end=\"2304\"><strong data-start=\"2272\" data-end=\"2282\">Modelo:<\/strong> 1500W Motor Tuk Tuk<\/p>\n<\/li>\n<li data-start=\"2305\" data-end=\"2342\">\n<p data-start=\"2307\" data-end=\"2342\"><strong data-start=\"2307\" data-end=\"2322\">Dimens\u00f5es:<\/strong> 2750<em data-start=\"2327\" data-end=\"2333\">1300<\/em>2000 mm<\/p>\n<\/li>\n<li data-start=\"2343\" data-end=\"2370\">\n<p data-start=\"2345\" data-end=\"2370\"><strong data-start=\"2345\" data-end=\"2355\">Motor:<\/strong> AC 60V 1500W<\/p>\n<\/li>\n<li data-start=\"2371\" data-end=\"2422\">\n<p data-start=\"2373\" data-end=\"2422\"><strong data-start=\"2373\" data-end=\"2388\">Controlador:<\/strong> Controlador adaptativo 60\/72V4000W<\/p>\n<\/li>\n<li data-start=\"2423\" data-end=\"2455\">\n<p data-start=\"2425\" data-end=\"2455\"><strong data-start=\"2425\" data-end=\"2437\">Bateria:<\/strong> 60V \/ 72V 150Ah<\/p>\n<\/li>\n<li data-start=\"2456\" data-end=\"2494\">\n<p data-start=\"2458\" data-end=\"2494\"><strong data-start=\"2458\" data-end=\"2479\">Range per Charge:<\/strong> At\u00e9 140 km<\/p>\n<\/li>\n<li data-start=\"2495\" data-end=\"2521\">\n<p data-start=\"2497\" data-end=\"2521\"><strong data-start=\"2497\" data-end=\"2511\">Velocidade m\u00e1xima:<\/strong> 55 km\/h<\/p>\n<\/li>\n<li data-start=\"2522\" data-end=\"2571\">\n<p data-start=\"2524\" data-end=\"2571\"><strong data-start=\"2524\" data-end=\"2547\">Capacidade de passageiros:<\/strong> Condutor, 3 passageiros<\/p>\n<\/li>\n<li data-start=\"2572\" data-end=\"2652\">\n<p data-start=\"2574\" data-end=\"2652\"><strong data-start=\"2574\" data-end=\"2593\">Sistema de travagem:<\/strong> Freno de disco frontal de 180 mm \/ Freno de tambor hidr\u00e1ulico de 220mm posterior<\/p>\n<\/li>\n<li data-start=\"2653\" data-end=\"2696\">\n<p data-start=\"2655\" data-end=\"2696\"><strong data-start=\"2655\" data-end=\"2672\">Gradeabilidade:<\/strong> 25\u00b0 capacidade de subida<\/p>\n<\/li>\n<li data-start=\"2697\" data-end=\"2784\">\n<p data-start=\"2699\" data-end=\"2784\"><strong data-start=\"2699\" data-end=\"2714\">Suspens\u00e3o:<\/strong> Garfo de frente para o bra\u00e7o de dobro ombro \/ suspens\u00e3o posterior independente<\/p>\n<\/li>\n<li data-start=\"2785\" data-end=\"2820\">\n<p data-start=\"2787\" data-end=\"2820\"><strong data-start=\"2787\" data-end=\"2797\">pneus:<\/strong> 4,00-10 frente e - atr\u00e1s<\/p>\n<\/li>\n<li data-start=\"2821\" data-end=\"2871\">\n<p data-start=\"2823\" data-end=\"2871\"><strong data-start=\"2823\" data-end=\"2837\">Dashboard:<\/strong> Eletrica com display digital<\/p>\n<\/li>\n<\/ul>\n<p>&nbsp;<\/p>\n<h3 data-start=\"2873\" data-end=\"2899\">Par\u00e2metros T\u00e9cnicos<\/h3>\n<ul data-start=\"2900\" data-end=\"3154\">\n<li data-start=\"2900\" data-end=\"2973\">\n<p data-start=\"2902\" data-end=\"2973\"><strong data-start=\"2902\" data-end=\"2916\">Atr\u00e1s do Eixo:<\/strong> Frego de foco de petr\u00f3leo com uma gaiola de bolas automobil\u00edsticas<\/p>\n<\/li>\n<li data-start=\"2974\" data-end=\"3039\">\n<p data-start=\"2976\" data-end=\"3039\"><strong data-start=\"2976\" data-end=\"2990\">Luz:<\/strong> Ilumina\u00e7\u00e3o padr\u00e3o para opera\u00e7\u00e3o nocturna segura<\/p>\n<\/li>\n<li data-start=\"3040\" data-end=\"3073\">\n<p data-start=\"3042\" data-end=\"3073\"><strong data-start=\"3042\" data-end=\"3060\">Tempo de carga:<\/strong> 8-10 horas<\/p>\n<\/li>\n<li data-start=\"3074\" data-end=\"3115\">\n<p data-start=\"3076\" data-end=\"3115\"><strong data-start=\"3076\" data-end=\"3096\">Cargando em 40HQ:<\/strong> 27 sets CKD\/40HQ<\/p>\n<\/li>\n<li data-start=\"3116\" data-end=\"3154\">\n<p data-start=\"3118\" data-end=\"3154\"><strong data-start=\"3118\" data-end=\"3135\">Vida da Bateria:<\/strong> At\u00e9 800 ciclos<\/p>\n<\/li>\n<\/ul>\n<p>&nbsp;<\/p>\n<h3 data-start=\"3156\" data-end=\"3170\">Material<\/h3>\n<ul data-start=\"3171\" data-end=\"3332\">\n<li data-start=\"3171\" data-end=\"3216\">\n<p data-start=\"3173\" data-end=\"3216\"><strong data-start=\"3173\" data-end=\"3183\">Quadro:<\/strong> Aceiro de alta for\u00e7a refor\u00e7ado<\/p>\n<\/li>\n<li data-start=\"3217\" data-end=\"3255\">\n<p data-start=\"3219\" data-end=\"3255\"><strong data-start=\"3219\" data-end=\"3230\">Rodas:<\/strong> Rodas de ferro pesadas<\/p>\n<\/li>\n<li data-start=\"3256\" data-end=\"3332\">\n<p data-start=\"3258\" data-end=\"3332\"><strong data-start=\"3258\" data-end=\"3270\">Bateria:<\/strong> Op\u00e7\u00f5es de l\u00edtio ou \u00e1cido de chumbo dependendo da personaliza\u00e7\u00e3o do OEM<\/p>\n<\/li>\n<\/ul>\n<p>&nbsp;<\/p>\n<h3 data-start=\"3334\" data-end=\"3350\">Apar\u00eancia<\/h3>\n<p data-start=\"3351\" data-end=\"3534\">Com um design ousado, forma aerodin\u00e2mica e cores de pintura personalizadas, <strong data-start=\"3425\" data-end=\"3448\">Tuk de motor de 1500W<\/strong> apresenta um aspecto moderno e profissional adequado para flotas de t\u00e1xi e servi\u00e7os tur\u00edsticos.<\/p>\n<p data-start=\"3351\" data-end=\"3534\">\n<h3 data-start=\"3536\" data-end=\"3548\">Design<\/h3>\n<p data-start=\"3549\" data-end=\"3746\">O design ergon\u00f4mico oferece entrada e sa\u00edda f\u00e1cil, assentos de passageiros amplos e faros estrat\u00e9gicamente colocados para a seguran\u00e7a. O telhado refor\u00e7ado proporciona prote\u00e7\u00e3o meteorol\u00f3gica adicional aos passageiros.<\/p>\n<p data-start=\"3549\" data-end=\"3746\">\n<h3 data-start=\"3748\" data-end=\"3771\">Adapta\u00e7\u00e3o OEM<\/h3>\n<ul data-start=\"3772\" data-end=\"3957\">\n<li data-start=\"3772\" data-end=\"3822\">\n<p data-start=\"3774\" data-end=\"3822\">Marca e impress\u00e3o de logotipos para operadores da frota<\/p>\n<\/li>\n<li data-start=\"3823\" data-end=\"3868\">\n<p data-start=\"3825\" data-end=\"3868\">Actualiza\u00e7\u00e3o opcional da bateria de i\u00f3ns de l\u00edtio<\/p>\n<\/li>\n<li data-start=\"3869\" data-end=\"3909\">\n<p data-start=\"3871\" data-end=\"3909\">Configura\u00e7\u00f5es de duas portas dispon\u00edveis<\/p>\n<\/li>\n<li data-start=\"3910\" data-end=\"3957\">\n<p data-start=\"3912\" data-end=\"3957\">Modifica\u00e7\u00f5es do arranjo de assentos a pedido<\/p>\n<\/li>\n<\/ul>\n<p>&nbsp;<\/p>\n<h3 data-start=\"3959\" data-end=\"3980\">Controlo da qualidade<\/h3>\n<ul data-start=\"3981\" data-end=\"4199\">\n<li data-start=\"3981\" data-end=\"4022\">\n<p data-start=\"3983\" data-end=\"4022\">padr\u00f5es de fabrica\u00e7\u00e3o certificados ISO<\/p>\n<\/li>\n<li data-start=\"4023\" data-end=\"4089\">\n<p data-start=\"4025\" data-end=\"4089\">100% de inspec\u00e7\u00e3o motora, controlador e bateria antes da expedi\u00e7\u00e3o<\/p>\n<\/li>\n<li data-start=\"4090\" data-end=\"4143\">\n<p data-start=\"4092\" data-end=\"4143\">Testes de trav\u00e3o e suspens\u00e3o para garantir a seguran\u00e7a<\/p>\n<\/li>\n<li data-start=\"4144\" data-end=\"4199\">\n<p data-start=\"4146\" data-end=\"4199\">embalagem CKD\/CKD para a durabilidade das exporta\u00e7\u00f5es internacionais<\/p>\n<\/li>\n<\/ul>\n<p>&nbsp;<\/p>\n<h3 data-start=\"4201\" data-end=\"4226\">Apoio ap\u00f3s vendas<\/h3>\n<ul data-start=\"4227\" data-end=\"4394\">\n<li data-start=\"4227\" data-end=\"4274\">\n<p data-start=\"4229\" data-end=\"4274\">Garantia global sobre motores e baterias<\/p>\n<\/li>\n<li data-start=\"4275\" data-end=\"4318\">\n<p data-start=\"4277\" data-end=\"4318\">Fornecimento de pe\u00e7as de reserva para clientes globais<\/p>\n<\/li>\n<li data-start=\"4319\" data-end=\"4360\">\n<p data-start=\"4321\" data-end=\"4360\">Treinamento t\u00e9cnico remoto e suporte<\/p>\n<\/li>\n<li data-start=\"4361\" data-end=\"4394\">\n<p data-start=\"4363\" data-end=\"4394\">Orienta\u00e7\u00e3o para a manuten\u00e7\u00e3o da vida<\/p>\n<\/li>\n<\/ul>\n<p>&nbsp;<\/p>\n<h3 data-start=\"4396\" data-end=\"4420\">Campos de Aplica\u00e7\u00e3o<\/h3>\n<ul data-start=\"4421\" data-end=\"4592\">\n<li data-start=\"4421\" data-end=\"4454\">\n<p data-start=\"4423\" data-end=\"4454\">Servi\u00e7os de t\u00e1xi urbanos e rurais<\/p>\n<\/li>\n<li data-start=\"4455\" data-end=\"4497\">\n<p data-start=\"4457\" data-end=\"4497\">Transporte tur\u00edstico e vistas urbanas<\/p>\n<\/li>\n<li data-start=\"4498\" data-end=\"4531\">\n<p data-start=\"4500\" data-end=\"4531\">Servi\u00e7os compartilhados de viagem de mobilidade<\/p>\n<\/li>\n<li data-start=\"4532\" data-end=\"4592\">\n<p data-start=\"4534\" data-end=\"4592\">Viagem familiar e adapta\u00e7\u00e3o de carga (a pedido do OEM)<\/p>\n<\/li>\n<\/ul>\n<p>&nbsp;<\/p>\n<h3 data-start=\"4594\" data-end=\"4614\">M\u00e9todo de Pagamento<\/h3>\n<ul data-start=\"4615\" data-end=\"4699\">\n<li data-start=\"4615\" data-end=\"4664\">\n<p data-start=\"4617\" data-end=\"4664\">T\/T, L\/C, PayPal e Western Union dispon\u00edveis<\/p>\n<\/li>\n<li data-start=\"4665\" data-end=\"4699\">\n<p data-start=\"4667\" data-end=\"4699\">Termos flex\u00edveis para ordens em massa<\/p>\n<\/li>\n<\/ul>\n<p>&nbsp;<\/p>\n<p><img fetchpriority=\"high\" decoding=\"async\" class=\"alignnone size-medium wp-image-3864\" src=\"https:\/\/www.tairuiauto.com\/wp-content\/uploads\/2025\/09\/6-13-300x225.jpg\" alt=\"\" width=\"300\" height=\"225\" srcset=\"\" sizes=\"(max-width: 300px) 100vw, 300px\" data-srcset=\"\" \/> \u00a0<img decoding=\"async\" class=\"alignnone size-medium wp-image-3863\" src=\"https:\/\/www.tairuiauto.com\/wp-content\/uploads\/2025\/09\/5-18-300x225.jpg\" alt=\"\" width=\"300\" height=\"225\" srcset=\"\" sizes=\"(max-width: 300px) 100vw, 300px\" data-srcset=\"\" \/> \u00a0 <img decoding=\"async\" class=\"alignnone wp-image-3862\" src=\"https:\/\/www.tairuiauto.com\/wp-content\/uploads\/2025\/09\/4-17-225x300.jpg\" alt=\"\" width=\"180\" height=\"240\" srcset=\"\" sizes=\"(max-width: 180px) 100vw, 180px\" data-srcset=\"\" \/>\u00a0 \u00a0 <img loading=\"lazy\" decoding=\"async\" class=\"alignnone size-medium wp-image-3860\" src=\"https:\/\/www.tairuiauto.com\/wp-content\/uploads\/2025\/09\/2-21-300x225.jpg\" alt=\"\" width=\"300\" height=\"225\" srcset=\"\" sizes=\"(max-width: 300px) 100vw, 300px\" data-srcset=\"\" \/><\/p>\n<hr \/>\n<p>&nbsp;<\/p>\n<h3 data-start=\"4701\" data-end=\"4710\">FAQ<\/h3>\n<p data-start=\"4711\" data-end=\"4835\"><strong data-start=\"4711\" data-end=\"4772\">Q1: Qual \u00e9 a velocidade m\u00e1xima do tuk motora de 1500W?<\/strong><br data-start=\"4772\" data-end=\"4775\" \/>A1: Pode alcan\u00e7ar at\u00e9 55 km\/h, ideal para viagens urbanas.<\/p>\n<p data-start=\"4837\" data-end=\"4935\"><strong data-start=\"4837\" data-end=\"4878\">Q2: Quantos passageiros pode carregar?<\/strong><br data-start=\"4878\" data-end=\"4881\" \/>A2: Ele acomoda o motorista e tr\u00eas passageiros.<\/p>\n<p data-start=\"4937\" data-end=\"5064\"><strong data-start=\"4937\" data-end=\"4986\">Q3: Posso actualizar a bateria para i\u00e3o de l\u00edtio?<\/strong><br data-start=\"4986\" data-end=\"4989\" \/>A3: Sim, as op\u00e7\u00f5es OEM permitem atualiza\u00e7\u00f5es de bateria de i\u00f3ns de l\u00edtio por mais longa dist\u00e2ncia.<\/p>\n<p data-start=\"5066\" data-end=\"5168\"><strong data-start=\"5066\" data-end=\"5100\">Q4: Qual \u00e9 o tempo de carga?<\/strong><br data-start=\"5100\" data-end=\"5103\" \/>A4: O tempo padr\u00e3o de carga \u00e9 de 8-10 horas para uma carga completa.<\/p>\n<p data-start=\"5170\" data-end=\"5321\"><strong data-start=\"5170\" data-end=\"5221\">Q5: Este ve\u00edculo \u00e9 adequado para regi\u00f5es montanhas?<\/strong><br data-start=\"5221\" data-end=\"5224\" \/>A5: Sim, com uma capacidade de escalada de 25\u00b0, ela maneja eficazmente \u00e1reas semiurbanas e rurais colinas.<\/p>","protected":false},"excerpt":{"rendered":"<p>O <strong data-start=\"449\" data-end=\"472\">Tuk de motor de 1500W<\/strong> \u00e9 um ve\u00edculo moderno el\u00e9trico de passageiros projetado para substituir os rickshaws autom\u00f3veis tradicionais baseados em combust\u00edvel por uma solu\u00e7\u00e3o mais limpa e mais eficiente em custo. Constru\u00eddo com um motor AC 60V1500W poderoso e controlador adaptativo, este tuk el\u00e9trico fornece acelera\u00e7\u00e3o suave, excelente capacidade de subida e long a dist\u00e2ncia de condu\u00e7\u00e3o, tornando-o ideal para o transporte urbano e semiurbano de passageiros. Sua estrutura robusta, sistema de travagem eficiente e disposi\u00e7\u00e3o de assentos confort\u00e1vel fazem dele um dos e-rickshaws mais competitivos dispon\u00edveis para uso comercial.<\/p>","protected":false},"featured_media":3859,"comment_status":"open","ping_status":"closed","template":"","meta":[],"product_brand":[],"product_cat":[78],"product_tag":[],"class_list":{"0":"post-3849","1":"product","2":"type-product","3":"status-publish","4":"has-post-thumbnail","6":"product_cat-electric-tricycle","8":"first","9":"instock","10":"shipping-taxable","11":"product-type-simple"},"_links":{"self":[{"href":"https:\/\/www.tairuiauto.com\/pt\/wp-json\/wp\/v2\/product\/3849","targetHints":{"allow":["GET"]}}],"collection":[{"href":"https:\/\/www.tairuiauto.com\/pt\/wp-json\/wp\/v2\/product"}],"about":[{"href":"https:\/\/www.tairuiauto.com\/pt\/wp-json\/wp\/v2\/types\/product"}],"replies":[{"embeddable":true,"href":"https:\/\/www.tairuiauto.com\/pt\/wp-json\/wp\/v2\/comments?post=3849"}],"wp:featuredmedia":[{"embeddable":true,"href":"https:\/\/www.tairuiauto.com\/pt\/wp-json\/wp\/v2\/media\/3859"}],"wp:attachment":[{"href":"https:\/\/www.tairuiauto.com\/pt\/wp-json\/wp\/v2\/media?parent=3849"}],"wp:term":[{"taxonomy":"product_brand","embeddable":true,"href":"https:\/\/www.tairuiauto.com\/pt\/wp-json\/wp\/v2\/product_brand?post=3849"},{"taxonomy":"product_cat","embeddable":true,"href":"https:\/\/www.tairuiauto.com\/pt\/wp-json\/wp\/v2\/product_cat?post=3849"},{"taxonomy":"product_tag","embeddable":true,"href":"https:\/\/www.tairuiauto.com\/pt\/wp-json\/wp\/v2\/product_tag?post=3849"}],"curies":[{"name":"wp","href":"https:\/\/api.w.org\/{rel}","templated":true}]}}