{"id":3869,"date":"2025-09-24T09:10:28","date_gmt":"2025-09-24T01:10:28","guid":{"rendered":"https:\/\/www.tairuiauto.com\/?post_type=product&#038;p=3869"},"modified":"2025-09-24T09:02:59","modified_gmt":"2025-09-24T01:02:59","slug":"3000w-motor-tuk-tuk","status":"publish","type":"product","link":"https:\/\/www.tairuiauto.com\/pt\/product\/3000w-motor-tuk-tuk\/","title":{"rendered":"Tuk de motor de 3000W"},"content":{"rendered":"<h3 data-start=\"430\" data-end=\"455\">Descri\u00e7\u00e3o do produto<\/h3>\n<p data-start=\"456\" data-end=\"1046\">Com seu poderoso motor AC 60V 4000W, sistema de controle avan\u00e7ado e suspens\u00e3o independente, este tuk el\u00e9trico \u00e9 projetado para conforto e desempenho.<\/p>\n<table style=\"border-collapse: collapse; width: 74.2693%; height: 699px;\" border=\"0\" width=\"729\" cellspacing=\"0\" cellpadding=\"0\">\n<tbody>\n<tr style=\"height: 20.00pt;\">\n<td class=\"et3\" style=\"height: 20pt; width: 41.5677%;\" width=\"344\" height=\"33\">Modelo<\/td>\n<td class=\"et3\" style=\"width: 58.3135%;\" width=\"385\">Tuk de motor de 3000W<\/td>\n<\/tr>\n<tr style=\"height: 20.00pt;\">\n<td class=\"et4\" style=\"height: 20pt; width: 41.5677%;\" width=\"344\" height=\"33\">Dimens\u00f5es gerais do ve\u00edculo (mm)<\/td>\n<td class=\"et4\" style=\"width: 58.3135%;\" width=\"385\">2750*1300*2000<\/td>\n<\/tr>\n<tr style=\"height: 20.00pt;\">\n<td class=\"et4\" style=\"height: 20pt; width: 41.5677%;\" width=\"344\" height=\"33\">Dashboard<\/td>\n<td class=\"et4\" style=\"width: 58.3135%;\" width=\"385\">Electrical com Dashboard<\/td>\n<\/tr>\n<tr style=\"height: 20.00pt;\">\n<td class=\"et4\" style=\"height: 20pt; width: 41.5677%;\" width=\"344\" height=\"33\">controlador motor<\/td>\n<td class=\"et4\" style=\"width: 58.3135%;\" width=\"385\">60\/72V 4000w adaptativo, adequado para a tens\u00e3o de bateria de f\u00f3sforo de ferro de l\u00edtio limite superior 93v, limite inferior 63v<\/td>\n<\/tr>\n<tr style=\"height: 20.00pt;\">\n<td class=\"et4\" style=\"height: 20pt; width: 41.5677%;\" width=\"344\" height=\"33\">eixo traseiro<\/td>\n<td class=\"et4\" style=\"width: 58.3135%;\" width=\"385\">Freno de banho de petr\u00f3leo, roda de articula\u00e7\u00e3o de bola automotiva<\/td>\n<\/tr>\n<tr style=\"height: 20.00pt;\">\n<td class=\"et4\" style=\"height: 20pt; width: 41.5677%;\" width=\"344\" height=\"33\">Frego frontal<\/td>\n<td class=\"et4\" style=\"width: 58.3135%;\" width=\"385\">freno de disco de di\u00e2metro de 180 mm<\/td>\n<\/tr>\n<tr style=\"height: 20.00pt;\">\n<td class=\"et4\" style=\"height: 20pt; width: 41.5677%;\" width=\"344\" height=\"33\">freno traseiro<\/td>\n<td class=\"et4\" style=\"width: 58.3135%;\" width=\"385\">freno de disco de 220mm de di\u00e2metro<\/td>\n<\/tr>\n<tr style=\"height: 20.00pt;\">\n<td class=\"et4\" style=\"height: 20pt; width: 41.5677%;\" width=\"344\" height=\"33\">\u00e2ngulo de subida<\/td>\n<td class=\"et4\" style=\"width: 58.3135%;\" width=\"385\">35\u00b0<\/td>\n<\/tr>\n<tr style=\"height: 20.00pt;\">\n<td class=\"et4\" style=\"height: 20pt; width: 41.5677%;\" width=\"344\" height=\"33\">Luzes de frente<\/td>\n<td class=\"et4\" style=\"width: 58.3135%;\" width=\"385\">LED<\/td>\n<\/tr>\n<tr style=\"height: 20.00pt;\">\n<td class=\"et4\" style=\"height: 20pt; width: 41.5677%;\" width=\"344\" height=\"33\">Cargando Capacidade<\/td>\n<td class=\"et4\" style=\"width: 58.3135%;\" width=\"385\">13 pessoas<\/td>\n<\/tr>\n<tr style=\"height: 27.00pt;\">\n<td class=\"et4\" style=\"height: 27pt; width: 41.5677%;\" width=\"344\" height=\"45\">outras op\u00e7\u00f5es<\/td>\n<td class=\"et4\" style=\"width: 58.3135%;\" width=\"385\">Freno de estacionamento manual, r\u00e1dio Bluetooth, carga USB, Double-Door<\/td>\n<\/tr>\n<tr style=\"height: 20.00pt;\">\n<td class=\"et4\" style=\"height: 20pt; width: 41.5677%;\" width=\"344\" height=\"33\">centro de rodas<\/td>\n<td class=\"et4\" style=\"width: 58.3135%;\" width=\"385\">centro de rodas<\/td>\n<\/tr>\n<tr style=\"height: 20.00pt;\">\n<td class=\"et4\" style=\"height: 20pt; width: 41.5677%;\" width=\"344\" height=\"33\">motor<\/td>\n<td class=\"et4\" style=\"width: 58.3135%;\" width=\"385\">Motor AC 60V 4000W<\/td>\n<\/tr>\n<tr style=\"height: 20.00pt;\">\n<td class=\"et4\" style=\"height: 20pt; width: 41.5677%;\" width=\"344\" height=\"33\">absortor de choque frontal<\/td>\n<td class=\"et4\" style=\"width: 58.3135%;\" width=\"385\">Forque frontal de absor\u00e7\u00e3o de choque telesc\u00f3pico de dois ombros<\/td>\n<\/tr>\n<tr style=\"height: 20.00pt;\">\n<td class=\"et4\" style=\"height: 20pt; width: 41.5677%;\" width=\"344\" height=\"33\">Suspens\u00e3o posterior<\/td>\n<td class=\"et4\" style=\"width: 58.3135%;\" width=\"385\">suspens\u00e3o independente<\/td>\n<\/tr>\n<tr style=\"height: 20.00pt;\">\n<td class=\"et4\" style=\"height: 20pt; width: 41.5677%;\" width=\"344\" height=\"33\">velocidade m\u00e1xima<\/td>\n<td class=\"et4\" style=\"width: 58.3135%;\" width=\"385\">55 Km\/h<\/td>\n<\/tr>\n<tr style=\"height: 20.00pt;\">\n<td class=\"et4\" style=\"height: 20pt; width: 41.5677%;\" width=\"344\" height=\"33\">pneus de frente e de tr\u00e1s<\/td>\n<td class=\"et4\" style=\"width: 58.3135%;\" width=\"385\">F 400-10\/R 400-10<\/td>\n<\/tr>\n<tr style=\"height: 20.00pt;\">\n<td class=\"et4\" style=\"height: 20pt; width: 41.5677%;\" width=\"344\" height=\"33\">resist\u00eancia<\/td>\n<td class=\"et4\" style=\"width: 58.3135%;\" width=\"385\">140-165km<\/td>\n<\/tr>\n<tr style=\"height: 20.00pt;\">\n<td class=\"et4\" style=\"height: 20pt; width: 41.5677%;\" width=\"344\" height=\"33\">Bateria<\/td>\n<td class=\"et4\" style=\"width: 58.3135%;\" width=\"385\">bateria de i\u00f3ns de l\u00edtio 60v150AH<\/td>\n<\/tr>\n<tr style=\"height: 20.00pt;\">\n<td class=\"et4\" style=\"height: 20pt; width: 41.5677%;\" width=\"344\" height=\"33\">tempo de carga<\/td>\n<td class=\"et4\" style=\"width: 58.3135%;\" width=\"385\">8-10 h<\/td>\n<\/tr>\n<tr style=\"height: 20.00pt;\">\n<td class=\"et4\" style=\"height: 20pt; width: 41.5677%;\" width=\"344\" height=\"33\">Cargando em 40HQ<\/td>\n<td class=\"et4\" style=\"width: 58.3135%;\" width=\"385\">SKD 27\/CKD 40<\/td>\n<\/tr>\n<tr style=\"height: 20.00pt;\">\n<td class=\"et4\" style=\"height: 20pt; width: 41.5677%;\" width=\"344\" height=\"33\">Cargando em 40HQ<\/td>\n<td class=\"et4\" style=\"width: 58.3135%;\" width=\"385\">27sets\/40HQ CKD<\/td>\n<\/tr>\n<\/tbody>\n<\/table>\n<p>&nbsp;<\/p>\n<hr \/>\n<p>&nbsp;<\/p>\n<h3 data-start=\"1048\" data-end=\"1083\">Caracter\u00edsticas-chave e Vendo pontos<\/h3>\n<ol data-start=\"1084\" data-end=\"1653\">\n<li data-start=\"1084\" data-end=\"1207\">\n<p data-start=\"1087\" data-end=\"1207\"><strong data-start=\"1087\" data-end=\"1113\">Motor de alta pot\u00eancia 3000W<\/strong> \u2013 Garantiza excelente acelera\u00e7\u00e3o, capacidade de subida (at\u00e9 35\u00b0), e controle de velocidade confi\u00e1vel.<\/p>\n<\/li>\n<li data-start=\"1208\" data-end=\"1350\">\n<p data-start=\"1211\" data-end=\"1350\"><strong data-start=\"1211\" data-end=\"1237\">Bateria de intervalo alargado<\/strong> \u2013 Equipado com uma bateria de i\u00f3ns de l\u00edtio de 60V 150Ah, fornecendo 140-165 km por carga para opera\u00e7\u00e3o de long a dist\u00e2ncia.<\/p>\n<\/li>\n<li data-start=\"1351\" data-end=\"1497\">\n<p data-start=\"1354\" data-end=\"1497\"><strong data-start=\"1354\" data-end=\"1385\">Suspens\u00e3o orientada para o conforto<\/strong> \u2013 Dois absortores de choque telesc\u00f3pico na frente e suspens\u00e3o posterior independente fornecem uma viagem suave e est\u00e1vel.<\/p>\n<\/li>\n<li data-start=\"1498\" data-end=\"1653\">\n<p data-start=\"1501\" data-end=\"1653\"><strong data-start=\"1501\" data-end=\"1519\">Caracter\u00edsticas Inteligentes<\/strong> \u2013 Op\u00e7\u00f5es como o r\u00e1dio Bluetooth, carga USB, freio de estacionamento manual e design de portas duplas melhoram a experi\u00eancia de condutor e passageiros.<\/p>\n<\/li>\n<\/ol>\n<p>&nbsp;<\/p>\n<hr \/>\n<p>&nbsp;<\/p>\n<h3 data-start=\"1655\" data-end=\"1686\">Avan\u00e7os Diferenciados<\/h3>\n<ol data-start=\"1687\" data-end=\"2240\">\n<li data-start=\"1687\" data-end=\"1820\">\n<p data-start=\"1690\" data-end=\"1820\"><strong data-start=\"1690\" data-end=\"1717\">Sistema Superior de Braking<\/strong> \u2013 Disco frontal de 180 mm e freios de 220mm de tr\u00e1s garantem a m\u00e1xima seguran\u00e7a e uma dist\u00e2ncia de freio mais curta.<\/p>\n<\/li>\n<li data-start=\"1821\" data-end=\"1939\">\n<p data-start=\"1824\" data-end=\"1939\"><strong data-start=\"1824\" data-end=\"1849\">Qualidade de Constru\u00e7\u00e3o Dur\u00e1vel<\/strong> \u2013 Chassis de a\u00e7o refor\u00e7ado e corpo resistente ao tempo asseguram longevidade sob uso pesado.<\/p>\n<\/li>\n<li data-start=\"1940\" data-end=\"2084\">\n<p data-start=\"1943\" data-end=\"2084\"><strong data-start=\"1943\" data-end=\"1976\">Transporte eficiente de passageiros<\/strong> \u2013 Com 13 capacidades sentadas, isso <strong data-start=\"2011\" data-end=\"2034\">Tuk de motor de 3000W<\/strong> \u00e9 ideal tanto para servi\u00e7os de t\u00e1xi urbanos como rurais.<\/p>\n<\/li>\n<li data-start=\"2085\" data-end=\"2240\">\n<p data-start=\"2088\" data-end=\"2240\"><strong data-start=\"2088\" data-end=\"2114\">Opera\u00e7\u00e3o ecol\u00f3gica<\/strong> \u2013 Comparado com os rickshaws autom\u00f3veis baseados em combust\u00edvel, este tuk el\u00e9trico reduz CO \u2082  emiss\u00f5es e diminui drasticamente os gastos de combust\u00edvel.<\/p>\n<\/li>\n<\/ol>\n<p>&nbsp;<\/p>\n<hr \/>\n<p>&nbsp;<\/p>\n<h3 data-start=\"2242\" data-end=\"2270\">Especifica\u00e7\u00f5es do produto<\/h3>\n<ul data-start=\"2271\" data-end=\"2845\">\n<li data-start=\"2271\" data-end=\"2305\">\n<p data-start=\"2273\" data-end=\"2305\"><strong data-start=\"2273\" data-end=\"2283\">Modelo:<\/strong> 3000W Motor Tuk Tuk<\/p>\n<\/li>\n<li data-start=\"2344\" data-end=\"2371\">\n<p data-start=\"2346\" data-end=\"2371\"><strong data-start=\"2346\" data-end=\"2356\">Motor:<\/strong> AC 60V 4000W<\/p>\n<\/li>\n<li data-start=\"2372\" data-end=\"2410\">\n<p data-start=\"2374\" data-end=\"2410\"><strong data-start=\"2374\" data-end=\"2386\">Bateria:<\/strong> 60V 150Ah i\u00f3n de l\u00edtio<\/p>\n<\/li>\n<li data-start=\"2411\" data-end=\"2447\">\n<p data-start=\"2413\" data-end=\"2447\"><strong data-start=\"2413\" data-end=\"2434\">Range per Charge:<\/strong> 140-165 km<\/p>\n<\/li>\n<li data-start=\"2448\" data-end=\"2474\">\n<p data-start=\"2450\" data-end=\"2474\"><strong data-start=\"2450\" data-end=\"2464\">Velocidade m\u00e1xima:<\/strong> 55 km\/h<\/p>\n<\/li>\n<li data-start=\"2475\" data-end=\"2522\">\n<p data-start=\"2477\" data-end=\"2522\"><strong data-start=\"2477\" data-end=\"2498\">Capacidade de assentamento:<\/strong> Condutor, 3 passageiros<\/p>\n<\/li>\n<li data-start=\"2523\" data-end=\"2575\">\n<p data-start=\"2525\" data-end=\"2575\"><strong data-start=\"2525\" data-end=\"2540\">Controlador:<\/strong> Controlador adaptativo 60\/72V 4000W<\/p>\n<\/li>\n<li data-start=\"2576\" data-end=\"2606\">\n<p data-start=\"2578\" data-end=\"2606\"><strong data-start=\"2578\" data-end=\"2600\">Capacidade de Climbing:<\/strong> 35\u00b0<\/p>\n<\/li>\n<li data-start=\"2607\" data-end=\"2677\">\n<p data-start=\"2609\" data-end=\"2677\"><strong data-start=\"2609\" data-end=\"2628\">Sistema de travagem:<\/strong> Freno de disco frontal de 180 mm \/ Freno de disco posterior de 220mm<\/p>\n<\/li>\n<li data-start=\"2678\" data-end=\"2712\">\n<p data-start=\"2680\" data-end=\"2712\"><strong data-start=\"2680\" data-end=\"2690\">pneus:<\/strong> F 400-10 \/ R 400-10<\/p>\n<\/li>\n<li data-start=\"2713\" data-end=\"2769\">\n<p data-start=\"2715\" data-end=\"2769\"><strong data-start=\"2715\" data-end=\"2729\">Dashboard:<\/strong> Eletrica com display multifuncional<\/p>\n<\/li>\n<li data-start=\"2770\" data-end=\"2845\">\n<p data-start=\"2772\" data-end=\"2845\"><strong data-start=\"2772\" data-end=\"2785\">Opcional:<\/strong> Frego de estacionamento, r\u00e1dio Bluetooth, carga USB, porta dupla<\/p>\n<\/li>\n<\/ul>\n<p>&nbsp;<\/p>\n<h3 data-start=\"2847\" data-end=\"2873\">Par\u00e2metros T\u00e9cnicos<\/h3>\n<ul data-start=\"2874\" data-end=\"3161\">\n<li data-start=\"2874\" data-end=\"2931\">\n<p data-start=\"2876\" data-end=\"2931\"><strong data-start=\"2876\" data-end=\"2897\">Suspens\u00e3o Fronte:<\/strong> Dois absortores de choque telesc\u00f3pico<\/p>\n<\/li>\n<li data-start=\"2932\" data-end=\"2986\">\n<p data-start=\"2934\" data-end=\"2986\"><strong data-start=\"2934\" data-end=\"2954\">Suspens\u00e3o posterior:<\/strong> Sistema de suspens\u00e3o independente<\/p>\n<\/li>\n<li data-start=\"2987\" data-end=\"3032\">\n<p data-start=\"2989\" data-end=\"3032\"><strong data-start=\"2989\" data-end=\"3009\">Sistema de ilumina\u00e7\u00e3o:<\/strong> luzes de frente LED<\/p>\n<\/li>\n<li data-start=\"3033\" data-end=\"3066\">\n<p data-start=\"3035\" data-end=\"3066\"><strong data-start=\"3035\" data-end=\"3053\">Tempo de carga:<\/strong> 8-10 horas<\/p>\n<\/li>\n<li data-start=\"3067\" data-end=\"3117\">\n<p data-start=\"3069\" data-end=\"3117\"><strong data-start=\"3069\" data-end=\"3089\">Cargando em 40HQ:<\/strong> SKD 27 sets \/ CKD 40 sets<\/p>\n<\/li>\n<li data-start=\"3118\" data-end=\"3161\">\n<p data-start=\"3120\" data-end=\"3161\"><strong data-start=\"3120\" data-end=\"3143\">Ciclo de Vida da Bateria:<\/strong> 800-1000 ciclos<\/p>\n<\/li>\n<\/ul>\n<p><img fetchpriority=\"high\" decoding=\"async\" class=\"alignnone size-medium wp-image-3871\" src=\"https:\/\/www.tairuiauto.com\/wp-content\/uploads\/2025\/09\/20250515055704ef8cc-300x300.png\" alt=\"\" width=\"300\" height=\"300\" srcset=\"\" sizes=\"(max-width: 300px) 100vw, 300px\" data-srcset=\"\" \/>\u00a0 \u00a0 \u00a0 \u00a0 \u00a0 \u00a0 \u00a0 \u00a0 \u00a0 \u00a0\u00a0 <img decoding=\"async\" class=\"alignnone size-medium wp-image-3872\" src=\"https:\/\/www.tairuiauto.com\/wp-content\/uploads\/2025\/09\/202505150556328c900-300x300.png\" alt=\"\" width=\"300\" height=\"300\" srcset=\"\" sizes=\"(max-width: 300px) 100vw, 300px\" data-srcset=\"\" \/>\u00a0 \u00a0 \u00a0 \u00a0 \u00a0 \u00a0 \u00a0 \u00a0<img decoding=\"async\" class=\"alignnone size-medium wp-image-3873\" src=\"https:\/\/www.tairuiauto.com\/wp-content\/uploads\/2025\/09\/20250515055607895a7-300x300.png\" alt=\"\" width=\"300\" height=\"300\" srcset=\"\" sizes=\"(max-width: 300px) 100vw, 300px\" data-srcset=\"\" \/><\/p>\n<h3 data-start=\"3163\" data-end=\"3177\">Material<\/h3>\n<ul data-start=\"3178\" data-end=\"3411\">\n<li data-start=\"3178\" data-end=\"3235\">\n<p data-start=\"3180\" data-end=\"3235\"><strong data-start=\"3180\" data-end=\"3190\">Quadro:<\/strong> Aceiro de alta for\u00e7a com revestimento anti-rosa<\/p>\n<\/li>\n<li data-start=\"3236\" data-end=\"3296\">\n<p data-start=\"3238\" data-end=\"3296\"><strong data-start=\"3238\" data-end=\"3254\">Paneis corporais:<\/strong> ABS dur\u00e1vel e pain\u00e9is de metal refor\u00e7ados<\/p>\n<\/li>\n<li data-start=\"3297\" data-end=\"3333\">\n<p data-start=\"3299\" data-end=\"3333\"><strong data-start=\"3299\" data-end=\"3310\">Rodas:<\/strong> Centros de ferro pesados<\/p>\n<\/li>\n<li data-start=\"3334\" data-end=\"3411\">\n<p data-start=\"3336\" data-end=\"3411\"><strong data-start=\"3336\" data-end=\"3348\">Bateria:<\/strong> Ion de l\u00edtio avan\u00e7ado para vida prolongada e efici\u00eancia energ\u00e9tica<\/p>\n<\/li>\n<\/ul>\n<p>&nbsp;<\/p>\n<h3 data-start=\"3413\" data-end=\"3429\">Apar\u00eancia<\/h3>\n<p data-start=\"3430\" data-end=\"3599\">O <strong data-start=\"3434\" data-end=\"3457\">Tuk de motor de 3000W<\/strong> apresenta um corpo aerodin\u00e2mico moderno, uma fascia frontal estilista com luzes LED, e cores personalizadas para corresponder \u00e0s marcas ou exig\u00eancias da frota.<\/p>\n<h3 data-start=\"3601\" data-end=\"3613\">Design<\/h3>\n<p data-start=\"3614\" data-end=\"3831\">Com um painel de bordo centrado no condutor, assentos ergon\u00f4micos e espa\u00e7o de passageiros amplo, este tuk el\u00e9trico assegura conforto em cada viagem. A op\u00e7\u00e3o duas portas proporciona mais seguran\u00e7a e conveni\u00eancia para operadores comerciais.<\/p>\n<h3 data-start=\"3833\" data-end=\"3856\">Adapta\u00e7\u00e3o OEM<\/h3>\n<ul data-start=\"3857\" data-end=\"4026\">\n<li data-start=\"3857\" data-end=\"3894\">\n<p data-start=\"3859\" data-end=\"3894\">Marca personalizada e impress\u00e3o de logotipo<\/p>\n<\/li>\n<li data-start=\"3895\" data-end=\"3934\">\n<p data-start=\"3897\" data-end=\"3934\">Escolha do tipo e capacidade da bateria<\/p>\n<\/li>\n<li data-start=\"3935\" data-end=\"3979\">\n<p data-start=\"3937\" data-end=\"3979\">Situa\u00e7\u00e3o adicional ou modifica\u00e7\u00e3o da carga<\/p>\n<\/li>\n<li data-start=\"3980\" data-end=\"4026\">\n<p data-start=\"3982\" data-end=\"4026\">Instala\u00e7\u00e3o opcional do sistema de entretenimento<\/p>\n<\/li>\n<\/ul>\n<p>&nbsp;<\/p>\n<h3 data-start=\"4028\" data-end=\"4049\">Controlo da qualidade<\/h3>\n<ul data-start=\"4050\" data-end=\"4235\">\n<li data-start=\"4050\" data-end=\"4103\">\n<p data-start=\"4052\" data-end=\"4103\">100% de testes motores e controladores antes da entrega<\/p>\n<\/li>\n<li data-start=\"4104\" data-end=\"4146\">\n<p data-start=\"4106\" data-end=\"4146\">Verifica\u00e7\u00f5es de durabilidade do trav\u00e3o e suspens\u00e3o<\/p>\n<\/li>\n<li data-start=\"4147\" data-end=\"4188\">\n<p data-start=\"4149\" data-end=\"4188\">Certificado nos padr\u00f5es ISO e CCC<\/p>\n<\/li>\n<li data-start=\"4189\" data-end=\"4235\">\n<p data-start=\"4191\" data-end=\"4235\">embalagem CKD\/SKD para transporte global seguro<\/p>\n<\/li>\n<\/ul>\n<p>&nbsp;<\/p>\n<h3 data-start=\"4237\" data-end=\"4262\">Servi\u00e7o de Depois de Venda<\/h3>\n<ul data-start=\"4263\" data-end=\"4446\">\n<li data-start=\"4263\" data-end=\"4309\">\n<p data-start=\"4265\" data-end=\"4309\">Garantia sobre motor, bateria e controlador<\/p>\n<\/li>\n<li data-start=\"4310\" data-end=\"4356\">\n<p data-start=\"4312\" data-end=\"4356\">Disponibilidade de pe\u00e7as de reserva para compradores globais<\/p>\n<\/li>\n<li data-start=\"4357\" data-end=\"4404\">\n<p data-start=\"4359\" data-end=\"4404\">Suporte t\u00e9cnico remoto e treinamento de v\u00eddeo<\/p>\n<\/li>\n<li data-start=\"4405\" data-end=\"4446\">\n<p data-start=\"4407\" data-end=\"4446\">Consulta em tempo de vida para manuten\u00e7\u00e3o<\/p>\n<\/li>\n<\/ul>\n<p>&nbsp;<\/p>\n<h3 data-start=\"4448\" data-end=\"4472\">Campos de Aplica\u00e7\u00e3o<\/h3>\n<ul data-start=\"4473\" data-end=\"4631\">\n<li data-start=\"4473\" data-end=\"4505\">\n<p data-start=\"4475\" data-end=\"4505\">Servi\u00e7o de t\u00e1xi urbano para passageiros<\/p>\n<\/li>\n<li data-start=\"4506\" data-end=\"4532\">\n<p data-start=\"4508\" data-end=\"4532\">Transporte urbano tur\u00edstico<\/p>\n<\/li>\n<li data-start=\"4533\" data-end=\"4576\">\n<p data-start=\"4535\" data-end=\"4576\">Mobilidade compartilhada e flotas de acompanhamento<\/p>\n<\/li>\n<li data-start=\"4577\" data-end=\"4631\">\n<p data-start=\"4579\" data-end=\"4631\">Viagem familiar ou privada em cidades ecol\u00f3gicas<\/p>\n<\/li>\n<\/ul>\n<p>&nbsp;<\/p>\n<h3 data-start=\"4633\" data-end=\"4653\">M\u00e9todo de Pagamento<\/h3>\n<ul data-start=\"4654\" data-end=\"4753\">\n<li data-start=\"4654\" data-end=\"4693\">\n<p data-start=\"4656\" data-end=\"4693\">T\/T, L\/C, Western Union e PayPal<\/p>\n<\/li>\n<li data-start=\"4694\" data-end=\"4753\">\n<p data-start=\"4696\" data-end=\"4753\">Condi\u00e7\u00f5es flex\u00edveis de pagamento para distribuidores e pedidos em massa<\/p>\n<\/li>\n<\/ul>\n<p>&nbsp;<\/p>\n<hr \/>\n<p>&nbsp;<\/p>\n<h3 data-start=\"4755\" data-end=\"4764\">FAQ<\/h3>\n<p data-start=\"4765\" data-end=\"4917\"><strong data-start=\"4765\" data-end=\"4837\">Q1: Qual \u00e9 o intervalo do tuk de 3000W em uma \u00fanica carga?<\/strong><br data-start=\"4837\" data-end=\"4840\" \/>A1: Pode viajar entre 140-165 km dependendo das condi\u00e7\u00f5es de estrada e carga.<\/p>\n<p data-start=\"4919\" data-end=\"5029\"><strong data-start=\"4919\" data-end=\"4960\">Q2: Quantos passageiros pode carregar?<\/strong><br data-start=\"4960\" data-end=\"4963\" \/>A2: O ve\u00edculo pode transportar um motorista e tr\u00eas passageiros confort\u00e1velmente.<\/p>\n<p data-start=\"5031\" data-end=\"5179\"><strong data-start=\"5031\" data-end=\"5091\">Q3: O tuk motora de 3000W \u00e9 adequado para \u00e1reas montanhas?<\/strong><br data-start=\"5091\" data-end=\"5094\" \/>A3: Sim, tem uma capacidade de subir at\u00e9 35\u00b0, tornando-a ideal para terra montanha.<\/p>\n<p data-start=\"5181\" data-end=\"5309\"><strong data-start=\"5181\" data-end=\"5239\">Q4: Quanto tempo demora para carregar a bateria completamente?<\/strong><br data-start=\"5239\" data-end=\"5242\" \/>A4: A carga requer cerca de 8-10 horas usando um cargador padr\u00e3o.<\/p>\n<p data-start=\"5311\" data-end=\"5440\"><strong data-start=\"5311\" data-end=\"5361\">Q5: Posso pedir cores personalizadas ou marcas?<\/strong><br data-start=\"5361\" data-end=\"5364\" \/>A5: Sim, a personaliza\u00e7\u00e3o OEM est\u00e1 dispon\u00edvel para operadores e revendedores da frota.<\/p>","protected":false},"excerpt":{"rendered":"<p>O <strong data-start=\"460\" data-end=\"483\">Tuk de motor de 3000W<\/strong> representa a pr\u00f3xima gera\u00e7\u00e3o de ve\u00edculos el\u00e9tricos de passageiros. Com seu poderoso motor AC 60V 4000W, sistema de controlador avan\u00e7ado e suspens\u00e3o independente, este tuk el\u00e9trico \u00e9 projetado para conforto e desempenho. Oferecendo uma velocidade m\u00e1xima de 55 km\/h e um intervalo impressionante de condu\u00e7\u00e3o de at\u00e9 165 km por carga, supera os rickshaws autom\u00f3veis tradicionais baseados em combust\u00edvel, assegurando baixos custos de funcionamento. Sua cabana espaciosa, quadro duradouro e caracter\u00edsticas modernas fazem com que seja uma escolha ideal para o transporte de passageiros, servi\u00e7os de mobilidade compartilhada e viagem urbana.<\/p>","protected":false},"featured_media":3870,"comment_status":"open","ping_status":"closed","template":"","meta":[],"product_brand":[],"product_cat":[78],"product_tag":[],"class_list":{"0":"post-3869","1":"product","2":"type-product","3":"status-publish","4":"has-post-thumbnail","6":"product_cat-electric-tricycle","8":"first","9":"instock","10":"shipping-taxable","11":"product-type-simple"},"_links":{"self":[{"href":"https:\/\/www.tairuiauto.com\/pt\/wp-json\/wp\/v2\/product\/3869","targetHints":{"allow":["GET"]}}],"collection":[{"href":"https:\/\/www.tairuiauto.com\/pt\/wp-json\/wp\/v2\/product"}],"about":[{"href":"https:\/\/www.tairuiauto.com\/pt\/wp-json\/wp\/v2\/types\/product"}],"replies":[{"embeddable":true,"href":"https:\/\/www.tairuiauto.com\/pt\/wp-json\/wp\/v2\/comments?post=3869"}],"wp:featuredmedia":[{"embeddable":true,"href":"https:\/\/www.tairuiauto.com\/pt\/wp-json\/wp\/v2\/media\/3870"}],"wp:attachment":[{"href":"https:\/\/www.tairuiauto.com\/pt\/wp-json\/wp\/v2\/media?parent=3869"}],"wp:term":[{"taxonomy":"product_brand","embeddable":true,"href":"https:\/\/www.tairuiauto.com\/pt\/wp-json\/wp\/v2\/product_brand?post=3869"},{"taxonomy":"product_cat","embeddable":true,"href":"https:\/\/www.tairuiauto.com\/pt\/wp-json\/wp\/v2\/product_cat?post=3869"},{"taxonomy":"product_tag","embeddable":true,"href":"https:\/\/www.tairuiauto.com\/pt\/wp-json\/wp\/v2\/product_tag?post=3869"}],"curies":[{"name":"wp","href":"https:\/\/api.w.org\/{rel}","templated":true}]}}