{"id":3895,"date":"2026-01-24T09:58:13","date_gmt":"2026-01-24T01:58:13","guid":{"rendered":"https:\/\/www.tairuiauto.com\/?post_type=product&#038;p=3895"},"modified":"2026-01-27T11:07:04","modified_gmt":"2026-01-27T03:07:04","slug":"4000w-motor-tuk-tuk","status":"publish","type":"product","link":"https:\/\/www.tairuiauto.com\/pt\/product\/4000w-motor-tuk-tuk\/","title":{"rendered":"Electric Mini Passenger Tuk Tuk"},"content":{"rendered":"<h2 style=\"padding-left: 40px;\" data-start=\"441\" data-end=\"460\">Vista geral dos produtos<\/h2>\n<p style=\"padding-left: 40px;\" data-start=\"462\" data-end=\"749\">Esse mini-tuk el\u00e9trico de passageiros \u00e9 projetado para viagens urbanas, transportes de bairro e servi\u00e7os de passageiros de pequeno grupo. Suas dimens\u00f5es compactas, sistema de suspens\u00e3o est\u00e1vel e configura\u00e7\u00e3o de energia adapt\u00e1vel o tornam bem adequado para ambientes urbanos densos e mercados em desenvolvimento.<\/p>\n<table style=\"border-collapse: collapse; width: 75.2766%; height: 715px; margin-left: 40px;\" border=\"0\" width=\"823\" cellspacing=\"0\" cellpadding=\"0\">\n<tbody style=\"padding-left: 40px;\">\n<tr style=\"height: 20pt; padding-left: 40px;\">\n<td class=\"et3\" style=\"height: 20pt; width: 39.8593%; padding-left: 40px;\" width=\"427\" height=\"33\">Modelo<\/td>\n<td class=\"et3\" style=\"width: 60.0234%; padding-left: 40px;\" width=\"396\">Electric Mini Passenger Tuk Tuk<\/td>\n<\/tr>\n<tr style=\"height: 20pt; padding-left: 40px;\">\n<td class=\"et4\" style=\"height: 20pt; width: 39.8593%; padding-left: 40px;\" width=\"427\" height=\"33\">Tamanho global<\/td>\n<td class=\"et4\" style=\"width: 60.0234%; padding-left: 40px;\" width=\"396\">2750*1300*2000 mm<\/td>\n<\/tr>\n<tr style=\"height: 20pt; padding-left: 40px;\">\n<td class=\"et4\" style=\"height: 20pt; width: 39.8593%; padding-left: 40px;\" width=\"427\" height=\"33\">Metros<\/td>\n<td class=\"et4\" style=\"width: 60.0234%; padding-left: 40px;\" width=\"396\">Electrical com Dashboard<\/td>\n<\/tr>\n<tr style=\"height: 34pt; padding-left: 40px;\">\n<td class=\"et4\" style=\"height: 34pt; width: 39.8593%; padding-left: 40px;\" width=\"427\" height=\"56\">Controlador<\/td>\n<td class=\"et4\" style=\"width: 60.0234%; padding-left: 40px;\" width=\"396\">60\/72V4000wAdaptivo, adequado para a tens\u00e3o de bateria de f\u00f3sforo de ferro de l\u00edtio limite superior 93v, limite inferior 63v<\/td>\n<\/tr>\n<tr style=\"height: 20pt; padding-left: 40px;\">\n<td class=\"et4\" style=\"height: 20pt; width: 39.8593%; padding-left: 40px;\" width=\"427\" height=\"33\">Atr\u00e1s do Eixo<\/td>\n<td class=\"et4\" style=\"width: 60.0234%; padding-left: 40px;\" width=\"396\">Frego de foco de petr\u00f3leo, roda de conex\u00e3o de bola de autom\u00f3vel<\/td>\n<\/tr>\n<tr style=\"height: 20pt; padding-left: 40px;\">\n<td class=\"et4\" style=\"height: 20pt; width: 39.8593%; padding-left: 40px;\" width=\"427\" height=\"33\">Frego frontal<\/td>\n<td class=\"et4\" style=\"width: 60.0234%; padding-left: 40px;\" width=\"396\">freno de disco de di\u00e2metro de 180 mm<\/td>\n<\/tr>\n<tr style=\"height: 20pt; padding-left: 40px;\">\n<td class=\"et4\" style=\"height: 20pt; width: 39.8593%; padding-left: 40px;\" width=\"427\" height=\"33\">Frego traseiro<\/td>\n<td class=\"et4\" style=\"width: 60.0234%; padding-left: 40px;\" width=\"396\">freno hidr\u00e1ulico de tambor de 220mm de di\u00e2metro<\/td>\n<\/tr>\n<tr style=\"height: 20pt; padding-left: 40px;\">\n<td class=\"et4\" style=\"height: 20pt; width: 39.8593%; padding-left: 40px;\" width=\"427\" height=\"33\">Gradeabilidade<\/td>\n<td class=\"et4\" style=\"width: 60.0234%; padding-left: 40px;\" width=\"396\">25\u00b0<\/td>\n<\/tr>\n<tr style=\"height: 20pt; padding-left: 40px;\">\n<td class=\"et5\" style=\"height: 20pt; width: 39.8593%; padding-left: 40px;\" width=\"427\" height=\"33\">Luz<\/td>\n<td class=\"et4\" style=\"width: 60.0234%; padding-left: 40px;\" width=\"396\">Normal, grande luz, LED opcional<\/td>\n<\/tr>\n<tr style=\"height: 20pt; padding-left: 40px;\">\n<td class=\"et4\" style=\"height: 20pt; width: 39.8593%; padding-left: 40px;\" width=\"427\" height=\"33\">Cargando Capacidade<\/td>\n<td class=\"et4\" style=\"width: 60.0234%; padding-left: 40px;\" width=\"396\">D 3 pessoas<\/td>\n<\/tr>\n<tr style=\"height: 20pt; padding-left: 40px;\">\n<td class=\"et4\" style=\"height: 20pt; width: 39.8593%; padding-left: 40px;\" width=\"427\" height=\"33\">outra op\u00e7\u00e3o<\/td>\n<td class=\"et4\" style=\"width: 60.0234%; padding-left: 40px;\" width=\"396\">Frego de m\u00e3o de freno de p\u00e9 em um<\/td>\n<\/tr>\n<tr style=\"height: 20pt; padding-left: 40px;\">\n<td class=\"et4\" style=\"height: 20pt; width: 39.8593%; padding-left: 40px;\" width=\"427\" height=\"33\">Elemento<\/td>\n<td class=\"et4\" style=\"width: 60.0234%; padding-left: 40px;\" width=\"396\">Especifica\u00e7\u00f5es<\/td>\n<\/tr>\n<tr style=\"height: 20pt; padding-left: 40px;\">\n<td class=\"et4\" style=\"height: 20pt; width: 39.8593%; padding-left: 40px;\" width=\"427\" height=\"33\">Rim<\/td>\n<td class=\"et4\" style=\"width: 60.0234%; padding-left: 40px;\" width=\"396\">Rodas de ferro<\/td>\n<\/tr>\n<tr style=\"height: 20pt; padding-left: 40px;\">\n<td class=\"et4\" style=\"height: 20pt; width: 39.8593%; padding-left: 40px;\" width=\"427\" height=\"33\">E-Motor<\/td>\n<td class=\"et4\" style=\"width: 60.0234%; padding-left: 40px;\" width=\"396\">AC-60V4000W<\/td>\n<\/tr>\n<tr style=\"height: 20pt; padding-left: 40px;\">\n<td class=\"et4\" style=\"height: 20pt; width: 39.8593%; padding-left: 40px;\" width=\"427\" height=\"33\">Suspens\u00e3o Fronte<\/td>\n<td class=\"et4\" style=\"width: 60.0234%; padding-left: 40px;\" width=\"396\">Forque frontal absorvente choque do bra\u00e7o do ombro duplo<\/td>\n<\/tr>\n<tr style=\"height: 20pt; padding-left: 40px;\">\n<td class=\"et4\" style=\"height: 20pt; width: 39.8593%; padding-left: 40px;\" width=\"427\" height=\"33\">Suspens\u00e3o posterior<\/td>\n<td class=\"et4\" style=\"width: 60.0234%; padding-left: 40px;\" width=\"396\">Independ\u00eancia pendurada<\/td>\n<\/tr>\n<tr style=\"height: 20pt; padding-left: 40px;\">\n<td class=\"et4\" style=\"height: 20pt; width: 39.8593%; padding-left: 40px;\" width=\"427\" height=\"33\">Velocidade m\u00e1xima<\/td>\n<td class=\"et4\" style=\"width: 60.0234%; padding-left: 40px;\" width=\"396\">55 Km\/h<\/td>\n<\/tr>\n<tr style=\"height: 20pt; padding-left: 40px;\">\n<td class=\"et4\" style=\"height: 20pt; width: 39.8593%; padding-left: 40px;\" width=\"427\" height=\"33\">pneus (F\/R)<\/td>\n<td class=\"et4\" style=\"width: 60.0234%; padding-left: 40px;\" width=\"396\">4.00-10<\/td>\n<\/tr>\n<tr style=\"height: 20pt; padding-left: 40px;\">\n<td class=\"et4\" style=\"height: 20pt; width: 39.8593%; padding-left: 40px;\" width=\"427\" height=\"33\">Mileio por Carga<\/td>\n<td class=\"et4\" style=\"width: 60.0234%; padding-left: 40px;\" width=\"396\">140km<\/td>\n<\/tr>\n<tr style=\"height: 20pt; padding-left: 40px;\">\n<td class=\"et4\" style=\"height: 20pt; width: 39.8593%; padding-left: 40px;\" width=\"427\" height=\"33\">Bateria<\/td>\n<td class=\"et4\" style=\"width: 60.0234%; padding-left: 40px;\" width=\"396\">60v\/72v150AH<\/td>\n<\/tr>\n<tr style=\"height: 20pt; padding-left: 40px;\">\n<td class=\"et4\" style=\"height: 20pt; width: 39.8593%; padding-left: 40px;\" width=\"427\" height=\"33\">Tempo de carga<\/td>\n<td class=\"et4\" style=\"width: 60.0234%; padding-left: 40px;\" width=\"396\">8-10 h<\/td>\n<\/tr>\n<tr style=\"height: 20pt; padding-left: 40px;\">\n<td class=\"et4\" style=\"height: 20pt; width: 39.8593%; padding-left: 40px;\" width=\"427\" height=\"33\">Cargando em 40HQ<\/td>\n<td class=\"et4\" style=\"width: 60.0234%; padding-left: 40px;\" width=\"396\">27sets\/40HQ CKD<\/td>\n<\/tr>\n<\/tbody>\n<\/table>\n<hr style=\"padding-left: 40px;\" data-start=\"751\" data-end=\"754\" \/>\n<h2 style=\"padding-left: 40px;\" data-start=\"756\" data-end=\"778\">Descri\u00e7\u00e3o do produto<\/h2>\n<h3 style=\"padding-left: 40px;\" data-start=\"780\" data-end=\"802\">Categoria de produtos<\/h3>\n<p style=\"padding-left: 40px;\" data-start=\"803\" data-end=\"889\">Electric Passenger Tuk\/Electric Three-Wheeler\/Urban Electric Transport Vehicle<\/p>\n<h3 style=\"padding-left: 40px;\" data-start=\"891\" data-end=\"916\">Descri\u00e7\u00e3o do produto<\/h3>\n<p style=\"padding-left: 40px;\" data-start=\"918\" data-end=\"1101\">O <strong data-start=\"922\" data-end=\"957\">Electric Mini Passenger Tuk Tuk<\/strong> apresenta um tamanho global de <strong data-start=\"986\" data-end=\"1011\">2750 \u00d7 1300 \u00d7 2000 mm<\/strong>, equilibrar o espa\u00e7o interior de passageiros com excelente maneuverabilidade em estradas urbanas estreitas.<\/p>\n<p style=\"padding-left: 40px;\" data-start=\"1103\" data-end=\"1404\">\u00c9 alimentado por um <strong data-start=\"1123\" data-end=\"1154\">AC 60V\/4000W motor el\u00e9trico<\/strong>, parejado com um <strong data-start=\"1170\" data-end=\"1200\">Controlador adaptativo 60\/72V<\/strong> compat\u00edvel com sistemas de bateria de fosfato de ferro de l\u00edtio. O controlador funciona dentro de um intervalo de tens\u00e3o de <strong data-start=\"1307\" data-end=\"1318\">63V\u201393V<\/strong>, assegurando um fornecimento de energia est\u00e1vel e eficiente em condi\u00e7\u00f5es de carga e estrada variadas.<\/p>\n<p style=\"padding-left: 40px;\" data-start=\"1406\" data-end=\"1709\">A energia \u00e9 fornecida por um <strong data-start=\"1430\" data-end=\"1458\">bateria 60V ou 72V 150Ah<\/strong>fornecendo uma <strong data-start=\"1472\" data-end=\"1516\">dist\u00e2ncia de condu\u00e7\u00e3o at\u00e9 140 km por carga<\/strong>O tempo de carga \u00e9 aproximadamente <strong data-start=\"1553\" data-end=\"1567\">8-10 horas<\/strong>tornando-o adequado para carregar durante a noite ou depoimento. O ve\u00edculo atinge um <strong data-start=\"1643\" data-end=\"1671\">velocidade m\u00e1xima de 55 km\/h<\/strong>ideal para o transporte urbano de passageiros.<\/p>\n<p style=\"padding-left: 40px;\" data-start=\"1406\" data-end=\"1709\"><img fetchpriority=\"high\" decoding=\"async\" class=\"alignnone size-medium wp-image-3864\" src=\"https:\/\/www.tairuiauto.com\/wp-content\/uploads\/2025\/09\/6-13-300x225.jpg\" alt=\"\" width=\"300\" height=\"225\" srcset=\"\" sizes=\"(max-width: 300px) 100vw, 300px\" data-srcset=\"\" \/> \u00a0<img decoding=\"async\" class=\"alignnone size-medium wp-image-3863\" src=\"https:\/\/www.tairuiauto.com\/wp-content\/uploads\/2025\/09\/5-18-300x225.jpg\" alt=\"\" width=\"300\" height=\"225\" srcset=\"\" sizes=\"(max-width: 300px) 100vw, 300px\" data-srcset=\"\" \/> \u00a0 <img decoding=\"async\" class=\"alignnone size-medium wp-image-3860\" src=\"https:\/\/www.tairuiauto.com\/wp-content\/uploads\/2025\/09\/2-21-300x225.jpg\" alt=\"\" width=\"300\" height=\"225\" srcset=\"\" sizes=\"(max-width: 300px) 100vw, 300px\" data-srcset=\"\" \/><\/p>\n<p style=\"padding-left: 40px;\" data-start=\"1711\" data-end=\"2108\">O sistema de travagem consiste em um <strong data-start=\"1744\" data-end=\"1771\">freno de disco frontal de 180 mm<\/strong> e um <strong data-start=\"1778\" data-end=\"1814\">freno de tambor hidr\u00e1ulico de 220 mm traseiro<\/strong>oferecendo um desempenho de paragem confi\u00e1vel. O eixo traseiro adota um <strong data-start=\"1880\" data-end=\"1944\">freno de centro de petr\u00f3leo com uma garrafa de conex\u00e3o de bola de tipo autom\u00f3vel<\/strong>, aumentando a durabilidade e a estabilidade operacional. O ve\u00edculo fornece um <strong data-start=\"2017\" data-end=\"2046\">gradabilidade at\u00e9 25\u00b0<\/strong>, possibilitando desempenho confiante nas pendientes e terrenos desiguais.<\/p>\n<p style=\"padding-left: 40px;\" data-start=\"2110\" data-end=\"2472\">Para o conforto de viagem e a estabilidade de manejo, a suspens\u00e3o frontal usa um <strong data-start=\"2179\" data-end=\"2236\">um garfo de frente com dois ombros que absorve choque no bra\u00e7o<\/strong>enquanto o traseiro apresenta um <strong data-start=\"2265\" data-end=\"2306\">sistema independente de suspens\u00e3o pendurada<\/strong>, reduzindo efetivamente a vibra\u00e7\u00e3o durante a opera\u00e7\u00e3o. O ve\u00edculo est\u00e1 equipado <strong data-start=\"2386\" data-end=\"2403\">4,00-10 pneus<\/strong> e <strong data-start=\"2408\" data-end=\"2423\">rodas de ferro<\/strong>, assegurando durabilidade sob uso comercial di\u00e1rio.<\/p>\n<p style=\"padding-left: 40px;\" data-start=\"2474\" data-end=\"2849\">A capacidade de passageiros \u00e9 configurada para <strong data-start=\"2511\" data-end=\"2536\">motorista, 3 passageiros<\/strong>tornando-o adequado para o transporte de pequenos grupos. O equipamento padr\u00e3o inclui um <strong data-start=\"2615\" data-end=\"2639\">painel el\u00e9trico<\/strong>enquanto as op\u00e7\u00f5es de ilumina\u00e7\u00e3o incluem <strong data-start=\"2672\" data-end=\"2725\">grandes l\u00e2mpadas padr\u00f5es com luzes LED opcionais<\/strong>Caracter\u00edsticas adicionais incluem <strong data-start=\"2757\" data-end=\"2802\">freno combinado de p\u00e9 e sistema de freno \u00e0 m\u00e3o<\/strong>, melhorando a conveni\u00eancia operacional e a seguran\u00e7a.<\/p>\n<p style=\"padding-left: 40px;\" data-start=\"2851\" data-end=\"2977\">Para a efici\u00eancia log\u00edstica, o ve\u00edculo \u00e9 fornecido <strong data-start=\"2904\" data-end=\"2916\">Forma CKD<\/strong>com uma capacidade de carga de <strong data-start=\"2945\" data-end=\"2976\">27 unidades por recipiente de 40HQ<\/strong>.<\/p>\n<hr style=\"padding-left: 40px;\" data-start=\"2979\" data-end=\"2982\" \/>\n<h2 style=\"padding-left: 40px;\" data-start=\"2984\" data-end=\"3012\">Caracter\u00edsticas-chave e - Avantagens<\/h2>\n<h3 style=\"padding-left: 40px;\" data-start=\"3014\" data-end=\"3028\">Caracter\u00edsticas<\/h3>\n<ul>\n<li style=\"list-style-type: none;\">\n<ul data-start=\"3029\" data-end=\"3246\">\n<li data-start=\"3029\" data-end=\"3064\">\n<p data-start=\"3031\" data-end=\"3064\">Motor el\u00e9trico AC 60V\/72V 4000W<\/p>\n<\/li>\n<li data-start=\"3065\" data-end=\"3116\">\n<p data-start=\"3067\" data-end=\"3116\">Controlador adaptativo para sistemas de bateria de l\u00edtio<\/p>\n<\/li>\n<li data-start=\"3117\" data-end=\"3163\">\n<p data-start=\"3119\" data-end=\"3163\">Freado de tambor hidr\u00e1ulico anterior e traseiro<\/p>\n<\/li>\n<li data-start=\"3164\" data-end=\"3195\">\n<p data-start=\"3166\" data-end=\"3195\">Suspens\u00e3o posterior independente<\/p>\n<\/li>\n<li data-start=\"3196\" data-end=\"3246\">\n<p data-start=\"3198\" data-end=\"3246\">Tamanho compacto com capacidade pr\u00e1tica de passageiros<\/p>\n<\/li>\n<\/ul>\n<\/li>\n<\/ul>\n<h3 style=\"padding-left: 40px;\" data-start=\"3248\" data-end=\"3264\">Avantagens<\/h3>\n<ul>\n<li style=\"list-style-type: none;\">\n<ul data-start=\"3265\" data-end=\"3421\">\n<li data-start=\"3265\" data-end=\"3304\">\n<p data-start=\"3267\" data-end=\"3304\">Produ\u00e7\u00e3o de energia forte para estradas urbanas<\/p>\n<\/li>\n<li data-start=\"3305\" data-end=\"3344\">\n<p data-start=\"3307\" data-end=\"3344\">Calidade est\u00e1vel e confort\u00e1vel de viagem<\/p>\n<\/li>\n<li data-start=\"3345\" data-end=\"3378\">\n<p data-start=\"3347\" data-end=\"3378\">Longa dist\u00e2ncia de condu\u00e7\u00e3o por carga<\/p>\n<\/li>\n<li data-start=\"3379\" data-end=\"3421\">\n<p data-start=\"3381\" data-end=\"3421\">Transporte eficiente de CKD para encomendas em massa<\/p>\n<\/li>\n<\/ul>\n<\/li>\n<\/ul>\n<h3 style=\"padding-left: 40px;\" data-start=\"3423\" data-end=\"3443\">Benef\u00edcios do comprador<\/h3>\n<ul>\n<li style=\"list-style-type: none;\">\n<ul data-start=\"3444\" data-end=\"3624\">\n<li data-start=\"3444\" data-end=\"3487\">\n<p data-start=\"3446\" data-end=\"3487\">Redu\u00e7\u00e3o dos custos de funcionamento e manuten\u00e7\u00e3o<\/p>\n<\/li>\n<li data-start=\"3488\" data-end=\"3530\">\n<p data-start=\"3490\" data-end=\"3530\">Uma manevrabilidade f\u00e1cil em cidades cheias<\/p>\n<\/li>\n<li data-start=\"3531\" data-end=\"3567\">\n<p data-start=\"3533\" data-end=\"3567\">Op\u00e7\u00f5es flex\u00edveis de tens\u00e3o da bateria<\/p>\n<\/li>\n<li data-start=\"3568\" data-end=\"3624\">\n<p data-start=\"3570\" data-end=\"3624\">Alta efici\u00eancia de transporte para pequenos grupos de passageiros<\/p>\n<\/li>\n<\/ul>\n<\/li>\n<\/ul>\n<h3 style=\"padding-left: 40px;\" data-start=\"3626\" data-end=\"3640\">Provas<\/h3>\n<ul>\n<li style=\"list-style-type: none;\">\n<ul data-start=\"3641\" data-end=\"3769\">\n<li data-start=\"3641\" data-end=\"3691\">\n<p data-start=\"3643\" data-end=\"3691\">Configura\u00e7\u00e3o motora AC e controlador adaptativo<\/p>\n<\/li>\n<li data-start=\"3692\" data-end=\"3732\">\n<p data-start=\"3694\" data-end=\"3732\">Design provado de travagem e suspens\u00e3o<\/p>\n<\/li>\n<li data-start=\"3733\" data-end=\"3769\">\n<p data-start=\"3735\" data-end=\"3769\">Especifica\u00e7\u00e3o da bateria de longa dist\u00e2ncia<\/p>\n<\/li>\n<\/ul>\n<\/li>\n<\/ul>\n<hr style=\"padding-left: 40px;\" data-start=\"3771\" data-end=\"3774\" \/>\n<h2 style=\"padding-left: 40px;\" data-start=\"3776\" data-end=\"3800\">Escen\u00e1rios de aplica\u00e7\u00f5es<\/h2>\n<ul>\n<li style=\"list-style-type: none;\">\n<ul data-start=\"3802\" data-end=\"4001\">\n<li data-start=\"3802\" data-end=\"3846\">\n<p data-start=\"3804\" data-end=\"3846\">Transporte urbano de passageiros a curta dist\u00e2ncia<\/p>\n<\/li>\n<li data-start=\"3847\" data-end=\"3887\">\n<p data-start=\"3849\" data-end=\"3887\">Comunidade e vizinhan\u00e7a viajando<\/p>\n<\/li>\n<li data-start=\"3888\" data-end=\"3914\">\n<p data-start=\"3890\" data-end=\"3914\">Servi\u00e7os locais de navega\u00e7\u00e3o<\/p>\n<\/li>\n<li data-start=\"3915\" data-end=\"3953\">\n<p data-start=\"3917\" data-end=\"3953\">Transporte de curta rota na \u00e1rea tur\u00edstica<\/p>\n<\/li>\n<li data-start=\"3954\" data-end=\"4001\">\n<p data-start=\"3956\" data-end=\"4001\">Opera\u00e7\u00f5es comerciais de pequena escala de passageiros<\/p>\n<\/li>\n<\/ul>\n<\/li>\n<\/ul>\n<hr style=\"padding-left: 40px;\" data-start=\"4003\" data-end=\"4006\" \/>\n<h2 style=\"padding-left: 40px;\" data-start=\"4008\" data-end=\"4058\">Por que escolher esse mini-tubo el\u00e9trico de passageiros<\/h2>\n<p style=\"padding-left: 40px;\" data-start=\"4060\" data-end=\"4333\">Este modelo combina dimens\u00f5es compactas, desempenho de energia confi\u00e1vel e capacidade pr\u00e1tica de passageiros em uma plataforma el\u00e9trica custo-eficaz. \u00c9 uma escolha ideal para operadores buscando uma solu\u00e7\u00e3o confi\u00e1vel e eficiente para o transporte urbano de passageiros e mobilidade da \u00faltima milha.<\/p>\n<hr style=\"padding-left: 40px;\" data-start=\"4335\" data-end=\"4338\" \/>\n<h2 style=\"padding-left: 40px;\" data-start=\"4340\" data-end=\"4363\">embalagem e - Entrega<\/h2>\n<ul>\n<li style=\"list-style-type: none;\">\n<ul data-start=\"4365\" data-end=\"4549\">\n<li data-start=\"4365\" data-end=\"4391\">\n<p data-start=\"4367\" data-end=\"4391\"><strong data-start=\"4367\" data-end=\"4385\">Formula\u00e7\u00e3o de entrega:<\/strong> CKD<\/p>\n<\/li>\n<li data-start=\"4392\" data-end=\"4433\">\n<p data-start=\"4394\" data-end=\"4433\"><strong data-start=\"4394\" data-end=\"4415\">Cargando Capacidade:<\/strong> 27 unidades \/ 40HQ<\/p>\n<\/li>\n<li data-start=\"4434\" data-end=\"4481\">\n<p data-start=\"4436\" data-end=\"4481\"><strong data-start=\"4436\" data-end=\"4455\">M\u00e9todo de embalagem:<\/strong> Embalagem de exporta\u00e7\u00e3o padr\u00e3o<\/p>\n<\/li>\n<li data-start=\"4482\" data-end=\"4549\">\n<p data-start=\"4484\" data-end=\"4549\"><strong data-start=\"4484\" data-end=\"4502\">Adapta\u00e7\u00e3o:<\/strong> Op\u00e7\u00f5es de ilumina\u00e7\u00e3o e configura\u00e7\u00e3o dispon\u00edveis<\/p>\n<\/li>\n<\/ul>\n<\/li>\n<\/ul>\n<hr style=\"padding-left: 40px;\" data-start=\"4551\" data-end=\"4554\" \/>\n<h2 style=\"padding-left: 40px;\" data-start=\"4556\" data-end=\"4562\">FAQ<\/h2>\n<p style=\"padding-left: 40px;\" data-start=\"4564\" data-end=\"4671\"><strong data-start=\"4564\" data-end=\"4619\">Q1: Qual \u00e9 a capacidade de passageiros deste tuk tuk?<\/strong><br data-start=\"4619\" data-end=\"4622\" \/>\u00c9 configurado para <strong data-start=\"4643\" data-end=\"4670\">1 motorista, 3 passageiros<\/strong>.<\/p>\n<p style=\"padding-left: 40px;\" data-start=\"4673\" data-end=\"4818\"><strong data-start=\"4673\" data-end=\"4726\">Q2: Qual \u00e9 o intervalo m\u00e1ximo de condu\u00e7\u00e3o por carga?<\/strong><br data-start=\"4726\" data-end=\"4729\" \/>O ve\u00edculo pode alcan\u00e7ar <strong data-start=\"4751\" data-end=\"4778\">at\u00e9 140 km por carga<\/strong>dependendo da carga e das condi\u00e7\u00f5es rodovi\u00e1rias.<\/p>\n<p style=\"padding-left: 40px;\" data-start=\"4820\" data-end=\"4920\"><strong data-start=\"4820\" data-end=\"4859\">Q3: Que tipo de motor ele usa?<\/strong><br data-start=\"4859\" data-end=\"4862\" \/>Est\u00e1 equipado com um <strong data-start=\"4884\" data-end=\"4919\">Motor el\u00e9trico AC 60V\/72V 4000W<\/strong>.<\/p>\n<p style=\"padding-left: 40px;\" data-start=\"4922\" data-end=\"5035\"><strong data-start=\"4922\" data-end=\"4958\">Q4: Que sistema de travagem \u00e9 usado?<\/strong><br data-start=\"4958\" data-end=\"4961\" \/>O ve\u00edculo apresenta um <strong data-start=\"4984\" data-end=\"5034\">freno de disco frontal e freno de tambor hidr\u00e1ulico traseiro<\/strong>.<\/p>\n<p style=\"padding-left: 40px;\" data-start=\"5037\" data-end=\"5143\"><strong data-start=\"5037\" data-end=\"5072\">Q5: Como o ve\u00edculo \u00e9 enviado?<\/strong><br data-start=\"5072\" data-end=\"5075\" \/>\u00c9 enviado <strong data-start=\"5092\" data-end=\"5104\">Forma CKD<\/strong>, com <strong data-start=\"5111\" data-end=\"5142\">27 unidades por recipiente de 40HQ<\/strong>.<\/p>\n<hr style=\"padding-left: 40px;\" data-start=\"4575\" data-end=\"4578\" \/>\n<p style=\"padding-left: 40px;\" data-start=\"5103\" data-end=\"5230\">","protected":false},"excerpt":{"rendered":"<p>O <strong data-start=\"142\" data-end=\"177\">Electric Mini Passenger Tuk Tuk<\/strong> \u00e9 um compacto e poderoso motorista el\u00e9trico de tr\u00eas rodas projetado para o transporte urbano de passageiros. Com um motor AC robusto, um sistema de travagem confi\u00e1vel e uma long a dist\u00e2ncia de condu\u00e7\u00e3o, ele fornece uma solu\u00e7\u00e3o pr\u00e1tica e ecol\u00f3gica para a mobilidade urbana de curta a m\u00e9dia dist\u00e2ncia.<\/p>","protected":false},"featured_media":5391,"comment_status":"open","ping_status":"closed","template":"","meta":[],"product_brand":[],"product_cat":[78],"product_tag":[],"class_list":{"0":"post-3895","1":"product","2":"type-product","3":"status-publish","4":"has-post-thumbnail","6":"product_cat-electric-tricycle","8":"first","9":"instock","10":"shipping-taxable","11":"product-type-simple"},"_links":{"self":[{"href":"https:\/\/www.tairuiauto.com\/pt\/wp-json\/wp\/v2\/product\/3895","targetHints":{"allow":["GET"]}}],"collection":[{"href":"https:\/\/www.tairuiauto.com\/pt\/wp-json\/wp\/v2\/product"}],"about":[{"href":"https:\/\/www.tairuiauto.com\/pt\/wp-json\/wp\/v2\/types\/product"}],"replies":[{"embeddable":true,"href":"https:\/\/www.tairuiauto.com\/pt\/wp-json\/wp\/v2\/comments?post=3895"}],"wp:featuredmedia":[{"embeddable":true,"href":"https:\/\/www.tairuiauto.com\/pt\/wp-json\/wp\/v2\/media\/5391"}],"wp:attachment":[{"href":"https:\/\/www.tairuiauto.com\/pt\/wp-json\/wp\/v2\/media?parent=3895"}],"wp:term":[{"taxonomy":"product_brand","embeddable":true,"href":"https:\/\/www.tairuiauto.com\/pt\/wp-json\/wp\/v2\/product_brand?post=3895"},{"taxonomy":"product_cat","embeddable":true,"href":"https:\/\/www.tairuiauto.com\/pt\/wp-json\/wp\/v2\/product_cat?post=3895"},{"taxonomy":"product_tag","embeddable":true,"href":"https:\/\/www.tairuiauto.com\/pt\/wp-json\/wp\/v2\/product_tag?post=3895"}],"curies":[{"name":"wp","href":"https:\/\/api.w.org\/{rel}","templated":true}]}}