{"id":3948,"date":"2025-10-09T09:10:17","date_gmt":"2025-10-09T01:10:17","guid":{"rendered":"https:\/\/www.tairuiauto.com\/?post_type=product&#038;p=3948"},"modified":"2025-10-10T08:21:24","modified_gmt":"2025-10-10T00:21:24","slug":"7-seater-passenger-tuk","status":"publish","type":"product","link":"https:\/\/www.tairuiauto.com\/pt\/product\/7-seater-passenger-tuk\/","title":{"rendered":"7 vag\u00f5es de passageiros"},"content":{"rendered":"<h3 data-start=\"364\" data-end=\"389\">Descri\u00e7\u00e3o do produto<\/h3>\n<p data-start=\"390\" data-end=\"885\">\u00a0\u00c9 adequado para empresas de transporte de passageiros, viagens familiares e servi\u00e7os de viagem compartilhados, tornando-o um dos rickshaws el\u00e9tricos mais pr\u00e1ticos no mercado hoje.<\/p>\n<table style=\"border-collapse: collapse; width: 71.3822%; height: 544px;\" border=\"0\" width=\"716\" cellspacing=\"0\" cellpadding=\"0\">\n<tbody>\n<tr style=\"height: 20.00pt;\">\n<td class=\"et3\" style=\"height: 20pt; width: 41.0383%;\" width=\"337\" height=\"33\">Modelo<\/td>\n<td class=\"et3\" style=\"width: 58.9617%;\" width=\"379\">Triciclo de passageiros com 7 lugares<\/td>\n<\/tr>\n<tr style=\"height: 20.00pt;\">\n<td class=\"et4\" style=\"height: 20pt; width: 41.0383%;\" width=\"337\" height=\"33\">Tamanho global<\/td>\n<td class=\"et4\" style=\"width: 58.9617%;\" width=\"379\">2920mm*1200mm*1820mm<\/td>\n<\/tr>\n<tr style=\"height: 20.00pt;\">\n<td class=\"et4\" style=\"height: 20pt; width: 41.0383%;\" width=\"337\" height=\"33\">Instrumento<\/td>\n<td class=\"et4\" style=\"width: 58.9617%;\" width=\"379\">Instrumento eletr\u00f4nico com painel<\/td>\n<\/tr>\n<tr style=\"height: 20.00pt;\">\n<td class=\"et4\" style=\"height: 20pt; width: 41.0383%;\" width=\"337\" height=\"33\">Controlador<\/td>\n<td class=\"et4\" style=\"width: 58.9617%;\" width=\"379\">30 tubos<\/td>\n<\/tr>\n<tr style=\"height: 20.00pt;\">\n<td class=\"et4\" style=\"height: 20pt; width: 41.0383%;\" width=\"337\" height=\"33\">Atr\u00e1s do Eixo<\/td>\n<td class=\"et4\" style=\"width: 58.9617%;\" width=\"379\">Eixo traseiro integrado<\/td>\n<\/tr>\n<tr style=\"height: 20.00pt;\">\n<td class=\"et4\" style=\"height: 20pt; width: 41.0383%;\" width=\"337\" height=\"33\">Frego traseiro<\/td>\n<td class=\"et4\" style=\"width: 58.9617%;\" width=\"379\">180 trav\u00f5es de tambor<\/td>\n<\/tr>\n<tr style=\"height: 20.00pt;\">\n<td class=\"et4\" style=\"height: 20pt; width: 41.0383%;\" width=\"337\" height=\"33\">\u00c1ngulo de Gradeabilidade<\/td>\n<td class=\"et4\" style=\"width: 58.9617%;\" width=\"379\">15\u00b0<\/td>\n<\/tr>\n<tr style=\"height: 20.00pt;\">\n<td class=\"et4\" style=\"height: 20pt; width: 41.0383%;\" width=\"337\" height=\"33\">Luz<\/td>\n<td class=\"et4\" style=\"width: 58.9617%;\" width=\"379\">LED<\/td>\n<\/tr>\n<tr style=\"height: 20.00pt;\">\n<td class=\"et4\" style=\"height: 20pt; width: 41.0383%;\" width=\"337\" height=\"33\">Cargando Capacidade<\/td>\n<td class=\"et4\" style=\"width: 58.9617%;\" width=\"379\">D 2 3 pessoas<\/td>\n<\/tr>\n<tr style=\"height: 20.00pt;\">\n<td class=\"et4\" style=\"height: 20pt; width: 41.0383%;\" width=\"337\" height=\"33\">Rim<\/td>\n<td class=\"et4\" style=\"width: 58.9617%;\" width=\"379\">Roda de ferro<\/td>\n<\/tr>\n<tr style=\"height: 20.00pt;\">\n<td class=\"et4\" style=\"height: 20pt; width: 41.0383%;\" width=\"337\" height=\"33\">E-Motor<\/td>\n<td class=\"et4\" style=\"width: 58.9617%;\" width=\"379\">60V 1500W<\/td>\n<\/tr>\n<tr style=\"height: 20.00pt;\">\n<td class=\"et4\" style=\"height: 20pt; width: 41.0383%;\" width=\"337\" height=\"33\">Absorbidor de choque na frente<\/td>\n<td class=\"et4\" style=\"width: 58.9617%;\" width=\"379\">absortor de choque hidr\u00e1ulico de cilindros de alum\u00ednio<\/td>\n<\/tr>\n<tr style=\"height: 20.00pt;\">\n<td class=\"et4\" style=\"height: 20pt; width: 41.0383%;\" width=\"337\" height=\"33\">Suspens\u00e3o posterior<\/td>\n<td class=\"et4\" style=\"width: 58.9617%;\" width=\"379\">Aumentar a absor\u00e7\u00e3o de choque na primavera das folhas<\/td>\n<\/tr>\n<tr style=\"height: 20.00pt;\">\n<td class=\"et4\" style=\"height: 20pt; width: 41.0383%;\" width=\"337\" height=\"33\">Velocidade m\u00e1xima<\/td>\n<td class=\"et4\" style=\"width: 58.9617%;\" width=\"379\">35 km\/h<\/td>\n<\/tr>\n<tr style=\"height: 20.00pt;\">\n<td class=\"et4\" style=\"height: 20pt; width: 41.0383%;\" width=\"337\" height=\"33\">pneus (F\/R)<\/td>\n<td class=\"et4\" style=\"width: 58.9617%;\" width=\"379\">4.00-12\/4.00-12<\/td>\n<\/tr>\n<tr style=\"height: 20.00pt;\">\n<td class=\"et4\" style=\"height: 20pt; width: 41.0383%;\" width=\"337\" height=\"33\">Mileio por Carga<\/td>\n<td class=\"et4\" style=\"width: 58.9617%;\" width=\"379\">65\/75<\/td>\n<\/tr>\n<tr style=\"height: 20.00pt;\">\n<td class=\"et4\" style=\"height: 20pt; width: 41.0383%;\" width=\"337\" height=\"33\">Bateria<\/td>\n<td class=\"et4\" style=\"width: 58.9617%;\" width=\"379\">60v52A bateria livre de manuten\u00e7\u00e3o de \u00e1cido de chumbo<\/td>\n<\/tr>\n<tr style=\"height: 20.00pt;\">\n<td class=\"et4\" style=\"height: 20pt; width: 41.0383%;\" width=\"337\" height=\"33\">Tempo de carga<\/td>\n<td class=\"et4\" style=\"width: 58.9617%;\" width=\"379\">8-10 horas<\/td>\n<\/tr>\n<\/tbody>\n<\/table>\n<h3 data-start=\"887\" data-end=\"918\"><\/h3>\n<p>&nbsp;<\/p>\n<hr \/>\n<p>&nbsp;<\/p>\n<h3 data-start=\"887\" data-end=\"918\">Caracter\u00edsticas-chave e - Avantagens<\/h3>\n<ol data-start=\"919\" data-end=\"1651\">\n<li data-start=\"919\" data-end=\"1095\">\n<p data-start=\"922\" data-end=\"1095\"><strong data-start=\"922\" data-end=\"949\">Alta capacidade de passageiros<\/strong> \u2013 O triciclo de passageiros com 7 lugares acomoda at\u00e9 7 passageiros (disposi\u00e7\u00e3o D 2 3), tornando-o uma op\u00e7\u00e3o ideal para o transporte comercial de passageiros.<\/p>\n<\/li>\n<li data-start=\"1096\" data-end=\"1281\">\n<p data-start=\"1099\" data-end=\"1281\"><strong data-start=\"1099\" data-end=\"1125\">Forte Power and Range<\/strong> \u2013 Equipado com um motor de 60V1500W e uma bateria de \u00e1cido chumbo de 60V52Ah, este trique el\u00e9trico de passageiros oferece uma dist\u00e2ncia de condu\u00e7\u00e3o de at\u00e9 75 km numa \u00fanica carga.<\/p>\n<\/li>\n<li data-start=\"1282\" data-end=\"1486\">\n<p data-start=\"1285\" data-end=\"1486\"><strong data-start=\"1285\" data-end=\"1307\">Seguran\u00e7a e Comforte<\/strong> \u2013 Com absortores de choque hidr\u00e1ulico de cilindros de alum\u00ednio na frente e suspens\u00e3o de molha de folha refor\u00e7ada na parte posterior, ele assegura uma viagem suave tanto para o condutor como para os passageiros.<\/p>\n<\/li>\n<li data-start=\"1487\" data-end=\"1651\">\n<p data-start=\"1490\" data-end=\"1651\"><strong data-start=\"1490\" data-end=\"1518\">Alternativa ecol\u00f3gica<\/strong> \u2013 Esse e-rickshaw fornece uma solu\u00e7\u00e3o de transporte verde, reduzindo emiss\u00f5es e custos operacionais em compara\u00e7\u00e3o com tuks baseados em combust\u00edvel.<\/p>\n<\/li>\n<\/ol>\n<p><img fetchpriority=\"high\" decoding=\"async\" class=\"size-medium wp-image-3949 aligncenter\" src=\"https:\/\/www.tairuiauto.com\/wp-content\/uploads\/2025\/10\/three-wheeled-taxi7a281-300x300.webp\" alt=\"\" width=\"300\" height=\"300\" srcset=\"https:\/\/www.tairuiauto.com\/wp-content\/uploads\/2025\/10\/three-wheeled-taxi7a281-300x300.webp 300w, https:\/\/www.tairuiauto.com\/wp-content\/uploads\/2025\/10\/three-wheeled-taxi7a281-150x150.webp 150w, https:\/\/www.tairuiauto.com\/wp-content\/uploads\/2025\/10\/three-wheeled-taxi7a281-768x768.webp 768w, https:\/\/www.tairuiauto.com\/wp-content\/uploads\/2025\/10\/three-wheeled-taxi7a281-12x12.webp 12w, https:\/\/www.tairuiauto.com\/wp-content\/uploads\/2025\/10\/three-wheeled-taxi7a281-600x600.webp 600w, https:\/\/www.tairuiauto.com\/wp-content\/uploads\/2025\/10\/three-wheeled-taxi7a281-100x100.webp 100w, https:\/\/www.tairuiauto.com\/wp-content\/uploads\/2025\/10\/three-wheeled-taxi7a281.webp 800w\" sizes=\"(max-width: 300px) 100vw, 300px\" \/><\/p>\n<hr \/>\n<p>&nbsp;<\/p>\n<h3 data-start=\"1653\" data-end=\"1684\">Avan\u00e7os Diferenciados<\/h3>\n<ol data-start=\"1685\" data-end=\"2304\">\n<li data-start=\"1685\" data-end=\"1852\">\n<p data-start=\"1688\" data-end=\"1852\"><strong data-start=\"1688\" data-end=\"1725\">Optimizado para o Transporte de Passageiros<\/strong> \u2013 Ao contr\u00e1rio dos tuks padr\u00e3o, <strong data-start=\"1758\" data-end=\"1789\">Triciclo de passageiros com 7 lugares<\/strong> \u00e9 constru\u00edda especificamente para maximizar o espa\u00e7o sentado e conforto.<\/p>\n<\/li>\n<li data-start=\"1853\" data-end=\"1987\">\n<p data-start=\"1856\" data-end=\"1987\"><strong data-start=\"1856\" data-end=\"1880\">Durabilidade no Design<\/strong> \u2013 Com rodas de ferro, luzes LED e um quadro de a \u00e7o pesado, ela resiste a uso comercial frequente.<\/p>\n<\/li>\n<li data-start=\"1988\" data-end=\"2127\">\n<p data-start=\"1991\" data-end=\"2127\"><strong data-start=\"1991\" data-end=\"2012\">Efici\u00eancia energ\u00e9tica<\/strong> \u2013 O sistema de bateria suporta at\u00e9 8-10 horas de funcionamento, assegurando longos turnos de trabalho sem interrup\u00e7\u00f5es.<\/p>\n<\/li>\n<li data-start=\"2128\" data-end=\"2304\">\n<p data-start=\"2131\" data-end=\"2304\"><strong data-start=\"2131\" data-end=\"2157\">Aplica\u00e7\u00f5es Versat\u00edveis<\/strong> \u2013 Seja para servi\u00e7os locais de t\u00e1xi, transporte rural de passageiros, ou viagens tur\u00edsticas, esse trigo el\u00e9trico de passageiros se adapta a m\u00faltiplas necessidades de neg\u00f3cios.<\/p>\n<\/li>\n<\/ol>\n<p>&nbsp;<\/p>\n<hr \/>\n<p>&nbsp;<\/p>\n<h3 data-start=\"2928\" data-end=\"2954\">Par\u00e2metros T\u00e9cnicos<\/h3>\n<ul data-start=\"2955\" data-end=\"3212\">\n<li data-start=\"2955\" data-end=\"2986\">\n<p data-start=\"2957\" data-end=\"2986\"><strong data-start=\"2957\" data-end=\"2972\">Tipo de roda:<\/strong> Rodas de ferro<\/p>\n<\/li>\n<li data-start=\"2987\" data-end=\"3026\">\n<p data-start=\"2989\" data-end=\"3026\"><strong data-start=\"2989\" data-end=\"3003\">Atr\u00e1s do Eixo:<\/strong> Eixo traseiro integrado<\/p>\n<\/li>\n<li data-start=\"3027\" data-end=\"3080\">\n<p data-start=\"3029\" data-end=\"3080\"><strong data-start=\"3029\" data-end=\"3043\">Dashboard:<\/strong> Instrumento eletr\u00f4nico com display<\/p>\n<\/li>\n<li data-start=\"3081\" data-end=\"3114\">\n<p data-start=\"3083\" data-end=\"3114\"><strong data-start=\"3083\" data-end=\"3100\">Vida da Bateria:<\/strong> 600 ciclos<\/p>\n<\/li>\n<li data-start=\"3115\" data-end=\"3163\">\n<p data-start=\"3117\" data-end=\"3163\"><strong data-start=\"3117\" data-end=\"3138\">Clearance terrestre:<\/strong> Optimizado para uso da cidade<\/p>\n<\/li>\n<li data-start=\"3164\" data-end=\"3212\">\n<p data-start=\"3166\" data-end=\"3212\"><strong data-start=\"3166\" data-end=\"3184\">Op\u00e7\u00f5es de Cor:<\/strong> Personaliz\u00e1vel a pedido<\/p>\n<\/li>\n<\/ul>\n<h3 data-start=\"3214\" data-end=\"3228\"><\/h3>\n<h3 data-start=\"3214\" data-end=\"3228\">Material<\/h3>\n<ul data-start=\"3229\" data-end=\"3372\">\n<li data-start=\"3229\" data-end=\"3269\">\n<p data-start=\"3231\" data-end=\"3269\"><strong data-start=\"3231\" data-end=\"3241\">Quadro:<\/strong> Quadro de a\u00e7o de alta for\u00e7a<\/p>\n<\/li>\n<li data-start=\"3270\" data-end=\"3317\">\n<p data-start=\"3272\" data-end=\"3317\"><strong data-start=\"3272\" data-end=\"3286\">Rim de Rodas:<\/strong> Material de ferro para durabilidade<\/p>\n<\/li>\n<li data-start=\"3318\" data-end=\"3372\">\n<p data-start=\"3320\" data-end=\"3372\"><strong data-start=\"3320\" data-end=\"3332\">Bateria:<\/strong> Tecnologia livre de manuten\u00e7\u00e3o de \u00e1cidos de chumbo<\/p>\n<\/li>\n<\/ul>\n<h3 data-start=\"3374\" data-end=\"3390\"><\/h3>\n<h3 data-start=\"3374\" data-end=\"3390\">Apar\u00eancia<\/h3>\n<p data-start=\"3391\" data-end=\"3610\">O tricicleta vem em um design moderno com uma cabana espa\u00e7osa e uma cobertura extensa do telhado, fornecendo sombra e prote\u00e7\u00e3o meteorol\u00f3gica. - As luzes LED adicionam um olhar contempor\u00e2neo enquanto asseguram visibilidade durante as opera\u00e7\u00f5es noturnas.<\/p>\n<h3 data-start=\"3612\" data-end=\"3624\"><\/h3>\n<h3 data-start=\"3612\" data-end=\"3624\">Design<\/h3>\n<p data-start=\"3625\" data-end=\"3859\">Designado com ergonomia e conveni\u00eancia de passageiros em mente, o <strong data-start=\"3689\" data-end=\"3720\">Triciclo de passageiros com 7 lugares<\/strong> apresenta um espa\u00e7o amplo de assentamento, uma entrada\/sa\u00edda f\u00e1cil, e um forte chassis adequado para opera\u00e7\u00e3o a longo prazo em ambientes urbanos e semiurbanos.<\/p>\n<h3 data-start=\"3861\" data-end=\"3884\"><\/h3>\n<h3 data-start=\"3861\" data-end=\"3884\">Adapta\u00e7\u00e3o OEM<\/h3>\n<p data-start=\"3885\" data-end=\"3913\">As op\u00e7\u00f5es dispon\u00edveis incluem:<\/p>\n<ul data-start=\"3914\" data-end=\"4061\">\n<li data-start=\"3914\" data-end=\"3937\">\n<p data-start=\"3916\" data-end=\"3937\">Cores de pintura personalizadas<\/p>\n<\/li>\n<li data-start=\"3938\" data-end=\"3977\">\n<p data-start=\"3940\" data-end=\"3977\">Decais de marca para operadores da frota<\/p>\n<\/li>\n<li data-start=\"3978\" data-end=\"4033\">\n<p data-start=\"3980\" data-end=\"4033\">Anovamento da capacidade da bateria (op\u00e7\u00e3o de l\u00edtio dispon\u00edvel)<\/p>\n<\/li>\n<li data-start=\"4034\" data-end=\"4061\">\n<p data-start=\"4036\" data-end=\"4061\">Axustes de disposi\u00e7\u00e3o do assento<\/p>\n<\/li>\n<\/ul>\n<h3 data-start=\"4063\" data-end=\"4084\"><\/h3>\n<h3 data-start=\"4063\" data-end=\"4084\">Controlo da qualidade<\/h3>\n<ul data-start=\"4085\" data-end=\"4299\">\n<li data-start=\"4085\" data-end=\"4153\">\n<p data-start=\"4087\" data-end=\"4153\"><strong data-start=\"4087\" data-end=\"4119\">Processo de fabrica\u00e7\u00e3o estrito<\/strong> \u2013 Linha de produ\u00e7\u00e3o certificada ISO<\/p>\n<\/li>\n<li data-start=\"4154\" data-end=\"4239\">\n<p data-start=\"4156\" data-end=\"4239\"><strong data-start=\"4156\" data-end=\"4177\">Componente Testing<\/strong> - Motor, bateria e controlador s\u00e3o submetidos a testes de durabilidade<\/p>\n<\/li>\n<li data-start=\"4240\" data-end=\"4299\">\n<p data-start=\"4242\" data-end=\"4299\"><strong data-start=\"4242\" data-end=\"4262\">Inspec\u00e7\u00e3o Final<\/strong> - Cada unidade testada antes da expedi\u00e7\u00e3o<\/p>\n<\/li>\n<\/ul>\n<h3 data-start=\"4301\" data-end=\"4326\"><\/h3>\n<h3 data-start=\"4301\" data-end=\"4326\">Apoio ap\u00f3s vendas<\/h3>\n<ul data-start=\"4327\" data-end=\"4501\">\n<li data-start=\"4327\" data-end=\"4385\">\n<p data-start=\"4329\" data-end=\"4385\">Fornecimento de pe\u00e7as de repouso (bateria, motor, controlador, pneus)<\/p>\n<\/li>\n<li data-start=\"4386\" data-end=\"4422\">\n<p data-start=\"4388\" data-end=\"4422\">Treinamento t\u00e9cnico para operadores<\/p>\n<\/li>\n<li data-start=\"4423\" data-end=\"4464\">\n<p data-start=\"4425\" data-end=\"4464\">cobertura de garantias para componentes essenciais<\/p>\n<\/li>\n<li data-start=\"4465\" data-end=\"4501\">\n<p data-start=\"4467\" data-end=\"4501\">Suporte de servi\u00e7o remoto dispon\u00edvel<\/p>\n<\/li>\n<\/ul>\n<p>&nbsp;<\/p>\n<h3 data-start=\"4503\" data-end=\"4527\">Campos de Aplica\u00e7\u00e3o<\/h3>\n<ul data-start=\"4528\" data-end=\"4649\">\n<li data-start=\"4528\" data-end=\"4551\">\n<p data-start=\"4530\" data-end=\"4551\">Servi\u00e7os de t\u00e1xi urbanos<\/p>\n<\/li>\n<li data-start=\"4552\" data-end=\"4582\">\n<p data-start=\"4554\" data-end=\"4582\">Ve\u00edculos de transporte tur\u00edstico<\/p>\n<\/li>\n<li data-start=\"4583\" data-end=\"4618\">\n<p data-start=\"4585\" data-end=\"4618\">Viagens escolares em \u00e1reas rurais<\/p>\n<\/li>\n<li data-start=\"4619\" data-end=\"4649\">\n<p data-start=\"4621\" data-end=\"4649\">Neg\u00f3cios de mobilidade compartilhados<\/p>\n<\/li>\n<\/ul>\n<p>&nbsp;<\/p>\n<h3 data-start=\"4651\" data-end=\"4671\">M\u00e9todo de Pagamento<\/h3>\n<ul data-start=\"4672\" data-end=\"4755\">\n<li data-start=\"4672\" data-end=\"4755\">\n<p data-start=\"4674\" data-end=\"4755\">T\/T, L\/C, Uni\u00e3o Ocidental e outros termos de pagamento comercial internacional dispon\u00edveis.<\/p>\n<\/li>\n<\/ul>\n<p>&nbsp;<\/p>\n<hr \/>\n<p>&nbsp;<\/p>\n<h3 data-start=\"4757\" data-end=\"4766\">FAQ<\/h3>\n<p data-start=\"4767\" data-end=\"4937\"><strong data-start=\"4767\" data-end=\"4841\">Q1: Quanto tempo a bateria dura no triciclo de passageiros com 7 lugares?<\/strong><br data-start=\"4841\" data-end=\"4844\" \/>A1: A bateria de \u00e1cido de chumbo suporta at\u00e9 600 ciclos de carga, proporcionando 65-75 km por carga.<\/p>\n<p data-start=\"4939\" data-end=\"5086\"><strong data-start=\"4939\" data-end=\"5001\">Q2: A tricicleta pode ser personalizada com uma bateria de l\u00edtio?<\/strong><br data-start=\"5001\" data-end=\"5004\" \/>A2: Sim, op\u00e7\u00f5es OEM permitem atualiza\u00e7\u00f5es de baterias de i\u00f3ns de l\u00edtio para intervalo alargado.<\/p>\n<p data-start=\"5088\" data-end=\"5196\"><strong data-start=\"5088\" data-end=\"5135\">Q3: Qual \u00e9 a capacidade m\u00e1xima de passageiros?<\/strong><br data-start=\"5135\" data-end=\"5138\" \/>A3: A disposi\u00e7\u00e3o suporta at\u00e9 7 passageiros (motorista \u00b0 6).<\/p>\n<p data-start=\"5198\" data-end=\"5346\"><strong data-start=\"5198\" data-end=\"5247\">Q4: Este ve\u00edculo \u00e9 adequado para estradas montanhas?<\/strong><br data-start=\"5247\" data-end=\"5250\" \/>A4: Sim, pode subir gradientes at\u00e9 15\u00b0, tornando efetivo para \u00e1reas semiurbanas e rurais.<\/p>\n<p data-start=\"5348\" data-end=\"5494\"><strong data-start=\"5348\" data-end=\"5396\">Q5: Qual suporte de p\u00f3s-vendas voc\u00ea oferece?<\/strong><br data-start=\"5396\" data-end=\"5399\" \/>A5: N\u00f3s fornecemos pe\u00e7as de repouso, garantia e orienta\u00e7\u00e3o de servi\u00e7o remoto para garantir uma boa opera\u00e7\u00e3o.<\/p>","protected":false},"excerpt":{"rendered":"<p>O <strong data-start=\"394\" data-end=\"425\">Triciclo de passageiros com 7 lugares<\/strong> \u00e9 um ve\u00edculo el\u00e9trico confi\u00e1vel e eficiente projetado para transporte urbano e viagem a curta dist\u00e2ncia. Com seu motor duradouro de 60V1500W, absortores de choque hidr\u00e1ulico avan\u00e7ados e forte eixo traseiro integrado, este modelo oferece excelentes desempenhos e estabilidade mesmo em estradas urbanas desiguais. \u00c9 adequado para empresas de transporte de passageiros, viagem familiar e servi\u00e7os de viagem compartilhada, tornando-o um dos rickshaws el\u00e9tricos mais pr\u00e1ticos no mercado hoje.<\/p>","protected":false},"featured_media":3950,"comment_status":"open","ping_status":"closed","template":"","meta":[],"product_brand":[],"product_cat":[78],"product_tag":[],"class_list":{"0":"post-3948","1":"product","2":"type-product","3":"status-publish","4":"has-post-thumbnail","6":"product_cat-electric-tricycle","8":"first","9":"instock","10":"shipping-taxable","11":"product-type-simple"},"_links":{"self":[{"href":"https:\/\/www.tairuiauto.com\/pt\/wp-json\/wp\/v2\/product\/3948","targetHints":{"allow":["GET"]}}],"collection":[{"href":"https:\/\/www.tairuiauto.com\/pt\/wp-json\/wp\/v2\/product"}],"about":[{"href":"https:\/\/www.tairuiauto.com\/pt\/wp-json\/wp\/v2\/types\/product"}],"replies":[{"embeddable":true,"href":"https:\/\/www.tairuiauto.com\/pt\/wp-json\/wp\/v2\/comments?post=3948"}],"wp:featuredmedia":[{"embeddable":true,"href":"https:\/\/www.tairuiauto.com\/pt\/wp-json\/wp\/v2\/media\/3950"}],"wp:attachment":[{"href":"https:\/\/www.tairuiauto.com\/pt\/wp-json\/wp\/v2\/media?parent=3948"}],"wp:term":[{"taxonomy":"product_brand","embeddable":true,"href":"https:\/\/www.tairuiauto.com\/pt\/wp-json\/wp\/v2\/product_brand?post=3948"},{"taxonomy":"product_cat","embeddable":true,"href":"https:\/\/www.tairuiauto.com\/pt\/wp-json\/wp\/v2\/product_cat?post=3948"},{"taxonomy":"product_tag","embeddable":true,"href":"https:\/\/www.tairuiauto.com\/pt\/wp-json\/wp\/v2\/product_tag?post=3948"}],"curies":[{"name":"wp","href":"https:\/\/api.w.org\/{rel}","templated":true}]}}