{"id":3978,"date":"2025-10-11T09:55:45","date_gmt":"2025-10-11T01:55:45","guid":{"rendered":"https:\/\/www.tairuiauto.com\/?post_type=product&#038;p=3978"},"modified":"2025-10-10T09:03:45","modified_gmt":"2025-10-10T01:03:45","slug":"heavy-duty-cargo-electric-trike","status":"publish","type":"product","link":"https:\/\/www.tairuiauto.com\/pt\/product\/heavy-duty-cargo-electric-trike\/","title":{"rendered":"Trique el\u00e9trico de carga de carga pesada"},"content":{"rendered":"<h3 data-start=\"510\" data-end=\"535\">Descri\u00e7\u00e3o do produto<\/h3>\n<p data-start=\"536\" data-end=\"1007\">O <strong data-start=\"540\" data-end=\"570\">HANJIANG Triciclo el\u00e9trico<\/strong> \u00e9 um ve\u00edculo de carga moderno e poderoso de tr\u00eas rodas projetado para lidar com necessidades log\u00edsticas urbanas e rurais. Constru\u00eddo com um quadro robusto, um motor de alta capacidade e um sistema de suspens\u00e3o duradouro, este motore pesado de tr\u00eas rodas \u00e9 uma escolha excelente para empresas buscando efici\u00eancia e confiabilidade. Com sua maior resist\u00eancia e forte capacidade de carga, \u00e9 uma alternativa ecol\u00f3gica e ecol\u00f3gica para ve\u00edculos tradicionais baseados em combust\u00edvel.<\/p>\n<table style=\"width: 67.9963%;\" width=\"771\">\n<tbody>\n<tr>\n<td style=\"width: 38.262%;\" width=\"430\">Modelo<\/td>\n<td style=\"width: 60.8301%;\" width=\"341\">HANJIANG Heavy Duty Cargo Electric Trike<\/td>\n<\/tr>\n<tr>\n<td style=\"width: 38.262%;\" width=\"430\">L\u00d7W\u00d7H(mm)<\/td>\n<td style=\"width: 60.8301%;\" width=\"341\">3012x1390x1780<\/td>\n<\/tr>\n<tr>\n<td style=\"width: 38.262%;\" width=\"430\">Tamanho da caixa de carga (mm)<\/td>\n<td style=\"width: 60.8301%;\" width=\"341\">1800\u00d71300<\/td>\n<\/tr>\n<tr>\n<td style=\"width: 38.262%;\" width=\"430\">Base da roda (mm)<\/td>\n<td style=\"width: 60.8301%;\" width=\"341\">2100<\/td>\n<\/tr>\n<tr>\n<td style=\"width: 38.262%;\" width=\"430\">Rota(mm)<\/td>\n<td style=\"width: 60.8301%;\" width=\"341\">1560<\/td>\n<\/tr>\n<tr>\n<td style=\"width: 38.262%;\" width=\"430\">Atra\u00e7\u00e3o m\u00ednima do solo (mm)<\/td>\n<td style=\"width: 60.8301%;\" width=\"341\">\u2265150<\/td>\n<\/tr>\n<tr>\n<td style=\"width: 38.262%;\" width=\"430\">R\u00e1dio m \u00ednimo de giro (m)<\/td>\n<td style=\"width: 60.8301%;\" width=\"341\">\u22644<\/td>\n<\/tr>\n<tr>\n<td style=\"width: 38.262%;\" width=\"430\">Peso curvo (kg)<\/td>\n<td style=\"width: 60.8301%;\" width=\"341\">350<\/td>\n<\/tr>\n<tr>\n<td style=\"width: 38.262%;\" width=\"430\">Velocidade m\u00e1xima (km\/h)<\/td>\n<td style=\"width: 60.8301%;\" width=\"341\">35-45<\/td>\n<\/tr>\n<tr>\n<td style=\"width: 38.262%;\" width=\"430\">Capacidade de grau (%)<\/td>\n<td style=\"width: 60.8301%;\" width=\"341\">\u226415<\/td>\n<\/tr>\n<tr>\n<td style=\"width: 38.262%;\" width=\"430\">Bateria<\/td>\n<td style=\"width: 60.8301%;\" width=\"341\">60\/72V45AH-58AH<\/td>\n<\/tr>\n<tr>\n<td style=\"width: 38.262%;\" width=\"430\">Motor, Controller(w)<\/td>\n<td style=\"width: 60.8301%;\" width=\"341\">magn\u00e9tico permanente 60\/72V1800W<\/td>\n<\/tr>\n<tr>\n<td style=\"width: 38.262%;\" width=\"430\">Range per charging(km)<\/td>\n<td style=\"width: 60.8301%;\" width=\"341\">50-70<\/td>\n<\/tr>\n<tr>\n<td style=\"width: 38.262%;\" width=\"430\">Tempo de carga(h)<\/td>\n<td style=\"width: 60.8301%;\" width=\"341\">6~8h<\/td>\n<\/tr>\n<tr>\n<td style=\"width: 38.262%;\" width=\"430\">absortor de choque frontal<\/td>\n<td style=\"width: 60.8301%;\" width=\"341\">\u03c631 Outer spring Drum shock absorver<\/td>\n<\/tr>\n<tr>\n<td style=\"width: 38.262%;\" width=\"430\">Absorbidor de choque posterior<\/td>\n<td style=\"width: 60.8301%;\" width=\"341\">\u00a0espiragem de folhas<\/td>\n<\/tr>\n<tr>\n<td style=\"width: 38.262%;\" width=\"430\">pneu anterior\/posterior<\/td>\n<td style=\"width: 60.8301%;\" width=\"341\">3.00-12\/3.50-12<\/td>\n<\/tr>\n<tr>\n<td style=\"width: 38.262%;\" width=\"430\">Tipo de rim<\/td>\n<td style=\"width: 60.8301%;\" width=\"341\">a\u00e7o<\/td>\n<\/tr>\n<tr>\n<td style=\"width: 38.262%;\" width=\"430\">Tipo de freno frontal\/posterior<\/td>\n<td style=\"width: 60.8301%;\" width=\"341\">Um arrasto tr\u00eas trav\u00f5es de tambor<\/td>\n<\/tr>\n<tr>\n<td style=\"width: 38.262%;\" width=\"430\">Frego de estacionamento<\/td>\n<td style=\"width: 60.8301%;\" width=\"341\">Mano Brake<\/td>\n<\/tr>\n<tr>\n<td style=\"width: 38.262%;\" width=\"430\">Estrutura de eixo traseiro<\/td>\n<td style=\"width: 60.8301%;\" width=\"341\">Axo Inferior Integrado<\/td>\n<\/tr>\n<\/tbody>\n<\/table>\n<p>&nbsp;<\/p>\n<hr \/>\n<h3 data-start=\"510\" data-end=\"535\"><\/h3>\n<h3 data-start=\"1009\" data-end=\"1044\">Caracter\u00edsticas-chave e Vendo pontos<\/h3>\n<ol data-start=\"1045\" data-end=\"1632\">\n<li data-start=\"1045\" data-end=\"1210\">\n<p data-start=\"1048\" data-end=\"1210\"><strong data-start=\"1048\" data-end=\"1070\">Alta capacidade de carga<\/strong> \u2013 A <strong data-start=\"1077\" data-end=\"1107\">HANJIANG Triciclo el\u00e9trico<\/strong> apoia o transporte de carga pesada, tornando-o ideal para ind\u00fastrias que requerem solu\u00e7\u00f5es log\u00edsticas fortes.<\/p>\n<\/li>\n<li data-start=\"1211\" data-end=\"1350\">\n<p data-start=\"1214\" data-end=\"1350\"><strong data-start=\"1214\" data-end=\"1241\">Powerful Electric Motor<\/strong> \u2013 Equipado com um motor orientado para o desempenho, o triciclo assegura excelente pot\u00eancia de subida e resist\u00eancia.<\/p>\n<\/li>\n<li data-start=\"1351\" data-end=\"1492\">\n<p data-start=\"1354\" data-end=\"1492\"><strong data-start=\"1354\" data-end=\"1380\">Transporte ecol\u00f3gico<\/strong> \u2013 Como <strong data-start=\"1388\" data-end=\"1412\">e-tricicleta log\u00edstica<\/strong>produz emiss\u00f5es zero, contribuindo para opera\u00e7\u00f5es de neg\u00f3cios sustent\u00e1veis.<\/p>\n<\/li>\n<li data-start=\"1493\" data-end=\"1632\">\n<p data-start=\"1496\" data-end=\"1632\"><strong data-start=\"1496\" data-end=\"1521\">Baixos custos operacionais<\/strong> \u2013 Com custos de cobran\u00e7a reduzidos e manuten\u00e7\u00e3o m\u00ednima, economiza custos operacionais significativos para os neg\u00f3cios.<\/p>\n<\/li>\n<\/ol>\n<p>&nbsp;<\/p>\n<hr \/>\n<h3 data-start=\"1634\" data-end=\"1665\"><\/h3>\n<h3 data-start=\"1634\" data-end=\"1665\">Avan\u00e7os Diferenciados<\/h3>\n<ol data-start=\"1666\" data-end=\"2196\">\n<li data-start=\"1666\" data-end=\"1786\">\n<p data-start=\"1669\" data-end=\"1786\"><strong data-start=\"1669\" data-end=\"1700\">Durabilidade de Grau Industrial<\/strong> \u2013 Chassis de a\u00e7o refor\u00e7ado e eixo pesado superam os triques el\u00e9tricos padr\u00e3o.<\/p>\n<\/li>\n<li data-start=\"1787\" data-end=\"1920\">\n<p data-start=\"1790\" data-end=\"1920\"><strong data-start=\"1790\" data-end=\"1812\">Estabilidade Superior<\/strong> \u2013 Os absortores de choque hidr\u00e1ulico e a suspens\u00e3o refor\u00e7ada mant\u00eam o trique de carga equilibrado mesmo sob carga completa.<\/p>\n<\/li>\n<li data-start=\"1921\" data-end=\"2064\">\n<p data-start=\"1924\" data-end=\"2064\"><strong data-start=\"1924\" data-end=\"1951\">Optimizado para a Log\u00edstica<\/strong> \u2013 O modelo HANJIANG \u00e9 especificamente projetado para a entrega de \u00faltima milha e opera\u00e7\u00f5es de transporte de mercadorias urbanas de meio alcance.<\/p>\n<\/li>\n<li data-start=\"2065\" data-end=\"2196\">\n<p data-start=\"2068\" data-end=\"2196\"><strong data-start=\"2068\" data-end=\"2099\">Configura\u00e7\u00f5es Personaliz\u00e1veis<\/strong> \u2013 Op\u00e7\u00f5es OEM permitem aos usu\u00e1rios escolher diferentes motores, tamanhos das camas de carga e solu\u00e7\u00f5es de marca.<\/p>\n<\/li>\n<\/ol>\n<p>&nbsp;<\/p>\n<hr \/>\n<h3 data-start=\"510\" data-end=\"535\"><\/h3>\n<h3 data-start=\"2484\" data-end=\"2510\">Par\u00e2metros T\u00e9cnicos<\/h3>\n<ul data-start=\"2511\" data-end=\"2763\">\n<li data-start=\"2511\" data-end=\"2582\">\n<p data-start=\"2513\" data-end=\"2582\">Controlador: Controlador avan\u00e7ado multifase para uso eficiente de energia<\/p>\n<\/li>\n<li data-start=\"2583\" data-end=\"2622\">\n<p data-start=\"2585\" data-end=\"2622\">Eixo traseiro: Eixo pesado integral<\/p>\n<\/li>\n<li data-start=\"2623\" data-end=\"2669\">\n<p data-start=\"2625\" data-end=\"2669\">Suspens\u00e3o: Springs refor\u00e7adas de placas de a\u00e7o<\/p>\n<\/li>\n<li data-start=\"2670\" data-end=\"2696\">\n<p data-start=\"2672\" data-end=\"2696\">Capacidade de subir: 15\u00b0<\/p>\n<\/li>\n<li data-start=\"2697\" data-end=\"2734\">\n<p data-start=\"2699\" data-end=\"2734\">pneus: pneus pesados resistentes \u00e0 carga<\/p>\n<\/li>\n<li data-start=\"2735\" data-end=\"2763\">\n<p data-start=\"2737\" data-end=\"2763\">Tempo de carga: 6-8 horas<\/p>\n<\/li>\n<\/ul>\n<h3 data-start=\"2765\" data-end=\"2780\">\u00a0 \u00a0 \u00a0 \u00a0 \u00a0 <img fetchpriority=\"high\" decoding=\"async\" class=\"alignnone size-medium wp-image-3982\" src=\"https:\/\/www.tairuiauto.com\/wp-content\/uploads\/2025\/10\/f29d3e03-ff11-48e1-a663-d9e3f30394d2-300x300.jpg\" alt=\"\" width=\"300\" height=\"300\" srcset=\"https:\/\/www.tairuiauto.com\/wp-content\/uploads\/2025\/10\/f29d3e03-ff11-48e1-a663-d9e3f30394d2-300x300.jpg 300w, https:\/\/www.tairuiauto.com\/wp-content\/uploads\/2025\/10\/f29d3e03-ff11-48e1-a663-d9e3f30394d2-1024x1024.jpg 1024w, https:\/\/www.tairuiauto.com\/wp-content\/uploads\/2025\/10\/f29d3e03-ff11-48e1-a663-d9e3f30394d2-150x150.jpg 150w, https:\/\/www.tairuiauto.com\/wp-content\/uploads\/2025\/10\/f29d3e03-ff11-48e1-a663-d9e3f30394d2-768x768.jpg 768w, https:\/\/www.tairuiauto.com\/wp-content\/uploads\/2025\/10\/f29d3e03-ff11-48e1-a663-d9e3f30394d2-1536x1536.jpg 1536w, https:\/\/www.tairuiauto.com\/wp-content\/uploads\/2025\/10\/f29d3e03-ff11-48e1-a663-d9e3f30394d2-2048x2048.jpg 2048w, https:\/\/www.tairuiauto.com\/wp-content\/uploads\/2025\/10\/f29d3e03-ff11-48e1-a663-d9e3f30394d2-12x12.jpg 12w, https:\/\/www.tairuiauto.com\/wp-content\/uploads\/2025\/10\/f29d3e03-ff11-48e1-a663-d9e3f30394d2-600x600.jpg 600w, https:\/\/www.tairuiauto.com\/wp-content\/uploads\/2025\/10\/f29d3e03-ff11-48e1-a663-d9e3f30394d2-100x100.jpg 100w\" sizes=\"(max-width: 300px) 100vw, 300px\" \/>\u00a0 \u00a0 \u00a0 \u00a0 \u00a0\u00a0 <img decoding=\"async\" class=\"alignnone size-medium wp-image-3981\" src=\"https:\/\/www.tairuiauto.com\/wp-content\/uploads\/2025\/10\/e3056e44-e826-4577-84f5-6a556e6f3b9c-300x300.jpg\" alt=\"\" width=\"300\" height=\"300\" srcset=\"https:\/\/www.tairuiauto.com\/wp-content\/uploads\/2025\/10\/e3056e44-e826-4577-84f5-6a556e6f3b9c-300x300.jpg 300w, https:\/\/www.tairuiauto.com\/wp-content\/uploads\/2025\/10\/e3056e44-e826-4577-84f5-6a556e6f3b9c-1024x1024.jpg 1024w, https:\/\/www.tairuiauto.com\/wp-content\/uploads\/2025\/10\/e3056e44-e826-4577-84f5-6a556e6f3b9c-150x150.jpg 150w, https:\/\/www.tairuiauto.com\/wp-content\/uploads\/2025\/10\/e3056e44-e826-4577-84f5-6a556e6f3b9c-768x768.jpg 768w, https:\/\/www.tairuiauto.com\/wp-content\/uploads\/2025\/10\/e3056e44-e826-4577-84f5-6a556e6f3b9c-1536x1536.jpg 1536w, https:\/\/www.tairuiauto.com\/wp-content\/uploads\/2025\/10\/e3056e44-e826-4577-84f5-6a556e6f3b9c-2048x2048.jpg 2048w, https:\/\/www.tairuiauto.com\/wp-content\/uploads\/2025\/10\/e3056e44-e826-4577-84f5-6a556e6f3b9c-12x12.jpg 12w, https:\/\/www.tairuiauto.com\/wp-content\/uploads\/2025\/10\/e3056e44-e826-4577-84f5-6a556e6f3b9c-600x600.jpg 600w, https:\/\/www.tairuiauto.com\/wp-content\/uploads\/2025\/10\/e3056e44-e826-4577-84f5-6a556e6f3b9c-100x100.jpg 100w\" sizes=\"(max-width: 300px) 100vw, 300px\" \/>\u00a0 \u00a0 \u00a0 \u00a0 \u00a0\u00a0 <img decoding=\"async\" class=\"alignnone size-medium wp-image-3979\" src=\"https:\/\/www.tairuiauto.com\/wp-content\/uploads\/2025\/10\/70d6603d-6761-4823-a359-ed537c85f8a1-300x300.jpg\" alt=\"\" width=\"300\" height=\"300\" srcset=\"https:\/\/www.tairuiauto.com\/wp-content\/uploads\/2025\/10\/70d6603d-6761-4823-a359-ed537c85f8a1-300x300.jpg 300w, https:\/\/www.tairuiauto.com\/wp-content\/uploads\/2025\/10\/70d6603d-6761-4823-a359-ed537c85f8a1-1024x1024.jpg 1024w, https:\/\/www.tairuiauto.com\/wp-content\/uploads\/2025\/10\/70d6603d-6761-4823-a359-ed537c85f8a1-150x150.jpg 150w, https:\/\/www.tairuiauto.com\/wp-content\/uploads\/2025\/10\/70d6603d-6761-4823-a359-ed537c85f8a1-768x768.jpg 768w, https:\/\/www.tairuiauto.com\/wp-content\/uploads\/2025\/10\/70d6603d-6761-4823-a359-ed537c85f8a1-1536x1536.jpg 1536w, https:\/\/www.tairuiauto.com\/wp-content\/uploads\/2025\/10\/70d6603d-6761-4823-a359-ed537c85f8a1-2048x2048.jpg 2048w, https:\/\/www.tairuiauto.com\/wp-content\/uploads\/2025\/10\/70d6603d-6761-4823-a359-ed537c85f8a1-12x12.jpg 12w, https:\/\/www.tairuiauto.com\/wp-content\/uploads\/2025\/10\/70d6603d-6761-4823-a359-ed537c85f8a1-600x600.jpg 600w, https:\/\/www.tairuiauto.com\/wp-content\/uploads\/2025\/10\/70d6603d-6761-4823-a359-ed537c85f8a1-100x100.jpg 100w\" sizes=\"(max-width: 300px) 100vw, 300px\" \/><\/h3>\n<h3 data-start=\"2765\" data-end=\"2780\">Materiales<\/h3>\n<ul data-start=\"2781\" data-end=\"2875\">\n<li data-start=\"2781\" data-end=\"2809\">\n<p data-start=\"2783\" data-end=\"2809\">Chassis de a\u00e7o refor\u00e7ado<\/p>\n<\/li>\n<li data-start=\"2810\" data-end=\"2843\">\n<p data-start=\"2812\" data-end=\"2843\">Centros de rodas de ferro revestidos por p\u00f3<\/p>\n<\/li>\n<li data-start=\"2844\" data-end=\"2875\">\n<p data-start=\"2846\" data-end=\"2875\">Acero de suspens\u00e3o pesada<\/p>\n<\/li>\n<\/ul>\n<h3 data-start=\"2877\" data-end=\"2891\"><\/h3>\n<h3 data-start=\"2877\" data-end=\"2891\">Externo<\/h3>\n<p data-start=\"2892\" data-end=\"3058\">O triciclo apresenta um design de carga racionalizado e funcional com m\u00faltiplas op\u00e7\u00f5es de cor. A forte estrutura combina utilidade com durabilidade para a log\u00edstica di\u00e1ria.<\/p>\n<h3 data-start=\"3060\" data-end=\"3072\"><\/h3>\n<h3 data-start=\"3060\" data-end=\"3072\">Design<\/h3>\n<p data-start=\"3073\" data-end=\"3193\">Sede erg\u00f4nico de condu\u00e7\u00e3o, painel de instrumentos claro, e espa\u00e7o de cama de carga projetado para a pr\u00e1tica e conforto do operador.<\/p>\n<h3 data-start=\"3195\" data-end=\"3218\"><\/h3>\n<h3 data-start=\"3195\" data-end=\"3218\">Adapta\u00e7\u00e3o OEM<\/h3>\n<p data-start=\"3219\" data-end=\"3326\">Dispon\u00edvel para marcar decais, cores de pintura personalizadas e modifica\u00e7\u00f5es t\u00e9cnicas como atualiza\u00e7\u00f5es de bateria.<\/p>\n<h3 data-start=\"3328\" data-end=\"3349\"><\/h3>\n<h3 data-start=\"3328\" data-end=\"3349\">Controlo da qualidade<\/h3>\n<p data-start=\"3350\" data-end=\"3483\">Fabricado sob sistemas de inspec\u00e7\u00e3o estritos, cada unidade \u00e9 testada para durabilidade, efici\u00eancia de travagem e desempenho de carga.<\/p>\n<h3 data-start=\"3485\" data-end=\"3510\"><\/h3>\n<h3 data-start=\"3485\" data-end=\"3510\">Servi\u00e7o de Depois de Venda<\/h3>\n<p data-start=\"3511\" data-end=\"3593\">Suporte de garantia, suprimento de pe\u00e7as de reserva e orienta\u00e7\u00e3o t\u00e9cnica dispon\u00edvel globalmente.<\/p>\n<h3 data-start=\"3595\" data-end=\"3619\"><\/h3>\n<h3 data-start=\"3595\" data-end=\"3619\">Campos de Aplica\u00e7\u00e3o<\/h3>\n<ul data-start=\"3620\" data-end=\"3745\">\n<li data-start=\"3620\" data-end=\"3640\">\n<p data-start=\"3622\" data-end=\"3640\">Servi\u00e7os de corredor<\/p>\n<\/li>\n<li data-start=\"3641\" data-end=\"3675\">\n<p data-start=\"3643\" data-end=\"3675\">Alimenta\u00e7\u00e3o e - cadeias de abastecimento de retalho<\/p>\n<\/li>\n<li data-start=\"3676\" data-end=\"3713\">\n<p data-start=\"3678\" data-end=\"3713\">Distribui\u00e7\u00e3o de produtos agr\u00edcolas<\/p>\n<\/li>\n<li data-start=\"3714\" data-end=\"3745\">\n<p data-start=\"3716\" data-end=\"3745\">Log\u00edstica do local de constru\u00e7\u00e3o<\/p>\n<\/li>\n<\/ul>\n<h3 data-start=\"3747\" data-end=\"3768\"><\/h3>\n<h3 data-start=\"3747\" data-end=\"3768\">M\u00e9todos de Pagamento<\/h3>\n<p data-start=\"3769\" data-end=\"3828\">T\/T, L\/C, PayPal, e termos flex\u00edveis de com\u00e9rcio internacional.<\/p>\n<p>&nbsp;<\/p>\n<hr \/>\n<h3 data-start=\"510\" data-end=\"535\"><\/h3>\n<h3 data-start=\"3830\" data-end=\"3839\">FAQ<\/h3>\n<p data-start=\"3840\" data-end=\"3949\"><strong data-start=\"3840\" data-end=\"3908\">Q1: Qual \u00e9 a velocidade m\u00e1xima do triciclo el\u00e9trico HANJIANG?<\/strong><br data-start=\"3908\" data-end=\"3911\" \/>A1: At\u00e9 40 km\/h dependendo da carga.<\/p>\n<p data-start=\"3951\" data-end=\"4044\"><strong data-start=\"3951\" data-end=\"3990\">Q2: Pode lidar com o transporte em cima?<\/strong><br data-start=\"3990\" data-end=\"3993\" \/>A2: Sim, suporta at\u00e9 15\u00b0 de capacidade de subida.<\/p>\n<p data-start=\"4046\" data-end=\"4149\"><strong data-start=\"4046\" data-end=\"4089\">Q3: Que op\u00e7\u00f5es de bateria est\u00e3o dispon\u00edveis?<\/strong><br data-start=\"4089\" data-end=\"4092\" \/>A3: Ambas as baterias de \u00e1cido de chumbo e l\u00edtio est\u00e3o dispon\u00edveis.<\/p>\n<p data-start=\"4151\" data-end=\"4267\"><strong data-start=\"4151\" data-end=\"4189\">Q4: A personaliza\u00e7\u00e3o do OEM \u00e9 poss\u00edvel?<\/strong><br data-start=\"4189\" data-end=\"4192\" \/>A4: Sim, fornecemos marcas adaptadas, ajustes t\u00e9cnicos e de design.<\/p>","protected":false},"excerpt":{"rendered":"<p>O <strong data-start=\"4465\" data-end=\"4502\">HANJIANG Heavy Duty Cargo E-Trike<\/strong> \u00e9 um triciclo el\u00e9trico de alto desempenho constru\u00eddo para efici\u00eancia, for \u00e7a e sustentabilidade. Sua constru\u00e7\u00e3o motora avan\u00e7ada, forte, e um sistema de suspens\u00e3o confi\u00e1vel fazem dela uma solu\u00e7\u00e3o ideal para os neg\u00f3cios modernos de log\u00edstica e entrega. Designado para transporte urbano e rural de mercadorias, combina durabilidade com desempenho ecol\u00f3gico.<\/p>","protected":false},"featured_media":3983,"comment_status":"open","ping_status":"closed","template":"","meta":[],"product_brand":[],"product_cat":[78],"product_tag":[],"class_list":{"0":"post-3978","1":"product","2":"type-product","3":"status-publish","4":"has-post-thumbnail","6":"product_cat-electric-tricycle","8":"first","9":"instock","10":"shipping-taxable","11":"product-type-simple"},"_links":{"self":[{"href":"https:\/\/www.tairuiauto.com\/pt\/wp-json\/wp\/v2\/product\/3978","targetHints":{"allow":["GET"]}}],"collection":[{"href":"https:\/\/www.tairuiauto.com\/pt\/wp-json\/wp\/v2\/product"}],"about":[{"href":"https:\/\/www.tairuiauto.com\/pt\/wp-json\/wp\/v2\/types\/product"}],"replies":[{"embeddable":true,"href":"https:\/\/www.tairuiauto.com\/pt\/wp-json\/wp\/v2\/comments?post=3978"}],"wp:featuredmedia":[{"embeddable":true,"href":"https:\/\/www.tairuiauto.com\/pt\/wp-json\/wp\/v2\/media\/3983"}],"wp:attachment":[{"href":"https:\/\/www.tairuiauto.com\/pt\/wp-json\/wp\/v2\/media?parent=3978"}],"wp:term":[{"taxonomy":"product_brand","embeddable":true,"href":"https:\/\/www.tairuiauto.com\/pt\/wp-json\/wp\/v2\/product_brand?post=3978"},{"taxonomy":"product_cat","embeddable":true,"href":"https:\/\/www.tairuiauto.com\/pt\/wp-json\/wp\/v2\/product_cat?post=3978"},{"taxonomy":"product_tag","embeddable":true,"href":"https:\/\/www.tairuiauto.com\/pt\/wp-json\/wp\/v2\/product_tag?post=3978"}],"curies":[{"name":"wp","href":"https:\/\/api.w.org\/{rel}","templated":true}]}}