{"id":3993,"date":"2025-10-13T11:22:19","date_gmt":"2025-10-13T03:22:19","guid":{"rendered":"https:\/\/www.tairuiauto.com\/?post_type=product&#038;p=3993"},"modified":"2025-11-04T09:39:44","modified_gmt":"2025-11-04T01:39:44","slug":"battery-powered-cargo-vehicle","status":"publish","type":"product","link":"https:\/\/www.tairuiauto.com\/pt\/product\/battery-powered-cargo-vehicle\/","title":{"rendered":"Bateria Powered Vehicle tuk"},"content":{"rendered":"<h2 data-start=\"390\" data-end=\"414\">Descri\u00e7\u00e3o do produto<\/h2>\n<p data-start=\"846\" data-end=\"1159\">Esse triciclo de carga el\u00e9trica \u00e9 projetado para fornecer <strong data-start=\"900\" data-end=\"929\">intervalo de 50-70 km por carga<\/strong>uma velocidade m\u00e1xima de <strong data-start=\"950\" data-end=\"964\">35-45 km\/h<\/strong>e excelente estabilidade para aplica\u00e7\u00f5es pesadas. Seja utilizado para a entrega de parcelas, transporte urbano de mercadorias ou transporte local, o HANJIANG com Seat assegura uma mobilidade ecol\u00f3gica e ecol\u00f3gica.<\/p>\n<table style=\"width: 69.274%; height: 668px;\" width=\"584\">\n<tbody>\n<tr>\n<td style=\"width: 43.1847%;\" width=\"302\">Modelo<\/td>\n<td style=\"width: 55.9236%;\" width=\"282\"><strong data-start=\"419\" data-end=\"465\">HANJIANG com o Triciclo de Cargo Eletrico de Sede<\/strong><\/td>\n<\/tr>\n<tr>\n<td style=\"width: 43.1847%;\" width=\"302\">L\u00d7W\u00d7H(mm)<\/td>\n<td style=\"width: 55.9236%;\" width=\"282\">3150x1290x1910<\/td>\n<\/tr>\n<tr>\n<td style=\"width: 43.1847%;\" width=\"302\">Tamanho da caixa de carga (mm)<\/td>\n<td style=\"width: 55.9236%;\" width=\"282\">1800\u00d71300<\/td>\n<\/tr>\n<tr>\n<td style=\"width: 43.1847%;\" width=\"302\">Base da roda (mm)<\/td>\n<td style=\"width: 55.9236%;\" width=\"282\">2100<\/td>\n<\/tr>\n<tr>\n<td style=\"width: 43.1847%;\" width=\"302\">Rota(mm)<\/td>\n<td style=\"width: 55.9236%;\" width=\"282\">1560<\/td>\n<\/tr>\n<tr>\n<td style=\"width: 43.1847%;\" width=\"302\">Atra\u00e7\u00e3o m\u00ednima do solo (mm)<\/td>\n<td style=\"width: 55.9236%;\" width=\"282\">\u2265150<\/td>\n<\/tr>\n<tr>\n<td style=\"width: 43.1847%;\" width=\"302\">R\u00e1dio m \u00ednimo de giro (m)<\/td>\n<td style=\"width: 55.9236%;\" width=\"282\">\u22644<\/td>\n<\/tr>\n<tr>\n<td style=\"width: 43.1847%;\" width=\"302\">Peso curvo (kg)<\/td>\n<td style=\"width: 55.9236%;\" width=\"282\">196<\/td>\n<\/tr>\n<tr>\n<td style=\"width: 43.1847%;\" width=\"302\">Velocidade m\u00e1xima (km\/h)<\/td>\n<td style=\"width: 55.9236%;\" width=\"282\">35-45<\/td>\n<\/tr>\n<tr>\n<td style=\"width: 43.1847%;\" width=\"302\">Capacidade de grau (%)<\/td>\n<td style=\"width: 55.9236%;\" width=\"282\">\u226415<\/td>\n<\/tr>\n<tr>\n<td style=\"width: 43.1847%;\" width=\"302\">Bateria<\/td>\n<td style=\"width: 55.9236%;\" width=\"282\">48\/60V45AH-58AH<\/td>\n<\/tr>\n<tr>\n<td style=\"width: 43.1847%;\" width=\"302\">Motor, Controller(w)<\/td>\n<td style=\"width: 55.9236%;\" width=\"282\">Im\u00e3 permanente 48\/60V1000W<\/td>\n<\/tr>\n<tr>\n<td style=\"width: 43.1847%;\" width=\"302\">Range per charging(km)<\/td>\n<td style=\"width: 55.9236%;\" width=\"282\">50-70<\/td>\n<\/tr>\n<tr>\n<td style=\"width: 43.1847%;\" width=\"302\">Tempo de carga(h)<\/td>\n<td style=\"width: 55.9236%;\" width=\"282\">6~8h<\/td>\n<\/tr>\n<tr>\n<td style=\"width: 43.1847%;\" width=\"302\">absortor de choque frontal<\/td>\n<td style=\"width: 55.9236%;\" width=\"282\">\u03c631 Outer spring Drum shock absorver<\/td>\n<\/tr>\n<tr>\n<td style=\"width: 43.1847%;\" width=\"302\">Absorbidor de choque posterior<\/td>\n<td style=\"width: 55.9236%;\" width=\"282\">\u00a0espiragem de folhas<\/td>\n<\/tr>\n<tr>\n<td style=\"width: 43.1847%;\" width=\"302\">pneu anterior\/posterior<\/td>\n<td style=\"width: 55.9236%;\" width=\"282\">3.00-12\/3.50-12<\/td>\n<\/tr>\n<tr>\n<td style=\"width: 43.1847%;\" width=\"302\">Tipo de rim<\/td>\n<td style=\"width: 55.9236%;\" width=\"282\">a\u00e7o<\/td>\n<\/tr>\n<tr>\n<td style=\"width: 43.1847%;\" width=\"302\">Tipo de freno frontal\/posterior<\/td>\n<td style=\"width: 55.9236%;\" width=\"282\">Um arrasto tr\u00eas trav\u00f5es de tambor<\/td>\n<\/tr>\n<tr>\n<td style=\"width: 43.1847%;\" width=\"302\">Frego de estacionamento<\/td>\n<td style=\"width: 55.9236%;\" width=\"282\">Mano Brake<\/td>\n<\/tr>\n<tr>\n<td style=\"width: 43.1847%;\" width=\"302\">Estrutura de eixo traseiro<\/td>\n<td style=\"width: 55.9236%;\" width=\"282\">Axo Inferior Integrado<\/td>\n<\/tr>\n<\/tbody>\n<\/table>\n<hr data-start=\"1161\" data-end=\"1164\" \/>\n<h2 data-start=\"1166\" data-end=\"1193\">Key Selling Points<\/h2>\n<ol data-start=\"1194\" data-end=\"1755\">\n<li data-start=\"1194\" data-end=\"1349\">\n<p data-start=\"1197\" data-end=\"1349\"><strong data-start=\"1197\" data-end=\"1219\">Dupla Funcionalidade<\/strong> \u2013 Ao contr\u00e1rio dos triques de carga padr\u00e3o, este modelo inclui um assento de passageiros, tornando-o adequado para entrega e transporte de passageiros.<\/p>\n<\/li>\n<li data-start=\"1350\" data-end=\"1495\">\n<p data-start=\"1353\" data-end=\"1495\"><strong data-start=\"1353\" data-end=\"1379\">Sistema de energia eficiente<\/strong> \u2013 Equipado com um <strong data-start=\"1398\" data-end=\"1437\">Motor magn\u00e9tico permanente 48\/60V 1000W<\/strong>, assegurando uma forte capacidade de subir e uma opera\u00e7\u00e3o est\u00e1vel.<\/p>\n<\/li>\n<li data-start=\"1496\" data-end=\"1631\">\n<p data-start=\"1499\" data-end=\"1631\"><strong data-start=\"1499\" data-end=\"1521\">Alta capacidade de carga<\/strong> \u2013 O tamanho da caixa de carga <strong data-start=\"1542\" data-end=\"1558\">1800\u00d71300 mm<\/strong> proporciona amplo espa\u00e7o para mercadorias, mantendo manevrabilidade f\u00e1cil.<\/p>\n<\/li>\n<li data-start=\"1632\" data-end=\"1755\">\n<p data-start=\"1635\" data-end=\"1755\"><strong data-start=\"1635\" data-end=\"1653\">Rango alargado<\/strong> \u2013 Viajar at\u00e9 <strong data-start=\"1669\" data-end=\"1689\">70 km por carga<\/strong>reduzindo o tempo de descanso e aumentando a efici\u00eancia operacional di\u00e1ria.<\/p>\n<\/li>\n<\/ol>\n<hr data-start=\"1757\" data-end=\"1760\" \/>\n<h2 data-start=\"1762\" data-end=\"1796\">Avan\u00e7os Diferenciados<\/h2>\n<ol data-start=\"1797\" data-end=\"2344\">\n<li data-start=\"1797\" data-end=\"1940\">\n<p data-start=\"1800\" data-end=\"1940\"><strong data-start=\"1800\" data-end=\"1824\">Comforte com Utilidade<\/strong> \u2013 O assento integrado o separa de tricicletas de carga el\u00e9trica padr\u00e3o, oferecendo uma solu\u00e7\u00e3o mais vers\u00e1til.<\/p>\n<\/li>\n<li data-start=\"1941\" data-end=\"2064\">\n<p data-start=\"1944\" data-end=\"2064\"><strong data-start=\"1944\" data-end=\"1971\">Op\u00e7\u00f5es de energia adapt\u00e1veis<\/strong> \u2013 Dispon\u00edvel em <strong data-start=\"1987\" data-end=\"2002\">48V e 60V<\/strong> configura\u00e7\u00f5es de bateria, adaptadas \u00e0s diferentes necessidades do mercado.<\/p>\n<\/li>\n<li data-start=\"2065\" data-end=\"2223\">\n<p data-start=\"2068\" data-end=\"2223\"><strong data-start=\"2068\" data-end=\"2096\">Sistema de Suspens\u00e3o Forte<\/strong> \u2013 Combina\u00e7\u00e3o de <strong data-start=\"2114\" data-end=\"2150\">absortor de choque de tambor da primavera externa<\/strong> e <strong data-start=\"2155\" data-end=\"2186\">suspens\u00e3o posterior da molha de folhas<\/strong> assegura estabilidade em estradas desiguais.<\/p>\n<\/li>\n<li data-start=\"2224\" data-end=\"2344\">\n<p data-start=\"2227\" data-end=\"2344\"><strong data-start=\"2227\" data-end=\"2251\">Compact Yet Powerful<\/strong> \u2013 Com um raio de giro \u22644m, navega nas ruas urbanas estreitas enquanto carrega cargas pesadas.<\/p>\n<\/li>\n<\/ol>\n<p><img fetchpriority=\"high\" decoding=\"async\" class=\"alignnone size-medium wp-image-3995\" src=\"https:\/\/www.tairuiauto.com\/wp-content\/uploads\/2025\/10\/11ee9ac3-5a82-4b04-8d6d-c7ea8ba61cda-300x300.jpg\" alt=\"\" width=\"300\" height=\"300\" srcset=\"https:\/\/www.tairuiauto.com\/wp-content\/uploads\/2025\/10\/11ee9ac3-5a82-4b04-8d6d-c7ea8ba61cda-300x300.jpg 300w, https:\/\/www.tairuiauto.com\/wp-content\/uploads\/2025\/10\/11ee9ac3-5a82-4b04-8d6d-c7ea8ba61cda-1024x1024.jpg 1024w, https:\/\/www.tairuiauto.com\/wp-content\/uploads\/2025\/10\/11ee9ac3-5a82-4b04-8d6d-c7ea8ba61cda-150x150.jpg 150w, https:\/\/www.tairuiauto.com\/wp-content\/uploads\/2025\/10\/11ee9ac3-5a82-4b04-8d6d-c7ea8ba61cda-768x768.jpg 768w, https:\/\/www.tairuiauto.com\/wp-content\/uploads\/2025\/10\/11ee9ac3-5a82-4b04-8d6d-c7ea8ba61cda-1536x1536.jpg 1536w, https:\/\/www.tairuiauto.com\/wp-content\/uploads\/2025\/10\/11ee9ac3-5a82-4b04-8d6d-c7ea8ba61cda-2048x2048.jpg 2048w, https:\/\/www.tairuiauto.com\/wp-content\/uploads\/2025\/10\/11ee9ac3-5a82-4b04-8d6d-c7ea8ba61cda-12x12.jpg 12w, https:\/\/www.tairuiauto.com\/wp-content\/uploads\/2025\/10\/11ee9ac3-5a82-4b04-8d6d-c7ea8ba61cda-600x600.jpg 600w, https:\/\/www.tairuiauto.com\/wp-content\/uploads\/2025\/10\/11ee9ac3-5a82-4b04-8d6d-c7ea8ba61cda-100x100.jpg 100w\" sizes=\"(max-width: 300px) 100vw, 300px\" \/>\u00a0 \u00a0 \u00a0 \u00a0\u00a0 <img decoding=\"async\" class=\"alignnone size-medium wp-image-3996\" src=\"https:\/\/www.tairuiauto.com\/wp-content\/uploads\/2025\/10\/053d7ffb-54f4-48c0-a110-5d767cb8d3db-300x300.jpg\" alt=\"\" width=\"300\" height=\"300\" srcset=\"https:\/\/www.tairuiauto.com\/wp-content\/uploads\/2025\/10\/053d7ffb-54f4-48c0-a110-5d767cb8d3db-300x300.jpg 300w, https:\/\/www.tairuiauto.com\/wp-content\/uploads\/2025\/10\/053d7ffb-54f4-48c0-a110-5d767cb8d3db-1024x1024.jpg 1024w, https:\/\/www.tairuiauto.com\/wp-content\/uploads\/2025\/10\/053d7ffb-54f4-48c0-a110-5d767cb8d3db-150x150.jpg 150w, https:\/\/www.tairuiauto.com\/wp-content\/uploads\/2025\/10\/053d7ffb-54f4-48c0-a110-5d767cb8d3db-768x768.jpg 768w, https:\/\/www.tairuiauto.com\/wp-content\/uploads\/2025\/10\/053d7ffb-54f4-48c0-a110-5d767cb8d3db-1536x1536.jpg 1536w, https:\/\/www.tairuiauto.com\/wp-content\/uploads\/2025\/10\/053d7ffb-54f4-48c0-a110-5d767cb8d3db-2048x2048.jpg 2048w, https:\/\/www.tairuiauto.com\/wp-content\/uploads\/2025\/10\/053d7ffb-54f4-48c0-a110-5d767cb8d3db-12x12.jpg 12w, https:\/\/www.tairuiauto.com\/wp-content\/uploads\/2025\/10\/053d7ffb-54f4-48c0-a110-5d767cb8d3db-600x600.jpg 600w, https:\/\/www.tairuiauto.com\/wp-content\/uploads\/2025\/10\/053d7ffb-54f4-48c0-a110-5d767cb8d3db-100x100.jpg 100w\" sizes=\"(max-width: 300px) 100vw, 300px\" \/>\u00a0 \u00a0 \u00a0 \u00a0\u00a0 <img decoding=\"async\" class=\"alignnone size-medium wp-image-3998\" src=\"https:\/\/www.tairuiauto.com\/wp-content\/uploads\/2025\/10\/a9bfbd69-1b92-4366-963c-b92278386117-300x300.jpg\" alt=\"\" width=\"300\" height=\"300\" srcset=\"https:\/\/www.tairuiauto.com\/wp-content\/uploads\/2025\/10\/a9bfbd69-1b92-4366-963c-b92278386117-300x300.jpg 300w, https:\/\/www.tairuiauto.com\/wp-content\/uploads\/2025\/10\/a9bfbd69-1b92-4366-963c-b92278386117-1024x1024.jpg 1024w, https:\/\/www.tairuiauto.com\/wp-content\/uploads\/2025\/10\/a9bfbd69-1b92-4366-963c-b92278386117-150x150.jpg 150w, https:\/\/www.tairuiauto.com\/wp-content\/uploads\/2025\/10\/a9bfbd69-1b92-4366-963c-b92278386117-768x768.jpg 768w, https:\/\/www.tairuiauto.com\/wp-content\/uploads\/2025\/10\/a9bfbd69-1b92-4366-963c-b92278386117-1536x1536.jpg 1536w, https:\/\/www.tairuiauto.com\/wp-content\/uploads\/2025\/10\/a9bfbd69-1b92-4366-963c-b92278386117-2048x2048.jpg 2048w, https:\/\/www.tairuiauto.com\/wp-content\/uploads\/2025\/10\/a9bfbd69-1b92-4366-963c-b92278386117-12x12.jpg 12w, https:\/\/www.tairuiauto.com\/wp-content\/uploads\/2025\/10\/a9bfbd69-1b92-4366-963c-b92278386117-600x600.jpg 600w, https:\/\/www.tairuiauto.com\/wp-content\/uploads\/2025\/10\/a9bfbd69-1b92-4366-963c-b92278386117-100x100.jpg 100w\" sizes=\"(max-width: 300px) 100vw, 300px\" \/><\/p>\n<hr data-start=\"3139\" data-end=\"3142\" \/>\n<h2 data-start=\"3144\" data-end=\"3169\">Par\u00e2metros T\u00e9cnicos<\/h2>\n<ul data-start=\"3170\" data-end=\"3311\">\n<li data-start=\"3170\" data-end=\"3189\">\n<p data-start=\"3172\" data-end=\"3189\">Volta\u00e7\u00e3o: 48\/60V<\/p>\n<\/li>\n<li data-start=\"3190\" data-end=\"3229\">\n<p data-start=\"3192\" data-end=\"3229\">Pot\u00eancia motora: \u00edm\u00e3 permanente de 1000W<\/p>\n<\/li>\n<li data-start=\"3230\" data-end=\"3253\">\n<p data-start=\"3232\" data-end=\"3253\">Tempo de carga: 6-8 horas<\/p>\n<\/li>\n<li data-start=\"3254\" data-end=\"3285\">\n<p data-start=\"3256\" data-end=\"3285\">Mileia Endurance: 50-70 km<\/p>\n<\/li>\n<li data-start=\"3286\" data-end=\"3311\">\n<p data-start=\"3288\" data-end=\"3311\">Velocidade m\u00e1xima: 35\u201345 km\/h<\/p>\n<\/li>\n<\/ul>\n<hr data-start=\"3313\" data-end=\"3316\" \/>\n<h2 data-start=\"3318\" data-end=\"3331\">Material<\/h2>\n<ul data-start=\"3332\" data-end=\"3442\">\n<li data-start=\"3332\" data-end=\"3359\">\n<p data-start=\"3334\" data-end=\"3359\">Quadro: a\u00e7o refor\u00e7ado<\/p>\n<\/li>\n<li data-start=\"3360\" data-end=\"3392\">\n<p data-start=\"3362\" data-end=\"3392\">Caixa de carga: a\u00e7o laminado a frio<\/p>\n<\/li>\n<li data-start=\"3393\" data-end=\"3442\">\n<p data-start=\"3395\" data-end=\"3442\">pneus: Goma duradoura para uso de estrada pesada<\/p>\n<\/li>\n<\/ul>\n<hr data-start=\"3444\" data-end=\"3447\" \/>\n<h2 data-start=\"3449\" data-end=\"3464\">Apar\u00eancia<\/h2>\n<ul data-start=\"3465\" data-end=\"3618\">\n<li data-start=\"3465\" data-end=\"3511\">\n<p data-start=\"3467\" data-end=\"3511\">Design simplificado com caixa de carga alargada<\/p>\n<\/li>\n<li data-start=\"3512\" data-end=\"3570\">\n<p data-start=\"3514\" data-end=\"3570\">Dispon\u00edvel em <strong data-start=\"3527\" data-end=\"3537\">amarelo<\/strong> e op\u00e7\u00f5es de cor personalizadas<\/p>\n<\/li>\n<li data-start=\"3571\" data-end=\"3618\">\n<p data-start=\"3573\" data-end=\"3618\">Compacto mas profissional para uso comercial<\/p>\n<\/li>\n<\/ul>\n<hr data-start=\"3620\" data-end=\"3623\" \/>\n<h2 data-start=\"3625\" data-end=\"3636\">Design<\/h2>\n<ul data-start=\"3637\" data-end=\"3817\">\n<li data-start=\"3637\" data-end=\"3689\">\n<p data-start=\"3639\" data-end=\"3689\">Sede ergon\u00f4mico de condutor e assento extra de passageiros<\/p>\n<\/li>\n<li data-start=\"3690\" data-end=\"3757\">\n<p data-start=\"3692\" data-end=\"3757\">Um design forte de caixa para log\u00edstica, parcelas ou bens agr\u00edcolas<\/p>\n<\/li>\n<li data-start=\"3758\" data-end=\"3817\">\n<p data-start=\"3760\" data-end=\"3817\">Estrutura de baixa manuten\u00e7\u00e3o com constru\u00e7\u00e3o protetora do tempo<\/p>\n<\/li>\n<\/ul>\n<hr data-start=\"3819\" data-end=\"3822\" \/>\n<h2 data-start=\"3824\" data-end=\"3846\">Adapta\u00e7\u00e3o OEM<\/h2>\n<ul data-start=\"3847\" data-end=\"3998\">\n<li data-start=\"3847\" data-end=\"3876\">\n<p data-start=\"3849\" data-end=\"3876\">Tipo e capacidade de bateria<\/p>\n<\/li>\n<li data-start=\"3877\" data-end=\"3923\">\n<p data-start=\"3879\" data-end=\"3923\">Escolhas de cores (amarelo, azul, verde, branco)<\/p>\n<\/li>\n<li data-start=\"3924\" data-end=\"3953\">\n<p data-start=\"3926\" data-end=\"3953\">Op\u00e7\u00f5es de logotipo e marca<\/p>\n<\/li>\n<li data-start=\"3954\" data-end=\"3998\">\n<p data-start=\"3956\" data-end=\"3998\">Configura\u00e7\u00f5es opcionais de assento ou carga<\/p>\n<\/li>\n<\/ul>\n<hr data-start=\"4000\" data-end=\"4003\" \/>\n<h2 data-start=\"4005\" data-end=\"4025\">Controlo da qualidade<\/h2>\n<ul data-start=\"4026\" data-end=\"4170\">\n<li data-start=\"4026\" data-end=\"4079\">\n<p data-start=\"4028\" data-end=\"4079\">100% de testes motores e controladores antes da montagem<\/p>\n<\/li>\n<li data-start=\"4080\" data-end=\"4119\">\n<p data-start=\"4082\" data-end=\"4119\">Teste de for\u00e7a do quadro sob carga completa<\/p>\n<\/li>\n<li data-start=\"4120\" data-end=\"4170\">\n<p data-start=\"4122\" data-end=\"4170\">Teste estrito de resist\u00eancia e estrada antes da entrega<\/p>\n<\/li>\n<\/ul>\n<hr data-start=\"4172\" data-end=\"4175\" \/>\n<h2 data-start=\"4177\" data-end=\"4201\">Servi\u00e7o de Depois de Venda<\/h2>\n<ul data-start=\"4202\" data-end=\"4330\">\n<li data-start=\"4202\" data-end=\"4248\">\n<p data-start=\"4204\" data-end=\"4248\">Garantia de 12 meses para motores e controladores<\/p>\n<\/li>\n<li data-start=\"4249\" data-end=\"4291\">\n<p data-start=\"4251\" data-end=\"4291\">Partes de reposi\u00e7\u00e3o suportam com r\u00e1pida entrega<\/p>\n<\/li>\n<li data-start=\"4292\" data-end=\"4330\">\n<p data-start=\"4294\" data-end=\"4330\">Guia t\u00e9cnico e suporte online<\/p>\n<\/li>\n<\/ul>\n<hr data-start=\"4332\" data-end=\"4335\" \/>\n<h2 data-start=\"4337\" data-end=\"4360\">Campos de Aplica\u00e7\u00e3o<\/h2>\n<ul data-start=\"4361\" data-end=\"4486\">\n<li data-start=\"4361\" data-end=\"4392\">\n<p data-start=\"4363\" data-end=\"4392\">Entrega de parque e courier<\/p>\n<\/li>\n<li data-start=\"4393\" data-end=\"4423\">\n<p data-start=\"4395\" data-end=\"4423\">Transporte de alimentos e alimentos<\/p>\n<\/li>\n<li data-start=\"4424\" data-end=\"4452\">\n<p data-start=\"4426\" data-end=\"4452\">Log\u00edstica de pequenos neg\u00f3cios<\/p>\n<\/li>\n<li data-start=\"4453\" data-end=\"4486\">\n<p data-start=\"4455\" data-end=\"4486\">Entrega de produtos agr\u00edcolas<\/p>\n<\/li>\n<\/ul>\n<hr data-start=\"4488\" data-end=\"4491\" \/>\n<h2 data-start=\"4493\" data-end=\"4511\">Condi\u00e7\u00f5es de pagamento<\/h2>\n<ul data-start=\"4512\" data-end=\"4585\">\n<li data-start=\"4512\" data-end=\"4585\">\n<p data-start=\"4514\" data-end=\"4585\">T\/T, L\/C, Uni\u00e3o Ocidental, e outros m\u00e9todos flex\u00edveis de pagamento dispon\u00edveis<\/p>\n<\/li>\n<\/ul>\n<hr data-start=\"4587\" data-end=\"4590\" \/>\n<h2 data-start=\"4592\" data-end=\"4600\">FAQ<\/h2>\n<p data-start=\"4602\" data-end=\"4773\"><strong data-start=\"4602\" data-end=\"4679\">Q1: Qual \u00e9 a capacidade m\u00e1xima de carga do HANJIANG com o tricicleta Seat?<\/strong><br data-start=\"4679\" data-end=\"4682\" \/>A1: Pode transportar at\u00e9 500 kg na caixa de carga, al\u00e9m de acomodar um assento de passageiros.<\/p>\n<p data-start=\"4775\" data-end=\"4920\"><strong data-start=\"4775\" data-end=\"4825\">Q2: Quanto tempo a bateria dura por carga?<\/strong><br data-start=\"4825\" data-end=\"4828\" \/>A2: O triciclo oferece uma dist\u00e2ncia de condu\u00e7\u00e3o de 50-70 km dependendo das condi\u00e7\u00f5es rodovi\u00e1rias e da carga.<\/p>\n<p data-start=\"4922\" data-end=\"5060\"><strong data-start=\"4922\" data-end=\"4973\">Q3: Posso personalizar o tipo de cor e bateria?<\/strong><br data-start=\"4973\" data-end=\"4976\" \/>A3: Sim, a personaliza\u00e7\u00e3o OEM est\u00e1 dispon\u00edvel para cor, capacidade de bateria e marca.<\/p>\n<p data-start=\"5062\" data-end=\"5197\"><strong data-start=\"5062\" data-end=\"5098\">Q4: Qual \u00e9 o per\u00edodo de garantia?<\/strong><br data-start=\"5098\" data-end=\"5101\" \/>A4: N\u00f3s fornecemos uma garantia de 12 meses no motor e controlador, com suporte completo ap\u00f3s vendas.<\/p>","protected":false},"excerpt":{"rendered":"<p>O <strong data-start=\"419\" data-end=\"465\">HANJIANG com o Triciclo de Cargo Eletrico de Sede<\/strong> \u00e9 projetado para entrega urbana, log\u00edstica de pequenos neg\u00f3cios e transporte amig\u00e1vel de passageiros. Constru\u00eddo com um motor magn\u00e9tico permanente de 1000W e uma estrutura de a \u00e7o robust a, esta tr\u00eas rodas combina pr\u00e1tica, conforto e durabilidade. Sua op\u00e7\u00e3o de assentamento integrado torna-a ideal para operadores que requerem tanto transporte de carga como espa\u00e7o adicional para passageiros ou assistentes.<\/p>","protected":false},"featured_media":3994,"comment_status":"open","ping_status":"closed","template":"","meta":[],"product_brand":[],"product_cat":[78],"product_tag":[],"class_list":{"0":"post-3993","1":"product","2":"type-product","3":"status-publish","4":"has-post-thumbnail","6":"product_cat-electric-tricycle","8":"first","9":"instock","10":"shipping-taxable","11":"product-type-simple"},"_links":{"self":[{"href":"https:\/\/www.tairuiauto.com\/pt\/wp-json\/wp\/v2\/product\/3993","targetHints":{"allow":["GET"]}}],"collection":[{"href":"https:\/\/www.tairuiauto.com\/pt\/wp-json\/wp\/v2\/product"}],"about":[{"href":"https:\/\/www.tairuiauto.com\/pt\/wp-json\/wp\/v2\/types\/product"}],"replies":[{"embeddable":true,"href":"https:\/\/www.tairuiauto.com\/pt\/wp-json\/wp\/v2\/comments?post=3993"}],"wp:featuredmedia":[{"embeddable":true,"href":"https:\/\/www.tairuiauto.com\/pt\/wp-json\/wp\/v2\/media\/3994"}],"wp:attachment":[{"href":"https:\/\/www.tairuiauto.com\/pt\/wp-json\/wp\/v2\/media?parent=3993"}],"wp:term":[{"taxonomy":"product_brand","embeddable":true,"href":"https:\/\/www.tairuiauto.com\/pt\/wp-json\/wp\/v2\/product_brand?post=3993"},{"taxonomy":"product_cat","embeddable":true,"href":"https:\/\/www.tairuiauto.com\/pt\/wp-json\/wp\/v2\/product_cat?post=3993"},{"taxonomy":"product_tag","embeddable":true,"href":"https:\/\/www.tairuiauto.com\/pt\/wp-json\/wp\/v2\/product_tag?post=3993"}],"curies":[{"name":"wp","href":"https:\/\/api.w.org\/{rel}","templated":true}]}}