{"id":4006,"date":"2025-10-14T09:45:44","date_gmt":"2025-10-14T01:45:44","guid":{"rendered":"https:\/\/www.tairuiauto.com\/?post_type=product&#038;p=4006"},"modified":"2025-10-14T09:09:49","modified_gmt":"2025-10-14T01:09:49","slug":"semi-open-passenger-electric-tricycle","status":"publish","type":"product","link":"https:\/\/www.tairuiauto.com\/pt\/product\/semi-open-passenger-electric-tricycle\/","title":{"rendered":"Triciclo el\u00e9trico semiaberto de passageiros"},"content":{"rendered":"<h3 data-start=\"156\" data-end=\"181\">Descri\u00e7\u00e3o do produto<\/h3>\n<p data-start=\"182\" data-end=\"694\">Se usado como <strong data-start=\"527\" data-end=\"562\">trigo de passageiros com bateria<\/strong>, a <strong data-start=\"566\" data-end=\"588\">t\u00e1xi de tr\u00eas rodas<\/strong>ou <strong data-start=\"595\" data-end=\"624\">ve\u00edculo de transporte de lazer<\/strong>, \u00e9 constru\u00edda para satisfazer as demandas di\u00e1rias de mobilidade com estilo e conforto.<\/p>\n<table style=\"border-collapse: collapse; width: 61.7862%; height: 529px;\" border=\"0\" width=\"673\" cellspacing=\"0\" cellpadding=\"0\">\n<tbody>\n<tr style=\"height: 20.00pt;\">\n<td class=\"et3\" style=\"height: 20pt; width: 45.9662%;\" width=\"347\" height=\"33\">Modelo<\/td>\n<td class=\"et3\" style=\"width: 53.8462%;\" width=\"326\">Estilo de lazer semi aberto Triciclo el\u00e9trico de passageiros<\/td>\n<\/tr>\n<tr style=\"height: 20.00pt;\">\n<td class=\"et4\" style=\"height: 20pt; width: 45.9662%;\" width=\"347\" height=\"33\">Motor<\/td>\n<td class=\"et4\" style=\"width: 53.8462%;\" width=\"326\">60\/72V650W<\/td>\n<\/tr>\n<tr style=\"height: 20.00pt;\">\n<td class=\"et4\" style=\"height: 20pt; width: 45.9662%;\" width=\"347\" height=\"33\">Controlador<\/td>\n<td class=\"et4\" style=\"width: 53.8462%;\" width=\"326\">15 Tubos<\/td>\n<\/tr>\n<tr style=\"height: 20.00pt;\">\n<td class=\"et4\" style=\"height: 20pt; width: 45.9662%;\" width=\"347\" height=\"33\">Cargando Capacidade<\/td>\n<td class=\"et4\" style=\"width: 53.8462%;\" width=\"326\">&lt; =500KG<\/td>\n<\/tr>\n<tr style=\"height: 20.00pt;\">\n<td class=\"et4\" style=\"height: 20pt; width: 45.9662%;\" width=\"347\" height=\"33\">Dimens\u00e3o global<\/td>\n<td class=\"et4\" style=\"width: 53.8462%;\" width=\"326\">1950*850*1650 mm<\/td>\n<\/tr>\n<tr style=\"height: 20.00pt;\">\n<td class=\"et4\" style=\"height: 20pt; width: 45.9662%;\" width=\"347\" height=\"33\">Sistema de travagem<\/td>\n<td class=\"et4\" style=\"width: 53.8462%;\" width=\"326\">Front Drum\/Rear Drum<\/td>\n<\/tr>\n<tr style=\"height: 27.00pt;\">\n<td class=\"et4\" style=\"height: 27pt; width: 45.9662%;\" width=\"347\" height=\"45\">Capacidade Climbing<\/td>\n<td class=\"et4\" style=\"width: 53.8462%;\" width=\"326\">\u226425\u00b0<\/td>\n<\/tr>\n<tr style=\"height: 20.00pt;\">\n<td class=\"et4\" style=\"height: 20pt; width: 45.9662%;\" width=\"347\" height=\"33\">pneu frontal\/posterior<\/td>\n<td class=\"et4\" style=\"width: 53.8462%;\" width=\"326\">3.00-8<\/td>\n<\/tr>\n<tr style=\"height: 20.00pt;\">\n<td class=\"et4\" style=\"height: 20pt; width: 45.9662%;\" width=\"347\" height=\"33\">Velocidade m\u00e1xima KM\/H<\/td>\n<td class=\"et4\" style=\"width: 53.8462%;\" width=\"326\">30-35KM\/H<\/td>\n<\/tr>\n<tr style=\"height: 20.00pt;\">\n<td class=\"et4\" style=\"height: 20pt; width: 45.9662%;\" width=\"347\" height=\"33\">Bateria<\/td>\n<td class=\"et4\" style=\"width: 53.8462%;\" width=\"326\">48V32Ah \u00c1cido-chumbo ou bateria ativada com \u00e1gua<\/td>\n<\/tr>\n<tr style=\"height: 20.00pt;\">\n<td class=\"et4\" style=\"height: 20pt; width: 45.9662%;\" width=\"347\" height=\"33\">Tempo de carga<\/td>\n<td class=\"et4\" style=\"width: 53.8462%;\" width=\"326\">6- 10H<\/td>\n<\/tr>\n<tr style=\"height: 20.00pt;\">\n<td class=\"et4\" style=\"height: 20pt; width: 45.9662%;\" width=\"347\" height=\"33\">Range per Charge\/KM<\/td>\n<td class=\"et4\" style=\"width: 53.8462%;\" width=\"326\">40-60KM<\/td>\n<\/tr>\n<tr style=\"height: 20.00pt;\">\n<td class=\"et4\" style=\"height: 20pt; width: 45.9662%;\" width=\"347\" height=\"33\">Escolha de Cores<\/td>\n<td class=\"et4\" style=\"width: 53.8462%;\" width=\"326\">Personalizado<\/td>\n<\/tr>\n<tr style=\"height: 20.00pt;\">\n<td class=\"et4\" style=\"height: 20pt; width: 45.9662%;\" width=\"347\" height=\"33\">Capacidade de contentor<\/td>\n<td class=\"et4\" style=\"width: 53.8462%;\" width=\"326\">CKD: 108pcs\/40HQ<\/td>\n<\/tr>\n<tr style=\"height: 20.00pt;\">\n<td class=\"et4\" style=\"height: 20pt; width: 45.9662%;\" width=\"347\" height=\"33\">Tamanho do Paquete<\/td>\n<td class=\"et4\" style=\"width: 53.8462%;\" width=\"326\">200cm * 100cm * 170cm<\/td>\n<\/tr>\n<tr style=\"height: 20.00pt;\">\n<td class=\"et4\" style=\"height: 20pt; width: 45.9662%;\" width=\"347\" height=\"33\">Peso bruto do pacote<\/td>\n<td class=\"et4\" style=\"width: 53.8462%;\" width=\"326\">100 kg<\/td>\n<\/tr>\n<\/tbody>\n<\/table>\n<hr data-start=\"696\" data-end=\"699\" \/>\n<h3 data-start=\"701\" data-end=\"732\">Caracter\u00edsticas-chave e - Avantagens<\/h3>\n<p>&nbsp;<\/p>\n<p data-start=\"734\" data-end=\"759\"><strong data-start=\"734\" data-end=\"757\">Selling Points\u00a0<\/strong><\/p>\n<ol data-start=\"760\" data-end=\"1520\">\n<li data-start=\"760\" data-end=\"956\">\n<p data-start=\"763\" data-end=\"956\"><strong data-start=\"763\" data-end=\"789\">Mobilidade ecol\u00f3gica:<\/strong> Fornecido por um motor de 60\/72V650W com um controlador de 15 tubos, o triciclo el\u00e9trico de passageiros minimiza emiss\u00f5es e custos de combust\u00edvel ao mesmo tempo que proporciona desempenho consistente.<\/p>\n<\/li>\n<li data-start=\"957\" data-end=\"1128\">\n<p data-start=\"960\" data-end=\"1128\"><strong data-start=\"960\" data-end=\"982\">Comforte de passageiros:<\/strong> Designado com assentos ergon\u00f4micos e amplo espa\u00e7o de pernas, isso <strong data-start=\"1037\" data-end=\"1059\">t\u00e1xi de tr\u00eas rodas<\/strong> assegura uma viagem segura e confort\u00e1vel por at\u00e9 500 KG de carga.<\/p>\n<\/li>\n<li data-start=\"1129\" data-end=\"1354\">\n<p data-start=\"1132\" data-end=\"1354\"><strong data-start=\"1132\" data-end=\"1162\">Adapt\u00e1vel a v\u00e1rios Usos:<\/strong> Seja servir como <strong data-start=\"1184\" data-end=\"1211\">bateria de passageiros<\/strong> para fam\u00edlias, uma dist\u00e2ncia curta <strong data-start=\"1243\" data-end=\"1272\">ve\u00edculo de transporte de lazer<\/strong>ou como parte de uma flota de compartilhamento de viagens, ela se adapta facilmente a m\u00faltiplas aplica\u00e7\u00f5es.<\/p>\n<\/li>\n<li data-start=\"1355\" data-end=\"1520\">\n<p data-start=\"1358\" data-end=\"1520\"><strong data-start=\"1358\" data-end=\"1380\">Efici\u00eancia energ\u00e9tica:<\/strong> Uma bateria de \u00e1cido de chumbo ou \u00e1gua ativada duradoura 48V32Ah assegura uma dist\u00e2ncia de 40-60 km por carga, tornando-a um ve\u00edculo el\u00e9trico de lazer eficiente.<\/p>\n<\/li>\n<\/ol>\n<p data-start=\"1522\" data-end=\"1559\">\u00a0 \u00a0 \u00a0 <img fetchpriority=\"high\" decoding=\"async\" class=\"alignnone size-medium wp-image-4014\" src=\"https:\/\/www.tairuiauto.com\/wp-content\/uploads\/2025\/10\/fc8570b1-6078-41bb-9934-82b3cfb9c2e3-300x300.webp\" alt=\"\" width=\"300\" height=\"300\" srcset=\"\" sizes=\"(max-width: 300px) 100vw, 300px\" data-srcset=\"\" \/>\u00a0 \u00a0 \u00a0 \u00a0 \u00a0\u00a0 <img decoding=\"async\" class=\"alignnone size-medium wp-image-4012\" src=\"https:\/\/www.tairuiauto.com\/wp-content\/uploads\/2025\/10\/29678edb-d419-46cf-8bb2-fe2005148c96-300x300.webp\" alt=\"\" width=\"300\" height=\"300\" srcset=\"https:\/\/www.tairuiauto.com\/wp-content\/uploads\/2025\/10\/29678edb-d419-46cf-8bb2-fe2005148c96-300x300.webp 300w, https:\/\/www.tairuiauto.com\/wp-content\/uploads\/2025\/10\/29678edb-d419-46cf-8bb2-fe2005148c96-1024x1024.webp 1024w, https:\/\/www.tairuiauto.com\/wp-content\/uploads\/2025\/10\/29678edb-d419-46cf-8bb2-fe2005148c96-150x150.webp 150w, https:\/\/www.tairuiauto.com\/wp-content\/uploads\/2025\/10\/29678edb-d419-46cf-8bb2-fe2005148c96-768x768.webp 768w, https:\/\/www.tairuiauto.com\/wp-content\/uploads\/2025\/10\/29678edb-d419-46cf-8bb2-fe2005148c96-12x12.webp 12w, https:\/\/www.tairuiauto.com\/wp-content\/uploads\/2025\/10\/29678edb-d419-46cf-8bb2-fe2005148c96-600x600.webp 600w, https:\/\/www.tairuiauto.com\/wp-content\/uploads\/2025\/10\/29678edb-d419-46cf-8bb2-fe2005148c96-100x100.webp 100w, https:\/\/www.tairuiauto.com\/wp-content\/uploads\/2025\/10\/29678edb-d419-46cf-8bb2-fe2005148c96.webp 1300w\" sizes=\"(max-width: 300px) 100vw, 300px\" \/>\u00a0 \u00a0 \u00a0 \u00a0 \u00a0 \u00a0<img decoding=\"async\" class=\"alignnone size-medium wp-image-4010\" src=\"https:\/\/www.tairuiauto.com\/wp-content\/uploads\/2025\/10\/55fe9974-5809-40b0-920a-555de82d4dcf-300x300.webp\" alt=\"\" width=\"300\" height=\"300\" srcset=\"https:\/\/www.tairuiauto.com\/wp-content\/uploads\/2025\/10\/55fe9974-5809-40b0-920a-555de82d4dcf-300x300.webp 300w, https:\/\/www.tairuiauto.com\/wp-content\/uploads\/2025\/10\/55fe9974-5809-40b0-920a-555de82d4dcf-1024x1024.webp 1024w, https:\/\/www.tairuiauto.com\/wp-content\/uploads\/2025\/10\/55fe9974-5809-40b0-920a-555de82d4dcf-150x150.webp 150w, https:\/\/www.tairuiauto.com\/wp-content\/uploads\/2025\/10\/55fe9974-5809-40b0-920a-555de82d4dcf-768x768.webp 768w, https:\/\/www.tairuiauto.com\/wp-content\/uploads\/2025\/10\/55fe9974-5809-40b0-920a-555de82d4dcf-12x12.webp 12w, https:\/\/www.tairuiauto.com\/wp-content\/uploads\/2025\/10\/55fe9974-5809-40b0-920a-555de82d4dcf-600x600.webp 600w, https:\/\/www.tairuiauto.com\/wp-content\/uploads\/2025\/10\/55fe9974-5809-40b0-920a-555de82d4dcf-100x100.webp 100w, https:\/\/www.tairuiauto.com\/wp-content\/uploads\/2025\/10\/55fe9974-5809-40b0-920a-555de82d4dcf.webp 1300w\" sizes=\"(max-width: 300px) 100vw, 300px\" \/><\/p>\n<p data-start=\"1522\" data-end=\"1559\"><strong data-start=\"1522\" data-end=\"1557\">Avan\u00e7os de Diferencia\u00e7\u00e3o\u00a0<\/strong><\/p>\n<ol data-start=\"1560\" data-end=\"2139\">\n<li data-start=\"1560\" data-end=\"1689\">\n<p data-start=\"1563\" data-end=\"1689\"><strong data-start=\"1563\" data-end=\"1582\">Design Compact:<\/strong> Um tamanho menor (1950\u00d7850\u00d71650 mm) permite manejar f\u00e1cil atrav\u00e9s de ruas estreitas, ideal para cidades multitudinais.<\/p>\n<\/li>\n<li data-start=\"1690\" data-end=\"1815\">\n<p data-start=\"1693\" data-end=\"1815\"><strong data-start=\"1693\" data-end=\"1720\">Sistema de Seguran\u00e7a Fi\u00e1vel:<\/strong> Equipado com freios de tambor de frente e de tr\u00e1s, assegurando uma parada suave mesmo nas pendientes at\u00e9 25\u00b0.<\/p>\n<\/li>\n<li data-start=\"1816\" data-end=\"1999\">\n<p data-start=\"1819\" data-end=\"1999\"><strong data-start=\"1819\" data-end=\"1849\">Investimento Costo-Efeitivo:<\/strong> Pre\u00e7os competitivos, baixa manuten\u00e7\u00e3o e constru\u00e7\u00e3o duradoura fazem isso <strong data-start=\"1923\" data-end=\"1951\">ve\u00edculo el\u00e9trico de lazer<\/strong> uma escolha lucrativa para os neg\u00f3cios de transporte.<\/p>\n<\/li>\n<li data-start=\"2000\" data-end=\"2139\">\n<p data-start=\"2003\" data-end=\"2139\"><strong data-start=\"2003\" data-end=\"2028\">Alta Capacidade de Exporta\u00e7\u00e3o:<\/strong> Com uma capacidade de contedor CKD de 108pcs\/40HQ, ele suporta ordens em massa e distribui\u00e7\u00e3o global para clientes B2B.<\/p>\n<\/li>\n<\/ol>\n<hr data-start=\"2772\" data-end=\"2775\" \/>\n<h3 data-start=\"2777\" data-end=\"2803\">Par\u00e2metros T\u00e9cnicos<\/h3>\n<ul data-start=\"2804\" data-end=\"3021\">\n<li data-start=\"2804\" data-end=\"2841\">\n<p data-start=\"2806\" data-end=\"2841\">Sistema de Energia: Motor el\u00e9trico 650W<\/p>\n<\/li>\n<li data-start=\"2842\" data-end=\"2864\">\n<p data-start=\"2844\" data-end=\"2864\">Volta\u00e7\u00e3o: 60V \/ 72V<\/p>\n<\/li>\n<li data-start=\"2865\" data-end=\"2913\">\n<p data-start=\"2867\" data-end=\"2913\">Op\u00e7\u00f5es da bateria: \u00c1cido de chumbo\/Agua ativada<\/p>\n<\/li>\n<li data-start=\"2914\" data-end=\"2939\">\n<p data-start=\"2916\" data-end=\"2939\">Ciclo de carga: 6-10 h<\/p>\n<\/li>\n<li data-start=\"2940\" data-end=\"2971\">\n<p data-start=\"2942\" data-end=\"2971\">Mileia por carga: 40-60 km<\/p>\n<\/li>\n<li data-start=\"2972\" data-end=\"2999\">\n<p data-start=\"2974\" data-end=\"2999\">\u00c1ngulo m\u00e1ximo de subida: 25\u00b0<\/p>\n<\/li>\n<li data-start=\"3000\" data-end=\"3021\">\n<p data-start=\"3002\" data-end=\"3021\">Velocidade m\u00e1xima: 35km\/h<\/p>\n<\/li>\n<\/ul>\n<hr data-start=\"3023\" data-end=\"3026\" \/>\n<h3 data-start=\"3028\" data-end=\"3042\">Material<\/h3>\n<ul data-start=\"3043\" data-end=\"3213\">\n<li data-start=\"3043\" data-end=\"3088\">\n<p data-start=\"3045\" data-end=\"3088\"><strong data-start=\"3045\" data-end=\"3055\">Quadro:<\/strong> Aceiro de alta for\u00e7a refor\u00e7ado<\/p>\n<\/li>\n<li data-start=\"3089\" data-end=\"3131\">\n<p data-start=\"3091\" data-end=\"3131\"><strong data-start=\"3091\" data-end=\"3101\">pneus:<\/strong> Goma duradoura, tamanho 3,00-8<\/p>\n<\/li>\n<li data-start=\"3132\" data-end=\"3213\">\n<p data-start=\"3134\" data-end=\"3213\"><strong data-start=\"3134\" data-end=\"3150\">Paneis corporais:<\/strong> Aceiro tratado resistente \u00e0 rusta com op\u00e7\u00f5es de pintura personalizadas<\/p>\n<\/li>\n<\/ul>\n<hr data-start=\"3215\" data-end=\"3218\" \/>\n<h3 data-start=\"3220\" data-end=\"3236\">Apar\u00eancia<\/h3>\n<p data-start=\"3237\" data-end=\"3436\">O corpo flutuado com um telhado curvo de cobertura, um chassis ligeiro e um design exterior moderno fazem o trique estilo ainda funcional. Seu tamanho compacto assegura uma navega\u00e7\u00e3o f\u00e1cil em \u00e1reas urbanas congestionadas.<\/p>\n<hr data-start=\"3438\" data-end=\"3441\" \/>\n<h3 data-start=\"3443\" data-end=\"3455\">Design<\/h3>\n<p data-start=\"3456\" data-end=\"3622\">Design centrado em humanos com sistemas de trav\u00e3o focados em seguran\u00e7a, assentos ergon\u00f4micos para passageiros, e distribui\u00e7\u00e3o de peso otimizada para estabilidade em viradas ou inclina\u00e7\u00f5es agudas.<\/p>\n<hr data-start=\"3624\" data-end=\"3627\" \/>\n<h3 data-start=\"3629\" data-end=\"3652\">Adapta\u00e7\u00e3o OEM<\/h3>\n<ul data-start=\"3653\" data-end=\"3794\">\n<li data-start=\"3653\" data-end=\"3691\">\n<p data-start=\"3655\" data-end=\"3691\">Op\u00e7\u00f5es de motor e controlador<\/p>\n<\/li>\n<li data-start=\"3692\" data-end=\"3721\">\n<p data-start=\"3694\" data-end=\"3721\">Tipo e capacidade de bateria<\/p>\n<\/li>\n<li data-start=\"3722\" data-end=\"3756\">\n<p data-start=\"3724\" data-end=\"3756\">Cor corporal e decais de marca<\/p>\n<\/li>\n<li data-start=\"3757\" data-end=\"3794\">\n<p data-start=\"3759\" data-end=\"3794\">Arranhamento de assentos e estilo de cobertura<\/p>\n<\/li>\n<\/ul>\n<hr data-start=\"3796\" data-end=\"3799\" \/>\n<h3 data-start=\"3801\" data-end=\"3822\">Controlo da qualidade<\/h3>\n<p data-start=\"3823\" data-end=\"4013\">Cada triciclo passa por uma inspec\u00e7\u00e3o estrita na f\u00e1brica, desde soldagem e pintura at\u00e9 testes de bateria. Certificado sob <strong data-start=\"3937\" data-end=\"3963\">Gest\u00e3o da qualidade ISO<\/strong> e reunir <strong data-start=\"3976\" data-end=\"4010\">padr\u00f5es internacionais de exporta\u00e7\u00e3o<\/strong>.<\/p>\n<hr data-start=\"4015\" data-end=\"4018\" \/>\n<h3 data-start=\"4020\" data-end=\"4045\">Servi\u00e7o de Depois de Venda<\/h3>\n<ul data-start=\"4046\" data-end=\"4230\">\n<li data-start=\"4046\" data-end=\"4092\">\n<p data-start=\"4048\" data-end=\"4092\">Garantia de 12 meses para motores e controladores<\/p>\n<\/li>\n<li data-start=\"4093\" data-end=\"4121\">\n<p data-start=\"4095\" data-end=\"4121\">Garantia de 6 meses de bateria<\/p>\n<\/li>\n<li data-start=\"4122\" data-end=\"4173\">\n<p data-start=\"4124\" data-end=\"4173\">Apoio t\u00e9cnico online e suprimento de pe\u00e7as de reposi\u00e7\u00e3o<\/p>\n<\/li>\n<li data-start=\"4174\" data-end=\"4230\">\n<p data-start=\"4176\" data-end=\"4230\">Assist\u00eancia global para o transporte mar\u00edtimo e apoio \u00e0 documenta\u00e7\u00e3o<\/p>\n<\/li>\n<\/ul>\n<hr data-start=\"4232\" data-end=\"4235\" \/>\n<h3 data-start=\"4237\" data-end=\"4261\">Campos de Aplica\u00e7\u00e3o<\/h3>\n<ul data-start=\"4262\" data-end=\"4504\">\n<li data-start=\"4262\" data-end=\"4313\">\n<p data-start=\"4264\" data-end=\"4313\"><strong data-start=\"4264\" data-end=\"4286\">Taxi de tr\u00eas rodas<\/strong> para viagens de curta dist\u00e2ncia<\/p>\n<\/li>\n<li data-start=\"4314\" data-end=\"4375\">\n<p data-start=\"4316\" data-end=\"4375\"><strong data-start=\"4316\" data-end=\"4345\">Ve\u00edculo de transporte de lazer<\/strong> para uso familiar ou comunit\u00e1rio<\/p>\n<\/li>\n<li data-start=\"4376\" data-end=\"4432\">\n<p data-start=\"4378\" data-end=\"4432\"><strong data-start=\"4378\" data-end=\"4412\">nave ecol\u00f3gica de passageiros<\/strong> para lugares tur\u00edsticos<\/p>\n<\/li>\n<li data-start=\"4433\" data-end=\"4504\">\n<p data-start=\"4435\" data-end=\"4504\"><strong data-start=\"4435\" data-end=\"4462\">Trique de passageiros da bateria<\/strong> para escolas, parques ou zonas industriais<\/p>\n<\/li>\n<\/ul>\n<hr data-start=\"4506\" data-end=\"4509\" \/>\n<h3 data-start=\"4511\" data-end=\"4530\">Condi\u00e7\u00f5es de pagamento<\/h3>\n<ul data-start=\"4531\" data-end=\"4620\">\n<li data-start=\"4531\" data-end=\"4583\">\n<p data-start=\"4533\" data-end=\"4583\">T\/T, L\/C, Western Union, Alibaba Trade Assurance<\/p>\n<\/li>\n<li data-start=\"4584\" data-end=\"4620\">\n<p data-start=\"4586\" data-end=\"4620\">30% dep\u00f3sito, 70% antes da expedi\u00e7\u00e3o<\/p>\n<\/li>\n<\/ul>\n<hr data-start=\"4622\" data-end=\"4625\" \/>\n<h3 data-start=\"4627\" data-end=\"4636\">FAQ<\/h3>\n<p data-start=\"4638\" data-end=\"4791\"><strong data-start=\"4638\" data-end=\"4721\">Q1: Qual \u00e9 a velocidade m\u00e1xima do triciclo el\u00e9trico semiaberto de passageiros?<\/strong><br data-start=\"4721\" data-end=\"4724\" \/>A1: Pode alcan\u00e7ar 30-35 km\/h dependendo das condi\u00e7\u00f5es rodovi\u00e1rias e da carga.<\/p>\n<p data-start=\"4793\" data-end=\"4934\"><strong data-start=\"4793\" data-end=\"4834\">Q2: Quantos passageiros pode carregar?<\/strong><br data-start=\"4834\" data-end=\"4837\" \/>A2: Ela suporta uma carga m\u00e1xima de 500 kg, que normalmente encaixa 2-3 passageiros adultos confort\u00e1velmente.<\/p>\n<p data-start=\"4936\" data-end=\"5074\"><strong data-start=\"4936\" data-end=\"4974\">Q3: A bateria pode ser personalizada?<\/strong><br data-start=\"4974\" data-end=\"4977\" \/>A3: Sim, voc\u00ea pode escolher entre baterias de \u00e1cido chumbo ou \u00e1gua ativadas com op\u00e7\u00f5es 48V ou 72V.<\/p>\n<p data-start=\"5076\" data-end=\"5188\"><strong data-start=\"5076\" data-end=\"5110\">Q4: A marca OEM est\u00e1 dispon\u00edvel?<\/strong><br data-start=\"5110\" data-end=\"5113\" \/>A4: Sim, n\u00f3s fornecemos personaliza\u00e7\u00e3o OEM para cores, logos e design de assentos.<\/p>\n<p data-start=\"5190\" data-end=\"5294\"><strong data-start=\"5190\" data-end=\"5230\">Q5: Quanto tempo demora para encarregar?<\/strong><br data-start=\"5230\" data-end=\"5233\" \/>A5: O tempo padr\u00e3o de carga \u00e9 de 6 a 10 horas para uma carga completa.<\/p>","protected":false},"excerpt":{"rendered":"<p>O <strong data-start=\"186\" data-end=\"231\">Triciclo el\u00e9trico semiaberto de passageiros<\/strong> \u00e9 um compacto, mas poderoso, de tr\u00eas rodas projetado para viagem urban a suave, viagem a curta dist\u00e2ncia e transporte de passageiros. Com sua efici\u00eancia <strong data-start=\"376\" data-end=\"390\">Motor de 650W<\/strong>um quadro robusto, e um modelo moderno de assentos, este trigo el\u00e9trico de passageiros oferece eco-amigabilidade e confiabilidade. Se usado como <strong data-start=\"527\" data-end=\"562\">trigo de passageiros com bateria<\/strong>, a <strong data-start=\"566\" data-end=\"588\">t\u00e1xi de tr\u00eas rodas<\/strong>ou <strong data-start=\"595\" data-end=\"624\">ve\u00edculo de transporte de lazer<\/strong>, \u00e9 constru\u00edda para satisfazer as demandas di\u00e1rias de mobilidade com estilo e conforto.<\/p>","protected":false},"featured_media":4015,"comment_status":"open","ping_status":"closed","template":"","meta":[],"product_brand":[],"product_cat":[78],"product_tag":[],"class_list":{"0":"post-4006","1":"product","2":"type-product","3":"status-publish","4":"has-post-thumbnail","6":"product_cat-electric-tricycle","8":"first","9":"instock","10":"shipping-taxable","11":"product-type-simple"},"_links":{"self":[{"href":"https:\/\/www.tairuiauto.com\/pt\/wp-json\/wp\/v2\/product\/4006","targetHints":{"allow":["GET"]}}],"collection":[{"href":"https:\/\/www.tairuiauto.com\/pt\/wp-json\/wp\/v2\/product"}],"about":[{"href":"https:\/\/www.tairuiauto.com\/pt\/wp-json\/wp\/v2\/types\/product"}],"replies":[{"embeddable":true,"href":"https:\/\/www.tairuiauto.com\/pt\/wp-json\/wp\/v2\/comments?post=4006"}],"wp:featuredmedia":[{"embeddable":true,"href":"https:\/\/www.tairuiauto.com\/pt\/wp-json\/wp\/v2\/media\/4015"}],"wp:attachment":[{"href":"https:\/\/www.tairuiauto.com\/pt\/wp-json\/wp\/v2\/media?parent=4006"}],"wp:term":[{"taxonomy":"product_brand","embeddable":true,"href":"https:\/\/www.tairuiauto.com\/pt\/wp-json\/wp\/v2\/product_brand?post=4006"},{"taxonomy":"product_cat","embeddable":true,"href":"https:\/\/www.tairuiauto.com\/pt\/wp-json\/wp\/v2\/product_cat?post=4006"},{"taxonomy":"product_tag","embeddable":true,"href":"https:\/\/www.tairuiauto.com\/pt\/wp-json\/wp\/v2\/product_tag?post=4006"}],"curies":[{"name":"wp","href":"https:\/\/api.w.org\/{rel}","templated":true}]}}