{"id":4022,"date":"2025-10-15T15:54:17","date_gmt":"2025-10-15T07:54:17","guid":{"rendered":"https:\/\/www.tairuiauto.com\/?post_type=product&#038;p=4022"},"modified":"2025-10-15T13:36:06","modified_gmt":"2025-10-15T05:36:06","slug":"leisure-battery-rickshaw-tuk-tuk","status":"publish","type":"product","link":"https:\/\/www.tairuiauto.com\/pt\/product\/leisure-battery-rickshaw-tuk-tuk\/","title":{"rendered":"Bateria de Leisure Rickshaw Tuk Tuk"},"content":{"rendered":"<h1 data-start=\"298\" data-end=\"321\">Descri\u00e7\u00e3o do produto<\/h1>\n<p data-start=\"322\" data-end=\"810\">A Bateria Rickshaw Electric Tricycle combina seguran\u00e7a, estilo e pr\u00e1tica, tornando-a uma excelente escolha para solu\u00e7\u00f5es de transporte urbano, vistas tur\u00edsticas e mobilidade familiar.<\/p>\n<table style=\"border-collapse: collapse; width: 64.7072%; height: 411px;\" border=\"0\" width=\"679\" cellspacing=\"0\" cellpadding=\"0\">\n<tbody>\n<tr style=\"height: 20.00pt;\">\n<td class=\"et3\" style=\"height: 20pt; width: 43.188%;\" width=\"363\" height=\"33\">Modelo<\/td>\n<td class=\"et3\" style=\"width: 56.6757%;\" width=\"316\">Estilo de lazer M6 Bateria Rickshaw Tuk Tuk<\/td>\n<\/tr>\n<tr style=\"height: 20.00pt;\">\n<td class=\"et4\" style=\"height: 20pt; width: 43.188%;\" width=\"363\" height=\"33\">Motor<\/td>\n<td class=\"et4\" style=\"width: 56.6757%;\" width=\"316\">60\/72V650W<\/td>\n<\/tr>\n<tr style=\"height: 20.00pt;\">\n<td class=\"et4\" style=\"height: 20pt; width: 43.188%;\" width=\"363\" height=\"33\">Controlador<\/td>\n<td class=\"et4\" style=\"width: 56.6757%;\" width=\"316\">15 Tubos<\/td>\n<\/tr>\n<tr style=\"height: 20.00pt;\">\n<td class=\"et4\" style=\"height: 20pt; width: 43.188%;\" width=\"363\" height=\"33\">Cargando Capacidade<\/td>\n<td class=\"et4\" style=\"width: 56.6757%;\" width=\"316\">&lt; =500KG<\/td>\n<\/tr>\n<tr style=\"height: 20.00pt;\">\n<td class=\"et4\" style=\"height: 20pt; width: 43.188%;\" width=\"363\" height=\"33\">Dimens\u00e3o global<\/td>\n<td class=\"et4\" style=\"width: 56.6757%;\" width=\"316\">2100*920*1680 mm<\/td>\n<\/tr>\n<tr style=\"height: 20.00pt;\">\n<td class=\"et4\" style=\"height: 20pt; width: 43.188%;\" width=\"363\" height=\"33\">Sistema de travagem<\/td>\n<td class=\"et4\" style=\"width: 56.6757%;\" width=\"316\">Front Drum\/Rear Drum<\/td>\n<\/tr>\n<tr style=\"height: 20.00pt;\">\n<td class=\"et4\" style=\"height: 20pt; width: 43.188%;\" width=\"363\" height=\"33\">Capacidade Climbing<\/td>\n<td class=\"et4\" style=\"width: 56.6757%;\" width=\"316\">\u226425\u00b0<\/td>\n<\/tr>\n<tr style=\"height: 20.00pt;\">\n<td class=\"et4\" style=\"height: 20pt; width: 43.188%;\" width=\"363\" height=\"33\">pneu frontal\/posterior<\/td>\n<td class=\"et4\" style=\"width: 56.6757%;\" width=\"316\">3.00-10<\/td>\n<\/tr>\n<tr style=\"height: 20.00pt;\">\n<td class=\"et4\" style=\"height: 20pt; width: 43.188%;\" width=\"363\" height=\"33\">Velocidade m\u00e1xima KM\/H<\/td>\n<td class=\"et4\" style=\"width: 56.6757%;\" width=\"316\">30-35KM\/H<\/td>\n<\/tr>\n<tr style=\"height: 27.00pt;\">\n<td class=\"et4\" style=\"height: 27pt; width: 43.188%;\" width=\"363\" height=\"45\">Bateria<\/td>\n<td class=\"et4\" style=\"width: 56.6757%;\" width=\"316\">48V32Ah \u00c1cido-chumbo ou bateria ativada com \u00e1gua<\/td>\n<\/tr>\n<tr style=\"height: 20.00pt;\">\n<td class=\"et4\" style=\"height: 20pt; width: 43.188%;\" width=\"363\" height=\"33\">Tempo de carga<\/td>\n<td class=\"et4\" style=\"width: 56.6757%;\" width=\"316\">6- 10H<\/td>\n<\/tr>\n<tr style=\"height: 20.00pt;\">\n<td class=\"et4\" style=\"height: 20pt; width: 43.188%;\" width=\"363\" height=\"33\">Range per Charge\/KM<\/td>\n<td class=\"et4\" style=\"width: 56.6757%;\" width=\"316\">40-60KM<\/td>\n<\/tr>\n<tr style=\"height: 20.00pt;\">\n<td class=\"et4\" style=\"height: 20pt; width: 43.188%;\" width=\"363\" height=\"33\">Escolha de Cores<\/td>\n<td class=\"et4\" style=\"width: 56.6757%;\" width=\"316\">Personalizado<\/td>\n<\/tr>\n<tr style=\"height: 20.00pt;\">\n<td class=\"et4\" style=\"height: 20pt; width: 43.188%;\" width=\"363\" height=\"33\">Capacidade de contentor<\/td>\n<td class=\"et4\" style=\"width: 56.6757%;\" width=\"316\"><span class=\"font2\">40Units\/40HQContainer<\/span><span class=\"font3\">65288;<\/span><span class=\"font2\">CKD<\/span><span class=\"font3\">65289;<\/span><\/td>\n<\/tr>\n<\/tbody>\n<\/table>\n<hr data-start=\"812\" data-end=\"815\" \/>\n<h1 data-start=\"817\" data-end=\"850\">Caracter\u00edsticas-chave e Vendo pontos<\/h1>\n<ol data-start=\"851\" data-end=\"1581\">\n<li data-start=\"851\" data-end=\"1060\">\n<p data-start=\"854\" data-end=\"1060\"><strong data-start=\"854\" data-end=\"885\">Transporte ecol\u00f3gico<\/strong> \u2013 O triciclo el\u00e9trico do estilo de lazer M6 \u00e9 alimentado por um \u00e1cido de chumbo 48V\/72V ou bateria ativada pela \u00e1gua, assegurando emiss\u00f5es zero e cumprimento de padr\u00f5es de mobilidade verde.<\/p>\n<\/li>\n<li data-start=\"1061\" data-end=\"1227\">\n<p data-start=\"1064\" data-end=\"1227\"><strong data-start=\"1064\" data-end=\"1091\">Alta capacidade de passageiros<\/strong> \u2013 Com uma carga m\u00e1xima de 500 kg e uma estrutura corporal forte, este tuk el\u00e9trico fornece assentos seguros e confort\u00e1veis para passageiros.<\/p>\n<\/li>\n<li data-start=\"1228\" data-end=\"1399\">\n<p data-start=\"1231\" data-end=\"1399\"><strong data-start=\"1231\" data-end=\"1255\">Performa\u00e7\u00e3o Fi\u00e1vel<\/strong> \u2013 Equipado com um controlador de 15 tubos e uma capacidade de subida de 25\u00b0, o triciclo M6 assegura uma condu\u00e7\u00e3o est\u00e1vel em estradas urbanas e pequenas inclina\u00e7\u00f5es.<\/p>\n<\/li>\n<li data-start=\"1400\" data-end=\"1581\">\n<p data-start=\"1403\" data-end=\"1581\"><strong data-start=\"1403\" data-end=\"1427\">Op\u00e7\u00f5es personalizadas<\/strong> \u2013 O Leisure Style M6 Electric Passenger Rickshaw oferece m\u00faltiplas escolhas de cores, possibilidades de marca e personaliza\u00e7\u00e3o OEM para atender \u00e0s demandas do mercado.<\/p>\n<\/li>\n<\/ol>\n<hr data-start=\"1583\" data-end=\"1586\" \/>\n<h1 data-start=\"1588\" data-end=\"1614\">Avantagens Competitivos<\/h1>\n<ol data-start=\"1615\" data-end=\"2282\">\n<li data-start=\"1615\" data-end=\"1821\">\n<p data-start=\"1618\" data-end=\"1821\"><strong data-start=\"1618\" data-end=\"1633\">Versatilidade<\/strong> \u2013 Ao contr\u00e1rio dos rickshaws tradicionais, esse triciclo el\u00e9trico apoia aplica\u00e7\u00f5es tanto de lazer como comerciais como naves tur\u00edsticas, transporte de passageiros de \u00faltima milha e mobilidade comunit\u00e1ria.<\/p>\n<\/li>\n<li data-start=\"1822\" data-end=\"1966\">\n<p data-start=\"1825\" data-end=\"1966\"><strong data-start=\"1825\" data-end=\"1839\">Durabilidade<\/strong> \u2013 O sistema de travagem de tambor de frente e de tambor de tr\u00e1s, combinado com pneus de 3.00 a 10, assegura uma melhor seguran\u00e7a e uma maior vida de servi\u00e7o.<\/p>\n<\/li>\n<li data-start=\"1967\" data-end=\"2138\">\n<p data-start=\"1970\" data-end=\"2138\"><strong data-start=\"1970\" data-end=\"1989\">Efici\u00eancia de custos<\/strong> \u2013 Em compara\u00e7\u00e3o com motores de tr\u00eas rodas alimentados com combust\u00edvel, o tuk el\u00e9trico M6 reduz os custos de funcionamento em mais de 60%, oferecendo economias significativas a longo prazo.<\/p>\n<\/li>\n<li data-start=\"2139\" data-end=\"2282\">\n<p data-start=\"2142\" data-end=\"2282\"><strong data-start=\"2142\" data-end=\"2168\">Desenho Amigo da Exporta\u00e7\u00e3o<\/strong> \u2013 Com 40 unidades por recipiente de 40HQ, o ve\u00edculo \u00e9 otimizado para o transporte mar\u00edtimo internacional e o neg\u00f3cio grossista.<\/p>\n<\/li>\n<\/ol>\n<p><img fetchpriority=\"high\" decoding=\"async\" class=\"alignnone size-medium wp-image-4030\" src=\"https:\/\/www.tairuiauto.com\/wp-content\/uploads\/2025\/10\/104-300x300.png\" alt=\"\" width=\"300\" height=\"300\" srcset=\"\" sizes=\"(max-width: 300px) 100vw, 300px\" data-srcset=\"\" \/>\u00a0 \u00a0 \u00a0 \u00a0 \u00a0<img decoding=\"async\" class=\"alignnone size-medium wp-image-4025\" src=\"https:\/\/www.tairuiauto.com\/wp-content\/uploads\/2025\/10\/4-300x300.png\" alt=\"\" width=\"300\" height=\"300\" srcset=\"https:\/\/www.tairuiauto.com\/wp-content\/uploads\/2025\/10\/4-300x300.png 300w, https:\/\/www.tairuiauto.com\/wp-content\/uploads\/2025\/10\/4-1024x1024.png 1024w, https:\/\/www.tairuiauto.com\/wp-content\/uploads\/2025\/10\/4-150x150.png 150w, https:\/\/www.tairuiauto.com\/wp-content\/uploads\/2025\/10\/4-768x768.png 768w, https:\/\/www.tairuiauto.com\/wp-content\/uploads\/2025\/10\/4-1536x1536.png 1536w, https:\/\/www.tairuiauto.com\/wp-content\/uploads\/2025\/10\/4-2048x2048.png 2048w, https:\/\/www.tairuiauto.com\/wp-content\/uploads\/2025\/10\/4-12x12.png 12w, https:\/\/www.tairuiauto.com\/wp-content\/uploads\/2025\/10\/4-600x600.png 600w, https:\/\/www.tairuiauto.com\/wp-content\/uploads\/2025\/10\/4-100x100.png 100w\" sizes=\"(max-width: 300px) 100vw, 300px\" \/>\u00a0 \u00a0 \u00a0 \u00a0\u00a0 <img decoding=\"async\" class=\"alignnone size-medium wp-image-4026\" src=\"https:\/\/www.tairuiauto.com\/wp-content\/uploads\/2025\/10\/8-300x300.png\" alt=\"\" width=\"300\" height=\"300\" srcset=\"https:\/\/www.tairuiauto.com\/wp-content\/uploads\/2025\/10\/8-300x300.png 300w, https:\/\/www.tairuiauto.com\/wp-content\/uploads\/2025\/10\/8-1024x1024.png 1024w, https:\/\/www.tairuiauto.com\/wp-content\/uploads\/2025\/10\/8-150x150.png 150w, https:\/\/www.tairuiauto.com\/wp-content\/uploads\/2025\/10\/8-768x768.png 768w, https:\/\/www.tairuiauto.com\/wp-content\/uploads\/2025\/10\/8-1536x1536.png 1536w, https:\/\/www.tairuiauto.com\/wp-content\/uploads\/2025\/10\/8-2048x2048.png 2048w, https:\/\/www.tairuiauto.com\/wp-content\/uploads\/2025\/10\/8-12x12.png 12w, https:\/\/www.tairuiauto.com\/wp-content\/uploads\/2025\/10\/8-600x600.png 600w, https:\/\/www.tairuiauto.com\/wp-content\/uploads\/2025\/10\/8-100x100.png 100w\" sizes=\"(max-width: 300px) 100vw, 300px\" \/><\/p>\n<hr data-start=\"2798\" data-end=\"2801\" \/>\n<h1 data-start=\"2803\" data-end=\"2827\">Par\u00e2metros T\u00e9cnicos<\/h1>\n<ul data-start=\"2828\" data-end=\"3056\">\n<li data-start=\"2828\" data-end=\"2864\">\n<p data-start=\"2830\" data-end=\"2864\">Tipo de bateria: 48\/60\/72V opcional<\/p>\n<\/li>\n<li data-start=\"2865\" data-end=\"2894\">\n<p data-start=\"2867\" data-end=\"2894\">Distan\u00e7a: 40-60 km por carga<\/p>\n<\/li>\n<li data-start=\"2895\" data-end=\"2944\">\n<p data-start=\"2897\" data-end=\"2944\">Controlador: 15 tubos, otimizados para efici\u00eancia<\/p>\n<\/li>\n<li data-start=\"2945\" data-end=\"2990\">\n<p data-start=\"2947\" data-end=\"2990\">pneus: 3:00-10 padr\u00e3o, borracha anti-deslizante<\/p>\n<\/li>\n<li data-start=\"2991\" data-end=\"3020\">\n<p data-start=\"2993\" data-end=\"3020\">Tempo de carga: 6-10 horas<\/p>\n<\/li>\n<li data-start=\"3021\" data-end=\"3056\">\n<p data-start=\"3023\" data-end=\"3056\">Freado: Sistema mec\u00e2nico de tambor<\/p>\n<\/li>\n<\/ul>\n<hr data-start=\"3058\" data-end=\"3061\" \/>\n<h1 data-start=\"3063\" data-end=\"3075\">Material<\/h1>\n<ul data-start=\"3076\" data-end=\"3242\">\n<li data-start=\"3076\" data-end=\"3127\">\n<p data-start=\"3078\" data-end=\"3127\">Quadro: Quadro de a\u00e7o de alta for \u00e7a para durabilidade<\/p>\n<\/li>\n<li data-start=\"3128\" data-end=\"3195\">\n<p data-start=\"3130\" data-end=\"3195\">Corpo: estrutura de cabana refor\u00e7ada com revestimento resistente ao tempo<\/p>\n<\/li>\n<li data-start=\"3196\" data-end=\"3242\">\n<p data-start=\"3198\" data-end=\"3242\">Sedes: Sedes confort\u00e1veis cobertos por couro<\/p>\n<\/li>\n<\/ul>\n<hr data-start=\"3244\" data-end=\"3247\" \/>\n<h1 data-start=\"3249\" data-end=\"3263\">Apar\u00eancia<\/h1>\n<p data-start=\"3264\" data-end=\"3424\">Dorme moderno com cabana amig\u00e1vel aos passageiros, janelas largas e l\u00e2mpadas LED atraentes. - Dispon\u00edvel em m\u00faltiplas cores de acordo com as prefer\u00eancias do mercado.<\/p>\n<hr data-start=\"3426\" data-end=\"3429\" \/>\n<h1 data-start=\"3431\" data-end=\"3441\">Design<\/h1>\n<p data-start=\"3442\" data-end=\"3568\">Design compacto e ainda espacioso com arranjo ergon\u00f4mico de assentos e facilidade de entrada\/sa\u00edda, adequado para uso urbano e rural.<\/p>\n<hr data-start=\"3570\" data-end=\"3573\" \/>\n<h1 data-start=\"3575\" data-end=\"3596\">Adapta\u00e7\u00e3o OEM<\/h1>\n<p data-start=\"3597\" data-end=\"3708\">N\u00f3s fornecemos <strong data-start=\"3608\" data-end=\"3624\">Servi\u00e7os OEM<\/strong> incluindo pintura personalizada, marca de logotipo, design de cadeirinhos e op\u00e7\u00f5es de bateria actualizadas.<\/p>\n<hr data-start=\"3710\" data-end=\"3713\" \/>\n<h1 data-start=\"3715\" data-end=\"3734\">Controlo da qualidade<\/h1>\n<p data-start=\"3735\" data-end=\"3887\">Cada triciclo el\u00e9trico de estilo de lazer M6 passa <strong data-start=\"3785\" data-end=\"3811\">testes estritos na f\u00e1brica<\/strong>incluindo efici\u00eancia do freio, desempenho da bateria e controles de seguran\u00e7a rodovi\u00e1ria.<\/p>\n<hr data-start=\"3889\" data-end=\"3892\" \/>\n<h1 data-start=\"3894\" data-end=\"3917\">Servi\u00e7o de Depois de Venda<\/h1>\n<p data-start=\"3918\" data-end=\"4048\">Garantia de um ano em motores e controladores, garantia de seis meses em bateria. Soporte t\u00e9cnico online e suprimento de pe\u00e7as de repouso dispon\u00edvel.<\/p>\n<hr data-start=\"4050\" data-end=\"4053\" \/>\n<h1 data-start=\"4055\" data-end=\"4077\">Campos de Aplica\u00e7\u00e3o<\/h1>\n<ul data-start=\"4078\" data-end=\"4199\">\n<li data-start=\"4078\" data-end=\"4107\">\n<p data-start=\"4080\" data-end=\"4107\">Transporte urbano de passageiros<\/p>\n<\/li>\n<li data-start=\"4108\" data-end=\"4131\">\n<p data-start=\"4110\" data-end=\"4131\">Visualiza\u00e7\u00e3o tur\u00edstica<\/p>\n<\/li>\n<li data-start=\"4132\" data-end=\"4158\">\n<p data-start=\"4134\" data-end=\"4158\">Conectividade da \u00faltima milha<\/p>\n<\/li>\n<li data-start=\"4159\" data-end=\"4199\">\n<p data-start=\"4161\" data-end=\"4199\">Mobilidade comunit\u00e1ria e viagens de lazer<\/p>\n<\/li>\n<\/ul>\n<hr data-start=\"4201\" data-end=\"4204\" \/>\n<h1 data-start=\"4206\" data-end=\"4224\">M\u00e9todo de Pagamento<\/h1>\n<p data-start=\"4225\" data-end=\"4286\">T\/T, L\/C, Western Union, Alibaba Trade Assurance dispon\u00edvel.<\/p>\n<hr data-start=\"4288\" data-end=\"4291\" \/>\n<h1 data-start=\"4293\" data-end=\"4300\">FAQ<\/h1>\n<p data-start=\"4302\" data-end=\"4463\"><strong data-start=\"4302\" data-end=\"4378\">Q1: Qual \u00e9 a gama m\u00e1xima do Triciclo el\u00e9trico estilo de lazer M6?<\/strong><br data-start=\"4378\" data-end=\"4381\" \/>A1: Ele pode viajar <strong data-start=\"4399\" data-end=\"4421\">40-60 km por carga<\/strong>dependendo das condi\u00e7\u00f5es de estrada e carga.<\/p>\n<p data-start=\"4465\" data-end=\"4608\"><strong data-start=\"4465\" data-end=\"4525\">Q2: Quantos passageiros pode carregar esse tuk el\u00e9trico?<\/strong><br data-start=\"4525\" data-end=\"4528\" \/>A2: Ela tem uma capacidade de carga at\u00e9 <strong data-start=\"4567\" data-end=\"4576\">500 kg<\/strong>, adequado para 3-4 passageiros.<\/p>\n<p data-start=\"4610\" data-end=\"4741\"><strong data-start=\"4610\" data-end=\"4666\">Q3: Posso personalizar a cor e o logotipo para minha ordem?<\/strong><br data-start=\"4666\" data-end=\"4669\" \/>A3: Sim, a personaliza\u00e7\u00e3o OEM est\u00e1 dispon\u00edvel para marcas e necessidades de mercado.<\/p>\n<p data-start=\"4743\" data-end=\"4893\"><strong data-start=\"4743\" data-end=\"4784\">Q4: Que tipo de bateria usa?<\/strong><br data-start=\"4784\" data-end=\"4787\" \/>A4: Normal <strong data-start=\"4800\" data-end=\"4848\">48V32Ah bateria ativada por \u00e1cido de chumbo ou \u00e1gua<\/strong>; atualiza\u00e7\u00e3o facultativa para 60V ou 72V dispon\u00edvel.<\/p>\n<p data-start=\"4895\" data-end=\"4980\"><strong data-start=\"4895\" data-end=\"4929\">Q5: Qual \u00e9 o tempo de carga?<\/strong><br data-start=\"4929\" data-end=\"4932\" \/>A5: Precisa <strong data-start=\"4945\" data-end=\"4959\">6-10 horas<\/strong> por uma carga completa.<\/p>","protected":false},"excerpt":{"rendered":"<p>O <strong data-start=\"326\" data-end=\"364\">Estilo de lazer M6 Triciclo el\u00e9trico<\/strong> \u00e9 um ve\u00edculo de passageiros moderno e ecol\u00f3gico projetado para viagens a curta dist\u00e2ncia, transporte urbano e viagens de lazer. Com um motor de 650W alimentado por uma bateria de 48V\/72V, este tuk el\u00e9trico fornece desempenho suave, emiss\u00f5es zero e alta efici\u00eancia de custo. O estilo de lazer M6 Electric Tricycle combina seguran\u00e7a, estilo e pr\u00e1tica, tornando-o uma excelente escolha para solu\u00e7\u00f5es de transporte urbano, turismo e mobilidade familiar.<\/p>","protected":false},"featured_media":4032,"comment_status":"open","ping_status":"closed","template":"","meta":[],"product_brand":[],"product_cat":[78],"product_tag":[],"class_list":{"0":"post-4022","1":"product","2":"type-product","3":"status-publish","4":"has-post-thumbnail","6":"product_cat-electric-tricycle","8":"first","9":"instock","10":"shipping-taxable","11":"product-type-simple"},"_links":{"self":[{"href":"https:\/\/www.tairuiauto.com\/pt\/wp-json\/wp\/v2\/product\/4022","targetHints":{"allow":["GET"]}}],"collection":[{"href":"https:\/\/www.tairuiauto.com\/pt\/wp-json\/wp\/v2\/product"}],"about":[{"href":"https:\/\/www.tairuiauto.com\/pt\/wp-json\/wp\/v2\/types\/product"}],"replies":[{"embeddable":true,"href":"https:\/\/www.tairuiauto.com\/pt\/wp-json\/wp\/v2\/comments?post=4022"}],"wp:featuredmedia":[{"embeddable":true,"href":"https:\/\/www.tairuiauto.com\/pt\/wp-json\/wp\/v2\/media\/4032"}],"wp:attachment":[{"href":"https:\/\/www.tairuiauto.com\/pt\/wp-json\/wp\/v2\/media?parent=4022"}],"wp:term":[{"taxonomy":"product_brand","embeddable":true,"href":"https:\/\/www.tairuiauto.com\/pt\/wp-json\/wp\/v2\/product_brand?post=4022"},{"taxonomy":"product_cat","embeddable":true,"href":"https:\/\/www.tairuiauto.com\/pt\/wp-json\/wp\/v2\/product_cat?post=4022"},{"taxonomy":"product_tag","embeddable":true,"href":"https:\/\/www.tairuiauto.com\/pt\/wp-json\/wp\/v2\/product_tag?post=4022"}],"curies":[{"name":"wp","href":"https:\/\/api.w.org\/{rel}","templated":true}]}}