{"id":4045,"date":"2025-10-17T09:43:24","date_gmt":"2025-10-17T01:43:24","guid":{"rendered":"https:\/\/www.tairuiauto.com\/?post_type=product&#038;p=4045"},"modified":"2025-10-16T09:16:01","modified_gmt":"2025-10-16T01:16:01","slug":"heavy-duty-electric-freight-tricycle","status":"publish","type":"product","link":"https:\/\/www.tairuiauto.com\/pt\/product\/heavy-duty-electric-freight-tricycle\/","title":{"rendered":"Triciclo de transporte el\u00e9trico de mercadorias com carga pesada"},"content":{"rendered":"<h2 data-start=\"215\" data-end=\"239\">Descri\u00e7\u00e3o do produto<\/h2>\n<p data-start=\"240\" data-end=\"909\">\u00a0Seu sistema de energia 60V\/72V e controlador de 24 tubos garantem efici\u00eancia consistente, enquanto o design personalizado o torna uma solu\u00e7\u00e3o adapt\u00e1vel para m\u00faltiplas ind\u00fastrias.<\/p>\n<table style=\"width: 80.6893%; height: 526px;\" width=\"720\">\n<tbody>\n<tr>\n<td width=\"265\">Modelo<\/td>\n<td width=\"455\">Tyrannosaurus Heavy Duty Electric Freight Tricycle<\/td>\n<\/tr>\n<tr>\n<td width=\"265\">Dimens\u00e3o global<\/td>\n<td width=\"455\">3345*1390*1490 mm<\/td>\n<\/tr>\n<tr>\n<td width=\"265\">Cargando Capacidade<\/td>\n<td width=\"455\">900-1000KG<\/td>\n<\/tr>\n<tr>\n<td width=\"265\">Pot\u00eancia motora hidr\u00e1ulica<\/td>\n<td width=\"455\">1500W<\/td>\n<\/tr>\n<tr>\n<td width=\"265\">Tens\u00e3o padr\u00e3o<\/td>\n<td width=\"455\">60V\/72V<\/td>\n<\/tr>\n<tr>\n<td width=\"265\">Controlador<\/td>\n<td width=\"455\">24 Tubos<\/td>\n<\/tr>\n<tr>\n<td width=\"265\">Modo de travagem<\/td>\n<td width=\"455\">Bateria anterior \u00b7 Bateria posterior<\/td>\n<\/tr>\n<tr>\n<td width=\"265\">Minimum ground clearance<\/td>\n<td width=\"455\">125<\/td>\n<\/tr>\n<tr>\n<td width=\"265\">Capacidade de Produ\u00e7\u00e3o<\/td>\n<td width=\"455\">200000set\/ano<\/td>\n<\/tr>\n<tr>\n<td width=\"265\">Tempo de carga<\/td>\n<td width=\"455\">8h<\/td>\n<\/tr>\n<tr>\n<td width=\"265\">Tiro Tt Front\/Rear<\/td>\n<td width=\"455\">rodas frontais 4.00-12; - rodas traseiras[UNK]4,50-12<\/td>\n<\/tr>\n<tr>\n<td width=\"265\">Escolha de Cores<\/td>\n<td width=\"455\">Personalizado<\/td>\n<\/tr>\n<tr>\n<td width=\"265\">Origem<\/td>\n<td width=\"455\">China<\/td>\n<\/tr>\n<tr>\n<td width=\"265\">Range Per Charge\/Km<\/td>\n<td width=\"455\">50km<\/td>\n<\/tr>\n<tr>\n<td width=\"265\">Velocidade m\u00e1xima Km\/H<\/td>\n<td width=\"455\">30-45km\/H<\/td>\n<\/tr>\n<tr>\n<td width=\"265\">Capacidade Climbing<\/td>\n<td width=\"455\">\u226420\u00b0<\/td>\n<\/tr>\n<\/tbody>\n<\/table>\n<p>&nbsp;<\/p>\n<hr data-start=\"911\" data-end=\"914\" \/>\n<h2 data-start=\"916\" data-end=\"939\">Key Selling Points<\/h2>\n<ol data-start=\"940\" data-end=\"1526\">\n<li data-start=\"940\" data-end=\"1073\">\n<p data-start=\"943\" data-end=\"1073\"><strong data-start=\"943\" data-end=\"965\">Alta capacidade de carga<\/strong> \u2013 Suporta 900-1000 kg de carga, tornando-a um dos triciclos de carga el\u00e9trica mais poderosos de sua classe.<\/p>\n<\/li>\n<li data-start=\"1074\" data-end=\"1224\">\n<p data-start=\"1077\" data-end=\"1224\"><strong data-start=\"1077\" data-end=\"1100\">Powertrain confi\u00e1vel<\/strong> \u2013 Equipado com um motor hidr\u00e1ulico de 1500W e controlador de 24 tubos para um forte desempenho em ambientes de entrega exigentes.<\/p>\n<\/li>\n<li data-start=\"1225\" data-end=\"1364\">\n<p data-start=\"1228\" data-end=\"1364\"><strong data-start=\"1228\" data-end=\"1259\">Sistema de bateria de longo prazo<\/strong> \u2013 Opera em um sistema de bateria de 60V\/72V, fornecendo at\u00e9 50 km de dist\u00e2ncia por carga com desempenho est\u00e1vel.<\/p>\n<\/li>\n<li data-start=\"1365\" data-end=\"1526\">\n<p data-start=\"1368\" data-end=\"1526\"><strong data-start=\"1368\" data-end=\"1401\">Personaliz\u00e1vel \u00e0s necessidades do mercado<\/strong> \u2013 Este tuk de entrega pesada est\u00e1 dispon\u00edvel em m\u00faltiplas cores e pode ser adaptado para diferentes aplica\u00e7\u00f5es de transporte de mercadorias.<\/p>\n<\/li>\n<\/ol>\n<p>&nbsp;<\/p>\n<hr data-start=\"1528\" data-end=\"1531\" \/>\n<h2 data-start=\"1533\" data-end=\"1564\">Avan\u00e7os de Diferencia\u00e7\u00e3o<\/h2>\n<ol data-start=\"1565\" data-end=\"2165\">\n<li data-start=\"1565\" data-end=\"1728\">\n<p data-start=\"1568\" data-end=\"1728\"><strong data-start=\"1568\" data-end=\"1599\">Durabilidade de Grau Industrial<\/strong> \u2013 Ao contr\u00e1rio de tricicletas de bateria ligeira, o Tiranosauro \u00e9 constru\u00eddo para carga pesada com um corpo de a \u00e7o refor\u00e7ado.<\/p>\n<\/li>\n<li data-start=\"1729\" data-end=\"1890\">\n<p data-start=\"1732\" data-end=\"1890\"><strong data-start=\"1732\" data-end=\"1760\">Alternativa ecol\u00f3gica<\/strong> \u2013 Fornece uma solu\u00e7\u00e3o de emiss\u00e3o zero para a log\u00edstica, substituindo os tuks tradicionais de diesel por um ve\u00edculo de carga el\u00e9trica limpo.<\/p>\n<\/li>\n<li data-start=\"1891\" data-end=\"2025\">\n<p data-start=\"1894\" data-end=\"2025\"><strong data-start=\"1894\" data-end=\"1921\">Seguran\u00e7a Superior de Braking<\/strong> \u2013 Funciona uma combina\u00e7\u00e3o de freios de tambor de frente e de tr\u00e1s para poder de paragem confi\u00e1vel sob cargas pesadas.<\/p>\n<\/li>\n<li data-start=\"2026\" data-end=\"2165\">\n<p data-start=\"2029\" data-end=\"2165\"><strong data-start=\"2029\" data-end=\"2052\">Modelo comprovado pelo mercado<\/strong> \u2013 Com uma capacidade de produ\u00e7\u00e3o anual de 200.000 unidades, esse triciclo de carga \u00e9 confiado por empresas em todo o mundo.<\/p>\n<\/li>\n<\/ol>\n<p data-start=\"2699\" data-end=\"2730\">\u00a0 \u00a0 \u00a0 \u00a0 \u00a0 \u00a0<img fetchpriority=\"high\" decoding=\"async\" class=\"alignnone wp-image-4049\" src=\"https:\/\/www.tairuiauto.com\/wp-content\/uploads\/2025\/10\/9b0445f4-bc39-4cf4-920c-eae8fc3e9150-300x169.webp\" alt=\"\" width=\"527\" height=\"297\" srcset=\"https:\/\/www.tairuiauto.com\/wp-content\/uploads\/2025\/10\/9b0445f4-bc39-4cf4-920c-eae8fc3e9150-300x169.webp 300w, https:\/\/www.tairuiauto.com\/wp-content\/uploads\/2025\/10\/9b0445f4-bc39-4cf4-920c-eae8fc3e9150-18x10.webp 18w, https:\/\/www.tairuiauto.com\/wp-content\/uploads\/2025\/10\/9b0445f4-bc39-4cf4-920c-eae8fc3e9150.webp 550w\" sizes=\"(max-width: 527px) 100vw, 527px\" \/>\u00a0 \u00a0 \u00a0 \u00a0 \u00a0 \u00a0 \u00a0 \u00a0 \u00a0 \u00a0 \u00a0 <img decoding=\"async\" class=\"alignnone size-medium wp-image-4047\" src=\"https:\/\/www.tairuiauto.com\/wp-content\/uploads\/2025\/10\/3c248dcc-8dbe-4a10-bec3-6dbf3994f894-300x300.webp\" alt=\"\" width=\"300\" height=\"300\" srcset=\"https:\/\/www.tairuiauto.com\/wp-content\/uploads\/2025\/10\/3c248dcc-8dbe-4a10-bec3-6dbf3994f894-300x300.webp 300w, https:\/\/www.tairuiauto.com\/wp-content\/uploads\/2025\/10\/3c248dcc-8dbe-4a10-bec3-6dbf3994f894-150x150.webp 150w, https:\/\/www.tairuiauto.com\/wp-content\/uploads\/2025\/10\/3c248dcc-8dbe-4a10-bec3-6dbf3994f894-12x12.webp 12w, https:\/\/www.tairuiauto.com\/wp-content\/uploads\/2025\/10\/3c248dcc-8dbe-4a10-bec3-6dbf3994f894-100x100.webp 100w, https:\/\/www.tairuiauto.com\/wp-content\/uploads\/2025\/10\/3c248dcc-8dbe-4a10-bec3-6dbf3994f894.webp 550w\" sizes=\"(max-width: 300px) 100vw, 300px\" \/><\/p>\n<hr data-start=\"2732\" data-end=\"2735\" \/>\n<h2 data-start=\"2737\" data-end=\"2762\">Par\u00e2metros T\u00e9cnicos<\/h2>\n<ul data-start=\"2763\" data-end=\"2967\">\n<li data-start=\"2763\" data-end=\"2790\">\n<p data-start=\"2765\" data-end=\"2790\">Condu\u00e7\u00e3o: Condu\u00e7\u00e3o da roda traseira<\/p>\n<\/li>\n<li data-start=\"2791\" data-end=\"2847\">\n<p data-start=\"2793\" data-end=\"2847\">Bateria: 60V\/72V, alta capacidade para maior resist\u00eancia<\/p>\n<\/li>\n<li data-start=\"2848\" data-end=\"2882\">\n<p data-start=\"2850\" data-end=\"2882\">Carga: At\u00e9 1000 kg de carga pesada<\/p>\n<\/li>\n<li data-start=\"2883\" data-end=\"2920\">\n<p data-start=\"2885\" data-end=\"2920\">Quadro: Estrutura de a\u00e7o refor\u00e7ada<\/p>\n<\/li>\n<li data-start=\"2921\" data-end=\"2967\">\n<p data-start=\"2923\" data-end=\"2967\">Suspens\u00e3o: Sistema hidr\u00e1ulico para estabilidade<\/p>\n<\/li>\n<\/ul>\n<hr data-start=\"2969\" data-end=\"2972\" \/>\n<h2 data-start=\"2974\" data-end=\"2987\">Material<\/h2>\n<ul data-start=\"2988\" data-end=\"3185\">\n<li data-start=\"2988\" data-end=\"3067\">\n<p data-start=\"2990\" data-end=\"3067\"><strong data-start=\"2990\" data-end=\"3009\">Chassis &amp; - Quadro<\/strong>: Aceiro refor\u00e7ado de alta for \u00e7a para suporte de carga pesada<\/p>\n<\/li>\n<li data-start=\"3068\" data-end=\"3137\">\n<p data-start=\"3070\" data-end=\"3137\"><strong data-start=\"3070\" data-end=\"3083\">Cargo Bed<\/strong>: Pan\u00e9is de a\u00e7o espessados com revestimento resistente \u00e0 ra\u00edz<\/p>\n<\/li>\n<li data-start=\"3138\" data-end=\"3185\">\n<p data-start=\"3140\" data-end=\"3185\"><strong data-start=\"3140\" data-end=\"3149\">pneus<\/strong>: Goma resistente ao uso pesado<\/p>\n<\/li>\n<\/ul>\n<hr data-start=\"3187\" data-end=\"3190\" \/>\n<h2 data-start=\"3192\" data-end=\"3207\">Apar\u00eancia<\/h2>\n<ul data-start=\"3208\" data-end=\"3342\">\n<li data-start=\"3208\" data-end=\"3271\">\n<p data-start=\"3210\" data-end=\"3271\">Design de tricicletas de carga com grande capacidade de cama de carga.<\/p>\n<\/li>\n<li data-start=\"3272\" data-end=\"3342\">\n<p data-start=\"3274\" data-end=\"3342\">Dispon\u00edvel em cores personalizadas para marca e coer\u00eancia da frota.<\/p>\n<\/li>\n<\/ul>\n<hr data-start=\"3344\" data-end=\"3347\" \/>\n<h2 data-start=\"3349\" data-end=\"3360\">Design<\/h2>\n<ul data-start=\"3361\" data-end=\"3549\">\n<li data-start=\"3361\" data-end=\"3468\">\n<p data-start=\"3363\" data-end=\"3468\">Optimizado para desempenho pesado enquanto mant\u00e9m manevrabilidade em ambientes urbanos e rurais.<\/p>\n<\/li>\n<li data-start=\"3469\" data-end=\"3549\">\n<p data-start=\"3471\" data-end=\"3549\">assento erg\u00f4nico e controles asseguram o conforto do condutor durante longas horas de trabalho.<\/p>\n<\/li>\n<\/ul>\n<hr data-start=\"3551\" data-end=\"3554\" \/>\n<h2 data-start=\"3556\" data-end=\"3578\">Adapta\u00e7\u00e3o OEM<\/h2>\n<ul data-start=\"3579\" data-end=\"3722\">\n<li data-start=\"3579\" data-end=\"3629\">\n<p data-start=\"3581\" data-end=\"3629\">Op\u00e7\u00f5es de cor personalizadas (azul, vermelho, verde, etc.).<\/p>\n<\/li>\n<li data-start=\"3630\" data-end=\"3669\">\n<p data-start=\"3632\" data-end=\"3669\">marca logol\u00f3gica para opera\u00e7\u00f5es da frota.<\/p>\n<\/li>\n<li data-start=\"3670\" data-end=\"3722\">\n<p data-start=\"3672\" data-end=\"3722\">Actualiza\u00e7\u00f5es da bateria dispon\u00edveis para quilogramas prolongados.<\/p>\n<\/li>\n<\/ul>\n<hr data-start=\"3724\" data-end=\"3727\" \/>\n<h2 data-start=\"3729\" data-end=\"3749\">Controlo da qualidade<\/h2>\n<ul data-start=\"3750\" data-end=\"3907\">\n<li data-start=\"3750\" data-end=\"3804\">\n<p data-start=\"3752\" data-end=\"3804\">Fabricado sob processos estritos certificados pela ISO.<\/p>\n<\/li>\n<li data-start=\"3805\" data-end=\"3848\">\n<p data-start=\"3807\" data-end=\"3848\">100% de testes de componentes antes da expedi\u00e7\u00e3o.<\/p>\n<\/li>\n<li data-start=\"3849\" data-end=\"3907\">\n<p data-start=\"3851\" data-end=\"3907\">Testes de carga e resist\u00eancia asseguram desempenho a longo prazo.<\/p>\n<\/li>\n<\/ul>\n<hr data-start=\"3909\" data-end=\"3912\" \/>\n<h2 data-start=\"3914\" data-end=\"3938\">Servi\u00e7o de Depois de Venda<\/h2>\n<ul data-start=\"3939\" data-end=\"4093\">\n<li data-start=\"3939\" data-end=\"4011\">\n<p data-start=\"3941\" data-end=\"4011\">Garantia de um ano sobre componentes chave: motor, controlador e bateria.<\/p>\n<\/li>\n<li data-start=\"4012\" data-end=\"4043\">\n<p data-start=\"4014\" data-end=\"4043\">Suporte global de pe\u00e7as de reposi\u00e7\u00e3o.<\/p>\n<\/li>\n<li data-start=\"4044\" data-end=\"4093\">\n<p data-start=\"4046\" data-end=\"4093\">Servi\u00e7o t\u00e9cnico dispon\u00edvel para compradores da frota.<\/p>\n<\/li>\n<\/ul>\n<hr data-start=\"4095\" data-end=\"4098\" \/>\n<h2 data-start=\"4100\" data-end=\"4123\">Campos de Aplica\u00e7\u00e3o<\/h2>\n<ul data-start=\"4124\" data-end=\"4273\">\n<li data-start=\"4124\" data-end=\"4160\">\n<p data-start=\"4126\" data-end=\"4160\">Log\u00edstica e entrega da \u00faltima milha<\/p>\n<\/li>\n<li data-start=\"4161\" data-end=\"4193\">\n<p data-start=\"4163\" data-end=\"4193\">Transporte de carga agr\u00edcola<\/p>\n<\/li>\n<li data-start=\"4194\" data-end=\"4238\">\n<p data-start=\"4196\" data-end=\"4238\">Transporte de locais industriais e de constru\u00e7\u00e3o<\/p>\n<\/li>\n<li data-start=\"4239\" data-end=\"4273\">\n<p data-start=\"4241\" data-end=\"4273\">Distribui\u00e7\u00e3o de alimentos e bebidas<\/p>\n<\/li>\n<\/ul>\n<hr data-start=\"4275\" data-end=\"4278\" \/>\n<h2 data-start=\"4280\" data-end=\"4300\">Op\u00e7\u00f5es de pagamento<\/h2>\n<ul data-start=\"4301\" data-end=\"4373\">\n<li data-start=\"4301\" data-end=\"4373\">\n<p data-start=\"4303\" data-end=\"4373\">T\/T, L\/C, Uni\u00e3o Ocidental, e solu\u00e7\u00f5es flex\u00edveis de financiamento dispon\u00edveis.<\/p>\n<\/li>\n<\/ul>\n<hr data-start=\"4375\" data-end=\"4378\" \/>\n<h2 data-start=\"4380\" data-end=\"4388\">FAQ<\/h2>\n<p data-start=\"4390\" data-end=\"4556\"><strong data-start=\"4390\" data-end=\"4480\">Q1: Qual \u00e9 a capacidade m\u00e1xima de carga do Tr\u00edciclo de Tr\u00edciclo de Tr\u00edciclo de Tr\u00edciclo de Tr\u00edciclo de Tr\u00edciclo de Tr\u00edciclo de Tr\u00edciclo de Tr\u00edciclo?<\/strong><br data-start=\"4480\" data-end=\"4483\" \/>A1: Pode transportar at\u00e9 900-1000 kg, ideal para transporte m\u00e9dio a pesado.<\/p>\n<p data-start=\"4558\" data-end=\"4693\"><strong data-start=\"4558\" data-end=\"4608\">Q2: Quanto tempo a bateria dura por carga?<\/strong><br data-start=\"4608\" data-end=\"4611\" \/>A2: A tricicleta operada pela bateria corre at\u00e9 50 km dependendo do terreno e carga.<\/p>\n<p data-start=\"4695\" data-end=\"4851\"><strong data-start=\"4695\" data-end=\"4770\">Q3: Este ve\u00edculo el\u00e9trico de carga pode ser personalizado para marcar a frota?<\/strong><br data-start=\"4770\" data-end=\"4773\" \/>A3: Sim, n\u00f3s fornecemos personaliza\u00e7\u00e3o OEM para cores, logos e especifica\u00e7\u00f5es.<\/p>\n<p data-start=\"4853\" data-end=\"4940\"><strong data-start=\"4853\" data-end=\"4889\">Q4: Quanto tempo leva a carga?<\/strong><br data-start=\"4889\" data-end=\"4892\" \/>A4: Uma carga completa leva aproximadamente 8 horas.<\/p>\n<p data-start=\"4942\" data-end=\"5036\"><strong data-start=\"4942\" data-end=\"4983\">Q5: \u00c9 adequado para terra montanha?<\/strong><br data-start=\"4983\" data-end=\"4986\" \/>A5: Sim, suporta at\u00e9 20\u00b0 de capacidade de subida.<\/p>","protected":false},"excerpt":{"rendered":"<p>O <strong data-start=\"244\" data-end=\"287\">Tyrannosaurus Heavy Duty Electric Freight Tricycle<\/strong> \u00e9 um robusto e pesado carregador de tr\u00eas rodas projetado para transporte de carga m\u00e9dio a grande. Com seu motor hidr\u00e1ulico de 1500W, quadro de a \u00e7o refor\u00e7ado e uma capacidade de carga de 900-1000kg, esse triciclo el\u00e9trico fornece desempenho excepcional para log\u00edstica industrial, agr\u00edcola e comercial. Designed for operators who require reliable hauling power, the Tyrannosaurus battery operated tricycle combines durability with eco-friendly technology. Seu sistema de energia 60V\/72V e controlador de 24 tubos garantem efici\u00eancia consistente, enquanto o design personalizado o torna uma solu\u00e7\u00e3o adapt\u00e1vel para m\u00faltiplas ind\u00fastrias.<\/p>","protected":false},"featured_media":4050,"comment_status":"open","ping_status":"closed","template":"","meta":[],"product_brand":[],"product_cat":[78],"product_tag":[],"class_list":{"0":"post-4045","1":"product","2":"type-product","3":"status-publish","4":"has-post-thumbnail","6":"product_cat-electric-tricycle","8":"first","9":"instock","10":"shipping-taxable","11":"product-type-simple"},"_links":{"self":[{"href":"https:\/\/www.tairuiauto.com\/pt\/wp-json\/wp\/v2\/product\/4045","targetHints":{"allow":["GET"]}}],"collection":[{"href":"https:\/\/www.tairuiauto.com\/pt\/wp-json\/wp\/v2\/product"}],"about":[{"href":"https:\/\/www.tairuiauto.com\/pt\/wp-json\/wp\/v2\/types\/product"}],"replies":[{"embeddable":true,"href":"https:\/\/www.tairuiauto.com\/pt\/wp-json\/wp\/v2\/comments?post=4045"}],"wp:featuredmedia":[{"embeddable":true,"href":"https:\/\/www.tairuiauto.com\/pt\/wp-json\/wp\/v2\/media\/4050"}],"wp:attachment":[{"href":"https:\/\/www.tairuiauto.com\/pt\/wp-json\/wp\/v2\/media?parent=4045"}],"wp:term":[{"taxonomy":"product_brand","embeddable":true,"href":"https:\/\/www.tairuiauto.com\/pt\/wp-json\/wp\/v2\/product_brand?post=4045"},{"taxonomy":"product_cat","embeddable":true,"href":"https:\/\/www.tairuiauto.com\/pt\/wp-json\/wp\/v2\/product_cat?post=4045"},{"taxonomy":"product_tag","embeddable":true,"href":"https:\/\/www.tairuiauto.com\/pt\/wp-json\/wp\/v2\/product_tag?post=4045"}],"curies":[{"name":"wp","href":"https:\/\/api.w.org\/{rel}","templated":true}]}}