{"id":4051,"date":"2025-10-18T09:38:20","date_gmt":"2025-10-18T01:38:20","guid":{"rendered":"https:\/\/www.tairuiauto.com\/?post_type=product&#038;p=4051"},"modified":"2025-10-16T09:25:15","modified_gmt":"2025-10-16T01:25:15","slug":"passenger-three-wheeler-ev","status":"publish","type":"product","link":"https:\/\/www.tairuiauto.com\/pt\/product\/passenger-three-wheeler-ev\/","title":{"rendered":"Passageiro Three Wheeler EV"},"content":{"rendered":"<h3 data-start=\"284\" data-end=\"309\">Descri\u00e7\u00e3o do produto<\/h3>\n<p data-start=\"310\" data-end=\"975\">Com capacidade de sentado para 5 passageiros, \u00e9 ideal para uso familiar, viagem comunit\u00e1ria, servi\u00e7os de compartilhamento de viagens, ou mesmo como alternativa a tuks tradicionais em mercados em desenvolvimento.<\/p>\n<table style=\"width: 78.2203%; height: 432px;\" width=\"618\">\n<tbody>\n<tr style=\"height: 24px;\">\n<td style=\"height: 24px;\" width=\"245\">Modelo<\/td>\n<td style=\"height: 24px;\" width=\"373\">WEIKA Passenger Three Wheeler EV<\/td>\n<\/tr>\n<tr style=\"height: 24px;\">\n<td style=\"height: 24px;\" width=\"245\">Tempo de carga<\/td>\n<td style=\"height: 24px;\" width=\"373\">8h<\/td>\n<\/tr>\n<tr style=\"height: 24px;\">\n<td style=\"height: 24px;\" width=\"245\">Tiro Tt Front\/Rear<\/td>\n<td style=\"height: 24px;\" width=\"373\">Primeiro 4.00-12 e depois 4.00-12<\/td>\n<\/tr>\n<tr style=\"height: 24px;\">\n<td style=\"height: 24px;\" width=\"245\">Escolha de Cores<\/td>\n<td style=\"height: 24px;\" width=\"373\">Personalizado<\/td>\n<\/tr>\n<tr style=\"height: 24px;\">\n<td style=\"height: 24px;\" width=\"245\">Marca comercial<\/td>\n<td style=\"height: 24px;\" width=\"373\">TECREK ou OEM<\/td>\n<\/tr>\n<tr style=\"height: 24px;\">\n<td style=\"height: 24px;\" width=\"245\">Origem<\/td>\n<td style=\"height: 24px;\" width=\"373\">China<\/td>\n<\/tr>\n<tr style=\"height: 24px;\">\n<td style=\"height: 24px;\" width=\"245\">Range Per Charge\/Km<\/td>\n<td style=\"height: 24px;\" width=\"373\">50km<\/td>\n<\/tr>\n<tr style=\"height: 24px;\">\n<td style=\"height: 24px;\" width=\"245\">Velocidade m\u00e1xima Km\/H<\/td>\n<td style=\"height: 24px;\" width=\"373\">30-40 km\/H<\/td>\n<\/tr>\n<tr style=\"height: 24px;\">\n<td style=\"height: 24px;\" width=\"245\">Glass<\/td>\n<td style=\"height: 24px;\" width=\"373\">vidro de m\u00e3o<\/td>\n<\/tr>\n<tr style=\"height: 24px;\">\n<td style=\"height: 24px;\" width=\"245\">Dimens\u00e3o global<\/td>\n<td style=\"height: 24px;\" width=\"373\">2350*1160*1670mm<\/td>\n<\/tr>\n<tr style=\"height: 24px;\">\n<td style=\"height: 24px;\" width=\"245\">Sedes<\/td>\n<td style=\"height: 24px;\" width=\"373\">5<\/td>\n<\/tr>\n<tr style=\"height: 24px;\">\n<td style=\"height: 24px;\" width=\"245\">Pot\u00eancia motora hidr\u00e1ulica<\/td>\n<td style=\"height: 24px;\" width=\"373\">800W<\/td>\n<\/tr>\n<tr style=\"height: 24px;\">\n<td style=\"height: 24px;\" width=\"245\">Tens\u00e3o padr\u00e3o<\/td>\n<td style=\"height: 24px;\" width=\"373\">48\/60V<\/td>\n<\/tr>\n<tr style=\"height: 24px;\">\n<td style=\"height: 24px;\" width=\"245\">Controlador<\/td>\n<td style=\"height: 24px;\" width=\"373\">36Tubo<\/td>\n<\/tr>\n<tr style=\"height: 24px;\">\n<td style=\"height: 24px;\" width=\"245\">Modo de travagem<\/td>\n<td style=\"height: 24px;\" width=\"373\">Anterior:tambor  Atr\u00e1s:Disco<\/td>\n<\/tr>\n<tr style=\"height: 24px;\">\n<td style=\"height: 24px;\" width=\"245\">Minimum ground clearance<\/td>\n<td style=\"height: 24px;\" width=\"373\">135<\/td>\n<\/tr>\n<tr style=\"height: 24px;\">\n<td style=\"height: 24px;\" width=\"245\">Capacidade de Produ\u00e7\u00e3o<\/td>\n<td style=\"height: 24px;\" width=\"373\">350,00cm * 150,00cm * 150,00cm<\/td>\n<\/tr>\n<tr style=\"height: 24px;\">\n<td style=\"height: 24px;\" width=\"245\">Peso bruto do pacote<\/td>\n<td style=\"height: 24px;\" width=\"373\">260.000kg<\/td>\n<\/tr>\n<\/tbody>\n<\/table>\n<hr data-start=\"977\" data-end=\"980\" \/>\n<h3 data-start=\"982\" data-end=\"1006\">Key Selling Points<\/h3>\n<ol data-start=\"1007\" data-end=\"1804\">\n<li data-start=\"1007\" data-end=\"1236\">\n<p data-start=\"1010\" data-end=\"1236\"><strong data-start=\"1010\" data-end=\"1041\">Mobilidade urbana ecol\u00f3gica<\/strong> \u2013 O Passager Three Wheeler EV reduz as emiss\u00f5es de carbono, oferecendo uma alternativa sustent\u00e1vel a motocicletas, scooters e tuks de gasolina. Perfeito para viagens da cidade e viagens de curta dist\u00e2ncia.<\/p>\n<\/li>\n<li data-start=\"1237\" data-end=\"1425\">\n<p data-start=\"1240\" data-end=\"1425\"><strong data-start=\"1240\" data-end=\"1271\">Capacidade espacial de passageiros<\/strong> \u2013 Designado com 5 lugares e uma cabina ergon\u00f4mica, este triciclo el\u00e9trico assegura viagens confort\u00e1veis para fam\u00edlias, passageiros ou servi\u00e7os de transporte local.<\/p>\n<\/li>\n<li data-start=\"1426\" data-end=\"1610\">\n<p data-start=\"1429\" data-end=\"1610\"><strong data-start=\"1429\" data-end=\"1467\">Performa\u00e7\u00e3o eficiente e confi\u00e1vel<\/strong> \u2013 Com um motor hidr\u00e1ulico de 800W e um controlador de 36 tubos, o trique el\u00e9trico WEIKA fornece energia suave, freio forte e intervalo confi\u00e1vel.<\/p>\n<\/li>\n<li data-start=\"1611\" data-end=\"1804\">\n<p data-start=\"1614\" data-end=\"1804\"><strong data-start=\"1614\" data-end=\"1648\">Acess\u00edvel e baixa manuten\u00e7\u00e3o<\/strong> \u2013 Em compara\u00e7\u00e3o com tr\u00eas rodas de combust\u00edvel, o Passager Three Wheeler EV oferece poupan\u00e7as de custo no combust\u00edvel, menos problemas mec\u00e2nicos e maior dura\u00e7\u00e3o de vida dos componentes.<\/p>\n<\/li>\n<\/ol>\n<p>&nbsp;<\/p>\n<hr data-start=\"1806\" data-end=\"1809\" \/>\n<h3 data-start=\"1811\" data-end=\"1842\">Avan\u00e7os Diferenciados<\/h3>\n<ol data-start=\"1843\" data-end=\"2574\">\n<li data-start=\"1843\" data-end=\"2023\">\n<p data-start=\"1846\" data-end=\"2023\"><strong data-start=\"1846\" data-end=\"1874\">Caracter\u00edsticas de seguran\u00e7a refor\u00e7adas<\/strong> \u2013 Equipado com um freio de tambor frontal e uma combina\u00e7\u00e3o de freio de disco de tr\u00e1s, este tuk el\u00e9trico fornece energia de parada confi\u00e1vel e seguran\u00e7a dos passageiros.<\/p>\n<\/li>\n<li data-start=\"2024\" data-end=\"2221\">\n<p data-start=\"2027\" data-end=\"2221\"><strong data-start=\"2027\" data-end=\"2051\">Op\u00e7\u00f5es personalizadas<\/strong> \u2013 O Passenger Three Wheeler EV apoia a personaliza\u00e7\u00e3o OEM\/ODM, incluindo cores, marca (TECREK ou OEM), e acess\u00f3rios, tornando-a flex\u00edvel para operadores comerciais.<\/p>\n<\/li>\n<li data-start=\"2222\" data-end=\"2379\">\n<p data-start=\"2225\" data-end=\"2379\"><strong data-start=\"2225\" data-end=\"2254\">Moderno Comforte e Design<\/strong> \u2013 Janelas de vidro de m\u00e3o, uma cabin a de metal completo e materiais resistentes ao tempo asseguram a utilizabilidade ao longo do ano em v\u00e1rios climas.<\/p>\n<\/li>\n<li data-start=\"2380\" data-end=\"2574\">\n<p data-start=\"2383\" data-end=\"2574\"><strong data-start=\"2383\" data-end=\"2410\">Alta qualidade de produ\u00e7\u00e3o<\/strong> \u2013 Com uma capacidade de produ\u00e7\u00e3o de 350.000 unidades por ano, cada trigo el\u00e9trico da WEIKA passa por inspec\u00e7\u00f5es de qualidade estritas, garantindo coer\u00eancia e confiabilidade.<\/p>\n<\/li>\n<\/ol>\n<p data-start=\"3003\" data-end=\"3048\"><img fetchpriority=\"high\" decoding=\"async\" class=\"alignnone size-medium wp-image-4055 aligncenter\" src=\"https:\/\/www.tairuiauto.com\/wp-content\/uploads\/2025\/10\/c15afa43-58c3-4205-8d58-f419c8d9d1ed-300x300.jpg\" alt=\"\" width=\"300\" height=\"300\" srcset=\"https:\/\/www.tairuiauto.com\/wp-content\/uploads\/2025\/10\/c15afa43-58c3-4205-8d58-f419c8d9d1ed-300x300.jpg 300w, https:\/\/www.tairuiauto.com\/wp-content\/uploads\/2025\/10\/c15afa43-58c3-4205-8d58-f419c8d9d1ed-1024x1024.jpg 1024w, https:\/\/www.tairuiauto.com\/wp-content\/uploads\/2025\/10\/c15afa43-58c3-4205-8d58-f419c8d9d1ed-150x150.jpg 150w, https:\/\/www.tairuiauto.com\/wp-content\/uploads\/2025\/10\/c15afa43-58c3-4205-8d58-f419c8d9d1ed-768x768.jpg 768w, https:\/\/www.tairuiauto.com\/wp-content\/uploads\/2025\/10\/c15afa43-58c3-4205-8d58-f419c8d9d1ed-1536x1536.jpg 1536w, https:\/\/www.tairuiauto.com\/wp-content\/uploads\/2025\/10\/c15afa43-58c3-4205-8d58-f419c8d9d1ed-2048x2048.jpg 2048w, https:\/\/www.tairuiauto.com\/wp-content\/uploads\/2025\/10\/c15afa43-58c3-4205-8d58-f419c8d9d1ed-12x12.jpg 12w, https:\/\/www.tairuiauto.com\/wp-content\/uploads\/2025\/10\/c15afa43-58c3-4205-8d58-f419c8d9d1ed-600x600.jpg 600w, https:\/\/www.tairuiauto.com\/wp-content\/uploads\/2025\/10\/c15afa43-58c3-4205-8d58-f419c8d9d1ed-100x100.jpg 100w\" sizes=\"(max-width: 300px) 100vw, 300px\" \/><\/p>\n<hr data-start=\"3050\" data-end=\"3053\" \/>\n<h3 data-start=\"3055\" data-end=\"3081\">Par\u00e2metros T\u00e9cnicos<\/h3>\n<ul data-start=\"3082\" data-end=\"3264\">\n<li data-start=\"3082\" data-end=\"3135\">\n<p data-start=\"3084\" data-end=\"3135\"><strong data-start=\"3084\" data-end=\"3105\">pneus de frente\/traseiro:<\/strong> Primeiro 4.00-12, Atr\u00e1s 4.00-12<\/p>\n<\/li>\n<li data-start=\"3136\" data-end=\"3164\">\n<p data-start=\"3138\" data-end=\"3164\"><strong data-start=\"3138\" data-end=\"3148\">Quadro:<\/strong> Chassis de a\u00e7o<\/p>\n<\/li>\n<li data-start=\"3165\" data-end=\"3198\">\n<p data-start=\"3167\" data-end=\"3198\"><strong data-start=\"3167\" data-end=\"3177\">Glass:<\/strong> Manos janelas de vidro<\/p>\n<\/li>\n<li data-start=\"3199\" data-end=\"3264\">\n<p data-start=\"3201\" data-end=\"3264\"><strong data-start=\"3201\" data-end=\"3218\">Fonte de energia:<\/strong> Bateria de \u00e1cido de chumbo ou l\u00edtio (personalizada)<\/p>\n<\/li>\n<\/ul>\n<hr data-start=\"3266\" data-end=\"3269\" \/>\n<h3 data-start=\"3271\" data-end=\"3286\">Materiales<\/h3>\n<ul data-start=\"3287\" data-end=\"3468\">\n<li data-start=\"3287\" data-end=\"3328\">\n<p data-start=\"3289\" data-end=\"3328\"><strong data-start=\"3289\" data-end=\"3298\">Corpo:<\/strong> Quadro corporal de a\u00e7o refor\u00e7ado<\/p>\n<\/li>\n<li data-start=\"3329\" data-end=\"3364\">\n<p data-start=\"3331\" data-end=\"3364\"><strong data-start=\"3331\" data-end=\"3343\">janelas:<\/strong> vidro de m\u00e3o duradouro<\/p>\n<\/li>\n<li data-start=\"3365\" data-end=\"3421\">\n<p data-start=\"3367\" data-end=\"3421\"><strong data-start=\"3367\" data-end=\"3377\">Sedes:<\/strong> Sedes erg\u00f4nicos de passageiros com cushioning<\/p>\n<\/li>\n<li data-start=\"3422\" data-end=\"3468\">\n<p data-start=\"3424\" data-end=\"3468\"><strong data-start=\"3424\" data-end=\"3434\">Pintura:<\/strong> Finaliza\u00e7\u00e3o de tinta ecol\u00f3gica resistente ao ruste<\/p>\n<\/li>\n<\/ul>\n<hr data-start=\"3470\" data-end=\"3473\" \/>\n<h3 data-start=\"3475\" data-end=\"3491\">Apar\u00eancia<\/h3>\n<ul data-start=\"3492\" data-end=\"3599\">\n<li data-start=\"3492\" data-end=\"3523\">\n<p data-start=\"3494\" data-end=\"3523\">Design compacto de cabina fechada<\/p>\n<\/li>\n<li data-start=\"3524\" data-end=\"3560\">\n<p data-start=\"3526\" data-end=\"3560\">O corpo branco dorme com corte negro<\/p>\n<\/li>\n<li data-start=\"3561\" data-end=\"3599\">\n<p data-start=\"3563\" data-end=\"3599\">Cores corporais personalizadas dispon\u00edveis<\/p>\n<\/li>\n<\/ul>\n<hr data-start=\"3601\" data-end=\"3604\" \/>\n<h3 data-start=\"3606\" data-end=\"3618\">Design<\/h3>\n<p data-start=\"3619\" data-end=\"3774\">O Passager Three Wheeler EV \u00e9 projetado para pr\u00e1tica e conforto, com uma cabin a fechada de passageiros, estrutura de a \u00e7o duradoura e uso eficiente do espa\u00e7o.<\/p>\n<hr data-start=\"3776\" data-end=\"3779\" \/>\n<h3 data-start=\"3781\" data-end=\"3804\">Adapta\u00e7\u00e3o OEM<\/h3>\n<p data-start=\"3805\" data-end=\"3835\">Apoia o OEM\/ODM, incluindo:<\/p>\n<ul data-start=\"3836\" data-end=\"3940\">\n<li data-start=\"3836\" data-end=\"3874\">\n<p data-start=\"3838\" data-end=\"3874\">Marca (TECREK ou logotipo do cliente)<\/p>\n<\/li>\n<li data-start=\"3875\" data-end=\"3904\">\n<p data-start=\"3877\" data-end=\"3904\">Pinta cores e termina<\/p>\n<\/li>\n<li data-start=\"3905\" data-end=\"3940\">\n<p data-start=\"3907\" data-end=\"3940\">Configura\u00e7\u00f5es opcionais da bateria<\/p>\n<\/li>\n<\/ul>\n<hr data-start=\"3942\" data-end=\"3945\" \/>\n<h3 data-start=\"3947\" data-end=\"3968\">Controlo da qualidade<\/h3>\n<ul data-start=\"3969\" data-end=\"4109\">\n<li data-start=\"3969\" data-end=\"4002\">\n<p data-start=\"3971\" data-end=\"4002\">Linha de produ\u00e7\u00e3o certificada ISO<\/p>\n<\/li>\n<li data-start=\"4003\" data-end=\"4045\">\n<p data-start=\"4005\" data-end=\"4045\">Inspec\u00e7\u00e3o em v\u00e1rios est\u00e1gios antes da navega\u00e7\u00e3o<\/p>\n<\/li>\n<li data-start=\"4046\" data-end=\"4109\">\n<p data-start=\"4048\" data-end=\"4109\">Produ\u00e7\u00e3o anual &gt; 350.000 unidades asseguram qualidade consistente<\/p>\n<\/li>\n<\/ul>\n<hr data-start=\"4111\" data-end=\"4114\" \/>\n<h3 data-start=\"4116\" data-end=\"4141\">Servi\u00e7o de Depois de Venda<\/h3>\n<ul data-start=\"4142\" data-end=\"4298\">\n<li data-start=\"4142\" data-end=\"4185\">\n<p data-start=\"4144\" data-end=\"4185\">Garantia de um ano em motores e controladores<\/p>\n<\/li>\n<li data-start=\"4186\" data-end=\"4217\">\n<p data-start=\"4188\" data-end=\"4217\">Garantia de seis meses na bateria<\/p>\n<\/li>\n<li data-start=\"4218\" data-end=\"4268\">\n<p data-start=\"4220\" data-end=\"4268\">24 horas por dia suporte ao cliente para assist\u00eancia t\u00e9cnica<\/p>\n<\/li>\n<li data-start=\"4269\" data-end=\"4298\">\n<p data-start=\"4271\" data-end=\"4298\">Fornecimento global de pe\u00e7as de reposi\u00e7\u00e3o<\/p>\n<\/li>\n<\/ul>\n<hr data-start=\"4300\" data-end=\"4303\" \/>\n<h3 data-start=\"4305\" data-end=\"4329\">Campos de Aplica\u00e7\u00e3o<\/h3>\n<ul data-start=\"4330\" data-end=\"4450\">\n<li data-start=\"4330\" data-end=\"4355\">\n<p data-start=\"4332\" data-end=\"4355\">Transporte familiar<\/p>\n<\/li>\n<li data-start=\"4356\" data-end=\"4389\">\n<p data-start=\"4358\" data-end=\"4389\">Servi\u00e7os de t\u00e1xi de passageiros urbanos<\/p>\n<\/li>\n<li data-start=\"4390\" data-end=\"4418\">\n<p data-start=\"4392\" data-end=\"4418\">Recurso ou nave de campus<\/p>\n<\/li>\n<li data-start=\"4419\" data-end=\"4450\">\n<p data-start=\"4421\" data-end=\"4450\">Uma cidade ecol\u00f3gica viajando<\/p>\n<\/li>\n<\/ul>\n<hr data-start=\"4452\" data-end=\"4455\" \/>\n<h3 data-start=\"4457\" data-end=\"4478\">M\u00e9todos de Pagamento<\/h3>\n<ul data-start=\"4479\" data-end=\"4563\">\n<li data-start=\"4479\" data-end=\"4500\">\n<p data-start=\"4481\" data-end=\"4500\">Transfer\u00eancia banc\u00e1ria T\/T<\/p>\n<\/li>\n<li data-start=\"4501\" data-end=\"4517\">\n<p data-start=\"4503\" data-end=\"4517\">L\/C \u00e0 vista<\/p>\n<\/li>\n<li data-start=\"4518\" data-end=\"4563\">\n<p data-start=\"4520\" data-end=\"4563\">Uni\u00e3o Ocidental \/ PayPal (por pequenas ordens)<\/p>\n<\/li>\n<\/ul>\n<hr data-start=\"4565\" data-end=\"4568\" \/>\n<h3 data-start=\"4570\" data-end=\"4579\">FAQ<\/h3>\n<p data-start=\"4581\" data-end=\"4740\"><strong data-start=\"4581\" data-end=\"4655\">Q1: Qual \u00e9 a gama do Passageiro Three Wheeler EV em uma carga completa?<\/strong><br data-start=\"4655\" data-end=\"4658\" \/>A1: Pode viajar at\u00e9 50 km por carga, dependendo das condi\u00e7\u00f5es rodovi\u00e1rias e da carga.<\/p>\n<p data-start=\"4742\" data-end=\"4894\"><strong data-start=\"4742\" data-end=\"4793\">Q2: Posso pedir cores e marcas personalizadas?<\/strong><br data-start=\"4793\" data-end=\"4796\" \/>A2: Sim, a personaliza\u00e7\u00e3o OEM e ODM est\u00e3o dispon\u00edveis, incluindo logos, cores corporais e acess\u00f3rios.<\/p>\n<p data-start=\"4896\" data-end=\"5025\"><strong data-start=\"4896\" data-end=\"4962\">Q3: Quantos passageiros o Passageiro Three Wheeler EV pode transportar?<\/strong><br data-start=\"4962\" data-end=\"4965\" \/>A3: \u00c9 projetado para sentar at\u00e9 5 passageiros confort\u00e1velmente.<\/p>\n<p data-start=\"5027\" data-end=\"5133\"><strong data-start=\"5027\" data-end=\"5076\">Q4: Quanto tempo demora a bateria para carregar?<\/strong><br data-start=\"5076\" data-end=\"5079\" \/>A4: O tempo padr\u00e3o de carga \u00e9 aproximadamente 8 horas.<\/p>\n<p data-start=\"5135\" data-end=\"5330\"><strong data-start=\"5135\" data-end=\"5208\">Q5: O que faz com que o Passageiro Three Wheeler EV seja melhor do que o tuk de combust\u00edvel?<\/strong><br data-start=\"5208\" data-end=\"5211\" \/>A5: \u00c9 ecol\u00f3gico, tem menores custos de funcionamento, requer menos manuten\u00e7\u00e3o, e oferece viagens tranquilas e confort\u00e1veis.<\/p>","protected":false},"excerpt":{"rendered":"<p>O <strong data-start=\"314\" data-end=\"341\">Passageiro Three Wheeler EV<\/strong> \u00e9 um passageiro moderno de tr\u00eas rodas projetado para um transporte urbano seguro, ecol\u00f3gico e eficaz em custo. Com um motor hidr\u00e1ulico de 800W com op\u00e7\u00f5es 48V\/60V, este triciclo oferece um desempenho confi\u00e1vel, uma velocidade m\u00e1xima de 30-40 km\/h e um intervalo de at\u00e9 50 km por carga. Constru\u00eddo com a \u00e7o de alta qualidade, janelas de vidro \u00e0 m\u00e3o e um forte chassis integrado, o Passager Three Wheeler EV fornece conforto, seguran\u00e7a e durabilidade de longa dura\u00e7\u00e3o. Com capacidade de sentado para 5 passageiros, \u00e9 ideal para uso familiar, viagem comunit\u00e1ria, servi\u00e7os de compartilhamento de viagens, ou mesmo como alternativa a tuks tradicionais em mercados em desenvolvimento.<\/p>","protected":false},"featured_media":4057,"comment_status":"open","ping_status":"closed","template":"","meta":[],"product_brand":[],"product_cat":[78],"product_tag":[],"class_list":{"0":"post-4051","1":"product","2":"type-product","3":"status-publish","4":"has-post-thumbnail","6":"product_cat-electric-tricycle","8":"first","9":"instock","10":"shipping-taxable","11":"product-type-simple"},"_links":{"self":[{"href":"https:\/\/www.tairuiauto.com\/pt\/wp-json\/wp\/v2\/product\/4051","targetHints":{"allow":["GET"]}}],"collection":[{"href":"https:\/\/www.tairuiauto.com\/pt\/wp-json\/wp\/v2\/product"}],"about":[{"href":"https:\/\/www.tairuiauto.com\/pt\/wp-json\/wp\/v2\/types\/product"}],"replies":[{"embeddable":true,"href":"https:\/\/www.tairuiauto.com\/pt\/wp-json\/wp\/v2\/comments?post=4051"}],"wp:featuredmedia":[{"embeddable":true,"href":"https:\/\/www.tairuiauto.com\/pt\/wp-json\/wp\/v2\/media\/4057"}],"wp:attachment":[{"href":"https:\/\/www.tairuiauto.com\/pt\/wp-json\/wp\/v2\/media?parent=4051"}],"wp:term":[{"taxonomy":"product_brand","embeddable":true,"href":"https:\/\/www.tairuiauto.com\/pt\/wp-json\/wp\/v2\/product_brand?post=4051"},{"taxonomy":"product_cat","embeddable":true,"href":"https:\/\/www.tairuiauto.com\/pt\/wp-json\/wp\/v2\/product_cat?post=4051"},{"taxonomy":"product_tag","embeddable":true,"href":"https:\/\/www.tairuiauto.com\/pt\/wp-json\/wp\/v2\/product_tag?post=4051"}],"curies":[{"name":"wp","href":"https:\/\/api.w.org\/{rel}","templated":true}]}}