{"id":4077,"date":"2025-10-20T14:49:53","date_gmt":"2025-10-20T06:49:53","guid":{"rendered":"https:\/\/www.tairuiauto.com\/?post_type=product&#038;p=4077"},"modified":"2025-10-20T11:59:56","modified_gmt":"2025-10-20T03:59:56","slug":"cargo-three-wheeler-ev-1-7m","status":"publish","type":"product","link":"https:\/\/www.tairuiauto.com\/pt\/product\/cargo-three-wheeler-ev-1-7m\/","title":{"rendered":"Cargo Three Wheeler EV 1,7 m"},"content":{"rendered":"<h3 data-start=\"312\" data-end=\"337\">Descri\u00e7\u00e3o do produto<\/h3>\n<p data-start=\"338\" data-end=\"967\">\u00a0Designed with commercial operators in mind, the WEIBA 1.7 combines power, efficiency, and cost savings.<\/p>\n<table style=\"width: 71.5663%; height: 603px;\" width=\"747\">\n<tbody>\n<tr>\n<td width=\"358\">Modelo<\/td>\n<td width=\"389\">WEIBA 1.7 Cargo Three Wheeler EV<\/td>\n<\/tr>\n<tr>\n<td width=\"358\">Tempo de carga<\/td>\n<td width=\"389\">8h<\/td>\n<\/tr>\n<tr>\n<td width=\"358\">Tiro Tt Front\/Rear<\/td>\n<td width=\"389\">rodas frontais 4.00-12; - rodas traseiras[UNK]4,50-12<\/td>\n<\/tr>\n<tr>\n<td width=\"358\">Escolha de Cores<\/td>\n<td width=\"389\">Personalizado<\/td>\n<\/tr>\n<tr>\n<td width=\"358\">Marca comercial<\/td>\n<td width=\"389\">TECREK ou OEM<\/td>\n<\/tr>\n<tr>\n<td width=\"358\">Origem<\/td>\n<td width=\"389\">China<\/td>\n<\/tr>\n<tr>\n<td width=\"358\">Range Per Charge\/Km<\/td>\n<td width=\"389\">50km<\/td>\n<\/tr>\n<tr>\n<td width=\"358\">Velocidade m\u00e1xima Km\/H<\/td>\n<td width=\"389\">52km\/H<\/td>\n<\/tr>\n<tr>\n<td width=\"358\">Capacidade Climbing<\/td>\n<td width=\"389\">\u226430\u00b0<\/td>\n<\/tr>\n<tr>\n<td width=\"358\">Dimens\u00e3o global<\/td>\n<td width=\"389\">3360X1380X1425MM<\/td>\n<\/tr>\n<tr>\n<td width=\"358\">Cargando Capacidade<\/td>\n<td width=\"389\">200KG<\/td>\n<\/tr>\n<tr>\n<td width=\"358\">Pot\u00eancia motora hidr\u00e1ulica<\/td>\n<td width=\"389\">1500W<\/td>\n<\/tr>\n<tr>\n<td width=\"358\">Tens\u00e3o padr\u00e3o<\/td>\n<td width=\"389\">60V\/72V<\/td>\n<\/tr>\n<tr>\n<td width=\"358\">Controlador<\/td>\n<td width=\"389\">24 Tubos<\/td>\n<\/tr>\n<tr>\n<td width=\"358\">Modo de travagem<\/td>\n<td width=\"389\">Bateria anterior \u00b7 Bateria posterior<\/td>\n<\/tr>\n<tr>\n<td width=\"358\">Minimum ground clearance<\/td>\n<td width=\"389\">135<\/td>\n<\/tr>\n<tr>\n<td width=\"358\">Capacidade de Produ\u00e7\u00e3o<\/td>\n<td width=\"389\">100000 conjuntos\/ano<\/td>\n<\/tr>\n<tr>\n<td width=\"358\">Especifica\u00e7\u00e3o<\/td>\n<td width=\"389\">1800*1300mm<\/td>\n<\/tr>\n<tr>\n<td width=\"358\">Tamanho do Paquete<\/td>\n<td width=\"389\">320cm * 120cm * 140cm<\/td>\n<\/tr>\n<tr>\n<td width=\"358\">Peso bruto do pacote<\/td>\n<td width=\"389\">260kg<\/td>\n<\/tr>\n<\/tbody>\n<\/table>\n<hr data-start=\"969\" data-end=\"972\" \/>\n<h3 data-start=\"974\" data-end=\"998\">Key Selling Points<\/h3>\n<ol data-start=\"999\" data-end=\"1687\">\n<li data-start=\"999\" data-end=\"1186\">\n<p data-start=\"1002\" data-end=\"1186\"><strong data-start=\"1002\" data-end=\"1027\">Alta capacidade de carga<\/strong> \u2013 Com um <strong data-start=\"1037\" data-end=\"1063\">capacidade de carga de 200KG<\/strong>o triciclo de carga el\u00e9trica WEIBA 1.7 pode facilmente transportar mercadorias em massa, produtos agr\u00edcolas ou materiais de constru\u00e7\u00e3o.<\/p>\n<\/li>\n<li data-start=\"1187\" data-end=\"1342\">\n<p data-start=\"1190\" data-end=\"1342\"><strong data-start=\"1190\" data-end=\"1218\">Motor de Performance Forte<\/strong> \u2013 Um motor hidr\u00e1ulico de 1500W com tens\u00e3o de 60V\/72V garante uma alimenta\u00e7\u00e3o consistente, seja em estradas planas ou subindo.<\/p>\n<\/li>\n<li data-start=\"1343\" data-end=\"1506\">\n<p data-start=\"1346\" data-end=\"1506\"><strong data-start=\"1346\" data-end=\"1378\">ecol\u00f3gico e poupan\u00e7a de custos<\/strong> \u2013 Ao contr\u00e1rio de cami\u00f5es e motocicletas baseados em combust\u00edvel, esse trigo el\u00e9trico de carga reduz as emiss\u00f5es e baixa os custos di\u00e1rios de funcionamento.<\/p>\n<\/li>\n<li data-start=\"1507\" data-end=\"1687\">\n<p data-start=\"1510\" data-end=\"1687\"><strong data-start=\"1510\" data-end=\"1547\">Fi\u00e1vel para o Transporte Com\u00e9rcio<\/strong> \u2013 Constru\u00eddo para empresas log\u00edsticas, agricultores, grossistas e empresas locais de entrega que requerem uma solu\u00e7\u00e3o de transporte s\u00f3lida e eficiente.<\/p>\n<\/li>\n<\/ol>\n<hr data-start=\"1689\" data-end=\"1692\" \/>\n<h3 data-start=\"1694\" data-end=\"1725\">Avan\u00e7os Diferenciados<\/h3>\n<ol data-start=\"1726\" data-end=\"2346\">\n<li data-start=\"1726\" data-end=\"1864\">\n<p data-start=\"1729\" data-end=\"1864\"><strong data-start=\"1729\" data-end=\"1756\">Superior Climbing Power<\/strong> \u2013 O WEIBA 1.7 maneja inclina\u00e7\u00f5es de at\u00e9 30\u00b0, superando triciclos el\u00e9tricos padr\u00e3o em terreno rugged.<\/p>\n<\/li>\n<li data-start=\"1865\" data-end=\"2022\">\n<p data-start=\"1868\" data-end=\"2022\"><strong data-start=\"1868\" data-end=\"1893\">Durabilidade refor\u00e7ada<\/strong> \u2013 Com um chassis de a \u00e7o, controlador de 24 tubos, e suspens\u00e3o de classe industrial, este tuk de carga \u00e9 projetado para uso a longo prazo.<\/p>\n<\/li>\n<li data-start=\"2023\" data-end=\"2185\">\n<p data-start=\"2026\" data-end=\"2185\"><strong data-start=\"2026\" data-end=\"2052\">Adapta\u00e7\u00e3o Flex\u00edvel<\/strong> \u2013 Dispon\u00edvel com marca OEM\/ODM, op\u00e7\u00f5es de cores m\u00faltiplas e atualiza\u00e7\u00f5es de componentes, o WEIBA 1.7 se adapta \u00e0s diversas necessidades de neg\u00f3cios.<\/p>\n<\/li>\n<li data-start=\"2186\" data-end=\"2346\">\n<p data-start=\"2189\" data-end=\"2346\"><strong data-start=\"2189\" data-end=\"2219\">Capacidade de produ\u00e7\u00e3o em massa<\/strong> \u2013 Com uma capacidade de produ\u00e7\u00e3o anual de <strong data-start=\"2260\" data-end=\"2276\">100.000 conjuntos<\/strong>os compradores beneficiam de fornecimento consistente e qualidade garantida do produto.<\/p>\n<\/li>\n<\/ol>\n<p><img fetchpriority=\"high\" decoding=\"async\" class=\"wp-image-4082 aligncenter\" src=\"https:\/\/www.tairuiauto.com\/wp-content\/uploads\/2025\/10\/749154bb-bb36-4cec-bdde-9de1b7fa99cf-300x300.jpg\" alt=\"\" width=\"383\" height=\"383\" srcset=\"https:\/\/www.tairuiauto.com\/wp-content\/uploads\/2025\/10\/749154bb-bb36-4cec-bdde-9de1b7fa99cf-300x300.jpg 300w, https:\/\/www.tairuiauto.com\/wp-content\/uploads\/2025\/10\/749154bb-bb36-4cec-bdde-9de1b7fa99cf-1024x1024.jpg 1024w, https:\/\/www.tairuiauto.com\/wp-content\/uploads\/2025\/10\/749154bb-bb36-4cec-bdde-9de1b7fa99cf-150x150.jpg 150w, https:\/\/www.tairuiauto.com\/wp-content\/uploads\/2025\/10\/749154bb-bb36-4cec-bdde-9de1b7fa99cf-768x768.jpg 768w, https:\/\/www.tairuiauto.com\/wp-content\/uploads\/2025\/10\/749154bb-bb36-4cec-bdde-9de1b7fa99cf-1536x1536.jpg 1536w, https:\/\/www.tairuiauto.com\/wp-content\/uploads\/2025\/10\/749154bb-bb36-4cec-bdde-9de1b7fa99cf-2048x2048.jpg 2048w, https:\/\/www.tairuiauto.com\/wp-content\/uploads\/2025\/10\/749154bb-bb36-4cec-bdde-9de1b7fa99cf-12x12.jpg 12w, https:\/\/www.tairuiauto.com\/wp-content\/uploads\/2025\/10\/749154bb-bb36-4cec-bdde-9de1b7fa99cf-600x600.jpg 600w, https:\/\/www.tairuiauto.com\/wp-content\/uploads\/2025\/10\/749154bb-bb36-4cec-bdde-9de1b7fa99cf-100x100.jpg 100w\" sizes=\"(max-width: 383px) 100vw, 383px\" \/><\/p>\n<hr data-start=\"2775\" data-end=\"2778\" \/>\n<h3 data-start=\"2780\" data-end=\"2806\">Par\u00e2metros T\u00e9cnicos<\/h3>\n<ul data-start=\"2807\" data-end=\"3033\">\n<li data-start=\"2807\" data-end=\"2853\">\n<p data-start=\"2809\" data-end=\"2853\"><strong data-start=\"2809\" data-end=\"2828\">Sistema de travagem:<\/strong> Bateria anterior<\/p>\n<\/li>\n<li data-start=\"2854\" data-end=\"2897\">\n<p data-start=\"2856\" data-end=\"2897\"><strong data-start=\"2856\" data-end=\"2866\">pneus:<\/strong> Anterior 4.00-12 \/ Atr\u00e1s 4.50-12<\/p>\n<\/li>\n<li data-start=\"2898\" data-end=\"2930\">\n<p data-start=\"2900\" data-end=\"2930\"><strong data-start=\"2900\" data-end=\"2921\">Clearance terrestre:<\/strong> 135 mm<\/p>\n<\/li>\n<li data-start=\"2931\" data-end=\"2963\">\n<p data-start=\"2933\" data-end=\"2963\"><strong data-start=\"2933\" data-end=\"2945\">Bateria:<\/strong> op\u00e7\u00f5es 60V\/72V<\/p>\n<\/li>\n<li data-start=\"2964\" data-end=\"3004\">\n<p data-start=\"2966\" data-end=\"3004\"><strong data-start=\"2966\" data-end=\"2983\">Tamanho do Paquete:<\/strong> 320 \u00d7 120 \u00d7 140 cm<\/p>\n<\/li>\n<li data-start=\"3005\" data-end=\"3033\">\n<p data-start=\"3007\" data-end=\"3033\"><strong data-start=\"3007\" data-end=\"3024\">Peso bruto:<\/strong> 260 kg<\/p>\n<\/li>\n<\/ul>\n<hr data-start=\"3035\" data-end=\"3038\" \/>\n<h3 data-start=\"3040\" data-end=\"3055\">Materiales<\/h3>\n<ul data-start=\"3056\" data-end=\"3199\">\n<li data-start=\"3056\" data-end=\"3089\">\n<p data-start=\"3058\" data-end=\"3089\"><strong data-start=\"3058\" data-end=\"3070\">Chassis:<\/strong> Acero pesado<\/p>\n<\/li>\n<li data-start=\"3090\" data-end=\"3155\">\n<p data-start=\"3092\" data-end=\"3155\"><strong data-start=\"3092\" data-end=\"3106\">Cargo Bed:<\/strong> Plataforma metal refor\u00e7ada para m\u00e1xima for \u00e7a<\/p>\n<\/li>\n<li data-start=\"3156\" data-end=\"3199\">\n<p data-start=\"3158\" data-end=\"3199\"><strong data-start=\"3158\" data-end=\"3168\">Pintura:<\/strong> Captura industrial anti-rust<\/p>\n<\/li>\n<\/ul>\n<hr data-start=\"3201\" data-end=\"3204\" \/>\n<h3 data-start=\"3206\" data-end=\"3222\">Apar\u00eancia<\/h3>\n<ul data-start=\"3223\" data-end=\"3341\">\n<li data-start=\"3223\" data-end=\"3252\">\n<p data-start=\"3225\" data-end=\"3252\">Desenvolvimento industrial<\/p>\n<\/li>\n<li data-start=\"3253\" data-end=\"3289\">\n<p data-start=\"3255\" data-end=\"3289\">Dispon\u00edvel em cores personalizadas<\/p>\n<\/li>\n<li data-start=\"3290\" data-end=\"3341\">\n<p data-start=\"3292\" data-end=\"3341\">A cama de carga pr\u00e1tica adequada para o transporte de mercadorias variadas<\/p>\n<\/li>\n<\/ul>\n<hr data-start=\"3343\" data-end=\"3346\" \/>\n<h3 data-start=\"3348\" data-end=\"3360\">Design<\/h3>\n<p data-start=\"3361\" data-end=\"3483\">Cabana erg\u00f4nica de condutor com barras de manejo duradouras e estrutura refor\u00e7ada de caixa de carga para a confiabilidade do transporte de longa dist\u00e2ncia.<\/p>\n<hr data-start=\"3485\" data-end=\"3488\" \/>\n<h3 data-start=\"3490\" data-end=\"3513\">Adapta\u00e7\u00e3o OEM<\/h3>\n<ul data-start=\"3514\" data-end=\"3603\">\n<li data-start=\"3514\" data-end=\"3546\">\n<p data-start=\"3516\" data-end=\"3546\">Marca: logotipo TECREK ou OEM<\/p>\n<\/li>\n<li data-start=\"3547\" data-end=\"3575\">\n<p data-start=\"3549\" data-end=\"3575\">Cores corporais e termina<\/p>\n<\/li>\n<li data-start=\"3576\" data-end=\"3603\">\n<p data-start=\"3578\" data-end=\"3603\">Adapta\u00e7\u00e3o da cama de carga<\/p>\n<\/li>\n<\/ul>\n<hr data-start=\"3605\" data-end=\"3608\" \/>\n<h3 data-start=\"3610\" data-end=\"3631\">Controlo da qualidade<\/h3>\n<ul data-start=\"3632\" data-end=\"3761\">\n<li data-start=\"3632\" data-end=\"3668\">\n<p data-start=\"3634\" data-end=\"3668\">Produ\u00e7\u00e3o f\u00e1brica certificada ISO<\/p>\n<\/li>\n<li data-start=\"3669\" data-end=\"3711\">\n<p data-start=\"3671\" data-end=\"3711\">Inspec\u00e7\u00e3o multiponto antes da expedi\u00e7\u00e3o<\/p>\n<\/li>\n<li data-start=\"3712\" data-end=\"3761\">\n<p data-start=\"3714\" data-end=\"3761\">Consistencia assegurada com capacidade de alto volume<\/p>\n<\/li>\n<\/ul>\n<hr data-start=\"3763\" data-end=\"3766\" \/>\n<h3 data-start=\"3768\" data-end=\"3793\">Servi\u00e7o de Depois de Venda<\/h3>\n<ul data-start=\"3794\" data-end=\"3933\">\n<li data-start=\"3794\" data-end=\"3837\">\n<p data-start=\"3796\" data-end=\"3837\">Garantia de um ano em motores e controladores<\/p>\n<\/li>\n<li data-start=\"3838\" data-end=\"3866\">\n<p data-start=\"3840\" data-end=\"3866\">Garantia de 6 meses de bateria<\/p>\n<\/li>\n<li data-start=\"3867\" data-end=\"3897\">\n<p data-start=\"3869\" data-end=\"3897\">Suporte global de pe\u00e7as de reposi\u00e7\u00e3o<\/p>\n<\/li>\n<li data-start=\"3898\" data-end=\"3933\">\n<p data-start=\"3900\" data-end=\"3933\">Servi\u00e7os de consulta t\u00e9cnica<\/p>\n<\/li>\n<\/ul>\n<hr data-start=\"3935\" data-end=\"3938\" \/>\n<h3 data-start=\"3940\" data-end=\"3964\">Campos de Aplica\u00e7\u00e3o<\/h3>\n<ul data-start=\"3965\" data-end=\"4116\">\n<li data-start=\"3965\" data-end=\"4000\">\n<p data-start=\"3967\" data-end=\"4000\">Transporte de carga urbano e rural<\/p>\n<\/li>\n<li data-start=\"4001\" data-end=\"4034\">\n<p data-start=\"4003\" data-end=\"4034\">Entrega de produtos agr\u00edcolas<\/p>\n<\/li>\n<li data-start=\"4035\" data-end=\"4071\">\n<p data-start=\"4037\" data-end=\"4071\">Log\u00edstica de distribui\u00e7\u00e3o por grosso<\/p>\n<\/li>\n<li data-start=\"4072\" data-end=\"4116\">\n<p data-start=\"4074\" data-end=\"4116\">Constru\u00e7\u00e3o e cadeia de abastecimento industrial<\/p>\n<\/li>\n<\/ul>\n<hr data-start=\"4118\" data-end=\"4121\" \/>\n<h3 data-start=\"4123\" data-end=\"4144\">M\u00e9todos de Pagamento<\/h3>\n<ul data-start=\"4145\" data-end=\"4234\">\n<li data-start=\"4145\" data-end=\"4166\">\n<p data-start=\"4147\" data-end=\"4166\">Transfer\u00eancia banc\u00e1ria T\/T<\/p>\n<\/li>\n<li data-start=\"4167\" data-end=\"4183\">\n<p data-start=\"4169\" data-end=\"4183\">L\/C \u00e0 vista<\/p>\n<\/li>\n<li data-start=\"4184\" data-end=\"4234\">\n<p data-start=\"4186\" data-end=\"4234\">Uni\u00e3o Ocidental \/ PayPal (pequenas ordens de quantidade)<\/p>\n<\/li>\n<\/ul>\n<hr data-start=\"4236\" data-end=\"4239\" \/>\n<h3 data-start=\"4241\" data-end=\"4250\">FAQ<\/h3>\n<p data-start=\"4252\" data-end=\"4409\"><strong data-start=\"4252\" data-end=\"4337\">Q1: Qual \u00e9 a capacidade m\u00e1xima de carga do Cargo Three Wheeler EV 1,7 m?<\/strong><br data-start=\"4337\" data-end=\"4340\" \/>A1: Ele suporta at\u00e9 200 KG, tornando-o ideal para carga comercial.<\/p>\n<p data-start=\"4411\" data-end=\"4533\"><strong data-start=\"4411\" data-end=\"4460\">Q2: Quanto longe pode viajar com uma \u00fanica carga?<\/strong><br data-start=\"4460\" data-end=\"4463\" \/>A2: A dist\u00e2ncia \u00e9 aproximadamente de 50 km, dependendo do terreno e carga.<\/p>\n<p data-start=\"4535\" data-end=\"4638\"><strong data-start=\"4535\" data-end=\"4576\">Q3: Posso pedir com minha pr\u00f3pria marca?<\/strong><br data-start=\"4576\" data-end=\"4579\" \/>A3: Sim, op\u00e7\u00f5es de personaliza\u00e7\u00e3o OEM e ODM est\u00e3o dispon\u00edveis.<\/p>\n<p data-start=\"4640\" data-end=\"4726\"><strong data-start=\"4640\" data-end=\"4676\">Q4: Quanto tempo leva a carga?<\/strong><br data-start=\"4676\" data-end=\"4679\" \/>A4: O tempo padr\u00e3o de carga \u00e9 de cerca de 8 horas.<\/p>\n<p data-start=\"4728\" data-end=\"4903\"><strong data-start=\"4728\" data-end=\"4806\">Q5: Por que escolher o WEIBA 1.7 em vez de um triciclo tradicional de carga de combust\u00edvel?<\/strong><br data-start=\"4806\" data-end=\"4809\" \/>A5: Ele reduz os custos de combust\u00edvel, baixa as emiss\u00f5es, requer menos manuten\u00e7\u00e3o e \u00e9 ecol\u00f3gico.<\/p>","protected":false},"excerpt":{"rendered":"<p>O <strong data-start=\"342\" data-end=\"381\">Cargo Three Wheeler EV 1,7 m<\/strong> \u00e9 um carro de tr\u00eas rodas de alta capacidade e pesado constru\u00eddo para um transporte eficiente de mercadorias em ambientes urbanos e semiurbanos. Com um motor poderoso de 1500W, um chassis de a \u00e7o refor\u00e7ado e uma capacidade de carga impressionante de 200KG, este tricicleta \u00e9 projetado para durabilidade e confiabilidade. Ela fornece uma velocidade m\u00e1xima de 52 km\/h, uma capacidade m\u00e1xima de subida de 30\u00b0, e uma gama de 50 km por carga, tornando-a a alternativa ecol\u00f3gica perfeita aos ve\u00edculos de carga tradicionais alimentados com combust\u00edvel. Designed with commercial operators in mind, the WEIBA 1.7 combines power, efficiency, and cost savings.<\/p>","protected":false},"featured_media":4086,"comment_status":"open","ping_status":"closed","template":"","meta":[],"product_brand":[],"product_cat":[78],"product_tag":[],"class_list":{"0":"post-4077","1":"product","2":"type-product","3":"status-publish","4":"has-post-thumbnail","6":"product_cat-electric-tricycle","8":"first","9":"instock","10":"shipping-taxable","11":"product-type-simple"},"_links":{"self":[{"href":"https:\/\/www.tairuiauto.com\/pt\/wp-json\/wp\/v2\/product\/4077","targetHints":{"allow":["GET"]}}],"collection":[{"href":"https:\/\/www.tairuiauto.com\/pt\/wp-json\/wp\/v2\/product"}],"about":[{"href":"https:\/\/www.tairuiauto.com\/pt\/wp-json\/wp\/v2\/types\/product"}],"replies":[{"embeddable":true,"href":"https:\/\/www.tairuiauto.com\/pt\/wp-json\/wp\/v2\/comments?post=4077"}],"wp:featuredmedia":[{"embeddable":true,"href":"https:\/\/www.tairuiauto.com\/pt\/wp-json\/wp\/v2\/media\/4086"}],"wp:attachment":[{"href":"https:\/\/www.tairuiauto.com\/pt\/wp-json\/wp\/v2\/media?parent=4077"}],"wp:term":[{"taxonomy":"product_brand","embeddable":true,"href":"https:\/\/www.tairuiauto.com\/pt\/wp-json\/wp\/v2\/product_brand?post=4077"},{"taxonomy":"product_cat","embeddable":true,"href":"https:\/\/www.tairuiauto.com\/pt\/wp-json\/wp\/v2\/product_cat?post=4077"},{"taxonomy":"product_tag","embeddable":true,"href":"https:\/\/www.tairuiauto.com\/pt\/wp-json\/wp\/v2\/product_tag?post=4077"}],"curies":[{"name":"wp","href":"https:\/\/api.w.org\/{rel}","templated":true}]}}