{"id":4091,"date":"2025-10-21T10:09:37","date_gmt":"2025-10-21T02:09:37","guid":{"rendered":"https:\/\/www.tairuiauto.com\/?post_type=product&#038;p=4091"},"modified":"2025-10-20T10:44:02","modified_gmt":"2025-10-20T02:44:02","slug":"commercial-three-wheeler-ev-transport","status":"publish","type":"product","link":"https:\/\/www.tairuiauto.com\/pt\/product\/commercial-three-wheeler-ev-transport\/","title":{"rendered":"Transporte comercial de EV Three Wheeler"},"content":{"rendered":"<h3 data-start=\"387\" data-end=\"412\">Descri\u00e7\u00e3o do produto<\/h3>\n<p data-start=\"933\" data-end=\"1184\">Oferecendo at\u00e9 <strong data-start=\"948\" data-end=\"974\">intervalo de 50 km por carga<\/strong>o Commercial Three Wheeler EV Transport reduz os custos operacionais, aumentando a efici\u00eancia das opera\u00e7\u00f5es di\u00e1rias de transporte. Constru\u00eddo sob a marca TECREK ou OEM, assegura a confiabilidade e flexibilidade de personaliza\u00e7\u00e3o.<\/p>\n<table style=\"border-collapse: collapse; width: 65.2098%; height: 508px;\" border=\"0\" width=\"715\" cellspacing=\"0\" cellpadding=\"0\">\n<tbody>\n<tr style=\"height: 20.00pt;\">\n<td class=\"et4\" style=\"height: 20.00pt; width: 186.60pt;\" width=\"311\" height=\"33\">Modelo<\/td>\n<td class=\"et4\" style=\"width: 242.40pt;\" width=\"404\">KAIMA Commercial Three Wheeler EV<\/td>\n<\/tr>\n<tr style=\"height: 20.00pt;\">\n<td class=\"et5\" style=\"height: 20.00pt; width: 186.60pt;\" width=\"311\" height=\"33\">Tempo de carga<\/td>\n<td class=\"et5\" style=\"width: 242.40pt;\" width=\"404\">8h<\/td>\n<\/tr>\n<tr style=\"height: 20.00pt;\">\n<td class=\"et5\" style=\"height: 20.00pt; width: 186.60pt;\" width=\"311\" height=\"33\">Tiro Tt Front\/Rear<\/td>\n<td class=\"et5\" style=\"width: 242.40pt;\" width=\"404\">rodas frontais 3,50-12; rodas traseiras 3,75-12<\/td>\n<\/tr>\n<tr style=\"height: 20.00pt;\">\n<td class=\"et5\" style=\"height: 20.00pt; width: 186.60pt;\" width=\"311\" height=\"33\">Escolha de Cores<\/td>\n<td class=\"et5\" style=\"width: 242.40pt;\" width=\"404\">Personalizado<\/td>\n<\/tr>\n<tr style=\"height: 20.00pt;\">\n<td class=\"et5\" style=\"height: 20.00pt; width: 186.60pt;\" width=\"311\" height=\"33\">Marca comercial<\/td>\n<td class=\"et5\" style=\"width: 242.40pt;\" width=\"404\">TECREK ou OEM<\/td>\n<\/tr>\n<tr style=\"height: 20.00pt;\">\n<td class=\"et5\" style=\"height: 20.00pt; width: 186.60pt;\" width=\"311\" height=\"33\">Origem<\/td>\n<td class=\"et5\" style=\"width: 242.40pt;\" width=\"404\">China<\/td>\n<\/tr>\n<tr style=\"height: 20.00pt;\">\n<td class=\"et5\" style=\"height: 20.00pt; width: 186.60pt;\" width=\"311\" height=\"33\">Range Per Charge\/Km<\/td>\n<td class=\"et5\" style=\"width: 242.40pt;\" width=\"404\">50km<\/td>\n<\/tr>\n<tr style=\"height: 20.00pt;\">\n<td class=\"et5\" style=\"height: 20.00pt; width: 186.60pt;\" width=\"311\" height=\"33\">Velocidade m\u00e1xima Km\/H<\/td>\n<td class=\"et5\" style=\"width: 242.40pt;\" width=\"404\">52km\/H<\/td>\n<\/tr>\n<tr style=\"height: 20.00pt;\">\n<td class=\"et5\" style=\"height: 20.00pt; width: 186.60pt;\" width=\"311\" height=\"33\">Capacidade Climbing<\/td>\n<td class=\"et5\" style=\"width: 242.40pt;\" width=\"404\">\u226430\u00b0<\/td>\n<\/tr>\n<tr style=\"height: 20.00pt;\">\n<td class=\"et5\" style=\"height: 20.00pt; width: 186.60pt;\" width=\"311\" height=\"33\">Dimens\u00e3o global<\/td>\n<td class=\"et5\" style=\"width: 242.40pt;\" width=\"404\">2980X1080X1680 mm<\/td>\n<\/tr>\n<tr style=\"height: 20.00pt;\">\n<td class=\"et5\" style=\"height: 20.00pt; width: 186.60pt;\" width=\"311\" height=\"33\">Cargando Capacidade<\/td>\n<td class=\"et5\" style=\"width: 242.40pt;\" width=\"404\">500KG<\/td>\n<\/tr>\n<tr style=\"height: 20.00pt;\">\n<td class=\"et5\" style=\"height: 20.00pt; width: 186.60pt;\" width=\"311\" height=\"33\">Pot\u00eancia motora hidr\u00e1ulica<\/td>\n<td class=\"et5\" style=\"width: 242.40pt;\" width=\"404\">800W<\/td>\n<\/tr>\n<tr style=\"height: 20.00pt;\">\n<td class=\"et5\" style=\"height: 20.00pt; width: 186.60pt;\" width=\"311\" height=\"33\">Tens\u00e3o padr\u00e3o<\/td>\n<td class=\"et5\" style=\"width: 242.40pt;\" width=\"404\">48V\/60V<\/td>\n<\/tr>\n<tr style=\"height: 20.00pt;\">\n<td class=\"et5\" style=\"height: 20.00pt; width: 186.60pt;\" width=\"311\" height=\"33\">Controlador<\/td>\n<td class=\"et5\" style=\"width: 242.40pt;\" width=\"404\">Tubo 18<\/td>\n<\/tr>\n<tr style=\"height: 20.00pt;\">\n<td class=\"et5\" style=\"height: 20.00pt; width: 186.60pt;\" width=\"311\" height=\"33\">Modo de travagem<\/td>\n<td class=\"et5\" style=\"width: 242.40pt;\" width=\"404\">Bateria anterior \u00b7 Bateria posterior<\/td>\n<\/tr>\n<tr style=\"height: 20.00pt;\">\n<td class=\"et5\" style=\"height: 20.00pt; width: 186.60pt;\" width=\"311\" height=\"33\">Minimum ground clearance<\/td>\n<td class=\"et5\" style=\"width: 242.40pt;\" width=\"404\">135<\/td>\n<\/tr>\n<tr style=\"height: 20.00pt;\">\n<td class=\"et5\" style=\"height: 20.00pt; width: 186.60pt;\" width=\"311\" height=\"33\">Capacidade de Produ\u00e7\u00e3o<\/td>\n<td class=\"et5\" style=\"width: 242.40pt;\" width=\"404\">100000 conjuntos\/ano<\/td>\n<\/tr>\n<tr style=\"height: 20.00pt;\">\n<td class=\"et5\" style=\"height: 20.00pt; width: 186.60pt;\" width=\"311\" height=\"33\">Tamanho do Paquete<\/td>\n<td class=\"et5\" style=\"width: 242.40pt;\" width=\"404\">320cm * 120cm * 140cm<\/td>\n<\/tr>\n<tr style=\"height: 20.00pt;\">\n<td class=\"et5\" style=\"height: 20.00pt; width: 186.60pt;\" width=\"311\" height=\"33\">Peso bruto do pacote<\/td>\n<td class=\"et5\" style=\"width: 242.40pt;\" width=\"404\">260kg<\/td>\n<\/tr>\n<\/tbody>\n<\/table>\n<hr data-start=\"1186\" data-end=\"1189\" \/>\n<h3 data-start=\"1191\" data-end=\"1215\">Key Selling Points<\/h3>\n<ol data-start=\"1216\" data-end=\"1848\">\n<li data-start=\"1216\" data-end=\"1391\">\n<p data-start=\"1219\" data-end=\"1391\"><strong data-start=\"1219\" data-end=\"1248\">Transporte eficiente de carga<\/strong> \u2013 Designado com um <strong data-start=\"1267\" data-end=\"1293\">Capacidade de carga de 500KG<\/strong>este triciclo el\u00e9trico maneja mercadorias em massa, suprimentos agr\u00edcolas e materiais de entrega com facilidade.<\/p>\n<\/li>\n<li data-start=\"1392\" data-end=\"1564\">\n<p data-start=\"1395\" data-end=\"1564\"><strong data-start=\"1395\" data-end=\"1432\">For\u00e7a Motor e Capacidade Clim\u00e1tica<\/strong> \u2013 Equipado com um <strong data-start=\"1452\" data-end=\"1466\">Motor de 800W<\/strong> e capaz de subir as pendientes de <strong data-start=\"1501\" data-end=\"1509\">\u226430\u00b0<\/strong>, supera a maioria dos triques de carga el\u00e9trica padr\u00e3o.<\/p>\n<\/li>\n<li data-start=\"1565\" data-end=\"1715\">\n<p data-start=\"1568\" data-end=\"1715\"><strong data-start=\"1568\" data-end=\"1596\">Alternativa ecol\u00f3gica<\/strong> \u2013 Com emiss\u00f5es zero e baixos custos energ\u00e9ticos, o Commercial Three Wheeler EV Transport \u00e9 uma escolha sustent\u00e1vel para a log\u00edstica moderna.<\/p>\n<\/li>\n<li data-start=\"1716\" data-end=\"1848\">\n<p data-start=\"1719\" data-end=\"1848\"><strong data-start=\"1719\" data-end=\"1750\">Design Compacto Mas Poderoso<\/strong> \u2013 Medindo <strong data-start=\"1763\" data-end=\"1783\">2980\u00d71080\u00d71680 mm<\/strong>, encaixa em ruas estreitas enquanto ainda carrega cargas pesadas.<\/p>\n<\/li>\n<\/ol>\n<hr data-start=\"1850\" data-end=\"1853\" \/>\n<h3 data-start=\"1855\" data-end=\"1886\">Avan\u00e7os Diferenciados<\/h3>\n<ol data-start=\"1887\" data-end=\"2396\">\n<li data-start=\"1887\" data-end=\"2006\">\n<p data-start=\"1890\" data-end=\"2006\"><strong data-start=\"1890\" data-end=\"1921\">Durabilidade de Grau Industrial<\/strong> \u2013 Trabalho pesado <strong data-start=\"1935\" data-end=\"1952\">chassis de a\u00e7o<\/strong> com pintura anti-rosa assegura desempenho a longo prazo.<\/p>\n<\/li>\n<li data-start=\"2007\" data-end=\"2130\">\n<p data-start=\"2010\" data-end=\"2130\"><strong data-start=\"2010\" data-end=\"2037\">Produ\u00e7\u00e3o personalizada<\/strong> \u2013 marca OEM\/ODM, cor corporal e tamanho da cama de carga podem ser adaptados aos requisitos do cliente.<\/p>\n<\/li>\n<li data-start=\"2131\" data-end=\"2257\">\n<p data-start=\"2134\" data-end=\"2257\"><strong data-start=\"2134\" data-end=\"2159\">Capacidade de alta velocidade<\/strong> \u2013 chega at\u00e9 <strong data-start=\"2176\" data-end=\"2187\">52 km\/h<\/strong>, mais r\u00e1pido do que o t\u00edpico tuk de carga, permitindo entregas mais r\u00e1pidas.<\/p>\n<\/li>\n<li data-start=\"2258\" data-end=\"2396\">\n<p data-start=\"2261\" data-end=\"2396\"><strong data-start=\"2261\" data-end=\"2291\">Fornecimento de Produ\u00e7\u00e3o Fi\u00e1vel<\/strong> \u2013 Com uma capacidade de produ\u00e7\u00e3o anual de <strong data-start=\"2332\" data-end=\"2349\">100.000 unidades<\/strong>grandes ordens podem ser cumpridas consistentemente.<\/p>\n<\/li>\n<\/ol>\n<p><img fetchpriority=\"high\" decoding=\"async\" class=\"alignnone wp-image-4094 aligncenter\" src=\"https:\/\/www.tairuiauto.com\/wp-content\/uploads\/2025\/10\/36273a57-d766-4419-b714-e6e5422fcc74-300x300.jpg\" alt=\"\" width=\"383\" height=\"383\" srcset=\"https:\/\/www.tairuiauto.com\/wp-content\/uploads\/2025\/10\/36273a57-d766-4419-b714-e6e5422fcc74-300x300.jpg 300w, https:\/\/www.tairuiauto.com\/wp-content\/uploads\/2025\/10\/36273a57-d766-4419-b714-e6e5422fcc74-1024x1024.jpg 1024w, https:\/\/www.tairuiauto.com\/wp-content\/uploads\/2025\/10\/36273a57-d766-4419-b714-e6e5422fcc74-150x150.jpg 150w, https:\/\/www.tairuiauto.com\/wp-content\/uploads\/2025\/10\/36273a57-d766-4419-b714-e6e5422fcc74-768x768.jpg 768w, https:\/\/www.tairuiauto.com\/wp-content\/uploads\/2025\/10\/36273a57-d766-4419-b714-e6e5422fcc74-1536x1536.jpg 1536w, https:\/\/www.tairuiauto.com\/wp-content\/uploads\/2025\/10\/36273a57-d766-4419-b714-e6e5422fcc74-2048x2048.jpg 2048w, https:\/\/www.tairuiauto.com\/wp-content\/uploads\/2025\/10\/36273a57-d766-4419-b714-e6e5422fcc74-12x12.jpg 12w, https:\/\/www.tairuiauto.com\/wp-content\/uploads\/2025\/10\/36273a57-d766-4419-b714-e6e5422fcc74-600x600.jpg 600w, https:\/\/www.tairuiauto.com\/wp-content\/uploads\/2025\/10\/36273a57-d766-4419-b714-e6e5422fcc74-100x100.jpg 100w\" sizes=\"(max-width: 383px) 100vw, 383px\" \/><\/p>\n<hr data-start=\"2794\" data-end=\"2797\" \/>\n<h3 data-start=\"2799\" data-end=\"2825\">Par\u00e2metros T\u00e9cnicos<\/h3>\n<ul data-start=\"2826\" data-end=\"3054\">\n<li data-start=\"2826\" data-end=\"2872\">\n<p data-start=\"2828\" data-end=\"2872\"><strong data-start=\"2828\" data-end=\"2847\">Sistema de travagem:<\/strong> Bateria anterior<\/p>\n<\/li>\n<li data-start=\"2873\" data-end=\"2916\">\n<p data-start=\"2875\" data-end=\"2916\"><strong data-start=\"2875\" data-end=\"2885\">pneus:<\/strong> Fronte 3.50-12 \/ Atr\u00e1s 3.75-12<\/p>\n<\/li>\n<li data-start=\"2917\" data-end=\"2949\">\n<p data-start=\"2919\" data-end=\"2949\"><strong data-start=\"2919\" data-end=\"2940\">Clearance terrestre:<\/strong> 135 mm<\/p>\n<\/li>\n<li data-start=\"2950\" data-end=\"2984\">\n<p data-start=\"2952\" data-end=\"2984\"><strong data-start=\"2952\" data-end=\"2972\">Op\u00e7\u00f5es da Bateria:<\/strong> 48V \/ 60V<\/p>\n<\/li>\n<li data-start=\"2985\" data-end=\"3025\">\n<p data-start=\"2987\" data-end=\"3025\"><strong data-start=\"2987\" data-end=\"3004\">Tamanho do Paquete:<\/strong> 320 \u00d7 120 \u00d7 140 cm<\/p>\n<\/li>\n<li data-start=\"3026\" data-end=\"3054\">\n<p data-start=\"3028\" data-end=\"3054\"><strong data-start=\"3028\" data-end=\"3045\">Peso bruto:<\/strong> 260 kg<\/p>\n<\/li>\n<\/ul>\n<hr data-start=\"3056\" data-end=\"3059\" \/>\n<h3 data-start=\"3061\" data-end=\"3076\">Materiales<\/h3>\n<ul data-start=\"3077\" data-end=\"3219\">\n<li data-start=\"3077\" data-end=\"3116\">\n<p data-start=\"3079\" data-end=\"3116\"><strong data-start=\"3079\" data-end=\"3091\">Chassis:<\/strong> Quadro de a\u00e7o refor\u00e7ado<\/p>\n<\/li>\n<li data-start=\"3117\" data-end=\"3164\">\n<p data-start=\"3119\" data-end=\"3164\"><strong data-start=\"3119\" data-end=\"3133\">Cargo Bed:<\/strong> Plataforma metal de alta for\u00e7a<\/p>\n<\/li>\n<li data-start=\"3165\" data-end=\"3219\">\n<p data-start=\"3167\" data-end=\"3219\"><strong data-start=\"3167\" data-end=\"3177\">Pintura:<\/strong> Cobertura anticorrosiva de tipo autom\u00f3vel<\/p>\n<\/li>\n<\/ul>\n<hr data-start=\"3221\" data-end=\"3224\" \/>\n<h3 data-start=\"3226\" data-end=\"3242\">Apar\u00eancia<\/h3>\n<ul data-start=\"3243\" data-end=\"3399\">\n<li data-start=\"3243\" data-end=\"3278\">\n<p data-start=\"3245\" data-end=\"3278\">Design compacto de carga industrial<\/p>\n<\/li>\n<li data-start=\"3279\" data-end=\"3340\">\n<p data-start=\"3281\" data-end=\"3340\">Exterior negro e duradouro com op\u00e7\u00f5es de pintura personalizadas<\/p>\n<\/li>\n<li data-start=\"3341\" data-end=\"3399\">\n<p data-start=\"3343\" data-end=\"3399\">Designados tanto para cidades modernas como para estradas rurais rugosas<\/p>\n<\/li>\n<\/ul>\n<hr data-start=\"3401\" data-end=\"3404\" \/>\n<h3 data-start=\"3406\" data-end=\"3418\">Design<\/h3>\n<p data-start=\"3419\" data-end=\"3545\">Cabana de condutor optimizada com disposi\u00e7\u00e3o de controle ergon\u00f4mico. - Estrutura de caixa de carga refor\u00e7ada para transporte seguro e est\u00e1vel.<\/p>\n<hr data-start=\"3547\" data-end=\"3550\" \/>\n<h3 data-start=\"3552\" data-end=\"3575\">Adapta\u00e7\u00e3o OEM<\/h3>\n<ul data-start=\"3576\" data-end=\"3689\">\n<li data-start=\"3576\" data-end=\"3603\">\n<p data-start=\"3578\" data-end=\"3603\">Marca: TECREK ou OEM<\/p>\n<\/li>\n<li data-start=\"3604\" data-end=\"3633\">\n<p data-start=\"3606\" data-end=\"3633\">Muitas cores dispon\u00edveis<\/p>\n<\/li>\n<li data-start=\"3634\" data-end=\"3689\">\n<p data-start=\"3636\" data-end=\"3689\">Modifica\u00e7\u00f5es facultativas na cama de carga e acess\u00f3rios<\/p>\n<\/li>\n<\/ul>\n<hr data-start=\"3691\" data-end=\"3694\" \/>\n<h3 data-start=\"3696\" data-end=\"3717\">Controlo da qualidade<\/h3>\n<ul data-start=\"3718\" data-end=\"3846\">\n<li data-start=\"3718\" data-end=\"3760\">\n<p data-start=\"3720\" data-end=\"3760\">Fabricado em instala\u00e7\u00f5es certificadas ISO<\/p>\n<\/li>\n<li data-start=\"3761\" data-end=\"3809\">\n<p data-start=\"3763\" data-end=\"3809\">inspec\u00e7\u00e3o em tr\u00eas est\u00e1gios (motor, chasse, bateria)<\/p>\n<\/li>\n<li data-start=\"3810\" data-end=\"3846\">\n<p data-start=\"3812\" data-end=\"3846\">Cada unidade testada antes da expedi\u00e7\u00e3o<\/p>\n<\/li>\n<\/ul>\n<hr data-start=\"3848\" data-end=\"3851\" \/>\n<h3 data-start=\"3853\" data-end=\"3878\">Servi\u00e7o de Depois de Venda<\/h3>\n<ul data-start=\"3879\" data-end=\"3998\">\n<li data-start=\"3879\" data-end=\"3922\">\n<p data-start=\"3881\" data-end=\"3922\">Garantia de um ano em motores e controladores<\/p>\n<\/li>\n<li data-start=\"3923\" data-end=\"3951\">\n<p data-start=\"3925\" data-end=\"3951\">Garantia de 6 meses de bateria<\/p>\n<\/li>\n<li data-start=\"3952\" data-end=\"3998\">\n<p data-start=\"3954\" data-end=\"3998\">Orienta\u00e7\u00e3o t\u00e9cnica e suporte de pe\u00e7as de reposi\u00e7\u00e3o<\/p>\n<\/li>\n<\/ul>\n<hr data-start=\"4000\" data-end=\"4003\" \/>\n<h3 data-start=\"4005\" data-end=\"4029\">Campos de Aplica\u00e7\u00e3o<\/h3>\n<ul data-start=\"4030\" data-end=\"4183\">\n<li data-start=\"4030\" data-end=\"4070\">\n<p data-start=\"4032\" data-end=\"4070\">Transporte de mercadorias por grosso e de retalho<\/p>\n<\/li>\n<li data-start=\"4071\" data-end=\"4112\">\n<p data-start=\"4073\" data-end=\"4112\">Agr\u00edcola e distribui\u00e7\u00e3o agr\u00edcola<\/p>\n<\/li>\n<li data-start=\"4113\" data-end=\"4146\">\n<p data-start=\"4115\" data-end=\"4146\">Transporte de material de constru\u00e7\u00e3o<\/p>\n<\/li>\n<li data-start=\"4147\" data-end=\"4183\">\n<p data-start=\"4149\" data-end=\"4183\">Log\u00edstica e entrega da \u00faltima milha<\/p>\n<\/li>\n<\/ul>\n<hr data-start=\"4185\" data-end=\"4188\" \/>\n<h3 data-start=\"4190\" data-end=\"4211\">M\u00e9todos de Pagamento<\/h3>\n<ul data-start=\"4212\" data-end=\"4292\">\n<li data-start=\"4212\" data-end=\"4233\">\n<p data-start=\"4214\" data-end=\"4233\">Transfer\u00eancia banc\u00e1ria T\/T<\/p>\n<\/li>\n<li data-start=\"4234\" data-end=\"4250\">\n<p data-start=\"4236\" data-end=\"4250\">L\/C \u00e0 vista<\/p>\n<\/li>\n<li data-start=\"4251\" data-end=\"4292\">\n<p data-start=\"4253\" data-end=\"4292\">Uni\u00e3o Ocidental \/ PayPal (pequenas ordens)<\/p>\n<\/li>\n<\/ul>\n<hr data-start=\"4294\" data-end=\"4297\" \/>\n<h3 data-start=\"4299\" data-end=\"4308\">FAQ<\/h3>\n<p data-start=\"4310\" data-end=\"4428\"><strong data-start=\"4310\" data-end=\"4382\">Q1: Qual \u00e9 a capacidade m\u00e1xima de carga do Transporte Com\u00e9rcio de Tr\u00eas Rodas EV?<\/strong><br data-start=\"4382\" data-end=\"4385\" \/>A1: Ele suporta at\u00e9 <strong data-start=\"4407\" data-end=\"4416\">500KG<\/strong> de carga.<\/p>\n<p data-start=\"4430\" data-end=\"4539\"><strong data-start=\"4430\" data-end=\"4471\">Q2: Quanto longe pode viajar por encargo?<\/strong><br data-start=\"4471\" data-end=\"4474\" \/>A2: A tricicleta fornece um <strong data-start=\"4502\" data-end=\"4517\">50 km de dist\u00e2ncia<\/strong> em uma \u00fanica carga.<\/p>\n<p data-start=\"4541\" data-end=\"4631\"><strong data-start=\"4541\" data-end=\"4582\">Q3: Posso pedir com minha pr\u00f3pria marca?<\/strong><br data-start=\"4582\" data-end=\"4585\" \/>A3: Sim, a personaliza\u00e7\u00e3o OEM\/ODM est\u00e1 dispon\u00edvel.<\/p>\n<p data-start=\"4633\" data-end=\"4714\"><strong data-start=\"4633\" data-end=\"4667\">Q4: Qual \u00e9 o tempo de carga?<\/strong><br data-start=\"4667\" data-end=\"4670\" \/>A4: O tempo padr\u00e3o de carga \u00e9 <strong data-start=\"4700\" data-end=\"4711\">8 horas<\/strong>.<\/p>\n<p data-start=\"4716\" data-end=\"4850\"><strong data-start=\"4716\" data-end=\"4766\">Q5: Como se compara com um trigo de carga de combust\u00edvel?<\/strong><br data-start=\"4766\" data-end=\"4769\" \/>A5: \u00c9 ecol\u00f3gico, mais tranquilo, mais barato para funcionar e requer menos manuten\u00e7\u00e3o.<\/p>","protected":false},"excerpt":{"rendered":"<p>O <strong data-start=\"417\" data-end=\"443\">Transporte comercial de EV Three Wheeler<\/strong> \u00e9 um motorista de tr\u00eas rodas pesado e de alto desempenho projetado para empresas que precisam de solu\u00e7\u00f5es de carga confi\u00e1veis e ecol\u00f3gicas. Com um motor robusto de 800W, uma velocidade m\u00e1xima de 52 km\/h, e a capacidade de subir inclina\u00e7\u00f5es de at\u00e9 30\u00b0, este trique el\u00e9trico \u00e9 projetado para lidar com rotas urbanas e rurais desafiantes. Ela apresenta um chassis refor\u00e7ado por a \u00e7o, uma forte cama de carga traseira, e uma capacidade de carga de <strong data-start=\"837\" data-end=\"846\">500KG<\/strong>tornando-o ideal para a log\u00edstica, a agricultura, a constru\u00e7\u00e3o e a entrega da \u00faltima milha.<\/p>","protected":false},"featured_media":4102,"comment_status":"open","ping_status":"closed","template":"","meta":[],"product_brand":[],"product_cat":[78],"product_tag":[],"class_list":{"0":"post-4091","1":"product","2":"type-product","3":"status-publish","4":"has-post-thumbnail","6":"product_cat-electric-tricycle","8":"first","9":"instock","10":"shipping-taxable","11":"product-type-simple"},"_links":{"self":[{"href":"https:\/\/www.tairuiauto.com\/pt\/wp-json\/wp\/v2\/product\/4091","targetHints":{"allow":["GET"]}}],"collection":[{"href":"https:\/\/www.tairuiauto.com\/pt\/wp-json\/wp\/v2\/product"}],"about":[{"href":"https:\/\/www.tairuiauto.com\/pt\/wp-json\/wp\/v2\/types\/product"}],"replies":[{"embeddable":true,"href":"https:\/\/www.tairuiauto.com\/pt\/wp-json\/wp\/v2\/comments?post=4091"}],"wp:featuredmedia":[{"embeddable":true,"href":"https:\/\/www.tairuiauto.com\/pt\/wp-json\/wp\/v2\/media\/4102"}],"wp:attachment":[{"href":"https:\/\/www.tairuiauto.com\/pt\/wp-json\/wp\/v2\/media?parent=4091"}],"wp:term":[{"taxonomy":"product_brand","embeddable":true,"href":"https:\/\/www.tairuiauto.com\/pt\/wp-json\/wp\/v2\/product_brand?post=4091"},{"taxonomy":"product_cat","embeddable":true,"href":"https:\/\/www.tairuiauto.com\/pt\/wp-json\/wp\/v2\/product_cat?post=4091"},{"taxonomy":"product_tag","embeddable":true,"href":"https:\/\/www.tairuiauto.com\/pt\/wp-json\/wp\/v2\/product_tag?post=4091"}],"curies":[{"name":"wp","href":"https:\/\/api.w.org\/{rel}","templated":true}]}}