{"id":4103,"date":"2025-10-28T10:11:07","date_gmt":"2025-10-28T02:11:07","guid":{"rendered":"https:\/\/www.tairuiauto.com\/?post_type=product&#038;p=4103"},"modified":"2026-03-09T14:05:23","modified_gmt":"2026-03-09T06:05:23","slug":"four-wheel-pickup-truck","status":"publish","type":"product","link":"https:\/\/www.tairuiauto.com\/pt\/product\/four-wheel-pickup-truck\/","title":{"rendered":"Cami\u00e3o de Micro Pickup de Quatro Rodas"},"content":{"rendered":"<h2 data-start=\"260\" data-end=\"284\">Descri\u00e7\u00e3o do produto<\/h2>\n<p data-start=\"285\" data-end=\"870\">Este modelo \u00e9 adequado para empresas buscando modernizar suas frotas de entrega com solu\u00e7\u00f5es sustent\u00e1veis e rentais.<\/p>\n<table style=\"width: 77.1229%; height: 347px;\" width=\"602\">\n<tbody>\n<tr>\n<td style=\"width: 47.3684%;\" width=\"287\">Modelo<\/td>\n<td style=\"width: 51.9451%;\" width=\"315\">Cami\u00e3o de recolha de quatro rodas<\/td>\n<\/tr>\n<tr>\n<td style=\"width: 47.3684%;\" width=\"287\">Cargoboxsize<\/td>\n<td style=\"width: 51.9451%;\" width=\"315\">3430*1390*1780mm<\/td>\n<\/tr>\n<tr>\n<td style=\"width: 47.3684%;\" width=\"287\">Tiro Tt Front\/Rear<\/td>\n<td style=\"width: 51.9451%;\" width=\"315\">1,8*1,3m<\/td>\n<\/tr>\n<tr>\n<td style=\"width: 47.3684%;\" width=\"287\">Motor<\/td>\n<td style=\"width: 51.9451%;\" width=\"315\">60v\/72V1500W H<\/td>\n<\/tr>\n<tr>\n<td style=\"width: 47.3684%;\" width=\"287\">Controlador<\/td>\n<td style=\"width: 51.9451%;\" width=\"315\">Grande tubo 24Tube<\/td>\n<\/tr>\n<tr>\n<td style=\"width: 47.3684%;\" width=\"287\">Equipamento Integrado Completamente Flotante Shift Rear Axe<\/td>\n<td style=\"width: 51.9451%;\" width=\"315\">180mm<\/td>\n<\/tr>\n<tr>\n<td style=\"width: 47.3684%;\" width=\"287\">Tiro<\/td>\n<td style=\"width: 51.9451%;\" width=\"315\">Front4.50-12Rear5.00-12<\/td>\n<\/tr>\n<tr>\n<td style=\"width: 47.3684%;\" width=\"287\">Velocidade m\u00e1xima<\/td>\n<td style=\"width: 51.9451%;\" width=\"315\">45\/km<\/td>\n<\/tr>\n<tr>\n<td style=\"width: 47.3684%;\" width=\"287\">Outras configura\u00e7\u00f5es<\/td>\n<td style=\"width: 51.9451%;\" width=\"315\">roda de dire\u00e7\u00e3o, \u00f3culos de vidro,limpezas el\u00e9tricas<\/td>\n<\/tr>\n<\/tbody>\n<\/table>\n<hr data-start=\"4294\" data-end=\"4297\" \/>\n<h2 data-start=\"872\" data-end=\"895\">Key Selling Points<\/h2>\n<ol data-start=\"896\" data-end=\"1546\">\n<li data-start=\"896\" data-end=\"1060\">\n<p data-start=\"899\" data-end=\"1060\"><strong data-start=\"899\" data-end=\"934\">Motor el\u00e9trico de alta performance<\/strong> \u2013 Equipado com um motor de 1500W e controlador de 24 tubos, o <strong data-start=\"993\" data-end=\"1013\">Cami\u00e3o de recolha de quatro rodas<\/strong> fornece energia confi\u00e1vel para a log\u00edstica di\u00e1ria.<\/p>\n<\/li>\n<li data-start=\"1061\" data-end=\"1249\">\n<p data-start=\"1064\" data-end=\"1249\"><strong data-start=\"1064\" data-end=\"1095\">Design Compact Yet Spacious<\/strong> \u2013 Com um tamanho de caixa de carga de 3430<em data-start=\"1127\" data-end=\"1133\">1390<\/em>1780 mm, isto <strong data-start=\"1146\" data-end=\"1169\">mini cami\u00e3o el\u00e9trico<\/strong> oferece amplo armazenamento enquanto permanece f\u00e1cil de manejar em ruas urbanas estreitas.<\/p>\n<\/li>\n<li data-start=\"1250\" data-end=\"1382\">\n<p data-start=\"1253\" data-end=\"1382\"><strong data-start=\"1253\" data-end=\"1284\">Transporte ecol\u00f3gico<\/strong> \u2013 Funciona apenas com energia el\u00e9trica, tornando-a um ideal <strong data-start=\"1335\" data-end=\"1359\">solu\u00e7\u00e3o de carga verde<\/strong> com emiss\u00f5es zero.<\/p>\n<\/li>\n<li data-start=\"1383\" data-end=\"1546\">\n<p data-start=\"1386\" data-end=\"1546\"><strong data-start=\"1386\" data-end=\"1411\">Durabilidade e seguran\u00e7a<\/strong> \u2013 pneus refor\u00e7ados (frente 4.50-12, posterior 5.00-12) e uma rota\u00e7\u00e3o integrada completamente flutuante do eixo traseiro garantir a confiabilidade a longo prazo.<\/p>\n<\/li>\n<\/ol>\n<hr data-start=\"4294\" data-end=\"4297\" \/>\n<h2 data-start=\"1548\" data-end=\"1579\">Avan\u00e7os de Diferencia\u00e7\u00e3o<\/h2>\n<ol data-start=\"1580\" data-end=\"2142\">\n<li data-start=\"1580\" data-end=\"1756\">\n<p data-start=\"1583\" data-end=\"1756\"><strong data-start=\"1583\" data-end=\"1609\">Aplica\u00e7\u00f5es Versat\u00edveis<\/strong> \u2013 Ao contr\u00e1rio das capturas tradicionais de g\u00e1s, isso <strong data-start=\"1657\" data-end=\"1681\">cami\u00e3o el\u00e9trico de carga<\/strong> \u00e9 otimizada para entrega de \u00faltima milha, uso de f\u00e1brica e servi\u00e7o municipal.<\/p>\n<\/li>\n<li data-start=\"1757\" data-end=\"1874\">\n<p data-start=\"1760\" data-end=\"1874\"><strong data-start=\"1760\" data-end=\"1785\">Baixos custos de manuten\u00e7\u00e3o<\/strong> \u2013 Menos pe\u00e7as em movimento em compara\u00e7\u00e3o com cami\u00f5es de combust\u00e3o reduzem as despesas de repara\u00e7\u00e3o e servi\u00e7o.<\/p>\n<\/li>\n<li data-start=\"1875\" data-end=\"2011\">\n<p data-start=\"1878\" data-end=\"2011\"><strong data-start=\"1878\" data-end=\"1899\">Ergonomia moderna<\/strong> \u2013 Caracter\u00edsticas como roda de dire\u00e7\u00e3o, limpezas el\u00e9tricas e vidro de manga melhoram o conforto e a utilizabilidade do condutor.<\/p>\n<\/li>\n<li data-start=\"2012\" data-end=\"2142\">\n<p data-start=\"2015\" data-end=\"2142\"><strong data-start=\"2015\" data-end=\"2046\">Escolha de neg\u00f3cios sustent\u00e1vel<\/strong> \u2013 Perfeito para empresas que pretendem alinhar-se com pol\u00edticas verdes e objetivos de sustentabilidade corporativa.<\/p>\n<\/li>\n<\/ol>\n<p><img fetchpriority=\"high\" decoding=\"async\" class=\"alignnone wp-image-4105\" src=\"https:\/\/www.tairuiauto.com\/wp-content\/uploads\/2025\/10\/58faeeb6ec65c9152e1fd13c259bbc37-300x217.png\" alt=\"\" width=\"333\" height=\"241\" srcset=\"https:\/\/www.tairuiauto.com\/wp-content\/uploads\/2025\/10\/58faeeb6ec65c9152e1fd13c259bbc37-300x217.png 300w, https:\/\/www.tairuiauto.com\/wp-content\/uploads\/2025\/10\/58faeeb6ec65c9152e1fd13c259bbc37-18x12.png 18w, https:\/\/www.tairuiauto.com\/wp-content\/uploads\/2025\/10\/58faeeb6ec65c9152e1fd13c259bbc37.png 375w\" sizes=\"(max-width: 333px) 100vw, 333px\" \/>\u00a0 \u00a0 \u00a0 \u00a0 \u00a0 \u00a0 \u00a0 \u00a0 \u00a0 \u00a0 \u00a0 \u00a0 \u00a0 \u00a0 \u00a0 \u00a0 \u00a0\u00a0 <img decoding=\"async\" class=\"alignnone size-medium wp-image-4107\" src=\"https:\/\/www.tairuiauto.com\/wp-content\/uploads\/2025\/10\/bdc6faa38a5c0214a74887c15c7572e9-300x244.png\" alt=\"\" width=\"300\" height=\"244\" srcset=\"https:\/\/www.tairuiauto.com\/wp-content\/uploads\/2025\/10\/bdc6faa38a5c0214a74887c15c7572e9-300x244.png 300w, https:\/\/www.tairuiauto.com\/wp-content\/uploads\/2025\/10\/bdc6faa38a5c0214a74887c15c7572e9-15x12.png 15w, https:\/\/www.tairuiauto.com\/wp-content\/uploads\/2025\/10\/bdc6faa38a5c0214a74887c15c7572e9.png 309w\" sizes=\"(max-width: 300px) 100vw, 300px\" \/><\/p>\n<hr data-start=\"4294\" data-end=\"4297\" \/>\n<h2 data-start=\"2562\" data-end=\"2587\">Par\u00e2metros T\u00e9cnicos<\/h2>\n<ul data-start=\"2588\" data-end=\"2817\">\n<li data-start=\"2588\" data-end=\"2608\">\n<p data-start=\"2590\" data-end=\"2608\">Volta\u00e7\u00e3o: 60V\/72V<\/p>\n<\/li>\n<li data-start=\"2609\" data-end=\"2631\">\n<p data-start=\"2611\" data-end=\"2631\">Pot\u00eancia motora: 1500W<\/p>\n<\/li>\n<li data-start=\"2632\" data-end=\"2674\">\n<p data-start=\"2634\" data-end=\"2674\">Controlador: Controlador digital de 24 tubos<\/p>\n<\/li>\n<li data-start=\"2675\" data-end=\"2728\">\n<p data-start=\"2677\" data-end=\"2728\">Capacidade de Carga: Optimizada para log\u00edstica ligeira<\/p>\n<\/li>\n<li data-start=\"2729\" data-end=\"2780\">\n<p data-start=\"2731\" data-end=\"2780\">Endurance: Standard daily urban transport range<\/p>\n<\/li>\n<li data-start=\"2781\" data-end=\"2817\">\n<p data-start=\"2783\" data-end=\"2817\">Tempo de carga: aproximadamente 6-8 horas<\/p>\n<\/li>\n<\/ul>\n<hr data-start=\"4294\" data-end=\"4297\" \/>\n<h2 data-start=\"2819\" data-end=\"2832\">Material<\/h2>\n<ul data-start=\"2833\" data-end=\"2968\">\n<li data-start=\"2833\" data-end=\"2887\">\n<p data-start=\"2835\" data-end=\"2887\">Trabalho pesado <strong data-start=\"2846\" data-end=\"2861\">quadro de a\u00e7o<\/strong> para uma maior durabilidade<\/p>\n<\/li>\n<li data-start=\"2888\" data-end=\"2968\">\n<p data-start=\"2890\" data-end=\"2968\">Refor\u00e7ado <strong data-start=\"2901\" data-end=\"2915\">rims de liga<\/strong> e pneus de borracha para alto desempenho de carga<\/p>\n<\/li>\n<\/ul>\n<hr data-start=\"4294\" data-end=\"4297\" \/>\n<h2 data-start=\"2970\" data-end=\"2985\">Apar\u00eancia<\/h2>\n<ul data-start=\"2986\" data-end=\"3131\">\n<li data-start=\"2986\" data-end=\"3024\">\n<p data-start=\"2988\" data-end=\"3024\">Design exterior moderno e compacto<\/p>\n<\/li>\n<li data-start=\"3025\" data-end=\"3076\">\n<p data-start=\"3027\" data-end=\"3076\">Cor do corpo azul dormir com op\u00e7\u00f5es personalizadas<\/p>\n<\/li>\n<li data-start=\"3077\" data-end=\"3131\">\n<p data-start=\"3079\" data-end=\"3131\">Fronte aerodin\u00e2mica com sistema funcional de luz<\/p>\n<\/li>\n<\/ul>\n<hr data-start=\"4294\" data-end=\"4297\" \/>\n<h2 data-start=\"3133\" data-end=\"3144\">Design<\/h2>\n<ul data-start=\"3145\" data-end=\"3297\">\n<li data-start=\"3145\" data-end=\"3206\">\n<p data-start=\"3147\" data-end=\"3206\">Focusado <strong data-start=\"3158\" data-end=\"3176\">conforto do condutor<\/strong> com controle de rodas<\/p>\n<\/li>\n<li data-start=\"3207\" data-end=\"3253\">\n<p data-start=\"3209\" data-end=\"3253\">Tamanho compacto para <strong data-start=\"3226\" data-end=\"3251\">manevrabilidade urbana<\/strong><\/p>\n<\/li>\n<li data-start=\"3254\" data-end=\"3297\">\n<p data-start=\"3256\" data-end=\"3297\">Taboleiro de bordo simplificado para opera\u00e7\u00e3o f\u00e1cil<\/p>\n<\/li>\n<\/ul>\n<hr data-start=\"4294\" data-end=\"4297\" \/>\n<h2 data-start=\"3299\" data-end=\"3321\">Adapta\u00e7\u00e3o OEM<\/h2>\n<ul data-start=\"3322\" data-end=\"3446\">\n<li data-start=\"3322\" data-end=\"3370\">\n<p data-start=\"3324\" data-end=\"3370\">Cores personalizadas e op\u00e7\u00f5es de marca dispon\u00edveis<\/p>\n<\/li>\n<li data-start=\"3371\" data-end=\"3446\">\n<p data-start=\"3373\" data-end=\"3446\">Tamanhos e configura\u00e7\u00f5es de caixas de carga adaptadas \u00e0s necessidades espec\u00edficas de neg\u00f3cios<\/p>\n<\/li>\n<\/ul>\n<hr data-start=\"4294\" data-end=\"4297\" \/>\n<h2 data-start=\"3448\" data-end=\"3468\">Controlo da qualidade<\/h2>\n<ul data-start=\"3469\" data-end=\"3603\">\n<li data-start=\"3469\" data-end=\"3527\">\n<p data-start=\"3471\" data-end=\"3527\">Fabricado sob padr\u00f5es estritos de inspec\u00e7\u00e3o de qualidade<\/p>\n<\/li>\n<li data-start=\"3528\" data-end=\"3603\">\n<p data-start=\"3530\" data-end=\"3603\">Cada ve\u00edculo passa por testes de motor, freio e seguran\u00e7a antes da expedi\u00e7\u00e3o<\/p>\n<\/li>\n<\/ul>\n<hr data-start=\"4294\" data-end=\"4297\" \/>\n<h2 data-start=\"3605\" data-end=\"3629\">Servi\u00e7o de Depois de Venda<\/h2>\n<ul data-start=\"3630\" data-end=\"3751\">\n<li data-start=\"3630\" data-end=\"3664\">\n<p data-start=\"3632\" data-end=\"3664\">Apoio t\u00e9cnico profissional<\/p>\n<\/li>\n<li data-start=\"3665\" data-end=\"3703\">\n<p data-start=\"3667\" data-end=\"3703\">Cadeia de fornecimento de pe\u00e7as de subst\u00e2ncia dispon\u00edvel<\/p>\n<\/li>\n<li data-start=\"3704\" data-end=\"3751\">\n<p data-start=\"3706\" data-end=\"3751\">Solu\u00e7\u00e3o de problemas online e orienta\u00e7\u00e3o de servi\u00e7os<\/p>\n<\/li>\n<\/ul>\n<hr data-start=\"4294\" data-end=\"4297\" \/>\n<h2 data-start=\"3753\" data-end=\"3776\">Campos de Aplica\u00e7\u00e3o<\/h2>\n<ul data-start=\"3777\" data-end=\"3927\">\n<li data-start=\"3777\" data-end=\"3802\">\n<p data-start=\"3779\" data-end=\"3802\">Flotas de entrega urbana<\/p>\n<\/li>\n<li data-start=\"3803\" data-end=\"3842\">\n<p data-start=\"3805\" data-end=\"3842\">Supermercado e distribui\u00e7\u00e3o ao retalho<\/p>\n<\/li>\n<li data-start=\"3843\" data-end=\"3883\">\n<p data-start=\"3845\" data-end=\"3883\">Transporte de material no local de constru\u00e7\u00e3o<\/p>\n<\/li>\n<li data-start=\"3884\" data-end=\"3927\">\n<p data-start=\"3886\" data-end=\"3927\">Servi\u00e7os municipais e log\u00edstica de campus<\/p>\n<\/li>\n<\/ul>\n<hr data-start=\"4294\" data-end=\"4297\" \/>\n<h2 data-start=\"3929\" data-end=\"3948\">M\u00e9todo de Pagamento<\/h2>\n<ul data-start=\"3949\" data-end=\"4027\">\n<li data-start=\"3949\" data-end=\"4027\">\n<p data-start=\"3951\" data-end=\"4027\">T\/T, L\/C e outras op\u00e7\u00f5es flex\u00edveis de pagamento comercial internacional dispon\u00edveis<\/p>\n<\/li>\n<\/ul>\n<hr data-start=\"4294\" data-end=\"4297\" \/>\n<h2 data-start=\"4029\" data-end=\"4037\">FAQ<\/h2>\n<p data-start=\"4038\" data-end=\"4170\"><strong data-start=\"4038\" data-end=\"4096\">Q1: Qual \u00e9 a velocidade m\u00e1xima do cami\u00e3o de compra de quatro rodas?<\/strong><br data-start=\"4096\" data-end=\"4099\" \/>A1: O ve\u00edculo pode alcan\u00e7ar at\u00e9 45 km\/h, adequado para o transporte urbano.<\/p>\n<p data-start=\"4172\" data-end=\"4276\"><strong data-start=\"4172\" data-end=\"4224\">Q2: Quanto tempo demora para carregar a bateria?<\/strong><br data-start=\"4224\" data-end=\"4227\" \/>A2: A carga geralmente leva entre 6 e 8 horas.<\/p>\n<p data-start=\"4278\" data-end=\"4438\"><strong data-start=\"4278\" data-end=\"4344\">Q3: Qual \u00e9 a principal aplica\u00e7\u00e3o deste cami\u00e3o el\u00e9trico de carga?<\/strong><br data-start=\"4344\" data-end=\"4347\" \/>A3: \u00c9 amplamente utilizado na log\u00edstica urbana, na entrega de supermercados e no transporte de servi\u00e7o ligeiro.<\/p>\n<p data-start=\"4440\" data-end=\"4581\"><strong data-start=\"4440\" data-end=\"4498\">Q4: O cami\u00e3o pode ser personalizado com marca empresarial?<\/strong><br data-start=\"4498\" data-end=\"4501\" \/>A4: Sim, a personaliza\u00e7\u00e3o OEM est\u00e1 dispon\u00edvel para cor, logotipo e design de caixa de carga.<\/p>\n<p data-start=\"4583\" data-end=\"4786\"><strong data-start=\"4583\" data-end=\"4644\">Q5: Como isso difere de um cami\u00e3o tradicional?<\/strong><br data-start=\"4644\" data-end=\"4647\" \/>A5: Ao contr\u00e1rio das capturas de gasolina, isso <strong data-start=\"4681\" data-end=\"4704\">mini cami\u00e3o el\u00e9trico<\/strong> opera com emiss\u00f5es zero, manuten\u00e7\u00e3o menor e custos operacionais reduzidos.<\/p>\n<hr data-start=\"4294\" data-end=\"4297\" \/>\n<h3 data-start=\"4299\" data-end=\"4308\"><\/h3>","protected":false},"excerpt":{"rendered":"<p>O <strong data-start=\"289\" data-end=\"309\">Cami\u00e3o de recolha de quatro rodas<\/strong> \u00e9 um compacto e eficiente <strong data-start=\"337\" data-end=\"363\">ve\u00edculo el\u00e9trico de carga<\/strong> projetado para log\u00edstica urbana, entrega a curta dist\u00e2ncia e uso industrial leve. Fornecido por um motor 60V\/72V 1500W e apoiado por um controlador robusto de 24 tubos, este <strong data-start=\"529\" data-end=\"553\">cami\u00e3o el\u00e9trico leve<\/strong> combina um forte desempenho com uma opera\u00e7\u00e3o ecol\u00f3gica. Com uma velocidade m\u00e1xima de 45 km\/h e um eixo posterior flutuante duradouro, ele assegura um transporte suave ao mesmo tempo que reduz as emiss\u00f5es de carbono. Este modelo \u00e9 adequado para empresas buscando modernizar suas frotas de entrega com solu\u00e7\u00f5es sustent\u00e1veis e rentais.<\/p>","protected":false},"featured_media":4108,"comment_status":"open","ping_status":"closed","template":"","meta":[],"product_brand":[],"product_cat":[77],"product_tag":[],"class_list":{"0":"post-4103","1":"product","2":"type-product","3":"status-publish","4":"has-post-thumbnail","6":"product_cat-electric-micro-vehicle","8":"first","9":"instock","10":"shipping-taxable","11":"product-type-simple"},"_links":{"self":[{"href":"https:\/\/www.tairuiauto.com\/pt\/wp-json\/wp\/v2\/product\/4103","targetHints":{"allow":["GET"]}}],"collection":[{"href":"https:\/\/www.tairuiauto.com\/pt\/wp-json\/wp\/v2\/product"}],"about":[{"href":"https:\/\/www.tairuiauto.com\/pt\/wp-json\/wp\/v2\/types\/product"}],"replies":[{"embeddable":true,"href":"https:\/\/www.tairuiauto.com\/pt\/wp-json\/wp\/v2\/comments?post=4103"}],"wp:featuredmedia":[{"embeddable":true,"href":"https:\/\/www.tairuiauto.com\/pt\/wp-json\/wp\/v2\/media\/4108"}],"wp:attachment":[{"href":"https:\/\/www.tairuiauto.com\/pt\/wp-json\/wp\/v2\/media?parent=4103"}],"wp:term":[{"taxonomy":"product_brand","embeddable":true,"href":"https:\/\/www.tairuiauto.com\/pt\/wp-json\/wp\/v2\/product_brand?post=4103"},{"taxonomy":"product_cat","embeddable":true,"href":"https:\/\/www.tairuiauto.com\/pt\/wp-json\/wp\/v2\/product_cat?post=4103"},{"taxonomy":"product_tag","embeddable":true,"href":"https:\/\/www.tairuiauto.com\/pt\/wp-json\/wp\/v2\/product_tag?post=4103"}],"curies":[{"name":"wp","href":"https:\/\/api.w.org\/{rel}","templated":true}]}}