{"id":4111,"date":"2025-10-29T09:25:35","date_gmt":"2025-10-29T01:25:35","guid":{"rendered":"https:\/\/www.tairuiauto.com\/?post_type=product&#038;p=4111"},"modified":"2025-10-23T09:32:38","modified_gmt":"2025-10-23T01:32:38","slug":"three-wheel-cargo-truck","status":"publish","type":"product","link":"https:\/\/www.tairuiauto.com\/pt\/product\/three-wheel-cargo-truck\/","title":{"rendered":"Cami\u00e3o de carga de tr\u00eas rodas"},"content":{"rendered":"<h2 data-start=\"222\" data-end=\"246\">Descri\u00e7\u00e3o do produto<\/h2>\n<p data-start=\"247\" data-end=\"770\">O <strong data-start=\"623\" data-end=\"656\">trigo el\u00e9trico de carga de tr\u00eas rodas<\/strong> \u00e9 uma alternativa ideal ao transporte tradicional baseado em combust\u00edvel, oferecendo emiss\u00f5es zero e opera\u00e7\u00e3o de poupan\u00e7a de custos.<\/p>\n<table style=\"width: 81.3333%; height: 497px;\" width=\"720\">\n<tbody>\n<tr>\n<td width=\"265\">Modelo<\/td>\n<td width=\"455\">cami\u00e3o de tr\u00eas rodas<\/td>\n<\/tr>\n<tr>\n<td width=\"265\">Dimens\u00e3o global<\/td>\n<td width=\"455\">3360X1380X1425MM<\/td>\n<\/tr>\n<tr>\n<td width=\"265\">Cargando Capacidade<\/td>\n<td width=\"455\">2000KG<\/td>\n<\/tr>\n<tr>\n<td width=\"265\">Pot\u00eancia motora hidr\u00e1ulica<\/td>\n<td width=\"455\">1500W<\/td>\n<\/tr>\n<tr>\n<td width=\"265\">Tens\u00e3o padr\u00e3o<\/td>\n<td width=\"455\">60V\/72V<\/td>\n<\/tr>\n<tr>\n<td width=\"265\">Controlador<\/td>\n<td width=\"455\">24 Tubos<\/td>\n<\/tr>\n<tr>\n<td width=\"265\">Modo de travagem<\/td>\n<td width=\"455\">Bateria anterior \u00b7 Bateria posterior<\/td>\n<\/tr>\n<tr>\n<td width=\"265\">Minimum ground clearance<\/td>\n<td width=\"455\">135<\/td>\n<\/tr>\n<tr>\n<td width=\"265\">Capacidade de Produ\u00e7\u00e3o<\/td>\n<td width=\"455\">100000 conjuntos\/ano<\/td>\n<\/tr>\n<tr>\n<td width=\"265\">Tempo de carga<\/td>\n<td width=\"455\">8h<\/td>\n<\/tr>\n<tr>\n<td width=\"265\">Tiro Tt Front\/Rear<\/td>\n<td width=\"455\">rodas frontais 4.00-12; - rodas traseiras[UNK]4,50-12<\/td>\n<\/tr>\n<tr>\n<td width=\"265\">Escolha de Cores<\/td>\n<td width=\"455\">Personalizado<\/td>\n<\/tr>\n<tr>\n<td width=\"265\">Origem<\/td>\n<td width=\"455\">China<\/td>\n<\/tr>\n<tr>\n<td width=\"265\">Range Per Charge\/Km<\/td>\n<td width=\"455\">50km<\/td>\n<\/tr>\n<tr>\n<td width=\"265\">Velocidade m\u00e1xima Km\/H<\/td>\n<td width=\"455\">52km\/H<\/td>\n<\/tr>\n<tr>\n<td width=\"265\">Capacidade Climbing<\/td>\n<td width=\"455\">\u226430\u00b0<\/td>\n<\/tr>\n<\/tbody>\n<\/table>\n<hr data-start=\"4742\" data-end=\"4745\" \/>\n<h2 data-start=\"772\" data-end=\"795\">Key Selling Points<\/h2>\n<ol data-start=\"796\" data-end=\"1427\">\n<li data-start=\"796\" data-end=\"955\">\n<p data-start=\"799\" data-end=\"955\"><strong data-start=\"799\" data-end=\"828\">Capacidade de carga excepcional<\/strong> \u2013 A <strong data-start=\"835\" data-end=\"845\">cami\u00e3o de tr\u00eas rodas<\/strong> pode levar at\u00e9 2000 KG, tornando-o um dos mais confi\u00e1veis <strong data-start=\"905\" data-end=\"932\">ve\u00edculos el\u00e9tricos de carga<\/strong> para trabalho pesado.<\/p>\n<\/li>\n<li data-start=\"956\" data-end=\"1106\">\n<p data-start=\"959\" data-end=\"1106\"><strong data-start=\"959\" data-end=\"990\">Rendimento Motor Efficiente<\/strong> \u2013 Equipado com um motor de 1500W e um sistema de 60V\/72V, o trique assegura uma sa\u00edda de pot\u00eancia consistente e um funcionamento suave.<\/p>\n<\/li>\n<li data-start=\"1107\" data-end=\"1260\">\n<p data-start=\"1110\" data-end=\"1260\"><strong data-start=\"1110\" data-end=\"1145\">Solu\u00e7\u00e3o de Log\u00edstica Amiga do Ambiente<\/strong> \u2013 Opera com emiss\u00f5es zero, oferecendo uma escolha sustent\u00e1vel em compara\u00e7\u00e3o com cami\u00f5es de tr\u00eas rodas de diesel ou gasolina.<\/p>\n<\/li>\n<li data-start=\"1261\" data-end=\"1427\">\n<p data-start=\"1264\" data-end=\"1427\"><strong data-start=\"1264\" data-end=\"1297\">Design robusto para estradas dif\u00edceis<\/strong> \u2013 Suspens\u00e3o refor\u00e7ada e pneus grandes (Fronte 4.00-12, Rear 4.50-12) proporcionam durabilidade para aplica\u00e7\u00f5es industriais e rurais.<\/p>\n<\/li>\n<\/ol>\n<hr data-start=\"4742\" data-end=\"4745\" \/>\n<h2 data-start=\"1429\" data-end=\"1460\">Avan\u00e7os de Diferencia\u00e7\u00e3o<\/h2>\n<ol data-start=\"1461\" data-end=\"2111\">\n<li data-start=\"1461\" data-end=\"1641\">\n<p data-start=\"1464\" data-end=\"1641\"><strong data-start=\"1464\" data-end=\"1499\">Alta efici\u00eancia vs. Cami\u00f5es de combust\u00edvel<\/strong> \u2013 Ao contr\u00e1rio dos ve\u00edculos tradicionais, <strong data-start=\"1535\" data-end=\"1569\">triciclo de carga el\u00e9trica de tr\u00eas rodas<\/strong> tem menores custos de funcionamento, ru\u00eddo reduzido e desempenho ecol\u00f3gico.<\/p>\n<\/li>\n<li data-start=\"1642\" data-end=\"1804\">\n<p data-start=\"1645\" data-end=\"1804\"><strong data-start=\"1645\" data-end=\"1670\">Durabilidade de Trabalho Pessoal<\/strong> \u2013 Designado com um quadro de a \u00e7o e um sistema de travagem forte (tambor de frente) assegurando a seguran\u00e7a mesmo quando carregando cargas m\u00e1ximas.<\/p>\n<\/li>\n<li data-start=\"1805\" data-end=\"1946\">\n<p data-start=\"1808\" data-end=\"1946\"><strong data-start=\"1808\" data-end=\"1835\">Cargas flex\u00edveis e Usar<\/strong> \u2013 Com um tempo de carga de 8 horas, ele fornece at\u00e9 50 km de dist\u00e2ncia por carga, perfeito para tarefas log\u00edsticas di\u00e1rias.<\/p>\n<\/li>\n<li data-start=\"1947\" data-end=\"2111\">\n<p data-start=\"1950\" data-end=\"2111\"><strong data-start=\"1950\" data-end=\"1981\">Produ\u00e7\u00e3o de Grado Industrial<\/strong> \u2013 Fabricado sob padr\u00f5es estritos com uma capacidade de produ\u00e7\u00e3o de 100.000 unidades por ano, assegurando qualidade e abastecimento est\u00e1vel.<\/p>\n<\/li>\n<\/ol>\n<p><img fetchpriority=\"high\" decoding=\"async\" class=\"alignnone size-medium wp-image-4083\" src=\"https:\/\/www.tairuiauto.com\/wp-content\/uploads\/2025\/10\/cff02c9e-6273-4c8d-b5a0-7cc9f48f5b12-300x300.jpg\" alt=\"\" width=\"300\" height=\"300\" srcset=\"https:\/\/www.tairuiauto.com\/wp-content\/uploads\/2025\/10\/cff02c9e-6273-4c8d-b5a0-7cc9f48f5b12-300x300.jpg 300w, https:\/\/www.tairuiauto.com\/wp-content\/uploads\/2025\/10\/cff02c9e-6273-4c8d-b5a0-7cc9f48f5b12-1024x1024.jpg 1024w, https:\/\/www.tairuiauto.com\/wp-content\/uploads\/2025\/10\/cff02c9e-6273-4c8d-b5a0-7cc9f48f5b12-150x150.jpg 150w, https:\/\/www.tairuiauto.com\/wp-content\/uploads\/2025\/10\/cff02c9e-6273-4c8d-b5a0-7cc9f48f5b12-768x768.jpg 768w, https:\/\/www.tairuiauto.com\/wp-content\/uploads\/2025\/10\/cff02c9e-6273-4c8d-b5a0-7cc9f48f5b12-1536x1536.jpg 1536w, https:\/\/www.tairuiauto.com\/wp-content\/uploads\/2025\/10\/cff02c9e-6273-4c8d-b5a0-7cc9f48f5b12-2048x2048.jpg 2048w, https:\/\/www.tairuiauto.com\/wp-content\/uploads\/2025\/10\/cff02c9e-6273-4c8d-b5a0-7cc9f48f5b12-12x12.jpg 12w, https:\/\/www.tairuiauto.com\/wp-content\/uploads\/2025\/10\/cff02c9e-6273-4c8d-b5a0-7cc9f48f5b12-600x600.jpg 600w, https:\/\/www.tairuiauto.com\/wp-content\/uploads\/2025\/10\/cff02c9e-6273-4c8d-b5a0-7cc9f48f5b12-100x100.jpg 100w\" sizes=\"(max-width: 300px) 100vw, 300px\" \/>\u00a0 \u00a0 \u00a0 \u00a0 \u00a0 \u00a0 \u00a0 \u00a0 \u00a0 \u00a0 \u00a0 \u00a0 \u00a0 \u00a0 \u00a0 <img decoding=\"async\" class=\"alignnone size-medium wp-image-4082\" src=\"https:\/\/www.tairuiauto.com\/wp-content\/uploads\/2025\/10\/749154bb-bb36-4cec-bdde-9de1b7fa99cf-300x300.jpg\" alt=\"\" width=\"300\" height=\"300\" srcset=\"https:\/\/www.tairuiauto.com\/wp-content\/uploads\/2025\/10\/749154bb-bb36-4cec-bdde-9de1b7fa99cf-300x300.jpg 300w, https:\/\/www.tairuiauto.com\/wp-content\/uploads\/2025\/10\/749154bb-bb36-4cec-bdde-9de1b7fa99cf-1024x1024.jpg 1024w, https:\/\/www.tairuiauto.com\/wp-content\/uploads\/2025\/10\/749154bb-bb36-4cec-bdde-9de1b7fa99cf-150x150.jpg 150w, https:\/\/www.tairuiauto.com\/wp-content\/uploads\/2025\/10\/749154bb-bb36-4cec-bdde-9de1b7fa99cf-768x768.jpg 768w, https:\/\/www.tairuiauto.com\/wp-content\/uploads\/2025\/10\/749154bb-bb36-4cec-bdde-9de1b7fa99cf-1536x1536.jpg 1536w, https:\/\/www.tairuiauto.com\/wp-content\/uploads\/2025\/10\/749154bb-bb36-4cec-bdde-9de1b7fa99cf-2048x2048.jpg 2048w, https:\/\/www.tairuiauto.com\/wp-content\/uploads\/2025\/10\/749154bb-bb36-4cec-bdde-9de1b7fa99cf-12x12.jpg 12w, https:\/\/www.tairuiauto.com\/wp-content\/uploads\/2025\/10\/749154bb-bb36-4cec-bdde-9de1b7fa99cf-600x600.jpg 600w, https:\/\/www.tairuiauto.com\/wp-content\/uploads\/2025\/10\/749154bb-bb36-4cec-bdde-9de1b7fa99cf-100x100.jpg 100w\" sizes=\"(max-width: 300px) 100vw, 300px\" \/><\/p>\n<hr data-start=\"4742\" data-end=\"4745\" \/>\n<h2 data-start=\"2570\" data-end=\"2595\">Par\u00e2metros T\u00e9cnicos<\/h2>\n<ul data-start=\"2596\" data-end=\"2770\">\n<li data-start=\"2596\" data-end=\"2641\">\n<p data-start=\"2598\" data-end=\"2641\">Sistema de Condu\u00e7\u00e3o: Condu\u00e7\u00e3o el\u00e9trica, de tr\u00eas rodas<\/p>\n<\/li>\n<li data-start=\"2642\" data-end=\"2690\">\n<p data-start=\"2644\" data-end=\"2690\">Suspens\u00e3o: Absor\u00e7\u00e3o de choque de tr\u00e1s pesado<\/p>\n<\/li>\n<li data-start=\"2691\" data-end=\"2727\">\n<p data-start=\"2693\" data-end=\"2727\">Rango de carga: At\u00e9 2000KG carga \u00fatil<\/p>\n<\/li>\n<li data-start=\"2728\" data-end=\"2770\">\n<p data-start=\"2730\" data-end=\"2770\">Capacidade de produ\u00e7\u00e3o: 100.000 conjuntos por ano<\/p>\n<\/li>\n<\/ul>\n<hr data-start=\"4742\" data-end=\"4745\" \/>\n<h2 data-start=\"2772\" data-end=\"2785\">Material<\/h2>\n<ul data-start=\"2786\" data-end=\"2962\">\n<li data-start=\"2786\" data-end=\"2841\">\n<p data-start=\"2788\" data-end=\"2841\"><strong data-start=\"2788\" data-end=\"2816\">Chassis de a\u00e7o refor\u00e7ado<\/strong> para a m\u00e1xima durabilidade<\/p>\n<\/li>\n<li data-start=\"2842\" data-end=\"2902\">\n<p data-start=\"2844\" data-end=\"2902\"><strong data-start=\"2844\" data-end=\"2871\">pneus de borracha de alto grau<\/strong> para o desempenho de carga<\/p>\n<\/li>\n<li data-start=\"2903\" data-end=\"2962\">\n<p data-start=\"2905\" data-end=\"2962\"><strong data-start=\"2905\" data-end=\"2936\">Componentes protetores de liga<\/strong> por uma vida de servi\u00e7o mais longa<\/p>\n<\/li>\n<\/ul>\n<hr data-start=\"4742\" data-end=\"4745\" \/>\n<h2 data-start=\"2964\" data-end=\"2979\">Apar\u00eancia<\/h2>\n<ul data-start=\"2980\" data-end=\"3106\">\n<li data-start=\"2980\" data-end=\"3019\">\n<p data-start=\"2982\" data-end=\"3019\">Design funcional, de estilo industrial<\/p>\n<\/li>\n<li data-start=\"3020\" data-end=\"3061\">\n<p data-start=\"3022\" data-end=\"3061\">Finaliza\u00e7\u00e3o de mat\u00e9ria com cores personalizadas<\/p>\n<\/li>\n<li data-start=\"3062\" data-end=\"3106\">\n<p data-start=\"3064\" data-end=\"3106\">Larga cama de carga para carga multiprop\u00f3sito<\/p>\n<\/li>\n<\/ul>\n<hr data-start=\"4742\" data-end=\"4745\" \/>\n<h2 data-start=\"3108\" data-end=\"3119\">Design<\/h2>\n<ul data-start=\"3120\" data-end=\"3278\">\n<li data-start=\"3120\" data-end=\"3160\">\n<p data-start=\"3122\" data-end=\"3160\">Constru\u00eddo para <strong data-start=\"3132\" data-end=\"3158\">utilidade e efici\u00eancia<\/strong><\/p>\n<\/li>\n<li data-start=\"3161\" data-end=\"3224\">\n<p data-start=\"3163\" data-end=\"3224\">A suspens\u00e3o pesada garante conforto mesmo em terreno bruto<\/p>\n<\/li>\n<li data-start=\"3225\" data-end=\"3278\">\n<p data-start=\"3227\" data-end=\"3278\">Posi\u00e7\u00e3o ergon\u00f4mica de condu\u00e7\u00e3o por horas longas de trabalho<\/p>\n<\/li>\n<\/ul>\n<hr data-start=\"4742\" data-end=\"4745\" \/>\n<h2 data-start=\"3280\" data-end=\"3302\">Adapta\u00e7\u00e3o OEM<\/h2>\n<ul data-start=\"3303\" data-end=\"3447\">\n<li data-start=\"3303\" data-end=\"3344\">\n<p data-start=\"3305\" data-end=\"3344\">Dimens\u00f5es de caixa de carga personalizada dispon\u00edveis<\/p>\n<\/li>\n<li data-start=\"3345\" data-end=\"3389\">\n<p data-start=\"3347\" data-end=\"3389\">A marca e a personaliza\u00e7\u00e3o das cores oferecidas<\/p>\n<\/li>\n<li data-start=\"3390\" data-end=\"3447\">\n<p data-start=\"3392\" data-end=\"3447\">Op\u00e7\u00f5es para configura\u00e7\u00f5es motoras e baterias actualizadas<\/p>\n<\/li>\n<\/ul>\n<hr data-start=\"4742\" data-end=\"4745\" \/>\n<h2 data-start=\"3449\" data-end=\"3469\">Controlo da qualidade<\/h2>\n<ul data-start=\"3470\" data-end=\"3638\">\n<li data-start=\"3470\" data-end=\"3587\">\n<p data-start=\"3472\" data-end=\"3587\">Cada <strong data-start=\"3478\" data-end=\"3502\">tr\u00eas rodas de cami\u00e3o de carga e-trike<\/strong> passa por testes de freio, testes de carga e controles de efici\u00eancia motora antes da entrega<\/p>\n<\/li>\n<li data-start=\"3588\" data-end=\"3638\">\n<p data-start=\"3590\" data-end=\"3638\">Complian\u00e7a com padr\u00f5es internacionais de exporta\u00e7\u00e3o<\/p>\n<\/li>\n<\/ul>\n<hr data-start=\"4742\" data-end=\"4745\" \/>\n<h2 data-start=\"3640\" data-end=\"3664\">Servi\u00e7o de Depois de Venda<\/h2>\n<ul data-start=\"3665\" data-end=\"3796\">\n<li data-start=\"3665\" data-end=\"3694\">\n<p data-start=\"3667\" data-end=\"3694\">Fornecimento global de pe\u00e7as de reposi\u00e7\u00e3o<\/p>\n<\/li>\n<li data-start=\"3695\" data-end=\"3740\">\n<p data-start=\"3697\" data-end=\"3740\">Consulta t\u00e9cnica e apoio online<\/p>\n<\/li>\n<li data-start=\"3741\" data-end=\"3796\">\n<p data-start=\"3743\" data-end=\"3796\">Op\u00e7\u00f5es de garantia dispon\u00edveis para motores e controladores<\/p>\n<\/li>\n<\/ul>\n<hr data-start=\"4742\" data-end=\"4745\" \/>\n<h2 data-start=\"3798\" data-end=\"3821\">Campos de Aplica\u00e7\u00e3o<\/h2>\n<ul data-start=\"3822\" data-end=\"3972\">\n<li data-start=\"3822\" data-end=\"3855\">\n<p data-start=\"3824\" data-end=\"3855\">Log\u00edstica e flotas de entrega<\/p>\n<\/li>\n<li data-start=\"3856\" data-end=\"3894\">\n<p data-start=\"3858\" data-end=\"3894\">Constru\u00e7\u00e3o e transporte de f\u00e1brica<\/p>\n<\/li>\n<li data-start=\"3895\" data-end=\"3939\">\n<p data-start=\"3897\" data-end=\"3939\">Produtos agr\u00edcolas e materiais agr\u00edcolas<\/p>\n<\/li>\n<li data-start=\"3940\" data-end=\"3972\">\n<p data-start=\"3942\" data-end=\"3972\">Opera\u00e7\u00f5es de servi\u00e7o municipal<\/p>\n<\/li>\n<\/ul>\n<hr data-start=\"4742\" data-end=\"4745\" \/>\n<h2 data-start=\"3974\" data-end=\"3993\">M\u00e9todo de Pagamento<\/h2>\n<ul data-start=\"3994\" data-end=\"4066\">\n<li data-start=\"3994\" data-end=\"4066\">\n<p data-start=\"3996\" data-end=\"4066\">Op\u00e7\u00f5es flex\u00edveis incluindo T\/T, L\/C e m\u00e9todos de com\u00e9rcio internacional<\/p>\n<\/li>\n<\/ul>\n<hr data-start=\"4742\" data-end=\"4745\" \/>\n<h2 data-start=\"4068\" data-end=\"4076\">FAQ<\/h2>\n<p data-start=\"4077\" data-end=\"4203\"><strong data-start=\"4077\" data-end=\"4133\">Q1: Qual \u00e9 a capacidade m\u00e1xima de carga do cami\u00e3o de tr\u00eas rodas?<\/strong><br data-start=\"4133\" data-end=\"4136\" \/>A1: A <strong data-start=\"4144\" data-end=\"4177\">trigo el\u00e9trico de carga de tr\u00eas rodas<\/strong> pode levar at\u00e9 2000 KG.<\/p>\n<p data-start=\"4205\" data-end=\"4326\"><strong data-start=\"4205\" data-end=\"4264\">Q2: Quanto longe pode o tricicleta viajar com uma \u00fanica carga?<\/strong><br data-start=\"4264\" data-end=\"4267\" \/>A2: A resist\u00eancia \u00e9 aproximadamente 50 km por carga completa.<\/p>\n<p data-start=\"4328\" data-end=\"4411\"><strong data-start=\"4328\" data-end=\"4364\">Q3: Quanto tempo leva a carga?<\/strong><br data-start=\"4364\" data-end=\"4367\" \/>A3: Uma carga completa requer cerca de 8 horas.<\/p>\n<p data-start=\"4413\" data-end=\"4608\"><strong data-start=\"4413\" data-end=\"4473\">Q4: Este modelo pode ser usado em \u00e1reas rurais ou industriais?<\/strong><br data-start=\"4473\" data-end=\"4476\" \/>A4: Sim, o <strong data-start=\"4489\" data-end=\"4517\">cami\u00e3o de tr\u00eas rodas de carga cami\u00e3o de tr\u00eas rodas<\/strong> \u00e9 projetado tanto para ambientes urbanos como rurais, com pneus refor\u00e7ados e suspens\u00e3o.<\/p>\n<p data-start=\"4610\" data-end=\"4740\"><strong data-start=\"4610\" data-end=\"4649\">Q5: A personaliza\u00e7\u00e3o do OEM est\u00e1 dispon\u00edvel?<\/strong><br data-start=\"4649\" data-end=\"4652\" \/>A5: Sim, fornecemos op\u00e7\u00f5es para personaliza\u00e7\u00e3o de caixas de carga, marca e atualiza\u00e7\u00e3o de motores.<\/p>\n<hr data-start=\"4742\" data-end=\"4745\" \/>\n<p data-start=\"4747\" data-end=\"4913\">","protected":false},"excerpt":{"rendered":"<p>O <strong data-start=\"251\" data-end=\"261\">cami\u00e3o de tr\u00eas rodas<\/strong> \u00e9 um trabalho pesado <strong data-start=\"278\" data-end=\"305\">tricicleta de carga el\u00e9trica<\/strong> projetado para log\u00edstica de m\u00e9dia a grande escala, opera\u00e7\u00f5es industriais e transporte agr\u00edcola. Constru\u00eddo com um motor poderoso de 1500W e apoiado por um controlador de 24 tubos, este <strong data-start=\"481\" data-end=\"502\">cami\u00e3o de tr\u00eas rodas<\/strong> combina for\u00e7a, estabilidade e efici\u00eancia. Com uma capacidade m\u00e1xima de carga de 2000KG e uma velocidade m\u00e1xima de 52 km\/h, o<strong data-start=\"623\" data-end=\"656\">\u00a0trigo el\u00e9trico de carga<\/strong> \u00e9 uma alternativa ideal ao transporte tradicional baseado em combust\u00edvel, oferecendo emiss\u00f5es zero e opera\u00e7\u00e3o de poupan\u00e7a de custos.<\/p>","protected":false},"featured_media":4085,"comment_status":"open","ping_status":"closed","template":"","meta":[],"product_brand":[],"product_cat":[78],"product_tag":[],"class_list":{"0":"post-4111","1":"product","2":"type-product","3":"status-publish","4":"has-post-thumbnail","6":"product_cat-electric-tricycle","8":"first","9":"instock","10":"shipping-taxable","11":"product-type-simple"},"_links":{"self":[{"href":"https:\/\/www.tairuiauto.com\/pt\/wp-json\/wp\/v2\/product\/4111","targetHints":{"allow":["GET"]}}],"collection":[{"href":"https:\/\/www.tairuiauto.com\/pt\/wp-json\/wp\/v2\/product"}],"about":[{"href":"https:\/\/www.tairuiauto.com\/pt\/wp-json\/wp\/v2\/types\/product"}],"replies":[{"embeddable":true,"href":"https:\/\/www.tairuiauto.com\/pt\/wp-json\/wp\/v2\/comments?post=4111"}],"wp:featuredmedia":[{"embeddable":true,"href":"https:\/\/www.tairuiauto.com\/pt\/wp-json\/wp\/v2\/media\/4085"}],"wp:attachment":[{"href":"https:\/\/www.tairuiauto.com\/pt\/wp-json\/wp\/v2\/media?parent=4111"}],"wp:term":[{"taxonomy":"product_brand","embeddable":true,"href":"https:\/\/www.tairuiauto.com\/pt\/wp-json\/wp\/v2\/product_brand?post=4111"},{"taxonomy":"product_cat","embeddable":true,"href":"https:\/\/www.tairuiauto.com\/pt\/wp-json\/wp\/v2\/product_cat?post=4111"},{"taxonomy":"product_tag","embeddable":true,"href":"https:\/\/www.tairuiauto.com\/pt\/wp-json\/wp\/v2\/product_tag?post=4111"}],"curies":[{"name":"wp","href":"https:\/\/api.w.org\/{rel}","templated":true}]}}