{"id":4113,"date":"2025-10-30T10:15:55","date_gmt":"2025-10-30T02:15:55","guid":{"rendered":"https:\/\/www.tairuiauto.com\/?post_type=product&#038;p=4113"},"modified":"2025-10-23T09:32:54","modified_gmt":"2025-10-23T01:32:54","slug":"4-doors-electric-city-car","status":"publish","type":"product","link":"https:\/\/www.tairuiauto.com\/pt\/product\/4-doors-electric-city-car\/","title":{"rendered":"4 portas carro el\u00e9trico da cidade"},"content":{"rendered":"<h2 data-start=\"259\" data-end=\"283\">Descri\u00e7\u00e3o do produto<\/h2>\n<p data-start=\"284\" data-end=\"741\">O <strong data-start=\"607\" data-end=\"643\">4 portas carro el\u00e9trico da cidade <\/strong>\u00e9 ideal para viagens di\u00e1rias, uso familiar e transporte a curta dist\u00e2ncia em cidades e cidades.<\/p>\n<table style=\"border-collapse: collapse; width: 66.0223%; height: 559px;\" border=\"0\" width=\"715\" cellspacing=\"0\" cellpadding=\"0\">\n<tbody>\n<tr style=\"height: 20.00pt;\">\n<td class=\"et4\" style=\"height: 20pt; width: 39.6529%;\" width=\"311\" height=\"33\">Modelo<\/td>\n<td class=\"et4\" style=\"width: 60.0801%;\" width=\"404\">4 portas carro el\u00e9trico da cidade<\/td>\n<\/tr>\n<tr style=\"height: 20.00pt;\">\n<td class=\"et5\" style=\"height: 20pt; width: 39.6529%;\" width=\"311\" height=\"33\">Volta\u00e7\u00e3o<\/td>\n<td class=\"et5\" style=\"width: 60.0801%;\" width=\"404\">60V<\/td>\n<\/tr>\n<tr style=\"height: 20.00pt;\">\n<td class=\"et5\" style=\"height: 20pt; width: 39.6529%;\" width=\"311\" height=\"33\">Pot\u00eancia<\/td>\n<td class=\"et5\" style=\"width: 60.0801%;\" width=\"404\">&gt; 800W<\/td>\n<\/tr>\n<tr style=\"height: 20.00pt;\">\n<td class=\"et5\" style=\"height: 20pt; width: 39.6529%;\" width=\"311\" height=\"33\">Certifica\u00e7\u00e3o<\/td>\n<td class=\"et5\" style=\"width: 60.0801%;\" width=\"404\">CCC, CEE, CE<\/td>\n<\/tr>\n<tr style=\"height: 20.00pt;\">\n<td class=\"et5\" style=\"height: 20pt; width: 39.6529%;\" width=\"311\" height=\"33\">Tipo de corpo<\/td>\n<td class=\"et5\" style=\"width: 60.0801%;\" width=\"404\">Fechado<\/td>\n<\/tr>\n<tr style=\"height: 20.00pt;\">\n<td class=\"et5\" style=\"height: 20pt; width: 39.6529%;\" width=\"311\" height=\"33\">Escolha de Cores<\/td>\n<td class=\"et5\" style=\"width: 60.0801%;\" width=\"404\">Personalizado<\/td>\n<\/tr>\n<tr style=\"height: 20.00pt;\">\n<td class=\"et5\" style=\"height: 20pt; width: 39.6529%;\" width=\"311\" height=\"33\">Velocidade m\u00e1xima Km\/H<\/td>\n<td class=\"et5\" style=\"width: 60.0801%;\" width=\"404\">30-40 km\/H<\/td>\n<\/tr>\n<tr style=\"height: 20.00pt;\">\n<td class=\"et5\" style=\"height: 20pt; width: 39.6529%;\" width=\"311\" height=\"33\">Motor<\/td>\n<td class=\"et5\" style=\"width: 60.0801%;\" width=\"404\">48\/60V 800W<\/td>\n<\/tr>\n<tr style=\"height: 20.00pt;\">\n<td class=\"et5\" style=\"height: 20pt; width: 39.6529%;\" width=\"311\" height=\"33\">Tipo de trav\u00e3o<\/td>\n<td class=\"et5\" style=\"width: 60.0801%;\" width=\"404\">Disco Atr\u00e1s<\/td>\n<\/tr>\n<tr style=\"height: 20.00pt;\">\n<td class=\"et5\" style=\"height: 20pt; width: 39.6529%;\" width=\"311\" height=\"33\">Pacote de Transporte<\/td>\n<td class=\"et5\" style=\"width: 60.0801%;\" width=\"404\">Wrap Foam<\/td>\n<\/tr>\n<tr style=\"height: 20.00pt;\">\n<td class=\"et5\" style=\"height: 20pt; width: 39.6529%;\" width=\"311\" height=\"33\">Origem<\/td>\n<td class=\"et5\" style=\"width: 60.0801%;\" width=\"404\">China<\/td>\n<\/tr>\n<tr style=\"height: 20.00pt;\">\n<td class=\"et5\" style=\"height: 20pt; width: 39.6529%;\" width=\"311\" height=\"33\">Especifica\u00e7\u00e3o<\/td>\n<td class=\"et5\" style=\"width: 60.0801%;\" width=\"404\">2600*1300*1650mm<\/td>\n<\/tr>\n<tr style=\"height: 20.00pt;\">\n<td class=\"et5\" style=\"height: 20pt; width: 39.6529%;\" width=\"311\" height=\"33\">C\u00f3digo HS<\/td>\n<td class=\"et5\" style=\"width: 60.0801%;\" width=\"404\">8703800090<\/td>\n<\/tr>\n<tr style=\"height: 20.00pt;\">\n<td class=\"et5\" style=\"height: 20pt; width: 39.6529%;\" width=\"311\" height=\"33\">Capacidade de Produ\u00e7\u00e3o<\/td>\n<td class=\"et5\" style=\"width: 60.0801%;\" width=\"404\">300000 Unidades\/Ano<\/td>\n<\/tr>\n<tr style=\"height: 20.00pt;\">\n<td class=\"et5\" style=\"height: 20pt; width: 39.6529%;\" width=\"311\" height=\"33\">Modo de travagem<\/td>\n<td class=\"et5\" style=\"width: 60.0801%;\" width=\"404\">Bateria anterior \u00b7 Bateria posterior<\/td>\n<\/tr>\n<tr style=\"height: 20.00pt;\">\n<td class=\"et5\" style=\"height: 20pt; width: 39.6529%;\" width=\"311\" height=\"33\">Minimum ground clearance<\/td>\n<td class=\"et5\" style=\"width: 60.0801%;\" width=\"404\">135<\/td>\n<\/tr>\n<tr style=\"height: 20.00pt;\">\n<td class=\"et5\" style=\"height: 20pt; width: 39.6529%;\" width=\"311\" height=\"33\">Capacidade de Produ\u00e7\u00e3o<\/td>\n<td class=\"et5\" style=\"width: 60.0801%;\" width=\"404\">100000 conjuntos\/ano<\/td>\n<\/tr>\n<tr style=\"height: 20.00pt;\">\n<td class=\"et5\" style=\"height: 20pt; width: 39.6529%;\" width=\"311\" height=\"33\">Tamanho do Paquete<\/td>\n<td class=\"et5\" style=\"width: 60.0801%;\" width=\"404\">320cm * 120cm * 140cm<\/td>\n<\/tr>\n<tr style=\"height: 20.00pt;\">\n<td class=\"et5\" style=\"height: 20pt; width: 39.6529%;\" width=\"311\" height=\"33\">Peso bruto do pacote<\/td>\n<td class=\"et5\" style=\"width: 60.0801%;\" width=\"404\">260kg<\/td>\n<\/tr>\n<\/tbody>\n<\/table>\n<hr data-start=\"4379\" data-end=\"4382\" \/>\n<h2 data-start=\"743\" data-end=\"766\">Key Selling Points<\/h2>\n<ol data-start=\"767\" data-end=\"1337\">\n<li data-start=\"767\" data-end=\"930\">\n<p data-start=\"770\" data-end=\"930\"><strong data-start=\"770\" data-end=\"794\">Compact Yet Spacious<\/strong> \u2013 A cabina de quatro portas fornece conforto e seguran\u00e7a sentada, fazendo <strong data-start=\"865\" data-end=\"883\">4 portas carro el\u00e9trico da cidade<\/strong> adequado para o transporte familiar e de passageiros.<\/p>\n<\/li>\n<li data-start=\"931\" data-end=\"1068\">\n<p data-start=\"934\" data-end=\"1068\"><strong data-start=\"934\" data-end=\"966\">Transporte urbano ecol\u00f3gico<\/strong> \u2013 Com emiss\u00f5es zero, isso <strong data-start=\"995\" data-end=\"1016\">minicarro el\u00e9trico<\/strong> reduz a polui\u00e7\u00e3o enquanto baixa os custos operacionais.<\/p>\n<\/li>\n<li data-start=\"1069\" data-end=\"1211\">\n<p data-start=\"1072\" data-end=\"1211\"><strong data-start=\"1072\" data-end=\"1106\">Certificado para Qualidade &amp; - Seguran\u00e7a<\/strong> \u2013 Completamente conforme <strong data-start=\"1130\" data-end=\"1165\">Certifica\u00e7\u00f5es CCC, CEE e CE<\/strong>, assegurando confiabilidade e disponibilidade para exporta\u00e7\u00e3o.<\/p>\n<\/li>\n<li data-start=\"1212\" data-end=\"1337\">\n<p data-start=\"1215\" data-end=\"1337\"><strong data-start=\"1215\" data-end=\"1242\">Velocidade Pr\u00e1tica e Rango<\/strong> - Capazes de alcan\u00e7ar 30-40 km\/h com um intervalo de 50 km por carga, perfeito para viagens urbanas.<\/p>\n<\/li>\n<\/ol>\n<hr data-start=\"4379\" data-end=\"4382\" \/>\n<h2 data-start=\"1339\" data-end=\"1370\">Avan\u00e7os de Diferencia\u00e7\u00e3o<\/h2>\n<ol data-start=\"1371\" data-end=\"1937\">\n<li data-start=\"1371\" data-end=\"1556\">\n<p data-start=\"1374\" data-end=\"1556\"><strong data-start=\"1374\" data-end=\"1413\">Alternativa mais segura aos Triciclos Abertos<\/strong> \u2013 Ao contr\u00e1rio das trizes eletr\u00f4nicas padr\u00f5es, <strong data-start=\"1446\" data-end=\"1464\">4 portas carro el\u00e9trico da cidade<\/strong> apresenta um corpo fechado com quatro portas, assegurando prote\u00e7\u00e3o meteorol\u00f3gica e seguran\u00e7a dos passageiros.<\/p>\n<\/li>\n<li data-start=\"1557\" data-end=\"1680\">\n<p data-start=\"1560\" data-end=\"1680\"><strong data-start=\"1560\" data-end=\"1584\">Utiliza\u00e7\u00e3o Multifuncional<\/strong> - Adequado como <strong data-start=\"1601\" data-end=\"1628\">ve\u00edculo el\u00e9trico familiar<\/strong>, nave comunit\u00e1ria, ou carro de entrega da vizinhan\u00e7a.<\/p>\n<\/li>\n<li data-start=\"1681\" data-end=\"1804\">\n<p data-start=\"1684\" data-end=\"1804\"><strong data-start=\"1684\" data-end=\"1711\">Apar\u00eancia Personaliz\u00e1vel<\/strong> \u2013 Dispon\u00edvel em diferentes cores e op\u00e7\u00f5es de marca para atender \u00e0s necessidades comerciais ou pessoais.<\/p>\n<\/li>\n<li data-start=\"1805\" data-end=\"1937\">\n<p data-start=\"1808\" data-end=\"1937\"><strong data-start=\"1808\" data-end=\"1836\">Alta Capacidade de Produ\u00e7\u00e3o<\/strong> \u2013 Com at\u00e9 <strong data-start=\"1850\" data-end=\"1872\">300.000 unidades\/ano<\/strong>o abastecimento \u00e9 est\u00e1vel para ordens em massa e personaliza\u00e7\u00e3o da frota.<\/p>\n<\/li>\n<\/ol>\n<p><img fetchpriority=\"high\" decoding=\"async\" class=\"wp-image-4118 aligncenter\" src=\"https:\/\/www.tairuiauto.com\/wp-content\/uploads\/2025\/10\/38e07943-3c21-4bbf-bb2e-f8bbbfdd6cae-150x300.webp\" alt=\"\" width=\"222\" height=\"444\" srcset=\"https:\/\/www.tairuiauto.com\/wp-content\/uploads\/2025\/10\/38e07943-3c21-4bbf-bb2e-f8bbbfdd6cae-150x300.webp 150w, https:\/\/www.tairuiauto.com\/wp-content\/uploads\/2025\/10\/38e07943-3c21-4bbf-bb2e-f8bbbfdd6cae-512x1024.webp 512w, https:\/\/www.tairuiauto.com\/wp-content\/uploads\/2025\/10\/38e07943-3c21-4bbf-bb2e-f8bbbfdd6cae-768x1536.webp 768w, https:\/\/www.tairuiauto.com\/wp-content\/uploads\/2025\/10\/38e07943-3c21-4bbf-bb2e-f8bbbfdd6cae-1024x2048.webp 1024w, https:\/\/www.tairuiauto.com\/wp-content\/uploads\/2025\/10\/38e07943-3c21-4bbf-bb2e-f8bbbfdd6cae-6x12.webp 6w, https:\/\/www.tairuiauto.com\/wp-content\/uploads\/2025\/10\/38e07943-3c21-4bbf-bb2e-f8bbbfdd6cae-600x1200.webp 600w, https:\/\/www.tairuiauto.com\/wp-content\/uploads\/2025\/10\/38e07943-3c21-4bbf-bb2e-f8bbbfdd6cae.webp 1060w\" sizes=\"(max-width: 222px) 100vw, 222px\" \/><\/p>\n<hr data-start=\"4379\" data-end=\"4382\" \/>\n<h2 data-start=\"2372\" data-end=\"2397\">Par\u00e2metros T\u00e9cnicos<\/h2>\n<ul data-start=\"2398\" data-end=\"2554\">\n<li data-start=\"2398\" data-end=\"2425\">\n<p data-start=\"2400\" data-end=\"2425\">Rango por carga: 50 km<\/p>\n<\/li>\n<li data-start=\"2426\" data-end=\"2468\">\n<p data-start=\"2428\" data-end=\"2468\">Sistema de travagem: tambor frontal, disco traseiro<\/p>\n<\/li>\n<li data-start=\"2469\" data-end=\"2497\">\n<p data-start=\"2471\" data-end=\"2497\">Limpamento do solo: 135 mm<\/p>\n<\/li>\n<li data-start=\"2498\" data-end=\"2521\">\n<p data-start=\"2500\" data-end=\"2521\">HS Code: 8703800090<\/p>\n<\/li>\n<li data-start=\"2522\" data-end=\"2554\">\n<p data-start=\"2524\" data-end=\"2554\">Paquete de transporte: Envolvimento de foam<\/p>\n<\/li>\n<\/ul>\n<hr data-start=\"4379\" data-end=\"4382\" \/>\n<h2 data-start=\"2556\" data-end=\"2569\">Material<\/h2>\n<ul data-start=\"2570\" data-end=\"2694\">\n<li data-start=\"2570\" data-end=\"2612\">\n<p data-start=\"2572\" data-end=\"2612\">Forte <strong data-start=\"2579\" data-end=\"2599\">quadro corporal de a\u00e7o<\/strong> para a seguran\u00e7a<\/p>\n<\/li>\n<li data-start=\"2613\" data-end=\"2645\">\n<p data-start=\"2615\" data-end=\"2645\">Refor\u00e7ado <strong data-start=\"2626\" data-end=\"2643\">janelas de vidro<\/strong><\/p>\n<\/li>\n<li data-start=\"2646\" data-end=\"2694\">\n<p data-start=\"2648\" data-end=\"2694\">Dur\u00e1vel <strong data-start=\"2656\" data-end=\"2672\">pneus de borracha<\/strong> para manejo suave<\/p>\n<\/li>\n<\/ul>\n<hr data-start=\"4379\" data-end=\"4382\" \/>\n<h2 data-start=\"2696\" data-end=\"2711\">Apar\u00eancia<\/h2>\n<ul data-start=\"2712\" data-end=\"2839\">\n<li data-start=\"2712\" data-end=\"2776\">\n<p data-start=\"2714\" data-end=\"2776\">Estilo moderno compacto com <strong data-start=\"2744\" data-end=\"2774\">design de quatro portas<\/strong><\/p>\n<\/li>\n<li data-start=\"2777\" data-end=\"2839\">\n<p data-start=\"2779\" data-end=\"2839\">Corpo fluidizado com bordas suaves e olhar amig\u00e1vel<\/p>\n<\/li>\n<\/ul>\n<hr data-start=\"4379\" data-end=\"4382\" \/>\n<h2 data-start=\"2841\" data-end=\"2852\">Design<\/h2>\n<ul data-start=\"2853\" data-end=\"3017\">\n<li data-start=\"2853\" data-end=\"2902\">\n<p data-start=\"2855\" data-end=\"2902\">Designed as <strong data-start=\"2869\" data-end=\"2900\">mini carro el\u00e9trico de passageiros<\/strong><\/p>\n<\/li>\n<li data-start=\"2903\" data-end=\"2957\">\n<p data-start=\"2905\" data-end=\"2957\">Comfort\u00e1vel assentamento para 3-4 passageiros<\/p>\n<\/li>\n<li data-start=\"2958\" data-end=\"3017\">\n<p data-start=\"2960\" data-end=\"3017\">O corpo fechado assegura prote\u00e7\u00e3o da chuva, vento e sol<\/p>\n<\/li>\n<\/ul>\n<hr data-start=\"4379\" data-end=\"4382\" \/>\n<h2 data-start=\"3019\" data-end=\"3041\">Adapta\u00e7\u00e3o OEM<\/h2>\n<ul data-start=\"3042\" data-end=\"3159\">\n<li data-start=\"3042\" data-end=\"3075\">\n<p data-start=\"3044\" data-end=\"3075\">Marca personalizada para uso da frota<\/p>\n<\/li>\n<li data-start=\"3076\" data-end=\"3115\">\n<p data-start=\"3078\" data-end=\"3115\">Op\u00e7\u00f5es personalizadas de cor e logotipo<\/p>\n<\/li>\n<li data-start=\"3116\" data-end=\"3159\">\n<p data-start=\"3118\" data-end=\"3159\">Anova\u00e7\u00f5es de bateria e motores confi\u00e1veis<\/p>\n<\/li>\n<\/ul>\n<hr data-start=\"4379\" data-end=\"4382\" \/>\n<h2 data-start=\"3161\" data-end=\"3181\">Controlo da qualidade<\/h2>\n<ul data-start=\"3182\" data-end=\"3331\">\n<li data-start=\"3182\" data-end=\"3229\">\n<p data-start=\"3184\" data-end=\"3229\">100% teste de desempenho motor antes da expedi\u00e7\u00e3o<\/p>\n<\/li>\n<li data-start=\"3230\" data-end=\"3270\">\n<p data-start=\"3232\" data-end=\"3270\">Cheques de trav\u00e3o e seguran\u00e7a em cada unidade<\/p>\n<\/li>\n<li data-start=\"3271\" data-end=\"3331\">\n<p data-start=\"3273\" data-end=\"3331\">Conformidade certificada com os padr\u00f5es internacionais de exporta\u00e7\u00e3o<\/p>\n<\/li>\n<\/ul>\n<hr data-start=\"4379\" data-end=\"4382\" \/>\n<h2 data-start=\"3333\" data-end=\"3357\">Servi\u00e7o de Depois de Venda<\/h2>\n<ul data-start=\"3358\" data-end=\"3475\">\n<li data-start=\"3358\" data-end=\"3405\">\n<p data-start=\"3360\" data-end=\"3405\">Garantia dispon\u00edvel para motores e controladores<\/p>\n<\/li>\n<li data-start=\"3406\" data-end=\"3434\">\n<p data-start=\"3408\" data-end=\"3434\">Soporte t\u00e9cnico online<\/p>\n<\/li>\n<li data-start=\"3435\" data-end=\"3475\">\n<p data-start=\"3437\" data-end=\"3475\">Fornecimento de pe\u00e7as de reposi\u00e7\u00e3o para uso a longo prazo<\/p>\n<\/li>\n<\/ul>\n<hr data-start=\"4379\" data-end=\"4382\" \/>\n<h2 data-start=\"3477\" data-end=\"3500\">Campos de Aplica\u00e7\u00e3o<\/h2>\n<ul data-start=\"3501\" data-end=\"3637\">\n<li data-start=\"3501\" data-end=\"3521\">\n<p data-start=\"3503\" data-end=\"3521\">Viagem familiar<\/p>\n<\/li>\n<li data-start=\"3522\" data-end=\"3556\">\n<p data-start=\"3524\" data-end=\"3556\">Transporte escolar e comunit\u00e1rio<\/p>\n<\/li>\n<li data-start=\"3557\" data-end=\"3591\">\n<p data-start=\"3559\" data-end=\"3591\">nave tur\u00edstica e uso de resorte<\/p>\n<\/li>\n<li data-start=\"3592\" data-end=\"3637\">\n<p data-start=\"3594\" data-end=\"3637\">Ve\u00edculo de entrega e servi\u00e7o de vizinhan\u00e7a<\/p>\n<\/li>\n<\/ul>\n<hr data-start=\"4379\" data-end=\"4382\" \/>\n<h2 data-start=\"3639\" data-end=\"3658\">M\u00e9todo de Pagamento<\/h2>\n<ul data-start=\"3659\" data-end=\"3721\">\n<li data-start=\"3659\" data-end=\"3721\">\n<p data-start=\"3661\" data-end=\"3721\">Aceita T\/T, L\/C e segura op\u00e7\u00f5es de pagamento internacional<\/p>\n<\/li>\n<\/ul>\n<hr data-start=\"4379\" data-end=\"4382\" \/>\n<h2 data-start=\"3723\" data-end=\"3731\">FAQ<\/h2>\n<p data-start=\"3732\" data-end=\"3860\"><strong data-start=\"3732\" data-end=\"3788\">Q1: Qual \u00e9 a velocidade m\u00e1xima do carro el\u00e9trico da cidade das quatro portas?<\/strong><br data-start=\"3788\" data-end=\"3791\" \/>A1: Pode alcan\u00e7ar at\u00e9 40 km\/h, ideal para viagens urbanas e suburbanas.<\/p>\n<p data-start=\"3862\" data-end=\"3994\"><strong data-start=\"3862\" data-end=\"3912\">Q2: Quantos passageiros o ve\u00edculo pode transportar?<\/strong><br data-start=\"3912\" data-end=\"3915\" \/>A2: A <strong data-start=\"3923\" data-end=\"3954\">tricicleta el\u00e9trica de passageiros<\/strong> pode transportar 3-4 passageiros confort\u00e1velmente.<\/p>\n<p data-start=\"3996\" data-end=\"4135\"><strong data-start=\"3996\" data-end=\"4056\">Q3: Este modelo vem com certifica\u00e7\u00f5es para exporta\u00e7\u00e3o?<\/strong><br data-start=\"4056\" data-end=\"4059\" \/>A3: Sim, tem <strong data-start=\"4075\" data-end=\"4110\">Certifica\u00e7\u00f5es CCC, CEE e CE<\/strong> para a conformidade global.<\/p>\n<p data-start=\"4137\" data-end=\"4276\"><strong data-start=\"4137\" data-end=\"4184\">Q4: Posso personalizar a cor e a marca?<\/strong><br data-start=\"4184\" data-end=\"4187\" \/>A4: Sim, a personaliza\u00e7\u00e3o OEM est\u00e1 dispon\u00edvel para cores, logos e at\u00e9 mesmo requisitos da frota.<\/p>\n<p data-start=\"4278\" data-end=\"4377\"><strong data-start=\"4278\" data-end=\"4319\">Q5: Qual \u00e9 a resist\u00eancia por cargo?<\/strong><br data-start=\"4319\" data-end=\"4322\" \/>A5: O ve\u00edculo pode correr at\u00e9 50 km com uma carga completa.<\/p>\n<hr data-start=\"4379\" data-end=\"4382\" \/>\n<p data-start=\"4384\" data-end=\"4557\">","protected":false},"excerpt":{"rendered":"<p>O <strong data-start=\"288\" data-end=\"306\">4 portas carro el\u00e9trico da cidade<\/strong> \u00e9 um vers\u00e1til <strong data-start=\"322\" data-end=\"353\">tricicleta el\u00e9trica de passageiros<\/strong> projetado para mobilidade urbana segura, confort\u00e1vel e ecol\u00f3gica. Com um design bonito de corpo fechado de quatro portas, este modelo ponta a lacuna entre um carro el\u00e9trico compacto e um tricicleta tradicional. - Fornecido por um motor de 800W com op\u00e7\u00f5es de tens\u00e3o 48V\/60V, o <strong data-start=\"607\" data-end=\"643\">4 portas cidade el\u00e9trica<\/strong>\u00a0\u00e9 ideal para viagens di\u00e1rias, uso familiar e transporte a curta dist\u00e2ncia em cidades e cidades.<\/p>","protected":false},"featured_media":4114,"comment_status":"open","ping_status":"closed","template":"","meta":[],"product_brand":[],"product_cat":[77],"product_tag":[],"class_list":{"0":"post-4113","1":"product","2":"type-product","3":"status-publish","4":"has-post-thumbnail","6":"product_cat-electric-micro-vehicle","8":"first","9":"instock","10":"shipping-taxable","11":"product-type-simple"},"_links":{"self":[{"href":"https:\/\/www.tairuiauto.com\/pt\/wp-json\/wp\/v2\/product\/4113","targetHints":{"allow":["GET"]}}],"collection":[{"href":"https:\/\/www.tairuiauto.com\/pt\/wp-json\/wp\/v2\/product"}],"about":[{"href":"https:\/\/www.tairuiauto.com\/pt\/wp-json\/wp\/v2\/types\/product"}],"replies":[{"embeddable":true,"href":"https:\/\/www.tairuiauto.com\/pt\/wp-json\/wp\/v2\/comments?post=4113"}],"wp:featuredmedia":[{"embeddable":true,"href":"https:\/\/www.tairuiauto.com\/pt\/wp-json\/wp\/v2\/media\/4114"}],"wp:attachment":[{"href":"https:\/\/www.tairuiauto.com\/pt\/wp-json\/wp\/v2\/media?parent=4113"}],"wp:term":[{"taxonomy":"product_brand","embeddable":true,"href":"https:\/\/www.tairuiauto.com\/pt\/wp-json\/wp\/v2\/product_brand?post=4113"},{"taxonomy":"product_cat","embeddable":true,"href":"https:\/\/www.tairuiauto.com\/pt\/wp-json\/wp\/v2\/product_cat?post=4113"},{"taxonomy":"product_tag","embeddable":true,"href":"https:\/\/www.tairuiauto.com\/pt\/wp-json\/wp\/v2\/product_tag?post=4113"}],"curies":[{"name":"wp","href":"https:\/\/api.w.org\/{rel}","templated":true}]}}