{"id":4124,"date":"2025-10-31T09:54:56","date_gmt":"2025-10-31T01:54:56","guid":{"rendered":"https:\/\/www.tairuiauto.com\/?post_type=product&#038;p=4124"},"modified":"2025-10-23T09:33:08","modified_gmt":"2025-10-23T01:33:08","slug":"electric-freight-3-wheel-1-6m","status":"publish","type":"product","link":"https:\/\/www.tairuiauto.com\/pt\/product\/electric-freight-3-wheel-1-6m\/","title":{"rendered":"Carga el\u00e9trica 3 rodas 1,6 m"},"content":{"rendered":"<h2 data-start=\"935\" data-end=\"964\">\ufffd <strong data-start=\"941\" data-end=\"964\">Descri\u00e7\u00e3o do produto<\/strong><\/h2>\n<p data-start=\"966\" data-end=\"1328\">Engineering with a 1500W hydraulic engine and powered by a 60V\/72V battery system, the <strong data-start=\"1051\" data-end=\"1094\">Carga el\u00e9trica 3 rodas 1,6 m<\/strong> assegura um fornecimento de energia consistente e um desempenho excelente em qualquer terreno. Com uma velocidade m\u00e1xima de 45 km\/h e uma capacidade de subida de \u226430\u00b0, \u00e9 ideal para log\u00edstica pesada, entregas de montanhas e movimento de material industrial.<\/p>\n<p data-start=\"1330\" data-end=\"1551\">A cama de carga s\u00f3lida de 1,6 m e cabana completamente fechada fazem isso <strong data-start=\"1391\" data-end=\"1417\">trigo el\u00e9trico de carga<\/strong> o equil\u00edbrio perfeito entre capacidade, conforto e seguran\u00e7a. \u00c9 projetado para realizar eficientemente mesmo em condi\u00e7\u00f5es de trabalho severas.<\/p>\n<table style=\"border-collapse: collapse; width: 66.5666%; height: 489px;\" border=\"0\" width=\"677\" cellspacing=\"0\" cellpadding=\"0\">\n<tbody>\n<tr style=\"height: 20.00pt;\">\n<td class=\"et3\" style=\"height: 20pt; width: 43.1985%;\" width=\"371\" height=\"33\">Modelo<\/td>\n<td class=\"et4\" style=\"width: 56.8015%;\" width=\"306\">1,6 m Transporte el\u00e9trico de mercadorias 3 rodas<\/td>\n<\/tr>\n<tr style=\"height: 20.00pt;\">\n<td class=\"et5\" style=\"height: 20pt; width: 43.1985%;\" width=\"371\" height=\"33\">Tempo de carga<\/td>\n<td class=\"et5\" style=\"width: 56.8015%;\" width=\"306\">8h<\/td>\n<\/tr>\n<tr style=\"height: 20.00pt;\">\n<td class=\"et5\" style=\"height: 20pt; width: 43.1985%;\" width=\"371\" height=\"33\">Tiro Tt Front\/Rear<\/td>\n<td class=\"et5\" style=\"width: 56.8015%;\" width=\"306\">rodas frontais 3,75-12; rodas traseiras 4.00-12<\/td>\n<\/tr>\n<tr style=\"height: 20.00pt;\">\n<td class=\"et5\" style=\"height: 20pt; width: 43.1985%;\" width=\"371\" height=\"33\">Escolha de Cores<\/td>\n<td class=\"et5\" style=\"width: 56.8015%;\" width=\"306\">Personalizado<\/td>\n<\/tr>\n<tr style=\"height: 20.00pt;\">\n<td class=\"et5\" style=\"height: 20pt; width: 43.1985%;\" width=\"371\" height=\"33\">Marca comercial<\/td>\n<td class=\"et5\" style=\"width: 56.8015%;\" width=\"306\">TECREK ou OEM<\/td>\n<\/tr>\n<tr style=\"height: 20.00pt;\">\n<td class=\"et5\" style=\"height: 20pt; width: 43.1985%;\" width=\"371\" height=\"33\">Origem<\/td>\n<td class=\"et5\" style=\"width: 56.8015%;\" width=\"306\">China<\/td>\n<\/tr>\n<tr style=\"height: 20.00pt;\">\n<td class=\"et5\" style=\"height: 20pt; width: 43.1985%;\" width=\"371\" height=\"33\">Range Per Charge\/Km<\/td>\n<td class=\"et5\" style=\"width: 56.8015%;\" width=\"306\">60-70 km<\/td>\n<\/tr>\n<tr style=\"height: 20.00pt;\">\n<td class=\"et5\" style=\"height: 20pt; width: 43.1985%;\" width=\"371\" height=\"33\">Velocidade m\u00e1xima Km\/H<\/td>\n<td class=\"et5\" style=\"width: 56.8015%;\" width=\"306\">30-45km\/H<\/td>\n<\/tr>\n<tr style=\"height: 20.00pt;\">\n<td class=\"et5\" style=\"height: 20pt; width: 43.1985%;\" width=\"371\" height=\"33\">Capacidade Climbing<\/td>\n<td class=\"et5\" style=\"width: 56.8015%;\" width=\"306\">\u226430\u00b0<\/td>\n<\/tr>\n<tr style=\"height: 20.00pt;\">\n<td class=\"et5\" style=\"height: 20pt; width: 43.1985%;\" width=\"371\" height=\"33\">Dimens\u00e3o global<\/td>\n<td class=\"et5\" style=\"width: 56.8015%;\" width=\"306\">3060X1200X1700MM<\/td>\n<\/tr>\n<tr style=\"height: 20.00pt;\">\n<td class=\"et5\" style=\"height: 20pt; width: 43.1985%;\" width=\"371\" height=\"33\">Cargando Capacidade<\/td>\n<td class=\"et5\" style=\"width: 56.8015%;\" width=\"306\">800KG<\/td>\n<\/tr>\n<tr style=\"height: 20.00pt;\">\n<td class=\"et5\" style=\"height: 20pt; width: 43.1985%;\" width=\"371\" height=\"33\">Pot\u00eancia motora hidr\u00e1ulica<\/td>\n<td class=\"et5\" style=\"width: 56.8015%;\" width=\"306\">1500W<\/td>\n<\/tr>\n<tr style=\"height: 20.00pt;\">\n<td class=\"et5\" style=\"height: 20pt; width: 43.1985%;\" width=\"371\" height=\"33\">Tens\u00e3o padr\u00e3o<\/td>\n<td class=\"et5\" style=\"width: 56.8015%;\" width=\"306\">60\/72V<\/td>\n<\/tr>\n<tr style=\"height: 20.00pt;\">\n<td class=\"et5\" style=\"height: 20pt; width: 43.1985%;\" width=\"371\" height=\"33\">Controlador<\/td>\n<td class=\"et5\" style=\"width: 56.8015%;\" width=\"306\">24 Tubos<\/td>\n<\/tr>\n<tr style=\"height: 20.00pt;\">\n<td class=\"et5\" style=\"height: 20pt; width: 43.1985%;\" width=\"371\" height=\"33\">Modo de travagem<\/td>\n<td class=\"et5\" style=\"width: 56.8015%;\" width=\"306\">Bateria anterior \u00b7 Bateria posterior<\/td>\n<\/tr>\n<tr style=\"height: 20.00pt;\">\n<td class=\"et5\" style=\"height: 20pt; width: 43.1985%;\" width=\"371\" height=\"33\">Minimum ground clearance<\/td>\n<td class=\"et5\" style=\"width: 56.8015%;\" width=\"306\">135<\/td>\n<\/tr>\n<tr style=\"height: 20.00pt;\">\n<td class=\"et5\" style=\"height: 20pt; width: 43.1985%;\" width=\"371\" height=\"33\">Capacidade de Produ\u00e7\u00e3o<\/td>\n<td class=\"et5\" style=\"width: 56.8015%;\" width=\"306\">100000 conjuntos\/ano<\/td>\n<\/tr>\n<\/tbody>\n<\/table>\n<hr data-start=\"1553\" data-end=\"1556\" \/>\n<h2 data-start=\"1558\" data-end=\"1599\">\ufffd <strong data-start=\"1564\" data-end=\"1599\">Caracter\u00edsticas chave e pontos de venda<\/strong><\/h2>\n<ol data-start=\"1601\" data-end=\"2495\">\n<li data-start=\"1601\" data-end=\"1844\">\n<p data-start=\"1604\" data-end=\"1844\"><strong data-start=\"1604\" data-end=\"1653\">Powerful 1500W Motor for Superior Performance<\/strong><br data-start=\"1653\" data-end=\"1656\" \/>A roda Electric Freight 3 1,6m est\u00e1 equipada com um motor hidr\u00e1ulico robusto de 1500W que garante uma forte sa\u00edda de torque, permitindo viagens suaves mesmo com cargas pesadas e em estradas fortes.<\/p>\n<\/li>\n<li data-start=\"1846\" data-end=\"2066\">\n<p data-start=\"1849\" data-end=\"2066\"><strong data-start=\"1849\" data-end=\"1889\">Rango alargado at\u00e9 70 km por carga<\/strong><br data-start=\"1889\" data-end=\"1892\" \/>Com uma bateria de alta capacidade 60\/72V, isso <strong data-start=\"1942\" data-end=\"1969\">tricicleta de carga el\u00e9trica<\/strong> atinge uma faixa de 60-70 km, reduzindo o tempo de descanso e aumentando a produtividade para opera\u00e7\u00f5es de entrega.<\/p>\n<\/li>\n<li data-start=\"2068\" data-end=\"2262\">\n<p data-start=\"2071\" data-end=\"2262\"><strong data-start=\"2071\" data-end=\"2104\">Melhor Seguran\u00e7a e Estabilidade<\/strong><br data-start=\"2104\" data-end=\"2107\" \/>Frenos de tambor de frente e de tambor de tr\u00e1s, combinados com um espa\u00e7o de 135 mm e pneus anti-esqui, asseguram condu\u00e7\u00e3o segura em diversas condi\u00e7\u00f5es clim\u00e1ticas e rodovi\u00e1rias.<\/p>\n<\/li>\n<li data-start=\"2264\" data-end=\"2495\">\n<p data-start=\"2267\" data-end=\"2495\"><strong data-start=\"2267\" data-end=\"2302\">Personaliz\u00e1vel para as necessidades de neg\u00f3cios<\/strong><br data-start=\"2302\" data-end=\"2305\" \/>Dispon\u00edvel em m\u00faltiplas op\u00e7\u00f5es e configura\u00e7\u00f5es de cores, o ZHANJIAN 1,6m pode ser adaptado para log\u00edstica, servi\u00e7os municipais, agricultura, ou como <strong data-start=\"2453\" data-end=\"2494\">ve\u00edculo el\u00e9trico de tr\u00eas rodas<\/strong>.<\/p>\n<\/li>\n<\/ol>\n<hr data-start=\"2497\" data-end=\"2500\" \/>\n<h2 data-start=\"2502\" data-end=\"2534\">\ufffd <strong data-start=\"2508\" data-end=\"2534\">Avantagens Competitivos<\/strong><\/h2>\n<ol data-start=\"2536\" data-end=\"3030\">\n<li data-start=\"2536\" data-end=\"2680\">\n<p data-start=\"2539\" data-end=\"2680\"><strong data-start=\"2539\" data-end=\"2570\">Alta capacidade de carga de 800kg<\/strong> \u2014 projetado para uso comercial a longo prazo, oferecendo confiabilidade que excede os triciclos el\u00e9tricos padr\u00e3o.<\/p>\n<\/li>\n<li data-start=\"2681\" data-end=\"2787\">\n<p data-start=\"2684\" data-end=\"2787\"><strong data-start=\"2684\" data-end=\"2710\">Opera\u00e7\u00e3o ecol\u00f3gica<\/strong> \u2014 emiss\u00f5es zero e baixo ru\u00eddo, tornando-a ideal para log\u00edstica sustent\u00e1vel.<\/p>\n<\/li>\n<li data-start=\"2788\" data-end=\"2889\">\n<p data-start=\"2791\" data-end=\"2889\"><strong data-start=\"2791\" data-end=\"2832\">Constru\u00e7\u00e3o Dur\u00e1vel com Chassis refor\u00e7ado<\/strong> \u2014 garante uma longa vida de servi\u00e7o mesmo sob alto estresse.<\/p>\n<\/li>\n<li data-start=\"2890\" data-end=\"3030\">\n<p data-start=\"2893\" data-end=\"3030\"><strong data-start=\"2893\" data-end=\"2921\">Sistema de Carga Flex\u00edvel<\/strong> \u2014 compat\u00edvel com configura\u00e7\u00f5es de 60V e 72V, proporcionando adaptabilidade em diversos ambientes de uso.<\/p>\n<\/li>\n<\/ol>\n<p><img fetchpriority=\"high\" decoding=\"async\" class=\"alignnone size-medium wp-image-4130\" src=\"https:\/\/www.tairuiauto.com\/wp-content\/uploads\/2025\/10\/c9c2f2dc-796e-4eae-8f44-8cc1c1564129-300x300.jpg\" alt=\"\" width=\"300\" height=\"300\" srcset=\"\" sizes=\"(max-width: 300px) 100vw, 300px\" data-srcset=\"\" \/>\u00a0 \u00a0 \u00a0 \u00a0 \u00a0\u00a0 <img decoding=\"async\" class=\"alignnone size-medium wp-image-4129\" src=\"https:\/\/www.tairuiauto.com\/wp-content\/uploads\/2025\/10\/68158f22-c1c4-406f-b2bb-62a1b20b7f3f-300x300.jpg\" alt=\"\" width=\"300\" height=\"300\" srcset=\"https:\/\/www.tairuiauto.com\/wp-content\/uploads\/2025\/10\/68158f22-c1c4-406f-b2bb-62a1b20b7f3f-300x300.jpg 300w, https:\/\/www.tairuiauto.com\/wp-content\/uploads\/2025\/10\/68158f22-c1c4-406f-b2bb-62a1b20b7f3f-1024x1024.jpg 1024w, https:\/\/www.tairuiauto.com\/wp-content\/uploads\/2025\/10\/68158f22-c1c4-406f-b2bb-62a1b20b7f3f-150x150.jpg 150w, https:\/\/www.tairuiauto.com\/wp-content\/uploads\/2025\/10\/68158f22-c1c4-406f-b2bb-62a1b20b7f3f-768x768.jpg 768w, https:\/\/www.tairuiauto.com\/wp-content\/uploads\/2025\/10\/68158f22-c1c4-406f-b2bb-62a1b20b7f3f-1536x1536.jpg 1536w, https:\/\/www.tairuiauto.com\/wp-content\/uploads\/2025\/10\/68158f22-c1c4-406f-b2bb-62a1b20b7f3f-2048x2048.jpg 2048w, https:\/\/www.tairuiauto.com\/wp-content\/uploads\/2025\/10\/68158f22-c1c4-406f-b2bb-62a1b20b7f3f-12x12.jpg 12w, https:\/\/www.tairuiauto.com\/wp-content\/uploads\/2025\/10\/68158f22-c1c4-406f-b2bb-62a1b20b7f3f-600x600.jpg 600w, https:\/\/www.tairuiauto.com\/wp-content\/uploads\/2025\/10\/68158f22-c1c4-406f-b2bb-62a1b20b7f3f-100x100.jpg 100w\" sizes=\"(max-width: 300px) 100vw, 300px\" \/>\u00a0 \u00a0 \u00a0 \u00a0 \u00a0\u00a0 <img decoding=\"async\" class=\"alignnone size-medium wp-image-4128\" src=\"https:\/\/www.tairuiauto.com\/wp-content\/uploads\/2025\/10\/795d68ff-ce45-4e6f-a02f-5d36f72a18b8-300x300.jpg\" alt=\"\" width=\"300\" height=\"300\" srcset=\"https:\/\/www.tairuiauto.com\/wp-content\/uploads\/2025\/10\/795d68ff-ce45-4e6f-a02f-5d36f72a18b8-300x300.jpg 300w, https:\/\/www.tairuiauto.com\/wp-content\/uploads\/2025\/10\/795d68ff-ce45-4e6f-a02f-5d36f72a18b8-1024x1024.jpg 1024w, https:\/\/www.tairuiauto.com\/wp-content\/uploads\/2025\/10\/795d68ff-ce45-4e6f-a02f-5d36f72a18b8-150x150.jpg 150w, https:\/\/www.tairuiauto.com\/wp-content\/uploads\/2025\/10\/795d68ff-ce45-4e6f-a02f-5d36f72a18b8-768x768.jpg 768w, https:\/\/www.tairuiauto.com\/wp-content\/uploads\/2025\/10\/795d68ff-ce45-4e6f-a02f-5d36f72a18b8-1536x1536.jpg 1536w, https:\/\/www.tairuiauto.com\/wp-content\/uploads\/2025\/10\/795d68ff-ce45-4e6f-a02f-5d36f72a18b8-2048x2048.jpg 2048w, https:\/\/www.tairuiauto.com\/wp-content\/uploads\/2025\/10\/795d68ff-ce45-4e6f-a02f-5d36f72a18b8-12x12.jpg 12w, https:\/\/www.tairuiauto.com\/wp-content\/uploads\/2025\/10\/795d68ff-ce45-4e6f-a02f-5d36f72a18b8-600x600.jpg 600w, https:\/\/www.tairuiauto.com\/wp-content\/uploads\/2025\/10\/795d68ff-ce45-4e6f-a02f-5d36f72a18b8-100x100.jpg 100w\" sizes=\"(max-width: 300px) 100vw, 300px\" \/><\/p>\n<hr data-start=\"3636\" data-end=\"3639\" \/>\n<h2 data-start=\"3641\" data-end=\"3659\">\ufffd <strong data-start=\"3647\" data-end=\"3659\">Material<\/strong><\/h2>\n<p data-start=\"3661\" data-end=\"3822\">Fazido com quadro de a\u00e7o de alta for\u00e7a, pain\u00e9is corporais resistentes \u00e0 corros\u00e3o e sistemas el\u00e9tricos resistentes ao tempo para assegurar durabilidade em todos os ambientes.<\/p>\n<hr data-start=\"3824\" data-end=\"3827\" \/>\n<h2 data-start=\"3829\" data-end=\"3849\">\ufffd <strong data-start=\"3835\" data-end=\"3849\">Apar\u00eancia<\/strong><\/h2>\n<p data-start=\"3851\" data-end=\"4052\">Dispon\u00edvel em amarelo claro, azul, vermelho e cinza. O design apresenta uma espa\u00e7osa caixa de carga (3060\u00d71200\u00d71700 mm) com linhas limpas, modernas e motorista ergon\u00f4mico sentado para conforto durante longas horas de trabalho.<\/p>\n<hr data-start=\"4054\" data-end=\"4057\" \/>\n<h2 data-start=\"4059\" data-end=\"4075\">\ufffd <strong data-start=\"4065\" data-end=\"4075\">Design<\/strong><\/h2>\n<p data-start=\"4077\" data-end=\"4247\">O ZHANJIAN adota um <strong data-start=\"4104\" data-end=\"4171\">cabana frontal simplificada com redu\u00e7\u00e3o aumentada da resist\u00eancia ao vento<\/strong> e distribui\u00e7\u00e3o de equil\u00edbrio superior, melhorando o conforto de condu\u00e7\u00e3o e a estabilidade.<\/p>\n<hr data-start=\"4249\" data-end=\"4252\" \/>\n<h2 data-start=\"4254\" data-end=\"4284\">\ufffd\ufe0f <strong data-start=\"4261\" data-end=\"4284\">OEM &amp; Customiza\u00e7\u00e3o<\/strong><\/h2>\n<p data-start=\"4286\" data-end=\"4468\">N\u00f3s oferecemos completamente <strong data-start=\"4300\" data-end=\"4325\">Adapta\u00e7\u00e3o OEM\/ODM<\/strong>incluindo impress\u00e3o de logotipos de marca, cor de tinta, tamanho de caixa de carga e configura\u00e7\u00e3o da bateria. Perfeito para distribuidores e marca da frota log\u00edstica.<\/p>\n<hr data-start=\"4470\" data-end=\"4473\" \/>\n<h2 data-start=\"4475\" data-end=\"4499\">\u2705 <strong data-start=\"4480\" data-end=\"4499\">Controlo da qualidade<\/strong><\/h2>\n<p data-start=\"4501\" data-end=\"4674\">Cada unidade passa por inspec\u00e7\u00e3o multiponto - desempenho da bateria, efici\u00eancia motora, durabilidade do chassis e resposta ao trav\u00e3o - assegurando 100% garantia de qualidade antes da expedi\u00e7\u00e3o.<\/p>\n<hr data-start=\"4676\" data-end=\"4679\" \/>\n<h2 data-start=\"4681\" data-end=\"4710\">\ufffd <strong data-start=\"4687\" data-end=\"4710\">Servi\u00e7o de Depois de Venda<\/strong><\/h2>\n<p data-start=\"4712\" data-end=\"4838\">Garantia de 12 meses no motor e controlador. Suporte global de pe\u00e7as de reposi\u00e7\u00e3o e consulta t\u00e9cnica fornecidos a todos os parceiros.<\/p>\n<hr data-start=\"4840\" data-end=\"4843\" \/>\n<h2 data-start=\"4845\" data-end=\"4873\">\ufffd <strong data-start=\"4851\" data-end=\"4873\">Campos de Aplica\u00e7\u00e3o<\/strong><\/h2>\n<p data-start=\"4875\" data-end=\"4887\">Ideal para:<\/p>\n<ul data-start=\"4888\" data-end=\"5056\">\n<li data-start=\"4888\" data-end=\"4914\">\n<p data-start=\"4890\" data-end=\"4914\">Entrega expressa urbana<\/p>\n<\/li>\n<li data-start=\"4915\" data-end=\"4952\">\n<p data-start=\"4917\" data-end=\"4952\">Transporte de bens agr\u00edcolas<\/p>\n<\/li>\n<li data-start=\"4953\" data-end=\"4984\">\n<p data-start=\"4955\" data-end=\"4984\">Log\u00edstica do local de constru\u00e7\u00e3o<\/p>\n<\/li>\n<li data-start=\"4985\" data-end=\"5023\">\n<p data-start=\"4987\" data-end=\"5023\">Dep\u00f3sito e transporte industrial<\/p>\n<\/li>\n<li data-start=\"5024\" data-end=\"5056\">\n<p data-start=\"5026\" data-end=\"5056\">Transporte de mercadorias urbanas de curta dist\u00e2ncia<\/p>\n<\/li>\n<\/ul>\n<hr data-start=\"5058\" data-end=\"5061\" \/>\n<h2 data-start=\"5063\" data-end=\"5086\">\ufffd <strong data-start=\"5069\" data-end=\"5086\">Condi\u00e7\u00f5es de pagamento<\/strong><\/h2>\n<p data-start=\"5088\" data-end=\"5172\">Dep\u00f3sito T\/T 30%, 70% antes da expedi\u00e7\u00e3o; L\/C ou Uni\u00e3o Ocidental opcionais para ordens em massa.<\/p>\n<hr data-start=\"5174\" data-end=\"5177\" \/>\n<h2 data-start=\"5179\" data-end=\"5191\">\u2753 <strong data-start=\"5184\" data-end=\"5191\">FAQ<\/strong><\/h2>\n<p data-start=\"5193\" data-end=\"5356\"><strong data-start=\"5193\" data-end=\"5269\">Q1: Qual \u00e9 a capacidade de carga da roda Electric Freight 3 de 1,6 m?<\/strong><br data-start=\"5269\" data-end=\"5272\" \/>A1: Ele suporta at\u00e9 800 kg, adequado para a log\u00edstica pesada e opera\u00e7\u00f5es industriais.<\/p>\n<p data-start=\"5358\" data-end=\"5480\"><strong data-start=\"5358\" data-end=\"5410\">Q2: Quanto tempo demora para carregar a bateria?<\/strong><br data-start=\"5410\" data-end=\"5413\" \/>A2: Uma carga completa leva cerca de 8 horas para a bateria 60V\/72V.<\/p>\n<p data-start=\"5482\" data-end=\"5610\"><strong data-start=\"5482\" data-end=\"5536\">Q3: Posso personalizar a caixa de carga ou adicionar marca?<\/strong><br data-start=\"5536\" data-end=\"5539\" \/>A3: Sim, n\u00f3s fornecemos personaliza\u00e7\u00e3o OEM para dimens\u00f5es, logos e pintura.<\/p>\n<p data-start=\"5612\" data-end=\"5763\"><strong data-start=\"5612\" data-end=\"5680\">Q4: Qual \u00e9 a dura\u00e7\u00e3o m\u00e9dia de vida deste triciclo de carga el\u00e9trica?<\/strong><br data-start=\"5680\" data-end=\"5683\" \/>A4: Com manuten\u00e7\u00e3o adequada, pode durar mais de 5 anos de uso comercial regular.<\/p>\n<hr data-start=\"5765\" data-end=\"5768\" \/>\n<p data-start=\"5770\" data-end=\"5859\" data-is-last-node=\"\" data-is-only-node=\"\">","protected":false},"excerpt":{"rendered":"<p>O Electric Freight 3 roda 1,6m[UNK]\u00e9 um ve\u00edculo el\u00e9trico de alta performance de tr\u00eas rodas projetado para a log\u00edstica urbana e rural moderna. Constru\u00eddo para for \u00e7a, resist\u00eancia e estabilidade, este modelo oferece capacidade excepcional de transporte de carga, efici\u00eancia energ\u00e9tica e baixos custos operacionais. Seja usado para entrega expressa, transporte de mercadorias, ou log\u00edstica di\u00e1ria, isso <strong data-start=\"814\" data-end=\"841\">tricicleta de carga el\u00e9trica<\/strong> proporciona uma solu\u00e7\u00e3o de transporte confi\u00e1vel e ecol\u00f3gica para empresas em todo o mundo.<\/p>","protected":false},"featured_media":4131,"comment_status":"open","ping_status":"closed","template":"","meta":[],"product_brand":[],"product_cat":[78],"product_tag":[],"class_list":{"0":"post-4124","1":"product","2":"type-product","3":"status-publish","4":"has-post-thumbnail","6":"product_cat-electric-tricycle","8":"first","9":"instock","10":"shipping-taxable","11":"product-type-simple"},"_links":{"self":[{"href":"https:\/\/www.tairuiauto.com\/pt\/wp-json\/wp\/v2\/product\/4124","targetHints":{"allow":["GET"]}}],"collection":[{"href":"https:\/\/www.tairuiauto.com\/pt\/wp-json\/wp\/v2\/product"}],"about":[{"href":"https:\/\/www.tairuiauto.com\/pt\/wp-json\/wp\/v2\/types\/product"}],"replies":[{"embeddable":true,"href":"https:\/\/www.tairuiauto.com\/pt\/wp-json\/wp\/v2\/comments?post=4124"}],"wp:featuredmedia":[{"embeddable":true,"href":"https:\/\/www.tairuiauto.com\/pt\/wp-json\/wp\/v2\/media\/4131"}],"wp:attachment":[{"href":"https:\/\/www.tairuiauto.com\/pt\/wp-json\/wp\/v2\/media?parent=4124"}],"wp:term":[{"taxonomy":"product_brand","embeddable":true,"href":"https:\/\/www.tairuiauto.com\/pt\/wp-json\/wp\/v2\/product_brand?post=4124"},{"taxonomy":"product_cat","embeddable":true,"href":"https:\/\/www.tairuiauto.com\/pt\/wp-json\/wp\/v2\/product_cat?post=4124"},{"taxonomy":"product_tag","embeddable":true,"href":"https:\/\/www.tairuiauto.com\/pt\/wp-json\/wp\/v2\/product_tag?post=4124"}],"curies":[{"name":"wp","href":"https:\/\/api.w.org\/{rel}","templated":true}]}}