{"id":4154,"date":"2025-10-22T09:29:21","date_gmt":"2025-10-22T01:29:21","guid":{"rendered":"https:\/\/www.tairuiauto.com\/?post_type=product&#038;p=4154"},"modified":"2025-10-21T16:44:15","modified_gmt":"2025-10-21T08:44:15","slug":"high-speed-ev-3door-2seat","status":"publish","type":"product","link":"https:\/\/www.tairuiauto.com\/pt\/product\/high-speed-ev-3door-2seat\/","title":{"rendered":"Alta velocidade EV 3porta 2seat"},"content":{"rendered":"<h2 data-start=\"279\" data-end=\"307\"><strong data-start=\"282\" data-end=\"305\">Descri\u00e7\u00e3o do produto<\/strong><\/h2>\n<p data-start=\"706\" data-end=\"1101\">O S2201 atinge um <strong data-start=\"826\" data-end=\"853\">velocidade m\u00e1xima de 90 km\/h<\/strong>, a <strong data-start=\"857\" data-end=\"881\">de at\u00e9 120km<\/strong>e <strong data-start=\"887\" data-end=\"912\">estabilidade excepcional<\/strong> gra\u00e7as \u00e0 suspens\u00e3o independente da frente de McPherson. Perfeito para jovens profissionais, fam\u00edlias urbanas e servi\u00e7os de entrega, o S2201 redefini o conceito de mobilidade urbana eficiente.<\/p>\n<table style=\"width: 71.4161%; height: 534px;\" width=\"572\">\n<tbody>\n<tr>\n<td width=\"266\">Estrutura corporal<\/td>\n<td width=\"306\">S2201 High speed EV 3door 2seat<\/td>\n<\/tr>\n<tr>\n<td width=\"266\">Dimens\u00e3o (mm)<\/td>\n<td width=\"306\">3162*\u00a01498*1580<\/td>\n<\/tr>\n<tr>\n<td width=\"266\">base de rodas (mm)<\/td>\n<td width=\"306\">2050<\/td>\n<\/tr>\n<tr>\n<td width=\"266\">base da pista anterior\/posterior (mm)<\/td>\n<td width=\"306\">1290\/1290<\/td>\n<\/tr>\n<tr>\n<td width=\"266\">Suspens\u00e3o<\/td>\n<td width=\"306\">Fronte<\/td>\n<\/tr>\n<tr>\n<td width=\"266\">tipo de freno<\/td>\n<td width=\"306\">disco\/tambor<\/td>\n<\/tr>\n<tr>\n<td width=\"266\">Tipo de bateria<\/td>\n<td width=\"306\">Litio, ferro, fosfato, bateria (BMS)<\/td>\n<\/tr>\n<tr>\n<td width=\"266\">Capacidade de bateria (kWh)<\/td>\n<td width=\"306\">13.7<\/td>\n<\/tr>\n<tr>\n<td width=\"266\">Volta\u00e7\u00e3o nominal (V)<\/td>\n<td width=\"306\">102.4<\/td>\n<\/tr>\n<tr>\n<td width=\"266\">Velocidade m\u00e1xima (km\/h)<\/td>\n<td width=\"306\">90<\/td>\n<\/tr>\n<tr>\n<td width=\"266\">Capacidade de subir (%)<\/td>\n<td width=\"306\">\u226520%<\/td>\n<\/tr>\n<tr>\n<td width=\"266\">Capacidade estimada<\/td>\n<td width=\"306\">134<\/td>\n<\/tr>\n<tr>\n<td width=\"266\">Rango (KM)<\/td>\n<td width=\"306\">120<\/td>\n<\/tr>\n<tr>\n<td width=\"266\">Peso curb<\/td>\n<td width=\"306\">795<\/td>\n<\/tr>\n<tr>\n<td width=\"266\">Motor<\/td>\n<td width=\"306\">PMS<\/td>\n<\/tr>\n<tr>\n<td width=\"266\">Pot\u00eancia nominal (KW)<\/td>\n<td width=\"306\">13<\/td>\n<\/tr>\n<tr>\n<td width=\"266\">Pot\u00eancia m\u00e1xima (KW)<\/td>\n<td width=\"306\">20<\/td>\n<\/tr>\n<\/tbody>\n<\/table>\n<p data-start=\"706\" data-end=\"1101\">\u00a0 \u00a0 \u00a0 \u00a0 \u00a0 <img decoding=\"async\" class=\"alignnone size-medium wp-image-4160\" src=\"https:\/\/www.tairuiauto.com\/wp-content\/uploads\/2025\/10\/6-300x150.jpg\" alt=\"\" width=\"300\" height=\"150\" srcset=\"https:\/\/www.tairuiauto.com\/wp-content\/uploads\/2025\/10\/6-300x150.jpg 300w, https:\/\/www.tairuiauto.com\/wp-content\/uploads\/2025\/10\/6-1024x512.jpg 1024w, https:\/\/www.tairuiauto.com\/wp-content\/uploads\/2025\/10\/6-768x384.jpg 768w, https:\/\/www.tairuiauto.com\/wp-content\/uploads\/2025\/10\/6-1536x768.jpg 1536w, https:\/\/www.tairuiauto.com\/wp-content\/uploads\/2025\/10\/6-2048x1024.jpg 2048w, https:\/\/www.tairuiauto.com\/wp-content\/uploads\/2025\/10\/6-18x9.jpg 18w, https:\/\/www.tairuiauto.com\/wp-content\/uploads\/2025\/10\/6-600x300.jpg 600w\" sizes=\"(max-width: 300px) 100vw, 300px\" \/>\u00a0 \u00a0 \u00a0 \u00a0 \u00a0\u00a0 <img decoding=\"async\" class=\"alignnone size-medium wp-image-4165\" src=\"https:\/\/www.tairuiauto.com\/wp-content\/uploads\/2025\/10\/11-300x150.jpg\" alt=\"\" width=\"300\" height=\"150\" srcset=\"https:\/\/www.tairuiauto.com\/wp-content\/uploads\/2025\/10\/11-300x150.jpg 300w, https:\/\/www.tairuiauto.com\/wp-content\/uploads\/2025\/10\/11-1024x512.jpg 1024w, https:\/\/www.tairuiauto.com\/wp-content\/uploads\/2025\/10\/11-768x384.jpg 768w, https:\/\/www.tairuiauto.com\/wp-content\/uploads\/2025\/10\/11-1536x768.jpg 1536w, https:\/\/www.tairuiauto.com\/wp-content\/uploads\/2025\/10\/11-2048x1024.jpg 2048w, https:\/\/www.tairuiauto.com\/wp-content\/uploads\/2025\/10\/11-18x9.jpg 18w, https:\/\/www.tairuiauto.com\/wp-content\/uploads\/2025\/10\/11-600x300.jpg 600w\" sizes=\"(max-width: 300px) 100vw, 300px\" \/>\u00a0 \u00a0 \u00a0 \u00a0 \u00a0 <img decoding=\"async\" class=\"alignnone size-medium wp-image-4166\" src=\"https:\/\/www.tairuiauto.com\/wp-content\/uploads\/2025\/10\/12-300x150.jpg\" alt=\"\" width=\"300\" height=\"150\" srcset=\"https:\/\/www.tairuiauto.com\/wp-content\/uploads\/2025\/10\/12-300x150.jpg 300w, https:\/\/www.tairuiauto.com\/wp-content\/uploads\/2025\/10\/12-1024x512.jpg 1024w, https:\/\/www.tairuiauto.com\/wp-content\/uploads\/2025\/10\/12-768x384.jpg 768w, https:\/\/www.tairuiauto.com\/wp-content\/uploads\/2025\/10\/12-1536x768.jpg 1536w, https:\/\/www.tairuiauto.com\/wp-content\/uploads\/2025\/10\/12-2048x1024.jpg 2048w, https:\/\/www.tairuiauto.com\/wp-content\/uploads\/2025\/10\/12-18x9.jpg 18w, https:\/\/www.tairuiauto.com\/wp-content\/uploads\/2025\/10\/12-600x300.jpg 600w\" sizes=\"(max-width: 300px) 100vw, 300px\" \/><\/p>\n<hr data-start=\"1103\" data-end=\"1106\" \/>\n<h2 data-start=\"1108\" data-end=\"1142\"><strong data-start=\"1111\" data-end=\"1140\">Caracter\u00edsticas-chave e - Avantagens<\/strong><\/h2>\n<p>&nbsp;<\/p>\n<h3 data-start=\"1144\" data-end=\"1174\"><strong data-start=\"1148\" data-end=\"1172\">Principais pontos de venda:<\/strong><\/h3>\n<ol data-start=\"1175\" data-end=\"2069\">\n<li data-start=\"1175\" data-end=\"1411\">\n<p data-start=\"1178\" data-end=\"1411\"><strong data-start=\"1178\" data-end=\"1203\">Compacto mas poderoso:<\/strong><br data-start=\"1203\" data-end=\"1206\" \/>O pequeno carro el\u00e9trico TECREK S2201 oferece alto desempenho em um pequeno quadro, alimentado por um <strong data-start=\"1299\" data-end=\"1317\">Motor PMS de 13 kW<\/strong> e capaz de alcan\u00e7ar <strong data-start=\"1342\" data-end=\"1352\">90 km\/h<\/strong>Perfeito para navegar por ruas estreitas e estacionamento urbano.<\/p>\n<\/li>\n<li data-start=\"1413\" data-end=\"1632\">\n<p data-start=\"1416\" data-end=\"1632\"><strong data-start=\"1416\" data-end=\"1464\">Bateria de f\u00f3sfato de ferro de l\u00edtio de longa dura\u00e7\u00e3o:<\/strong><br data-start=\"1464\" data-end=\"1467\" \/>Equipado com um <strong data-start=\"1486\" data-end=\"1518\">13,7kWh LiFePO \u2084  bateria<\/strong>, o S2201 fornece at\u00e9 <strong data-start=\"1545\" data-end=\"1571\">120 km por carga<\/strong>, assegurando estabilidade, maior dura\u00e7\u00e3o de vida e melhor seguran\u00e7a.<\/p>\n<\/li>\n<li data-start=\"1634\" data-end=\"1865\">\n<p data-start=\"1637\" data-end=\"1865\"><strong data-start=\"1637\" data-end=\"1665\">Efici\u00eancia Energ\u00e9tica Inteligente:<\/strong><br data-start=\"1665\" data-end=\"1668\" \/>O S2201 utiliza sistemas avan\u00e7ados de gest\u00e3o energ\u00e9tica e de travagem regenerativo para maximizar a efici\u00eancia e prolongar a vida da bateria, tornando-o um dos EV compactos mais eficientes em energia no mercado.<\/p>\n<\/li>\n<li data-start=\"1867\" data-end=\"2069\">\n<p data-start=\"1870\" data-end=\"2069\"><strong data-start=\"1870\" data-end=\"1903\">Stylish &amp; - Interior Ergon\u00f4mico:<\/strong><br data-start=\"1903\" data-end=\"1906\" \/>Designado com o minimalismo europeu em mente, o interior combina exibi\u00e7\u00f5es digitais inteligentes, assentos confort\u00e1veis e controles amig\u00e1veis para o usu\u00e1rio para melhorar cada motor.<\/p>\n<\/li>\n<\/ol>\n<p>&nbsp;<\/p>\n<hr data-start=\"2071\" data-end=\"2074\" \/>\n<h2 data-start=\"2076\" data-end=\"2111\"><strong data-start=\"2079\" data-end=\"2109\">Avantagens Diferenciados:<\/strong><\/h2>\n<p>&nbsp;<\/p>\n<ol data-start=\"2112\" data-end=\"2826\">\n<li data-start=\"2112\" data-end=\"2325\">\n<p data-start=\"2115\" data-end=\"2325\"><strong data-start=\"2115\" data-end=\"2144\">Certifica\u00e7\u00e3o de alta velocidade:<\/strong> Ao contr\u00e1rio dos EV t\u00edpicos de baixa velocidade, o TECREK S2201 \u00e9 classificado como <strong data-start=\"2211\" data-end=\"2242\">ve\u00edculo el\u00e9trico de alta velocidade<\/strong>, capaz de desempenho de n\u00edvel de autoestrada enquanto mant\u00e9m manevrabilidade compacta.<\/p>\n<\/li>\n<li data-start=\"2326\" data-end=\"2484\">\n<p data-start=\"2329\" data-end=\"2484\"><strong data-start=\"2329\" data-end=\"2356\">Sistema de Seguran\u00e7a Melhor:<\/strong> Freado de disco\/tambor, estrutura corporal refor\u00e7ada e design otimizado do chassis garantem prote\u00e7\u00e3o m\u00e1xima do condutor e dos passageiros.<\/p>\n<\/li>\n<li data-start=\"2485\" data-end=\"2648\">\n<p data-start=\"2488\" data-end=\"2648\"><strong data-start=\"2488\" data-end=\"2523\">Gest\u00e3o Inteligente da Bateria (BMS):<\/strong> A LiFePO \u2084  o sistema regula autom\u00e1ticamente a temperatura e a tens\u00e3o, assegurando uma sa\u00edda consistente e prevenindo o exageramento.<\/p>\n<\/li>\n<li data-start=\"2649\" data-end=\"2826\">\n<p data-start=\"2652\" data-end=\"2826\"><strong data-start=\"2652\" data-end=\"2688\">Baixa manuten\u00e7\u00e3o e Zero Emiss\u00e3o:<\/strong> Sem petr\u00f3leo, pe\u00e7as m\u00ednimas em movimento e emiss\u00f5es de gasodutos zero, o S2201 reduz custos de manuten\u00e7\u00e3o a longo prazo e impacto ambiental.<\/p>\n<\/li>\n<\/ol>\n<p>&nbsp;<\/p>\n<hr data-start=\"3478\" data-end=\"3481\" \/>\n<h2 data-start=\"3483\" data-end=\"3508\"><strong data-start=\"3486\" data-end=\"3506\">Material &amp; Construir<\/strong><\/h2>\n<p>&nbsp;<\/p>\n<p data-start=\"3509\" data-end=\"3729\">O corpo adota um <strong data-start=\"3527\" data-end=\"3555\">quadro de a\u00e7o de carga completa<\/strong> com cobertura anti-corrosiva para durabilidade. As c\u00e9lulas de fosfato de ferro de l\u00edtio est\u00e3o alojadas em um <strong data-start=\"3645\" data-end=\"3678\">cobertura de alum\u00ednio de alta for\u00e7a<\/strong> para garantir a seguran\u00e7a, mesmo em condi\u00e7\u00f5es extremas.<\/p>\n<hr data-start=\"3731\" data-end=\"3734\" \/>\n<h2 data-start=\"3736\" data-end=\"3760\"><strong data-start=\"3739\" data-end=\"3758\">Design Externo<\/strong><\/h2>\n<p>&nbsp;<\/p>\n<p data-start=\"3761\" data-end=\"3972\">Um corpo suave e aerodin\u00e2mico com contornos suaves e luzes LED fornece apelo est\u00e9tico e melhoria da efici\u00eancia energ\u00e9tica. Dimens\u00f5es compactas fazem com que seja ideal <strong data-start=\"3925\" data-end=\"3969\">viagens urbanas e pequenos estacionamentos<\/strong>.<\/p>\n<hr data-start=\"3974\" data-end=\"3977\" \/>\n<h2 data-start=\"3979\" data-end=\"4009\"><strong data-start=\"3982\" data-end=\"4007\">Interior &amp; Ergonomia<\/strong><\/h2>\n<p>&nbsp;<\/p>\n<p data-start=\"4010\" data-end=\"4224\">A cabana do S2201 \u00e9 constru\u00edda para conforto e funcionamento, com um grande painel digital, assentos ergon\u00f4micos e disposi\u00e7\u00e3o de controle intuitivo. O design minimalista de dois tons aumenta a visibilidade e a percep\u00e7\u00e3o do espa\u00e7o.<\/p>\n<hr data-start=\"4226\" data-end=\"4229\" \/>\n<h2 data-start=\"4231\" data-end=\"4259\"><strong data-start=\"4234\" data-end=\"4257\">OEM &amp; Customiza\u00e7\u00e3o<\/strong><\/h2>\n<p>&nbsp;<\/p>\n<p data-start=\"4260\" data-end=\"4453\">O TECREK apoia <strong data-start=\"4276\" data-end=\"4305\">Adapta\u00e7\u00e3o OEM e ODM<\/strong>incluindo op\u00e7\u00f5es de cores externas, impress\u00e3o de logotipo, configura\u00e7\u00e3o de painel de bordo e compatibilidade da interface de carga local para cumprir padr\u00f5es regionais.<\/p>\n<hr data-start=\"4455\" data-end=\"4458\" \/>\n<h2 data-start=\"4460\" data-end=\"4484\"><strong data-start=\"4463\" data-end=\"4482\">Controlo da qualidade<\/strong><\/h2>\n<p>&nbsp;<\/p>\n<p data-start=\"4485\" data-end=\"4668\">Cada S2201 passa <strong data-start=\"4506\" data-end=\"4532\">testes de qualidade estritos<\/strong>incluindo a resist\u00eancia motora, o desempenho da bateria e a seguran\u00e7a das vibra\u00e7\u00f5es, certificados nos padr\u00f5es internacionais de autom\u00f3vel (ISO\/CCC\/CEE).<\/p>\n<hr data-start=\"4670\" data-end=\"4673\" \/>\n<h2 data-start=\"4675\" data-end=\"4703\"><strong data-start=\"4678\" data-end=\"4701\">Servi\u00e7o de Depois de Venda<\/strong><\/h2>\n<p>&nbsp;<\/p>\n<p data-start=\"4704\" data-end=\"4872\">O suporte global de p\u00f3s-vendas inclui fornecimento de pe\u00e7as de reposi\u00e7\u00e3o, assist\u00eancia diagn\u00f3stica remota, e um <strong data-start=\"4796\" data-end=\"4817\">Garantia de 12 meses<\/strong> em componentes n\u00facleos (bateria, motor e controlador).<\/p>\n<hr data-start=\"4874\" data-end=\"4877\" \/>\n<h2 data-start=\"4879\" data-end=\"4909\"><strong data-start=\"4882\" data-end=\"4907\">Escen\u00e1rios de aplica\u00e7\u00f5es<\/strong><\/h2>\n<p>&nbsp;<\/p>\n<ul data-start=\"4910\" data-end=\"5031\">\n<li data-start=\"4910\" data-end=\"4935\">\n<p data-start=\"4912\" data-end=\"4935\">Viagens urbanas diarias<\/p>\n<\/li>\n<li data-start=\"4936\" data-end=\"4972\">\n<p data-start=\"4938\" data-end=\"4972\">Log\u00edstica da \u00faltima milha - entregas<\/p>\n<\/li>\n<li data-start=\"4973\" data-end=\"5002\">\n<p data-start=\"4975\" data-end=\"5002\">Mobilidade de campus ou resorte<\/p>\n<\/li>\n<li data-start=\"5003\" data-end=\"5031\">\n<p data-start=\"5005\" data-end=\"5031\">Flotas urbanas ecol\u00f3gicas<\/p>\n<\/li>\n<\/ul>\n<p>&nbsp;<\/p>\n<hr data-start=\"5033\" data-end=\"5036\" \/>\n<h2 data-start=\"5038\" data-end=\"5060\"><strong data-start=\"5041\" data-end=\"5058\">Condi\u00e7\u00f5es de pagamento<\/strong><\/h2>\n<p>&nbsp;<\/p>\n<ul data-start=\"5061\" data-end=\"5156\">\n<li data-start=\"5061\" data-end=\"5112\">\n<p data-start=\"5063\" data-end=\"5112\"><strong data-start=\"5063\" data-end=\"5084\">M\u00e9todos Aceitados:<\/strong> T\/T, L\/C, Trade Assurance<\/p>\n<\/li>\n<li data-start=\"5113\" data-end=\"5156\">\n<p data-start=\"5115\" data-end=\"5156\"><strong data-start=\"5115\" data-end=\"5129\">Hora de lideran\u00e7a:<\/strong> 25-35 dias ap\u00f3s o dep\u00f3sito<\/p>\n<\/li>\n<\/ul>\n<p>&nbsp;<\/p>\n<hr data-start=\"5158\" data-end=\"5161\" \/>\n<h2 data-start=\"5163\" data-end=\"5175\"><strong data-start=\"5166\" data-end=\"5173\">FAQ<\/strong><\/h2>\n<p>&nbsp;<\/p>\n<p data-start=\"5177\" data-end=\"5297\"><strong data-start=\"5177\" data-end=\"5224\">Q1: Qual \u00e9 o tempo de carga para o S2201?<\/strong><br data-start=\"5224\" data-end=\"5227\" \/>A1: A carga completa leva cerca de 7-8 horas usando um cargador 220V padr\u00e3o.<\/p>\n<p data-start=\"5299\" data-end=\"5426\"><strong data-start=\"5299\" data-end=\"5341\">Q2: Posso personalizar a cor ou o logotipo?<\/strong><br data-start=\"5341\" data-end=\"5344\" \/>A2: Sim, a personaliza\u00e7\u00e3o OEM para pintura exterior, logo e painel est\u00e1 dispon\u00edvel.<\/p>\n<p data-start=\"5428\" data-end=\"5604\"><strong data-start=\"5428\" data-end=\"5479\">Q3: A bateria de fosfato de ferro de l\u00edtio est\u00e1 segura?<\/strong><br data-start=\"5479\" data-end=\"5482\" \/>A3: Absolutamente. LiFePO \u2084  a tecnologia \u00e9 entre os tipos mais seguros e est\u00e1veis, resistente ao excesso de aquecimento e sobrecarga.<\/p>\n<p data-start=\"5606\" data-end=\"5817\"><strong data-start=\"5606\" data-end=\"5668\">Q4: Qual \u00e9 o custo de manuten\u00e7\u00e3o comparado aos carros de gasolina?<\/strong><br data-start=\"5668\" data-end=\"5671\" \/>A4: O TECREK S2201 requer manuten\u00e7\u00e3o m\u00ednima - sem mudan\u00e7as de petr\u00f3leo, filtros ou comboio complexo - reduzindo custos de funcionamento durante a vida em at\u00e9 70%.<\/p>","protected":false},"excerpt":{"rendered":"<p>O <strong data-start=\"312\" data-end=\"369\">TECREK S2201 ve\u00edculo el\u00e9trico de alta velocidade de quatro rodas<\/strong> \u00e9 uma nova gera\u00e7\u00e3o compact a EV projetada para viajantes urbanos buscando efici\u00eancia, seguran\u00e7a e estilo moderno. Com seu corpo leve, motor PMS poderoso e bateria de fosfato de ferro de alta densidade (BMS), o S2201 oferece uma experi\u00eancia de condu\u00e7\u00e3o suave e ecol\u00f3gica ideal para ruas urbanas e viagens a curta dist\u00e2ncia.<br \/>\nEste carro el\u00e9trico da cidade apresenta uma disposi\u00e7\u00e3o pr\u00e1tica de 3 portas, 2 lugares, combinando agilidade com conforto. O S2201 atinge um <strong data-start=\"826\" data-end=\"853\">velocidade m\u00e1xima de 90 km\/h<\/strong>, a <strong data-start=\"857\" data-end=\"881\">de at\u00e9 120km<\/strong>e <strong data-start=\"887\" data-end=\"912\">estabilidade excepcional<\/strong> gra\u00e7as \u00e0 suspens\u00e3o independente da frente de McPherson. Perfeito para jovens profissionais, fam\u00edlias urbanas e servi\u00e7os de entrega, o S2201 redefini o conceito de mobilidade urbana eficiente.<\/p>","protected":false},"featured_media":4155,"comment_status":"open","ping_status":"closed","template":"","meta":[],"product_brand":[],"product_cat":[77],"product_tag":[],"class_list":{"0":"post-4154","1":"product","2":"type-product","3":"status-publish","4":"has-post-thumbnail","6":"product_cat-electric-micro-vehicle","8":"first","9":"instock","10":"shipping-taxable","11":"product-type-simple"},"_links":{"self":[{"href":"https:\/\/www.tairuiauto.com\/pt\/wp-json\/wp\/v2\/product\/4154","targetHints":{"allow":["GET"]}}],"collection":[{"href":"https:\/\/www.tairuiauto.com\/pt\/wp-json\/wp\/v2\/product"}],"about":[{"href":"https:\/\/www.tairuiauto.com\/pt\/wp-json\/wp\/v2\/types\/product"}],"replies":[{"embeddable":true,"href":"https:\/\/www.tairuiauto.com\/pt\/wp-json\/wp\/v2\/comments?post=4154"}],"wp:featuredmedia":[{"embeddable":true,"href":"https:\/\/www.tairuiauto.com\/pt\/wp-json\/wp\/v2\/media\/4155"}],"wp:attachment":[{"href":"https:\/\/www.tairuiauto.com\/pt\/wp-json\/wp\/v2\/media?parent=4154"}],"wp:term":[{"taxonomy":"product_brand","embeddable":true,"href":"https:\/\/www.tairuiauto.com\/pt\/wp-json\/wp\/v2\/product_brand?post=4154"},{"taxonomy":"product_cat","embeddable":true,"href":"https:\/\/www.tairuiauto.com\/pt\/wp-json\/wp\/v2\/product_cat?post=4154"},{"taxonomy":"product_tag","embeddable":true,"href":"https:\/\/www.tairuiauto.com\/pt\/wp-json\/wp\/v2\/product_tag?post=4154"}],"curies":[{"name":"wp","href":"https:\/\/api.w.org\/{rel}","templated":true}]}}