{"id":4168,"date":"2025-10-23T10:40:07","date_gmt":"2025-10-23T02:40:07","guid":{"rendered":"https:\/\/www.tairuiauto.com\/?post_type=product&#038;p=4168"},"modified":"2025-10-22T10:55:21","modified_gmt":"2025-10-22T02:55:21","slug":"5-door-electric-mini-car","status":"publish","type":"product","link":"https:\/\/www.tairuiauto.com\/pt\/product\/5-door-electric-mini-car\/","title":{"rendered":"5 Door Electric Mini Car"},"content":{"rendered":"<h2 data-start=\"517\" data-end=\"545\">Descri\u00e7\u00e3o do produto<\/h2>\n<p data-start=\"546\" data-end=\"860\">O TECREK S5401 <strong>ve\u00edculo el\u00e9trico de quatro rodas de alta velocidade<\/strong> \u00e9 constru\u00eddo para viagens urbanas e suburbanas, este carro el\u00e9trico de cinco portas e quatro cadeiras combina alto desempenho com efici\u00eancia energ\u00e9tica.<\/p>\n<table style=\"width: 76.8515%; height: 656px;\" width=\"720\">\n<tbody>\n<tr>\n<td style=\"width: 36.7769%;\" width=\"265\">Modelo<\/td>\n<td style=\"width: 62.1212%;\" width=\"455\">TECREK S5401 5 Door Electric Mini Car<\/td>\n<\/tr>\n<tr>\n<td style=\"width: 36.7769%;\" width=\"265\">Dimens\u00f5es gerais (mm)<\/td>\n<td style=\"width: 62.1212%;\" width=\"455\">3532*1498*1605<\/td>\n<\/tr>\n<tr>\n<td style=\"width: 36.7769%;\" width=\"265\">Base de rodas (mm)<\/td>\n<td style=\"width: 62.1212%;\" width=\"455\">2275<\/td>\n<\/tr>\n<tr>\n<td style=\"width: 36.7769%;\" width=\"265\">Base da pista anterior\/posterior (mm)<\/td>\n<td style=\"width: 62.1212%;\" width=\"455\">1290\/1290<\/td>\n<\/tr>\n<tr>\n<td style=\"width: 36.7769%;\" width=\"265\">Minimo de deteriora\u00e7\u00e3o de terra (mm)<\/td>\n<td style=\"width: 62.1212%;\" width=\"455\">125<\/td>\n<\/tr>\n<tr>\n<td style=\"width: 36.7769%;\" width=\"265\">R\u00e1dio m \u00ednimo de rota\u00e7\u00e3o<\/td>\n<td style=\"width: 62.1212%;\" width=\"455\">4.85<\/td>\n<\/tr>\n<tr>\n<td style=\"width: 36.7769%;\" width=\"265\">Autoridade m\u00e1xima (km)<\/td>\n<td style=\"width: 62.1212%;\" width=\"455\">172<\/td>\n<\/tr>\n<tr>\n<td style=\"width: 36.7769%;\" width=\"265\">Peso curb (kg)<\/td>\n<td style=\"width: 62.1212%;\" width=\"455\">830<\/td>\n<\/tr>\n<tr>\n<td style=\"width: 36.7769%;\" width=\"265\">Tipo de motor<\/td>\n<td style=\"width: 62.1212%;\" width=\"455\">Permanente[UNK]magnet[UNK]synchronous<\/td>\n<\/tr>\n<tr>\n<td style=\"width: 36.7769%;\" width=\"265\">Pot\u00eancia nominal (kw) do motor<\/td>\n<td style=\"width: 62.1212%;\" width=\"455\">15<\/td>\n<\/tr>\n<tr>\n<td style=\"width: 36.7769%;\" width=\"265\">Torque m \u00e1ximo (N\u00b7m)<\/td>\n<td style=\"width: 62.1212%;\" width=\"455\">110<\/td>\n<\/tr>\n<tr>\n<td style=\"width: 36.7769%;\" width=\"265\">Velocidade (km\/h)<\/td>\n<td style=\"width: 62.1212%;\" width=\"455\">\u2265100<\/td>\n<\/tr>\n<tr>\n<td style=\"width: 36.7769%;\" width=\"265\">Pot\u00eancia<\/td>\n<td style=\"width: 62.1212%;\" width=\"455\">Bateria de l\u00edtio<\/td>\n<\/tr>\n<tr>\n<td style=\"width: 36.7769%;\" width=\"265\">Cargando o n\u00edvel de tens\u00e3o (V)<\/td>\n<td style=\"width: 62.1212%;\" width=\"455\">220<\/td>\n<\/tr>\n<tr>\n<td style=\"width: 36.7769%;\" width=\"265\">Cargando<\/td>\n<td style=\"width: 62.1212%;\" width=\"455\">7~10<\/td>\n<\/tr>\n<tr>\n<td style=\"width: 36.7769%;\" width=\"265\">Conduzir<\/td>\n<td style=\"width: 62.1212%;\" width=\"455\">Depois da condu\u00e7\u00e3o de mais atr\u00e1s<\/td>\n<\/tr>\n<tr>\n<td style=\"width: 36.7769%;\" width=\"265\">Tipo de freno<\/td>\n<td style=\"width: 62.1212%;\" width=\"455\">Disco frontal<\/td>\n<\/tr>\n<tr>\n<td style=\"width: 36.7769%;\" width=\"265\">Suspens\u00e3o frontal<\/td>\n<td style=\"width: 62.1212%;\" width=\"455\">Fronte: McPherson, suspens\u00e3o independente<\/td>\n<\/tr>\n<tr>\n<td style=\"width: 36.7769%;\" width=\"265\">Depois da suspens\u00e3o<\/td>\n<td style=\"width: 62.1212%;\" width=\"455\">Tr\u00eas. [UNK]link[UNK]non[UNK]&#8211; [UNK]suspens\u00e3o independente<\/td>\n<\/tr>\n<tr>\n<td style=\"width: 36.7769%;\" width=\"265\">Tipo de transmiss\u00e3o<\/td>\n<td style=\"width: 62.1212%;\" width=\"455\">Proporc\u00e3o fixa de velocidade de velocidade de transmiss\u00e3o<\/td>\n<\/tr>\n<tr>\n<td style=\"width: 36.7769%;\" width=\"265\">Muito formato<\/td>\n<td style=\"width: 62.1212%;\" width=\"455\">Tipo de bot\u00e3o<\/td>\n<\/tr>\n<tr>\n<td style=\"width: 36.7769%;\" width=\"265\">Tamanho do pneu<\/td>\n<td style=\"width: 62.1212%;\" width=\"455\">155\/65<\/td>\n<\/tr>\n<\/tbody>\n<\/table>\n<hr data-start=\"1245\" data-end=\"1248\" \/>\n<h2 data-start=\"1250\" data-end=\"1288\"><\/h2>\n<h2 data-start=\"1250\" data-end=\"1288\"><strong data-start=\"1253\" data-end=\"1286\">Caracter\u00edsticas-chave e Vendo pontos<\/strong><\/h2>\n<p>&nbsp;<\/p>\n<ol data-start=\"1290\" data-end=\"2144\">\n<li data-start=\"1290\" data-end=\"1486\">\n<p data-start=\"1293\" data-end=\"1486\"><strong data-start=\"1293\" data-end=\"1326\">Luxury 5-Door Compact Design:<\/strong><br data-start=\"1326\" data-end=\"1329\" \/>O carro el\u00e9trico TECREK S5401 oferece um espa\u00e7o interior com <strong data-start=\"1394\" data-end=\"1418\">quatro lugares ergon\u00f4micos<\/strong>, assegurando conforto familiar enquanto mant\u00e9m um perfil urbano bonito.<\/p>\n<\/li>\n<li data-start=\"1488\" data-end=\"1688\">\n<p data-start=\"1491\" data-end=\"1688\"><strong data-start=\"1491\" data-end=\"1521\">Alta velocidade e longa dist\u00e2ncia:<\/strong><br data-start=\"1521\" data-end=\"1524\" \/>Achar um <strong data-start=\"1537\" data-end=\"1566\">velocidade m\u00e1xima de 100 km\/h<\/strong> e viajar at\u00e9 <strong data-start=\"1584\" data-end=\"1613\">172 km numa \u00fanica carga<\/strong>, tornando o S5401 perfeito tanto para viagens urbanas como para viagens interurbanas.<\/p>\n<\/li>\n<li data-start=\"1690\" data-end=\"1912\">\n<p data-start=\"1693\" data-end=\"1912\"><strong data-start=\"1693\" data-end=\"1730\">Motor de Magneto Permanente Efficiente:<\/strong><br data-start=\"1730\" data-end=\"1733\" \/>Equipado com um <strong data-start=\"1752\" data-end=\"1787\">Motor PMS de alto desempenho de 15 kW<\/strong>este mini-carro el\u00e9trico garante acelera\u00e7\u00e3o suave, resposta r\u00e1pida e alto momento com baixo ru\u00eddo e polui\u00e7\u00e3o zero.<\/p>\n<\/li>\n<li data-start=\"1914\" data-end=\"2144\">\n<p data-start=\"1917\" data-end=\"2144\"><strong data-start=\"1917\" data-end=\"1954\">Sistema de Bateria Inteligente Litio-Iono:<\/strong><br data-start=\"1954\" data-end=\"1957\" \/>Os avan\u00e7ados <strong data-start=\"1973\" data-end=\"1996\">bateria de i\u00f3ns de l\u00edtio<\/strong> assegura excelente densidade energ\u00e9tica, carga r\u00e1pida (7-10 horas) e seguran\u00e7a superior atrav\u00e9s de gest\u00e3o inteligente da bateria e prote\u00e7\u00e3o do excesso de calor.<\/p>\n<\/li>\n<\/ol>\n<p>&nbsp;<\/p>\n<hr data-start=\"2146\" data-end=\"2149\" \/>\n<h2 data-start=\"2151\" data-end=\"2185\"><\/h2>\n<h2 data-start=\"2151\" data-end=\"2185\"><strong data-start=\"2154\" data-end=\"2183\">Avan\u00e7os Diferenciados<\/strong><\/h2>\n<p>&nbsp;<\/p>\n<ol data-start=\"2187\" data-end=\"3104\">\n<li data-start=\"2187\" data-end=\"2412\">\n<p data-start=\"2190\" data-end=\"2412\"><strong data-start=\"2190\" data-end=\"2225\">Real High-Speed EV Performance:<\/strong><br data-start=\"2225\" data-end=\"2228\" \/>Ao contr\u00e1rio dos carros el\u00e9tricos tradicionais de baixa velocidade, o TECREK S5401 \u00e9 um <strong data-start=\"2297\" data-end=\"2333\">ve\u00edculo el\u00e9trico de alta velocidade verdadeiro<\/strong>certificado para uso rodovi\u00e1rio com maior din\u00e2mica do chassis e resposta de travagem.<\/p>\n<\/li>\n<li data-start=\"2414\" data-end=\"2648\">\n<p data-start=\"2417\" data-end=\"2648\"><strong data-start=\"2417\" data-end=\"2448\">Comfort Encontra Practicality:<\/strong><br data-start=\"2448\" data-end=\"2451\" \/>Com uma <strong data-start=\"2466\" data-end=\"2495\">luxuosa disposi\u00e7\u00e3o interior<\/strong>, o S5401 inclui um painel digital, sistema de ventila\u00e7\u00e3o do ar, assentos ajustados e uma interface de controle inteligente para uma experi\u00eancia elevada de condu\u00e7\u00e3o.<\/p>\n<\/li>\n<li data-start=\"2650\" data-end=\"2888\">\n<p data-start=\"2653\" data-end=\"2888\"><strong data-start=\"2653\" data-end=\"2685\">Engenharia Orientada para a Seguran\u00e7a:<\/strong><br data-start=\"2685\" data-end=\"2688\" \/>Com <strong data-start=\"2696\" data-end=\"2731\">disco frontal e trav\u00f5es de tambor traseiros<\/strong>, <strong data-start=\"2733\" data-end=\"2763\">Suspens\u00e3o frontal McPherson<\/strong>e um <strong data-start=\"2771\" data-end=\"2813\">sistema traseiro de tr\u00eas liga\u00e7\u00f5es n\u00e3o independente<\/strong>este EV assegura estabilidade, seguran\u00e7a e conforto em diversos terrenos.<\/p>\n<\/li>\n<li data-start=\"2890\" data-end=\"3104\">\n<p data-start=\"2893\" data-end=\"3104\"><strong data-start=\"2893\" data-end=\"2935\">Sosten\u00edvel e - Mobilidade custo-eficiente:<\/strong><br data-start=\"2935\" data-end=\"2938\" \/>Oferta <strong data-start=\"2950\" data-end=\"2975\">condu\u00e7\u00e3o de emiss\u00f5es zero<\/strong>, <strong data-start=\"2977\" data-end=\"2996\">baixa manuten\u00e7\u00e3o<\/strong>, e longa vida de bateria, o S5401 \u00e9 ideal para desenvolvimento urbano sustent\u00e1vel e consumidores ecoconscientes.<\/p>\n<\/li>\n<\/ol>\n<p>&nbsp;<\/p>\n<p><img fetchpriority=\"high\" decoding=\"async\" class=\"alignnone size-medium wp-image-4173\" src=\"https:\/\/www.tairuiauto.com\/wp-content\/uploads\/2025\/10\/5-1-300x200.jpg\" alt=\"\" width=\"300\" height=\"200\" srcset=\"https:\/\/www.tairuiauto.com\/wp-content\/uploads\/2025\/10\/5-1-300x200.jpg 300w, https:\/\/www.tairuiauto.com\/wp-content\/uploads\/2025\/10\/5-1-1024x683.jpg 1024w, https:\/\/www.tairuiauto.com\/wp-content\/uploads\/2025\/10\/5-1-768x512.jpg 768w, https:\/\/www.tairuiauto.com\/wp-content\/uploads\/2025\/10\/5-1-1536x1024.jpg 1536w, https:\/\/www.tairuiauto.com\/wp-content\/uploads\/2025\/10\/5-1-2048x1365.jpg 2048w, https:\/\/www.tairuiauto.com\/wp-content\/uploads\/2025\/10\/5-1-18x12.jpg 18w, https:\/\/www.tairuiauto.com\/wp-content\/uploads\/2025\/10\/5-1-600x400.jpg 600w\" sizes=\"(max-width: 300px) 100vw, 300px\" \/>\u00a0 \u00a0 \u00a0 \u00a0 \u00a0\u00a0 <img decoding=\"async\" class=\"alignnone size-medium wp-image-4174\" src=\"https:\/\/www.tairuiauto.com\/wp-content\/uploads\/2025\/10\/6-1-300x200.jpg\" alt=\"\" width=\"300\" height=\"200\" srcset=\"https:\/\/www.tairuiauto.com\/wp-content\/uploads\/2025\/10\/6-1-300x200.jpg 300w, https:\/\/www.tairuiauto.com\/wp-content\/uploads\/2025\/10\/6-1-1024x683.jpg 1024w, https:\/\/www.tairuiauto.com\/wp-content\/uploads\/2025\/10\/6-1-768x512.jpg 768w, https:\/\/www.tairuiauto.com\/wp-content\/uploads\/2025\/10\/6-1-1536x1024.jpg 1536w, https:\/\/www.tairuiauto.com\/wp-content\/uploads\/2025\/10\/6-1-2048x1365.jpg 2048w, https:\/\/www.tairuiauto.com\/wp-content\/uploads\/2025\/10\/6-1-18x12.jpg 18w, https:\/\/www.tairuiauto.com\/wp-content\/uploads\/2025\/10\/6-1-600x400.jpg 600w\" sizes=\"(max-width: 300px) 100vw, 300px\" \/>\u00a0 \u00a0 \u00a0 \u00a0 \u00a0\u00a0 <img decoding=\"async\" class=\"alignnone size-medium wp-image-4177\" src=\"https:\/\/www.tairuiauto.com\/wp-content\/uploads\/2025\/10\/9-1-300x200.jpg\" alt=\"\" width=\"300\" height=\"200\" srcset=\"https:\/\/www.tairuiauto.com\/wp-content\/uploads\/2025\/10\/9-1-300x200.jpg 300w, https:\/\/www.tairuiauto.com\/wp-content\/uploads\/2025\/10\/9-1-1024x683.jpg 1024w, https:\/\/www.tairuiauto.com\/wp-content\/uploads\/2025\/10\/9-1-768x512.jpg 768w, https:\/\/www.tairuiauto.com\/wp-content\/uploads\/2025\/10\/9-1-1536x1024.jpg 1536w, https:\/\/www.tairuiauto.com\/wp-content\/uploads\/2025\/10\/9-1-2048x1365.jpg 2048w, https:\/\/www.tairuiauto.com\/wp-content\/uploads\/2025\/10\/9-1-18x12.jpg 18w, https:\/\/www.tairuiauto.com\/wp-content\/uploads\/2025\/10\/9-1-600x400.jpg 600w\" sizes=\"(max-width: 300px) 100vw, 300px\" \/><\/p>\n<hr data-start=\"3789\" data-end=\"3792\" \/>\n<h2 data-start=\"3794\" data-end=\"3819\"><strong data-start=\"3797\" data-end=\"3817\">Material &amp; Construir<\/strong><\/h2>\n<p data-start=\"3820\" data-end=\"4020\">Constru\u00eddo com um <strong data-start=\"3839\" data-end=\"3868\">quadro de a\u00e7o de alta for\u00e7a<\/strong>revestimentos resistentes \u00e0 corros\u00e3o, e <strong data-start=\"3906\" data-end=\"3940\">exterior composto ligeiro<\/strong>o S5401 atinge o equil\u00edbrio perfeito entre seguran\u00e7a e efici\u00eancia energ\u00e9tica.<\/p>\n<hr data-start=\"4022\" data-end=\"4025\" \/>\n<h2 data-start=\"4027\" data-end=\"4051\"><strong data-start=\"4030\" data-end=\"4049\">Design Externo<\/strong><\/h2>\n<p data-start=\"4052\" data-end=\"4278\">O TECREK S5401 apresenta <strong data-start=\"4078\" data-end=\"4144\">linhas aerodin\u00e2micas, ilumina\u00e7\u00e3o LED e uma grelha futurista<\/strong>, dando uma est\u00e9tica urban a refinada. O design corporal compacto mas corajoso melhora a efici\u00eancia energ\u00e9tica enquanto permanece estilo moderno.<\/p>\n<hr data-start=\"4280\" data-end=\"4283\" \/>\n<h2 data-start=\"4285\" data-end=\"4315\"><strong data-start=\"4288\" data-end=\"4313\">Interior &amp; Ergonomia<\/strong><\/h2>\n<p data-start=\"4316\" data-end=\"4567\">Dentro, o S5401 oferece <strong data-start=\"4341\" data-end=\"4371\">um painel de instrumentos digitais<\/strong>, <strong data-start=\"4373\" data-end=\"4397\">centro de controle do toque<\/strong>e <strong data-start=\"4403\" data-end=\"4434\">pr\u00e9mio de dois tons<\/strong>Seu design de acesso de 5 portas proporciona facilidade de entrada e amplo espa\u00e7o de carga, tornando-o ideal para viagem di\u00e1ria ou uso de neg\u00f3cios ligeiros.<\/p>\n<hr data-start=\"4569\" data-end=\"4572\" \/>\n<h2 data-start=\"4574\" data-end=\"4602\"><strong data-start=\"4577\" data-end=\"4600\">OEM &amp; Customiza\u00e7\u00e3o<\/strong><\/h2>\n<p data-start=\"4603\" data-end=\"4798\">Os servi\u00e7os OEM est\u00e3o dispon\u00edveis para <strong data-start=\"4634\" data-end=\"4725\">cores externas, logos de marca, materiais de assento e configura\u00e7\u00f5es do sistema de informa\u00e7\u00e3o<\/strong>, assegurando que cada TECREK S5401 possa refletir suas necessidades no mercado local.<\/p>\n<hr data-start=\"4800\" data-end=\"4803\" \/>\n<h2 data-start=\"4805\" data-end=\"4829\"><strong data-start=\"4808\" data-end=\"4827\">Controlo da qualidade<\/strong><\/h2>\n<p data-start=\"4830\" data-end=\"5021\">Cada S5401 \u00e9 testado sob <strong data-start=\"4857\" data-end=\"4896\">padr\u00f5es de qualidade ISO, CEE e CCC<\/strong>Cada unidade passa <strong data-start=\"4919\" data-end=\"5002\">testes de resist\u00eancia \u00e0 bateria, verifica\u00e7\u00f5es de seguran\u00e7a de impacto e verifica\u00e7\u00f5es de prote\u00e7\u00e3o da \u00e1gua<\/strong> antes da entrega.<\/p>\n<hr data-start=\"5023\" data-end=\"5026\" \/>\n<h2 data-start=\"5028\" data-end=\"5056\"><strong data-start=\"5031\" data-end=\"5054\">Servi\u00e7o de Depois de Venda<\/strong><\/h2>\n<ul data-start=\"5057\" data-end=\"5208\">\n<li data-start=\"5057\" data-end=\"5087\">\n<p data-start=\"5059\" data-end=\"5087\">Rede global de p\u00f3s-vendas<\/p>\n<\/li>\n<li data-start=\"5088\" data-end=\"5148\">\n<p data-start=\"5090\" data-end=\"5148\"><strong data-start=\"5090\" data-end=\"5111\">Garantia de 12 meses<\/strong> para bateria, motor e controlador<\/p>\n<\/li>\n<li data-start=\"5149\" data-end=\"5208\">\n<p data-start=\"5151\" data-end=\"5208\"><strong data-start=\"5151\" data-end=\"5174\">Suporte de pe\u00e7as de reposi\u00e7\u00e3o<\/strong> e assist\u00eancia t\u00e9cnica online<\/p>\n<\/li>\n<\/ul>\n<hr data-start=\"5210\" data-end=\"5213\" \/>\n<h2 data-start=\"5215\" data-end=\"5242\"><strong data-start=\"5218\" data-end=\"5240\">Campos de Aplica\u00e7\u00e3o<\/strong><\/h2>\n<ul data-start=\"5243\" data-end=\"5394\">\n<li data-start=\"5243\" data-end=\"5268\">\n<p data-start=\"5245\" data-end=\"5268\">Uso de carros privados urbanos<\/p>\n<\/li>\n<li data-start=\"5269\" data-end=\"5309\">\n<p data-start=\"5271\" data-end=\"5309\">Flotas de viagem ou micromobilidade<\/p>\n<\/li>\n<li data-start=\"5310\" data-end=\"5348\">\n<p data-start=\"5312\" data-end=\"5348\">Log\u00edstica ecol\u00f3gica e turismo<\/p>\n<\/li>\n<li data-start=\"5349\" data-end=\"5394\">\n<p data-start=\"5351\" data-end=\"5394\">Flotas el\u00e9tricas governamentais e empresariais<\/p>\n<\/li>\n<\/ul>\n<hr data-start=\"5396\" data-end=\"5399\" \/>\n<h2 data-start=\"5401\" data-end=\"5423\"><strong data-start=\"5404\" data-end=\"5421\">Condi\u00e7\u00f5es de pagamento<\/strong><\/h2>\n<ul data-start=\"5424\" data-end=\"5549\">\n<li data-start=\"5424\" data-end=\"5463\">\n<p data-start=\"5426\" data-end=\"5463\">Aceitado: T\/T, L\/C, Trade Assurance<\/p>\n<\/li>\n<li data-start=\"5464\" data-end=\"5502\">\n<p data-start=\"5466\" data-end=\"5502\">Entrega: 25-35 dias ap\u00f3s o dep\u00f3sito<\/p>\n<\/li>\n<li data-start=\"5503\" data-end=\"5549\">\n<p data-start=\"5505\" data-end=\"5549\">Ordem m\u00ednima: Negoci\u00e1vel para distribuidores<\/p>\n<\/li>\n<\/ul>\n<hr data-start=\"5551\" data-end=\"5554\" \/>\n<h2 data-start=\"5556\" data-end=\"5568\"><strong data-start=\"5559\" data-end=\"5566\">FAQ<\/strong><\/h2>\n<p data-start=\"5570\" data-end=\"5754\"><strong data-start=\"5570\" data-end=\"5624\">Q1: O TECREK S5401 \u00e9 um ve\u00edculo capaz de autoestrada?<\/strong><br data-start=\"5624\" data-end=\"5627\" \/>A1: Sim, o S5401 \u00e9 um carro el\u00e9trico de alta velocidade capaz de alcan\u00e7ar <strong data-start=\"5695\" data-end=\"5707\">100 km\/h<\/strong>, adequados tanto para estradas urbanas como para suburbanas.<\/p>\n<p data-start=\"5756\" data-end=\"5894\"><strong data-start=\"5756\" data-end=\"5797\">Q2: Qual \u00e9 o requisito de carga?<\/strong><br data-start=\"5797\" data-end=\"5800\" \/>A2: Os cargadores dom\u00e9sticos padr\u00e3o de 220V podem ser usados, com um tempo de carga completo de <strong data-start=\"5877\" data-end=\"5891\">7-10 horas<\/strong>.<\/p>\n<p data-start=\"5896\" data-end=\"6050\"><strong data-start=\"5896\" data-end=\"5935\">Q3: Quanto tempo dura a bateria?<\/strong><br data-start=\"5935\" data-end=\"5938\" \/>A3: A bateria de i\u00f3ns de l\u00edtio fornece <strong data-start=\"5975\" data-end=\"6007\">mais de 2000 ciclos de carga completa<\/strong>, assegurando anos de desempenho confi\u00e1vel.<\/p>\n<p data-start=\"6052\" data-end=\"6225\"><strong data-start=\"6052\" data-end=\"6107\">Q4: O carro pode ser personalizado para nosso mercado local?<\/strong><br data-start=\"6107\" data-end=\"6110\" \/>A4: Sim, o TECREK oferece <strong data-start=\"6138\" data-end=\"6167\">Adapta\u00e7\u00e3o OEM e ODM<\/strong> para regulamentos regionais de seguran\u00e7a e prefer\u00eancias de design.<\/p>","protected":false},"excerpt":{"rendered":"<p data-start=\"546\" data-end=\"860\">O <strong data-start=\"550\" data-end=\"607\">TECREK S5401 ve\u00edculo el\u00e9trico de alta velocidade de quatro rodas<\/strong> \u00e9 projetada para redefinir a mobilidade el\u00e9trica moderna com uma mistura de luxo, pr\u00e1tica e engenharia inteligente. Constru\u00edda para viagens urbanas e suburbanas, este carro el\u00e9trico de cinco portas e quatro cadeiras combina alto desempenho com efici\u00eancia energ\u00e9tica.<\/p>\n<p data-start=\"862\" data-end=\"1243\">Fornecida por um <strong data-start=\"875\" data-end=\"913\">motor sincrono de \u00edm\u00e3 permanente<\/strong>, o S5401 fornece <strong data-start=\"934\" data-end=\"962\">at\u00e9 100 km\/h de velocidade m\u00e1xima<\/strong> e um <strong data-start=\"970\" data-end=\"1017\">dist\u00e2ncia de condu\u00e7\u00e3o alargada de 172 km por carga<\/strong>apoiado por um robusto <strong data-start=\"1041\" data-end=\"1077\">sistema de bateria de pot\u00eancia de i\u00f3ns de l\u00edtio<\/strong>seja para uso pessoal, opera\u00e7\u00f5es da frota, ou mobilidade ecol\u00f3gica de neg\u00f3cios, o S5401 assegura confiabilidade, conforto e condu\u00e7\u00e3o de emiss\u00f5es zero em cada jornada.<\/p>","protected":false},"featured_media":4169,"comment_status":"open","ping_status":"closed","template":"","meta":[],"product_brand":[],"product_cat":[77],"product_tag":[],"class_list":{"0":"post-4168","1":"product","2":"type-product","3":"status-publish","4":"has-post-thumbnail","6":"product_cat-electric-micro-vehicle","8":"first","9":"instock","10":"shipping-taxable","11":"product-type-simple"},"_links":{"self":[{"href":"https:\/\/www.tairuiauto.com\/pt\/wp-json\/wp\/v2\/product\/4168","targetHints":{"allow":["GET"]}}],"collection":[{"href":"https:\/\/www.tairuiauto.com\/pt\/wp-json\/wp\/v2\/product"}],"about":[{"href":"https:\/\/www.tairuiauto.com\/pt\/wp-json\/wp\/v2\/types\/product"}],"replies":[{"embeddable":true,"href":"https:\/\/www.tairuiauto.com\/pt\/wp-json\/wp\/v2\/comments?post=4168"}],"wp:featuredmedia":[{"embeddable":true,"href":"https:\/\/www.tairuiauto.com\/pt\/wp-json\/wp\/v2\/media\/4169"}],"wp:attachment":[{"href":"https:\/\/www.tairuiauto.com\/pt\/wp-json\/wp\/v2\/media?parent=4168"}],"wp:term":[{"taxonomy":"product_brand","embeddable":true,"href":"https:\/\/www.tairuiauto.com\/pt\/wp-json\/wp\/v2\/product_brand?post=4168"},{"taxonomy":"product_cat","embeddable":true,"href":"https:\/\/www.tairuiauto.com\/pt\/wp-json\/wp\/v2\/product_cat?post=4168"},{"taxonomy":"product_tag","embeddable":true,"href":"https:\/\/www.tairuiauto.com\/pt\/wp-json\/wp\/v2\/product_tag?post=4168"}],"curies":[{"name":"wp","href":"https:\/\/api.w.org\/{rel}","templated":true}]}}