{"id":4182,"date":"2025-10-24T09:55:52","date_gmt":"2025-10-24T01:55:52","guid":{"rendered":"https:\/\/www.tairuiauto.com\/?post_type=product&#038;p=4182"},"modified":"2025-10-22T11:06:10","modified_gmt":"2025-10-22T03:06:10","slug":"long-range-mini-electric-car","status":"publish","type":"product","link":"https:\/\/www.tairuiauto.com\/pt\/product\/long-range-mini-electric-car\/","title":{"rendered":"Carro Mini-el\u00e9trico de longa dist\u00e2ncia"},"content":{"rendered":"<h2 data-start=\"554\" data-end=\"582\"><strong data-start=\"557\" data-end=\"580\">Descri\u00e7\u00e3o do produto<\/strong><\/h2>\n<p data-start=\"583\" data-end=\"986\">O <strong data-start=\"587\" data-end=\"644\">TECREK S5402 \u00e9 <\/strong>projetados para motoristas modernos que exigem efici\u00eancia e conforto, o S5402 fornece <strong data-start=\"870\" data-end=\"892\">at\u00e9 300 km de dist\u00e2ncia<\/strong> e <strong data-start=\"897\" data-end=\"923\">velocidade m\u00e1xima de 100 km\/h<\/strong>tornando-o um dos EV mais capazes de sua classe.<\/p>\n<table style=\"width: 91.4197%; height: 456px;\" width=\"1027\">\n<tbody>\n<tr style=\"height: 24px;\">\n<td style=\"height: 24px; text-align: center;\" width=\"284\">Modelo<\/td>\n<td style=\"height: 24px; text-align: center;\" colspan=\"3\" width=\"742\">TECREK S5402 Long Range Mini Electric Car<\/td>\n<\/tr>\n<tr style=\"height: 24px;\">\n<td style=\"height: 24px; text-align: center;\" width=\"284\">Projeto<\/td>\n<td style=\"height: 24px; text-align: center;\" width=\"235\">200KM<\/td>\n<td style=\"height: 24px; text-align: center;\" width=\"250\">300KM<\/td>\n<td style=\"height: 24px; text-align: center;\" width=\"256\">300KM, Deluxe, edi\u00e7\u00e3o<\/td>\n<\/tr>\n<tr style=\"height: 24px;\">\n<td style=\"height: 24px; text-align: center;\" width=\"284\">Energia<\/td>\n<td style=\"height: 24px; text-align: center;\" width=\"235\">pura e el\u00e9trica<\/td>\n<td style=\"height: 24px; text-align: center;\" width=\"250\">pura e el\u00e9trica<\/td>\n<td style=\"height: 24px; text-align: center;\" width=\"256\">pura e el\u00e9trica<\/td>\n<\/tr>\n<tr style=\"height: 24px;\">\n<td style=\"height: 24px; text-align: center;\" width=\"284\">Longitude mm mm;<\/td>\n<td style=\"height: 24px; text-align: center;\" width=\"235\">3517<\/td>\n<td style=\"height: 24px; text-align: center;\" width=\"250\">3517<\/td>\n<td style=\"height: 24px; text-align: center;\" width=\"256\">3517<\/td>\n<\/tr>\n<tr style=\"height: 24px;\">\n<td style=\"height: 24px; text-align: center;\" width=\"284\">Largura mm mm;<\/td>\n<td style=\"height: 24px; text-align: center;\" width=\"235\">1495<\/td>\n<td style=\"height: 24px; text-align: center;\" width=\"250\">1495<\/td>\n<td style=\"height: 24px; text-align: center;\" width=\"256\">1495<\/td>\n<\/tr>\n<tr style=\"height: 24px;\">\n<td style=\"height: 24px; text-align: center;\" width=\"284\">Altura \\65288mm \\65289mm;<\/td>\n<td style=\"height: 24px; text-align: center;\" width=\"235\">1660<\/td>\n<td style=\"height: 24px; text-align: center;\" width=\"250\">1660<\/td>\n<td style=\"height: 24px; text-align: center;\" width=\"256\">1660<\/td>\n<\/tr>\n<tr style=\"height: 24px;\">\n<td style=\"height: 24px; text-align: center;\" width=\"284\">base de rodas mm mm;<\/td>\n<td style=\"height: 24px; text-align: center;\" width=\"235\">2495<\/td>\n<td style=\"height: 24px; text-align: center;\" width=\"250\">2495<\/td>\n<td style=\"height: 24px; text-align: center;\" width=\"256\">2495<\/td>\n<\/tr>\n<tr style=\"height: 24px;\">\n<td style=\"height: 24px; text-align: center;\" width=\"284\">CLTC\/intervalo km km;<\/td>\n<td style=\"height: 24px; text-align: center;\" width=\"235\">200<\/td>\n<td style=\"height: 24px; text-align: center;\" width=\"250\">300<\/td>\n<td style=\"height: 24px; text-align: center;\" width=\"256\">300<\/td>\n<\/tr>\n<tr style=\"height: 24px;\">\n<td style=\"height: 24px; text-align: center;\" width=\"284\">Peso curvo kg kg;<\/td>\n<td style=\"height: 24px; text-align: center;\" width=\"235\">880<\/td>\n<td style=\"height: 24px; text-align: center;\" width=\"250\">1010<\/td>\n<td style=\"height: 24px; text-align: center;\" width=\"256\">1010<\/td>\n<\/tr>\n<tr style=\"height: 24px;\">\n<td style=\"height: 24px; text-align: center;\" width=\"284\">m\u00ednimo de dist\u00e2ncia do solo mm mm;<\/td>\n<td style=\"height: 24px; text-align: center;\" width=\"235\">130<\/td>\n<td style=\"height: 24px; text-align: center;\" width=\"250\">120<\/td>\n<td style=\"height: 24px; text-align: center;\" width=\"256\">120<\/td>\n<\/tr>\n<tr style=\"height: 48px;\">\n<td style=\"height: 48px; text-align: center;\" width=\"284\">Temperatura normal de carga (1-100%)tempo(h)<\/td>\n<td style=\"height: 48px; text-align: center;\" width=\"235\">10<\/td>\n<td style=\"height: 48px; text-align: center;\" width=\"250\">9.5<\/td>\n<td style=\"height: 48px; text-align: center;\" width=\"256\">9.5<\/td>\n<\/tr>\n<tr style=\"height: 24px;\">\n<td style=\"height: 24px; text-align: center;\" width=\"284\">Motor<\/td>\n<td style=\"height: 24px; text-align: center;\" width=\"235\">Sincroniza\u00e7\u00e3o permanente de magn\u00e9tico<\/td>\n<td style=\"height: 24px; text-align: center;\" width=\"250\">Sincroniza\u00e7\u00e3o permanente de magn\u00e9tico<\/td>\n<td style=\"height: 24px; text-align: center;\" width=\"256\">Sincroniza\u00e7\u00e3o permanente de magn\u00e9tico<\/td>\n<\/tr>\n<tr style=\"height: 24px;\">\n<td style=\"height: 24px; text-align: center;\" width=\"284\">Pot\u00eancia m\u00e1xima (kW)<\/td>\n<td style=\"height: 24px; text-align: center;\" width=\"235\">30<\/td>\n<td style=\"height: 24px; text-align: center;\" width=\"250\">35<\/td>\n<td style=\"height: 24px; text-align: center;\" width=\"256\">35<\/td>\n<\/tr>\n<tr style=\"height: 24px;\">\n<td style=\"height: 24px; text-align: center;\" width=\"284\">Torque m \u00e1ximo (N\u00b7m)<\/td>\n<td style=\"height: 24px; text-align: center;\" width=\"235\">84<\/td>\n<td style=\"height: 24px; text-align: center;\" width=\"250\">87<\/td>\n<td style=\"height: 24px; text-align: center;\" width=\"256\">87<\/td>\n<\/tr>\n<tr style=\"height: 24px;\">\n<td style=\"height: 24px; text-align: center;\" width=\"284\">Velocidade m\u00e1xima<\/td>\n<td style=\"height: 24px; text-align: center;\" width=\"235\">100<\/td>\n<td style=\"height: 24px; text-align: center;\" width=\"250\">100<\/td>\n<td style=\"height: 24px; text-align: center;\" width=\"256\">100<\/td>\n<\/tr>\n<tr style=\"height: 24px;\">\n<td style=\"height: 24px; text-align: center;\" width=\"284\">Bateria: capacidade<\/td>\n<td style=\"height: 24px; text-align: center;\" width=\"235\">18.5<\/td>\n<td style=\"height: 24px; text-align: center;\" width=\"250\">29.9<\/td>\n<td style=\"height: 24px; text-align: center;\" width=\"256\">29.9<\/td>\n<\/tr>\n<tr style=\"height: 24px;\">\n<td style=\"height: 24px; text-align: center;\" width=\"284\">Tipo de bateria<\/td>\n<td style=\"height: 24px; text-align: center;\" width=\"235\">Bateria ter\u00e1ria de l\u00edtio<\/td>\n<td style=\"height: 24px; text-align: center;\" width=\"250\">l\u00edtio, forma\u00e7\u00e3o de ferro, fosfato<\/td>\n<td style=\"height: 24px; text-align: center;\" width=\"256\">l\u00edtio, forma\u00e7\u00e3o de ferro, fosfato<\/td>\n<\/tr>\n<tr style=\"height: 24px;\">\n<td style=\"height: 24px; text-align: center;\" width=\"284\">assentamento<\/td>\n<td style=\"height: 24px; text-align: center;\" width=\"235\">2+2<\/td>\n<td style=\"height: 24px; text-align: center;\" width=\"250\">2+2<\/td>\n<td style=\"height: 24px; text-align: center;\" width=\"256\">2+2<\/td>\n<\/tr>\n<\/tbody>\n<\/table>\n<hr data-start=\"1394\" data-end=\"1397\" \/>\n<h2 data-start=\"1399\" data-end=\"1437\"><\/h2>\n<h2 data-start=\"1399\" data-end=\"1437\"><strong data-start=\"1402\" data-end=\"1435\">Caracter\u00edsticas-chave e Vendo pontos<\/strong><\/h2>\n<p>&nbsp;<\/p>\n<ol data-start=\"1439\" data-end=\"2376\">\n<li data-start=\"1439\" data-end=\"1688\">\n<p data-start=\"1442\" data-end=\"1688\"><strong data-start=\"1442\" data-end=\"1487\">Performance de Range Extended (at\u00e9 300 KM):<\/strong><br data-start=\"1487\" data-end=\"1490\" \/>Com avan\u00e7ados <strong data-start=\"1507\" data-end=\"1562\">baterias tern\u00e1rias de l\u00edtio ou fosfato de ferro de l\u00edtio<\/strong>o S5402 oferece uma gama impressionante de at\u00e9 <strong data-start=\"1610\" data-end=\"1639\">300 quil\u00f4metros por carga<\/strong>tornando-o ideal para viagens urbanas e suburbanas.<\/p>\n<\/li>\n<li data-start=\"1690\" data-end=\"1936\">\n<p data-start=\"1693\" data-end=\"1936\"><strong data-start=\"1693\" data-end=\"1730\">Powerful and Silent Drive System:<\/strong><br data-start=\"1730\" data-end=\"1733\" \/>Fornecida por um <strong data-start=\"1749\" data-end=\"1799\">motor sincronizado de magn\u00e9tico permanente de alto torque<\/strong>, entregando <strong data-start=\"1812\" data-end=\"1833\">at\u00e9 35kW de sa\u00edda<\/strong>este carro el\u00e9trico fornece acelera\u00e7\u00e3o r\u00e1pida, opera\u00e7\u00e3o em sil\u00eancio e confiabilidade excepcional.<\/p>\n<\/li>\n<li data-start=\"1938\" data-end=\"2149\">\n<p data-start=\"1941\" data-end=\"2149\"><strong data-start=\"1941\" data-end=\"1969\">Efici\u00eancia Energ\u00e9tica Inteligente:<\/strong><br data-start=\"1969\" data-end=\"1972\" \/>O <strong data-start=\"1979\" data-end=\"2014\">sistema de gest\u00e3o da bateria (BMS)<\/strong> otimiza a carga e descarga por uma vida mais longa da bateria, mais r\u00e1pido a recarga e desempenho consistente em todas as condi\u00e7\u00f5es meteorol\u00f3gicas.<\/p>\n<\/li>\n<li data-start=\"2151\" data-end=\"2376\">\n<p data-start=\"2154\" data-end=\"2376\"><strong data-start=\"2154\" data-end=\"2192\">Cabinete de luxo - Interior Ergon\u00f4mico:<\/strong><br data-start=\"2192\" data-end=\"2195\" \/>Um design moderno de cockpit caracter\u00edsticas <strong data-start=\"2231\" data-end=\"2297\">um display digital, materiais de toque suave e controles avan\u00e7ados<\/strong>, proporcionando conforto e sofistica\u00e7\u00e3o tanto para condutores como para passageiros.<\/p>\n<\/li>\n<\/ol>\n<p>&nbsp;<\/p>\n<hr data-start=\"2378\" data-end=\"2381\" \/>\n<h2 data-start=\"2383\" data-end=\"2417\"><\/h2>\n<h2 data-start=\"2383\" data-end=\"2417\"><strong data-start=\"2386\" data-end=\"2415\">Avan\u00e7os Diferenciados<\/strong><\/h2>\n<p>&nbsp;<\/p>\n<ol data-start=\"2419\" data-end=\"3330\">\n<li data-start=\"2419\" data-end=\"2638\">\n<p data-start=\"2422\" data-end=\"2638\"><strong data-start=\"2422\" data-end=\"2464\">Vers\u00f5es m\u00faltiplas para necessidades diferentes:<\/strong><br data-start=\"2464\" data-end=\"2467\" \/>Escolha entre 200KM, 300KM Comfort, ou modelos Deluxe - cada um adaptado para prefer\u00eancias \u00fanicas do cliente, incluindo mais longa gama, luxo adicionado e desempenho melhorado.<\/p>\n<\/li>\n<li data-start=\"2640\" data-end=\"2871\">\n<p data-start=\"2643\" data-end=\"2871\"><strong data-start=\"2643\" data-end=\"2680\">Ve\u00edculo el\u00e9trico de alta velocidade real:<\/strong><br data-start=\"2680\" data-end=\"2683\" \/>Ao contr\u00e1rio dos EV de baixa velocidade, o TECREK S5402 \u00e9 um <strong data-start=\"2730\" data-end=\"2762\">carro el\u00e9trico de alta velocidade verdadeiro<\/strong>capaz de alcan\u00e7ar <strong data-start=\"2784\" data-end=\"2796\">100 km\/h<\/strong> com sistemas avan\u00e7ados de travagem e suspens\u00e3o para condu\u00e7\u00e3o est\u00e1vel de autoestradas.<\/p>\n<\/li>\n<li data-start=\"2873\" data-end=\"3102\">\n<p data-start=\"2876\" data-end=\"3102\"><strong data-start=\"2876\" data-end=\"2906\">Sistema de energia futuro pronto:<\/strong><br data-start=\"2906\" data-end=\"2909\" \/>A combina\u00e7\u00e3o de <strong data-start=\"2931\" data-end=\"2969\">unidade magn\u00e9tica sincronizada permanente<\/strong> e <strong data-start=\"2974\" data-end=\"3018\">baterias de fosfato de ferro tern\u00e1rio\/l\u00edtio<\/strong> assegura uma pot\u00eancia sustent\u00e1vel e duradoura que reduza os custos de manuten\u00e7\u00e3o.<\/p>\n<\/li>\n<li data-start=\"3104\" data-end=\"3330\">\n<p data-start=\"3107\" data-end=\"3330\"><strong data-start=\"3107\" data-end=\"3139\">Compact Yet Spacious Design:<\/strong><br data-start=\"3139\" data-end=\"3142\" \/>Apesar de seu exterior compacto, <strong data-start=\"3179\" data-end=\"3201\">2 2 disposi\u00e7\u00f5es sentadas<\/strong> e <strong data-start=\"3206\" data-end=\"3231\">espa\u00e7o de cabina otimizado<\/strong> criar um caminho surpreendentemente espacioso e confort\u00e1vel - perfeito para viajantes da cidade ou fam\u00edlias pequenas.<\/p>\n<\/li>\n<\/ol>\n<p>&nbsp;<\/p>\n<p><img fetchpriority=\"high\" decoding=\"async\" class=\"alignnone size-medium wp-image-4190\" src=\"https:\/\/www.tairuiauto.com\/wp-content\/uploads\/2025\/10\/8-2-300x224.jpg\" alt=\"\" width=\"300\" height=\"224\" srcset=\"https:\/\/www.tairuiauto.com\/wp-content\/uploads\/2025\/10\/8-2-300x224.jpg 300w, https:\/\/www.tairuiauto.com\/wp-content\/uploads\/2025\/10\/8-2-1024x765.jpg 1024w, https:\/\/www.tairuiauto.com\/wp-content\/uploads\/2025\/10\/8-2-768x574.jpg 768w, https:\/\/www.tairuiauto.com\/wp-content\/uploads\/2025\/10\/8-2-1536x1147.jpg 1536w, https:\/\/www.tairuiauto.com\/wp-content\/uploads\/2025\/10\/8-2-2048x1529.jpg 2048w, https:\/\/www.tairuiauto.com\/wp-content\/uploads\/2025\/10\/8-2-16x12.jpg 16w, https:\/\/www.tairuiauto.com\/wp-content\/uploads\/2025\/10\/8-2-600x448.jpg 600w\" sizes=\"(max-width: 300px) 100vw, 300px\" \/>\u00a0 \u00a0 \u00a0 \u00a0 \u00a0\u00a0 <img decoding=\"async\" class=\"alignnone size-medium wp-image-4193\" src=\"https:\/\/www.tairuiauto.com\/wp-content\/uploads\/2025\/10\/11-2-300x224.jpg\" alt=\"\" width=\"300\" height=\"224\" srcset=\"https:\/\/www.tairuiauto.com\/wp-content\/uploads\/2025\/10\/11-2-300x224.jpg 300w, https:\/\/www.tairuiauto.com\/wp-content\/uploads\/2025\/10\/11-2-1024x765.jpg 1024w, https:\/\/www.tairuiauto.com\/wp-content\/uploads\/2025\/10\/11-2-768x574.jpg 768w, https:\/\/www.tairuiauto.com\/wp-content\/uploads\/2025\/10\/11-2-1536x1147.jpg 1536w, https:\/\/www.tairuiauto.com\/wp-content\/uploads\/2025\/10\/11-2-2048x1529.jpg 2048w, https:\/\/www.tairuiauto.com\/wp-content\/uploads\/2025\/10\/11-2-16x12.jpg 16w, https:\/\/www.tairuiauto.com\/wp-content\/uploads\/2025\/10\/11-2-600x448.jpg 600w\" sizes=\"(max-width: 300px) 100vw, 300px\" \/>\u00a0 \u00a0 \u00a0 \u00a0 \u00a0\u00a0 <img decoding=\"async\" class=\"alignnone size-medium wp-image-4194\" src=\"https:\/\/www.tairuiauto.com\/wp-content\/uploads\/2025\/10\/12-2-300x224.jpg\" alt=\"\" width=\"300\" height=\"224\" srcset=\"https:\/\/www.tairuiauto.com\/wp-content\/uploads\/2025\/10\/12-2-300x224.jpg 300w, https:\/\/www.tairuiauto.com\/wp-content\/uploads\/2025\/10\/12-2-1024x765.jpg 1024w, https:\/\/www.tairuiauto.com\/wp-content\/uploads\/2025\/10\/12-2-768x574.jpg 768w, https:\/\/www.tairuiauto.com\/wp-content\/uploads\/2025\/10\/12-2-1536x1147.jpg 1536w, https:\/\/www.tairuiauto.com\/wp-content\/uploads\/2025\/10\/12-2-2048x1529.jpg 2048w, https:\/\/www.tairuiauto.com\/wp-content\/uploads\/2025\/10\/12-2-16x12.jpg 16w, https:\/\/www.tairuiauto.com\/wp-content\/uploads\/2025\/10\/12-2-600x448.jpg 600w\" sizes=\"(max-width: 300px) 100vw, 300px\" \/><\/p>\n<hr data-start=\"4179\" data-end=\"4182\" \/>\n<h2 data-start=\"4184\" data-end=\"4218\"><strong data-start=\"4187\" data-end=\"4216\">Materiales &amp; - Construir qualidade<\/strong><\/h2>\n<p data-start=\"4219\" data-end=\"4469\">O S5402 usa um <strong data-start=\"4236\" data-end=\"4274\">corpo de a\u00e7o de alta tens\u00e3o refor\u00e7ado<\/strong> combinados com <strong data-start=\"4289\" data-end=\"4324\">componentes ligeiros de alum\u00ednio<\/strong> para a seguran\u00e7a e efici\u00eancia \u00f3ptimas. O <strong data-start=\"4364\" data-end=\"4395\">pain\u00e9is exteriores aerodin\u00e2micos<\/strong> reduzir o arrasto, enquanto o revestimento anti-corrosivo assegura durabilidade a longo prazo.<\/p>\n<hr data-start=\"4471\" data-end=\"4474\" \/>\n<h2 data-start=\"4476\" data-end=\"4500\"><strong data-start=\"4479\" data-end=\"4498\">Design Externo<\/strong><\/h2>\n<p data-start=\"4501\" data-end=\"4752\">Inspirado pelo estilo europeu de microcarros, o S5402 apresenta uma <strong data-start=\"4561\" data-end=\"4583\">perfil corporal suave<\/strong>, luzes LED integradas, e uma grelha futurista de frente. As linhas esculpidas n\u00e3o s\u00f3 aumentam a apar\u00eancia, mas tamb\u00e9m contribuem para <strong data-start=\"4713\" data-end=\"4749\">melhorar o desempenho aerodin\u00e2mico<\/strong>.<\/p>\n<hr data-start=\"4754\" data-end=\"4757\" \/>\n<h2 data-start=\"4759\" data-end=\"4786\"><strong data-start=\"4762\" data-end=\"4784\">Interior &amp; - Comfort<\/strong><\/h2>\n<p data-start=\"4787\" data-end=\"5031\">Dentro, o TECREK S5402 oferece <strong data-start=\"4819\" data-end=\"4850\">pr\u00e9mio de dois tons<\/strong>, <strong data-start=\"4852\" data-end=\"4879\">superf\u00edcies de painel suaves<\/strong>e <strong data-start=\"4885\" data-end=\"4922\">controles inteligentes de informa\u00e7\u00e3o<\/strong>O <strong data-start=\"4928\" data-end=\"4957\">janela de vis\u00e3o panor\u00e1mica<\/strong> e <strong data-start=\"4962\" data-end=\"4989\">display digital do cockpit<\/strong> aumentar a visibilidade e o conforto de condu\u00e7\u00e3o.<\/p>\n<hr data-start=\"5033\" data-end=\"5036\" \/>\n<h2 data-start=\"5038\" data-end=\"5064\"><strong data-start=\"5041\" data-end=\"5062\">Adapta\u00e7\u00e3o OEM<\/strong><\/h2>\n<p data-start=\"5065\" data-end=\"5290\">O TECREK fornece <strong data-start=\"5086\" data-end=\"5105\">Apoio OEM\/ODM<\/strong> \u2014 incluindo marca personalizada, design de logotipos, configura\u00e7\u00f5es de linguagem de bordo, esquemas de cores e materiais de assentos. Vers\u00f5es privadas de rotulagem est\u00e3o dispon\u00edveis para distribuidores e parceiros regionais.<\/p>\n<hr data-start=\"5292\" data-end=\"5295\" \/>\n<h2 data-start=\"5297\" data-end=\"5323\"><strong data-start=\"5300\" data-end=\"5321\">Assuran\u00e7a de Qualidade<\/strong><\/h2>\n<p data-start=\"5324\" data-end=\"5400\">Cada ve\u00edculo S5402 passa <strong data-start=\"5353\" data-end=\"5386\">inspec\u00e7\u00e3o de qualidade em v\u00e1rios passos<\/strong>incluindo:<\/p>\n<ul data-start=\"5401\" data-end=\"5562\">\n<li data-start=\"5401\" data-end=\"5427\">\n<p data-start=\"5403\" data-end=\"5427\">Testes de seguran\u00e7a da bateria<\/p>\n<\/li>\n<li data-start=\"5428\" data-end=\"5460\">\n<p data-start=\"5430\" data-end=\"5460\">Calibra\u00e7\u00e3o da efici\u00eancia motora<\/p>\n<\/li>\n<li data-start=\"5461\" data-end=\"5506\">\n<p data-start=\"5463\" data-end=\"5506\">Valida\u00e7\u00e3o da vibra\u00e7\u00e3o e resist\u00eancia \u00e0 \u00e1gua<\/p>\n<\/li>\n<li data-start=\"5507\" data-end=\"5562\">\n<p data-start=\"5509\" data-end=\"5562\">Testes de desempenho rodovi\u00e1rio nos padr\u00f5es CEE e CE<\/p>\n<\/li>\n<\/ul>\n<hr data-start=\"5564\" data-end=\"5567\" \/>\n<h2 data-start=\"5569\" data-end=\"5597\"><strong data-start=\"5572\" data-end=\"5595\">Servi\u00e7o de Depois de Venda<\/strong><\/h2>\n<ul data-start=\"5598\" data-end=\"5812\">\n<li data-start=\"5598\" data-end=\"5678\">\n<p data-start=\"5600\" data-end=\"5678\"><strong data-start=\"5600\" data-end=\"5628\">Garantia Global de 12 meses<\/strong> em componentes n\u00facleos (bateria, motor, controlador)<\/p>\n<\/li>\n<li data-start=\"5679\" data-end=\"5747\">\n<p data-start=\"5681\" data-end=\"5747\"><strong data-start=\"5681\" data-end=\"5703\">Fornecimento de pe\u00e7as de reposi\u00e7\u00e3o<\/strong> e apoio t\u00e9cnico dispon\u00edvel em todo o mundo<\/p>\n<\/li>\n<li data-start=\"5748\" data-end=\"5812\">\n<p data-start=\"5750\" data-end=\"5812\"><strong data-start=\"5750\" data-end=\"5779\">Servi\u00e7o de diagn\u00f3stico remoto<\/strong> atrav\u00e9s da plataforma de assist\u00eancia online<\/p>\n<\/li>\n<\/ul>\n<hr data-start=\"5814\" data-end=\"5817\" \/>\n<h2 data-start=\"5819\" data-end=\"5849\"><strong data-start=\"5822\" data-end=\"5847\">Escen\u00e1rios de aplica\u00e7\u00f5es<\/strong><\/h2>\n<ul data-start=\"5850\" data-end=\"6020\">\n<li data-start=\"5850\" data-end=\"5895\">\n<p data-start=\"5852\" data-end=\"5895\">Servi\u00e7os urbanos de viagem e compartilhamento de viagens<\/p>\n<\/li>\n<li data-start=\"5896\" data-end=\"5938\">\n<p data-start=\"5898\" data-end=\"5938\">Log\u00edstica ecol\u00f3gica e uso de turismo<\/p>\n<\/li>\n<li data-start=\"5939\" data-end=\"5985\">\n<p data-start=\"5941\" data-end=\"5985\">Aplica\u00e7\u00f5es do governo ou da frota corporativa<\/p>\n<\/li>\n<li data-start=\"5986\" data-end=\"6020\">\n<p data-start=\"5988\" data-end=\"6020\">Ve\u00edculos comunit\u00e1rios residenciais<\/p>\n<\/li>\n<\/ul>\n<hr data-start=\"6022\" data-end=\"6025\" \/>\n<h2 data-start=\"6027\" data-end=\"6054\"><strong data-start=\"6030\" data-end=\"6052\">Pagamento e - Entrega<\/strong><\/h2>\n<ul data-start=\"6055\" data-end=\"6216\">\n<li data-start=\"6055\" data-end=\"6111\">\n<p data-start=\"6057\" data-end=\"6111\"><strong data-start=\"6057\" data-end=\"6075\">Condi\u00e7\u00f5es de pagamento:<\/strong> T\/T, L\/C, Alibaba Trade Assurance<\/p>\n<\/li>\n<li data-start=\"6112\" data-end=\"6155\">\n<p data-start=\"6114\" data-end=\"6155\"><strong data-start=\"6114\" data-end=\"6128\">Hora de lideran\u00e7a:<\/strong> 25-35 dias ap\u00f3s o dep\u00f3sito<\/p>\n<\/li>\n<li data-start=\"6156\" data-end=\"6216\">\n<p data-start=\"6158\" data-end=\"6216\"><strong data-start=\"6158\" data-end=\"6166\">MOQ:<\/strong> Negoci\u00e1vel baseado em parceria ou volume de ordem<\/p>\n<\/li>\n<\/ul>\n<hr data-start=\"6218\" data-end=\"6221\" \/>\n<h2 data-start=\"6223\" data-end=\"6235\"><strong data-start=\"6226\" data-end=\"6233\">FAQ<\/strong><\/h2>\n<p data-start=\"6237\" data-end=\"6454\"><strong data-start=\"6237\" data-end=\"6305\">Q1: Qual \u00e9 a diferen\u00e7a entre as vers\u00f5es de 200KM e 300KM?<\/strong><br data-start=\"6305\" data-end=\"6308\" \/>A1: As vers\u00f5es de 300KM usam <strong data-start=\"6335\" data-end=\"6387\">baterias de fosfato de ferro de l\u00edtio de maior capacidade<\/strong> e motores melhorados para amplia\u00e7\u00e3o e melhoria do desempenho.<\/p>\n<p data-start=\"6456\" data-end=\"6653\"><strong data-start=\"6456\" data-end=\"6511\">Q2: O TECREK S5402 pode ser conduzido em estradas p\u00fablicas?<\/strong><br data-start=\"6511\" data-end=\"6514\" \/>A2: Sim. \u00c9 um <strong data-start=\"6531\" data-end=\"6575\">ve\u00edculo el\u00e9trico de quatro rodas de alta velocidade<\/strong> adequados para uso urbano e de rodovias em mercados que apoiam a homologa\u00e7\u00e3o de EV.<\/p>\n<p data-start=\"6655\" data-end=\"6829\"><strong data-start=\"6655\" data-end=\"6700\">Q3: Quanto tempo dura a bateria S5402?<\/strong><br data-start=\"6700\" data-end=\"6703\" \/>A3: A bateria \u00e9 projetada para <strong data-start=\"6735\" data-end=\"6764\">mais de 2500 ciclos de carga<\/strong>mantendo uma forte reten\u00e7\u00e3o de capacidade por anos de uso di\u00e1rio.<\/p>\n<p data-start=\"6831\" data-end=\"7016\"><strong data-start=\"6831\" data-end=\"6882\">Q4: Existem logos OEM e designs personalizados?<\/strong><br data-start=\"6882\" data-end=\"6885\" \/>A4: Absolutamente - o TECREK apoia <strong data-start=\"6918\" data-end=\"6939\">Adapta\u00e7\u00e3o OEM<\/strong> para marca, cor, interface de bordo e especifica\u00e7\u00f5es do mercado local.<\/p>","protected":false},"excerpt":{"rendered":"<p data-start=\"583\" data-end=\"986\">O <strong data-start=\"587\" data-end=\"644\">TECREK S5402 Ve\u00edculo el\u00e9trico de quatro rodas de alta velocidade<\/strong> representa a pr\u00f3xima gera\u00e7\u00e3o de mobilidade urbana sustent\u00e1vel - combinando <strong data-start=\"718\" data-end=\"752\">velocidade, alcance e intelig\u00eancia<\/strong> em um ve\u00edculo el\u00e9trico elegante. Designed for modern drivers who demand efficiency and comfort, the S5402 provides <strong data-start=\"870\" data-end=\"892\">at\u00e9 300 km de dist\u00e2ncia<\/strong> e <strong data-start=\"897\" data-end=\"923\">velocidade m\u00e1xima de 100 km\/h<\/strong>tornando-o um dos EV mais capazes de sua classe.<\/p>\n<p data-start=\"988\" data-end=\"1392\">Dispon\u00edvel em m\u00faltiplas configura\u00e7\u00f5es -- <strong data-start=\"1027\" data-end=\"1052\">200KM Comfort Version<\/strong>, <strong data-start=\"1054\" data-end=\"1079\">300KM Comfort Version<\/strong>e <strong data-start=\"1085\" data-end=\"1109\">300KM Deluxe Edition<\/strong> - este mini-carro el\u00e9trico se adapta perfeitamente tanto aos viagens di\u00e1rias quanto aos viagens de intercidade mais longas. Com um <strong data-start=\"1213\" data-end=\"1251\">motor sincrono de \u00edm\u00e3 permanente<\/strong> e avan\u00e7ados <strong data-start=\"1265\" data-end=\"1295\">tecnologia da bateria de l\u00edtio<\/strong>, o S5402 assegura um fornecimento de energia suave, efici\u00eancia energ\u00e9tica e uma experi\u00eancia de condu\u00e7\u00e3o prim\u00e1ria.<\/p>","protected":false},"featured_media":4184,"comment_status":"open","ping_status":"closed","template":"","meta":[],"product_brand":[],"product_cat":[77],"product_tag":[],"class_list":{"0":"post-4182","1":"product","2":"type-product","3":"status-publish","4":"has-post-thumbnail","6":"product_cat-electric-micro-vehicle","8":"first","9":"instock","10":"shipping-taxable","11":"product-type-simple"},"_links":{"self":[{"href":"https:\/\/www.tairuiauto.com\/pt\/wp-json\/wp\/v2\/product\/4182","targetHints":{"allow":["GET"]}}],"collection":[{"href":"https:\/\/www.tairuiauto.com\/pt\/wp-json\/wp\/v2\/product"}],"about":[{"href":"https:\/\/www.tairuiauto.com\/pt\/wp-json\/wp\/v2\/types\/product"}],"replies":[{"embeddable":true,"href":"https:\/\/www.tairuiauto.com\/pt\/wp-json\/wp\/v2\/comments?post=4182"}],"wp:featuredmedia":[{"embeddable":true,"href":"https:\/\/www.tairuiauto.com\/pt\/wp-json\/wp\/v2\/media\/4184"}],"wp:attachment":[{"href":"https:\/\/www.tairuiauto.com\/pt\/wp-json\/wp\/v2\/media?parent=4182"}],"wp:term":[{"taxonomy":"product_brand","embeddable":true,"href":"https:\/\/www.tairuiauto.com\/pt\/wp-json\/wp\/v2\/product_brand?post=4182"},{"taxonomy":"product_cat","embeddable":true,"href":"https:\/\/www.tairuiauto.com\/pt\/wp-json\/wp\/v2\/product_cat?post=4182"},{"taxonomy":"product_tag","embeddable":true,"href":"https:\/\/www.tairuiauto.com\/pt\/wp-json\/wp\/v2\/product_tag?post=4182"}],"curies":[{"name":"wp","href":"https:\/\/api.w.org\/{rel}","templated":true}]}}