{"id":4197,"date":"2026-01-12T10:03:43","date_gmt":"2026-01-12T02:03:43","guid":{"rendered":"https:\/\/www.tairuiauto.com\/?post_type=product&#038;p=4197"},"modified":"2026-01-27T10:32:17","modified_gmt":"2026-01-27T02:32:17","slug":"high-speed-electric-mini-pickup","status":"publish","type":"product","link":"https:\/\/www.tairuiauto.com\/pt\/product\/high-speed-electric-mini-pickup\/","title":{"rendered":"High Speed Electric Mini Pickup"},"content":{"rendered":"<h2 style=\"padding-left: 40px;\" data-start=\"554\" data-end=\"582\"><strong data-start=\"557\" data-end=\"580\">Descri\u00e7\u00e3o do produto<\/strong><\/h2>\n<p style=\"padding-left: 40px;\">O <strong data-start=\"700\" data-end=\"735\">High Speed Electric Mini Pickup<\/strong> \u00e9 projetada para manejo eficiente de carga em ambientes de baixa velocidade e rodovi\u00e1rias controladas. Combinando uma estrutura de pickup refor\u00e7ada com um drivetrain el\u00e9trico, ele fornece desempenho est\u00e1vel, manuten\u00e7\u00e3o simples e opera\u00e7\u00e3o di\u00e1ria confi\u00e1vel para usu\u00e1rios comerciais.<\/p>\n<table style=\"border-collapse: collapse; width: 62.0354%; height: 388px; margin-left: 40px;\" border=\"0\" width=\"706\" cellspacing=\"0\" cellpadding=\"0\">\n<tbody style=\"padding-left: 40px;\">\n<tr style=\"height: 20pt; padding-left: 40px;\">\n<td class=\"et4\" style=\"height: 20pt; width: 186.55pt; padding-left: 40px;\" width=\"310\" height=\"33\">Nome<\/td>\n<td class=\"et6\" style=\"width: 237.6pt; padding-left: 40px;\" width=\"396\">High Speed Electric Mini Pickup<\/td>\n<\/tr>\n<tr style=\"height: 20pt; padding-left: 40px;\">\n<td class=\"et5\" style=\"height: 20pt; width: 186.55pt; padding-left: 40px;\" width=\"310\" height=\"33\">Longitude * Largura * Altura (mm)<\/td>\n<td class=\"et5\" style=\"width: 237.6pt; padding-left: 40px;\" width=\"396\">4975\u00b7 1700\u00b72425<\/td>\n<\/tr>\n<tr style=\"height: 20pt; padding-left: 40px;\">\n<td class=\"et5\" style=\"height: 20pt; width: 186.55pt; padding-left: 40px;\" width=\"310\" height=\"33\">Controlo el\u00e9trico<\/td>\n<td class=\"et5\" style=\"width: 237.6pt; padding-left: 40px;\" width=\"396\">72V AC controle el\u00e9trico inteligente<\/td>\n<\/tr>\n<tr style=\"height: 20pt; padding-left: 40px;\">\n<td class=\"et5\" style=\"height: 20pt; width: 186.55pt; padding-left: 40px;\" width=\"310\" height=\"33\">bateria<\/td>\n<td class=\"et5\" style=\"width: 237.6pt; padding-left: 40px;\" width=\"396\">6v200AH Maintenance free battery pack<\/td>\n<\/tr>\n<tr style=\"height: 20pt; padding-left: 40px;\">\n<td class=\"et5\" style=\"height: 20pt; width: 186.55pt; padding-left: 40px;\" width=\"310\" height=\"33\">quil\u00f4metro<\/td>\n<td class=\"et5\" style=\"width: 237.6pt; padding-left: 40px;\" width=\"396\">90-100km<\/td>\n<\/tr>\n<tr style=\"height: 20pt; padding-left: 40px;\">\n<td class=\"et5\" style=\"height: 20pt; width: 186.55pt; padding-left: 40px;\" width=\"310\" height=\"33\">M\u00e1quina el\u00e9trica<\/td>\n<td class=\"et5\" style=\"width: 237.6pt; padding-left: 40px;\" width=\"396\">Motor de tra\u00e7\u00e3o AC de 7,5kw<\/td>\n<\/tr>\n<tr style=\"height: 20pt; padding-left: 40px;\">\n<td class=\"et5\" style=\"height: 20pt; width: 186.55pt; padding-left: 40px;\" width=\"310\" height=\"33\">Gradiente m\u00e1ximo<\/td>\n<td class=\"et5\" style=\"width: 237.6pt; padding-left: 40px;\" width=\"396\">0.25<\/td>\n<\/tr>\n<tr style=\"height: 20pt; padding-left: 40px;\">\n<td class=\"et5\" style=\"height: 20pt; width: 186.55pt; padding-left: 40px;\" width=\"310\" height=\"33\">freio<\/td>\n<td class=\"et5\" style=\"width: 237.6pt; padding-left: 40px;\" width=\"396\">tambor anterior e posterior, freio hidr\u00e1ulico<\/td>\n<\/tr>\n<tr style=\"height: 20pt; padding-left: 40px;\">\n<td class=\"et5\" style=\"height: 20pt; width: 186.55pt; padding-left: 40px;\" width=\"310\" height=\"33\">velocidade<\/td>\n<td class=\"et5\" style=\"width: 237.6pt; padding-left: 40px;\" width=\"396\">40 km\/h<\/td>\n<\/tr>\n<tr style=\"height: 20pt; padding-left: 40px;\">\n<td class=\"et5\" style=\"height: 20pt; width: 186.55pt; padding-left: 40px;\" width=\"310\" height=\"33\">Sistema de dire\u00e7\u00e3o<\/td>\n<td class=\"et5\" style=\"width: 237.6pt; padding-left: 40px;\" width=\"396\">Pot\u00eancia eletr\u00f4nica de dire\u00e7\u00e3o<\/td>\n<\/tr>\n<tr style=\"height: 20pt; padding-left: 40px;\">\n<td class=\"et5\" style=\"height: 20pt; width: 186.55pt; padding-left: 40px;\" width=\"310\" height=\"33\">Suspens\u00e3o anterior e posterior<\/td>\n<td class=\"et5\" style=\"width: 237.6pt; padding-left: 40px;\" width=\"396\">Springs longitudinais de folhas frontais e traseiras<\/td>\n<\/tr>\n<tr style=\"height: 20pt; padding-left: 40px;\">\n<td class=\"et5\" style=\"height: 20pt; width: 186.55pt; padding-left: 40px;\" width=\"310\" height=\"33\">roda<\/td>\n<td class=\"et5\" style=\"width: 237.6pt; padding-left: 40px;\" width=\"396\">rodas de a\u00e7o 165\/70R13<\/td>\n<\/tr>\n<\/tbody>\n<\/table>\n<hr style=\"padding-left: 40px;\" data-start=\"1464\" data-end=\"1467\" \/>\n<h2 style=\"padding-left: 40px;\" data-start=\"1006\" data-end=\"1028\">Descri\u00e7\u00e3o do produto<\/h2>\n<h3 style=\"padding-left: 40px;\" data-start=\"1030\" data-end=\"1052\">Categoria de produtos<\/h3>\n<p style=\"padding-left: 40px;\" data-start=\"1053\" data-end=\"1142\">Mini Pickup Truck Electric\/Electric Utility Vehicle\/Light-Duty Electric Cargo Vehicle<\/p>\n<h3 style=\"padding-left: 40px;\" data-start=\"1144\" data-end=\"1169\">Descri\u00e7\u00e3o do produto<\/h3>\n<p style=\"padding-left: 40px;\" data-start=\"1171\" data-end=\"1546\">O <strong data-start=\"1175\" data-end=\"1210\">High Speed Electric Mini Pickup<\/strong> \u00e9 projetado para atender \u00e0s necessidades do transporte de carga a curta dist\u00e2ncia onde a confiabilidade, simplicidade e baixo custo operacional s\u00e3o cr\u00edticos. Com dimens\u00f5es gerais de <strong data-start=\"1367\" data-end=\"1392\">4975 \u00d7 1700 \u00d7 2425 mm<\/strong>, o ve\u00edculo oferece um espa\u00e7o espacial de carga ao mesmo tempo que mant\u00e9m manevrabilidade pr\u00e1tica para parques industriais, campus, estradas rurais e estaleiros log\u00edsticos.<\/p>\n<p style=\"padding-left: 40px;\" data-start=\"1548\" data-end=\"1926\">O ve\u00edculo adota um <strong data-start=\"1569\" data-end=\"1615\">72V AC sistema inteligente de controle el\u00e9trico<\/strong>, assegurando uma distribui\u00e7\u00e3o de energia suave e uma gest\u00e3o eficiente da energia. Ela est\u00e1 equipada com um <strong data-start=\"1703\" data-end=\"1731\">Motor de tra\u00e7\u00e3o AC de 7,5 kW<\/strong>, fornecendo sa\u00edda est\u00e1vel para tarefas de carregamento di\u00e1rio. O sistema suporta um <strong data-start=\"1804\" data-end=\"1848\">dist\u00e2ncia de condu\u00e7\u00e3o de aproximadamente 90-100 km<\/strong>tornando-o adequado para ciclos de transporte de rotina sem recargar frequentemente.<\/p>\n<p style=\"padding-left: 40px;\" data-start=\"1548\" data-end=\"1926\"><img fetchpriority=\"high\" decoding=\"async\" class=\"alignnone wp-image-4205\" src=\"https:\/\/www.tairuiauto.com\/wp-content\/uploads\/2025\/10\/8-3-300x200.jpg\" alt=\"\" width=\"300\" height=\"200\" srcset=\"https:\/\/www.tairuiauto.com\/wp-content\/uploads\/2025\/10\/8-3-300x200.jpg 300w, https:\/\/www.tairuiauto.com\/wp-content\/uploads\/2025\/10\/8-3-1024x682.jpg 1024w, https:\/\/www.tairuiauto.com\/wp-content\/uploads\/2025\/10\/8-3-768x512.jpg 768w, https:\/\/www.tairuiauto.com\/wp-content\/uploads\/2025\/10\/8-3-1536x1023.jpg 1536w, https:\/\/www.tairuiauto.com\/wp-content\/uploads\/2025\/10\/8-3-18x12.jpg 18w, https:\/\/www.tairuiauto.com\/wp-content\/uploads\/2025\/10\/8-3-600x400.jpg 600w, https:\/\/www.tairuiauto.com\/wp-content\/uploads\/2025\/10\/8-3.jpg 1911w\" sizes=\"(max-width: 300px) 100vw, 300px\" \/>\u00a0 \u00a0<img decoding=\"async\" class=\"alignnone wp-image-4211\" src=\"https:\/\/www.tairuiauto.com\/wp-content\/uploads\/2025\/10\/14-300x200.jpg\" alt=\"\" width=\"300\" height=\"200\" srcset=\"https:\/\/www.tairuiauto.com\/wp-content\/uploads\/2025\/10\/14-300x200.jpg 300w, https:\/\/www.tairuiauto.com\/wp-content\/uploads\/2025\/10\/14-1024x682.jpg 1024w, https:\/\/www.tairuiauto.com\/wp-content\/uploads\/2025\/10\/14-768x512.jpg 768w, https:\/\/www.tairuiauto.com\/wp-content\/uploads\/2025\/10\/14-1536x1024.jpg 1536w, https:\/\/www.tairuiauto.com\/wp-content\/uploads\/2025\/10\/14-2048x1365.jpg 2048w, https:\/\/www.tairuiauto.com\/wp-content\/uploads\/2025\/10\/14-18x12.jpg 18w, https:\/\/www.tairuiauto.com\/wp-content\/uploads\/2025\/10\/14-600x400.jpg 600w\" sizes=\"(max-width: 300px) 100vw, 300px\" \/>\u00a0 \u00a0 \u00a0 <img decoding=\"async\" class=\"alignnone wp-image-4193\" src=\"https:\/\/www.tairuiauto.com\/wp-content\/uploads\/2025\/10\/11-2-300x224.jpg\" alt=\"\" width=\"268\" height=\"200\" srcset=\"https:\/\/www.tairuiauto.com\/wp-content\/uploads\/2025\/10\/11-2-300x224.jpg 300w, https:\/\/www.tairuiauto.com\/wp-content\/uploads\/2025\/10\/11-2-1024x765.jpg 1024w, https:\/\/www.tairuiauto.com\/wp-content\/uploads\/2025\/10\/11-2-768x574.jpg 768w, https:\/\/www.tairuiauto.com\/wp-content\/uploads\/2025\/10\/11-2-1536x1147.jpg 1536w, https:\/\/www.tairuiauto.com\/wp-content\/uploads\/2025\/10\/11-2-2048x1529.jpg 2048w, https:\/\/www.tairuiauto.com\/wp-content\/uploads\/2025\/10\/11-2-16x12.jpg 16w, https:\/\/www.tairuiauto.com\/wp-content\/uploads\/2025\/10\/11-2-600x448.jpg 600w\" sizes=\"(max-width: 268px) 100vw, 268px\" \/><\/p>\n<p style=\"padding-left: 40px;\" data-start=\"1928\" data-end=\"2173\">A energia \u00e9 fornecida por um <strong data-start=\"1951\" data-end=\"2009\">bateria livre de manuten\u00e7\u00e3o (configura\u00e7\u00e3o 6V 200Ah)<\/strong>, projetados para durabilidade e reduzidos requisitos de servi\u00e7o. Este sistema de bateria suporta desempenho consistente e uso di\u00e1rio confi\u00e1vel em ambientes comerciais.<\/p>\n<p style=\"padding-left: 40px;\" data-start=\"2175\" data-end=\"2429\">O pickup \u00e9 capaz de lidar com um <strong data-start=\"2211\" data-end=\"2247\">gradiente m\u00e1ximo de escala de 25%<\/strong>permitindo que opere em rampas, terreno desigual e condi\u00e7\u00f5es ligeiras fora da estrada. A <strong data-start=\"2331\" data-end=\"2355\">a velocidade m\u00e1xima de 40 km\/h<\/strong> assegura uma opera\u00e7\u00e3o segura e controlada em \u00e1reas restritas ou semifechadas.<\/p>\n<p style=\"padding-left: 40px;\" data-start=\"2431\" data-end=\"2714\">Para seguran\u00e7a e controle, o ve\u00edculo apresenta um <strong data-start=\"2478\" data-end=\"2538\">sistema de travagem hidr\u00e1ulico com freios de tambor frontal e posterior<\/strong>, fornecendo desempenho de paragem confi\u00e1vel sob carga. O <strong data-start=\"2598\" data-end=\"2634\">sistema eletr\u00f4nico de dire\u00e7\u00e3o de energia<\/strong> aumenta o conforto de manejo e reduz a fadiga do condutor durante a opera\u00e7\u00e3o prolongada.<\/p>\n<p style=\"padding-left: 40px;\" data-start=\"2716\" data-end=\"2983\">O chassis \u00e9 apoiado por <strong data-start=\"2744\" data-end=\"2798\">suspens\u00e3o longitudinal de primavera da folha anterior e posterior<\/strong>oferecendo uma forte capacidade de carga e durabilidade para o transporte repetido de carga. <strong data-start=\"2885\" data-end=\"2911\">rodas de a\u00e7o 165\/70R13<\/strong> refor\u00e7ar ainda mais a for \u00e7a estrutural e a adequa\u00e7\u00e3o para uso comercial.<\/p>\n<hr style=\"padding-left: 40px;\" data-start=\"3023\" data-end=\"3026\" \/>\n<h2 style=\"padding-left: 40px;\" data-start=\"2990\" data-end=\"3018\">Caracter\u00edsticas-chave e - Avantagens<\/h2>\n<h3 style=\"padding-left: 40px;\" data-start=\"3020\" data-end=\"3034\">Caracter\u00edsticas<\/h3>\n<ul>\n<li style=\"list-style-type: none;\">\n<ul data-start=\"3035\" data-end=\"3215\">\n<li data-start=\"3035\" data-end=\"3071\">\n<p data-start=\"3037\" data-end=\"3071\">Design el\u00e9trico de mini-pickup corporal<\/p>\n<\/li>\n<li data-start=\"3072\" data-end=\"3118\">\n<p data-start=\"3074\" data-end=\"3118\">72V AC sistema inteligente de controle el\u00e9trico<\/p>\n<\/li>\n<li data-start=\"3119\" data-end=\"3147\">\n<p data-start=\"3121\" data-end=\"3147\">Motor de tra\u00e7\u00e3o AC de 7,5 kW<\/p>\n<\/li>\n<li data-start=\"3148\" data-end=\"3181\">\n<p data-start=\"3150\" data-end=\"3181\">Bateria livre de manuten\u00e7\u00e3o<\/p>\n<\/li>\n<li data-start=\"3182\" data-end=\"3215\">\n<p data-start=\"3184\" data-end=\"3215\">Sistema hidr\u00e1ulico de travagem de tambor<\/p>\n<\/li>\n<\/ul>\n<\/li>\n<\/ul>\n<h3 style=\"padding-left: 40px;\" data-start=\"3217\" data-end=\"3233\">Avantagens<\/h3>\n<ul>\n<li style=\"list-style-type: none;\">\n<ul data-start=\"3234\" data-end=\"3418\">\n<li data-start=\"3234\" data-end=\"3282\">\n<p data-start=\"3236\" data-end=\"3282\">Presta\u00e7\u00e3o est\u00e1vel para o transporte de carga ligeira<\/p>\n<\/li>\n<li data-start=\"3283\" data-end=\"3322\">\n<p data-start=\"3285\" data-end=\"3322\">Baixos custos de manuten\u00e7\u00e3o e funcionamento<\/p>\n<\/li>\n<li data-start=\"3323\" data-end=\"3363\">\n<p data-start=\"3325\" data-end=\"3363\">Estrutura de comboio el\u00e9trico simples<\/p>\n<\/li>\n<li data-start=\"3364\" data-end=\"3418\">\n<p data-start=\"3366\" data-end=\"3418\">Adequado para diversos terrenos e condi\u00e7\u00f5es de trabalho<\/p>\n<\/li>\n<\/ul>\n<\/li>\n<\/ul>\n<h3 style=\"padding-left: 40px;\" data-start=\"3420\" data-end=\"3440\">Benef\u00edcios do comprador<\/h3>\n<ul>\n<li style=\"list-style-type: none;\">\n<ul data-start=\"3441\" data-end=\"3611\">\n<li data-start=\"3441\" data-end=\"3480\">\n<p data-start=\"3443\" data-end=\"3480\">Redu\u00e7\u00e3o das despesas de combust\u00edvel e servi\u00e7o<\/p>\n<\/li>\n<li data-start=\"3481\" data-end=\"3528\">\n<p data-start=\"3483\" data-end=\"3528\">Opera\u00e7\u00e3o di\u00e1ria confi\u00e1vel para uso comercial<\/p>\n<\/li>\n<li data-start=\"3529\" data-end=\"3563\">\n<p data-start=\"3531\" data-end=\"3563\">Opera\u00e7\u00e3o f\u00e1cil e manuten\u00e7\u00e3o<\/p>\n<\/li>\n<li data-start=\"3564\" data-end=\"3611\">\n<p data-start=\"3566\" data-end=\"3611\">Solu\u00e7\u00e3o ideal para a log\u00edstica de curta dist\u00e2ncia<\/p>\n<\/li>\n<\/ul>\n<\/li>\n<\/ul>\n<h3 style=\"padding-left: 40px;\" data-start=\"3613\" data-end=\"3627\">Provas<\/h3>\n<ul>\n<li style=\"list-style-type: none;\">\n<ul data-start=\"3628\" data-end=\"3770\">\n<li data-start=\"3628\" data-end=\"3669\">\n<p data-start=\"3630\" data-end=\"3669\">Motor AC provado e sistema de controle<\/p>\n<\/li>\n<li data-start=\"3670\" data-end=\"3717\">\n<p data-start=\"3672\" data-end=\"3717\">Suspens\u00e3o refor\u00e7ada e estrutura do chassis<\/p>\n<\/li>\n<li data-start=\"3718\" data-end=\"3770\">\n<p data-start=\"3720\" data-end=\"3770\">Componentes de travagem e dire\u00e7\u00e3o comerciais<\/p>\n<\/li>\n<\/ul>\n<\/li>\n<\/ul>\n<hr style=\"padding-left: 40px;\" data-start=\"3772\" data-end=\"3775\" \/>\n<h2 style=\"padding-left: 40px;\" data-start=\"3777\" data-end=\"3801\">Escen\u00e1rios de aplica\u00e7\u00f5es<\/h2>\n<ul>\n<li style=\"list-style-type: none;\">\n<ul data-start=\"3803\" data-end=\"4009\">\n<li data-start=\"3803\" data-end=\"3844\">\n<p data-start=\"3805\" data-end=\"3844\">Log\u00edstica da f\u00e1brica e dos parques industriais<\/p>\n<\/li>\n<li data-start=\"3845\" data-end=\"3887\">\n<p data-start=\"3847\" data-end=\"3887\">Transporte de carga agr\u00edcola e rural<\/p>\n<\/li>\n<li data-start=\"3888\" data-end=\"3930\">\n<p data-start=\"3890\" data-end=\"3930\">Opera\u00e7\u00f5es de manuten\u00e7\u00e3o de campus e parques<\/p>\n<\/li>\n<li data-start=\"3931\" data-end=\"3971\">\n<p data-start=\"3933\" data-end=\"3971\">Tratamento de materiais de armaz\u00e9m e jardim<\/p>\n<\/li>\n<li data-start=\"3972\" data-end=\"4009\">\n<p data-start=\"3974\" data-end=\"4009\">Utiliza\u00e7\u00e3o de servi\u00e7os municipais e utilit\u00e1rios<\/p>\n<\/li>\n<\/ul>\n<\/li>\n<\/ul>\n<hr style=\"padding-left: 40px;\" data-start=\"4011\" data-end=\"4014\" \/>\n<h2 style=\"padding-left: 40px;\" data-start=\"4016\" data-end=\"4055\">Por que escolher esta pequena escolha el\u00e9trica<\/h2>\n<p style=\"padding-left: 40px;\" data-start=\"4057\" data-end=\"4370\">O <strong data-start=\"4061\" data-end=\"4096\">High Speed Electric Mini Pickup<\/strong> oferece um equil\u00edbrio pr\u00e1tico entre capacidade de carga, efici\u00eancia operacional e controle de custos. Com sua estrutura robust a e sistema el\u00e9trico simplificado, \u00e9 uma escolha ideal para empresas buscando uma solu\u00e7\u00e3o de captura el\u00e9trica confi\u00e1vel para aplica\u00e7\u00f5es comerciais de servi\u00e7o ligeiro.<\/p>\n<hr style=\"padding-left: 40px;\" data-start=\"4372\" data-end=\"4375\" \/>\n<h2 style=\"padding-left: 40px;\" data-start=\"4377\" data-end=\"4394\">Chamar a Ac\u00e7\u00e3o<\/h2>\n<p style=\"padding-left: 40px;\" data-start=\"4396\" data-end=\"4636\">Procurando um compacto e confi\u00e1vel <strong data-start=\"4431\" data-end=\"4461\">mini cami\u00e3o el\u00e9trico<\/strong> para o transporte di\u00e1rio de carga?<br data-start=\"4488\" data-end=\"4491\" \/>Contacte-nos agora para receber especifica\u00e7\u00f5es detalhadas, op\u00e7\u00f5es de personaliza\u00e7\u00e3o, pre\u00e7os e suporte profissional adaptado aos seus requisitos de mercado.<\/p>\n<hr style=\"padding-left: 40px;\" data-start=\"4638\" data-end=\"4641\" \/>\n<h2 style=\"padding-left: 40px;\" data-start=\"4643\" data-end=\"4649\">FAQ<\/h2>\n<p style=\"padding-left: 40px;\" data-start=\"4651\" data-end=\"4828\"><strong data-start=\"4651\" data-end=\"4714\">Q1: Qual \u00e9 o intervalo de condu\u00e7\u00e3o deste mini-pickup el\u00e9trico?<\/strong><br data-start=\"4714\" data-end=\"4717\" \/>O ve\u00edculo fornece uma gama de aproximadamente <strong data-start=\"4763\" data-end=\"4776\">90-100 km<\/strong> por carga, dependendo das condi\u00e7\u00f5es de carga e uso.<\/p>\n<p style=\"padding-left: 40px;\" data-start=\"4830\" data-end=\"4961\"><strong data-start=\"4830\" data-end=\"4869\">Q2: Que tipo de motor ele usa?<\/strong><br data-start=\"4869\" data-end=\"4872\" \/>Est\u00e1 equipado com um <strong data-start=\"4894\" data-end=\"4922\">Motor de tra\u00e7\u00e3o AC de 7,5 kW<\/strong> para uma produ\u00e7\u00e3o de energia est\u00e1vel e eficiente.<\/p>\n<p style=\"padding-left: 40px;\" data-start=\"4963\" data-end=\"5103\"><strong data-start=\"4963\" data-end=\"5003\">Q3: A bateria est\u00e1 livre de manuten\u00e7\u00e3o?<\/strong><br data-start=\"5003\" data-end=\"5006\" \/>Sim. O ve\u00edculo usa um <strong data-start=\"5030\" data-end=\"5063\">bateria livre de manuten\u00e7\u00e3o<\/strong>reduzindo os requisitos de servi\u00e7o di\u00e1rio.<\/p>\n<p style=\"padding-left: 40px;\" data-start=\"5105\" data-end=\"5230\"><strong data-start=\"5105\" data-end=\"5141\">Q4: Que sistema de travagem \u00e9 usado?<\/strong><br data-start=\"5141\" data-end=\"5144\" \/>Ela caracteriza <strong data-start=\"5156\" data-end=\"5196\">frenos hidr\u00e1ulicos de tambor frontal e traseiro<\/strong> para um desempenho de travagem confi\u00e1vel.<\/p>\n<p style=\"padding-left: 40px;\" data-start=\"5232\" data-end=\"5434\"><strong data-start=\"5232\" data-end=\"5298\">Q5: Este modelo \u00e9 adequado para uso industrial ou agr\u00edcola?<\/strong><br data-start=\"5298\" data-end=\"5301\" \/>Sim. Seu sistema de suspens\u00e3o, capacidade de subir e chassis duradouros o tornam adequado para ambientes industriais e agr\u00edcolas.<\/p>\n<p style=\"padding-left: 40px;\" data-start=\"5167\" data-end=\"5325\">","protected":false},"excerpt":{"rendered":"<p>O <strong data-start=\"339\" data-end=\"374\">High Speed Electric Mini Pickup<\/strong> \u00e9 um ve\u00edculo de utilidade el\u00e9trica compacto projetado para transporte de carga ligeira e opera\u00e7\u00f5es de curta dist\u00e2ncia. Com um corpo de recolha duradouro, um motor de tra\u00e7\u00e3o AC e um sistema de bateria confi\u00e1vel, ele fornece uma solu\u00e7\u00e3o el\u00e9trica econ\u00f4mica para aplica\u00e7\u00f5es industriais, agr\u00edcolas e urbanas.<\/p>","protected":false},"featured_media":5331,"comment_status":"open","ping_status":"closed","template":"","meta":[],"product_brand":[],"product_cat":[77],"product_tag":[],"class_list":{"0":"post-4197","1":"product","2":"type-product","3":"status-publish","4":"has-post-thumbnail","6":"product_cat-electric-micro-vehicle","8":"first","9":"instock","10":"shipping-taxable","11":"product-type-simple"},"_links":{"self":[{"href":"https:\/\/www.tairuiauto.com\/pt\/wp-json\/wp\/v2\/product\/4197","targetHints":{"allow":["GET"]}}],"collection":[{"href":"https:\/\/www.tairuiauto.com\/pt\/wp-json\/wp\/v2\/product"}],"about":[{"href":"https:\/\/www.tairuiauto.com\/pt\/wp-json\/wp\/v2\/types\/product"}],"replies":[{"embeddable":true,"href":"https:\/\/www.tairuiauto.com\/pt\/wp-json\/wp\/v2\/comments?post=4197"}],"wp:featuredmedia":[{"embeddable":true,"href":"https:\/\/www.tairuiauto.com\/pt\/wp-json\/wp\/v2\/media\/5331"}],"wp:attachment":[{"href":"https:\/\/www.tairuiauto.com\/pt\/wp-json\/wp\/v2\/media?parent=4197"}],"wp:term":[{"taxonomy":"product_brand","embeddable":true,"href":"https:\/\/www.tairuiauto.com\/pt\/wp-json\/wp\/v2\/product_brand?post=4197"},{"taxonomy":"product_cat","embeddable":true,"href":"https:\/\/www.tairuiauto.com\/pt\/wp-json\/wp\/v2\/product_cat?post=4197"},{"taxonomy":"product_tag","embeddable":true,"href":"https:\/\/www.tairuiauto.com\/pt\/wp-json\/wp\/v2\/product_tag?post=4197"}],"curies":[{"name":"wp","href":"https:\/\/api.w.org\/{rel}","templated":true}]}}