{"id":4438,"date":"2025-11-03T16:49:31","date_gmt":"2025-11-03T08:49:31","guid":{"rendered":"https:\/\/www.tairuiauto.com\/?post_type=product&#038;p=4438"},"modified":"2025-11-03T13:30:02","modified_gmt":"2025-11-03T05:30:02","slug":"three-wheel-freight-trike","status":"publish","type":"product","link":"https:\/\/www.tairuiauto.com\/pt\/product\/three-wheel-freight-trike\/","title":{"rendered":"Trike de tr\u00eas rodas"},"content":{"rendered":"<h2 data-start=\"971\" data-end=\"999\">\u26a1 <strong data-start=\"976\" data-end=\"999\">Descri\u00e7\u00e3o do produto<\/strong><\/h2>\n<p data-start=\"1001\" data-end=\"1424\">Equipado com um <strong data-start=\"1017\" data-end=\"1042\">motor hidr\u00e1ulico de 1000W<\/strong> e <strong data-start=\"1047\" data-end=\"1078\">Sistema de duas tens\u00f5es 60V\/72V<\/strong>, o <strong data-start=\"1084\" data-end=\"1122\">Trike de tr\u00eas rodas<\/strong> proporciona um torque excepcional e estabilidade de carga.<\/p>\n<table style=\"border-collapse: collapse; width: 78.0938%; height: 516px;\" border=\"0\" width=\"720\" cellspacing=\"0\" cellpadding=\"0\">\n<tbody>\n<tr style=\"height: 20.00pt;\">\n<td class=\"et4\" style=\"height: 20.00pt; width: 159.05pt;\" width=\"265\" height=\"33\">Modelo<\/td>\n<td class=\"et6\" style=\"width: 273.40pt;\" width=\"455\">Trike de tr\u00eas rodas<\/td>\n<\/tr>\n<tr style=\"height: 20.00pt;\">\n<td class=\"et5\" style=\"height: 20.00pt; width: 159.05pt;\" width=\"265\" height=\"33\">Dimens\u00e3o global<\/td>\n<td class=\"et5\" style=\"width: 273.40pt;\" width=\"455\">3360X1380X1380MM<\/td>\n<\/tr>\n<tr style=\"height: 20.00pt;\">\n<td class=\"et5\" style=\"height: 20.00pt; width: 159.05pt;\" width=\"265\" height=\"33\">Cargando Capacidade<\/td>\n<td class=\"et5\" style=\"width: 273.40pt;\" width=\"455\">250KG<\/td>\n<\/tr>\n<tr style=\"height: 20.00pt;\">\n<td class=\"et5\" style=\"height: 20.00pt; width: 159.05pt;\" width=\"265\" height=\"33\">Pot\u00eancia motora hidr\u00e1ulica<\/td>\n<td class=\"et5\" style=\"width: 273.40pt;\" width=\"455\">1000W<\/td>\n<\/tr>\n<tr style=\"height: 20.00pt;\">\n<td class=\"et5\" style=\"height: 20.00pt; width: 159.05pt;\" width=\"265\" height=\"33\">Tens\u00e3o padr\u00e3o<\/td>\n<td class=\"et5\" style=\"width: 273.40pt;\" width=\"455\">60V\/72V<\/td>\n<\/tr>\n<tr style=\"height: 20.00pt;\">\n<td class=\"et5\" style=\"height: 20.00pt; width: 159.05pt;\" width=\"265\" height=\"33\">Controlador<\/td>\n<td class=\"et5\" style=\"width: 273.40pt;\" width=\"455\">Tubo 18<\/td>\n<\/tr>\n<tr style=\"height: 20.00pt;\">\n<td class=\"et5\" style=\"height: 20.00pt; width: 159.05pt;\" width=\"265\" height=\"33\">Modo de travagem<\/td>\n<td class=\"et5\" style=\"width: 273.40pt;\" width=\"455\">Bateria anterior \u00b7 Bateria posterior<\/td>\n<\/tr>\n<tr style=\"height: 20.00pt;\">\n<td class=\"et5\" style=\"height: 20.00pt; width: 159.05pt;\" width=\"265\" height=\"33\">Minimum ground clearance<\/td>\n<td class=\"et5\" style=\"width: 273.40pt;\" width=\"455\">135<\/td>\n<\/tr>\n<tr style=\"height: 20.00pt;\">\n<td class=\"et5\" style=\"height: 20.00pt; width: 159.05pt;\" width=\"265\" height=\"33\">Capacidade de Produ\u00e7\u00e3o<\/td>\n<td class=\"et5\" style=\"width: 273.40pt;\" width=\"455\">100000 conjuntos\/ano<\/td>\n<\/tr>\n<tr style=\"height: 20.00pt;\">\n<td class=\"et5\" style=\"height: 20.00pt; width: 159.05pt;\" width=\"265\" height=\"33\">harging Time<\/td>\n<td class=\"et5\" style=\"width: 273.40pt;\" width=\"455\">8h<\/td>\n<\/tr>\n<tr style=\"height: 20.00pt;\">\n<td class=\"et5\" style=\"height: 20.00pt; width: 159.05pt;\" width=\"265\" height=\"33\">Tiro Tt Front\/Rear<\/td>\n<td class=\"et5\" style=\"width: 273.40pt;\" width=\"455\">3.75\/12-4.00\/12<\/td>\n<\/tr>\n<tr style=\"height: 20.00pt;\">\n<td class=\"et5\" style=\"height: 20.00pt; width: 159.05pt;\" width=\"265\" height=\"33\">Escolha de Cores<\/td>\n<td class=\"et5\" style=\"width: 273.40pt;\" width=\"455\">Personalizado<\/td>\n<\/tr>\n<tr style=\"height: 20.00pt;\">\n<td class=\"et5\" style=\"height: 20.00pt; width: 159.05pt;\" width=\"265\" height=\"33\">Origem<\/td>\n<td class=\"et5\" style=\"width: 273.40pt;\" width=\"455\">China<\/td>\n<\/tr>\n<tr style=\"height: 20.00pt;\">\n<td class=\"et5\" style=\"height: 20.00pt; width: 159.05pt;\" width=\"265\" height=\"33\">Range Per Charge\/Km<\/td>\n<td class=\"et5\" style=\"width: 273.40pt;\" width=\"455\">45-100km<\/td>\n<\/tr>\n<tr style=\"height: 20.00pt;\">\n<td class=\"et5\" style=\"height: 20.00pt; width: 159.05pt;\" width=\"265\" height=\"33\">Velocidade m\u00e1xima Km\/H<\/td>\n<td class=\"et5\" style=\"width: 273.40pt;\" width=\"455\">30-45km\/H<\/td>\n<\/tr>\n<tr style=\"height: 20.00pt;\">\n<td class=\"et5\" style=\"height: 20.00pt; width: 159.05pt;\" width=\"265\" height=\"33\">Capacidade Climbing<\/td>\n<td class=\"et5\" style=\"width: 273.40pt;\" width=\"455\">\u226430\u00b0<\/td>\n<\/tr>\n<\/tbody>\n<\/table>\n<hr data-start=\"1746\" data-end=\"1749\" \/>\n<h2 data-start=\"1751\" data-end=\"1793\">\ufffd <strong data-start=\"1757\" data-end=\"1793\">Caracter\u00edsticas Principais<\/strong><\/h2>\n<ol data-start=\"1795\" data-end=\"2695\">\n<li data-start=\"1795\" data-end=\"2034\">\n<p data-start=\"1798\" data-end=\"2034\"><strong data-start=\"1798\" data-end=\"1840\">Motor hidr\u00e1ulico de alto rendimento 1000W<\/strong><br data-start=\"1840\" data-end=\"1843\" \/>O trique de tr\u00eas rodas de carga \u00e9 alimentado por um motor hidr\u00e1ulico de 1000W que assegura capacidade superior de escalada, acelera\u00e7\u00e3o suave e excelente torque para o transporte de carga pesada.<\/p>\n<\/li>\n<li data-start=\"2036\" data-end=\"2266\">\n<p data-start=\"2039\" data-end=\"2266\"><strong data-start=\"2039\" data-end=\"2075\">Longa dist\u00e2ncia at\u00e9 100 km<\/strong><br data-start=\"2075\" data-end=\"2078\" \/>A poderosa configura\u00e7\u00e3o da bateria 60V\/72V possibilita isso <strong data-start=\"2137\" data-end=\"2164\">tricicleta de carga el\u00e9trica<\/strong> viajar 45-100 km por uma \u00fanica carga, proporcionando uma resist\u00eancia excepcional para a log\u00edstica e entregas.<\/p>\n<\/li>\n<li data-start=\"2268\" data-end=\"2482\">\n<p data-start=\"2271\" data-end=\"2482\"><strong data-start=\"2271\" data-end=\"2309\">Enhanced Braking and Safety System<\/strong><br data-start=\"2309\" data-end=\"2312\" \/>Com <strong data-start=\"2320\" data-end=\"2350\">frenos de tambor frontal e traseiro<\/strong>o modelo Zhanlong oferece um forte desempenho de travagem, assegurando o controle m\u00e1ximo do condutor mesmo em condi\u00e7\u00f5es de carga completa ou deslizante.<\/p>\n<\/li>\n<li data-start=\"2484\" data-end=\"2695\">\n<p data-start=\"2487\" data-end=\"2695\"><strong data-start=\"2487\" data-end=\"2526\">Alta efici\u00eancia e baixa manuten\u00e7\u00e3o<\/strong><br data-start=\"2526\" data-end=\"2529\" \/>Este ve\u00edculo el\u00e9trico de tr\u00eas rodas \u00e9 projetado para minimizar os custos operacionais, com um tempo de carga confi\u00e1vel de 8 horas e componentes de baixo uso para ciclos de vida prolongados.<\/p>\n<\/li>\n<\/ol>\n<p><img fetchpriority=\"high\" decoding=\"async\" class=\"alignnone wp-image-4443 size-medium\" src=\"https:\/\/www.tairuiauto.com\/wp-content\/uploads\/2025\/11\/ee10901e-1777-4c4e-be08-b449af9d75f1-300x300.jpg\" alt=\"\" width=\"300\" height=\"300\" srcset=\"https:\/\/www.tairuiauto.com\/wp-content\/uploads\/2025\/11\/ee10901e-1777-4c4e-be08-b449af9d75f1-300x300.jpg 300w, https:\/\/www.tairuiauto.com\/wp-content\/uploads\/2025\/11\/ee10901e-1777-4c4e-be08-b449af9d75f1-1024x1024.jpg 1024w, https:\/\/www.tairuiauto.com\/wp-content\/uploads\/2025\/11\/ee10901e-1777-4c4e-be08-b449af9d75f1-150x150.jpg 150w, https:\/\/www.tairuiauto.com\/wp-content\/uploads\/2025\/11\/ee10901e-1777-4c4e-be08-b449af9d75f1-768x768.jpg 768w, https:\/\/www.tairuiauto.com\/wp-content\/uploads\/2025\/11\/ee10901e-1777-4c4e-be08-b449af9d75f1-1536x1536.jpg 1536w, https:\/\/www.tairuiauto.com\/wp-content\/uploads\/2025\/11\/ee10901e-1777-4c4e-be08-b449af9d75f1-2048x2048.jpg 2048w, https:\/\/www.tairuiauto.com\/wp-content\/uploads\/2025\/11\/ee10901e-1777-4c4e-be08-b449af9d75f1-12x12.jpg 12w, https:\/\/www.tairuiauto.com\/wp-content\/uploads\/2025\/11\/ee10901e-1777-4c4e-be08-b449af9d75f1-600x600.jpg 600w, https:\/\/www.tairuiauto.com\/wp-content\/uploads\/2025\/11\/ee10901e-1777-4c4e-be08-b449af9d75f1-100x100.jpg 100w\" sizes=\"(max-width: 300px) 100vw, 300px\" \/>\u00a0 \u00a0 \u00a0 \u00a0 \u00a0 \u00a0 \u00a0 \u00a0 \u00a0 \u00a0 \u00a0 \u00a0 \u00a0 <img decoding=\"async\" class=\"alignnone size-medium wp-image-4440\" src=\"https:\/\/www.tairuiauto.com\/wp-content\/uploads\/2025\/11\/7eb73835-6eb3-4591-9387-89d73f5c8550-300x300.jpg\" alt=\"\" width=\"300\" height=\"300\" srcset=\"https:\/\/www.tairuiauto.com\/wp-content\/uploads\/2025\/11\/7eb73835-6eb3-4591-9387-89d73f5c8550-300x300.jpg 300w, https:\/\/www.tairuiauto.com\/wp-content\/uploads\/2025\/11\/7eb73835-6eb3-4591-9387-89d73f5c8550-1024x1024.jpg 1024w, https:\/\/www.tairuiauto.com\/wp-content\/uploads\/2025\/11\/7eb73835-6eb3-4591-9387-89d73f5c8550-150x150.jpg 150w, https:\/\/www.tairuiauto.com\/wp-content\/uploads\/2025\/11\/7eb73835-6eb3-4591-9387-89d73f5c8550-768x768.jpg 768w, https:\/\/www.tairuiauto.com\/wp-content\/uploads\/2025\/11\/7eb73835-6eb3-4591-9387-89d73f5c8550-1536x1536.jpg 1536w, https:\/\/www.tairuiauto.com\/wp-content\/uploads\/2025\/11\/7eb73835-6eb3-4591-9387-89d73f5c8550-2048x2048.jpg 2048w, https:\/\/www.tairuiauto.com\/wp-content\/uploads\/2025\/11\/7eb73835-6eb3-4591-9387-89d73f5c8550-12x12.jpg 12w, https:\/\/www.tairuiauto.com\/wp-content\/uploads\/2025\/11\/7eb73835-6eb3-4591-9387-89d73f5c8550-600x600.jpg 600w, https:\/\/www.tairuiauto.com\/wp-content\/uploads\/2025\/11\/7eb73835-6eb3-4591-9387-89d73f5c8550-100x100.jpg 100w\" sizes=\"(max-width: 300px) 100vw, 300px\" \/><\/p>\n<hr data-start=\"2697\" data-end=\"2700\" \/>\n<h2 data-start=\"2702\" data-end=\"2734\">\ufffd <strong data-start=\"2708\" data-end=\"2734\">Avantagens Competitivos<\/strong><\/h2>\n<ol data-start=\"2736\" data-end=\"3187\">\n<li data-start=\"2736\" data-end=\"2856\">\n<p data-start=\"2739\" data-end=\"2856\"><strong data-start=\"2739\" data-end=\"2762\">Durabilidade Superior<\/strong> \u2013 Frame de a\u00e7o pesado e termina\u00e7\u00e3o resistente \u00e0 corros\u00e3o para opera\u00e7\u00f5es comerciais a longo prazo.<\/p>\n<\/li>\n<li data-start=\"2857\" data-end=\"2966\">\n<p data-start=\"2860\" data-end=\"2966\"><strong data-start=\"2860\" data-end=\"2890\">Uma pot\u00eancia clim\u00e1tica excelente<\/strong> \u2013 Trata inclina\u00e7\u00f5es at\u00e9 30\u00b0 sem esfor\u00e7o, superando os triques padr\u00e3o.<\/p>\n<\/li>\n<li data-start=\"2967\" data-end=\"3067\">\n<p data-start=\"2970\" data-end=\"3067\"><strong data-start=\"2970\" data-end=\"3000\">Op\u00e7\u00f5es de Adapta\u00e7\u00e3o Larga<\/strong> - Servi\u00e7o OEM para logos de marca, cores e dimens\u00f5es de caixa de carga.<\/p>\n<\/li>\n<li data-start=\"3068\" data-end=\"3187\">\n<p data-start=\"3071\" data-end=\"3187\"><strong data-start=\"3071\" data-end=\"3106\">Eficiente em Energia e ecol\u00f3gicamente<\/strong> \u2013 Zero emiss\u00f5es, opera\u00e7\u00e3o tranquila, e conforme com padr\u00f5es de log\u00edstica verde.<\/p>\n<\/li>\n<\/ol>\n<hr data-start=\"3837\" data-end=\"3840\" \/>\n<h2 data-start=\"3842\" data-end=\"3860\">\ufffd <strong data-start=\"3848\" data-end=\"3860\">Material<\/strong><\/h2>\n<p data-start=\"3862\" data-end=\"4051\">Constru\u00eddo usando <strong data-start=\"3874\" data-end=\"3905\">a\u00e7o estrutural refor\u00e7ado<\/strong>, <strong data-start=\"3907\" data-end=\"3939\">pain\u00e9is corporais resistentes ao impacto<\/strong>e <strong data-start=\"3945\" data-end=\"3987\">isolamento el\u00e9trico de grado autom\u00f3vel<\/strong>, assegurando seguran\u00e7a, for\u00e7a e resist\u00eancia \u00e0 corros\u00e3o a longo prazo.<\/p>\n<hr data-start=\"4053\" data-end=\"4056\" \/>\n<h2 data-start=\"4058\" data-end=\"4078\">\ufffd <strong data-start=\"4064\" data-end=\"4078\">Apar\u00eancia<\/strong><\/h2>\n<p data-start=\"4080\" data-end=\"4331\">O Zhanlong apresenta uma <strong data-start=\"4104\" data-end=\"4133\">est\u00e9tica industrial ousada<\/strong> com finais met\u00e1licos suaves, luzes LED e pain\u00e9is de carga de a\u00e7o duradouros. Seu design de corpo aberto assegura uma carga f\u00e1cil ao mesmo tempo que mant\u00e9m uma apar\u00eancia profissional forte para flotas de entrega urban a.<\/p>\n<hr data-start=\"4333\" data-end=\"4336\" \/>\n<h2 data-start=\"4338\" data-end=\"4354\">\ufffd <strong data-start=\"4344\" data-end=\"4354\">Design<\/strong><\/h2>\n<p data-start=\"4356\" data-end=\"4588\">A tricicleta <strong data-start=\"4371\" data-end=\"4400\">estrutura equilibrada no centro<\/strong> melhora a distribui\u00e7\u00e3o da carga, enquanto o assento ergon\u00f4mico e o painel fazem a opera\u00e7\u00e3o intuitiva e sem fadiga. Os avan\u00e7ados <strong data-start=\"4524\" data-end=\"4551\">sistema de absor\u00e7\u00e3o de choque<\/strong> assegura conforto mesmo em estradas brutas.<\/p>\n<hr data-start=\"4590\" data-end=\"4593\" \/>\n<h2 data-start=\"4595\" data-end=\"4624\">\ufffd <strong data-start=\"4601\" data-end=\"4624\">OEM &amp; Customiza\u00e7\u00e3o<\/strong><\/h2>\n<p data-start=\"4626\" data-end=\"4833\">N\u00f3s oferecemos completamente <strong data-start=\"4640\" data-end=\"4670\">Servi\u00e7os de personaliza\u00e7\u00e3o OEM<\/strong>incluindo decais de marca, cores de tinta personalizadas e dimens\u00f5es de cama de carga ajustadas. - Adequado para a gest\u00e3o da frota, uso governamental ou servi\u00e7os de entrega marcados.<\/p>\n<hr data-start=\"4835\" data-end=\"4838\" \/>\n<h2 data-start=\"4840\" data-end=\"4865\">\ufffd <strong data-start=\"4846\" data-end=\"4865\">Controlo da qualidade<\/strong><\/h2>\n<p data-start=\"4867\" data-end=\"5094\">Cada <strong data-start=\"4873\" data-end=\"4911\">Trike de tr\u00eas rodas<\/strong> passa <strong data-start=\"4922\" data-end=\"4947\">inspec\u00e7\u00e3o em v\u00e1rios passos<\/strong>incluindo testes de carga motora, verifica\u00e7\u00e3o do ciclo de vida da bateria, calibra\u00e7\u00e3o da sensibilidade do freio e simula\u00e7\u00f5es de resist\u00eancia antes de sair da f\u00e1brica.<\/p>\n<hr data-start=\"5096\" data-end=\"5099\" \/>\n<h2 data-start=\"5101\" data-end=\"5131\">\ufffd\ufe0f <strong data-start=\"5108\" data-end=\"5131\">Servi\u00e7o de Depois de Venda<\/strong><\/h2>\n<ul data-start=\"5133\" data-end=\"5301\">\n<li data-start=\"5133\" data-end=\"5178\">\n<p data-start=\"5135\" data-end=\"5178\">Garantia de 12 meses em motores e controladores<\/p>\n<\/li>\n<li data-start=\"5179\" data-end=\"5235\">\n<p data-start=\"5181\" data-end=\"5235\">Suporte t\u00e9cnico e pe\u00e7as de reposi\u00e7\u00e3o dispon\u00edveis globalmente<\/p>\n<\/li>\n<li data-start=\"5236\" data-end=\"5301\">\n<p data-start=\"5238\" data-end=\"5301\">Consulta de manuten\u00e7\u00e3o durante a vida atrav\u00e9s de servi\u00e7os de telefone ou online<\/p>\n<\/li>\n<\/ul>\n<hr data-start=\"5303\" data-end=\"5306\" \/>\n<h2 data-start=\"5308\" data-end=\"5339\">\ufffd <strong data-start=\"5314\" data-end=\"5339\">Escen\u00e1rios de aplica\u00e7\u00f5es<\/strong><\/h2>\n<p data-start=\"5341\" data-end=\"5355\">Perfeito para:<\/p>\n<ul data-start=\"5356\" data-end=\"5540\">\n<li data-start=\"5356\" data-end=\"5409\">\n<p data-start=\"5358\" data-end=\"5409\"><strong data-start=\"5358\" data-end=\"5407\">Entrega de bens urbanos e log\u00edstica do com\u00e9rcio electr\u00f3nico<\/strong><\/p>\n<\/li>\n<li data-start=\"5410\" data-end=\"5440\">\n<p data-start=\"5412\" data-end=\"5440\"><strong data-start=\"5412\" data-end=\"5438\">Transporte agr\u00edcola<\/strong><\/p>\n<\/li>\n<li data-start=\"5441\" data-end=\"5491\">\n<p data-start=\"5443\" data-end=\"5491\"><strong data-start=\"5443\" data-end=\"5489\">Constru\u00e7\u00e3o e movimento de material f\u00e1brico<\/strong><\/p>\n<\/li>\n<li data-start=\"5492\" data-end=\"5540\">\n<p data-start=\"5494\" data-end=\"5540\"><strong data-start=\"5494\" data-end=\"5538\">Recolha e reciclagem de res\u00edduos municipais<\/strong><\/p>\n<\/li>\n<\/ul>\n<hr data-start=\"5542\" data-end=\"5545\" \/>\n<h2 data-start=\"5547\" data-end=\"5570\">\ufffd <strong data-start=\"5553\" data-end=\"5570\">Condi\u00e7\u00f5es de pagamento<\/strong><\/h2>\n<p data-start=\"5572\" data-end=\"5690\">Dep\u00f3sito T\/T 30%, saldo de 70% antes da expedi\u00e7\u00e3o.<br data-start=\"5617\" data-end=\"5620\" \/>L\/C e outras op\u00e7\u00f5es de pagamento internacionais dispon\u00edveis para ordens em massa.<\/p>\n<hr data-start=\"5692\" data-end=\"5695\" \/>\n<h2 data-start=\"5697\" data-end=\"5709\">\u2753 <strong data-start=\"5702\" data-end=\"5709\">FAQ<\/strong><\/h2>\n<p data-start=\"5711\" data-end=\"5863\"><strong data-start=\"5711\" data-end=\"5779\">Q1: Qual \u00e9 o intervalo do trique de transporte de tr\u00eas rodas?<\/strong><br data-start=\"5779\" data-end=\"5782\" \/>A1: Pode viajar at\u00e9 100 km numa \u00fanica carga, dependendo da carga e terreno.<\/p>\n<p data-start=\"5865\" data-end=\"5956\"><strong data-start=\"5865\" data-end=\"5901\">Q2: Quanta carga pode carregar?<\/strong><br data-start=\"5901\" data-end=\"5904\" \/>A2: Ele suporta at\u00e9 250 kg de forma segura e eficiente.<\/p>\n<p data-start=\"5958\" data-end=\"6081\"><strong data-start=\"5958\" data-end=\"6006\">Q3: Posso personalizar a cor ou o logotipo da marca?<\/strong><br data-start=\"6006\" data-end=\"6009\" \/>A3: Sim, a personaliza\u00e7\u00e3o OEM est\u00e1 dispon\u00edvel para marca e identidade da frota.<\/p>\n<p data-start=\"6083\" data-end=\"6168\"><strong data-start=\"6083\" data-end=\"6121\">Q4: Quanto tempo \u00e9 o tempo de carga?<\/strong><br data-start=\"6121\" data-end=\"6124\" \/>A4: Aproximadamente 8 horas por uma carga completa.<\/p>\n<p data-start=\"6170\" data-end=\"6283\"><strong data-start=\"6170\" data-end=\"6205\">Q5: Qual \u00e9 o per\u00edodo de garantia?<\/strong><br data-start=\"6205\" data-end=\"6208\" \/>A5: Um ano para o motor e controlador, mais suporte t\u00e9cnico ao longo da vida.<\/p>","protected":false},"excerpt":{"rendered":"<p>O <strong data-start=\"520\" data-end=\"558\">Trike de tr\u00eas rodas<\/strong> \u00e9 um ve\u00edculo de carga de tr\u00eas rodas da pr\u00f3xima gera\u00e7\u00e3o projetado para poderosos desempenhos, alta resist\u00eancia e log\u00edstica urban a de longa dist\u00e2ncia. Constru\u00eddo para profissionais que requerem durabilidade e efici\u00eancia, este modelo representa o equil\u00edbrio perfeito entre for \u00e7a pesada e tecnologia ecol\u00f3gica. Designado para opera\u00e7\u00f5es urbanas e rurais, redefini a produtividade no segmento de tricicletas de carga el\u00e9trica.<\/p>","protected":false},"featured_media":4444,"comment_status":"open","ping_status":"closed","template":"","meta":[],"product_brand":[],"product_cat":[78],"product_tag":[],"class_list":{"0":"post-4438","1":"product","2":"type-product","3":"status-publish","4":"has-post-thumbnail","6":"product_cat-electric-tricycle","8":"first","9":"instock","10":"shipping-taxable","11":"product-type-simple"},"_links":{"self":[{"href":"https:\/\/www.tairuiauto.com\/pt\/wp-json\/wp\/v2\/product\/4438","targetHints":{"allow":["GET"]}}],"collection":[{"href":"https:\/\/www.tairuiauto.com\/pt\/wp-json\/wp\/v2\/product"}],"about":[{"href":"https:\/\/www.tairuiauto.com\/pt\/wp-json\/wp\/v2\/types\/product"}],"replies":[{"embeddable":true,"href":"https:\/\/www.tairuiauto.com\/pt\/wp-json\/wp\/v2\/comments?post=4438"}],"wp:featuredmedia":[{"embeddable":true,"href":"https:\/\/www.tairuiauto.com\/pt\/wp-json\/wp\/v2\/media\/4444"}],"wp:attachment":[{"href":"https:\/\/www.tairuiauto.com\/pt\/wp-json\/wp\/v2\/media?parent=4438"}],"wp:term":[{"taxonomy":"product_brand","embeddable":true,"href":"https:\/\/www.tairuiauto.com\/pt\/wp-json\/wp\/v2\/product_brand?post=4438"},{"taxonomy":"product_cat","embeddable":true,"href":"https:\/\/www.tairuiauto.com\/pt\/wp-json\/wp\/v2\/product_cat?post=4438"},{"taxonomy":"product_tag","embeddable":true,"href":"https:\/\/www.tairuiauto.com\/pt\/wp-json\/wp\/v2\/product_tag?post=4438"}],"curies":[{"name":"wp","href":"https:\/\/api.w.org\/{rel}","templated":true}]}}