{"id":4446,"date":"2025-11-04T13:52:14","date_gmt":"2025-11-04T05:52:14","guid":{"rendered":"https:\/\/www.tairuiauto.com\/?post_type=product&#038;p=4446"},"modified":"2025-11-03T13:54:17","modified_gmt":"2025-11-03T05:54:17","slug":"self-dumping-electric-cargo-tricycle","status":"publish","type":"product","link":"https:\/\/www.tairuiauto.com\/pt\/product\/self-dumping-electric-cargo-tricycle\/","title":{"rendered":"Triciclo de carga el\u00e9trica auto-dumping"},"content":{"rendered":"<h2 data-start=\"813\" data-end=\"841\">\u26a1 <strong data-start=\"818\" data-end=\"841\">Descri\u00e7\u00e3o do produto<\/strong><\/h2>\n<p data-start=\"1205\" data-end=\"1546\">\u00a0O Triciclo de Cargo Eletrico Auto-Dumping \u00e9 uma escolha confi\u00e1vel para empresas que gerem areia, materiais de constru\u00e7\u00e3o, produ\u00e7\u00e3o ou transporte de res\u00edduos.<\/p>\n<table style=\"width: 71.0566%; height: 576px;\" width=\"636\">\n<tbody>\n<tr>\n<td width=\"309\">Modelo<\/td>\n<td width=\"327\">Triciclo de carga el\u00e9trica auto-dumping<\/td>\n<\/tr>\n<tr>\n<td width=\"309\">Tempo de carga<\/td>\n<td width=\"327\">Cerca das 8 horas<\/td>\n<\/tr>\n<tr>\n<td width=\"309\">Tiro Tt Front\/Rear<\/td>\n<td width=\"327\">Fronte 375-12[UNK] Atr\u00e1s 400-12<\/td>\n<\/tr>\n<tr>\n<td width=\"309\">Escolha de Cores<\/td>\n<td width=\"327\">Personalizado<\/td>\n<\/tr>\n<tr>\n<td width=\"309\">Marca comercial<\/td>\n<td width=\"327\">TECREK ou OEM<\/td>\n<\/tr>\n<tr>\n<td width=\"309\">Origem<\/td>\n<td width=\"327\">China<\/td>\n<\/tr>\n<tr>\n<td width=\"309\">Range Per Charge\/Km<\/td>\n<td width=\"327\">50-100km<\/td>\n<\/tr>\n<tr>\n<td width=\"309\">Velocidade m\u00e1xima Km\/H<\/td>\n<td width=\"327\">35-40 km\/h<\/td>\n<\/tr>\n<tr>\n<td width=\"309\">Glass<\/td>\n<td width=\"327\">vidro de m\u00e3o<\/td>\n<\/tr>\n<tr>\n<td width=\"309\">Dimens\u00e3o global<\/td>\n<td width=\"327\">2350*1160*1670mm<\/td>\n<\/tr>\n<tr>\n<td width=\"309\">Estilo do ve\u00edculo<\/td>\n<td width=\"327\">Abrir<\/td>\n<\/tr>\n<tr>\n<td width=\"309\">Pot\u00eancia motora hidr\u00e1ulica<\/td>\n<td width=\"327\">1500W<\/td>\n<\/tr>\n<tr>\n<td width=\"309\">Tens\u00e3o padr\u00e3o<\/td>\n<td width=\"327\">60\/72V<\/td>\n<\/tr>\n<tr>\n<td width=\"309\">Controlador<\/td>\n<td width=\"327\">24Tubo<\/td>\n<\/tr>\n<tr>\n<td width=\"309\">Modo de travagem<\/td>\n<td width=\"327\">Bateria do disco frontal\/traseiro<\/td>\n<\/tr>\n<tr>\n<td width=\"309\">Minimum ground clearance<\/td>\n<td width=\"327\">135<\/td>\n<\/tr>\n<tr>\n<td width=\"309\">Capacidade de Produ\u00e7\u00e3o<\/td>\n<td width=\"327\">300.000 conjuntos\/ano<\/td>\n<\/tr>\n<\/tbody>\n<\/table>\n<hr data-start=\"1548\" data-end=\"1551\" \/>\n<h2 data-start=\"1553\" data-end=\"1582\">\ufffd <strong data-start=\"1559\" data-end=\"1582\">Principais pontos de venda<\/strong><\/h2>\n<ol data-start=\"1584\" data-end=\"2406\">\n<li data-start=\"1584\" data-end=\"1817\">\n<p data-start=\"1587\" data-end=\"1817\"><strong data-start=\"1587\" data-end=\"1621\">Fun\u00e7\u00e3o de auto-dumping incorporada<\/strong><br data-start=\"1621\" data-end=\"1624\" \/>O <strong data-start=\"1631\" data-end=\"1670\">ZHANSHEN com tricicleta auto-dumping<\/strong> simplifica tarefas de carga e descarga, permitindo aos usu\u00e1rios descarregar mercadorias automaticamente com uma a\u00e7\u00e3o de alavanca - perfeito para opera\u00e7\u00f5es di\u00e1rias em massa.<\/p>\n<\/li>\n<li data-start=\"1819\" data-end=\"2007\">\n<p data-start=\"1822\" data-end=\"2007\"><strong data-start=\"1822\" data-end=\"1859\">High-Torque 1500W Hydraulic Motor<\/strong><br data-start=\"1859\" data-end=\"1862\" \/>Equipado com um <strong data-start=\"1881\" data-end=\"1904\">Sistema de pot\u00eancia 60\/72V<\/strong>o motor fornece acelera\u00e7\u00e3o forte, torque est\u00e1vel e durabilidade longa sob cargas pesadas.<\/p>\n<\/li>\n<li data-start=\"2009\" data-end=\"2183\">\n<p data-start=\"2012\" data-end=\"2183\"><strong data-start=\"2012\" data-end=\"2040\">Rango de dura\u00e7\u00e3o alargado<\/strong><br data-start=\"2040\" data-end=\"2043\" \/>O sistema de bateria permite <strong data-start=\"2074\" data-end=\"2093\">50-100 km de dist\u00e2ncia<\/strong>, fornecendo uma opera\u00e7\u00e3o de longa dist\u00e2ncia confi\u00e1vel para entrega, log\u00edstica e transporte rural.<\/p>\n<\/li>\n<li data-start=\"2185\" data-end=\"2406\">\n<p data-start=\"2188\" data-end=\"2406\"><strong data-start=\"2188\" data-end=\"2217\">Design erg\u00f4nico e seguro<\/strong><br data-start=\"2217\" data-end=\"2220\" \/>O triciclo inclui <strong data-start=\"2245\" data-end=\"2270\">prote\u00e7\u00e3o de vidro \u00e0 m\u00e3o<\/strong>, <strong data-start=\"2272\" data-end=\"2302\">estrutura de a\u00e7o refor\u00e7ada<\/strong>e um <strong data-start=\"2310\" data-end=\"2349\">disco frontal, sistema de trav\u00e3o de tambor traseiro<\/strong> para garantir seguran\u00e7a e controle de precis\u00e3o em qualquer condi\u00e7\u00e3o.<\/p>\n<\/li>\n<\/ol>\n<hr data-start=\"2408\" data-end=\"2411\" \/>\n<h2 data-start=\"2413\" data-end=\"2448\">\ufffd <strong data-start=\"2419\" data-end=\"2448\">Avan\u00e7os Diferenciados<\/strong><\/h2>\n<ol data-start=\"2450\" data-end=\"2896\">\n<li data-start=\"2450\" data-end=\"2561\">\n<p data-start=\"2453\" data-end=\"2561\"><strong data-start=\"2453\" data-end=\"2486\">Efici\u00eancia de dumping sem esfor\u00e7o<\/strong> \u2013 O dumping hidr\u00e1ulico de um bot\u00e3o economiza a for\u00e7a humana e aumenta a produtividade.<\/p>\n<\/li>\n<li data-start=\"2562\" data-end=\"2680\">\n<p data-start=\"2565\" data-end=\"2680\"><strong data-start=\"2565\" data-end=\"2591\">Performa\u00e7\u00e3o de Trabalho Pessoal<\/strong> \u2013 Capaz de transportar grandes volumes de carga sem excesso de quente motora ou perda de energia.<\/p>\n<\/li>\n<li data-start=\"2681\" data-end=\"2786\">\n<p data-start=\"2684\" data-end=\"2786\"><strong data-start=\"2684\" data-end=\"2714\">Configura\u00e7\u00e3o personalizada<\/strong> \u2013 Op\u00e7\u00f5es OEM dispon\u00edveis para cor corporal, marca e tamanho da cama de carga.<\/p>\n<\/li>\n<li data-start=\"2787\" data-end=\"2896\">\n<p data-start=\"2790\" data-end=\"2896\"><strong data-start=\"2790\" data-end=\"2818\">Ambientalmente Amigo<\/strong> \u2013 100% motoriza\u00e7\u00e3o el\u00e9trica, emiss\u00f5es zero, opera\u00e7\u00e3o tranquila e baixo custo de funcionamento.<\/p>\n<\/li>\n<\/ol>\n<p><img fetchpriority=\"high\" decoding=\"async\" class=\"alignnone size-medium wp-image-4450\" src=\"https:\/\/www.tairuiauto.com\/wp-content\/uploads\/2025\/11\/b8d8be76-52d9-458e-bb08-7a34133d876b-300x300.jpg\" alt=\"\" width=\"300\" height=\"300\" srcset=\"https:\/\/www.tairuiauto.com\/wp-content\/uploads\/2025\/11\/b8d8be76-52d9-458e-bb08-7a34133d876b-300x300.jpg 300w, https:\/\/www.tairuiauto.com\/wp-content\/uploads\/2025\/11\/b8d8be76-52d9-458e-bb08-7a34133d876b-1024x1024.jpg 1024w, https:\/\/www.tairuiauto.com\/wp-content\/uploads\/2025\/11\/b8d8be76-52d9-458e-bb08-7a34133d876b-150x150.jpg 150w, https:\/\/www.tairuiauto.com\/wp-content\/uploads\/2025\/11\/b8d8be76-52d9-458e-bb08-7a34133d876b-768x768.jpg 768w, https:\/\/www.tairuiauto.com\/wp-content\/uploads\/2025\/11\/b8d8be76-52d9-458e-bb08-7a34133d876b-1536x1536.jpg 1536w, https:\/\/www.tairuiauto.com\/wp-content\/uploads\/2025\/11\/b8d8be76-52d9-458e-bb08-7a34133d876b-2048x2048.jpg 2048w, https:\/\/www.tairuiauto.com\/wp-content\/uploads\/2025\/11\/b8d8be76-52d9-458e-bb08-7a34133d876b-12x12.jpg 12w, https:\/\/www.tairuiauto.com\/wp-content\/uploads\/2025\/11\/b8d8be76-52d9-458e-bb08-7a34133d876b-600x600.jpg 600w, https:\/\/www.tairuiauto.com\/wp-content\/uploads\/2025\/11\/b8d8be76-52d9-458e-bb08-7a34133d876b-100x100.jpg 100w\" sizes=\"(max-width: 300px) 100vw, 300px\" \/>\u00a0 \u00a0 \u00a0 \u00a0 \u00a0 \u00a0 \u00a0 \u00a0 \u00a0 \u00a0 \u00a0 <img decoding=\"async\" class=\"alignnone size-medium wp-image-4448\" src=\"https:\/\/www.tairuiauto.com\/wp-content\/uploads\/2025\/11\/69d436bd-291f-4f25-92cd-d92fd9f2fd6d-300x300.jpg\" alt=\"\" width=\"300\" height=\"300\" srcset=\"https:\/\/www.tairuiauto.com\/wp-content\/uploads\/2025\/11\/69d436bd-291f-4f25-92cd-d92fd9f2fd6d-300x300.jpg 300w, https:\/\/www.tairuiauto.com\/wp-content\/uploads\/2025\/11\/69d436bd-291f-4f25-92cd-d92fd9f2fd6d-150x150.jpg 150w, https:\/\/www.tairuiauto.com\/wp-content\/uploads\/2025\/11\/69d436bd-291f-4f25-92cd-d92fd9f2fd6d-12x12.jpg 12w, https:\/\/www.tairuiauto.com\/wp-content\/uploads\/2025\/11\/69d436bd-291f-4f25-92cd-d92fd9f2fd6d-600x600.jpg 600w, https:\/\/www.tairuiauto.com\/wp-content\/uploads\/2025\/11\/69d436bd-291f-4f25-92cd-d92fd9f2fd6d-100x100.jpg 100w, https:\/\/www.tairuiauto.com\/wp-content\/uploads\/2025\/11\/69d436bd-291f-4f25-92cd-d92fd9f2fd6d.jpg 730w\" sizes=\"(max-width: 300px) 100vw, 300px\" \/><\/p>\n<hr data-start=\"3602\" data-end=\"3605\" \/>\n<h2 data-start=\"3607\" data-end=\"3625\">\ufffd <strong data-start=\"3613\" data-end=\"3625\">Material<\/strong><\/h2>\n<p data-start=\"3627\" data-end=\"3843\">Constru\u00eddo com <strong data-start=\"3644\" data-end=\"3675\">a\u00e7o estrutural refor\u00e7ado<\/strong>, <strong data-start=\"3677\" data-end=\"3715\">pain\u00e9is corporais tratados contra a corros\u00e3o<\/strong>e <strong data-start=\"3721\" data-end=\"3756\">componentes hidr\u00e1ulicos pesados<\/strong>, assegurando estabilidade sob carga completa e longa vida mesmo em ambientes rugosos.<\/p>\n<hr data-start=\"3845\" data-end=\"3848\" \/>\n<h2 data-start=\"3850\" data-end=\"3870\">\ufffd <strong data-start=\"3856\" data-end=\"3870\">Apar\u00eancia<\/strong><\/h2>\n<p data-start=\"3872\" data-end=\"4107\">O triciclo ZHANSHEN entra <strong data-start=\"3903\" data-end=\"3930\">cores industriais bonitas<\/strong> como vermelho, amarelo ou cinza met\u00e1lica, representando for\u00e7a e confiabilidade. O grande pare-brisas e os faros integrados aumentam a visibilidade e a seguran\u00e7a para a opera\u00e7\u00e3o nocturna.<\/p>\n<hr data-start=\"4109\" data-end=\"4112\" \/>\n<h2 data-start=\"4114\" data-end=\"4130\">\ufffd <strong data-start=\"4120\" data-end=\"4130\">Design<\/strong><\/h2>\n<p data-start=\"4132\" data-end=\"4392\">Engineering for operator convenience, the <strong data-start=\"4173\" data-end=\"4194\">disposi\u00e7\u00e3o de quadro aberto<\/strong> permite acesso f\u00e1cil \u00e0 carga, enquanto <strong data-start=\"4231\" data-end=\"4253\">cama de descarga hidr\u00e1ulica<\/strong> acrescenta pr\u00e1tica n\u00e3o equivalente. Seu assento ergon\u00f4mico, sistema de controle intuitivo e painel inteligente proporcionam uma experi\u00eancia de condu\u00e7\u00e3o amig\u00e1vel ao usu\u00e1rio.<\/p>\n<hr data-start=\"4394\" data-end=\"4397\" \/>\n<h2 data-start=\"4399\" data-end=\"4426\">\ufffd <strong data-start=\"4405\" data-end=\"4426\">Adapta\u00e7\u00e3o OEM<\/strong><\/h2>\n<p data-start=\"4428\" data-end=\"4659\">N\u00f3s apoiamos <strong data-start=\"4439\" data-end=\"4468\">Adapta\u00e7\u00e3o OEM e ODM<\/strong>, permitindo \u00e0 sua empresa marcar o triciclo el\u00e9trico ZHANSHEN com seu logotipo, cores preferidas, ou configura\u00e7\u00f5es especiais. Ideal para uso da frota, log\u00edstica marcada, ou contratos governamentais.<\/p>\n<hr data-start=\"4661\" data-end=\"4664\" \/>\n<h2 data-start=\"4666\" data-end=\"4691\">\ufffd <strong data-start=\"4672\" data-end=\"4691\">Controlo da qualidade<\/strong><\/h2>\n<p data-start=\"4693\" data-end=\"4922\">Cada triciclo ZHANSHEN passa por v\u00e1rios pontos <strong data-start=\"4738\" data-end=\"4760\">inspec\u00e7\u00e3o de qualidade<\/strong>\u2014incluindo testes de seguran\u00e7a el\u00e9trica, verifica\u00e7\u00e3o do torque motora, testes de descarga hidr\u00e1ulica e simula\u00e7\u00e3o de resist\u00eancia do quadro\u2014assegurando uma opera\u00e7\u00e3o sem defeitos antes da expedi\u00e7\u00e3o.<\/p>\n<hr data-start=\"4924\" data-end=\"4927\" \/>\n<h2 data-start=\"4929\" data-end=\"4959\">\ufffd\ufe0f <strong data-start=\"4936\" data-end=\"4959\">Servi\u00e7o de Depois de Venda<\/strong><\/h2>\n<ul data-start=\"4961\" data-end=\"5104\">\n<li data-start=\"4961\" data-end=\"5001\">\n<p data-start=\"4963\" data-end=\"5001\">motores de 12 meses Garantia do controlador<\/p>\n<\/li>\n<li data-start=\"5002\" data-end=\"5037\">\n<p data-start=\"5004\" data-end=\"5037\">Consulta t\u00e9cnica ao longo da vida<\/p>\n<\/li>\n<li data-start=\"5038\" data-end=\"5068\">\n<p data-start=\"5040\" data-end=\"5068\">Suporte global de pe\u00e7as de reposi\u00e7\u00e3o<\/p>\n<\/li>\n<li data-start=\"5069\" data-end=\"5104\">\n<p data-start=\"5071\" data-end=\"5104\">Planos de servi\u00e7o alargado facultativos<\/p>\n<\/li>\n<\/ul>\n<hr data-start=\"5106\" data-end=\"5109\" \/>\n<h2 data-start=\"5111\" data-end=\"5139\">\ufffd <strong data-start=\"5117\" data-end=\"5139\">Campos de Aplica\u00e7\u00e3o<\/strong><\/h2>\n<p data-start=\"5141\" data-end=\"5155\">Perfeito para:<\/p>\n<ul data-start=\"5156\" data-end=\"5342\">\n<li data-start=\"5156\" data-end=\"5208\">\n<p data-start=\"5158\" data-end=\"5208\"><strong data-start=\"5158\" data-end=\"5206\">Transporte de material de constru\u00e7\u00e3o e constru\u00e7\u00e3o<\/strong><\/p>\n<\/li>\n<li data-start=\"5209\" data-end=\"5247\">\n<p data-start=\"5211\" data-end=\"5247\"><strong data-start=\"5211\" data-end=\"5245\">Log\u00edstica dos produtos agr\u00edcolas<\/strong><\/p>\n<\/li>\n<li data-start=\"5248\" data-end=\"5297\">\n<p data-start=\"5250\" data-end=\"5297\"><strong data-start=\"5250\" data-end=\"5295\">Saneamento municipal e coleta de res\u00edduos<\/strong><\/p>\n<\/li>\n<li data-start=\"5298\" data-end=\"5342\">\n<p data-start=\"5300\" data-end=\"5342\"><strong data-start=\"5300\" data-end=\"5342\">Entrega rural e carga pesada<\/strong><\/p>\n<\/li>\n<\/ul>\n<hr data-start=\"5344\" data-end=\"5347\" \/>\n<h2 data-start=\"5349\" data-end=\"5372\">\ufffd <strong data-start=\"5355\" data-end=\"5372\">Condi\u00e7\u00f5es de pagamento<\/strong><\/h2>\n<ul data-start=\"5374\" data-end=\"5506\">\n<li data-start=\"5374\" data-end=\"5415\">\n<p data-start=\"5376\" data-end=\"5415\">T\/T: 30% dep\u00f3sito, 70% antes da entrega<\/p>\n<\/li>\n<li data-start=\"5416\" data-end=\"5449\">\n<p data-start=\"5418\" data-end=\"5449\">L\/C dispon\u00edvel para encomendas em massa<\/p>\n<\/li>\n<li data-start=\"5450\" data-end=\"5506\">\n<p data-start=\"5452\" data-end=\"5506\">Seguran\u00e7a comercial e pagamentos seguros online apoiados<\/p>\n<\/li>\n<\/ul>\n<hr data-start=\"5508\" data-end=\"5511\" \/>\n<h2 data-start=\"5513\" data-end=\"5525\">\u2753 <strong data-start=\"5518\" data-end=\"5525\">FAQ<\/strong><\/h2>\n<p data-start=\"5527\" data-end=\"5714\"><strong data-start=\"5527\" data-end=\"5593\">Q1: O que faz o ZHANSHEN com o triciclo auto-dumping \u00fanico?<\/strong><br data-start=\"5593\" data-end=\"5596\" \/>A1: Ele tem um sistema hidr\u00e1ulico auto-dumping integrado, tornando mais f\u00e1cil descarregar materiais pesados eficientemente.<\/p>\n<p data-start=\"5716\" data-end=\"5814\"><strong data-start=\"5716\" data-end=\"5757\">Q2: Quanto tempo dura uma carga completa?<\/strong><br data-start=\"5757\" data-end=\"5760\" \/>A2: Entre 50-100 km dependendo da carga e do terreno.<\/p>\n<p data-start=\"5816\" data-end=\"5937\"><strong data-start=\"5816\" data-end=\"5872\">Q3: Posso personalizar a cor ou adicionar um logotipo da empresa?<\/strong><br data-start=\"5872\" data-end=\"5875\" \/>A3: Sim, marca OEM e personaliza\u00e7\u00e3o de cores est\u00e3o dispon\u00edveis.<\/p>\n<p data-start=\"5939\" data-end=\"6019\"><strong data-start=\"5939\" data-end=\"5977\">Q4: Quanto tempo \u00e9 o tempo de carga?<\/strong><br data-start=\"5977\" data-end=\"5980\" \/>A4: Cerca de 8 horas para uma carga completa.<\/p>\n<p data-start=\"6021\" data-end=\"6136\"><strong data-start=\"6021\" data-end=\"6057\">Q5: Qual \u00e9 o per\u00edodo de garantia?<\/strong><br data-start=\"6057\" data-end=\"6060\" \/>A5: 12 meses para o motor e controlador, com servi\u00e7o de suporte ao longo da vida.<\/p>","protected":false},"excerpt":{"rendered":"<p>Combinando estrutura robust a, alta energia de torque e design moderno de utilidade, este triciclo \u00e9 uma solu\u00e7\u00e3o perfeita para a log\u00edstica industrial, agr\u00edcola e municipal. O autom\u00e1tico <strong data-start=\"718\" data-end=\"741\">sistema de autodumping<\/strong> d\u00e1-lhe uma vantagem competitiva em efici\u00eancia e facilidade de funcionamento.<br \/>\nFornecida por um <strong data-start=\"856\" data-end=\"881\">Motor hidr\u00e1ulico de 1500W<\/strong> e um <strong data-start=\"888\" data-end=\"919\">Sistema de duas tens\u00f5es 60V\/72V<\/strong>, o <strong data-start=\"925\" data-end=\"961\">ZHANSHEN Electric Cargo Tricycle<\/strong> oferece for \u00e7a e estabilidade excepcionais para transportar mercadorias pesadas. \u00c9 <strong data-start=\"1033\" data-end=\"1063\">50-100 km por intervalo de carga<\/strong>, <strong data-start=\"1065\" data-end=\"1089\">35-40 km\/h de velocidade m\u00e1xima<\/strong>e <strong data-start=\"1095\" data-end=\"1119\">Tempo de carga de 8 horas<\/strong> faz\u00ea-lo uma escolha ideal para a log\u00edstica di\u00e1ria ou opera\u00e7\u00f5es de transporte de mercadorias a curta dist\u00e2ncia.<\/p>","protected":false},"featured_media":4449,"comment_status":"open","ping_status":"closed","template":"","meta":[],"product_brand":[],"product_cat":[78],"product_tag":[],"class_list":{"0":"post-4446","1":"product","2":"type-product","3":"status-publish","4":"has-post-thumbnail","6":"product_cat-electric-tricycle","8":"first","9":"instock","10":"shipping-taxable","11":"product-type-simple"},"_links":{"self":[{"href":"https:\/\/www.tairuiauto.com\/pt\/wp-json\/wp\/v2\/product\/4446","targetHints":{"allow":["GET"]}}],"collection":[{"href":"https:\/\/www.tairuiauto.com\/pt\/wp-json\/wp\/v2\/product"}],"about":[{"href":"https:\/\/www.tairuiauto.com\/pt\/wp-json\/wp\/v2\/types\/product"}],"replies":[{"embeddable":true,"href":"https:\/\/www.tairuiauto.com\/pt\/wp-json\/wp\/v2\/comments?post=4446"}],"wp:featuredmedia":[{"embeddable":true,"href":"https:\/\/www.tairuiauto.com\/pt\/wp-json\/wp\/v2\/media\/4449"}],"wp:attachment":[{"href":"https:\/\/www.tairuiauto.com\/pt\/wp-json\/wp\/v2\/media?parent=4446"}],"wp:term":[{"taxonomy":"product_brand","embeddable":true,"href":"https:\/\/www.tairuiauto.com\/pt\/wp-json\/wp\/v2\/product_brand?post=4446"},{"taxonomy":"product_cat","embeddable":true,"href":"https:\/\/www.tairuiauto.com\/pt\/wp-json\/wp\/v2\/product_cat?post=4446"},{"taxonomy":"product_tag","embeddable":true,"href":"https:\/\/www.tairuiauto.com\/pt\/wp-json\/wp\/v2\/product_tag?post=4446"}],"curies":[{"name":"wp","href":"https:\/\/api.w.org\/{rel}","templated":true}]}}