{"id":4457,"date":"2025-11-05T14:00:49","date_gmt":"2025-11-05T06:00:49","guid":{"rendered":"https:\/\/www.tairuiauto.com\/?post_type=product&#038;p=4457"},"modified":"2025-11-03T15:21:41","modified_gmt":"2025-11-03T07:21:41","slug":"electric-three-wheel-vehicle","status":"publish","type":"product","link":"https:\/\/www.tairuiauto.com\/pt\/product\/electric-three-wheel-vehicle\/","title":{"rendered":"Ve\u00edculo el\u00e9trico de tr\u00eas rodas"},"content":{"rendered":"<h2 data-start=\"840\" data-end=\"868\">\u26a1 <strong data-start=\"845\" data-end=\"868\">Descri\u00e7\u00e3o do produto<\/strong><\/h2>\n<p data-start=\"1193\" data-end=\"1491\">O <strong data-start=\"468\" data-end=\"506\">ve\u00edculo<\/strong> \u00e9 um alto desempenho <strong data-start=\"529\" data-end=\"561\">ve\u00edculo el\u00e9trico de tr\u00eas rodas<\/strong> projetados para atender \u00e0s necessidades rigorosas da log\u00edstica industrial, do transporte agr\u00edcola e da constru\u00e7\u00e3o. Combinando energia, resist\u00eancia e design inteligente, ela \u00e9 uma das tr\u00edcolas e-carga mais eficientes para opera\u00e7\u00f5es de transporte de mercadorias a curta e m\u00e9dia dist\u00e2ncia.<\/p>\n<table style=\"border-collapse: collapse; width: 63.2564%; height: 624px;\" border=\"0\" width=\"691\" cellspacing=\"0\" cellpadding=\"0\">\n<tbody>\n<tr style=\"height: 20.00pt;\">\n<td class=\"et3\" style=\"height: 20pt; width: 43.7146%;\" width=\"347\" height=\"33\">Modelo<\/td>\n<td class=\"et4\" style=\"width: 56.1375%;\" width=\"344\">Ve\u00edculo el\u00e9trico de tr\u00eas rodas<\/td>\n<\/tr>\n<tr style=\"height: 20.00pt;\">\n<td class=\"et5\" style=\"height: 20pt; width: 43.7146%;\" width=\"347\" height=\"33\">Tempo de carga<\/td>\n<td class=\"et5\" style=\"width: 56.1375%;\" width=\"344\">8h<\/td>\n<\/tr>\n<tr style=\"height: 20.00pt;\">\n<td class=\"et5\" style=\"height: 20pt; width: 43.7146%;\" width=\"347\" height=\"33\">Tiro Tt Front\/Rear<\/td>\n<td class=\"et5\" style=\"width: 56.1375%;\" width=\"344\">rodas frontais 3,75-12; rodas traseiras 4.00-12<\/td>\n<\/tr>\n<tr style=\"height: 20.00pt;\">\n<td class=\"et5\" style=\"height: 20pt; width: 43.7146%;\" width=\"347\" height=\"33\">Escolha de Cores<\/td>\n<td class=\"et5\" style=\"width: 56.1375%;\" width=\"344\">Personalizado<\/td>\n<\/tr>\n<tr style=\"height: 20.00pt;\">\n<td class=\"et5\" style=\"height: 20pt; width: 43.7146%;\" width=\"347\" height=\"33\">Marca<\/td>\n<td class=\"et5\" style=\"width: 56.1375%;\" width=\"344\">TECREK ou OEM<\/td>\n<\/tr>\n<tr style=\"height: 20.00pt;\">\n<td class=\"et5\" style=\"height: 20pt; width: 43.7146%;\" width=\"347\" height=\"33\">Origem<\/td>\n<td class=\"et5\" style=\"width: 56.1375%;\" width=\"344\">China<\/td>\n<\/tr>\n<tr style=\"height: 20.00pt;\">\n<td class=\"et5\" style=\"height: 20pt; width: 43.7146%;\" width=\"347\" height=\"33\">Range Per Charge\/Km<\/td>\n<td class=\"et5\" style=\"width: 56.1375%;\" width=\"344\">60-70 km<\/td>\n<\/tr>\n<tr style=\"height: 20.00pt;\">\n<td class=\"et5\" style=\"height: 20pt; width: 43.7146%;\" width=\"347\" height=\"33\">Velocidade m\u00e1xima Km\/H<\/td>\n<td class=\"et5\" style=\"width: 56.1375%;\" width=\"344\">30-45km\/H<\/td>\n<\/tr>\n<tr style=\"height: 20.00pt;\">\n<td class=\"et5\" style=\"height: 20pt; width: 43.7146%;\" width=\"347\" height=\"33\">Capacidade Climbing<\/td>\n<td class=\"et5\" style=\"width: 56.1375%;\" width=\"344\">\u226430\u00b0<\/td>\n<\/tr>\n<tr style=\"height: 20.00pt;\">\n<td class=\"et5\" style=\"height: 20pt; width: 43.7146%;\" width=\"347\" height=\"33\">Dimens\u00e3o global<\/td>\n<td class=\"et5\" style=\"width: 56.1375%;\" width=\"344\">3060X1200X1700MM<\/td>\n<\/tr>\n<tr style=\"height: 20.00pt;\">\n<td class=\"et5\" style=\"height: 20pt; width: 43.7146%;\" width=\"347\" height=\"33\">Cargando Capacidade<\/td>\n<td class=\"et5\" style=\"width: 56.1375%;\" width=\"344\">800KG<\/td>\n<\/tr>\n<tr style=\"height: 20.00pt;\">\n<td class=\"et5\" style=\"height: 20pt; width: 43.7146%;\" width=\"347\" height=\"33\">Pot\u00eancia motora hidr\u00e1ulica<\/td>\n<td class=\"et5\" style=\"width: 56.1375%;\" width=\"344\">1000W<\/td>\n<\/tr>\n<tr style=\"height: 20.00pt;\">\n<td class=\"et5\" style=\"height: 20pt; width: 43.7146%;\" width=\"347\" height=\"33\">Tens\u00e3o padr\u00e3o<\/td>\n<td class=\"et5\" style=\"width: 56.1375%;\" width=\"344\">60\/72V<\/td>\n<\/tr>\n<tr style=\"height: 20.00pt;\">\n<td class=\"et5\" style=\"height: 20pt; width: 43.7146%;\" width=\"347\" height=\"33\">Controlador<\/td>\n<td class=\"et5\" style=\"width: 56.1375%;\" width=\"344\">24 Tubos<\/td>\n<\/tr>\n<tr style=\"height: 20.00pt;\">\n<td class=\"et5\" style=\"height: 20pt; width: 43.7146%;\" width=\"347\" height=\"33\">Modo de travagem<\/td>\n<td class=\"et5\" style=\"width: 56.1375%;\" width=\"344\">Bateria anterior \u00b7 Bateria posterior<\/td>\n<\/tr>\n<tr style=\"height: 20.00pt;\">\n<td class=\"et5\" style=\"height: 20pt; width: 43.7146%;\" width=\"347\" height=\"33\">Minimum ground clearance<\/td>\n<td class=\"et5\" style=\"width: 56.1375%;\" width=\"344\">135<\/td>\n<\/tr>\n<tr style=\"height: 20.00pt;\">\n<td class=\"et5\" style=\"height: 20pt; width: 43.7146%;\" width=\"347\" height=\"33\">Capacidade de Produ\u00e7\u00e3o<\/td>\n<td class=\"et5\" style=\"width: 56.1375%;\" width=\"344\">100000 conjuntos\/ano<\/td>\n<\/tr>\n<\/tbody>\n<\/table>\n<hr data-start=\"1493\" data-end=\"1496\" \/>\n<h2 data-start=\"1498\" data-end=\"1527\">\ufffd <strong data-start=\"1504\" data-end=\"1527\">Principais pontos de venda<\/strong><\/h2>\n<ol data-start=\"1529\" data-end=\"2393\">\n<li data-start=\"1529\" data-end=\"1775\">\n<p data-start=\"1532\" data-end=\"1775\"><strong data-start=\"1532\" data-end=\"1571\">Sistema de motor poderoso e eficiente<\/strong><br data-start=\"1571\" data-end=\"1574\" \/>Equipado com um <strong data-start=\"1593\" data-end=\"1618\">motor hidr\u00e1ulico de 1000W<\/strong> e um <strong data-start=\"1625\" data-end=\"1655\">Configura\u00e7\u00e3o de duas voltagens 60V\/72V<\/strong>, o <strong data-start=\"1661\" data-end=\"1699\">Ve\u00edculo el\u00e9trico de tr\u00eas rodas<\/strong> fornece um torque forte, assegurando uma opera\u00e7\u00e3o suave mesmo nas pendientes at\u00e9 30\u00b0.<\/p>\n<\/li>\n<li data-start=\"1777\" data-end=\"1992\">\n<p data-start=\"1780\" data-end=\"1992\"><strong data-start=\"1780\" data-end=\"1819\">Bateria de longa dist\u00e2ncia e r\u00e1pida carga<\/strong><br data-start=\"1819\" data-end=\"1822\" \/>Achar at\u00e9 <strong data-start=\"1839\" data-end=\"1859\">70 km por carga<\/strong> com uma efici\u00eancia <strong data-start=\"1878\" data-end=\"1902\">Tempo de carga de 8 horas<\/strong>tornando este triciclo el\u00e9trico perfeito por longos dias de trabalho sem recargar freq\u00fcentemente.<\/p>\n<\/li>\n<li data-start=\"1994\" data-end=\"2212\">\n<p data-start=\"1997\" data-end=\"2212\"><strong data-start=\"1997\" data-end=\"2037\">Capacidade Superior de Carga e Estabilidade<\/strong><br data-start=\"2037\" data-end=\"2040\" \/>Com um <strong data-start=\"2051\" data-end=\"2079\">800 kg de capacidade de transporte<\/strong>, suspens\u00e3o pesada, e 3,75-12 \/ 4,00-12 pneus, isto <strong data-start=\"2138\" data-end=\"2164\">ve\u00edculo el\u00e9trico de carga<\/strong> trata com facilidade de terreno bruto e carga completa.<\/p>\n<\/li>\n<li data-start=\"2214\" data-end=\"2393\">\n<p data-start=\"2217\" data-end=\"2393\"><strong data-start=\"2217\" data-end=\"2248\">Design de seguran\u00e7a-Primeiro Braking<\/strong><br data-start=\"2248\" data-end=\"2251\" \/>O <strong data-start=\"2258\" data-end=\"2299\">tambor de frente, sistema de travagem de tambor de tr\u00e1s<\/strong> oferece o m\u00e1ximo controle e energia de parada confi\u00e1vel para a seguran\u00e7a do transporte urbano e industrial.<\/p>\n<\/li>\n<\/ol>\n<hr data-start=\"2395\" data-end=\"2398\" \/>\n<h2 data-start=\"2400\" data-end=\"2427\">\ufffd <strong data-start=\"2406\" data-end=\"2427\">Avantagens Unicos<\/strong><\/h2>\n<ol data-start=\"2429\" data-end=\"3065\">\n<li data-start=\"2429\" data-end=\"2596\">\n<p data-start=\"2432\" data-end=\"2596\"><strong data-start=\"2432\" data-end=\"2461\">Escen\u00e1rios de Uso Versat\u00edveis<\/strong> \u2013 A <strong data-start=\"2468\" data-end=\"2506\">Ve\u00edculo el\u00e9trico de tr\u00eas rodas<\/strong> adapta-se uniformemente \u00e0 log\u00edstica industrial, locais de constru\u00e7\u00e3o e campos agr\u00edcolas.<\/p>\n<\/li>\n<li data-start=\"2597\" data-end=\"2754\">\n<p data-start=\"2600\" data-end=\"2754\"><strong data-start=\"2600\" data-end=\"2632\">ecol\u00f3gico e poupan\u00e7a de custos<\/strong> \u2013 Opera\u00e7\u00e3o el\u00e9trica inteira significa emiss\u00f5es zero, baixa manuten\u00e7\u00e3o e custos m\u00ednimos de funcionamento em compara\u00e7\u00e3o com tricicletas de combust\u00edvel.<\/p>\n<\/li>\n<li data-start=\"2755\" data-end=\"2915\">\n<p data-start=\"2758\" data-end=\"2915\"><strong data-start=\"2758\" data-end=\"2788\">Op\u00e7\u00f5es de Constru\u00e7\u00e3o Personaliz\u00e1veis<\/strong> \u2013 Dispon\u00edvel para <strong data-start=\"2805\" data-end=\"2826\">Adapta\u00e7\u00e3o OEM<\/strong>incluindo cor, marca, dimens\u00f5es de caixa de carga e configura\u00e7\u00e3o do sistema eletr\u00f4nico.<\/p>\n<\/li>\n<li data-start=\"2916\" data-end=\"3065\">\n<p data-start=\"2919\" data-end=\"3065\"><strong data-start=\"2919\" data-end=\"2959\">Durabilidade testada para mercados globais<\/strong> \u2013 Testados rigorosamente em diversas condi\u00e7\u00f5es ambientais para garantir longevidade e estabilidade de desempenho.<\/p>\n<\/li>\n<\/ol>\n<p><img fetchpriority=\"high\" decoding=\"async\" class=\"size-medium wp-image-4456 aligncenter\" src=\"https:\/\/www.tairuiauto.com\/wp-content\/uploads\/2025\/11\/\u4e3b\u56fe-1-300x300.jpg\" alt=\"\" width=\"300\" height=\"300\" srcset=\"https:\/\/www.tairuiauto.com\/wp-content\/uploads\/2025\/11\/\u4e3b\u56fe-1-300x300.jpg 300w, https:\/\/www.tairuiauto.com\/wp-content\/uploads\/2025\/11\/\u4e3b\u56fe-1-150x150.jpg 150w, https:\/\/www.tairuiauto.com\/wp-content\/uploads\/2025\/11\/\u4e3b\u56fe-1-12x12.jpg 12w, https:\/\/www.tairuiauto.com\/wp-content\/uploads\/2025\/11\/\u4e3b\u56fe-1-600x600.jpg 600w, https:\/\/www.tairuiauto.com\/wp-content\/uploads\/2025\/11\/\u4e3b\u56fe-1-100x100.jpg 100w, https:\/\/www.tairuiauto.com\/wp-content\/uploads\/2025\/11\/\u4e3b\u56fe-1.jpg 730w\" sizes=\"(max-width: 300px) 100vw, 300px\" \/><\/p>\n<hr data-start=\"3744\" data-end=\"3747\" \/>\n<h2 data-start=\"3749\" data-end=\"3767\">\ufffd <strong data-start=\"3755\" data-end=\"3767\">Material<\/strong><\/h2>\n<p data-start=\"3769\" data-end=\"4019\">O triciclo \u00e9 constru\u00eddo com <strong data-start=\"3802\" data-end=\"3829\">a\u00e7o de carbono refor\u00e7ado<\/strong>, <strong data-start=\"3831\" data-end=\"3853\">revestimentos anti-rosa<\/strong>e <strong data-start=\"3859\" data-end=\"3887\">soldagem de quadros pesados<\/strong> para resistir a vibra\u00e7\u00e3o constante e cargas pesadas. A cama de carga usa pain\u00e9is resistentes \u00e0 corros\u00e3o adequados para todas as condi\u00e7\u00f5es meteorol\u00f3gicas.<\/p>\n<hr data-start=\"4021\" data-end=\"4024\" \/>\n<h2 data-start=\"4026\" data-end=\"4046\">\ufffd <strong data-start=\"4032\" data-end=\"4046\">Apar\u00eancia<\/strong><\/h2>\n<p data-start=\"4048\" data-end=\"4263\">Com seu <strong data-start=\"4057\" data-end=\"4092\">design aerodin\u00e2mico moderno da frente<\/strong>o ZHIHUIGUAN apresenta uma est\u00e9tica profissional, duradoura e modern a \u2013 ideal para opera\u00e7\u00f5es da frota ou uso log\u00edstico marcado.<\/p>\n<hr data-start=\"4265\" data-end=\"4268\" \/>\n<h2 data-start=\"4270\" data-end=\"4286\">\ufffd <strong data-start=\"4276\" data-end=\"4286\">Design<\/strong><\/h2>\n<p data-start=\"4288\" data-end=\"4535\">O <strong data-start=\"4292\" data-end=\"4330\">Ve\u00edculo el\u00e9trico de tr\u00eas rodas<\/strong> adota um cockpit ergon\u00f4mico, sistema de suspens\u00e3o hidr\u00e1ulica e design anti-slip floor. Cada componente \u2013 das alavancas de m\u00e3o ao painel de instrumentos \u2013 \u00e9 otimizado para conforto, durabilidade e funcionamento f\u00e1cil.<\/p>\n<hr data-start=\"4537\" data-end=\"4540\" \/>\n<h2 data-start=\"4542\" data-end=\"4569\">\ufffd <strong data-start=\"4548\" data-end=\"4569\">Adapta\u00e7\u00e3o OEM<\/strong><\/h2>\n<p data-start=\"4571\" data-end=\"4619\">N\u00f3s fornecemos completamente <strong data-start=\"4591\" data-end=\"4616\">Adapta\u00e7\u00e3o OEM\/ODM<\/strong>:<\/p>\n<ul data-start=\"4620\" data-end=\"4782\">\n<li data-start=\"4620\" data-end=\"4658\">\n<p data-start=\"4622\" data-end=\"4658\">Cor personalizada do corpo e finais de pintura<\/p>\n<\/li>\n<li data-start=\"4659\" data-end=\"4705\">\n<p data-start=\"4661\" data-end=\"4705\">Marca privada ou aplica\u00e7\u00e3o de logotipo<\/p>\n<\/li>\n<li data-start=\"4706\" data-end=\"4782\">\n<p data-start=\"4708\" data-end=\"4782\">Actualiza\u00e7\u00f5es opcionais (por exemplo, ilumina\u00e7\u00e3o LED, tipo de bateria, extens\u00f5es de cama de carga)<\/p>\n<\/li>\n<\/ul>\n<hr data-start=\"4784\" data-end=\"4787\" \/>\n<h2 data-start=\"4789\" data-end=\"4814\">\ufffd <strong data-start=\"4795\" data-end=\"4814\">Controlo da qualidade<\/strong><\/h2>\n<p data-start=\"4816\" data-end=\"4910\">Cada <strong data-start=\"4822\" data-end=\"4854\">tricicleta el\u00e9trica ZHIHUIGUAN<\/strong> passa por inspec\u00e7\u00f5es de qualidade estritas, incluindo:<\/p>\n<ul data-start=\"4911\" data-end=\"5080\">\n<li data-start=\"4911\" data-end=\"4955\">\n<p data-start=\"4913\" data-end=\"4955\">Testes de seguran\u00e7a el\u00e9trica e isolamento<\/p>\n<\/li>\n<li data-start=\"4956\" data-end=\"4996\">\n<p data-start=\"4958\" data-end=\"4996\">Testes de confiabilidade do sistema hidr\u00e1ulico<\/p>\n<\/li>\n<li data-start=\"4997\" data-end=\"5043\">\n<p data-start=\"4999\" data-end=\"5043\">Simula\u00e7\u00e3o de resist\u00eancia de quadros sob carga completa<\/p>\n<\/li>\n<li data-start=\"5044\" data-end=\"5080\">\n<p data-start=\"5046\" data-end=\"5080\">Avalia\u00e7\u00e3o do desempenho na estrada real<\/p>\n<\/li>\n<\/ul>\n<p data-start=\"5082\" data-end=\"5140\">Isso assegura um desempenho consistente em todos os mercados mundiais.<\/p>\n<hr data-start=\"5142\" data-end=\"5145\" \/>\n<h2 data-start=\"5147\" data-end=\"5177\">\ufffd\ufe0f <strong data-start=\"5154\" data-end=\"5177\">Servi\u00e7o de Depois de Venda<\/strong><\/h2>\n<ul data-start=\"5179\" data-end=\"5345\">\n<li data-start=\"5179\" data-end=\"5224\">\n<p data-start=\"5181\" data-end=\"5224\">Garantia de 12 meses em motores e controladores<\/p>\n<\/li>\n<li data-start=\"5225\" data-end=\"5262\">\n<p data-start=\"5227\" data-end=\"5262\">Soporte t\u00e9cnico online ao tempo da vida<\/p>\n<\/li>\n<li data-start=\"5263\" data-end=\"5299\">\n<p data-start=\"5265\" data-end=\"5299\">Despachamento global r\u00e1pido de pe\u00e7as de repouso<\/p>\n<\/li>\n<li data-start=\"5300\" data-end=\"5345\">\n<p data-start=\"5302\" data-end=\"5345\">Planos de manuten\u00e7\u00e3o personalizados para distribuidores<\/p>\n<\/li>\n<\/ul>\n<hr data-start=\"5347\" data-end=\"5350\" \/>\n<h2 data-start=\"5352\" data-end=\"5380\">\ufffd <strong data-start=\"5358\" data-end=\"5380\">Campos de Aplica\u00e7\u00e3o<\/strong><\/h2>\n<p data-start=\"5382\" data-end=\"5394\">Ideal para:<\/p>\n<ul data-start=\"5395\" data-end=\"5573\">\n<li data-start=\"5395\" data-end=\"5439\">\n<p data-start=\"5397\" data-end=\"5439\">Transporte de carga industrial e de armaz\u00e9m<\/p>\n<\/li>\n<li data-start=\"5440\" data-end=\"5483\">\n<p data-start=\"5442\" data-end=\"5483\">Produtos agr\u00edcolas e log\u00edstica de alimentos<\/p>\n<\/li>\n<li data-start=\"5484\" data-end=\"5529\">\n<p data-start=\"5486\" data-end=\"5529\">Constru\u00e7\u00e3o e entrega de suprimentos<\/p>\n<\/li>\n<li data-start=\"5530\" data-end=\"5573\">\n<p data-start=\"5532\" data-end=\"5573\">Gest\u00e3o de res\u00edduos e limpeza municipal<\/p>\n<\/li>\n<\/ul>\n<hr data-start=\"5575\" data-end=\"5578\" \/>\n<h2 data-start=\"5580\" data-end=\"5603\">\ufffd <strong data-start=\"5586\" data-end=\"5603\">Condi\u00e7\u00f5es de pagamento<\/strong><\/h2>\n<ul data-start=\"5605\" data-end=\"5737\">\n<li data-start=\"5605\" data-end=\"5655\">\n<p data-start=\"5607\" data-end=\"5655\">T\/T (dep\u00f3sito de 30%, saldo de 70% antes da expedi\u00e7\u00e3o)<\/p>\n<\/li>\n<li data-start=\"5656\" data-end=\"5689\">\n<p data-start=\"5658\" data-end=\"5689\">L\/C dispon\u00edvel para encomendas em massa<\/p>\n<\/li>\n<li data-start=\"5690\" data-end=\"5737\">\n<p data-start=\"5692\" data-end=\"5737\">Alibaba trade assurance e PayPal aceitou<\/p>\n<\/li>\n<\/ul>\n<hr data-start=\"5739\" data-end=\"5742\" \/>\n<h2 data-start=\"5744\" data-end=\"5756\">\u2753 <strong data-start=\"5749\" data-end=\"5756\">FAQ<\/strong><\/h2>\n<p data-start=\"5758\" data-end=\"5918\"><strong data-start=\"5758\" data-end=\"5834\">Q1: Qual \u00e9 a gama de bateria do ve\u00edculo el\u00e9trico de tr\u00eas rodas?<\/strong><br data-start=\"5834\" data-end=\"5837\" \/>A1: Ele oferece uma dist\u00e2ncia de 60-70 km com uma carga completa, dependendo da carga e terreno.<\/p>\n<p data-start=\"5920\" data-end=\"6020\"><strong data-start=\"5920\" data-end=\"5966\">Q2: Quanto tempo demora para cobrar completamente?<\/strong><br data-start=\"5966\" data-end=\"5969\" \/>A2: Cerca de 8 horas usando uma fonte de energia padr\u00e3o.<\/p>\n<p data-start=\"6022\" data-end=\"6136\"><strong data-start=\"6022\" data-end=\"6075\">Q3: Posso pedir esse tricicleta com o meu logotipo de marca?<\/strong><br data-start=\"6075\" data-end=\"6078\" \/>A3: Sim, fornecemos servi\u00e7os completos de OEM e rotulagem privada.<\/p>\n<p data-start=\"6138\" data-end=\"6227\"><strong data-start=\"6138\" data-end=\"6171\">Q4: Qual \u00e9 a capacidade de carga?<\/strong><br data-start=\"6171\" data-end=\"6174\" \/>A4: Pode transportar at\u00e9 800 kg de bens eficientemente.<\/p>\n<p data-start=\"6229\" data-end=\"6363\"><strong data-start=\"6229\" data-end=\"6276\">Q5: Este modelo \u00e9 adequado para \u00e1reas montanhas?<\/strong><br data-start=\"6276\" data-end=\"6279\" \/>A5: Absolutamente. Seu motor de alto torque de 1000W suporta \u00e2ngulos de escala at\u00e9 30\u00b0.<\/p>","protected":false},"excerpt":{"rendered":"<p>O ve\u00edculo el\u00e9trico de tr\u00eas rodas apresenta um motor hidr\u00e1ulico de 1000W alimentado por um sistema de 60V\/72V, fornecendo um motor suave e poderoso para carregar cargas at\u00e9 800 kg. Seu chasse refor\u00e7ado, sistema de travagem eficiente e disposi\u00e7\u00e3o de controle ergon\u00f4mico tornam-o adequado para opera\u00e7\u00f5es urbanas e rurais. \u00c9 uma escolha ideal para empresas log\u00edsticas, agricultores e flotas de manuten\u00e7\u00e3o da cidade procurando solu\u00e7\u00f5es de transporte ecol\u00f3gicas e de alta carga.<\/p>","protected":false},"featured_media":4454,"comment_status":"open","ping_status":"closed","template":"","meta":[],"product_brand":[],"product_cat":[78],"product_tag":[],"class_list":{"0":"post-4457","1":"product","2":"type-product","3":"status-publish","4":"has-post-thumbnail","6":"product_cat-electric-tricycle","8":"first","9":"instock","10":"shipping-taxable","11":"product-type-simple"},"_links":{"self":[{"href":"https:\/\/www.tairuiauto.com\/pt\/wp-json\/wp\/v2\/product\/4457","targetHints":{"allow":["GET"]}}],"collection":[{"href":"https:\/\/www.tairuiauto.com\/pt\/wp-json\/wp\/v2\/product"}],"about":[{"href":"https:\/\/www.tairuiauto.com\/pt\/wp-json\/wp\/v2\/types\/product"}],"replies":[{"embeddable":true,"href":"https:\/\/www.tairuiauto.com\/pt\/wp-json\/wp\/v2\/comments?post=4457"}],"wp:featuredmedia":[{"embeddable":true,"href":"https:\/\/www.tairuiauto.com\/pt\/wp-json\/wp\/v2\/media\/4454"}],"wp:attachment":[{"href":"https:\/\/www.tairuiauto.com\/pt\/wp-json\/wp\/v2\/media?parent=4457"}],"wp:term":[{"taxonomy":"product_brand","embeddable":true,"href":"https:\/\/www.tairuiauto.com\/pt\/wp-json\/wp\/v2\/product_brand?post=4457"},{"taxonomy":"product_cat","embeddable":true,"href":"https:\/\/www.tairuiauto.com\/pt\/wp-json\/wp\/v2\/product_cat?post=4457"},{"taxonomy":"product_tag","embeddable":true,"href":"https:\/\/www.tairuiauto.com\/pt\/wp-json\/wp\/v2\/product_tag?post=4457"}],"curies":[{"name":"wp","href":"https:\/\/api.w.org\/{rel}","templated":true}]}}