{"id":4959,"date":"2025-11-24T09:20:41","date_gmt":"2025-11-24T01:20:41","guid":{"rendered":"https:\/\/www.tairuiauto.com\/?post_type=product&#038;p=4959"},"modified":"2025-11-25T10:07:09","modified_gmt":"2025-11-25T02:07:09","slug":"eco-friendly-electric-vehicle","status":"publish","type":"product","link":"https:\/\/www.tairuiauto.com\/pt\/product\/eco-friendly-electric-vehicle\/","title":{"rendered":"Ve\u00edculo el\u00e9trico amig\u00e1vel da ECO"},"content":{"rendered":"<h3 style=\"padding-left: 40px;\" data-start=\"515\" data-end=\"542\"><strong data-start=\"519\" data-end=\"542\">Descri\u00e7\u00e3o do produto<\/strong><\/h3>\n<p style=\"padding-left: 40px;\" data-start=\"543\" data-end=\"1221\">O <strong data-start=\"547\" data-end=\"588\">Triciclo el\u00e9trico P302 para passageiros<\/strong> \u00e9 um ve\u00edculo inteligente e ecol\u00f3gico projetado para transporte a curta dist\u00e2ncia em cidades, cidades, \u00e1reas tur\u00edsticas, comunidades e parques comerciais.<\/p>\n<table style=\"border-collapse: collapse; width: 78.6538%; margin-left: 40px;\" border=\"0\" width=\"720\" cellspacing=\"0\" cellpadding=\"0\">\n<tbody style=\"padding-left: 40px;\">\n<tr style=\"height: 20pt; padding-left: 40px;\">\n<td class=\"et5\" style=\"height: 20pt; width: 39.9654%; padding-left: 40px;\" width=\"265\" height=\"33\">Modelo<\/td>\n<td class=\"et6\" style=\"width: 113.495%; padding-left: 40px;\" width=\"455\"><a href=\"#\u76ee\u5f55!A1\">P302<\/a><\/td>\n<\/tr>\n<tr style=\"height: 20pt; padding-left: 40px;\">\n<td class=\"et7\" style=\"height: 20pt; width: 39.9654%; padding-left: 40px;\" width=\"265\" height=\"33\">Dimens\u00f5es (mm)<\/td>\n<td class=\"et7\" style=\"width: 113.495%; padding-left: 40px;\" width=\"455\">2610*1280*1630<\/td>\n<\/tr>\n<tr style=\"height: 20pt; padding-left: 40px;\">\n<td class=\"et7\" style=\"height: 20pt; width: 39.9654%; padding-left: 40px;\" width=\"265\" height=\"33\">Tipo de corpo<\/td>\n<td class=\"et7\" style=\"width: 113.495%; padding-left: 40px;\" width=\"455\">corpo semi integral<\/td>\n<\/tr>\n<tr style=\"height: 20pt; padding-left: 40px;\">\n<td class=\"et7\" style=\"height: 20pt; width: 39.9654%; padding-left: 40px;\" width=\"265\" height=\"33\">Estrutura corporal<\/td>\n<td class=\"et7\" style=\"width: 113.495%; padding-left: 40px;\" width=\"455\">4 portas e 3 lugares<\/td>\n<\/tr>\n<tr style=\"height: 20pt; padding-left: 40px;\">\n<td class=\"et7\" style=\"height: 20pt; width: 39.9654%; padding-left: 40px;\" width=\"265\" height=\"33\">Motor<\/td>\n<td class=\"et7\" style=\"width: 113.495%; padding-left: 40px;\" width=\"455\">60V1000W<\/td>\n<\/tr>\n<tr style=\"height: 20pt; padding-left: 40px;\">\n<td class=\"et7\" style=\"height: 20pt; width: 39.9654%; padding-left: 40px;\" width=\"265\" height=\"33\">Controlador<\/td>\n<td class=\"et7\" style=\"width: 113.495%; padding-left: 40px;\" width=\"455\">60V 18tubos<\/td>\n<\/tr>\n<tr style=\"height: 20pt; padding-left: 40px;\">\n<td class=\"et7\" style=\"height: 20pt; width: 39.9654%; padding-left: 40px;\" width=\"265\" height=\"33\">Bateria(kwh)<\/td>\n<td class=\"et7\" style=\"width: 113.495%; padding-left: 40px;\" width=\"455\">60V58AH<\/td>\n<\/tr>\n<tr style=\"height: 20pt; padding-left: 40px;\">\n<td class=\"et7\" style=\"height: 20pt; width: 39.9654%; padding-left: 40px;\" width=\"265\" height=\"33\">Tempo de carga(H)<\/td>\n<td class=\"et7\" style=\"width: 113.495%; padding-left: 40px;\" width=\"455\">6-8<\/td>\n<\/tr>\n<tr style=\"height: 20pt; padding-left: 40px;\">\n<td class=\"et7\" style=\"height: 20pt; width: 39.9654%; padding-left: 40px;\" width=\"265\" height=\"33\">Rango por carga\/km<\/td>\n<td class=\"et7\" style=\"width: 113.495%; padding-left: 40px;\" width=\"455\">\u226560<\/td>\n<\/tr>\n<tr style=\"height: 20pt; padding-left: 40px;\">\n<td class=\"et7\" style=\"height: 20pt; width: 39.9654%; padding-left: 40px;\" width=\"265\" height=\"33\">Suspens\u00e3o frontal<\/td>\n<td class=\"et7\" style=\"width: 113.495%; padding-left: 40px;\" width=\"455\">chocante hidr\u00e1ulico<\/td>\n<\/tr>\n<tr style=\"height: 20pt; padding-left: 40px;\">\n<td class=\"et7\" style=\"height: 20pt; width: 39.9654%; padding-left: 40px;\" width=\"265\" height=\"33\">Suspens\u00e3o posterior<\/td>\n<td class=\"et7\" style=\"width: 113.495%; padding-left: 40px;\" width=\"455\">Suspens\u00e3o do bra\u00e7o de arrasto<\/td>\n<\/tr>\n<tr style=\"height: 20pt; padding-left: 40px;\">\n<td class=\"et7\" style=\"height: 20pt; width: 39.9654%; padding-left: 40px;\" width=\"265\" height=\"33\">pneu anterior\/posterior<\/td>\n<td class=\"et7\" style=\"width: 113.495%; padding-left: 40px;\" width=\"455\">Fronte 4:00-10<br \/>\nAtr\u00e1s das 4.00-10.<\/td>\n<\/tr>\n<tr style=\"height: 20pt; padding-left: 40px;\">\n<td class=\"et7\" style=\"height: 20pt; width: 39.9654%; padding-left: 40px;\" width=\"265\" height=\"33\">Rim<\/td>\n<td class=\"et7\" style=\"width: 113.495%; padding-left: 40px;\" width=\"455\">Hub de liga de alum\u00ednio<\/td>\n<\/tr>\n<tr style=\"height: 20pt; padding-left: 40px;\">\n<td class=\"et7\" style=\"height: 20pt; width: 39.9654%; padding-left: 40px;\" width=\"265\" height=\"33\">Sistema de trav\u00e3o<\/td>\n<td class=\"et7\" style=\"width: 113.495%; padding-left: 40px;\" width=\"455\">frente\/traseiro:disco<\/td>\n<\/tr>\n<tr style=\"height: 20pt; padding-left: 40px;\">\n<td class=\"et7\" style=\"height: 20pt; width: 39.9654%; padding-left: 40px;\" width=\"265\" height=\"33\">Grau de subida (%)<\/td>\n<td class=\"et7\" style=\"width: 113.495%; padding-left: 40px;\" width=\"455\">\u226525<\/td>\n<\/tr>\n<tr style=\"height: 20pt; padding-left: 40px;\">\n<td class=\"et7\" style=\"height: 20pt; width: 39.9654%; padding-left: 40px;\" width=\"265\" height=\"33\">Velocidade m\u00e1xima (km\/h)<\/td>\n<td class=\"et7\" style=\"width: 113.495%; padding-left: 40px;\" width=\"455\">38km\/h<\/td>\n<\/tr>\n<tr style=\"height: 20pt; padding-left: 40px;\">\n<td class=\"et7\" style=\"height: 20pt; width: 39.9654%; padding-left: 40px;\" width=\"265\" height=\"33\">Modo de dire\u00e7\u00e3o<\/td>\n<td class=\"et7\" style=\"width: 113.495%; padding-left: 40px;\" width=\"455\">Barra de Mano M\u00e9dio<\/td>\n<\/tr>\n<tr style=\"height: 20pt; padding-left: 40px;\">\n<td class=\"et7\" style=\"height: 20pt; width: 39.9654%; padding-left: 40px;\" width=\"265\" height=\"33\">Capacidade de contentor<\/td>\n<td class=\"et7\" style=\"width: 113.495%; padding-left: 40px;\" width=\"455\">9 PCS SKD\/40&#8217; HQ<\/td>\n<\/tr>\n<tr style=\"height: 20pt; padding-left: 40px;\">\n<td class=\"et7\" style=\"height: 20pt; width: 39.9654%; padding-left: 40px;\" width=\"265\" height=\"33\">Certificado<\/td>\n<td class=\"et7\" style=\"width: 113.495%; padding-left: 40px;\" width=\"455\">CCC<\/td>\n<\/tr>\n<tr style=\"height: 20pt; padding-left: 40px;\">\n<td class=\"et7\" style=\"height: 60pt; width: 39.9654%; padding-left: 40px;\" rowspan=\"3\" width=\"265\" height=\"100\">Dispositivo de Fun\u00e7\u00e3o<\/td>\n<td class=\"et7\" style=\"width: 113.495%; padding-left: 40px;\" width=\"455\">Um bot\u00e3o Iniciar<\/td>\n<\/tr>\n<tr style=\"height: 20pt; padding-left: 40px;\">\n<td class=\"et7\" style=\"width: 113.495%; padding-left: 40px;\" width=\"455\">Luzes LED<\/td>\n<\/tr>\n<tr style=\"height: 20pt; padding-left: 40px;\">\n<td class=\"et7\" style=\"width: 113.495%; padding-left: 40px;\" width=\"455\">C\u00e1mara Reversa<\/td>\n<\/tr>\n<\/tbody>\n<\/table>\n<p>&nbsp;<\/p>\n<hr style=\"padding-left: 40px;\" data-start=\"1223\" data-end=\"1226\" \/>\n<h3 style=\"padding-left: 40px;\" data-start=\"1228\" data-end=\"1265\"><strong data-start=\"1232\" data-end=\"1265\">Caracter\u00edsticas-chave e Vendo pontos<\/strong><\/h3>\n<ol>\n<li style=\"list-style-type: none;\">\n<ol data-start=\"1266\" data-end=\"2222\">\n<li data-start=\"1266\" data-end=\"1522\">\n<p data-start=\"1269\" data-end=\"1522\"><strong data-start=\"1269\" data-end=\"1327\">Cofre de 4 portas confort\u00e1vel para necessidades de transporte Versat\u00edveis<\/strong><br data-start=\"1327\" data-end=\"1330\" \/>A cabana completamente fechada assegura prote\u00e7\u00e3o do tempo e privacidade dos passageiros, tornando este trique el\u00e9trico de passageiros adequado para uso familiar, servi\u00e7o de t\u00e1xi a curta dist\u00e2ncia e viagem de neg\u00f3cios.<\/p>\n<\/li>\n<li data-start=\"1524\" data-end=\"1754\">\n<p data-start=\"1527\" data-end=\"1754\"><strong data-start=\"1527\" data-end=\"1579\">Bateria a longo prazo para a mobilidade urbana cont\u00ednua<\/strong><br data-start=\"1579\" data-end=\"1582\" \/>Equipado com um pacote de 60V 58Ah, o P302 oferece \u226560 km por carga, suportando a opera\u00e7\u00e3o di\u00e1ria de flotas el\u00e9tricas de t\u00e1xi de tr\u00eas rodas sem interrup\u00e7\u00f5es frequentes de carga.<\/p>\n<\/li>\n<li data-start=\"1756\" data-end=\"1984\">\n<p data-start=\"1759\" data-end=\"1984\"><strong data-start=\"1759\" data-end=\"1813\">Brake Powerful &amp; Sistema de suspens\u00e3o para viagens mais seguras<\/strong><br data-start=\"1813\" data-end=\"1816\" \/>Com frenos de disco frontal e traseiro, suspens\u00e3o de bra\u00e7o de arrasto e absortores de choque hidr\u00e1ulico, este ve\u00edculo de mobilidade el\u00e9trica aumenta a seguran\u00e7a dos passageiros e o manejo rodovi\u00e1rio.<\/p>\n<\/li>\n<li data-start=\"1986\" data-end=\"2222\">\n<p data-start=\"1989\" data-end=\"2222\"><strong data-start=\"1989\" data-end=\"2037\">Motor de poupan\u00e7a de energia com velocidade at\u00e9 38 km\/h<\/strong><br data-start=\"2037\" data-end=\"2040\" \/>O motor de 1000W proporciona uma forte capacidade de subida (\u226525%) e acelera\u00e7\u00e3o suave, proporcionando desempenho eficiente para o transporte de passageiros e-rickshaw em ambientes urbanos cheios.<\/p>\n<\/li>\n<\/ol>\n<\/li>\n<\/ol>\n<hr style=\"padding-left: 40px;\" data-start=\"2224\" data-end=\"2227\" \/>\n<h3 style=\"padding-left: 40px;\" data-start=\"2229\" data-end=\"2262\"><strong data-start=\"2233\" data-end=\"2262\">Avan\u00e7os Diferenciados<\/strong><\/h3>\n<ol>\n<li style=\"list-style-type: none;\">\n<ol data-start=\"2263\" data-end=\"3087\">\n<li data-start=\"2263\" data-end=\"2447\">\n<p data-start=\"2266\" data-end=\"2447\"><strong data-start=\"2266\" data-end=\"2312\">corpo semi-integral com estabilidade refor\u00e7ada<\/strong><br data-start=\"2312\" data-end=\"2315\" \/>O design corporal semi integral aumenta a resist\u00eancia ao acidente, melhorando os n\u00edveis de seguran\u00e7a em compara\u00e7\u00e3o com os e-rickshaws tradicionais.<\/p>\n<\/li>\n<li data-start=\"2449\" data-end=\"2685\">\n<p data-start=\"2452\" data-end=\"2685\"><strong data-start=\"2452\" data-end=\"2507\">Ferramentas Funcionais Completas para Opera\u00e7\u00e3o Amiga do Condutor<\/strong><br data-start=\"2507\" data-end=\"2510\" \/>ilumina\u00e7\u00e3o LED, c\u00e2mera inversa e um bot\u00e3o de come\u00e7o permitem desempenho profissional de condu\u00e7\u00e3o mesmo para condutores comunit\u00e1rios ou novos operadores de ve\u00edculos el\u00e9tricos de t\u00e1xi de tr\u00eas rodas.<\/p>\n<\/li>\n<li data-start=\"2687\" data-end=\"2903\">\n<p data-start=\"2690\" data-end=\"2903\"><strong data-start=\"2690\" data-end=\"2747\">Liga\u00e7\u00e3o de Aluminio Rims para Durabilidade &amp; Apela\u00e7\u00e3o Est\u00e9tica<\/strong><br data-start=\"2747\" data-end=\"2750\" \/>Os centros de liga de alum\u00ednio de alto grau reduzem o risco de peso e corros\u00e3o, prolongando a dura\u00e7\u00e3o de vida e melhorando a apar\u00eancia global do trique el\u00e9trico de passageiros.<\/p>\n<\/li>\n<li data-start=\"2905\" data-end=\"3087\">\n<p data-start=\"2908\" data-end=\"3087\"><strong data-start=\"2908\" data-end=\"2953\">Capacidade eficiente de contenedor para a navega\u00e7\u00e3o<\/strong><br data-start=\"2953\" data-end=\"2956\" \/>Cada recipiente de 40'HQ acomoda 9 unidades SKD\/CKD, reduzindo o custo de transporte para distribuidores globais de ve\u00edculos de mobilidade el\u00e9trica.<\/p>\n<\/li>\n<\/ol>\n<\/li>\n<\/ol>\n<p style=\"padding-left: 40px;\" data-start=\"3583\" data-end=\"3651\"><img fetchpriority=\"high\" decoding=\"async\" class=\"aligncenter size-large wp-image-4969\" src=\"https:\/\/www.tairuiauto.com\/wp-content\/uploads\/2025\/11\/8_\u526f\u672c-863x1024.jpg\" alt=\"\" width=\"800\" height=\"949\" srcset=\"https:\/\/www.tairuiauto.com\/wp-content\/uploads\/2025\/11\/8_\u526f\u672c-863x1024.jpg 863w, https:\/\/www.tairuiauto.com\/wp-content\/uploads\/2025\/11\/8_\u526f\u672c-253x300.jpg 253w, https:\/\/www.tairuiauto.com\/wp-content\/uploads\/2025\/11\/8_\u526f\u672c-768x911.jpg 768w, https:\/\/www.tairuiauto.com\/wp-content\/uploads\/2025\/11\/8_\u526f\u672c-1294x1536.jpg 1294w, https:\/\/www.tairuiauto.com\/wp-content\/uploads\/2025\/11\/8_\u526f\u672c-1726x2048.jpg 1726w, https:\/\/www.tairuiauto.com\/wp-content\/uploads\/2025\/11\/8_\u526f\u672c-10x12.jpg 10w, https:\/\/www.tairuiauto.com\/wp-content\/uploads\/2025\/11\/8_\u526f\u672c-600x712.jpg 600w\" sizes=\"(max-width: 800px) 100vw, 800px\" \/><\/p>\n<hr style=\"padding-left: 40px;\" data-start=\"3653\" data-end=\"3656\" \/>\n<h3 style=\"padding-left: 40px;\" data-start=\"3658\" data-end=\"3675\"><strong data-start=\"3662\" data-end=\"3675\">Materiales<\/strong><\/h3>\n<ul>\n<li style=\"list-style-type: none;\">\n<ul data-start=\"3676\" data-end=\"3866\">\n<li data-start=\"3676\" data-end=\"3721\">\n<p data-start=\"3678\" data-end=\"3721\">Frame de ve\u00edculos: a\u00e7o suavizado de alta for\u00e7a<\/p>\n<\/li>\n<li data-start=\"3722\" data-end=\"3781\">\n<p data-start=\"3724\" data-end=\"3781\">Paneis corporais: pl\u00e1sticos de engenharia duradoura, concha de a\u00e7o<\/p>\n<\/li>\n<li data-start=\"3782\" data-end=\"3812\">\n<p data-start=\"3784\" data-end=\"3812\">Rodas: Centro de liga de alum\u00ednio<\/p>\n<\/li>\n<li data-start=\"3813\" data-end=\"3866\">\n<p data-start=\"3815\" data-end=\"3866\">janelas: vidro de seguran\u00e7a com fecho fechado<\/p>\n<\/li>\n<\/ul>\n<\/li>\n<\/ul>\n<hr style=\"padding-left: 40px;\" data-start=\"3868\" data-end=\"3871\" \/>\n<h3 style=\"padding-left: 40px;\" data-start=\"3873\" data-end=\"3891\"><strong data-start=\"3877\" data-end=\"3891\">Apar\u00eancia<\/strong><\/h3>\n<p style=\"padding-left: 40px;\" data-start=\"3892\" data-end=\"4041\">Design moderno, compacto e aerodin\u00e2mico; - cor e logotipo externos personalizados; o design espacioso da cabana com assentos ergon\u00f4micos e ilumina\u00e7\u00e3o visual refor\u00e7ada.<\/p>\n<hr style=\"padding-left: 40px;\" data-start=\"4043\" data-end=\"4046\" \/>\n<h3 style=\"padding-left: 40px;\" data-start=\"4048\" data-end=\"4062\"><strong data-start=\"4052\" data-end=\"4062\">Design<\/strong><\/h3>\n<p style=\"padding-left: 40px;\" data-start=\"4063\" data-end=\"4208\">Disposi\u00e7\u00e3o centrada em humanos com assentos confort\u00e1veis, portas amplas para embarque f\u00e1cil, melhoria da visibilidade do painel de controle e refor\u00e7o da prote\u00e7\u00e3o da frente.<\/p>\n<hr style=\"padding-left: 40px;\" data-start=\"4210\" data-end=\"4213\" \/>\n<h3 style=\"padding-left: 40px;\" data-start=\"4215\" data-end=\"4240\"><strong data-start=\"4219\" data-end=\"4240\">Adapta\u00e7\u00e3o OEM<\/strong><\/h3>\n<p style=\"padding-left: 40px;\" data-start=\"4241\" data-end=\"4382\">Op\u00e7\u00f5es dispon\u00edveis: logo, cor, materiais de assento, baterias (72V opcional), atualiza\u00e7\u00e3o motora, sistema multim\u00eddia, op\u00e7\u00f5es de aquecimento\/refrigera\u00e7\u00e3o melhoradas.<\/p>\n<hr style=\"padding-left: 40px;\" data-start=\"4384\" data-end=\"4387\" \/>\n<h3 style=\"padding-left: 40px;\" data-start=\"4389\" data-end=\"4412\"><strong data-start=\"4393\" data-end=\"4412\">Controlo da qualidade<\/strong><\/h3>\n<p style=\"padding-left: 40px;\" data-start=\"4413\" data-end=\"4440\">Cada ve\u00edculo \u00e9 testado para:<\/p>\n<ul>\n<li style=\"list-style-type: none;\">\n<ul data-start=\"4441\" data-end=\"4571\">\n<li data-start=\"4441\" data-end=\"4462\">\n<p data-start=\"4443\" data-end=\"4462\">sensibilidade ao freio<\/p>\n<\/li>\n<li data-start=\"4463\" data-end=\"4483\">\n<p data-start=\"4465\" data-end=\"4483\">efici\u00eancia motora<\/p>\n<\/li>\n<li data-start=\"4484\" data-end=\"4508\">\n<p data-start=\"4486\" data-end=\"4508\">cobertura resistente \u00e0 \u00e1gua<\/p>\n<\/li>\n<li data-start=\"4509\" data-end=\"4537\">\n<p data-start=\"4511\" data-end=\"4537\">durabilidade da soldagem de quadros<\/p>\n<\/li>\n<li data-start=\"4538\" data-end=\"4571\">\n<p data-start=\"4540\" data-end=\"4571\">estabilidade do desempenho da bateria<\/p>\n<\/li>\n<\/ul>\n<\/li>\n<\/ul>\n<hr style=\"padding-left: 40px;\" data-start=\"4573\" data-end=\"4576\" \/>\n<h3 style=\"padding-left: 40px;\" data-start=\"4578\" data-end=\"4605\"><strong data-start=\"4582\" data-end=\"4605\">Servi\u00e7o de Depois de Venda<\/strong><\/h3>\n<p style=\"padding-left: 40px;\" data-start=\"4606\" data-end=\"4726\">Op\u00e7\u00f5es de garantia; o apoio das pe\u00e7as globais; - orienta\u00e7\u00e3o t\u00e9cnica remota; treinamento de montagem SKD\/CKD para parcerias a longo prazo.<\/p>\n<hr style=\"padding-left: 40px;\" data-start=\"4728\" data-end=\"4731\" \/>\n<h3 style=\"padding-left: 40px;\" data-start=\"4733\" data-end=\"4759\"><strong data-start=\"4737\" data-end=\"4759\">Campos de Aplica\u00e7\u00e3o<\/strong><\/h3>\n<p style=\"padding-left: 40px;\" data-start=\"4760\" data-end=\"4911\">nave comunit\u00e1ria, transporte de campus, viagem familiar, neg\u00f3cio de t\u00e1xi el\u00e9trico de tr\u00eas rodas, servi\u00e7os de mobilidade tur\u00edstica, recolha de passageiros na zona comercial.<\/p>\n<hr style=\"padding-left: 40px;\" data-start=\"4913\" data-end=\"4916\" \/>\n<h3 style=\"padding-left: 40px;\" data-start=\"4918\" data-end=\"4940\"><strong data-start=\"4922\" data-end=\"4940\">M\u00e9todo de Pagamento<\/strong><\/h3>\n<p style=\"padding-left: 40px;\" data-start=\"4941\" data-end=\"5009\">T\/T, L\/C, Trade Assurance, negocia\u00e7\u00e3o de instala\u00e7\u00e3o para distribuidores.<\/p>\n<hr style=\"padding-left: 40px;\" data-start=\"5011\" data-end=\"5014\" \/>\n<h3 style=\"padding-left: 40px;\" data-start=\"5016\" data-end=\"5027\"><strong data-start=\"5020\" data-end=\"5027\">FAQ<\/strong><\/h3>\n<p style=\"padding-left: 40px;\" data-start=\"5028\" data-end=\"5166\"><strong data-start=\"5028\" data-end=\"5071\">Q1: Este ve\u00edculo pode ser usado como t\u00e1xi?<\/strong><br data-start=\"5071\" data-end=\"5074\" \/>Sim, \u00e9 amplamente usado como um t\u00e1xi el\u00e9trico de tr\u00eas rodas para servi\u00e7o de passageiros a curta dist\u00e2ncia.<\/p>\n<p style=\"padding-left: 40px;\" data-start=\"5168\" data-end=\"5294\"><strong data-start=\"5168\" data-end=\"5214\">Q2: Quanto tempo o P302 funciona por carga?<\/strong><br data-start=\"5214\" data-end=\"5217\" \/>Uma bateria completamente carregada dura \u226560 km dependendo do terreno e h\u00e1bitos de condu\u00e7\u00e3o.<\/p>\n<p style=\"padding-left: 40px;\" data-start=\"5296\" data-end=\"5459\"><strong data-start=\"5296\" data-end=\"5343\">Q3: O ve\u00edculo \u00e9 adequado para uso familiar?<\/strong><br data-start=\"5343\" data-end=\"5346\" \/>Absolutamente - tem um encerramento de quatro portas, tr\u00eas lugares, e fortes caracter\u00edsticas de seguran\u00e7a, tornando-o ideal para a mobilidade familiar.<\/p>\n<p style=\"padding-left: 40px;\" data-start=\"5461\" data-end=\"5605\"><strong data-start=\"5461\" data-end=\"5502\">Q4: Voc\u00ea apoia ordens personalizadas?<\/strong><br data-start=\"5502\" data-end=\"5505\" \/>Sim, oferecemos solu\u00e7\u00f5es OEM incluindo personaliza\u00e7\u00e3o do logotipo, cores, atualiza\u00e7\u00f5es da bateria e acess\u00f3rios.<\/p>","protected":false},"excerpt":{"rendered":"<p>Com um espa\u00e7oso encerramento de 4 portas e uma disposi\u00e7\u00e3o de 3 lugares, ele fornece uma viagem segura e confort\u00e1vel tanto para fam\u00edlias como para operadores de transporte. Com um sistema motorizado de 60V e suportado por baterias de alta capacidade 58Ah, oferece quil\u00f4metros prolongados com frequ\u00eancia reduzida de carga. Ideal para viagens di\u00e1rias, servi\u00e7os de recolha de passageiros, mobilidade compartilhada e pequeno neg\u00f3cio de t\u00e1xi e-rickshaw, este modelo traz acessibilidade, design moderno e pr\u00e1tica real para o mercado da mobilidade el\u00e9trica.<\/p>","protected":false},"featured_media":4960,"comment_status":"open","ping_status":"closed","template":"","meta":[],"product_brand":[],"product_cat":[78],"product_tag":[],"class_list":{"0":"post-4959","1":"product","2":"type-product","3":"status-publish","4":"has-post-thumbnail","6":"product_cat-electric-tricycle","8":"first","9":"instock","10":"shipping-taxable","11":"product-type-simple"},"_links":{"self":[{"href":"https:\/\/www.tairuiauto.com\/pt\/wp-json\/wp\/v2\/product\/4959","targetHints":{"allow":["GET"]}}],"collection":[{"href":"https:\/\/www.tairuiauto.com\/pt\/wp-json\/wp\/v2\/product"}],"about":[{"href":"https:\/\/www.tairuiauto.com\/pt\/wp-json\/wp\/v2\/types\/product"}],"replies":[{"embeddable":true,"href":"https:\/\/www.tairuiauto.com\/pt\/wp-json\/wp\/v2\/comments?post=4959"}],"wp:featuredmedia":[{"embeddable":true,"href":"https:\/\/www.tairuiauto.com\/pt\/wp-json\/wp\/v2\/media\/4960"}],"wp:attachment":[{"href":"https:\/\/www.tairuiauto.com\/pt\/wp-json\/wp\/v2\/media?parent=4959"}],"wp:term":[{"taxonomy":"product_brand","embeddable":true,"href":"https:\/\/www.tairuiauto.com\/pt\/wp-json\/wp\/v2\/product_brand?post=4959"},{"taxonomy":"product_cat","embeddable":true,"href":"https:\/\/www.tairuiauto.com\/pt\/wp-json\/wp\/v2\/product_cat?post=4959"},{"taxonomy":"product_tag","embeddable":true,"href":"https:\/\/www.tairuiauto.com\/pt\/wp-json\/wp\/v2\/product_tag?post=4959"}],"curies":[{"name":"wp","href":"https:\/\/api.w.org\/{rel}","templated":true}]}}