{"id":5536,"date":"2026-03-03T15:24:32","date_gmt":"2026-03-03T07:24:32","guid":{"rendered":"https:\/\/www.tairuiauto.com\/?post_type=product&#038;p=5536"},"modified":"2026-03-06T13:52:38","modified_gmt":"2026-03-06T05:52:38","slug":"electric-cargo-mini-truck-for-last-mile-transport","status":"publish","type":"product","link":"https:\/\/www.tairuiauto.com\/pt\/product\/electric-cargo-mini-truck-for-last-mile-transport\/","title":{"rendered":"Mini cami\u00e3o de carga el\u00e9trica para o \u00faltimo transporte de milha"},"content":{"rendered":"<h2 style=\"padding-left: 40px;\" data-section-id=\"1vcmjny\" data-start=\"713\" data-end=\"733\">Vista geral dos produtos<\/h2>\n<p style=\"padding-left: 40px;\" data-start=\"734\" data-end=\"1066\">O V201 <strong>Mini Truck de Cargo Eletrico<\/strong>\u00a0\u00e9 uma pr\u00e1tica <strong>ve\u00edculo comercial ligeiro el\u00e9trico<\/strong> desenvolvido para entrega de carga urbana e log\u00edstica de curta dist\u00e2ncia. Ele combina um sistema de bateria LFP confi\u00e1vel, um motor PMSM eficiente, e <strong>ve\u00edculo comercial compacto<\/strong> corpo de carga. Este modelo \u00e9 adequado para distribui\u00e7\u00e3o do com\u00e9rcio electr\u00f3nico, entrega comunit\u00e1ria e transporte de pequenos neg\u00f3cios.<\/p>\n<table style=\"margin-left: 40px; width: 70.0779%; height: 736px;\" width=\"720\">\n<tbody style=\"padding-left: 40px;\">\n<tr style=\"padding-left: 40px;\">\n<td style=\"padding-left: 40px; width: 41.4465%;\" width=\"265\">Modelo<\/td>\n<td style=\"padding-left: 40px; width: 63.4296%;\" width=\"455\">V201\u00a0<strong>Mini cami\u00e3o de carga el\u00e9trica para o \u00faltimo transporte de milha<\/strong><\/td>\n<\/tr>\n<tr style=\"padding-left: 40px;\">\n<td style=\"padding-left: 40px; width: 41.4465%;\" width=\"265\">Tipo de caixa<\/td>\n<td style=\"padding-left: 40px; width: 63.4296%;\" width=\"455\">Porta de bordo<\/td>\n<\/tr>\n<tr style=\"padding-left: 40px;\">\n<td style=\"padding-left: 40px; width: 41.4465%;\" width=\"265\">Capacidade<\/td>\n<td style=\"padding-left: 40px; width: 63.4296%;\" width=\"455\">\/<\/td>\n<\/tr>\n<tr style=\"padding-left: 40px;\">\n<td style=\"padding-left: 40px; width: 41.4465%;\" width=\"265\">Capacidade de carga nominal (kg)<\/td>\n<td style=\"padding-left: 40px; width: 63.4296%;\" width=\"455\">540<\/td>\n<\/tr>\n<tr style=\"padding-left: 40px;\">\n<td style=\"padding-left: 40px; width: 41.4465%;\" width=\"265\">Dimens\u00f5es gerais (mm)<\/td>\n<td style=\"padding-left: 40px; width: 63.4296%;\" width=\"455\">3820*1480*1705<\/td>\n<\/tr>\n<tr style=\"padding-left: 40px;\">\n<td style=\"padding-left: 40px; width: 41.4465%;\" width=\"265\">Peso curb (kg)<\/td>\n<td style=\"padding-left: 40px; width: 63.4296%;\" width=\"455\">880<\/td>\n<\/tr>\n<tr style=\"padding-left: 40px;\">\n<td style=\"padding-left: 40px; width: 41.4465%;\" width=\"265\">Dimens\u00f5es<\/td>\n<td style=\"padding-left: 40px; width: 63.4296%;\" width=\"455\">2015*1400*320<\/td>\n<\/tr>\n<tr style=\"padding-left: 40px;\">\n<td style=\"padding-left: 40px; width: 41.4465%;\" width=\"265\">Faz de[UNK]Refrigerator\/Grade<\/td>\n<td style=\"padding-left: 40px; width: 63.4296%;\" width=\"455\">\/<\/td>\n<\/tr>\n<tr style=\"padding-left: 40px;\">\n<td style=\"padding-left: 40px; width: 41.4465%;\" width=\"265\">NEDC (km)<\/td>\n<td style=\"padding-left: 40px; width: 63.4296%;\" width=\"455\">140<\/td>\n<\/tr>\n<tr style=\"padding-left: 40px;\">\n<td style=\"padding-left: 40px; width: 41.4465%;\" width=\"265\">Sede(s)in[UNK]Cab<\/td>\n<td style=\"padding-left: 40px; width: 63.4296%;\" width=\"455\">2<\/td>\n<\/tr>\n<tr style=\"padding-left: 40px;\">\n<td style=\"padding-left: 40px; width: 41.4465%;\" width=\"265\">Base de rodas (mm)<\/td>\n<td style=\"padding-left: 40px; width: 63.4296%;\" width=\"455\">2450<\/td>\n<\/tr>\n<tr style=\"padding-left: 40px;\">\n<td style=\"padding-left: 40px; width: 41.4465%;\" width=\"265\">Massa global de<\/td>\n<td style=\"padding-left: 40px; width: 63.4296%;\" width=\"455\">1550<\/td>\n<\/tr>\n<tr style=\"padding-left: 40px;\">\n<td style=\"padding-left: 40px; width: 41.4465%;\" width=\"265\">Cargando o tempo [UNK]Normal[UNK](h)<\/td>\n<td style=\"padding-left: 40px; width: 63.4296%;\" width=\"455\">6-8h<\/td>\n<\/tr>\n<tr style=\"padding-left: 40px;\">\n<td style=\"padding-left: 40px; width: 41.4465%;\" width=\"265\">Tipo de bateria<\/td>\n<td style=\"padding-left: 40px; width: 63.4296%;\" width=\"455\">LFP<\/td>\n<\/tr>\n<tr style=\"padding-left: 40px;\">\n<td style=\"padding-left: 40px; width: 41.4465%;\" width=\"265\">Motor[UNK]Power[UNK]&#8211; [UNK] Avaliado[UNK](kw)<\/td>\n<td style=\"padding-left: 40px; width: 63.4296%;\" width=\"455\">15<\/td>\n<\/tr>\n<tr style=\"padding-left: 40px;\">\n<td style=\"padding-left: 40px; width: 41.4465%;\" width=\"265\">Torque m \u00e1ximo (N\u00b7m)<\/td>\n<td style=\"padding-left: 40px; width: 63.4296%;\" width=\"455\">130<\/td>\n<\/tr>\n<tr style=\"padding-left: 40px;\">\n<td style=\"padding-left: 40px; width: 41.4465%;\" width=\"265\">Gradeabilidade<\/td>\n<td style=\"padding-left: 40px; width: 63.4296%;\" width=\"455\">65310;10%<\/td>\n<\/tr>\n<tr style=\"padding-left: 40px;\">\n<td style=\"padding-left: 40px; width: 41.4465%;\" width=\"265\">Velocidade m\u00e1xima (km\/h)<\/td>\n<td style=\"padding-left: 40px; width: 63.4296%;\" width=\"455\">&gt; 70<\/td>\n<\/tr>\n<tr style=\"padding-left: 40px;\">\n<td style=\"padding-left: 40px; width: 41.4465%;\" width=\"265\">Motor<\/td>\n<td style=\"padding-left: 40px; width: 63.4296%;\" width=\"455\">PMSM<\/td>\n<\/tr>\n<tr style=\"padding-left: 40px;\">\n<td style=\"padding-left: 40px; width: 41.4465%;\" width=\"265\">Tipo[UNK]de[UNK]Drive<\/td>\n<td style=\"padding-left: 40px; width: 63.4296%;\" width=\"455\">4x2<\/td>\n<\/tr>\n<tr style=\"padding-left: 40px;\">\n<td style=\"padding-left: 40px; width: 41.4465%;\" width=\"265\">Capacidade<\/td>\n<td style=\"padding-left: 40px; width: 63.4296%;\" width=\"455\">450\/425<\/td>\n<\/tr>\n<tr style=\"padding-left: 40px;\">\n<td style=\"padding-left: 40px; width: 41.4465%;\" width=\"265\">Tamanho do pneu<\/td>\n<td style=\"padding-left: 40px; width: 63.4296%;\" width=\"455\">145R12<\/td>\n<\/tr>\n<tr style=\"padding-left: 40px;\">\n<td style=\"padding-left: 40px; width: 41.4465%;\" width=\"265\">Anterior\/Atr\u00e1s<\/td>\n<td style=\"padding-left: 40px; width: 63.4296%;\" width=\"455\">1290<\/td>\n<\/tr>\n<tr style=\"padding-left: 40px;\">\n<td style=\"padding-left: 40px; width: 41.4465%;\" width=\"265\">Tipo de[UNK]Brake(s)<\/td>\n<td style=\"padding-left: 40px; width: 63.4296%;\" width=\"455\">Disco\/Drum (F\/R)<\/td>\n<\/tr>\n<\/tbody>\n<\/table>\n<hr style=\"padding-left: 40px;\" data-start=\"1068\" data-end=\"1071\" \/>\n<h2 style=\"padding-left: 40px;\" data-section-id=\"1ul6dd9\" data-start=\"1073\" data-end=\"1097\">Introdu\u00e7\u00e3o de Produtos<\/h2>\n<h3 style=\"padding-left: 40px;\" data-section-id=\"p04koa\" data-start=\"1099\" data-end=\"1134\">Design Compact for Urban Roads<\/h3>\n<p style=\"padding-left: 40px;\" data-start=\"1135\" data-end=\"1345\"><strong>Log\u00edstica da cidade<\/strong> requerem ve\u00edculos pequenos, flex\u00edveis e f\u00e1ceis de estacionar. Com uma capacidade de carga nominal de 540 kg, ela pode transportar produtos alimentares, parcelas, ferramentas e bens di\u00e1rios. A base de rodas de 2450 mm melhora a estabilidade de condu\u00e7\u00e3o durante o transporte.<\/p>\n<p style=\"padding-left: 40px;\" data-start=\"1135\" data-end=\"1345\"><img fetchpriority=\"high\" decoding=\"async\" class=\"aligncenter size-full wp-image-5553\" src=\"https:\/\/www.tairuiauto.com\/wp-content\/uploads\/2026\/03\/17-scaled.jpg\" alt=\"\" width=\"2560\" height=\"1706\" srcset=\"https:\/\/www.tairuiauto.com\/wp-content\/uploads\/2026\/03\/17-scaled.jpg 2560w, https:\/\/www.tairuiauto.com\/wp-content\/uploads\/2026\/03\/17-300x200.jpg 300w, https:\/\/www.tairuiauto.com\/wp-content\/uploads\/2026\/03\/17-1024x682.jpg 1024w, https:\/\/www.tairuiauto.com\/wp-content\/uploads\/2026\/03\/17-768x512.jpg 768w, https:\/\/www.tairuiauto.com\/wp-content\/uploads\/2026\/03\/17-1536x1024.jpg 1536w, https:\/\/www.tairuiauto.com\/wp-content\/uploads\/2026\/03\/17-2048x1365.jpg 2048w, https:\/\/www.tairuiauto.com\/wp-content\/uploads\/2026\/03\/17-18x12.jpg 18w, https:\/\/www.tairuiauto.com\/wp-content\/uploads\/2026\/03\/17-600x400.jpg 600w\" sizes=\"(max-width: 2560px) 100vw, 2560px\" \/> <img decoding=\"async\" class=\"aligncenter size-full wp-image-5550\" src=\"https:\/\/www.tairuiauto.com\/wp-content\/uploads\/2026\/03\/14-scaled.jpg\" alt=\"\" width=\"2560\" height=\"1706\" srcset=\"https:\/\/www.tairuiauto.com\/wp-content\/uploads\/2026\/03\/14-scaled.jpg 2560w, https:\/\/www.tairuiauto.com\/wp-content\/uploads\/2026\/03\/14-300x200.jpg 300w, https:\/\/www.tairuiauto.com\/wp-content\/uploads\/2026\/03\/14-1024x682.jpg 1024w, https:\/\/www.tairuiauto.com\/wp-content\/uploads\/2026\/03\/14-768x512.jpg 768w, https:\/\/www.tairuiauto.com\/wp-content\/uploads\/2026\/03\/14-1536x1024.jpg 1536w, https:\/\/www.tairuiauto.com\/wp-content\/uploads\/2026\/03\/14-2048x1365.jpg 2048w, https:\/\/www.tairuiauto.com\/wp-content\/uploads\/2026\/03\/14-18x12.jpg 18w, https:\/\/www.tairuiauto.com\/wp-content\/uploads\/2026\/03\/14-600x400.jpg 600w\" sizes=\"(max-width: 2560px) 100vw, 2560px\" \/> <img decoding=\"async\" class=\"aligncenter size-full wp-image-5546\" src=\"https:\/\/www.tairuiauto.com\/wp-content\/uploads\/2026\/03\/10-scaled.jpg\" alt=\"\" width=\"2560\" height=\"1707\" srcset=\"https:\/\/www.tairuiauto.com\/wp-content\/uploads\/2026\/03\/10-scaled.jpg 2560w, https:\/\/www.tairuiauto.com\/wp-content\/uploads\/2026\/03\/10-300x200.jpg 300w, https:\/\/www.tairuiauto.com\/wp-content\/uploads\/2026\/03\/10-1024x683.jpg 1024w, https:\/\/www.tairuiauto.com\/wp-content\/uploads\/2026\/03\/10-768x512.jpg 768w, https:\/\/www.tairuiauto.com\/wp-content\/uploads\/2026\/03\/10-1536x1024.jpg 1536w, https:\/\/www.tairuiauto.com\/wp-content\/uploads\/2026\/03\/10-2048x1365.jpg 2048w, https:\/\/www.tairuiauto.com\/wp-content\/uploads\/2026\/03\/10-18x12.jpg 18w, https:\/\/www.tairuiauto.com\/wp-content\/uploads\/2026\/03\/10-600x400.jpg 600w\" sizes=\"(max-width: 2560px) 100vw, 2560px\" \/><\/p>\n<hr style=\"padding-left: 40px;\" data-start=\"1565\" data-end=\"1568\" \/>\n<h3 style=\"padding-left: 40px;\" data-section-id=\"znljl1\" data-start=\"1570\" data-end=\"1606\">Sistema el\u00e9trico eficiente<\/h3>\n<p style=\"padding-left: 40px;\" data-start=\"1774\" data-end=\"1989\">A bateria LFP fornece uma gama NEDC de 140 km. Essa gama atende \u00e0s necessidades das rotas di\u00e1rias de entrega urban a. O tempo de carga em condi\u00e7\u00f5es normais \u00e9 de 6 a 8 horas, o que permite carga overnight para o funcionamento da frota.<\/p>\n<p style=\"padding-left: 40px;\" data-start=\"1991\" data-end=\"2195\">Comparado com ve\u00edculos tradicionais de combust\u00edvel, esse sistema el\u00e9trico reduz custos de combust\u00edvel e custos de manuten\u00e7\u00e3o. Tamb\u00e9m produz emiss\u00f5es de gasodutos zero, o que \u00e9 adequado para cidades com pol\u00edticas ambientais.<\/p>\n<hr style=\"padding-left: 40px;\" data-start=\"2701\" data-end=\"2704\" \/>\n<h3 style=\"padding-left: 40px;\" data-section-id=\"lffo0m\" data-start=\"2706\" data-end=\"2745\">Adequado para aplica\u00e7\u00f5es m\u00faltiplas<\/h3>\n<p style=\"padding-left: 40px;\" data-start=\"2746\" data-end=\"2981\">O V201 <strong>Mini cami\u00e3o de carga el\u00e9trica para o \u00faltimo transporte de milha<\/strong> pode servir como um transportador de carga padr\u00e3o ou ser adaptado como um ve\u00edculo personalizado para tarefas de servi\u00e7o e entrega. \u00c9 amplamente usado para entrega de supermercados, servi\u00e7o comunit\u00e1rio, transport e de manuten\u00e7\u00e3o e distribui\u00e7\u00e3o de com\u00e9rcio electr\u00f3nico.<\/p>\n<hr style=\"padding-left: 40px;\" data-start=\"2983\" data-end=\"2986\" \/>\n<h2 style=\"padding-left: 40px;\" data-section-id=\"n05bjp\" data-start=\"2988\" data-end=\"3004\">Benef\u00edcios-chave<\/h2>\n<h3 style=\"padding-left: 40px;\" data-start=\"3006\" data-end=\"3203\">Caracter\u00edstica.<\/h3>\n<p style=\"padding-left: 40px;\" data-start=\"3006\" data-end=\"3203\">Bateria LFP e motor PMSM<\/p>\n<h3 style=\"padding-left: 40px;\" data-start=\"3006\" data-end=\"3203\">Avantagem.<\/h3>\n<p style=\"padding-left: 40px;\" data-start=\"3006\" data-end=\"3203\">Energia est\u00e1vel e baixo custo operacional<\/p>\n<h3 style=\"padding-left: 40px;\" data-start=\"3006\" data-end=\"3203\">Benef\u00edcio.<\/h3>\n<p style=\"padding-left: 40px;\" data-start=\"3006\" data-end=\"3203\">Entrega di\u00e1ria eficiente com emiss\u00e3o zero<\/p>\n<h3 style=\"padding-left: 40px;\" data-start=\"3006\" data-end=\"3203\">Provas.<\/h3>\n<p style=\"padding-left: 40px;\" data-start=\"3006\" data-end=\"3203\">dist\u00e2ncia de 140 km e capacidade de carga nominal de 540 kg<\/p>\n<hr style=\"padding-left: 40px;\" data-start=\"3361\" data-end=\"3364\" \/>\n<h2 style=\"padding-left: 40px;\" data-section-id=\"j0uo\" data-start=\"3366\" data-end=\"3373\">FAQ<\/h2>\n<p style=\"padding-left: 40px;\" data-start=\"3375\" data-end=\"3494\"><strong>Q1. Este ve\u00edculo \u00e9 adequado para a entrega da cidade<\/strong><\/p>\n<p style=\"padding-left: 40px;\" data-start=\"3375\" data-end=\"3494\">Sim. Seu tamanho compacto e sistema el\u00e9trico s\u00e3o ideales para estradas urbanas.<\/p>\n<p style=\"padding-left: 40px;\" data-start=\"3496\" data-end=\"3573\"><strong>Q2. Quanto tempo demora para encarregar<\/strong><\/p>\n<p style=\"padding-left: 40px;\" data-start=\"3496\" data-end=\"3573\">O tempo normal de carga \u00e9 de 6 a 8 horas.<\/p>\n<p style=\"padding-left: 40px;\" data-start=\"3575\" data-end=\"3634\"><strong>Q3. Qual \u00e9 o intervalo de condu\u00e7\u00e3o<\/strong><\/p>\n<p style=\"padding-left: 40px;\" data-start=\"3575\" data-end=\"3634\">A dist\u00e2ncia do NEDC \u00e9 de 140 km.<\/p>\n<p style=\"padding-left: 40px;\" data-start=\"3636\" data-end=\"3741\" data-is-last-node=\"\" data-is-only-node=\"\"><strong>Q4. Pode ser personalizado<\/strong><\/p>\n<p style=\"padding-left: 40px;\" data-start=\"3636\" data-end=\"3741\" data-is-last-node=\"\" data-is-only-node=\"\">Sim. Pode ser desenvolvido como um ve\u00edculo personalizado para diferentes necessidades de entrega.<\/p>","protected":false},"excerpt":{"rendered":"<p data-start=\"180\" data-end=\"477\">Um ve\u00edculo comercial compacto de combust\u00edvel el\u00e9trico ligeiro com 540 kg de carga \u00fatil e 140 km de dist\u00e2ncia. Designado para entrega da cidade e transporte de pequena carga. Ela oferece motoriza\u00e7\u00e3o de emiss\u00f5es zero, baixo custo de funcionamento, e encargos f\u00e1ceis para uso di\u00e1rio de log\u00edstica.<\/p>","protected":false},"featured_media":5555,"comment_status":"open","ping_status":"closed","template":"","meta":[],"product_brand":[],"product_cat":[77],"product_tag":[],"class_list":{"0":"post-5536","1":"product","2":"type-product","3":"status-publish","4":"has-post-thumbnail","6":"product_cat-electric-micro-vehicle","8":"first","9":"instock","10":"shipping-taxable","11":"product-type-simple"},"_links":{"self":[{"href":"https:\/\/www.tairuiauto.com\/pt\/wp-json\/wp\/v2\/product\/5536","targetHints":{"allow":["GET"]}}],"collection":[{"href":"https:\/\/www.tairuiauto.com\/pt\/wp-json\/wp\/v2\/product"}],"about":[{"href":"https:\/\/www.tairuiauto.com\/pt\/wp-json\/wp\/v2\/types\/product"}],"replies":[{"embeddable":true,"href":"https:\/\/www.tairuiauto.com\/pt\/wp-json\/wp\/v2\/comments?post=5536"}],"wp:featuredmedia":[{"embeddable":true,"href":"https:\/\/www.tairuiauto.com\/pt\/wp-json\/wp\/v2\/media\/5555"}],"wp:attachment":[{"href":"https:\/\/www.tairuiauto.com\/pt\/wp-json\/wp\/v2\/media?parent=5536"}],"wp:term":[{"taxonomy":"product_brand","embeddable":true,"href":"https:\/\/www.tairuiauto.com\/pt\/wp-json\/wp\/v2\/product_brand?post=5536"},{"taxonomy":"product_cat","embeddable":true,"href":"https:\/\/www.tairuiauto.com\/pt\/wp-json\/wp\/v2\/product_cat?post=5536"},{"taxonomy":"product_tag","embeddable":true,"href":"https:\/\/www.tairuiauto.com\/pt\/wp-json\/wp\/v2\/product_tag?post=5536"}],"curies":[{"name":"wp","href":"https:\/\/api.w.org\/{rel}","templated":true}]}}