{"id":5557,"date":"2026-03-04T15:19:31","date_gmt":"2026-03-04T07:19:31","guid":{"rendered":"https:\/\/www.tairuiauto.com\/?post_type=product&#038;p=5557"},"modified":"2026-03-06T13:52:31","modified_gmt":"2026-03-06T05:52:31","slug":"electric-utility-vehicle-for-community-transport","status":"publish","type":"product","link":"https:\/\/www.tairuiauto.com\/pt\/product\/electric-utility-vehicle-for-community-transport\/","title":{"rendered":"Ve\u00edculo el\u00e9trico de utilidade para transporte comunit\u00e1rio"},"content":{"rendered":"<h2 style=\"padding-left: 40px;\" data-section-id=\"1vcmjny\" data-start=\"721\" data-end=\"741\">Vista geral dos produtos<\/h2>\n<p style=\"padding-left: 40px;\" data-start=\"742\" data-end=\"1091\">SP401 \u00e9 um <strong>ve\u00edculo el\u00e9trico multiprop\u00f3sito<\/strong> especialmente projetado para transporte a curta dist\u00e2ncia em \u00e1reas industriais, \u00e1reas residenciais e zonas de servi\u00e7o. Ele integra um sistema de bateria confi\u00e1vel, um sistema inteligente de controle el\u00e9trico e uma estrutura forte de chassis. Este modelo proporciona uma solu\u00e7\u00e3o eficiente e econ\u00f4mica para a log\u00edstica interna e o transporte de pessoal.<\/p>\n<table style=\"border-collapse: collapse; width: 79.3364%; margin-left: 40px;\" border=\"0\" width=\"706\" cellspacing=\"0\" cellpadding=\"0\">\n<tbody style=\"padding-left: 40px;\">\n<tr style=\"height: 20pt; padding-left: 40px;\">\n<td class=\"et4\" style=\"height: 20pt; width: 43.8283%; padding-left: 40px;\" width=\"310\" height=\"33\">Modelo<\/td>\n<td class=\"et5\" style=\"width: 112.576%; padding-left: 40px;\" width=\"396\">SP401\u00a0<strong>Ve\u00edculo el\u00e9trico de utilidade para transporte comunit\u00e1rio<\/strong><\/td>\n<\/tr>\n<tr style=\"height: 20pt; padding-left: 40px;\">\n<td class=\"et6\" style=\"height: 20pt; width: 43.8283%; padding-left: 40px;\" width=\"310\" height=\"33\">Longitude * Largura * Altura (mm)<\/td>\n<td class=\"et6\" style=\"width: 112.576%; padding-left: 40px;\" width=\"396\">4975*1700*2425<\/td>\n<\/tr>\n<tr style=\"height: 20pt; padding-left: 40px;\">\n<td class=\"et6\" style=\"height: 20pt; width: 43.8283%; padding-left: 40px;\" width=\"310\" height=\"33\">Controlo el\u00e9trico<\/td>\n<td class=\"et6\" style=\"width: 112.576%; padding-left: 40px;\" width=\"396\">72V AC controle el\u00e9trico inteligente<\/td>\n<\/tr>\n<tr style=\"height: 20pt; padding-left: 40px;\">\n<td class=\"et6\" style=\"height: 20pt; width: 43.8283%; padding-left: 40px;\" width=\"310\" height=\"33\">bateria<\/td>\n<td class=\"et6\" style=\"width: 112.576%; padding-left: 40px;\" width=\"396\">6v200AH Maintenance free battery pack<\/td>\n<\/tr>\n<tr style=\"height: 20pt; padding-left: 40px;\">\n<td class=\"et6\" style=\"height: 20pt; width: 43.8283%; padding-left: 40px;\" width=\"310\" height=\"33\">quil\u00f4metro<\/td>\n<td class=\"et6\" style=\"width: 112.576%; padding-left: 40px;\" width=\"396\">90-100km<\/td>\n<\/tr>\n<tr style=\"height: 20pt; padding-left: 40px;\">\n<td class=\"et6\" style=\"height: 20pt; width: 43.8283%; padding-left: 40px;\" width=\"310\" height=\"33\">M\u00e1quina el\u00e9trica<\/td>\n<td class=\"et6\" style=\"width: 112.576%; padding-left: 40px;\" width=\"396\">Motor de tra\u00e7\u00e3o AC de 7,5kw<\/td>\n<\/tr>\n<tr style=\"height: 20pt; padding-left: 40px;\">\n<td class=\"et6\" style=\"height: 20pt; width: 43.8283%; padding-left: 40px;\" width=\"310\" height=\"33\">Gradiente m\u00e1ximo<\/td>\n<td class=\"et6\" style=\"width: 112.576%; padding-left: 40px;\" width=\"396\">0.25<\/td>\n<\/tr>\n<tr style=\"height: 20pt; padding-left: 40px;\">\n<td class=\"et6\" style=\"height: 20pt; width: 43.8283%; padding-left: 40px;\" width=\"310\" height=\"33\">freio<\/td>\n<td class=\"et6\" style=\"width: 112.576%; padding-left: 40px;\" width=\"396\">tambor anterior e posterior, freio hidr\u00e1ulico<\/td>\n<\/tr>\n<tr style=\"height: 20pt; padding-left: 40px;\">\n<td class=\"et6\" style=\"height: 20pt; width: 43.8283%; padding-left: 40px;\" width=\"310\" height=\"33\">velocidade<\/td>\n<td class=\"et6\" style=\"width: 112.576%; padding-left: 40px;\" width=\"396\">40 km\/h<\/td>\n<\/tr>\n<tr style=\"height: 20pt; padding-left: 40px;\">\n<td class=\"et6\" style=\"height: 20pt; width: 43.8283%; padding-left: 40px;\" width=\"310\" height=\"33\">Sistema de dire\u00e7\u00e3o<\/td>\n<td class=\"et6\" style=\"width: 112.576%; padding-left: 40px;\" width=\"396\">Pot\u00eancia eletr\u00f4nica de dire\u00e7\u00e3o<\/td>\n<\/tr>\n<tr style=\"height: 20pt; padding-left: 40px;\">\n<td class=\"et6\" style=\"height: 20pt; width: 43.8283%; padding-left: 40px;\" width=\"310\" height=\"33\">Suspens\u00e3o anterior e posterior<\/td>\n<td class=\"et6\" style=\"width: 112.576%; padding-left: 40px;\" width=\"396\">Springs longitudinais de folhas frontais e traseiras<\/td>\n<\/tr>\n<tr style=\"height: 20pt; padding-left: 40px;\">\n<td class=\"et6\" style=\"height: 20pt; width: 43.8283%; padding-left: 40px;\" width=\"310\" height=\"33\">roda<\/td>\n<td class=\"et6\" style=\"width: 112.576%; padding-left: 40px;\" width=\"396\">rodas de a\u00e7o 165\/70R13<\/td>\n<\/tr>\n<\/tbody>\n<\/table>\n<hr style=\"padding-left: 40px;\" data-start=\"1093\" data-end=\"1096\" \/>\n<h2 style=\"padding-left: 40px;\" data-section-id=\"1ul6dd9\" data-start=\"1098\" data-end=\"1122\">Introdu\u00e7\u00e3o de Produtos<\/h2>\n<h3 style=\"padding-left: 40px;\" data-section-id=\"e4ygh1\" data-start=\"1124\" data-end=\"1176\">Adequado para \u00e1rea fechada e transporte interno<\/h3>\n<p style=\"padding-left: 40px;\" data-start=\"1177\" data-end=\"1429\">Muitas f\u00e1bricas, parques e campus precisam de uma solu\u00e7\u00e3o de transporte segura e eficaz em custo. Este tamanho oferece espa\u00e7o interior e carga suficiente, mantendo o ve\u00edculo f\u00e1cil de conduzir em \u00e1reas limitadas. Esta velocidade controlada melhora a seguran\u00e7a das estradas internas e ambientes de trabalho.<\/p>\n<p style=\"padding-left: 40px;\" data-start=\"1177\" data-end=\"1429\"><img fetchpriority=\"high\" decoding=\"async\" class=\"aligncenter size-full wp-image-5565\" src=\"https:\/\/www.tairuiauto.com\/wp-content\/uploads\/2026\/03\/8-1-scaled.jpg\" alt=\"\" width=\"2560\" height=\"1920\" srcset=\"https:\/\/www.tairuiauto.com\/wp-content\/uploads\/2026\/03\/8-1-scaled.jpg 2560w, https:\/\/www.tairuiauto.com\/wp-content\/uploads\/2026\/03\/8-1-300x225.jpg 300w, https:\/\/www.tairuiauto.com\/wp-content\/uploads\/2026\/03\/8-1-1024x768.jpg 1024w, https:\/\/www.tairuiauto.com\/wp-content\/uploads\/2026\/03\/8-1-768x576.jpg 768w, https:\/\/www.tairuiauto.com\/wp-content\/uploads\/2026\/03\/8-1-1536x1152.jpg 1536w, https:\/\/www.tairuiauto.com\/wp-content\/uploads\/2026\/03\/8-1-2048x1536.jpg 2048w, https:\/\/www.tairuiauto.com\/wp-content\/uploads\/2026\/03\/8-1-16x12.jpg 16w, https:\/\/www.tairuiauto.com\/wp-content\/uploads\/2026\/03\/8-1-600x450.jpg 600w\" sizes=\"(max-width: 2560px) 100vw, 2560px\" \/> <img decoding=\"async\" class=\"aligncenter size-full wp-image-5564\" src=\"https:\/\/www.tairuiauto.com\/wp-content\/uploads\/2026\/03\/7-1.jpg\" alt=\"\" width=\"1400\" height=\"1050\" srcset=\"https:\/\/www.tairuiauto.com\/wp-content\/uploads\/2026\/03\/7-1.jpg 1400w, https:\/\/www.tairuiauto.com\/wp-content\/uploads\/2026\/03\/7-1-300x225.jpg 300w, https:\/\/www.tairuiauto.com\/wp-content\/uploads\/2026\/03\/7-1-1024x768.jpg 1024w, https:\/\/www.tairuiauto.com\/wp-content\/uploads\/2026\/03\/7-1-768x576.jpg 768w, https:\/\/www.tairuiauto.com\/wp-content\/uploads\/2026\/03\/7-1-16x12.jpg 16w, https:\/\/www.tairuiauto.com\/wp-content\/uploads\/2026\/03\/7-1-600x450.jpg 600w\" sizes=\"(max-width: 1400px) 100vw, 1400px\" \/> <img decoding=\"async\" class=\"aligncenter size-full wp-image-5563\" src=\"https:\/\/www.tairuiauto.com\/wp-content\/uploads\/2026\/03\/6-1.jpg\" alt=\"\" width=\"1400\" height=\"1050\" srcset=\"https:\/\/www.tairuiauto.com\/wp-content\/uploads\/2026\/03\/6-1.jpg 1400w, https:\/\/www.tairuiauto.com\/wp-content\/uploads\/2026\/03\/6-1-300x225.jpg 300w, https:\/\/www.tairuiauto.com\/wp-content\/uploads\/2026\/03\/6-1-1024x768.jpg 1024w, https:\/\/www.tairuiauto.com\/wp-content\/uploads\/2026\/03\/6-1-768x576.jpg 768w, https:\/\/www.tairuiauto.com\/wp-content\/uploads\/2026\/03\/6-1-16x12.jpg 16w, https:\/\/www.tairuiauto.com\/wp-content\/uploads\/2026\/03\/6-1-600x450.jpg 600w\" sizes=\"(max-width: 1400px) 100vw, 1400px\" \/> <img loading=\"lazy\" decoding=\"async\" class=\"aligncenter size-full wp-image-5561\" src=\"https:\/\/www.tairuiauto.com\/wp-content\/uploads\/2026\/03\/4-1-scaled.jpg\" alt=\"\" width=\"2560\" height=\"1920\" srcset=\"https:\/\/www.tairuiauto.com\/wp-content\/uploads\/2026\/03\/4-1-scaled.jpg 2560w, https:\/\/www.tairuiauto.com\/wp-content\/uploads\/2026\/03\/4-1-300x225.jpg 300w, https:\/\/www.tairuiauto.com\/wp-content\/uploads\/2026\/03\/4-1-1024x768.jpg 1024w, https:\/\/www.tairuiauto.com\/wp-content\/uploads\/2026\/03\/4-1-768x576.jpg 768w, https:\/\/www.tairuiauto.com\/wp-content\/uploads\/2026\/03\/4-1-1536x1152.jpg 1536w, https:\/\/www.tairuiauto.com\/wp-content\/uploads\/2026\/03\/4-1-2048x1536.jpg 2048w, https:\/\/www.tairuiauto.com\/wp-content\/uploads\/2026\/03\/4-1-16x12.jpg 16w, https:\/\/www.tairuiauto.com\/wp-content\/uploads\/2026\/03\/4-1-600x450.jpg 600w\" sizes=\"(max-width: 2560px) 100vw, 2560px\" \/><\/p>\n<hr style=\"padding-left: 40px;\" data-start=\"1552\" data-end=\"1555\" \/>\n<h3 style=\"padding-left: 40px;\" data-section-id=\"e2w4x\" data-start=\"1557\" data-end=\"1590\">Sistema el\u00e9trico est\u00e1vel<\/h3>\n<p style=\"padding-left: 40px;\" data-start=\"1822\" data-end=\"2026\">A dist\u00e2ncia de condu\u00e7\u00e3o \u00e9 entre 90 e 100 km em condi\u00e7\u00f5es de trabalho normais. Este intervalo \u00e9 adequado para opera\u00e7\u00e3o di\u00e1ria sem carga freq\u00fcente. Comparado com ve\u00edculos de combust\u00edvel, o sistema el\u00e9trico reduz o custo energ\u00e9tico e elimina emiss\u00f5es de escape. Tamb\u00e9m reduz as necessidades de manuten\u00e7\u00e3o porque n\u00e3o existe \u00f3leo de motor ou sistema de combust\u00edvel.<\/p>\n<hr style=\"padding-left: 40px;\" data-start=\"2211\" data-end=\"2214\" \/>\n<h3 style=\"padding-left: 40px;\" data-section-id=\"1b56rz\" data-start=\"2216\" data-end=\"2257\">Structure Strong and Driving Comfort<\/h3>\n<p style=\"padding-left: 40px;\" data-start=\"2258\" data-end=\"2468\">O SP401 <strong>Ve\u00edculo de Utilidade Eletrica<\/strong> usa suspens\u00e3o longitudinal de primavera de folhas frontais e traseiras. Essa estrutura melhora a capacidade de carga e a estabilidade durante o transporte. \u00c9 adequado para carga ligeira, ferramentas, equipamento e movimento de pessoal.<\/p>\n<p style=\"padding-left: 40px;\" data-start=\"2470\" data-end=\"2623\">O sistema eletr\u00f4nico de dire\u00e7\u00e3o torna a condu\u00e7\u00e3o mais f\u00e1cil e reduz a fadiga do condutor. As rodas de a\u00e7o 165 70R13 proporcionam agarramento e durabilidade est\u00e1veis na estrada.<\/p>\n<hr style=\"padding-left: 40px;\" data-start=\"2625\" data-end=\"2628\" \/>\n<h3 style=\"padding-left: 40px;\" data-section-id=\"sf4por\" data-start=\"2630\" data-end=\"2654\">Sistema de travagem seguro<\/h3>\n<p style=\"padding-left: 40px;\" data-start=\"2655\" data-end=\"2835\">A seguran\u00e7a \u00e9 importante para a opera\u00e7\u00e3o di\u00e1ria. O ve\u00edculo usa freio hidr\u00e1ulico com o sistema de tambor de frente e de tr\u00e1s. Esse design assegura uma parada constante de desempenho a velocidades baixas e m\u00e9dias.<\/p>\n<hr style=\"padding-left: 40px;\" data-start=\"2965\" data-end=\"2968\" \/>\n<h2 style=\"padding-left: 40px;\" data-section-id=\"n05bjp\" data-start=\"2970\" data-end=\"2986\">Benef\u00edcios-chave<\/h2>\n<h3 style=\"padding-left: 40px;\" data-start=\"2988\" data-end=\"3202\">Caracter\u00edstica.<\/h3>\n<p style=\"padding-left: 40px;\" data-start=\"2988\" data-end=\"3202\">Motor AC com sistema de controle inteligente<\/p>\n<h3 style=\"padding-left: 40px;\" data-start=\"2988\" data-end=\"3202\">Avantagem.<\/h3>\n<p style=\"padding-left: 40px;\" data-start=\"2988\" data-end=\"3202\">Pot\u00eancia est\u00e1vel e manuten\u00e7\u00e3o simples<\/p>\n<h3 style=\"padding-left: 40px;\" data-start=\"2988\" data-end=\"3202\">Benef\u00edcio.<\/h3>\n<p style=\"padding-left: 40px;\" data-start=\"2988\" data-end=\"3202\">Baixo custo operacional e uso di\u00e1rio confi\u00e1vel<\/p>\n<h3 style=\"padding-left: 40px;\" data-start=\"2988\" data-end=\"3202\">Provas.<\/h3>\n<p style=\"padding-left: 40px;\" data-start=\"2988\" data-end=\"3202\">dist\u00e2ncia de 100 km com estrutura de suspens\u00e3o duradoura<\/p>\n<hr style=\"padding-left: 40px;\" data-start=\"3361\" data-end=\"3364\" \/>\n<h1 style=\"padding-left: 40px;\" data-section-id=\"j0uo\" data-start=\"3366\" data-end=\"3373\">FAQ<\/h1>\n<p style=\"padding-left: 40px;\" data-start=\"3375\" data-end=\"3459\"><strong>Q1. Qual \u00e9 o intervalo de condu\u00e7\u00e3o<\/strong><\/p>\n<p style=\"padding-left: 40px;\" data-start=\"3375\" data-end=\"3459\">A dist\u00e2ncia \u00e9 de 90 a 100 km em condi\u00e7\u00f5es normais.<\/p>\n<p style=\"padding-left: 40px;\" data-start=\"3461\" data-end=\"3536\"><strong>Q2. Quanto r\u00e1pido o ve\u00edculo pode conduzir<\/strong><\/p>\n<p style=\"padding-left: 40px;\" data-start=\"3461\" data-end=\"3536\">A velocidade m\u00e1xima \u00e9 de 40 km por hora.<\/p>\n<p style=\"padding-left: 40px;\" data-start=\"3538\" data-end=\"3621\"><strong>Q3. A bateria \u00e9 f\u00e1cil de manter<\/strong><\/p>\n<p style=\"padding-left: 40px;\" data-start=\"3538\" data-end=\"3621\">Sim. Usa bateria livre de manuten\u00e7\u00e3o.<\/p>\n<p style=\"padding-left: 40px;\" data-start=\"3623\" data-end=\"3724\" data-is-last-node=\"\" data-is-only-node=\"\"><strong>Q4. \u00c9 adequado para \u00e1reas industriais<\/strong><\/p>\n<p style=\"padding-left: 40px;\" data-start=\"3623\" data-end=\"3724\" data-is-last-node=\"\" data-is-only-node=\"\">Sim. \u00c9 projetado para transporte interno e uso de servi\u00e7os.<\/p>","protected":false},"excerpt":{"rendered":"<p data-start=\"180\" data-end=\"477\">Uma pr\u00e1tica <strong>ve\u00edculo de utilidade el\u00e9trica<\/strong> com dist\u00e2ncia de condu\u00e7\u00e3o de 100 km e motor AC de 7,5 kW. Designado para transporte de f\u00e1brica, servi\u00e7o de parques e log\u00edstica comunit\u00e1ria. Ela oferece desempenho est\u00e1vel, baixo custo energ\u00e9tico e manuten\u00e7\u00e3o simples para necessidades operacionais di\u00e1rias.<\/p>","protected":false},"featured_media":5567,"comment_status":"open","ping_status":"closed","template":"","meta":[],"product_brand":[],"product_cat":[77],"product_tag":[],"class_list":{"0":"post-5557","1":"product","2":"type-product","3":"status-publish","4":"has-post-thumbnail","6":"product_cat-electric-micro-vehicle","8":"first","9":"instock","10":"shipping-taxable","11":"product-type-simple"},"_links":{"self":[{"href":"https:\/\/www.tairuiauto.com\/pt\/wp-json\/wp\/v2\/product\/5557","targetHints":{"allow":["GET"]}}],"collection":[{"href":"https:\/\/www.tairuiauto.com\/pt\/wp-json\/wp\/v2\/product"}],"about":[{"href":"https:\/\/www.tairuiauto.com\/pt\/wp-json\/wp\/v2\/types\/product"}],"replies":[{"embeddable":true,"href":"https:\/\/www.tairuiauto.com\/pt\/wp-json\/wp\/v2\/comments?post=5557"}],"wp:featuredmedia":[{"embeddable":true,"href":"https:\/\/www.tairuiauto.com\/pt\/wp-json\/wp\/v2\/media\/5567"}],"wp:attachment":[{"href":"https:\/\/www.tairuiauto.com\/pt\/wp-json\/wp\/v2\/media?parent=5557"}],"wp:term":[{"taxonomy":"product_brand","embeddable":true,"href":"https:\/\/www.tairuiauto.com\/pt\/wp-json\/wp\/v2\/product_brand?post=5557"},{"taxonomy":"product_cat","embeddable":true,"href":"https:\/\/www.tairuiauto.com\/pt\/wp-json\/wp\/v2\/product_cat?post=5557"},{"taxonomy":"product_tag","embeddable":true,"href":"https:\/\/www.tairuiauto.com\/pt\/wp-json\/wp\/v2\/product_tag?post=5557"}],"curies":[{"name":"wp","href":"https:\/\/api.w.org\/{rel}","templated":true}]}}